
{"id":1936,"date":"2018-12-13T10:53:13","date_gmt":"2018-12-13T09:53:13","guid":{"rendered":"http:\/\/hlb-poland.global\/?page_id=1936"},"modified":"2024-03-27T12:35:02","modified_gmt":"2024-03-27T11:35:02","slug":"hlb","status":"publish","type":"page","link":"https:\/\/hlb-poland.global\/de\/hlb\/","title":{"rendered":"HLB Global &#8211; wer sind wir?"},"content":{"rendered":"<h3>Wie wir zusammenarbeiten<\/h3>\n<p>Unabh\u00e4ngig davon, in welchem Sektor Sie t\u00e4tig sind, geht es im Business um Menschen. Eine vertrauensvolle Beziehung zu Ihnen aufzubauen, gleich wo Sie Ihr Unternehmen f\u00fchren, ist uns sehr wichtig. Um unseren internationalen Kunden den besten Service bieten zu k\u00f6nnen, nehmen wir uns die Zeit, Sie kennenzulernen und Ihre spezifischen Bed\u00fcrfnisse zu verstehen.<\/p>\n<p>Sobald wir Ihre gesch\u00e4ftlichen Bed\u00fcrfnisse verstanden haben, stellt Ihnen unser vertrauensw\u00fcrdiger HLB-Berater vor Ort ein HLB-Kundenteam vor, welches eigens f\u00fcr Sie zusammengestellt wurde, um sich professionell um alle Belange Ihres Interesses zu k\u00fcmmern. Er wird Ihnen als lokaler Business-Guide helfen, sich in Ihrem neuen Gesch\u00e4ftsumfeld zu orientieren und \u00f6rtliche Vorschriften einzuhalten. Ihr HLB-Berater vor Ort wird als zus\u00e4tzliche Sicherheit \u00fcber Ihre ausl\u00e4ndischen Projekte auf dem Laufenden gehalten, um Missverst\u00e4ndnisse zu vermeiden und den Aufbau einer soliden Kundendienstbeziehung zu f\u00f6rdern.<\/p>\n<p>Bei HLB arbeiten wir eng mit unseren Mitarbeiten in den L\u00e4ndern zusammen, in die Sie expandieren, und garantieren ein reibungsloses HLB-Kundenerlebnis und eine sanfte Landung am neuen Standort.<\/p>\n<hr \/>\n<h3>H\u00f6ren Sie von HLB-Leuten auf der ganzen Welt<\/h3>\n<div class=\"hlb-video\"><iframe loading=\"lazy\" src=\"https:\/\/www.youtube.com\/embed\/Ag0_PlPijFE?si=Uw3dITryin1YGyKL;controls=0&amp;showinfo=0\" width=\"100%\" height=\"100%\" frameborder=\"0\" allowfullscreen=\"allowfullscreen\"><\/iframe><\/div>\n<hr \/>\n<h3>Kernkompetenzen der Mitgliedsfirmen<\/h3>\n<p>Als dynamisches Netzwerk unabh\u00e4ngiger fachkundiger Buchhaltungs- und Wirtschaftspr\u00fcfungsgesellschaften, gemeinsam mit Wirtschaftsberatern, geh\u00f6rt HLB zu den weltweit f\u00fchrenden Netzwerken, deren Mitgliedsfirmen auf lokaler Ebene bestens etabliert sind und jeweils zu den TOP 11 ihres Landes z\u00e4hlen.<\/p>\n<p>Die Mitgliedsfirmen von HLB unterhalten hervorragende Arbeitskontakte zu ihren Kollegen des internationalen Netzwerks und stellen dadurch innerhalb dieses Verbunds ein gutes Zusammenwirken sicher. Alle Mitglieder haben sich auf gemeinsame Werte verpflichtet, um dadurch zu gew\u00e4hrleisten, dass alle Mandanten von HLB den bestm\u00f6glichen Service erhalten:<\/p>\n<ul>\n<li>DAS QUALIT\u00c4TSNETZWERK;<\/li>\n<li>REGIONALE KENNTNIS VERBUNDEN MIT GLOBALEM WISSEN;<\/li>\n<li>DURCH PARTNER GEF\u00dcHRTE UND PERS\u00d6NLICHE DIENSTLEISTUNGEN;<\/li>\n<li>MANDANTENTREUE;<\/li>\n<li>BREITES SPEKTRUM VON MEHRWERTDIENSTEN.<\/li>\n<\/ul>\n","protected":false},"excerpt":{"rendered":"<p>Wie wir zusammenarbeiten Unabh\u00e4ngig davon, in welchem Sektor Sie t\u00e4tig sind, geht es im Business um Menschen. Eine vertrauensvolle Beziehung..<\/p>\n<div class=\"clear\"><\/div><a class=\"more-link\" href=\"https:\/\/hlb-poland.global\/de\/hlb\/\"> Mehr erfahren <\/a>","protected":false},"author":3,"featured_media":0,"parent":0,"menu_order":0,"comment_status":"closed","ping_status":"closed","template":"","meta":{"_acf_changed":false,"footnotes":""},"class_list":["post-1936","page","type-page","status-publish","hentry"],"acf":[],"yoast_head":"<!-- This site is optimized with the Yoast SEO plugin v27.2 - https:\/\/yoast.com\/product\/yoast-seo-wordpress\/ -->\n<title>HLB ist ein globales Netzwerk<\/title>\n<meta name=\"description\" content=\"HLB ist ein globales Netzwerk unabh\u00e4ngiger Beratungs- und Buchhaltungsunternehmen. Wir haben eine Geschichte der Investition und...\" \/>\n<meta name=\"robots\" content=\"index, follow, max-snippet:-1, max-image-preview:large, max-video-preview:-1\" \/>\n<link rel=\"canonical\" href=\"https:\/\/hlb-poland.global\/de\/hlb\/\" \/>\n<meta property=\"og:locale\" content=\"de_DE\" \/>\n<meta property=\"og:type\" content=\"article\" \/>\n<meta property=\"og:title\" content=\"HLB ist ein globales Netzwerk\" \/>\n<meta property=\"og:description\" content=\"HLB ist ein globales Netzwerk unabh\u00e4ngiger Beratungs- und Buchhaltungsunternehmen. Wir haben eine Geschichte der Investition und...\" \/>\n<meta property=\"og:url\" content=\"https:\/\/hlb-poland.global\/de\/hlb\/\" \/>\n<meta property=\"og:site_name\" content=\"HLB Poland\" \/>\n<meta property=\"article:publisher\" content=\"https:\/\/www.facebook.com\/HLBPoland\" \/>\n<meta property=\"article:modified_time\" content=\"2024-03-27T11:35:02+00:00\" \/>\n<meta name=\"twitter:card\" content=\"summary_large_image\" \/>\n<meta name=\"twitter:label1\" content=\"Gesch\u00e4tzte Lesezeit\" \/>\n\t<meta name=\"twitter:data1\" content=\"1\u00a0Minute\" \/>\n<script type=\"application\/ld+json\" class=\"yoast-schema-graph\">{\"@context\":\"https:\/\/schema.org\",\"@graph\":[{\"@type\":\"WebPage\",\"@id\":\"https:\/\/hlb-poland.global\/de\/hlb\/\",\"url\":\"https:\/\/hlb-poland.global\/de\/hlb\/\",\"name\":\"HLB ist ein globales Netzwerk\",\"isPartOf\":{\"@id\":\"https:\/\/hlb-poland.global\/#website\"},\"datePublished\":\"2018-12-13T09:53:13+00:00\",\"dateModified\":\"2024-03-27T11:35:02+00:00\",\"description\":\"HLB ist ein globales Netzwerk unabh\u00e4ngiger Beratungs- und Buchhaltungsunternehmen. Wir haben eine Geschichte der Investition und...\",\"breadcrumb\":{\"@id\":\"https:\/\/hlb-poland.global\/de\/hlb\/#breadcrumb\"},\"inLanguage\":\"de\",\"potentialAction\":[{\"@type\":\"ReadAction\",\"target\":[\"https:\/\/hlb-poland.global\/de\/hlb\/\"]}]},{\"@type\":\"BreadcrumbList\",\"@id\":\"https:\/\/hlb-poland.global\/de\/hlb\/#breadcrumb\",\"itemListElement\":[{\"@type\":\"ListItem\",\"position\":1,\"name\":\"Startseite\",\"item\":\"https:\/\/hlb-poland.global\/de\/\"},{\"@type\":\"ListItem\",\"position\":2,\"name\":\"HLB Global &#8211; wer sind wir?\"}]},{\"@type\":\"WebSite\",\"@id\":\"https:\/\/hlb-poland.global\/#website\",\"url\":\"https:\/\/hlb-poland.global\/\",\"name\":\"HLB Poland\",\"description\":\"Advisory and accounting\",\"publisher\":{\"@id\":\"https:\/\/hlb-poland.global\/#organization\"},\"potentialAction\":[{\"@type\":\"SearchAction\",\"target\":{\"@type\":\"EntryPoint\",\"urlTemplate\":\"https:\/\/hlb-poland.global\/?s={search_term_string}\"},\"query-input\":{\"@type\":\"PropertyValueSpecification\",\"valueRequired\":true,\"valueName\":\"search_term_string\"}}],\"inLanguage\":\"de\"},{\"@type\":\"Organization\",\"@id\":\"https:\/\/hlb-poland.global\/#organization\",\"name\":\"HLB Poland\",\"url\":\"https:\/\/hlb-poland.global\/\",\"logo\":{\"@type\":\"ImageObject\",\"inLanguage\":\"de\",\"@id\":\"https:\/\/hlb-poland.global\/#\/schema\/logo\/image\/\",\"url\":\"https:\/\/hlb-poland.global\/wp-content\/uploads\/2025\/12\/hlb-poland-og-image.png\",\"contentUrl\":\"https:\/\/hlb-poland.global\/wp-content\/uploads\/2025\/12\/hlb-poland-og-image.png\",\"width\":1200,\"height\":630,\"caption\":\"HLB Poland\"},\"image\":{\"@id\":\"https:\/\/hlb-poland.global\/#\/schema\/logo\/image\/\"},\"sameAs\":[\"https:\/\/www.facebook.com\/HLBPoland\",\"https:\/\/www.linkedin.com\/company\/hlb-poland\"]}]}<\/script>\n<!-- \/ Yoast SEO plugin. -->","yoast_head_json":{"title":"HLB ist ein globales Netzwerk","description":"HLB ist ein globales Netzwerk unabh\u00e4ngiger Beratungs- und Buchhaltungsunternehmen. Wir haben eine Geschichte der Investition und...","robots":{"index":"index","follow":"follow","max-snippet":"max-snippet:-1","max-image-preview":"max-image-preview:large","max-video-preview":"max-video-preview:-1"},"canonical":"https:\/\/hlb-poland.global\/de\/hlb\/","og_locale":"de_DE","og_type":"article","og_title":"HLB ist ein globales Netzwerk","og_description":"HLB ist ein globales Netzwerk unabh\u00e4ngiger Beratungs- und Buchhaltungsunternehmen. Wir haben eine Geschichte der Investition und...","og_url":"https:\/\/hlb-poland.global\/de\/hlb\/","og_site_name":"HLB Poland","article_publisher":"https:\/\/www.facebook.com\/HLBPoland","article_modified_time":"2024-03-27T11:35:02+00:00","twitter_card":"summary_large_image","twitter_misc":{"Gesch\u00e4tzte Lesezeit":"1\u00a0Minute"},"schema":{"@context":"https:\/\/schema.org","@graph":[{"@type":"WebPage","@id":"https:\/\/hlb-poland.global\/de\/hlb\/","url":"https:\/\/hlb-poland.global\/de\/hlb\/","name":"HLB ist ein globales Netzwerk","isPartOf":{"@id":"https:\/\/hlb-poland.global\/#website"},"datePublished":"2018-12-13T09:53:13+00:00","dateModified":"2024-03-27T11:35:02+00:00","description":"HLB ist ein globales Netzwerk unabh\u00e4ngiger Beratungs- und Buchhaltungsunternehmen. Wir haben eine Geschichte der Investition und...","breadcrumb":{"@id":"https:\/\/hlb-poland.global\/de\/hlb\/#breadcrumb"},"inLanguage":"de","potentialAction":[{"@type":"ReadAction","target":["https:\/\/hlb-poland.global\/de\/hlb\/"]}]},{"@type":"BreadcrumbList","@id":"https:\/\/hlb-poland.global\/de\/hlb\/#breadcrumb","itemListElement":[{"@type":"ListItem","position":1,"name":"Startseite","item":"https:\/\/hlb-poland.global\/de\/"},{"@type":"ListItem","position":2,"name":"HLB Global &#8211; wer sind wir?"}]},{"@type":"WebSite","@id":"https:\/\/hlb-poland.global\/#website","url":"https:\/\/hlb-poland.global\/","name":"HLB Poland","description":"Advisory and accounting","publisher":{"@id":"https:\/\/hlb-poland.global\/#organization"},"potentialAction":[{"@type":"SearchAction","target":{"@type":"EntryPoint","urlTemplate":"https:\/\/hlb-poland.global\/?s={search_term_string}"},"query-input":{"@type":"PropertyValueSpecification","valueRequired":true,"valueName":"search_term_string"}}],"inLanguage":"de"},{"@type":"Organization","@id":"https:\/\/hlb-poland.global\/#organization","name":"HLB Poland","url":"https:\/\/hlb-poland.global\/","logo":{"@type":"ImageObject","inLanguage":"de","@id":"https:\/\/hlb-poland.global\/#\/schema\/logo\/image\/","url":"https:\/\/hlb-poland.global\/wp-content\/uploads\/2025\/12\/hlb-poland-og-image.png","contentUrl":"https:\/\/hlb-poland.global\/wp-content\/uploads\/2025\/12\/hlb-poland-og-image.png","width":1200,"height":630,"caption":"HLB Poland"},"image":{"@id":"https:\/\/hlb-poland.global\/#\/schema\/logo\/image\/"},"sameAs":["https:\/\/www.facebook.com\/HLBPoland","https:\/\/www.linkedin.com\/company\/hlb-poland"]}]}},"_links":{"self":[{"href":"https:\/\/hlb-poland.global\/de\/wp-json\/wp\/v2\/pages\/1936","targetHints":{"allow":["GET"]}}],"collection":[{"href":"https:\/\/hlb-poland.global\/de\/wp-json\/wp\/v2\/pages"}],"about":[{"href":"https:\/\/hlb-poland.global\/de\/wp-json\/wp\/v2\/types\/page"}],"author":[{"embeddable":true,"href":"https:\/\/hlb-poland.global\/de\/wp-json\/wp\/v2\/users\/3"}],"replies":[{"embeddable":true,"href":"https:\/\/hlb-poland.global\/de\/wp-json\/wp\/v2\/comments?post=1936"}],"version-history":[{"count":14,"href":"https:\/\/hlb-poland.global\/de\/wp-json\/wp\/v2\/pages\/1936\/revisions"}],"predecessor-version":[{"id":14437,"href":"https:\/\/hlb-poland.global\/de\/wp-json\/wp\/v2\/pages\/1936\/revisions\/14437"}],"wp:attachment":[{"href":"https:\/\/hlb-poland.global\/de\/wp-json\/wp\/v2\/media?parent=1936"}],"curies":[{"name":"wp","href":"https:\/\/api.w.org\/{rel}","templated":true}]}}