
{"id":1940,"date":"2018-12-13T11:42:19","date_gmt":"2018-12-13T10:42:19","guid":{"rendered":"http:\/\/hlb-poland.global\/?page_id=1940"},"modified":"2024-11-22T13:02:56","modified_gmt":"2024-11-22T12:02:56","slug":"ueber-uns","status":"publish","type":"page","link":"https:\/\/hlb-poland.global\/de\/ueber-uns\/","title":{"rendered":"\u00dcber uns"},"content":{"rendered":"<p>Die weltweiten Mitgliedsunternehmen von HLB sind anerkannt f\u00fcr ihre zuvorkommenden, p\u00fcnktlichen und qualitativ hochwertigen Dienstleistungen. Gegenw\u00e4rtig hat <span style=\"font-weight: bold;\">HLB Poland<\/span> drei spezialisierte Mitgliedsunternehmen (per Juni 2015). Jedes von ihnen widmet sich einer hervorragenden Beratung seiner Mandanten, die in Polen oder im Ausland unternehmerisch t\u00e4tig werden wollen. Diese Mitgliedsunternehmen sitzen in Warschau, Wroc\u0142aw, Pozna\u0144, Krak\u00f3w, Katowice, Leszno und Czersk, um nur einige Standorte zu nennen, die ganz Polen abdecken.<\/p>\n<p><span style=\"font-weight: bold;\">HLB Poland<\/span> hat gegenw\u00e4rtig mehr als 200 Mitarbeiter, die alle Fachgebiete der Buchhaltung, Wirtschaftspr\u00fcfung, Lohn- und Gehaltsabrechnung, des Personalwesens, sowie der Beratung, Steuern und Finanzen abdecken. Diese Leistungen werden durch die ganze Bandbreite technisch hochentwickelter und anspruchsvoller IT-L\u00f6sungen erg\u00e4nzt.<\/p>\n<p>Wenn Sie sich in Polen niederlassen wollen, kann HLB Poland Sie durch folgende Dienstleistungen unterst\u00fctzen: ob Sie in Polen einen Zweigbetrieb oder eine Tochtergesellschaft errichten solltenl; arbeitnehmerthemen: Personalwesen, Gehaltsabrechnung und Einhaltung der Arbeitsgesetzgebung; auslagerung der Verwaltungskonten und der entsprechenden Buchf\u00fchrung; USt.-Registrierung und Beratung; einhaltung polnischer Steuervorschriften und Beratung zu grenz\u00fcberschreitenden Steuerthemen.<\/p>\n<h3><i>Together we make it happen<\/i><\/h3>\n<hr \/>\n<h3>Was hat HLB Poland zu bieten?<\/h3>\n<div class=\"row\">\n<div class=\"col-12 col-md-12 col-lg-4 col-xl-4 block-last\">\n<div class=\"image\"><img decoding=\"async\" class=\"img-fluid\" src=\"https:\/\/hlb-poland.global\/wp-content\/themes\/hlb-poland\/images\/clear-confident-communications-through-our-bilingual-advisers.jpg\" alt=\"Klare, sichere Kommunikation durch unsere zweisprachigen Berater\" \/><\/div>\n<h4>Klare, sichere Kommunikation durch unsere zweisprachigen Berater<\/h4>\n<p>Die f\u00fcr <span style=\"font-weight: bold;\">HLB Poland<\/span> t\u00e4tigen zweisprachigen Buchhalter werden mit Ihnen von Anfang an in der von Ihnen bevorzugten Sprache kommunizieren. Beratungsgespr\u00e4che und Konferenzschaltungen laufen schneller und leichter ab und jeder in Ihrem Team wird uneingeschr\u00e4nkt verstehen, worum es in den Gespr\u00e4chen geht und welche Auswirkungen diskutiert werden.<\/p>\n<\/div>\n<div class=\"col-12 col-md-12 col-lg-4 col-xl-4 block-last\">\n<div class=\"image\"><img decoding=\"async\" class=\"img-fluid\" src=\"https:\/\/hlb-poland.global\/wp-content\/themes\/hlb-poland\/images\/understanding-and-sensitivity-to-cultural-differences.jpg\" alt=\"Verst\u00e4ndnis und Sensibilit\u00e4t bez\u00fcglich kultureller Unterschiede\" \/><\/div>\n<h4>Verst\u00e4ndnis und Sensibilit\u00e4t bez\u00fcglich kultureller Unterschiede<\/h4>\n<p>Die Berater von <span style=\"font-weight: bold;\">HLB Poland<\/span> haben viele Jahre Erfahrung und sind sich sowohl der kulturellen als auch der wirtschaftlichen Unterschiede bewusst, die den Handel zwischen Ihrem Land und Polen beeinflussen k\u00f6nnen. Diese Berater werden Sie \u00fcber Themen informieren, wie Steuerplanung und \u00fcber die Auswirkungen bei der Wahl unterschiedlicher Gesch\u00e4ftsmodelle.<\/p>\n<\/div>\n<div class=\"col-12 col-md-12 col-lg-4 col-xl-4 block-last\">\n<div class=\"image\"><img decoding=\"async\" class=\"img-fluid\" src=\"https:\/\/hlb-poland.global\/wp-content\/themes\/hlb-poland\/images\/instant-access-to-a-network-of-reliable-business-contacts.jpg\" alt=\"Sofortiger Zugang zu einem Netwerk zuverl\u00e4ssiger Gesch\u00e4ftskontakte\" \/><\/div>\n<h4>Sofortiger Zugang zu einem Netwerk zuverl\u00e4ssiger Gesch\u00e4ftskontakte<\/h4>\n<p>Mithilfe unserer L\u00e4nderbereiche haben Sie sofort Zugang zu unserem Netzwerk von in Polen ans\u00e4ssigen Gesch\u00e4ftskontakten, die regelm\u00e4\u00dfig mit Investoren Ihres Landes zu tun haben. Unsere Partner und unsere Manager k\u00f6nnen Sie bei Bankern, Rechtsanw\u00e4lten, Standort-Beratern, H\u00e4ndlern und bei Mitgliedern der Handelskammer vorstellen beziehungsweise Kontakte vermitteln.<\/p>\n<\/div>\n<\/div>\n","protected":false},"excerpt":{"rendered":"<p>Die weltweiten Mitgliedsunternehmen von HLB sind anerkannt f\u00fcr ihre zuvorkommenden, p\u00fcnktlichen und qualitativ hochwertigen Dienstleistungen. Gegenw\u00e4rtig hat HLB Poland drei..<\/p>\n<div class=\"clear\"><\/div><a class=\"more-link\" href=\"https:\/\/hlb-poland.global\/de\/ueber-uns\/\"> Mehr erfahren <\/a>","protected":false},"author":3,"featured_media":0,"parent":0,"menu_order":0,"comment_status":"closed","ping_status":"closed","template":"","meta":{"_acf_changed":false,"footnotes":""},"class_list":["post-1940","page","type-page","status-publish","hentry"],"acf":[],"yoast_head":"<!-- This site is optimized with the Yoast SEO plugin v27.2 - https:\/\/yoast.com\/product\/yoast-seo-wordpress\/ -->\n<title>\u00dcber uns | HLB Poland<\/title>\n<meta name=\"description\" content=\"\u00dcber seine Mitgliedsfirmen bietet HLB Poland Wirtschaftspr\u00fcfungs-, Beratungs- und Steuerdienstleistungen in ganz Polen an. Jedes...\" \/>\n<meta name=\"robots\" content=\"index, follow, max-snippet:-1, max-image-preview:large, max-video-preview:-1\" \/>\n<link rel=\"canonical\" href=\"https:\/\/hlb-poland.global\/de\/ueber-uns\/\" \/>\n<meta property=\"og:locale\" content=\"de_DE\" \/>\n<meta property=\"og:type\" content=\"article\" \/>\n<meta property=\"og:title\" content=\"\u00dcber uns | HLB Poland\" \/>\n<meta property=\"og:description\" content=\"\u00dcber seine Mitgliedsfirmen bietet HLB Poland Wirtschaftspr\u00fcfungs-, Beratungs- und Steuerdienstleistungen in ganz Polen an. Jedes...\" \/>\n<meta property=\"og:url\" content=\"https:\/\/hlb-poland.global\/de\/ueber-uns\/\" \/>\n<meta property=\"og:site_name\" content=\"HLB Poland\" \/>\n<meta property=\"article:publisher\" content=\"https:\/\/www.facebook.com\/HLBPoland\" \/>\n<meta property=\"article:modified_time\" content=\"2024-11-22T12:02:56+00:00\" \/>\n<meta property=\"og:image\" content=\"https:\/\/hlb-poland.global\/wp-content\/themes\/hlb-poland\/images\/clear-confident-communications-through-our-bilingual-advisers.jpg\" \/>\n<meta name=\"twitter:card\" content=\"summary_large_image\" \/>\n<meta name=\"twitter:label1\" content=\"Gesch\u00e4tzte Lesezeit\" \/>\n\t<meta name=\"twitter:data1\" content=\"3\u00a0Minuten\" \/>\n<script type=\"application\/ld+json\" class=\"yoast-schema-graph\">{\"@context\":\"https:\/\/schema.org\",\"@graph\":[{\"@type\":\"WebPage\",\"@id\":\"https:\/\/hlb-poland.global\/de\/ueber-uns\/\",\"url\":\"https:\/\/hlb-poland.global\/de\/ueber-uns\/\",\"name\":\"\u00dcber uns | HLB Poland\",\"isPartOf\":{\"@id\":\"https:\/\/hlb-poland.global\/#website\"},\"primaryImageOfPage\":{\"@id\":\"https:\/\/hlb-poland.global\/de\/ueber-uns\/#primaryimage\"},\"image\":{\"@id\":\"https:\/\/hlb-poland.global\/de\/ueber-uns\/#primaryimage\"},\"thumbnailUrl\":\"https:\/\/hlb-poland.global\/wp-content\/themes\/hlb-poland\/images\/clear-confident-communications-through-our-bilingual-advisers.jpg\",\"datePublished\":\"2018-12-13T10:42:19+00:00\",\"dateModified\":\"2024-11-22T12:02:56+00:00\",\"description\":\"\u00dcber seine Mitgliedsfirmen bietet HLB Poland Wirtschaftspr\u00fcfungs-, Beratungs- und Steuerdienstleistungen in ganz Polen an. Jedes...\",\"breadcrumb\":{\"@id\":\"https:\/\/hlb-poland.global\/de\/ueber-uns\/#breadcrumb\"},\"inLanguage\":\"de\",\"potentialAction\":[{\"@type\":\"ReadAction\",\"target\":[\"https:\/\/hlb-poland.global\/de\/ueber-uns\/\"]}]},{\"@type\":\"ImageObject\",\"inLanguage\":\"de\",\"@id\":\"https:\/\/hlb-poland.global\/de\/ueber-uns\/#primaryimage\",\"url\":\"https:\/\/hlb-poland.global\/wp-content\/themes\/hlb-poland\/images\/clear-confident-communications-through-our-bilingual-advisers.jpg\",\"contentUrl\":\"https:\/\/hlb-poland.global\/wp-content\/themes\/hlb-poland\/images\/clear-confident-communications-through-our-bilingual-advisers.jpg\"},{\"@type\":\"BreadcrumbList\",\"@id\":\"https:\/\/hlb-poland.global\/de\/ueber-uns\/#breadcrumb\",\"itemListElement\":[{\"@type\":\"ListItem\",\"position\":1,\"name\":\"Startseite\",\"item\":\"https:\/\/hlb-poland.global\/de\/\"},{\"@type\":\"ListItem\",\"position\":2,\"name\":\"\u00dcber uns\"}]},{\"@type\":\"WebSite\",\"@id\":\"https:\/\/hlb-poland.global\/#website\",\"url\":\"https:\/\/hlb-poland.global\/\",\"name\":\"HLB Poland\",\"description\":\"Advisory and accounting\",\"publisher\":{\"@id\":\"https:\/\/hlb-poland.global\/#organization\"},\"potentialAction\":[{\"@type\":\"SearchAction\",\"target\":{\"@type\":\"EntryPoint\",\"urlTemplate\":\"https:\/\/hlb-poland.global\/?s={search_term_string}\"},\"query-input\":{\"@type\":\"PropertyValueSpecification\",\"valueRequired\":true,\"valueName\":\"search_term_string\"}}],\"inLanguage\":\"de\"},{\"@type\":\"Organization\",\"@id\":\"https:\/\/hlb-poland.global\/#organization\",\"name\":\"HLB Poland\",\"url\":\"https:\/\/hlb-poland.global\/\",\"logo\":{\"@type\":\"ImageObject\",\"inLanguage\":\"de\",\"@id\":\"https:\/\/hlb-poland.global\/#\/schema\/logo\/image\/\",\"url\":\"https:\/\/hlb-poland.global\/wp-content\/uploads\/2025\/12\/hlb-poland-og-image.png\",\"contentUrl\":\"https:\/\/hlb-poland.global\/wp-content\/uploads\/2025\/12\/hlb-poland-og-image.png\",\"width\":1200,\"height\":630,\"caption\":\"HLB Poland\"},\"image\":{\"@id\":\"https:\/\/hlb-poland.global\/#\/schema\/logo\/image\/\"},\"sameAs\":[\"https:\/\/www.facebook.com\/HLBPoland\",\"https:\/\/www.linkedin.com\/company\/hlb-poland\"]}]}<\/script>\n<!-- \/ Yoast SEO plugin. -->","yoast_head_json":{"title":"\u00dcber uns | HLB Poland","description":"\u00dcber seine Mitgliedsfirmen bietet HLB Poland Wirtschaftspr\u00fcfungs-, Beratungs- und Steuerdienstleistungen in ganz Polen an. Jedes...","robots":{"index":"index","follow":"follow","max-snippet":"max-snippet:-1","max-image-preview":"max-image-preview:large","max-video-preview":"max-video-preview:-1"},"canonical":"https:\/\/hlb-poland.global\/de\/ueber-uns\/","og_locale":"de_DE","og_type":"article","og_title":"\u00dcber uns | HLB Poland","og_description":"\u00dcber seine Mitgliedsfirmen bietet HLB Poland Wirtschaftspr\u00fcfungs-, Beratungs- und Steuerdienstleistungen in ganz Polen an. Jedes...","og_url":"https:\/\/hlb-poland.global\/de\/ueber-uns\/","og_site_name":"HLB Poland","article_publisher":"https:\/\/www.facebook.com\/HLBPoland","article_modified_time":"2024-11-22T12:02:56+00:00","og_image":[{"url":"https:\/\/hlb-poland.global\/wp-content\/themes\/hlb-poland\/images\/clear-confident-communications-through-our-bilingual-advisers.jpg","type":"","width":"","height":""}],"twitter_card":"summary_large_image","twitter_misc":{"Gesch\u00e4tzte Lesezeit":"3\u00a0Minuten"},"schema":{"@context":"https:\/\/schema.org","@graph":[{"@type":"WebPage","@id":"https:\/\/hlb-poland.global\/de\/ueber-uns\/","url":"https:\/\/hlb-poland.global\/de\/ueber-uns\/","name":"\u00dcber uns | HLB Poland","isPartOf":{"@id":"https:\/\/hlb-poland.global\/#website"},"primaryImageOfPage":{"@id":"https:\/\/hlb-poland.global\/de\/ueber-uns\/#primaryimage"},"image":{"@id":"https:\/\/hlb-poland.global\/de\/ueber-uns\/#primaryimage"},"thumbnailUrl":"https:\/\/hlb-poland.global\/wp-content\/themes\/hlb-poland\/images\/clear-confident-communications-through-our-bilingual-advisers.jpg","datePublished":"2018-12-13T10:42:19+00:00","dateModified":"2024-11-22T12:02:56+00:00","description":"\u00dcber seine Mitgliedsfirmen bietet HLB Poland Wirtschaftspr\u00fcfungs-, Beratungs- und Steuerdienstleistungen in ganz Polen an. Jedes...","breadcrumb":{"@id":"https:\/\/hlb-poland.global\/de\/ueber-uns\/#breadcrumb"},"inLanguage":"de","potentialAction":[{"@type":"ReadAction","target":["https:\/\/hlb-poland.global\/de\/ueber-uns\/"]}]},{"@type":"ImageObject","inLanguage":"de","@id":"https:\/\/hlb-poland.global\/de\/ueber-uns\/#primaryimage","url":"https:\/\/hlb-poland.global\/wp-content\/themes\/hlb-poland\/images\/clear-confident-communications-through-our-bilingual-advisers.jpg","contentUrl":"https:\/\/hlb-poland.global\/wp-content\/themes\/hlb-poland\/images\/clear-confident-communications-through-our-bilingual-advisers.jpg"},{"@type":"BreadcrumbList","@id":"https:\/\/hlb-poland.global\/de\/ueber-uns\/#breadcrumb","itemListElement":[{"@type":"ListItem","position":1,"name":"Startseite","item":"https:\/\/hlb-poland.global\/de\/"},{"@type":"ListItem","position":2,"name":"\u00dcber uns"}]},{"@type":"WebSite","@id":"https:\/\/hlb-poland.global\/#website","url":"https:\/\/hlb-poland.global\/","name":"HLB Poland","description":"Advisory and accounting","publisher":{"@id":"https:\/\/hlb-poland.global\/#organization"},"potentialAction":[{"@type":"SearchAction","target":{"@type":"EntryPoint","urlTemplate":"https:\/\/hlb-poland.global\/?s={search_term_string}"},"query-input":{"@type":"PropertyValueSpecification","valueRequired":true,"valueName":"search_term_string"}}],"inLanguage":"de"},{"@type":"Organization","@id":"https:\/\/hlb-poland.global\/#organization","name":"HLB Poland","url":"https:\/\/hlb-poland.global\/","logo":{"@type":"ImageObject","inLanguage":"de","@id":"https:\/\/hlb-poland.global\/#\/schema\/logo\/image\/","url":"https:\/\/hlb-poland.global\/wp-content\/uploads\/2025\/12\/hlb-poland-og-image.png","contentUrl":"https:\/\/hlb-poland.global\/wp-content\/uploads\/2025\/12\/hlb-poland-og-image.png","width":1200,"height":630,"caption":"HLB Poland"},"image":{"@id":"https:\/\/hlb-poland.global\/#\/schema\/logo\/image\/"},"sameAs":["https:\/\/www.facebook.com\/HLBPoland","https:\/\/www.linkedin.com\/company\/hlb-poland"]}]}},"_links":{"self":[{"href":"https:\/\/hlb-poland.global\/de\/wp-json\/wp\/v2\/pages\/1940","targetHints":{"allow":["GET"]}}],"collection":[{"href":"https:\/\/hlb-poland.global\/de\/wp-json\/wp\/v2\/pages"}],"about":[{"href":"https:\/\/hlb-poland.global\/de\/wp-json\/wp\/v2\/types\/page"}],"author":[{"embeddable":true,"href":"https:\/\/hlb-poland.global\/de\/wp-json\/wp\/v2\/users\/3"}],"replies":[{"embeddable":true,"href":"https:\/\/hlb-poland.global\/de\/wp-json\/wp\/v2\/comments?post=1940"}],"version-history":[{"count":8,"href":"https:\/\/hlb-poland.global\/de\/wp-json\/wp\/v2\/pages\/1940\/revisions"}],"predecessor-version":[{"id":15830,"href":"https:\/\/hlb-poland.global\/de\/wp-json\/wp\/v2\/pages\/1940\/revisions\/15830"}],"wp:attachment":[{"href":"https:\/\/hlb-poland.global\/de\/wp-json\/wp\/v2\/media?parent=1940"}],"curies":[{"name":"wp","href":"https:\/\/api.w.org\/{rel}","templated":true}]}}