
{"id":1942,"date":"2018-12-13T11:43:44","date_gmt":"2018-12-13T10:43:44","guid":{"rendered":"http:\/\/hlb-poland.global\/?page_id=1942"},"modified":"2022-06-23T12:25:33","modified_gmt":"2022-06-23T11:25:33","slug":"mitglied-werden","status":"publish","type":"page","link":"https:\/\/hlb-poland.global\/de\/ueber-uns\/mitglied-werden\/","title":{"rendered":"Mitglied werden"},"content":{"rendered":"<h3>Gemeinsam machen wir es m\u00f6glich<\/h3>\n<p>HLB ist ein personalisiertes, globales Netzwerk von Wirtschaftspr\u00fcfern f\u00fcr Buchhaltung, Steuern und Beratung. Pers\u00f6nliche Beziehungen sind f\u00fcr uns immens wichtig und viele von uns kennen sich dank der zahlreichen M\u00f6glichkeiten, miteinander zu arbeiten und sich zu vernetzen, seit Jahren. Dies macht den Unterschied, wenn es darum geht, Ihre Kunden ins Ausland zu begleiten, da Sie sie an Kollegen weiterleiten, f\u00fcr deren Qualit\u00e4t Sie sich pers\u00f6nlich einstehen k\u00f6nnen.<\/p>\n<div class=\"hlb-video\"><iframe loading=\"lazy\" src=\"https:\/\/www.youtube.com\/embed\/Xuo7vHbJvAg?controls=0\" width=\"100%\" height=\"100%\" frameborder=\"0\" allowfullscreen=\"allowfullscreen\"><\/iframe><\/div>\n<div class=\"banner-get-in-touch\">\n<p class=\"banner-get-in-touch-message\">Kontaktieren Sie uns,<br \/>\num ein Angebot anzufordern<\/p>\n<p><a class=\"button button-default\" title=\"Starten Sie das Gespr\u00e4ch\" href=\"https:\/\/hlb-poland.global\/de\/kontakt\/\">Starten Sie das Gespr\u00e4ch<\/a><\/p>\n<\/div>\n","protected":false},"excerpt":{"rendered":"<p>Gemeinsam machen wir es m\u00f6glich HLB ist ein personalisiertes, globales Netzwerk von Wirtschaftspr\u00fcfern f\u00fcr Buchhaltung, Steuern und Beratung. Pers\u00f6nliche Beziehungen..<\/p>\n<div class=\"clear\"><\/div><a class=\"more-link\" href=\"https:\/\/hlb-poland.global\/de\/ueber-uns\/mitglied-werden\/\"> Mehr erfahren <\/a>","protected":false},"author":3,"featured_media":0,"parent":1940,"menu_order":0,"comment_status":"closed","ping_status":"closed","template":"","meta":{"_acf_changed":false,"footnotes":""},"class_list":["post-1942","page","type-page","status-publish","hentry"],"acf":[],"yoast_head":"<!-- This site is optimized with the Yoast SEO plugin v27.2 - https:\/\/yoast.com\/product\/yoast-seo-wordpress\/ -->\n<title>Mitglied werden | HLB Poland<\/title>\n<meta name=\"description\" content=\"Der Beitritt zum globalen HLB-Netzwerk ist einfach. Das HLB Global Network arbeitet zusammen, um unsere gemeinsamen Werte zu verwirklichen...\" \/>\n<meta name=\"robots\" content=\"index, follow, max-snippet:-1, max-image-preview:large, max-video-preview:-1\" \/>\n<link rel=\"canonical\" href=\"https:\/\/hlb-poland.global\/de\/ueber-uns\/mitglied-werden\/\" \/>\n<meta property=\"og:locale\" content=\"de_DE\" \/>\n<meta property=\"og:type\" content=\"article\" \/>\n<meta property=\"og:title\" content=\"Mitglied werden | HLB Poland\" \/>\n<meta property=\"og:description\" content=\"Der Beitritt zum globalen HLB-Netzwerk ist einfach. Das HLB Global Network arbeitet zusammen, um unsere gemeinsamen Werte zu verwirklichen...\" \/>\n<meta property=\"og:url\" content=\"https:\/\/hlb-poland.global\/de\/ueber-uns\/mitglied-werden\/\" \/>\n<meta property=\"og:site_name\" content=\"HLB Poland\" \/>\n<meta property=\"article:publisher\" content=\"https:\/\/www.facebook.com\/HLBPoland\" \/>\n<meta property=\"article:modified_time\" content=\"2022-06-23T11:25:33+00:00\" \/>\n<meta name=\"twitter:card\" content=\"summary_large_image\" \/>\n<script type=\"application\/ld+json\" class=\"yoast-schema-graph\">{\"@context\":\"https:\/\/schema.org\",\"@graph\":[{\"@type\":\"WebPage\",\"@id\":\"https:\/\/hlb-poland.global\/de\/ueber-uns\/mitglied-werden\/\",\"url\":\"https:\/\/hlb-poland.global\/de\/ueber-uns\/mitglied-werden\/\",\"name\":\"Mitglied werden | HLB Poland\",\"isPartOf\":{\"@id\":\"https:\/\/hlb-poland.global\/#website\"},\"datePublished\":\"2018-12-13T10:43:44+00:00\",\"dateModified\":\"2022-06-23T11:25:33+00:00\",\"description\":\"Der Beitritt zum globalen HLB-Netzwerk ist einfach. Das HLB Global Network arbeitet zusammen, um unsere gemeinsamen Werte zu verwirklichen...\",\"breadcrumb\":{\"@id\":\"https:\/\/hlb-poland.global\/de\/ueber-uns\/mitglied-werden\/#breadcrumb\"},\"inLanguage\":\"de\",\"potentialAction\":[{\"@type\":\"ReadAction\",\"target\":[\"https:\/\/hlb-poland.global\/de\/ueber-uns\/mitglied-werden\/\"]}]},{\"@type\":\"BreadcrumbList\",\"@id\":\"https:\/\/hlb-poland.global\/de\/ueber-uns\/mitglied-werden\/#breadcrumb\",\"itemListElement\":[{\"@type\":\"ListItem\",\"position\":1,\"name\":\"Startseite\",\"item\":\"https:\/\/hlb-poland.global\/de\/\"},{\"@type\":\"ListItem\",\"position\":2,\"name\":\"\u00dcber uns\",\"item\":\"https:\/\/hlb-poland.global\/de\/ueber-uns\/\"},{\"@type\":\"ListItem\",\"position\":3,\"name\":\"Mitglied werden\"}]},{\"@type\":\"WebSite\",\"@id\":\"https:\/\/hlb-poland.global\/#website\",\"url\":\"https:\/\/hlb-poland.global\/\",\"name\":\"HLB Poland\",\"description\":\"Advisory and accounting\",\"publisher\":{\"@id\":\"https:\/\/hlb-poland.global\/#organization\"},\"potentialAction\":[{\"@type\":\"SearchAction\",\"target\":{\"@type\":\"EntryPoint\",\"urlTemplate\":\"https:\/\/hlb-poland.global\/?s={search_term_string}\"},\"query-input\":{\"@type\":\"PropertyValueSpecification\",\"valueRequired\":true,\"valueName\":\"search_term_string\"}}],\"inLanguage\":\"de\"},{\"@type\":\"Organization\",\"@id\":\"https:\/\/hlb-poland.global\/#organization\",\"name\":\"HLB Poland\",\"url\":\"https:\/\/hlb-poland.global\/\",\"logo\":{\"@type\":\"ImageObject\",\"inLanguage\":\"de\",\"@id\":\"https:\/\/hlb-poland.global\/#\/schema\/logo\/image\/\",\"url\":\"https:\/\/hlb-poland.global\/wp-content\/uploads\/2025\/12\/hlb-poland-og-image.png\",\"contentUrl\":\"https:\/\/hlb-poland.global\/wp-content\/uploads\/2025\/12\/hlb-poland-og-image.png\",\"width\":1200,\"height\":630,\"caption\":\"HLB Poland\"},\"image\":{\"@id\":\"https:\/\/hlb-poland.global\/#\/schema\/logo\/image\/\"},\"sameAs\":[\"https:\/\/www.facebook.com\/HLBPoland\",\"https:\/\/www.linkedin.com\/company\/hlb-poland\"]}]}<\/script>\n<!-- \/ Yoast SEO plugin. -->","yoast_head_json":{"title":"Mitglied werden | HLB Poland","description":"Der Beitritt zum globalen HLB-Netzwerk ist einfach. Das HLB Global Network arbeitet zusammen, um unsere gemeinsamen Werte zu verwirklichen...","robots":{"index":"index","follow":"follow","max-snippet":"max-snippet:-1","max-image-preview":"max-image-preview:large","max-video-preview":"max-video-preview:-1"},"canonical":"https:\/\/hlb-poland.global\/de\/ueber-uns\/mitglied-werden\/","og_locale":"de_DE","og_type":"article","og_title":"Mitglied werden | HLB Poland","og_description":"Der Beitritt zum globalen HLB-Netzwerk ist einfach. Das HLB Global Network arbeitet zusammen, um unsere gemeinsamen Werte zu verwirklichen...","og_url":"https:\/\/hlb-poland.global\/de\/ueber-uns\/mitglied-werden\/","og_site_name":"HLB Poland","article_publisher":"https:\/\/www.facebook.com\/HLBPoland","article_modified_time":"2022-06-23T11:25:33+00:00","twitter_card":"summary_large_image","schema":{"@context":"https:\/\/schema.org","@graph":[{"@type":"WebPage","@id":"https:\/\/hlb-poland.global\/de\/ueber-uns\/mitglied-werden\/","url":"https:\/\/hlb-poland.global\/de\/ueber-uns\/mitglied-werden\/","name":"Mitglied werden | HLB Poland","isPartOf":{"@id":"https:\/\/hlb-poland.global\/#website"},"datePublished":"2018-12-13T10:43:44+00:00","dateModified":"2022-06-23T11:25:33+00:00","description":"Der Beitritt zum globalen HLB-Netzwerk ist einfach. Das HLB Global Network arbeitet zusammen, um unsere gemeinsamen Werte zu verwirklichen...","breadcrumb":{"@id":"https:\/\/hlb-poland.global\/de\/ueber-uns\/mitglied-werden\/#breadcrumb"},"inLanguage":"de","potentialAction":[{"@type":"ReadAction","target":["https:\/\/hlb-poland.global\/de\/ueber-uns\/mitglied-werden\/"]}]},{"@type":"BreadcrumbList","@id":"https:\/\/hlb-poland.global\/de\/ueber-uns\/mitglied-werden\/#breadcrumb","itemListElement":[{"@type":"ListItem","position":1,"name":"Startseite","item":"https:\/\/hlb-poland.global\/de\/"},{"@type":"ListItem","position":2,"name":"\u00dcber uns","item":"https:\/\/hlb-poland.global\/de\/ueber-uns\/"},{"@type":"ListItem","position":3,"name":"Mitglied werden"}]},{"@type":"WebSite","@id":"https:\/\/hlb-poland.global\/#website","url":"https:\/\/hlb-poland.global\/","name":"HLB Poland","description":"Advisory and accounting","publisher":{"@id":"https:\/\/hlb-poland.global\/#organization"},"potentialAction":[{"@type":"SearchAction","target":{"@type":"EntryPoint","urlTemplate":"https:\/\/hlb-poland.global\/?s={search_term_string}"},"query-input":{"@type":"PropertyValueSpecification","valueRequired":true,"valueName":"search_term_string"}}],"inLanguage":"de"},{"@type":"Organization","@id":"https:\/\/hlb-poland.global\/#organization","name":"HLB Poland","url":"https:\/\/hlb-poland.global\/","logo":{"@type":"ImageObject","inLanguage":"de","@id":"https:\/\/hlb-poland.global\/#\/schema\/logo\/image\/","url":"https:\/\/hlb-poland.global\/wp-content\/uploads\/2025\/12\/hlb-poland-og-image.png","contentUrl":"https:\/\/hlb-poland.global\/wp-content\/uploads\/2025\/12\/hlb-poland-og-image.png","width":1200,"height":630,"caption":"HLB Poland"},"image":{"@id":"https:\/\/hlb-poland.global\/#\/schema\/logo\/image\/"},"sameAs":["https:\/\/www.facebook.com\/HLBPoland","https:\/\/www.linkedin.com\/company\/hlb-poland"]}]}},"_links":{"self":[{"href":"https:\/\/hlb-poland.global\/de\/wp-json\/wp\/v2\/pages\/1942","targetHints":{"allow":["GET"]}}],"collection":[{"href":"https:\/\/hlb-poland.global\/de\/wp-json\/wp\/v2\/pages"}],"about":[{"href":"https:\/\/hlb-poland.global\/de\/wp-json\/wp\/v2\/types\/page"}],"author":[{"embeddable":true,"href":"https:\/\/hlb-poland.global\/de\/wp-json\/wp\/v2\/users\/3"}],"replies":[{"embeddable":true,"href":"https:\/\/hlb-poland.global\/de\/wp-json\/wp\/v2\/comments?post=1942"}],"version-history":[{"count":4,"href":"https:\/\/hlb-poland.global\/de\/wp-json\/wp\/v2\/pages\/1942\/revisions"}],"predecessor-version":[{"id":9281,"href":"https:\/\/hlb-poland.global\/de\/wp-json\/wp\/v2\/pages\/1942\/revisions\/9281"}],"up":[{"embeddable":true,"href":"https:\/\/hlb-poland.global\/de\/wp-json\/wp\/v2\/pages\/1940"}],"wp:attachment":[{"href":"https:\/\/hlb-poland.global\/de\/wp-json\/wp\/v2\/media?parent=1942"}],"curies":[{"name":"wp","href":"https:\/\/api.w.org\/{rel}","templated":true}]}}