
{"id":1946,"date":"2018-12-13T11:45:32","date_gmt":"2018-12-13T10:45:32","guid":{"rendered":"http:\/\/hlb-poland.global\/?page_id=1946"},"modified":"2023-06-14T14:18:29","modified_gmt":"2023-06-14T13:18:29","slug":"karriere","status":"publish","type":"page","link":"https:\/\/hlb-poland.global\/de\/ueber-uns\/karriere\/","title":{"rendered":"Karriere"},"content":{"rendered":"<h3>HLB-Mitgliedsunternehmen bieten ihren Mitarbeitern<\/h3>\n<p>Als Teil des globalen Netzwerks von HLB International haben Sie die M\u00f6glichkeit, mit Teams auf der ganzen Welt zusammenzuarbeiten und internationale Erfahrungen zu sammeln. Es ist erw\u00e4hnenswert, dass die Mitgliedsunternehmen von HLB Polen gemeinsame Werte wie Ethik, Verantwortung, Professionalit\u00e4t und Innovation teilen. Wenn Sie f\u00fcr sie arbeiten, werden Sie Teil einer Organisation, die sich auf nachhaltige Entwicklung konzentriert, Vielfalt respektiert und offene Kommunikation f\u00f6rdert.<\/p>\n<div class=\"row\">\n<div class=\"col-12 col-sm-12 col-lg-6\">\n<ul>\n<li><span class=\"bold\">Berufliche Entwicklung<\/span>: Die Mitgliedsunternehmen von HLB Poland legen Wert auf kontinuierliche Weiterbildung und pers\u00f6nliche Entwicklung. Sie bieten Ihnen eine Vielzahl von M\u00f6glichkeiten f\u00fcr Ihre berufliche und pers\u00f6nliche Entwicklung.<\/li>\n<li><span class=\"bold\">Unterst\u00fctzung und Mentoring<\/span>: Die Mitgliedsunternehmen von HLB Poland legen Wert auf eine Kultur der Zusammenarbeit, der Unterst\u00fctzung und des Mentorings. Sie k\u00f6nnen auf die Hilfe und Unterst\u00fctzung von erfahrenen Teammitgliedern z\u00e4hlen.<\/li>\n<li><span class=\"bold\">Komplexe und interessante Projekte<\/span>: Sie haben die M\u00f6glichkeit, an vielf\u00e4ltigen und anspruchsvollen Projekten zu arbeiten, die Ihnen helfen, Ihre F\u00e4higkeiten zu entwickeln und neue Erfahrungen zu sammeln.<\/li>\n<\/ul>\n<\/div>\n<div class=\"col-12 col-sm-12 col-lg-6\">\n<ul>\n<li><span class=\"bold\">Flexible Arbeitszeiten<\/span>: Die Mitgliedsunternehmen von HLB Polen wissen, dass die Vereinbarkeit von Beruf und Privatleben entscheidend f\u00fcr Ihr Wohlbefinden und Ihre Produktivit\u00e4t ist. Aus diesem Grund bieten sie Ihnen flexible Arbeitszeiten.<\/li>\n<li><span class=\"bold\">Wettbewerbsf\u00e4hige Verg\u00fctung<\/span>: Sie bieten Ihnen ein wettbewerbsf\u00e4higes Gehalt, das Ihren F\u00e4higkeiten, Ihrer Erfahrung und Ihrem Beitrag zum Unternehmen entspricht.<\/li>\n<li><span class=\"bold\">Umfangreiches Netzwerk<\/span>: Durch die Arbeit in den Mitgliedsfirmen von HLB Polen haben Sie die M\u00f6glichkeit, umfangreiche Gesch\u00e4ftskontakte zu kn\u00fcpfen, nicht nur auf nationaler, sondern auch auf internationaler Ebene. Dies kann f\u00fcr Ihre zuk\u00fcnftige Karriere von unsch\u00e4tzbarem Wert sein.<\/li>\n<\/ul>\n<\/div>\n<\/div>\n<p>Zus\u00e4tzlich zu den oben genannten Vorteilen k\u00f6nnen Sie als potenzieller Mitarbeiter von HLB Poland-Mitgliedsunternehmen auch mit zus\u00e4tzlichen Vorteilen rechnen, die f\u00fcr das jeweilige Unternehmen oder die Stelle, auf die Sie sich bewerben, spezifisch sind.<\/p>\n<hr>\n<div class=\"row\">\n<div class=\"col-12 col-sm-12 col-lg-4 company\">\n<div class=\"logo\"><img decoding=\"async\" src=\"https:\/\/hlb-poland.global\/wp-content\/themes\/hlb-poland\/images\/logo-avanta-audit.png\" alt=\"Avanta Audit Sp. z o.o. Sp. k.\" \/><\/div>\n<\/p><\/div>\n<div class=\"col-12 col-sm-12 col-lg-8\">\n<h3>Aktuelle Stellenangebote bei Avanta Audit Sp. z o.o. Sp. k.<\/h3>\n<p>\t<a href=\"https:\/\/hlb-poland.global\/pl\/o-nas\/kariera\/stazysta-stazystka-w-dziale-audytu\/\" target=\"_blank\" class=\"button button-default\" title=\"Apply\" rel=\"noopener\">Praktikant\/Trainee in der Abteilung Audit [PL]<\/a><br \/>\n<a href=\"https:\/\/hlb-poland.global\/pl\/o-nas\/kariera\/asystent-asystentka-w-dziale-audytu\/\" target=\"_blank\" class=\"button button-default\" title=\"Apply\" rel=\"noopener\">Assistent\/Assistentin in der Hauptabteilung Audit [PL]<\/a><\/p><\/div>\n<\/p><\/div>\n<hr \/>\n<div class=\"row\">\n<div class=\"col-12 col-sm-12 col-lg-4 company\">\n<div class=\"logo\"><img decoding=\"async\" src=\"https:\/\/hlb-poland.global\/wp-content\/themes\/hlb-poland\/images\/logo-getsix.png\" alt=\"getsix Group\" \/><\/div>\n<\/p><\/div>\n<div class=\"col-12 col-sm-12 col-lg-8\">\n<h3>Aktuelle Stellenangebote bei getsix Group<\/h3>\n<p><a href=\"https:\/\/getsix.eu\/career\/\" target=\"_blank\" class=\"button button-default\" title=\"Aplikuj\" rel=\"noopener\">Alle aktuellen Stellenangebote finden Sie unter getsix.pl \u00bb<\/a>\n\t<\/div>\n<\/p><\/div>\n<hr \/>\n<div class=\"row\">\n<div class=\"col-12 col-sm-12 col-lg-4 company\">\n<div class=\"logo\"><img decoding=\"async\" src=\"https:\/\/hlb-poland.global\/wp-content\/themes\/hlb-poland\/images\/logo-hlb-m2.png\" alt=\"HLB M2\" \/><\/div>\n<\/p><\/div>\n<div class=\"col-12 col-sm-12 col-lg-8\">\n<h3>Aktuelle Stellenangebote bei HLB M2 Sp. z.o.o. Sp.k.<\/h3>\n<p>Wir stellen vor\u00fcbergehend keine Stelle ein.<\/p>\n<\/p><\/div>\n<\/p><\/div>\n","protected":false},"excerpt":{"rendered":"<p>HLB-Mitgliedsunternehmen bieten ihren Mitarbeitern Als Teil des globalen Netzwerks von HLB International haben Sie die M\u00f6glichkeit, mit Teams auf der..<\/p>\n<div class=\"clear\"><\/div><a class=\"more-link\" href=\"https:\/\/hlb-poland.global\/de\/ueber-uns\/karriere\/\"> Mehr erfahren <\/a>","protected":false},"author":3,"featured_media":12926,"parent":1940,"menu_order":0,"comment_status":"closed","ping_status":"closed","template":"","meta":{"_acf_changed":false,"footnotes":""},"class_list":["post-1946","page","type-page","status-publish","has-post-thumbnail","hentry"],"acf":[],"yoast_head":"<!-- This site is optimized with the Yoast SEO plugin v27.2 - https:\/\/yoast.com\/product\/yoast-seo-wordpress\/ -->\n<title>Die Chancen im Mittelpunkt einer Karriere<\/title>\n<meta name=\"description\" content=\"Ihre Karriere ist genau das; deine. Du w\u00e4hlst es aus. Du lebst es. Du l\u00e4sst es geschehen. Um das Beste daraus zu machen, brauchen Sie die...\" \/>\n<meta name=\"robots\" content=\"index, follow, max-snippet:-1, max-image-preview:large, max-video-preview:-1\" \/>\n<link rel=\"canonical\" href=\"https:\/\/hlb-poland.global\/de\/ueber-uns\/karriere\/\" \/>\n<meta property=\"og:locale\" content=\"de_DE\" \/>\n<meta property=\"og:type\" content=\"article\" \/>\n<meta property=\"og:title\" content=\"Die Chancen im Mittelpunkt einer Karriere\" \/>\n<meta property=\"og:description\" content=\"Ihre Karriere ist genau das; deine. Du w\u00e4hlst es aus. Du lebst es. Du l\u00e4sst es geschehen. Um das Beste daraus zu machen, brauchen Sie die...\" \/>\n<meta property=\"og:url\" content=\"https:\/\/hlb-poland.global\/de\/ueber-uns\/karriere\/\" \/>\n<meta property=\"og:site_name\" content=\"HLB Poland\" \/>\n<meta property=\"article:publisher\" content=\"https:\/\/www.facebook.com\/HLBPoland\" \/>\n<meta property=\"article:modified_time\" content=\"2023-06-14T13:18:29+00:00\" \/>\n<meta property=\"og:image\" content=\"https:\/\/hlb-poland.global\/wp-content\/themes\/hlb-poland\/images\/logo-avanta-audit.png\" \/>\n<meta name=\"twitter:card\" content=\"summary_large_image\" \/>\n<meta name=\"twitter:label1\" content=\"Gesch\u00e4tzte Lesezeit\" \/>\n\t<meta name=\"twitter:data1\" content=\"2\u00a0Minuten\" \/>\n<script type=\"application\/ld+json\" class=\"yoast-schema-graph\">{\"@context\":\"https:\/\/schema.org\",\"@graph\":[{\"@type\":\"WebPage\",\"@id\":\"https:\/\/hlb-poland.global\/de\/ueber-uns\/karriere\/\",\"url\":\"https:\/\/hlb-poland.global\/de\/ueber-uns\/karriere\/\",\"name\":\"Die Chancen im Mittelpunkt einer Karriere\",\"isPartOf\":{\"@id\":\"https:\/\/hlb-poland.global\/#website\"},\"primaryImageOfPage\":{\"@id\":\"https:\/\/hlb-poland.global\/de\/ueber-uns\/karriere\/#primaryimage\"},\"image\":{\"@id\":\"https:\/\/hlb-poland.global\/de\/ueber-uns\/karriere\/#primaryimage\"},\"thumbnailUrl\":\"https:\/\/hlb-poland.global\/wp-content\/uploads\/2023\/06\/hlb-poland-og-image.png\",\"datePublished\":\"2018-12-13T10:45:32+00:00\",\"dateModified\":\"2023-06-14T13:18:29+00:00\",\"description\":\"Ihre Karriere ist genau das; deine. Du w\u00e4hlst es aus. Du lebst es. Du l\u00e4sst es geschehen. Um das Beste daraus zu machen, brauchen Sie die...\",\"breadcrumb\":{\"@id\":\"https:\/\/hlb-poland.global\/de\/ueber-uns\/karriere\/#breadcrumb\"},\"inLanguage\":\"de\",\"potentialAction\":[{\"@type\":\"ReadAction\",\"target\":[\"https:\/\/hlb-poland.global\/de\/ueber-uns\/karriere\/\"]}]},{\"@type\":\"ImageObject\",\"inLanguage\":\"de\",\"@id\":\"https:\/\/hlb-poland.global\/de\/ueber-uns\/karriere\/#primaryimage\",\"url\":\"https:\/\/hlb-poland.global\/wp-content\/uploads\/2023\/06\/hlb-poland-og-image.png\",\"contentUrl\":\"https:\/\/hlb-poland.global\/wp-content\/uploads\/2023\/06\/hlb-poland-og-image.png\",\"width\":1200,\"height\":630},{\"@type\":\"BreadcrumbList\",\"@id\":\"https:\/\/hlb-poland.global\/de\/ueber-uns\/karriere\/#breadcrumb\",\"itemListElement\":[{\"@type\":\"ListItem\",\"position\":1,\"name\":\"Startseite\",\"item\":\"https:\/\/hlb-poland.global\/de\/\"},{\"@type\":\"ListItem\",\"position\":2,\"name\":\"\u00dcber uns\",\"item\":\"https:\/\/hlb-poland.global\/de\/ueber-uns\/\"},{\"@type\":\"ListItem\",\"position\":3,\"name\":\"Karriere\"}]},{\"@type\":\"WebSite\",\"@id\":\"https:\/\/hlb-poland.global\/#website\",\"url\":\"https:\/\/hlb-poland.global\/\",\"name\":\"HLB Poland\",\"description\":\"Advisory and accounting\",\"publisher\":{\"@id\":\"https:\/\/hlb-poland.global\/#organization\"},\"potentialAction\":[{\"@type\":\"SearchAction\",\"target\":{\"@type\":\"EntryPoint\",\"urlTemplate\":\"https:\/\/hlb-poland.global\/?s={search_term_string}\"},\"query-input\":{\"@type\":\"PropertyValueSpecification\",\"valueRequired\":true,\"valueName\":\"search_term_string\"}}],\"inLanguage\":\"de\"},{\"@type\":\"Organization\",\"@id\":\"https:\/\/hlb-poland.global\/#organization\",\"name\":\"HLB Poland\",\"url\":\"https:\/\/hlb-poland.global\/\",\"logo\":{\"@type\":\"ImageObject\",\"inLanguage\":\"de\",\"@id\":\"https:\/\/hlb-poland.global\/#\/schema\/logo\/image\/\",\"url\":\"https:\/\/hlb-poland.global\/wp-content\/uploads\/2025\/12\/hlb-poland-og-image.png\",\"contentUrl\":\"https:\/\/hlb-poland.global\/wp-content\/uploads\/2025\/12\/hlb-poland-og-image.png\",\"width\":1200,\"height\":630,\"caption\":\"HLB Poland\"},\"image\":{\"@id\":\"https:\/\/hlb-poland.global\/#\/schema\/logo\/image\/\"},\"sameAs\":[\"https:\/\/www.facebook.com\/HLBPoland\",\"https:\/\/www.linkedin.com\/company\/hlb-poland\"]}]}<\/script>\n<!-- \/ Yoast SEO plugin. -->","yoast_head_json":{"title":"Die Chancen im Mittelpunkt einer Karriere","description":"Ihre Karriere ist genau das; deine. Du w\u00e4hlst es aus. Du lebst es. Du l\u00e4sst es geschehen. Um das Beste daraus zu machen, brauchen Sie die...","robots":{"index":"index","follow":"follow","max-snippet":"max-snippet:-1","max-image-preview":"max-image-preview:large","max-video-preview":"max-video-preview:-1"},"canonical":"https:\/\/hlb-poland.global\/de\/ueber-uns\/karriere\/","og_locale":"de_DE","og_type":"article","og_title":"Die Chancen im Mittelpunkt einer Karriere","og_description":"Ihre Karriere ist genau das; deine. Du w\u00e4hlst es aus. Du lebst es. Du l\u00e4sst es geschehen. Um das Beste daraus zu machen, brauchen Sie die...","og_url":"https:\/\/hlb-poland.global\/de\/ueber-uns\/karriere\/","og_site_name":"HLB Poland","article_publisher":"https:\/\/www.facebook.com\/HLBPoland","article_modified_time":"2023-06-14T13:18:29+00:00","og_image":[{"url":"https:\/\/hlb-poland.global\/wp-content\/themes\/hlb-poland\/images\/logo-avanta-audit.png","type":"","width":"","height":""}],"twitter_card":"summary_large_image","twitter_misc":{"Gesch\u00e4tzte Lesezeit":"2\u00a0Minuten"},"schema":{"@context":"https:\/\/schema.org","@graph":[{"@type":"WebPage","@id":"https:\/\/hlb-poland.global\/de\/ueber-uns\/karriere\/","url":"https:\/\/hlb-poland.global\/de\/ueber-uns\/karriere\/","name":"Die Chancen im Mittelpunkt einer Karriere","isPartOf":{"@id":"https:\/\/hlb-poland.global\/#website"},"primaryImageOfPage":{"@id":"https:\/\/hlb-poland.global\/de\/ueber-uns\/karriere\/#primaryimage"},"image":{"@id":"https:\/\/hlb-poland.global\/de\/ueber-uns\/karriere\/#primaryimage"},"thumbnailUrl":"https:\/\/hlb-poland.global\/wp-content\/uploads\/2023\/06\/hlb-poland-og-image.png","datePublished":"2018-12-13T10:45:32+00:00","dateModified":"2023-06-14T13:18:29+00:00","description":"Ihre Karriere ist genau das; deine. Du w\u00e4hlst es aus. Du lebst es. Du l\u00e4sst es geschehen. Um das Beste daraus zu machen, brauchen Sie die...","breadcrumb":{"@id":"https:\/\/hlb-poland.global\/de\/ueber-uns\/karriere\/#breadcrumb"},"inLanguage":"de","potentialAction":[{"@type":"ReadAction","target":["https:\/\/hlb-poland.global\/de\/ueber-uns\/karriere\/"]}]},{"@type":"ImageObject","inLanguage":"de","@id":"https:\/\/hlb-poland.global\/de\/ueber-uns\/karriere\/#primaryimage","url":"https:\/\/hlb-poland.global\/wp-content\/uploads\/2023\/06\/hlb-poland-og-image.png","contentUrl":"https:\/\/hlb-poland.global\/wp-content\/uploads\/2023\/06\/hlb-poland-og-image.png","width":1200,"height":630},{"@type":"BreadcrumbList","@id":"https:\/\/hlb-poland.global\/de\/ueber-uns\/karriere\/#breadcrumb","itemListElement":[{"@type":"ListItem","position":1,"name":"Startseite","item":"https:\/\/hlb-poland.global\/de\/"},{"@type":"ListItem","position":2,"name":"\u00dcber uns","item":"https:\/\/hlb-poland.global\/de\/ueber-uns\/"},{"@type":"ListItem","position":3,"name":"Karriere"}]},{"@type":"WebSite","@id":"https:\/\/hlb-poland.global\/#website","url":"https:\/\/hlb-poland.global\/","name":"HLB Poland","description":"Advisory and accounting","publisher":{"@id":"https:\/\/hlb-poland.global\/#organization"},"potentialAction":[{"@type":"SearchAction","target":{"@type":"EntryPoint","urlTemplate":"https:\/\/hlb-poland.global\/?s={search_term_string}"},"query-input":{"@type":"PropertyValueSpecification","valueRequired":true,"valueName":"search_term_string"}}],"inLanguage":"de"},{"@type":"Organization","@id":"https:\/\/hlb-poland.global\/#organization","name":"HLB Poland","url":"https:\/\/hlb-poland.global\/","logo":{"@type":"ImageObject","inLanguage":"de","@id":"https:\/\/hlb-poland.global\/#\/schema\/logo\/image\/","url":"https:\/\/hlb-poland.global\/wp-content\/uploads\/2025\/12\/hlb-poland-og-image.png","contentUrl":"https:\/\/hlb-poland.global\/wp-content\/uploads\/2025\/12\/hlb-poland-og-image.png","width":1200,"height":630,"caption":"HLB Poland"},"image":{"@id":"https:\/\/hlb-poland.global\/#\/schema\/logo\/image\/"},"sameAs":["https:\/\/www.facebook.com\/HLBPoland","https:\/\/www.linkedin.com\/company\/hlb-poland"]}]}},"_links":{"self":[{"href":"https:\/\/hlb-poland.global\/de\/wp-json\/wp\/v2\/pages\/1946","targetHints":{"allow":["GET"]}}],"collection":[{"href":"https:\/\/hlb-poland.global\/de\/wp-json\/wp\/v2\/pages"}],"about":[{"href":"https:\/\/hlb-poland.global\/de\/wp-json\/wp\/v2\/types\/page"}],"author":[{"embeddable":true,"href":"https:\/\/hlb-poland.global\/de\/wp-json\/wp\/v2\/users\/3"}],"replies":[{"embeddable":true,"href":"https:\/\/hlb-poland.global\/de\/wp-json\/wp\/v2\/comments?post=1946"}],"version-history":[{"count":10,"href":"https:\/\/hlb-poland.global\/de\/wp-json\/wp\/v2\/pages\/1946\/revisions"}],"predecessor-version":[{"id":12935,"href":"https:\/\/hlb-poland.global\/de\/wp-json\/wp\/v2\/pages\/1946\/revisions\/12935"}],"up":[{"embeddable":true,"href":"https:\/\/hlb-poland.global\/de\/wp-json\/wp\/v2\/pages\/1940"}],"wp:featuredmedia":[{"embeddable":true,"href":"https:\/\/hlb-poland.global\/de\/wp-json\/wp\/v2\/media\/12926"}],"wp:attachment":[{"href":"https:\/\/hlb-poland.global\/de\/wp-json\/wp\/v2\/media?parent=1946"}],"curies":[{"name":"wp","href":"https:\/\/api.w.org\/{rel}","templated":true}]}}