
{"id":1953,"date":"2018-12-13T11:53:02","date_gmt":"2018-12-13T10:53:02","guid":{"rendered":"http:\/\/hlb-poland.global\/?page_id=1953"},"modified":"2025-01-10T13:53:43","modified_gmt":"2025-01-10T12:53:43","slug":"expertenwissen-qualitaet","status":"publish","type":"page","link":"https:\/\/hlb-poland.global\/de\/ueber-uns\/expertenwissen-qualitaet\/","title":{"rendered":"Expertenwissen &#038; Qualit\u00e4t"},"content":{"rendered":"<h3>Begeisterte Fachleute<\/h3>\n<p>Die Mitgliedsfimen von <span style=\"font-weight: bold;\">HLB Poland<\/span> sind auf ihre kaufm\u00e4nnische Expertise und Erfahrung stolz. Diese Unternehmen arbeiten seit vielen Jahren sehr eng mit ihren Mandanten zusammen und haben dadurch ein umfangreiches Spezialwissen \u00fcber die Schl\u00fcsselindustrien der polnischen Wirtschaft erworben. Ihr Leistungsspektrum umfasst Finanzbuchhaltung, Wirtschaftspr\u00fcfung, Lohn- und Gehaltsabrechnungen und Personalwesen, jeweils begleitet durch Unternehmensberatung sowie Steuerberatungs- und Finanzdienstleistungen, erg\u00e4nzt durch umfassende und hochentwickelte IT-L\u00f6sungen. Unsere Partnerunternehmen haben wertvolle Einblicke in diese Themen gewonnen, sowie die damit verbundenen Herausforderungen und M\u00f6glichkeiten gemeistert.<\/p>\n<hr \/>\n<h3>Begeisterte Zusammenarbeit<\/h3>\n<p>HLB ist ein ma\u00dfgeschneidertes und individuelles Netzwerk aus Partnerfirmen, die einander gut kennen und erfolgreich zusammenarbeiten. Die polnischen Partnerfirmen haben <span style=\"font-weight: bold;\">HLB Poland<\/span> ins Leben gerufen. Durch diese Allianz st\u00e4rken sie sowohl das HLB Netzwerk in Polen als auch den inneren Zusammenhalt der polnischen Unternehmen, sodass wir uns als aktive Teilnehmer des HLB International Netzwerks gut erg\u00e4nzen. Die polnischen Firmen sind allesamt energiegeladene proaktive Unternehmen mit dem gemeinsamen Ziel, ihren heimischen und internationalen Mandanten einen hervorragenden Service zu bieten.<\/p>\n<hr \/>\n<h3>Begeisterung f\u00fcr Qualit\u00e4t<\/h3>\n<p>Alle Mitgliedsfirmen von <span style=\"font-weight: bold;\">HLB Poland<\/span> halten sich an die h\u00f6chsten nationalen und internationalen Qulit\u00e4tsstandards. Dazu z\u00e4hlen wir ISO 9001:2008 und ISO 27001:2013 als Zertifizierungen, die zumindest bei jeweils einem unserer Mitgliedsunternehmen vorhanden sind. Jeder internationale Kontaktpartner von HLB ist verpflichtet, die Anforderungen von HLB International hinsichtlich der Einhaltung von Fristen und Standards zu erf\u00fcllen. Alle Firmen unterwerfen sich den polnischen Buchhaltungsstandards und sind durch die Nationale Kammer der \u00f6ffentlich bestellten Wirtschaftspr\u00fcfer beziehungsweise durch das polnische Handelsgesetzbuch reguliert.<\/p>\n<hr \/>\n<h3>Branchen + Mandantent\u00e4tigkeit<\/h3>\n<p>Unter den Mitgliedsfirmen von <span style=\"font-weight: bold;\">HLB Poland<\/span> bieten wir ein vielf\u00e4ltiges Spektrum an Expertenwissen und Erfahrungen aus der Zusammenarbeit mit Mandanten aus allen Winkeln Polens und auch aus dem Ausland. Die Mitglieder haben durch ihre Mandantent\u00e4tigkeit in den folgenden Sektoren besondere St\u00e4rken und spezifisches Fachwissen erworben:<\/p>\n<ul>\n<li><span style=\"font-weight: bold;\">Branchen:<\/span> Wind &amp; erneuerbare Energie, Freizeit &amp; Tourismus, private Gesundheitsvorsorge, Lebensmittel &amp; Landwirtschaft, internationale Grundst\u00fccksinvestitionen, Familienunternehmen, Gastgewerbe, Transport &amp; Logistik, Sicherheit, allgemeiner Produktionssektor, Pharmazie, praktische Medizin, Rechtsanw\u00e4lte, Berufsverb\u00e4nde, Bildung, Baugewerbe,<\/li>\n<li><span style=\"font-weight: bold;\">Absicherung:<\/span> Pr\u00fcfung der Einhaltung des IFRS-Standards, gesetzlich vorgeschriebene Wirtschaftspr\u00fcfung,<\/li>\n<li><span style=\"font-weight: bold;\">Steuern:<\/span> Domizilierung in Polen, Auslagerung &amp; Gehaltsabrechnung, Quellensteuer, Doppelbesteuerungsabkommen, internationale Steuerplanung, Umsatzsteuer, EIIS,<\/li>\n<li><span style=\"font-weight: bold;\">Insolvenz:<\/span> Restrukturierung, Reorganisation, Insolvenzverwaltungen &#8211; Fixed und Floating Charge, Ernennung zu Insolvenzverwaltern\/Abwicklern, Liquidationen &#8211; MVLs, CVLs, vom Gericht bestellt,<\/li>\n<li><span style=\"font-weight: bold;\">Beratung:<\/span> Restrukturierung der Verbindlichkeiten, Due Diligence, Unternehmensfinanzierung, Verhandlungen mit Banken, M&amp;A, Finanzierung, Refinanzierung.<\/li>\n<\/ul>\n<hr \/>\n<h3>Qualit\u00e4t<\/h3>\n<p>Die Qualit\u00e4t der Dienstleistungen von <span style=\"font-weight: bold;\">HLB Poland<\/span> wird stets ein integraler Bestandteil unseres Gesch\u00e4ftsbetriebs sein.<\/p>\n<p>F\u00fcr <span style=\"font-weight: bold;\">HLB Poland<\/span> bedeutet Qualit\u00e4t, den Anforderungen unserer Mandanten auf die bestm\u00f6gliche Art und Weise gerecht zu werden. Das hei\u00dft, dass Qualit\u00e4t aus Sicht der Mandanten ein wichtiges Argument f\u00fcr die Inanspruchnahme unserer Dienste ist. Bei unserer t\u00e4glichen Arbeit stets die Qualit\u00e4t im Auge zu behalten bedeutet f\u00fcr uns auch, wertvolle Ressourcen auf eine effiziente und fachgerechte Weise zu nutzen. Alle Mitarbeiter von <span style=\"font-weight: bold;\">HLB Poland<\/span> m\u00fcssen von ihrem Streikrecht Gebrauch machen, um Unzul\u00e4nglichkeiten zu eliminieren, die sie an der Erstellung qualitativ hochwertiger Dienstleistungen hindern w\u00fcrden. Das Forum of Firms ist eine Vereinigung von 23 internationalen Netzwerken von Wirtschaftspr\u00fcfungsgesellschaften, die l\u00e4nder\u00fcbergreifend Jahresabschl\u00fcsse pr\u00fcfen. Das Forum geh\u00f6rt zur IFAC.<\/p>\n<hr \/>\n<h3>Wir haben uns die folgenden Ziele gesetzt, um den Anforderungen unserer Mandanten gerecht zu werden:<\/h3>\n<ul>\n<li>Erbringung von fachgerechten Dienstleistungen f\u00fcr lokale und internationale Unternehmen sowie f\u00fcr Privatpersonen,<\/li>\n<li>Bearbeitung der Angelegenheiten unserer Mandanten in \u00dcbereinstimmung mit den spezifischen gesetzlichen Regelungen,<\/li>\n<li>Ausf\u00fchrung von Mandantenauftr\u00e4gen nach bestem Wissen und Gewissen, auf sorgf\u00e4ltige Weise nach pflichtgem\u00e4\u00dfem Ermessen,<\/li>\n<li>Besch\u00e4ftigung von Mitarbeitern mit hohen fachlichen und sozialen Kompetenzen, der F\u00e4higkeit zur Zusammenarbeit und mit einwandfreien Umgangsformen,<\/li>\n<li>Aufbau und Pflege einer partnerschaftlichen Mandantenbeziehung, in der \u00dcbereinstimmung \u00fcber das auf koordinierte Weise zu erbringende Leistungsspektrum herrscht, wobei auch die individuellen Anforderungen eines jeden Mandanten beachtet werden.<\/li>\n<\/ul>\n<hr \/>\n<h3>Hiermit verpflichtet sich HLB Poland zu einem kontinuierlichen Verbesserungsprozess. Die Ziele, die HLB Poland sich gesetzt hat, sollen wie folgt erreicht werden:<\/h3>\n<ul>\n<li>Weiterbildungsma\u00dfnahmen f\u00fcr unser Fachpersonal,<\/li>\n<li>Zeit und Ressourcen bereitstellen, um unsere Experten kontinuierlich fachlich weiterzuentwickeln,<\/li>\n<li>Anwendung aktueller Auslegungen und Gesetze bez\u00fcglich aller Dienstleistungen, die von <span style=\"font-weight: bold;\">HLB Poland<\/span> erbracht werden,<\/li>\n<li>st\u00e4ndiger Zugang zu Informationen und kurze Antwortzeiten bei allen Fragen unserer Mandanten,<\/li>\n<li>Ernennung eines pers\u00f6nlichen Mitarbeiters und ihres\/seines Stellvertreters, um f\u00fcr einen bestimmten Mandanten die beauftragten Leistungen zu erbringen. In seiner Eigenschaft als Berater h\u00e4lt der Mitarbeiter gleichzeitig engen Kontakt zu seinem Mandanten,<\/li>\n<li>Beachtung der ethischen Grunds\u00e4tze der Berufsaus\u00fcbung, insbesondere vertrauliche Behandlung der uns \u00fcberlassenen Informationen,<\/li>\n<li>bei der Planung qualitativer Verbesserungen sind die Erwartungen der Mandanten zu ber\u00fccksichtigen,<\/li>\n<li>die Effizienz und Effektivit\u00e4t unserer Richtlinien sowie unsere Qualit\u00e4tsziele sind regelm\u00e4\u00dfig zu \u00fcberpr\u00fcfen,<\/li>\n<li>das Management ist zu motivieren, um Bedingungen f\u00fcr eine st\u00e4ndig verbesserte Ausf\u00fchrung von Auftr\u00e4gen zu schaffen,<\/li>\n<li>wir erm\u00f6glichen unseren internationalen Mandanten, ebenso wie ihren Muttergesellschaften, \u00fcberall auf der Welt ihre Gesch\u00e4ftst\u00e4tigkeit aus\u00fcben zu k\u00f6nnen, wir zerstreuen ihre Bedenken hinsichtlich einer Gesch\u00e4ftst\u00e4tigkeit in Polen, indem wir unsere Dienstleistungen in verschiedenen Sprachen anbieten, auf Englisch, Deutsch und Polnisch und zwar auf hohem Niveau und auf eine effektive Art und Weise,<\/li>\n<li>innerhalb unserer Allianz haben wir die Mitgliedschaft in der Polnisch-Deutschen Industrie- und Handelskammer (AHK), der Britisch-Polnischen Handelskammer (BPCC), und der Polnisch-Schweizer Industrie- und Handelskammer, au\u00dferdem nehmen wir an lokalen und internationalen Messen teil, sowie an Unternehmertreffen, sodass <span style=\"font-weight: bold;\">HLB Poland<\/span> die M\u00f6glichkeit hat, durch seine Beziehungen zu internationalen Unternehmen Erfahrungen zu sammeln und seinen Horizont zu erweitern. Dadurch erh\u00e4lt <span style=\"font-weight: bold;\">HLB Poland<\/span> die M\u00f6glichkeit, neue Kooperationen einzugehen, um seinen Mandanten einen umfassenden Service anzubieten.<\/li>\n<\/ul>\n<hr \/>\n<h3>Eine effiziente Organisation und moderne Managemantmethoden bilden den n\u00f6tigen Rahmen, um dies zu erreichen<\/h3>\n<p>Unser Verst\u00e4ndnis von Qualit\u00e4t, Qualit\u00e4tsbewusstsein, wie auch die Haltung der Mitarbeiter von <span style=\"font-weight: bold;\">HLB Poland<\/span> f\u00fchren zur Zufriedenheit unserer Mandanten und tragen gleichzeitig zum anhaltenden Erfolg unserer Gesellschaft bei. Eine kontinuierliche Verbesserung der Qualit\u00e4t erm\u00f6glicht es uns, effektiv Kosten zu sparen und sie stellt einen wichtigen Beitrag zum Ressourcenschutz dar.<\/p>\n<p>Auf Grundlage dieser Richtlinien gibt <span style=\"font-weight: bold;\">HLB Poland<\/span> j\u00e4hrlich detaillierte Qualit\u00e4tsziele vor. Da die Qualit\u00e4t der von <span style=\"font-weight: bold;\">HLB Poland<\/span> erbrachten Dienstleistungen f\u00fcr die Zukunft der Allianz von gro\u00dfer Bedeutung ist, stellt die Unterst\u00fctzung unserer Qualit\u00e4tsziele f\u00fcr jeden einzelnen Mitarbeiter einer selbstverst\u00e4ndliche Verpflichtung dar.<\/p>\n<hr \/>\n<h3>Forum of Firms<\/h3>\n<p><img decoding=\"async\" src=\"https:\/\/hlb-poland.global\/wp-content\/themes\/hlb-poland\/images\/logo-forum-of-firms.png\" alt=\"Forum of Firms\" \/><\/p>\n<p>Die Mitgliedsfirmen von <span style=\"font-weight: bold;\">HLB Poland<\/span> haben sich im Interesse der auf einen fachkundigen Service vertrauenden Mandanten verpflichtet, die hohen Standards von HLB bei ihren weltweiten Wirtschaftspr\u00fcfungen einzuhalten. Deshalb ist HLB ein stolzes Mitglied im: <a class=\"read-more\" href=\"https:\/\/www.ifac.org\/who-we-are\/transnational-auditors-committee-forum-firms\" target=\"_blank\" rel=\"noopener\">Forum of Firms<\/a>. Das Forum of Firms ist eine Vereinigung von 23 internationalen Netzwerken von Wirtschaftspr\u00fcfungsgesellschaften, die eine l\u00e4nder\u00fcbergreifende Pr\u00fcfung von Jahresabschl\u00fcssen durchf\u00fchren. Das Forum ist Teil der IFAC.<\/p>\n<p><span style=\"font-weight: bold;\">Die Mitglieder verpflichten sich selbst zur Einhaltung von Qualit\u00e4tsanforderungen, wie:<\/span><\/p>\n<ul>\n<li>Einhaltung angemessener Standards zur Qualit\u00e4tskontrolle in \u00dcbereinstimmung mit den Internationalen Standards, herausgegeben vom IAASB,<\/li>\n<li>erg\u00e4nzt um die relevanten nationalen Standards der Quali\u00e4tskontrolle. Durchf\u00fchrung regelm\u00e4\u00dfiger und weltweit koordinierter interner Audits zur Sicherung der Qualit\u00e4t,<\/li>\n<li>Vorliegen von Richtlinien und Methoden f\u00fcr die Durchf\u00fchrung transnationaler Wirtschaftspr\u00fcfungen auf der Basis von ISA,<\/li>\n<li>Vorliegen von Richtlinien und Methoden in \u00dcbereinstimmung mit dem IFAC Ethik-Code f\u00fcr Wirtschaftspr\u00fcfer sowie gem\u00e4\u00df nationaler Ethik-Codes.<\/li>\n<\/ul>\n","protected":false},"excerpt":{"rendered":"<p>Begeisterte Fachleute Die Mitgliedsfimen von HLB Poland sind auf ihre kaufm\u00e4nnische Expertise und Erfahrung stolz. Diese Unternehmen arbeiten seit vielen..<\/p>\n<div class=\"clear\"><\/div><a class=\"more-link\" href=\"https:\/\/hlb-poland.global\/de\/ueber-uns\/expertenwissen-qualitaet\/\"> Mehr erfahren <\/a>","protected":false},"author":3,"featured_media":0,"parent":1940,"menu_order":0,"comment_status":"closed","ping_status":"closed","template":"","meta":{"_acf_changed":false,"footnotes":""},"class_list":["post-1953","page","type-page","status-publish","hentry"],"acf":[],"yoast_head":"<!-- This site is optimized with the Yoast SEO plugin v27.2 - https:\/\/yoast.com\/product\/yoast-seo-wordpress\/ -->\n<title>Expertenwissen &amp; Qualit\u00e4t | HLB Poland<\/title>\n<meta name=\"description\" content=\"Wir sind eine stark fokussierte Organisation, die sich der Innovation verschrieben hat. HLB Poland ist vollst\u00e4ndig darauf ausgerichtet...\" \/>\n<meta name=\"robots\" content=\"index, follow, max-snippet:-1, max-image-preview:large, max-video-preview:-1\" \/>\n<link rel=\"canonical\" href=\"https:\/\/hlb-poland.global\/de\/ueber-uns\/expertenwissen-qualitaet\/\" \/>\n<meta property=\"og:locale\" content=\"de_DE\" \/>\n<meta property=\"og:type\" content=\"article\" \/>\n<meta property=\"og:title\" content=\"Expertenwissen &amp; Qualit\u00e4t | HLB Poland\" \/>\n<meta property=\"og:description\" content=\"Wir sind eine stark fokussierte Organisation, die sich der Innovation verschrieben hat. HLB Poland ist vollst\u00e4ndig darauf ausgerichtet...\" \/>\n<meta property=\"og:url\" content=\"https:\/\/hlb-poland.global\/de\/ueber-uns\/expertenwissen-qualitaet\/\" \/>\n<meta property=\"og:site_name\" content=\"HLB Poland\" \/>\n<meta property=\"article:publisher\" content=\"https:\/\/www.facebook.com\/HLBPoland\" \/>\n<meta property=\"article:modified_time\" content=\"2025-01-10T12:53:43+00:00\" \/>\n<meta property=\"og:image\" content=\"https:\/\/hlb-poland.global\/wp-content\/themes\/hlb-poland\/images\/logo-forum-of-firms.png\" \/>\n<meta name=\"twitter:card\" content=\"summary_large_image\" \/>\n<meta name=\"twitter:label1\" content=\"Gesch\u00e4tzte Lesezeit\" \/>\n\t<meta name=\"twitter:data1\" content=\"6\u00a0Minuten\" \/>\n<script type=\"application\/ld+json\" class=\"yoast-schema-graph\">{\"@context\":\"https:\/\/schema.org\",\"@graph\":[{\"@type\":\"WebPage\",\"@id\":\"https:\/\/hlb-poland.global\/de\/ueber-uns\/expertenwissen-qualitaet\/\",\"url\":\"https:\/\/hlb-poland.global\/de\/ueber-uns\/expertenwissen-qualitaet\/\",\"name\":\"Expertenwissen & Qualit\u00e4t | HLB Poland\",\"isPartOf\":{\"@id\":\"https:\/\/hlb-poland.global\/#website\"},\"primaryImageOfPage\":{\"@id\":\"https:\/\/hlb-poland.global\/de\/ueber-uns\/expertenwissen-qualitaet\/#primaryimage\"},\"image\":{\"@id\":\"https:\/\/hlb-poland.global\/de\/ueber-uns\/expertenwissen-qualitaet\/#primaryimage\"},\"thumbnailUrl\":\"https:\/\/hlb-poland.global\/wp-content\/themes\/hlb-poland\/images\/logo-forum-of-firms.png\",\"datePublished\":\"2018-12-13T10:53:02+00:00\",\"dateModified\":\"2025-01-10T12:53:43+00:00\",\"description\":\"Wir sind eine stark fokussierte Organisation, die sich der Innovation verschrieben hat. HLB Poland ist vollst\u00e4ndig darauf ausgerichtet...\",\"breadcrumb\":{\"@id\":\"https:\/\/hlb-poland.global\/de\/ueber-uns\/expertenwissen-qualitaet\/#breadcrumb\"},\"inLanguage\":\"de\",\"potentialAction\":[{\"@type\":\"ReadAction\",\"target\":[\"https:\/\/hlb-poland.global\/de\/ueber-uns\/expertenwissen-qualitaet\/\"]}]},{\"@type\":\"ImageObject\",\"inLanguage\":\"de\",\"@id\":\"https:\/\/hlb-poland.global\/de\/ueber-uns\/expertenwissen-qualitaet\/#primaryimage\",\"url\":\"https:\/\/hlb-poland.global\/wp-content\/themes\/hlb-poland\/images\/logo-forum-of-firms.png\",\"contentUrl\":\"https:\/\/hlb-poland.global\/wp-content\/themes\/hlb-poland\/images\/logo-forum-of-firms.png\"},{\"@type\":\"BreadcrumbList\",\"@id\":\"https:\/\/hlb-poland.global\/de\/ueber-uns\/expertenwissen-qualitaet\/#breadcrumb\",\"itemListElement\":[{\"@type\":\"ListItem\",\"position\":1,\"name\":\"Startseite\",\"item\":\"https:\/\/hlb-poland.global\/de\/\"},{\"@type\":\"ListItem\",\"position\":2,\"name\":\"\u00dcber uns\",\"item\":\"https:\/\/hlb-poland.global\/de\/ueber-uns\/\"},{\"@type\":\"ListItem\",\"position\":3,\"name\":\"Expertenwissen &#038; Qualit\u00e4t\"}]},{\"@type\":\"WebSite\",\"@id\":\"https:\/\/hlb-poland.global\/#website\",\"url\":\"https:\/\/hlb-poland.global\/\",\"name\":\"HLB Poland\",\"description\":\"Advisory and accounting\",\"publisher\":{\"@id\":\"https:\/\/hlb-poland.global\/#organization\"},\"potentialAction\":[{\"@type\":\"SearchAction\",\"target\":{\"@type\":\"EntryPoint\",\"urlTemplate\":\"https:\/\/hlb-poland.global\/?s={search_term_string}\"},\"query-input\":{\"@type\":\"PropertyValueSpecification\",\"valueRequired\":true,\"valueName\":\"search_term_string\"}}],\"inLanguage\":\"de\"},{\"@type\":\"Organization\",\"@id\":\"https:\/\/hlb-poland.global\/#organization\",\"name\":\"HLB Poland\",\"url\":\"https:\/\/hlb-poland.global\/\",\"logo\":{\"@type\":\"ImageObject\",\"inLanguage\":\"de\",\"@id\":\"https:\/\/hlb-poland.global\/#\/schema\/logo\/image\/\",\"url\":\"https:\/\/hlb-poland.global\/wp-content\/uploads\/2025\/12\/hlb-poland-og-image.png\",\"contentUrl\":\"https:\/\/hlb-poland.global\/wp-content\/uploads\/2025\/12\/hlb-poland-og-image.png\",\"width\":1200,\"height\":630,\"caption\":\"HLB Poland\"},\"image\":{\"@id\":\"https:\/\/hlb-poland.global\/#\/schema\/logo\/image\/\"},\"sameAs\":[\"https:\/\/www.facebook.com\/HLBPoland\",\"https:\/\/www.linkedin.com\/company\/hlb-poland\"]}]}<\/script>\n<!-- \/ Yoast SEO plugin. -->","yoast_head_json":{"title":"Expertenwissen & Qualit\u00e4t | HLB Poland","description":"Wir sind eine stark fokussierte Organisation, die sich der Innovation verschrieben hat. HLB Poland ist vollst\u00e4ndig darauf ausgerichtet...","robots":{"index":"index","follow":"follow","max-snippet":"max-snippet:-1","max-image-preview":"max-image-preview:large","max-video-preview":"max-video-preview:-1"},"canonical":"https:\/\/hlb-poland.global\/de\/ueber-uns\/expertenwissen-qualitaet\/","og_locale":"de_DE","og_type":"article","og_title":"Expertenwissen & Qualit\u00e4t | HLB Poland","og_description":"Wir sind eine stark fokussierte Organisation, die sich der Innovation verschrieben hat. HLB Poland ist vollst\u00e4ndig darauf ausgerichtet...","og_url":"https:\/\/hlb-poland.global\/de\/ueber-uns\/expertenwissen-qualitaet\/","og_site_name":"HLB Poland","article_publisher":"https:\/\/www.facebook.com\/HLBPoland","article_modified_time":"2025-01-10T12:53:43+00:00","og_image":[{"url":"https:\/\/hlb-poland.global\/wp-content\/themes\/hlb-poland\/images\/logo-forum-of-firms.png","type":"","width":"","height":""}],"twitter_card":"summary_large_image","twitter_misc":{"Gesch\u00e4tzte Lesezeit":"6\u00a0Minuten"},"schema":{"@context":"https:\/\/schema.org","@graph":[{"@type":"WebPage","@id":"https:\/\/hlb-poland.global\/de\/ueber-uns\/expertenwissen-qualitaet\/","url":"https:\/\/hlb-poland.global\/de\/ueber-uns\/expertenwissen-qualitaet\/","name":"Expertenwissen & Qualit\u00e4t | HLB Poland","isPartOf":{"@id":"https:\/\/hlb-poland.global\/#website"},"primaryImageOfPage":{"@id":"https:\/\/hlb-poland.global\/de\/ueber-uns\/expertenwissen-qualitaet\/#primaryimage"},"image":{"@id":"https:\/\/hlb-poland.global\/de\/ueber-uns\/expertenwissen-qualitaet\/#primaryimage"},"thumbnailUrl":"https:\/\/hlb-poland.global\/wp-content\/themes\/hlb-poland\/images\/logo-forum-of-firms.png","datePublished":"2018-12-13T10:53:02+00:00","dateModified":"2025-01-10T12:53:43+00:00","description":"Wir sind eine stark fokussierte Organisation, die sich der Innovation verschrieben hat. HLB Poland ist vollst\u00e4ndig darauf ausgerichtet...","breadcrumb":{"@id":"https:\/\/hlb-poland.global\/de\/ueber-uns\/expertenwissen-qualitaet\/#breadcrumb"},"inLanguage":"de","potentialAction":[{"@type":"ReadAction","target":["https:\/\/hlb-poland.global\/de\/ueber-uns\/expertenwissen-qualitaet\/"]}]},{"@type":"ImageObject","inLanguage":"de","@id":"https:\/\/hlb-poland.global\/de\/ueber-uns\/expertenwissen-qualitaet\/#primaryimage","url":"https:\/\/hlb-poland.global\/wp-content\/themes\/hlb-poland\/images\/logo-forum-of-firms.png","contentUrl":"https:\/\/hlb-poland.global\/wp-content\/themes\/hlb-poland\/images\/logo-forum-of-firms.png"},{"@type":"BreadcrumbList","@id":"https:\/\/hlb-poland.global\/de\/ueber-uns\/expertenwissen-qualitaet\/#breadcrumb","itemListElement":[{"@type":"ListItem","position":1,"name":"Startseite","item":"https:\/\/hlb-poland.global\/de\/"},{"@type":"ListItem","position":2,"name":"\u00dcber uns","item":"https:\/\/hlb-poland.global\/de\/ueber-uns\/"},{"@type":"ListItem","position":3,"name":"Expertenwissen &#038; Qualit\u00e4t"}]},{"@type":"WebSite","@id":"https:\/\/hlb-poland.global\/#website","url":"https:\/\/hlb-poland.global\/","name":"HLB Poland","description":"Advisory and accounting","publisher":{"@id":"https:\/\/hlb-poland.global\/#organization"},"potentialAction":[{"@type":"SearchAction","target":{"@type":"EntryPoint","urlTemplate":"https:\/\/hlb-poland.global\/?s={search_term_string}"},"query-input":{"@type":"PropertyValueSpecification","valueRequired":true,"valueName":"search_term_string"}}],"inLanguage":"de"},{"@type":"Organization","@id":"https:\/\/hlb-poland.global\/#organization","name":"HLB Poland","url":"https:\/\/hlb-poland.global\/","logo":{"@type":"ImageObject","inLanguage":"de","@id":"https:\/\/hlb-poland.global\/#\/schema\/logo\/image\/","url":"https:\/\/hlb-poland.global\/wp-content\/uploads\/2025\/12\/hlb-poland-og-image.png","contentUrl":"https:\/\/hlb-poland.global\/wp-content\/uploads\/2025\/12\/hlb-poland-og-image.png","width":1200,"height":630,"caption":"HLB Poland"},"image":{"@id":"https:\/\/hlb-poland.global\/#\/schema\/logo\/image\/"},"sameAs":["https:\/\/www.facebook.com\/HLBPoland","https:\/\/www.linkedin.com\/company\/hlb-poland"]}]}},"_links":{"self":[{"href":"https:\/\/hlb-poland.global\/de\/wp-json\/wp\/v2\/pages\/1953","targetHints":{"allow":["GET"]}}],"collection":[{"href":"https:\/\/hlb-poland.global\/de\/wp-json\/wp\/v2\/pages"}],"about":[{"href":"https:\/\/hlb-poland.global\/de\/wp-json\/wp\/v2\/types\/page"}],"author":[{"embeddable":true,"href":"https:\/\/hlb-poland.global\/de\/wp-json\/wp\/v2\/users\/3"}],"replies":[{"embeddable":true,"href":"https:\/\/hlb-poland.global\/de\/wp-json\/wp\/v2\/comments?post=1953"}],"version-history":[{"count":6,"href":"https:\/\/hlb-poland.global\/de\/wp-json\/wp\/v2\/pages\/1953\/revisions"}],"predecessor-version":[{"id":16226,"href":"https:\/\/hlb-poland.global\/de\/wp-json\/wp\/v2\/pages\/1953\/revisions\/16226"}],"up":[{"embeddable":true,"href":"https:\/\/hlb-poland.global\/de\/wp-json\/wp\/v2\/pages\/1940"}],"wp:attachment":[{"href":"https:\/\/hlb-poland.global\/de\/wp-json\/wp\/v2\/media?parent=1953"}],"curies":[{"name":"wp","href":"https:\/\/api.w.org\/{rel}","templated":true}]}}