
{"id":1955,"date":"2018-12-13T11:55:25","date_gmt":"2018-12-13T10:55:25","guid":{"rendered":"http:\/\/hlb-poland.global\/?page_id=1955"},"modified":"2025-08-14T12:35:37","modified_gmt":"2025-08-14T11:35:37","slug":"mitgliedsfirmen","status":"publish","type":"page","link":"https:\/\/hlb-poland.global\/de\/ueber-uns\/mitgliedsfirmen\/","title":{"rendered":"HLB Poland Mitgliedsfirmen"},"content":{"rendered":"<div class=\"row\">\n<div class=\"col-12 col-sm-12 col-lg-4 company\">\n<h3>Avanta Audit Sp. z o.o. Sp. k.<\/h3>\n<div class=\"logo\"><img decoding=\"async\" src=\"https:\/\/hlb-poland.global\/wp-content\/themes\/hlb-poland\/images\/logo-avanta-audit.png\" alt=\"Avanta Audit Sp. z o.o. Sp. k.\" \/><\/div>\n<p>\t<span style=\"font-weight: bold;\">Adresse:<\/span> ul. Szwedzka 5,<br \/>\n\t55-040 Bielany Wroc\u0142awskie<br \/>\n\t<span style=\"font-weight: bold;\">Telefonnummer:<\/span> +48 71 334 29 60<br \/>\n\t<span style=\"font-weight: bold;\">Faxnummer:<\/span> +48 71 334 29 70<\/p>\n<div class=\"social\"><a title=\"Linkedin\" href=\"https:\/\/www.linkedin.com\/company\/avanta-audit\/\" target=\"_blank\" rel=\"noopener noreferrer\"><img decoding=\"async\" src=\"https:\/\/hlb-poland.global\/wp-content\/themes\/hlb-poland\/images\/icons\/person-sm-linkedin.png\" alt=\"Linkedin\" \/><\/a><\/div>\n<p>\t<a class=\"with-side-decoration\" title=\"Email\" href=\"mailto:biuro@avanta-audit.pl\">Email<\/a><a class=\"with-side-decoration\" title=\"Internetseite\" href=\"https:\/\/www.hlb-avanta.pl\/\" target=\"_blank\" rel=\"noopener noreferrer\">Internetseite<\/a><\/p><\/div>\n<div class=\"col-12 col-sm-12 col-lg-8 related-services\">\n\t<span class=\"bold\" style=\"font-size: 1.3rem;\">Verbundene Dienstleistungen<\/span><\/p>\n<ul>\n<li><a class=\"read-more\" title=\"Wirtschaftspr\u00fcfung\" href=\"https:\/\/hlb-poland.global\/de\/dienstleistungen\/wirtschaftspruefung\/\">Wirtschaftspr\u00fcfung<\/a><\/li>\n<li><a class=\"read-more\" title=\"Transaktionsberatung\" href=\"https:\/\/hlb-poland.global\/de\/dienstleistungen\/transaktionsberatung\/\">Transaktionsberatung<\/a><\/li>\n<li><a class=\"read-more\" title=\"Strategische Beratung\" href=\"https:\/\/hlb-poland.global\/de\/dienstleistungen\/strategische-beratung\/\">Strategische Beratung<\/a><\/li>\n<li><a class=\"read-more\" title=\"Operative Beratung\" href=\"https:\/\/hlb-poland.global\/de\/dienstleistungen\/operative-beratung\/\">Operative Beratung<\/a><\/li>\n<li><a class=\"read-more\" title=\"Schulungen\" href=\"https:\/\/hlb-poland.global\/de\/dienstleistungen\/schulungen\/\">Schulungen<\/a><\/li>\n<\/ul><\/div>\n<\/p><\/div>\n<hr \/>\n<div class=\"row\">\n<div class=\"col-12 col-sm-12 col-lg-4 company\">\n<h3>getsix Group<\/h3>\n<div class=\"logo\"><img decoding=\"async\" src=\"https:\/\/hlb-poland.global\/wp-content\/themes\/hlb-poland\/images\/logo-getsix.png\" alt=\"getsix Group\" \/><\/div>\n<p>\t<span style=\"font-weight: bold;\">Adresse:<\/span> ul. Zwyci\u0119ska 45,<br \/>\n\t53-033 Wroc\u0142aw<br \/>\n\t<span style=\"font-weight: bold;\">Telefonnummer:<\/span> +48 71 388 13 00<br \/>\n\t<span style=\"font-weight: bold;\">Faxnummer:<\/span> +48 71 388 13 10<\/p>\n<div class=\"social\"><a title=\"Linkedin\" href=\"https:\/\/www.linkedin.com\/company\/getsix\/\" target=\"_blank\" rel=\"noopener noreferrer\"><img decoding=\"async\" src=\"https:\/\/hlb-poland.global\/wp-content\/themes\/hlb-poland\/images\/icons\/person-sm-linkedin.png\" alt=\"Linkedin\" \/><\/a><\/a><a title=\"Facebook\" href=\"https:\/\/www.facebook.com\/getsix\/\" target=\"_blank\" rel=\"noopener noreferrer\"><img decoding=\"async\" src=\"https:\/\/hlb-poland.global\/wp-content\/themes\/hlb-poland\/images\/icons\/person-sm-facebook.png\" alt=\"Facebook\" \/><\/a><a title=\"Google My Business\" href=\"https:\/\/getsix-polska.business.site\/\" target=\"_blank\" rel=\"noopener noreferrer\"><img decoding=\"async\" src=\"https:\/\/hlb-poland.global\/wp-content\/themes\/hlb-poland\/images\/icons\/person-sm-googleplus.png\" alt=\"Google My Business\" \/><\/a><\/div>\n<p>\t<a class=\"with-side-decoration\" title=\"Email\" href=\"mailto:info@getsix.pl\">Email<\/a><a class=\"with-side-decoration\" title=\"Internetseite\" href=\"https:\/\/getsix.eu\/\" target=\"_blank\" rel=\"noopener noreferrer\">Internetseite<\/a><\/p><\/div>\n<div class=\"col-12 col-sm-12 col-lg-8 related-services\">\n\t<span class=\"bold\" style=\"font-size: 1.3rem;\">Verbundene Dienstleistungen<\/span><\/p>\n<ul>\n<li><a class=\"read-more\" title=\"Finanzbuchhaltung\" href=\"https:\/\/hlb-poland.global\/de\/dienstleistungen\/finanzbuchhaltung\/\">Finanzbuchhaltung<\/a><\/li>\n<li><a class=\"read-more\" title=\"HR &amp; Personalabrechnung\" href=\"https:\/\/hlb-poland.global\/de\/dienstleistungen\/hr-personalabrechnung\/\">HR &amp; Personalabrechnung<\/a><\/li>\n<li><a class=\"read-more\" title=\"Steuern\" href=\"https:\/\/hlb-poland.global\/de\/dienstleistungen\/steuern\/\">Steuern<\/a><\/li>\n<li><a class=\"read-more\" title=\"Beratung\" href=\"https:\/\/hlb-poland.global\/de\/dienstleistungen\/beratung\/\">Beratung<\/a><\/li>\n<li><a class=\"read-more\" title=\"Kfm. Dienstleistungen\" href=\"https:\/\/hlb-poland.global\/de\/dienstleistungen\/kfm-dienstleistungen\/\">Kfm. Dienstleistungen<\/a><\/li>\n<li><a class=\"read-more\" title=\"IT Dienstleistungen\" href=\"https:\/\/hlb-poland.global\/de\/dienstleistungen\/it-dienstleistungen\/\">IT Dienstleistungen<\/a><\/li>\n<\/ul><\/div>\n<\/p><\/div>\n<hr \/>\n<div class=\"row\">\n<div class=\"col-12 col-sm-12 col-lg-4 company\">\n<h3>HLB M2 Sp. z.o.o. Sp.k.<\/h3>\n<div class=\"logo\"><img decoding=\"async\" src=\"https:\/\/hlb-poland.global\/wp-content\/themes\/hlb-poland\/images\/logo-hlb-m2.png\" alt=\"HLB M2\" \/><\/div>\n<p>\t<span style=\"font-weight: bold;\">Adresse:<\/span> ul. Rakowiecka 41\/27,<br \/>\n\t02-521 Warszawa<br \/>\n\t<span style=\"font-weight: bold;\">Telefonnummer:<\/span> +48 22 487 51 61<br \/>\n\t<span style=\"font-weight: bold;\">Faxnummer:<\/span> +48 22 427 89 61<\/p>\n<div class=\"social\"><a title=\"Linkedin\" href=\"https:\/\/www.linkedin.com\/company\/hlb-m2-audyt-sp--z-o-o-\/\" target=\"_blank\" rel=\"noopener noreferrer\"><img decoding=\"async\" src=\"https:\/\/hlb-poland.global\/wp-content\/themes\/hlb-poland\/images\/icons\/person-sm-linkedin.png\" alt=\"Linkedin\" \/><\/a><a title=\"Facebook\" href=\"https:\/\/www.facebook.com\/HLBM2\/\" target=\"_blank\" rel=\"noopener noreferrer\"><img decoding=\"async\" src=\"https:\/\/hlb-poland.global\/wp-content\/themes\/hlb-poland\/images\/icons\/person-sm-facebook.png\" alt=\"Facebook\" \/><\/a><\/div>\n<p>\t<a class=\"with-side-decoration\" title=\"Email\" href=\"mailto:info@hlbm2.pl\">Email<\/a><a class=\"with-side-decoration\" title=\"Internetseite\" href=\"https:\/\/www.hlbm2.pl\/\" target=\"_blank\" rel=\"noopener noreferrer\">Internetseite<\/a><\/p><\/div>\n<div class=\"col-12 col-sm-12 col-lg-8 related-services\">\n\t<span class=\"bold\" style=\"font-size: 1.3rem;\">Verbundene Dienstleistungen<\/span><\/p>\n<ul>\n<li><a class=\"read-more\" title=\"Wirtschaftspr\u00fcfung\" href=\"https:\/\/hlb-poland.global\/de\/dienstleistungen\/wirtschaftspruefung\/\">Wirtschaftspr\u00fcfung<\/a><\/li>\n<li><a class=\"read-more\" title=\"Sicherheit\" href=\"https:\/\/hlb-poland.global\/de\/dienstleistungen\/sicherheit\/\">Sicherheit<\/a><\/li>\n<li><a class=\"read-more\" title=\"Finanzbuchhaltung\" href=\"https:\/\/hlb-poland.global\/de\/dienstleistungen\/finanzbuchhaltung\/\">Finanzbuchhaltung<\/a><\/li>\n<li><a class=\"read-more\" title=\"HR &amp; Personalabrechnung\" href=\"https:\/\/hlb-poland.global\/de\/dienstleistungen\/hr-personalabrechnung\/\">HR &amp; Personalabrechnung<\/a><\/li>\n<li><a class=\"read-more\" title=\"Steuern\" href=\"https:\/\/hlb-poland.global\/de\/dienstleistungen\/steuern\/\">Steuern<\/a><\/li>\n<li><a class=\"read-more\" title=\"Unternehmensberatung\" href=\"https:\/\/hlb-poland.global\/de\/dienstleistungen\/unternehmensberatung\/\">Unternehmensberatung<\/a><\/li>\n<\/ul><\/div>\n<\/p><\/div>\n<hr \/>\n<div class=\"row\">\n<div class=\"col-12 col-sm-12 col-lg-4 company\">\n<h3>amavat Sp. z o.o.<\/h3>\n<div class=\"logo\"><img decoding=\"async\" src=\"https:\/\/hlb-poland.global\/wp-content\/themes\/hlb-poland\/images\/logo-amavat.png\" alt=\"amavat Sp. z o.o. Sp. k.\" \/><\/div>\n<p>\t<span style=\"font-weight: bold;\">Adresse:<\/span> ul. Zwyci\u0119ska 45,<br \/>\n\t53-033 Wroc\u0142aw<br \/>\n\t<span style=\"font-weight: bold;\">Telefonnummer:<\/span> +48 71 388 13 00<br \/>\n\t<span style=\"font-weight: bold;\">Faxnummer:<\/span> +48 71 388 13 10<\/p>\n<div class=\"social\"><a title=\"Linkedin\" href=\"https:\/\/www.linkedin.com\/company\/amavat\" target=\"_blank\" rel=\"noopener noreferrer\"><img decoding=\"async\" src=\"https:\/\/hlb-poland.global\/wp-content\/themes\/hlb-poland\/images\/icons\/person-sm-linkedin.png\" alt=\"Linkedin\" \/><\/a><a title=\"Facebook\" href=\"https:\/\/www.facebook.com\/amavateurope\/\" target=\"_blank\" rel=\"noopener noreferrer\"><img decoding=\"async\" src=\"https:\/\/hlb-poland.global\/wp-content\/themes\/hlb-poland\/images\/icons\/person-sm-facebook.png\" alt=\"Facebook\" \/><\/a><a title=\"Google My Business\" href=\"https:\/\/amavat.business.site\/\" target=\"_blank\" rel=\"noopener noreferrer\"><img decoding=\"async\" src=\"https:\/\/hlb-poland.global\/wp-content\/themes\/hlb-poland\/images\/icons\/person-sm-googleplus.png\" alt=\"Google My Business\" \/><\/a><\/div>\n<p>\t<a class=\"with-side-decoration\" title=\"Email\" href=\"mailto:info@amavat.eu\">Email<\/a><a class=\"with-side-decoration\" title=\"Internetseite\" href=\"https:\/\/amavat.eu\/\" target=\"_blank\" rel=\"noopener noreferrer\">Internetseite<\/a><\/p><\/div>\n<div class=\"col-12 col-sm-12 col-lg-8 related-services\">\n\t<span class=\"bold\" style=\"font-size: 1.3rem;\">Verbundene Dienstleistungen<\/span><\/p>\n<ul>\n<li><a class=\"read-more\" title=\"Umsatzsteuerlicher Erf\u00fcllungs f\u00fcr Online-H\u00e4ndler\" href=\"https:\/\/hlb-poland.global\/de\/dienstleistungen\/umsatzsteuerlicher-erfuellungs-fuer-online-haendler\/\">Umsatzsteuerlicher Erf\u00fcllungs f\u00fcr Online-H\u00e4ndler<\/a><\/li>\n<\/ul><\/div>\n<\/p><\/div>\n<hr \/>\n<h3>Die enge Zusammenarbeit zwischen polnischen Mitgliedern endet nicht an der polnischen Grenze<\/h3>\n<p>\tIn der polnischen Allianz von HLB arbeiten wir \u00fcberall auf der Welt mit den Mitgliedsfirmen von HLB zusammen, um unserer internationalen Mandantschaft kontinuierlich einen guten Service zu bieten. Die internationale Gesch\u00e4ftst\u00e4tigkeit bringt f\u00fcr namhafte Unternehmen eine ganze Reihe neuer Herausforderungen mit sich, und zwar \u00fcber die sprachlich bedingten Verst\u00e4ndigungsprobleme hinaus: Zum Einen das manchmal komplexe regulatorische und steuerrechtliche Umfeld. Au\u00dferdem sind die schwierigen Bereiche der sozialen und kulturellen Standards zu nennen, von den Vorteilen eines guten Verst\u00e4ndnisses der lokalen Verh\u00e4ltnisse ganz zu schweigen. Alle diese Aspekte lassen die internationale Gesch\u00e4ftst\u00e4tigkeit entweder extrem lohnenswert erscheinen oder aber schrecklich frustrierend. Als Mitglied des HLB Netzwerks und weil wir von der M\u00f6glichkeit Gebrauch machen, mit unseren Kollegen bei HLB gut zusammenzuarbeiten, k\u00f6nnen wir versichern, dass Ihre internationalen Erfahrungen immer positiv und reibungslos sein werden.<\/p>\n<hr \/>\n<h3>HLB Poland versteht ganz selbstverst\u00e4ndlich die Notwendigkeit, die Belange unserer Mandaten auf einer internationalen Basis zu handhaben<\/h3>\n<p>\tBesonders im Bereich des Mittelstands erfordern komplexe Fragestellungen und Anfragen, die aus der internationalen T\u00e4tigkeit resultieren, eine Zusammenarbeit hochqualifizierter internationaler Gesch\u00e4ftspartner.<\/p>\n","protected":false},"excerpt":{"rendered":"<p>Avanta Audit Sp. z o.o. Sp. k. Adresse: ul. Szwedzka 5, 55-040 Bielany Wroc\u0142awskie Telefonnummer: +48 71 334 29 60..<\/p>\n<div class=\"clear\"><\/div><a class=\"more-link\" href=\"https:\/\/hlb-poland.global\/de\/ueber-uns\/mitgliedsfirmen\/\"> Mehr erfahren <\/a>","protected":false},"author":3,"featured_media":0,"parent":1940,"menu_order":0,"comment_status":"closed","ping_status":"closed","template":"","meta":{"_acf_changed":false,"footnotes":""},"class_list":["post-1955","page","type-page","status-publish","hentry"],"acf":[],"yoast_head":"<!-- This site is optimized with the Yoast SEO plugin v27.2 - https:\/\/yoast.com\/product\/yoast-seo-wordpress\/ -->\n<title>HLB Poland Mitgliedsfirmen<\/title>\n<meta name=\"description\" content=\"Die Mitgliedsunternehmen von HLB Poland sind f\u00fchrend in ihren M\u00e4rkten und haben sich verpflichtet, Ihnen den bestm\u00f6glichen Service zu...\" \/>\n<meta name=\"robots\" content=\"index, follow, max-snippet:-1, max-image-preview:large, max-video-preview:-1\" \/>\n<link rel=\"canonical\" href=\"https:\/\/hlb-poland.global\/de\/ueber-uns\/mitgliedsfirmen\/\" \/>\n<meta property=\"og:locale\" content=\"de_DE\" \/>\n<meta property=\"og:type\" content=\"article\" \/>\n<meta property=\"og:title\" content=\"HLB Poland Mitgliedsfirmen\" \/>\n<meta property=\"og:description\" content=\"Die Mitgliedsunternehmen von HLB Poland sind f\u00fchrend in ihren M\u00e4rkten und haben sich verpflichtet, Ihnen den bestm\u00f6glichen Service zu...\" \/>\n<meta property=\"og:url\" content=\"https:\/\/hlb-poland.global\/de\/ueber-uns\/mitgliedsfirmen\/\" \/>\n<meta property=\"og:site_name\" content=\"HLB Poland\" \/>\n<meta property=\"article:publisher\" content=\"https:\/\/www.facebook.com\/HLBPoland\" \/>\n<meta property=\"article:modified_time\" content=\"2025-08-14T11:35:37+00:00\" \/>\n<meta property=\"og:image\" content=\"https:\/\/hlb-poland.global\/wp-content\/themes\/hlb-poland\/images\/logo-avanta-audit.png\" \/>\n<meta name=\"twitter:card\" content=\"summary_large_image\" \/>\n<meta name=\"twitter:label1\" content=\"Gesch\u00e4tzte Lesezeit\" \/>\n\t<meta name=\"twitter:data1\" content=\"4\u00a0Minuten\" \/>\n<script type=\"application\/ld+json\" class=\"yoast-schema-graph\">{\"@context\":\"https:\/\/schema.org\",\"@graph\":[{\"@type\":\"WebPage\",\"@id\":\"https:\/\/hlb-poland.global\/de\/ueber-uns\/mitgliedsfirmen\/\",\"url\":\"https:\/\/hlb-poland.global\/de\/ueber-uns\/mitgliedsfirmen\/\",\"name\":\"HLB Poland Mitgliedsfirmen\",\"isPartOf\":{\"@id\":\"https:\/\/hlb-poland.global\/#website\"},\"primaryImageOfPage\":{\"@id\":\"https:\/\/hlb-poland.global\/de\/ueber-uns\/mitgliedsfirmen\/#primaryimage\"},\"image\":{\"@id\":\"https:\/\/hlb-poland.global\/de\/ueber-uns\/mitgliedsfirmen\/#primaryimage\"},\"thumbnailUrl\":\"https:\/\/hlb-poland.global\/wp-content\/themes\/hlb-poland\/images\/logo-avanta-audit.png\",\"datePublished\":\"2018-12-13T10:55:25+00:00\",\"dateModified\":\"2025-08-14T11:35:37+00:00\",\"description\":\"Die Mitgliedsunternehmen von HLB Poland sind f\u00fchrend in ihren M\u00e4rkten und haben sich verpflichtet, Ihnen den bestm\u00f6glichen Service zu...\",\"breadcrumb\":{\"@id\":\"https:\/\/hlb-poland.global\/de\/ueber-uns\/mitgliedsfirmen\/#breadcrumb\"},\"inLanguage\":\"de\",\"potentialAction\":[{\"@type\":\"ReadAction\",\"target\":[\"https:\/\/hlb-poland.global\/de\/ueber-uns\/mitgliedsfirmen\/\"]}]},{\"@type\":\"ImageObject\",\"inLanguage\":\"de\",\"@id\":\"https:\/\/hlb-poland.global\/de\/ueber-uns\/mitgliedsfirmen\/#primaryimage\",\"url\":\"https:\/\/hlb-poland.global\/wp-content\/themes\/hlb-poland\/images\/logo-avanta-audit.png\",\"contentUrl\":\"https:\/\/hlb-poland.global\/wp-content\/themes\/hlb-poland\/images\/logo-avanta-audit.png\"},{\"@type\":\"BreadcrumbList\",\"@id\":\"https:\/\/hlb-poland.global\/de\/ueber-uns\/mitgliedsfirmen\/#breadcrumb\",\"itemListElement\":[{\"@type\":\"ListItem\",\"position\":1,\"name\":\"Startseite\",\"item\":\"https:\/\/hlb-poland.global\/de\/\"},{\"@type\":\"ListItem\",\"position\":2,\"name\":\"\u00dcber uns\",\"item\":\"https:\/\/hlb-poland.global\/de\/ueber-uns\/\"},{\"@type\":\"ListItem\",\"position\":3,\"name\":\"HLB Poland Mitgliedsfirmen\"}]},{\"@type\":\"WebSite\",\"@id\":\"https:\/\/hlb-poland.global\/#website\",\"url\":\"https:\/\/hlb-poland.global\/\",\"name\":\"HLB Poland\",\"description\":\"Advisory and accounting\",\"publisher\":{\"@id\":\"https:\/\/hlb-poland.global\/#organization\"},\"potentialAction\":[{\"@type\":\"SearchAction\",\"target\":{\"@type\":\"EntryPoint\",\"urlTemplate\":\"https:\/\/hlb-poland.global\/?s={search_term_string}\"},\"query-input\":{\"@type\":\"PropertyValueSpecification\",\"valueRequired\":true,\"valueName\":\"search_term_string\"}}],\"inLanguage\":\"de\"},{\"@type\":\"Organization\",\"@id\":\"https:\/\/hlb-poland.global\/#organization\",\"name\":\"HLB Poland\",\"url\":\"https:\/\/hlb-poland.global\/\",\"logo\":{\"@type\":\"ImageObject\",\"inLanguage\":\"de\",\"@id\":\"https:\/\/hlb-poland.global\/#\/schema\/logo\/image\/\",\"url\":\"https:\/\/hlb-poland.global\/wp-content\/uploads\/2025\/12\/hlb-poland-og-image.png\",\"contentUrl\":\"https:\/\/hlb-poland.global\/wp-content\/uploads\/2025\/12\/hlb-poland-og-image.png\",\"width\":1200,\"height\":630,\"caption\":\"HLB Poland\"},\"image\":{\"@id\":\"https:\/\/hlb-poland.global\/#\/schema\/logo\/image\/\"},\"sameAs\":[\"https:\/\/www.facebook.com\/HLBPoland\",\"https:\/\/www.linkedin.com\/company\/hlb-poland\"]}]}<\/script>\n<!-- \/ Yoast SEO plugin. -->","yoast_head_json":{"title":"HLB Poland Mitgliedsfirmen","description":"Die Mitgliedsunternehmen von HLB Poland sind f\u00fchrend in ihren M\u00e4rkten und haben sich verpflichtet, Ihnen den bestm\u00f6glichen Service zu...","robots":{"index":"index","follow":"follow","max-snippet":"max-snippet:-1","max-image-preview":"max-image-preview:large","max-video-preview":"max-video-preview:-1"},"canonical":"https:\/\/hlb-poland.global\/de\/ueber-uns\/mitgliedsfirmen\/","og_locale":"de_DE","og_type":"article","og_title":"HLB Poland Mitgliedsfirmen","og_description":"Die Mitgliedsunternehmen von HLB Poland sind f\u00fchrend in ihren M\u00e4rkten und haben sich verpflichtet, Ihnen den bestm\u00f6glichen Service zu...","og_url":"https:\/\/hlb-poland.global\/de\/ueber-uns\/mitgliedsfirmen\/","og_site_name":"HLB Poland","article_publisher":"https:\/\/www.facebook.com\/HLBPoland","article_modified_time":"2025-08-14T11:35:37+00:00","og_image":[{"url":"https:\/\/hlb-poland.global\/wp-content\/themes\/hlb-poland\/images\/logo-avanta-audit.png","type":"","width":"","height":""}],"twitter_card":"summary_large_image","twitter_misc":{"Gesch\u00e4tzte Lesezeit":"4\u00a0Minuten"},"schema":{"@context":"https:\/\/schema.org","@graph":[{"@type":"WebPage","@id":"https:\/\/hlb-poland.global\/de\/ueber-uns\/mitgliedsfirmen\/","url":"https:\/\/hlb-poland.global\/de\/ueber-uns\/mitgliedsfirmen\/","name":"HLB Poland Mitgliedsfirmen","isPartOf":{"@id":"https:\/\/hlb-poland.global\/#website"},"primaryImageOfPage":{"@id":"https:\/\/hlb-poland.global\/de\/ueber-uns\/mitgliedsfirmen\/#primaryimage"},"image":{"@id":"https:\/\/hlb-poland.global\/de\/ueber-uns\/mitgliedsfirmen\/#primaryimage"},"thumbnailUrl":"https:\/\/hlb-poland.global\/wp-content\/themes\/hlb-poland\/images\/logo-avanta-audit.png","datePublished":"2018-12-13T10:55:25+00:00","dateModified":"2025-08-14T11:35:37+00:00","description":"Die Mitgliedsunternehmen von HLB Poland sind f\u00fchrend in ihren M\u00e4rkten und haben sich verpflichtet, Ihnen den bestm\u00f6glichen Service zu...","breadcrumb":{"@id":"https:\/\/hlb-poland.global\/de\/ueber-uns\/mitgliedsfirmen\/#breadcrumb"},"inLanguage":"de","potentialAction":[{"@type":"ReadAction","target":["https:\/\/hlb-poland.global\/de\/ueber-uns\/mitgliedsfirmen\/"]}]},{"@type":"ImageObject","inLanguage":"de","@id":"https:\/\/hlb-poland.global\/de\/ueber-uns\/mitgliedsfirmen\/#primaryimage","url":"https:\/\/hlb-poland.global\/wp-content\/themes\/hlb-poland\/images\/logo-avanta-audit.png","contentUrl":"https:\/\/hlb-poland.global\/wp-content\/themes\/hlb-poland\/images\/logo-avanta-audit.png"},{"@type":"BreadcrumbList","@id":"https:\/\/hlb-poland.global\/de\/ueber-uns\/mitgliedsfirmen\/#breadcrumb","itemListElement":[{"@type":"ListItem","position":1,"name":"Startseite","item":"https:\/\/hlb-poland.global\/de\/"},{"@type":"ListItem","position":2,"name":"\u00dcber uns","item":"https:\/\/hlb-poland.global\/de\/ueber-uns\/"},{"@type":"ListItem","position":3,"name":"HLB Poland Mitgliedsfirmen"}]},{"@type":"WebSite","@id":"https:\/\/hlb-poland.global\/#website","url":"https:\/\/hlb-poland.global\/","name":"HLB Poland","description":"Advisory and accounting","publisher":{"@id":"https:\/\/hlb-poland.global\/#organization"},"potentialAction":[{"@type":"SearchAction","target":{"@type":"EntryPoint","urlTemplate":"https:\/\/hlb-poland.global\/?s={search_term_string}"},"query-input":{"@type":"PropertyValueSpecification","valueRequired":true,"valueName":"search_term_string"}}],"inLanguage":"de"},{"@type":"Organization","@id":"https:\/\/hlb-poland.global\/#organization","name":"HLB Poland","url":"https:\/\/hlb-poland.global\/","logo":{"@type":"ImageObject","inLanguage":"de","@id":"https:\/\/hlb-poland.global\/#\/schema\/logo\/image\/","url":"https:\/\/hlb-poland.global\/wp-content\/uploads\/2025\/12\/hlb-poland-og-image.png","contentUrl":"https:\/\/hlb-poland.global\/wp-content\/uploads\/2025\/12\/hlb-poland-og-image.png","width":1200,"height":630,"caption":"HLB Poland"},"image":{"@id":"https:\/\/hlb-poland.global\/#\/schema\/logo\/image\/"},"sameAs":["https:\/\/www.facebook.com\/HLBPoland","https:\/\/www.linkedin.com\/company\/hlb-poland"]}]}},"_links":{"self":[{"href":"https:\/\/hlb-poland.global\/de\/wp-json\/wp\/v2\/pages\/1955","targetHints":{"allow":["GET"]}}],"collection":[{"href":"https:\/\/hlb-poland.global\/de\/wp-json\/wp\/v2\/pages"}],"about":[{"href":"https:\/\/hlb-poland.global\/de\/wp-json\/wp\/v2\/types\/page"}],"author":[{"embeddable":true,"href":"https:\/\/hlb-poland.global\/de\/wp-json\/wp\/v2\/users\/3"}],"replies":[{"embeddable":true,"href":"https:\/\/hlb-poland.global\/de\/wp-json\/wp\/v2\/comments?post=1955"}],"version-history":[{"count":27,"href":"https:\/\/hlb-poland.global\/de\/wp-json\/wp\/v2\/pages\/1955\/revisions"}],"predecessor-version":[{"id":17846,"href":"https:\/\/hlb-poland.global\/de\/wp-json\/wp\/v2\/pages\/1955\/revisions\/17846"}],"up":[{"embeddable":true,"href":"https:\/\/hlb-poland.global\/de\/wp-json\/wp\/v2\/pages\/1940"}],"wp:attachment":[{"href":"https:\/\/hlb-poland.global\/de\/wp-json\/wp\/v2\/media?parent=1955"}],"curies":[{"name":"wp","href":"https:\/\/api.w.org\/{rel}","templated":true}]}}