
{"id":1957,"date":"2018-12-13T12:21:24","date_gmt":"2018-12-13T11:21:24","guid":{"rendered":"http:\/\/hlb-poland.global\/?page_id=1957"},"modified":"2022-10-10T11:10:21","modified_gmt":"2022-10-10T10:10:21","slug":"dienstleistungen","status":"publish","type":"page","link":"https:\/\/hlb-poland.global\/de\/dienstleistungen\/","title":{"rendered":"Dienstleistungen"},"content":{"rendered":"<h3>Abgestimmt auf Ihre Bed\u00fcrfnisse \u2013 Wenn es nicht zu Ihren Kernkompetenzen geh\u00f6rt, dann geh\u00f6rt es h\u00f6chstwahrscheinlich zu unseren!<\/h3>\n<p><span style=\"font-weight: bold;\">HLB Poland<\/span> \u00fcbernimmt f\u00fcr Sie Einzeldienstleistungen, ganze Bereiche (z.B. Steuern, Audit, Buchhaltung oder Personalwesen) oder komplette Gesch\u00e4ftsprozesse. Wir entwickeln bestehende Dienstleistungen weiter, managen Sie, oder erstellen und betreuen komplett neue, wobei wir die Dienstleistungen oder Komplettl\u00f6sungen direkt an Ihre Anforderungen anpassen k\u00f6nnen.<\/p>\n<p>Die <span style=\"font-weight: bold;\">HLB Poland<\/span> L\u00e4nderreferenten freuen Sich darauf Ihre Fragen, in der von Ihnen gew\u00fcnschten Sprache, zu beantworten.<\/p>\n<hr \/>\n<div class=\"row\">\n<div class=\"col-12 col-md-12 col-lg-4 col-xl-4 block\">\n<div class=\"image\"><img decoding=\"async\" class=\"img-fluid\" src=\"https:\/\/hlb-poland.global\/wp-content\/themes\/hlb-poland\/images\/audit-reviews-m.jpg\" alt=\"Wirtschaftspr\u00fcfung\" \/><\/div>\n<h4>Wirtschaftspr\u00fcfung<\/h4>\n<p><span style=\"font-weight: bold;\">HLB Poland<\/span> bietet Dienstleistungen f\u00fcr Finanzpr\u00fcfungsdienstleistungen h\u00f6chster Qualit\u00e4t entsprechend den polnischen&#8230;<br \/>\n<a class=\"more-link\" title=\"Wirtschaftspr\u00fcfung\" href=\"https:\/\/hlb-poland.global\/de\/dienstleistungen\/wirtschaftspruefung\/\">Mehr erfahren<\/a><\/p>\n<\/div>\n<div class=\"col-12 col-md-12 col-lg-4 col-xl-4 block\">\n<div class=\"image\"><img decoding=\"async\" class=\"img-fluid\" src=\"https:\/\/hlb-poland.global\/wp-content\/themes\/hlb-poland\/images\/assurance-m.jpg\" alt=\"Sicherheit\" \/><\/div>\n<h4>Versicherung<\/h4>\n<p>Wenn Unternehmen versuchen, Gesch\u00e4fte mit anderen Organisationen zu t\u00e4tigen, vielleicht Geld von externen Investoren&#8230;<br \/>\n<a class=\"more-link\" title=\"Versicherung\" href=\"https:\/\/hlb-poland.global\/de\/dienstleistungen\/versicherung\/\">Mehr erfahren<\/a><\/p>\n<\/div>\n<div class=\"col-12 col-md-12 col-lg-4 col-xl-4 block\">\n<div class=\"image\"><img decoding=\"async\" class=\"img-fluid\" src=\"https:\/\/hlb-poland.global\/wp-content\/themes\/hlb-poland\/images\/finance-accounting-m.jpg\" alt=\"Finanzbuchhaltung\" \/><\/div>\n<h4>Finanzbuchhaltung<\/h4>\n<p>Ihre Gesellschaft verdient bei der Buchf\u00fchrung und dem Berichtswesen die gleiche Qualit\u00e4t, die ein Fortune-500-Unternehmen&#8230;<br \/>\n<a class=\"more-link\" title=\"Finanzbuchhaltung\" href=\"https:\/\/hlb-poland.global\/de\/dienstleistungen\/finanzbuchhaltung\/\">Mehr erfahren<\/a><\/p>\n<\/div>\n<div class=\"col-12 col-md-12 col-lg-4 col-xl-4 block\">\n<div class=\"image\"><img decoding=\"async\" class=\"img-fluid\" src=\"https:\/\/hlb-poland.global\/wp-content\/themes\/hlb-poland\/images\/corporate-advisory-m.jpg\" alt=\"Unternehmensberatung\" \/><\/div>\n<h4>Unternehmensberatung<\/h4>\n<p>Jedes Gesch\u00e4ft bringt seine eigenen Herausforderungen mit sich, f\u00fcr die Spezialisten mit ihrem Wissen&#8230;<br \/>\n<a class=\"more-link\" title=\"Unternehmensberatung\" href=\"https:\/\/hlb-poland.global\/de\/dienstleistungen\/unternehmensberatung\/\">Mehr erfahren<\/a><\/p>\n<\/div>\n<div class=\"col-12 col-md-12 col-lg-4 col-xl-4 block\">\n<div class=\"image\"><img decoding=\"async\" class=\"img-fluid\" src=\"https:\/\/hlb-poland.global\/wp-content\/themes\/hlb-poland\/images\/tax-m.jpg\" alt=\"Steuern\" \/><\/div>\n<h4>Steuern<\/h4>\n<p>Steuern spielen in nahezu jedem Bereich Ihrer Gesch\u00e4ftst\u00e4tigkeit eine wichtige Rolle. Um unangenehme \u00dcberraschungen&#8230;<br \/>\n<a class=\"more-link\" title=\"Steuern\" href=\"https:\/\/hlb-poland.global\/de\/dienstleistungen\/steuern\/\">Mehr erfahren<\/a><\/p>\n<\/div>\n<div class=\"col-12 col-md-12 col-lg-4 col-xl-4 block\">\n<div class=\"image\"><img decoding=\"async\" class=\"img-fluid\" src=\"https:\/\/hlb-poland.global\/wp-content\/themes\/hlb-poland\/images\/hr-payroll-m.jpg\" alt=\"HR &amp; Personalabrechnung\" \/><\/div>\n<h4>HR &amp; Personalabrechnung<\/h4>\n<p>Die Auslagerung Ihres Personalwesens sowie Ihrer Lohn- und Gehaltsabrechnung an einen externen Dienstleister hat eine Menge&#8230;<br \/>\n<a class=\"more-link\" title=\"HR &amp; Personalabrechnung\" href=\"https:\/\/hlb-poland.global\/de\/dienstleistungen\/hr-personalabrechnung\/\">Mehr erfahren<\/a><\/p>\n<\/div>\n<div class=\"col-12 col-md-12 col-lg-4 col-xl-4 block\">\n<div class=\"image\"><img decoding=\"async\" class=\"img-fluid\" src=\"https:\/\/hlb-poland.global\/wp-content\/themes\/hlb-poland\/images\/transaction-advisory-m.jpg\" alt=\"Transaktionsberatung\" \/><\/div>\n<h4>Transaktionsberatung<\/h4>\n<p>Transaktionsberatung umfasst komplexe Unterst\u00fctzung sowohl der Verk\u00e4ufer als auch der K\u00e4ufer im In- und Ausland&#8230;<br \/>\n<a class=\"more-link\" title=\"Transaktionsberatung\" href=\"https:\/\/hlb-poland.global\/de\/dienstleistungen\/transaktionsberatung\/\">Mehr erfahren<\/a><\/p>\n<\/div>\n<div class=\"col-12 col-md-12 col-lg-4 col-xl-4 block\">\n<div class=\"image\"><img decoding=\"async\" class=\"img-fluid\" src=\"https:\/\/hlb-poland.global\/wp-content\/themes\/hlb-poland\/images\/strategic-advisory-m.jpg\" alt=\"Strategische Beratung\" \/><\/div>\n<h4>Strategische Beratung<\/h4>\n<p>Eine fundierte strategische Planung bedarf der systematischen Gewinnung und Analyse von Informationen aus dem Unternehmen&#8230;<br \/>\n<a class=\"more-link\" title=\"Strategische Beratung\" href=\"https:\/\/hlb-poland.global\/de\/dienstleistungen\/strategische-beratung\/\">Mehr erfahren<\/a><\/p>\n<\/div>\n<div class=\"col-12 col-md-12 col-lg-4 col-xl-4 block\">\n<div class=\"image\"><img decoding=\"async\" class=\"img-fluid\" src=\"https:\/\/hlb-poland.global\/wp-content\/themes\/hlb-poland\/images\/operational-advisory-m.jpg\" alt=\"Operative Beratung\" \/><\/div>\n<h4>Operative Beratung<\/h4>\n<p>Die operative Beratung umfasst Aktivit\u00e4ten, die darauf abzielen, den laufenden Betrieb des Unternehmens zu optimieren&#8230;<br \/>\n<a class=\"more-link\" title=\"Operative Beratung\" href=\"https:\/\/hlb-poland.global\/de\/dienstleistungen\/operative-beratung\/\">Mehr erfahren<\/a><\/p>\n<\/div>\n<div class=\"col-12 col-md-12 col-lg-4 col-xl-4 block\">\n<div class=\"image\"><img decoding=\"async\" class=\"img-fluid\" src=\"https:\/\/hlb-poland.global\/wp-content\/themes\/hlb-poland\/images\/business-services-m.jpg\" alt=\"Kfm. Dienstleistungen\" \/><\/div>\n<h4>Kfm. Dienstleistungen<\/h4>\n<p>Wenn Sie f\u00fcr Ihre Gesch\u00e4ftst\u00e4tigkeit einen Standort in Polen ben\u00f6tigen, dann \u00fcbernimmt <span style=\"font-weight: bold;\">HLB Poland<\/span> gerne in Ihrem Auftrag&#8230;<br \/>\n<a class=\"more-link\" title=\"Kfm. Dienstleistungen\" href=\"https:\/\/hlb-poland.global\/de\/dienstleistungen\/kfm-dienstleistungen\/\">Mehr erfahren<\/a><\/p>\n<\/div>\n<div class=\"col-12 col-md-12 col-lg-4 col-xl-4 block\">\n<div class=\"image\"><img decoding=\"async\" class=\"img-fluid\" src=\"https:\/\/hlb-poland.global\/wp-content\/themes\/hlb-poland\/images\/consulting-m.jpg\" alt=\"Beratung\" \/><\/div>\n<h4>Beratung<\/h4>\n<p>Die <span style=\"font-weight: bold;\">HLB Poland<\/span> Unternehmensberatung ist nach ISO 9001:2008 zertifiziert f\u00fcr die Gestaltung, Entwicklung und Bereitstellung&#8230;<br \/>\n<a class=\"more-link\" title=\"Beratung\" href=\"https:\/\/hlb-poland.global\/de\/dienstleistungen\/beratung\/\">Mehr erfahren<\/a><\/p>\n<\/div>\n<div class=\"col-12 col-md-12 col-lg-4 col-xl-4 block\">\n<div class=\"image\"><img decoding=\"async\" class=\"img-fluid\" src=\"https:\/\/hlb-poland.global\/wp-content\/themes\/hlb-poland\/images\/it-services-m.jpg\" alt=\"IT Dienstleistungen\" \/><\/div>\n<h4>IT Dienstleistungen<\/h4>\n<p><span style=\"font-weight: bold;\">HLB Poland<\/span> bietet Ihrem Unternehmen mit einem Stab spezialisierter Mitarbeiter Beratungs- und Serviceleistungen im Berich&#8230;<br \/>\n<a class=\"more-link\" title=\"IT Dienstleistungen\" href=\"https:\/\/hlb-poland.global\/de\/dienstleistungen\/it-dienstleistungen\/\">Mehr erfahren<\/a><\/p>\n<\/div>\n<div class=\"col-12 col-md-12 col-lg-4 col-xl-4 block-last\">\n<div class=\"image\"><img decoding=\"async\" class=\"img-fluid\" src=\"https:\/\/hlb-poland.global\/wp-content\/themes\/hlb-poland\/images\/vat-compliance-for-online-sellers-m.jpg\" alt=\"Umsatzsteuerlicher Erf\u00fcllungs f\u00fcr Online-H\u00e4ndler\" \/><\/div>\n<h4>Umsatzsteuerlicher Erf\u00fcllungs f\u00fcr Online-H\u00e4ndler<\/h4>\n<p>Im Jahr 2017 haben 1,66 Milliarden Menschen Online-Eink\u00e4ufe get\u00e4tigt und der Online-Einzelhandel erzielte weltweit einen Umsatz&#8230;<br \/>\n<a class=\"more-link\" title=\"Umsatzsteuerlicher Erf\u00fcllungs f\u00fcr Online-H\u00e4ndler\" href=\"https:\/\/hlb-poland.global\/de\/dienstleistungen\/umsatzsteuerlicher-erfuellungs-fuer-online-haendler\/\">Mehr erfahren<\/a><\/p>\n<\/div>\n<div class=\"col-12 col-md-12 col-lg-4 col-xl-4 block-last\">\n<div class=\"image\"><img decoding=\"async\" class=\"img-fluid\" src=\"https:\/\/hlb-poland.global\/wp-content\/themes\/hlb-poland\/images\/trainings-m.jpg\" alt=\"Schulungen\" \/><\/div>\n<h4>Schulungen<\/h4>\n<p>Wir bieten ein breites Spektrum an Schulungen, Workshops und Beratungen im Bereich Rechnungswesen und Finanzen an, die wir unabh\u00e4ngig voneinander&#8230;<br \/>\n<a class=\"more-link\" title=\"Schulungen\" href=\"https:\/\/hlb-poland.global\/de\/dienstleistungen\/schulungen\/\">Mehr erfahren<\/a><\/p>\n<\/div>\n<div class=\"col-12 col-md-12 col-lg-4 col-xl-4 block-last\">\n<div class=\"image\"><img decoding=\"async\" class=\"img-fluid\" src=\"https:\/\/hlb-poland.global\/wp-content\/themes\/hlb-poland\/images\/legal-m.jpg\" alt=\"Rechtsberatung\" \/><\/div>\n<h4>Rechtsberatung von Partnerfirmen<\/h4>\n<p>In einem unternehmerischen Umfeld, das zunehmend global und komplex wird, m\u00f6chten Sie sicherstellen, dass Sie gut beraten sind, um Ihre Themen so effizient&#8230;<br \/>\n<a class=\"more-link\" title=\"Rechtsberatung\" href=\"https:\/\/hlb-poland.global\/de\/dienstleistungen\/rechtsberatung\/\">Mehr erfahren<\/a><\/p>\n<\/div>\n<\/div>\n","protected":false},"excerpt":{"rendered":"<p>Abgestimmt auf Ihre Bed\u00fcrfnisse \u2013 Wenn es nicht zu Ihren Kernkompetenzen geh\u00f6rt, dann geh\u00f6rt es h\u00f6chstwahrscheinlich zu unseren! HLB Poland..<\/p>\n<div class=\"clear\"><\/div><a class=\"more-link\" href=\"https:\/\/hlb-poland.global\/de\/dienstleistungen\/\"> Mehr erfahren <\/a>","protected":false},"author":3,"featured_media":0,"parent":0,"menu_order":0,"comment_status":"closed","ping_status":"closed","template":"","meta":{"_acf_changed":false,"footnotes":""},"class_list":["post-1957","page","type-page","status-publish","hentry"],"acf":[],"yoast_head":"<!-- This site is optimized with the Yoast SEO plugin v27.2 - https:\/\/yoast.com\/product\/yoast-seo-wordpress\/ -->\n<title>Dienstleistungen | HLB Poland<\/title>\n<meta name=\"description\" content=\"Das Ziel von HLB Poland ist es, ein starker Partner bei der Unterst\u00fctzung und Steuerung des t\u00e4glichen Gesch\u00e4ftsprozesses f\u00fcr in Polen...\" \/>\n<meta name=\"robots\" content=\"index, follow, max-snippet:-1, max-image-preview:large, max-video-preview:-1\" \/>\n<link rel=\"canonical\" href=\"https:\/\/hlb-poland.global\/de\/dienstleistungen\/\" \/>\n<meta property=\"og:locale\" content=\"de_DE\" \/>\n<meta property=\"og:type\" content=\"article\" \/>\n<meta property=\"og:title\" content=\"Dienstleistungen | HLB Poland\" \/>\n<meta property=\"og:description\" content=\"Das Ziel von HLB Poland ist es, ein starker Partner bei der Unterst\u00fctzung und Steuerung des t\u00e4glichen Gesch\u00e4ftsprozesses f\u00fcr in Polen...\" \/>\n<meta property=\"og:url\" content=\"https:\/\/hlb-poland.global\/de\/dienstleistungen\/\" \/>\n<meta property=\"og:site_name\" content=\"HLB Poland\" \/>\n<meta property=\"article:publisher\" content=\"https:\/\/www.facebook.com\/HLBPoland\" \/>\n<meta property=\"article:modified_time\" content=\"2022-10-10T10:10:21+00:00\" \/>\n<meta property=\"og:image\" content=\"https:\/\/hlb-poland.global\/wp-content\/themes\/hlb-poland\/images\/audit-reviews-m.jpg\" \/>\n<meta name=\"twitter:card\" content=\"summary_large_image\" \/>\n<meta name=\"twitter:label1\" content=\"Gesch\u00e4tzte Lesezeit\" \/>\n\t<meta name=\"twitter:data1\" content=\"2\u00a0Minuten\" \/>\n<script type=\"application\/ld+json\" class=\"yoast-schema-graph\">{\"@context\":\"https:\/\/schema.org\",\"@graph\":[{\"@type\":\"WebPage\",\"@id\":\"https:\/\/hlb-poland.global\/de\/dienstleistungen\/\",\"url\":\"https:\/\/hlb-poland.global\/de\/dienstleistungen\/\",\"name\":\"Dienstleistungen | HLB Poland\",\"isPartOf\":{\"@id\":\"https:\/\/hlb-poland.global\/#website\"},\"primaryImageOfPage\":{\"@id\":\"https:\/\/hlb-poland.global\/de\/dienstleistungen\/#primaryimage\"},\"image\":{\"@id\":\"https:\/\/hlb-poland.global\/de\/dienstleistungen\/#primaryimage\"},\"thumbnailUrl\":\"https:\/\/hlb-poland.global\/wp-content\/themes\/hlb-poland\/images\/audit-reviews-m.jpg\",\"datePublished\":\"2018-12-13T11:21:24+00:00\",\"dateModified\":\"2022-10-10T10:10:21+00:00\",\"description\":\"Das Ziel von HLB Poland ist es, ein starker Partner bei der Unterst\u00fctzung und Steuerung des t\u00e4glichen Gesch\u00e4ftsprozesses f\u00fcr in Polen...\",\"breadcrumb\":{\"@id\":\"https:\/\/hlb-poland.global\/de\/dienstleistungen\/#breadcrumb\"},\"inLanguage\":\"de\",\"potentialAction\":[{\"@type\":\"ReadAction\",\"target\":[\"https:\/\/hlb-poland.global\/de\/dienstleistungen\/\"]}]},{\"@type\":\"ImageObject\",\"inLanguage\":\"de\",\"@id\":\"https:\/\/hlb-poland.global\/de\/dienstleistungen\/#primaryimage\",\"url\":\"https:\/\/hlb-poland.global\/wp-content\/themes\/hlb-poland\/images\/audit-reviews-m.jpg\",\"contentUrl\":\"https:\/\/hlb-poland.global\/wp-content\/themes\/hlb-poland\/images\/audit-reviews-m.jpg\"},{\"@type\":\"BreadcrumbList\",\"@id\":\"https:\/\/hlb-poland.global\/de\/dienstleistungen\/#breadcrumb\",\"itemListElement\":[{\"@type\":\"ListItem\",\"position\":1,\"name\":\"Startseite\",\"item\":\"https:\/\/hlb-poland.global\/de\/\"},{\"@type\":\"ListItem\",\"position\":2,\"name\":\"Dienstleistungen\"}]},{\"@type\":\"WebSite\",\"@id\":\"https:\/\/hlb-poland.global\/#website\",\"url\":\"https:\/\/hlb-poland.global\/\",\"name\":\"HLB Poland\",\"description\":\"Advisory and accounting\",\"publisher\":{\"@id\":\"https:\/\/hlb-poland.global\/#organization\"},\"potentialAction\":[{\"@type\":\"SearchAction\",\"target\":{\"@type\":\"EntryPoint\",\"urlTemplate\":\"https:\/\/hlb-poland.global\/?s={search_term_string}\"},\"query-input\":{\"@type\":\"PropertyValueSpecification\",\"valueRequired\":true,\"valueName\":\"search_term_string\"}}],\"inLanguage\":\"de\"},{\"@type\":\"Organization\",\"@id\":\"https:\/\/hlb-poland.global\/#organization\",\"name\":\"HLB Poland\",\"url\":\"https:\/\/hlb-poland.global\/\",\"logo\":{\"@type\":\"ImageObject\",\"inLanguage\":\"de\",\"@id\":\"https:\/\/hlb-poland.global\/#\/schema\/logo\/image\/\",\"url\":\"https:\/\/hlb-poland.global\/wp-content\/uploads\/2025\/12\/hlb-poland-og-image.png\",\"contentUrl\":\"https:\/\/hlb-poland.global\/wp-content\/uploads\/2025\/12\/hlb-poland-og-image.png\",\"width\":1200,\"height\":630,\"caption\":\"HLB Poland\"},\"image\":{\"@id\":\"https:\/\/hlb-poland.global\/#\/schema\/logo\/image\/\"},\"sameAs\":[\"https:\/\/www.facebook.com\/HLBPoland\",\"https:\/\/www.linkedin.com\/company\/hlb-poland\"]}]}<\/script>\n<!-- \/ Yoast SEO plugin. -->","yoast_head_json":{"title":"Dienstleistungen | HLB Poland","description":"Das Ziel von HLB Poland ist es, ein starker Partner bei der Unterst\u00fctzung und Steuerung des t\u00e4glichen Gesch\u00e4ftsprozesses f\u00fcr in Polen...","robots":{"index":"index","follow":"follow","max-snippet":"max-snippet:-1","max-image-preview":"max-image-preview:large","max-video-preview":"max-video-preview:-1"},"canonical":"https:\/\/hlb-poland.global\/de\/dienstleistungen\/","og_locale":"de_DE","og_type":"article","og_title":"Dienstleistungen | HLB Poland","og_description":"Das Ziel von HLB Poland ist es, ein starker Partner bei der Unterst\u00fctzung und Steuerung des t\u00e4glichen Gesch\u00e4ftsprozesses f\u00fcr in Polen...","og_url":"https:\/\/hlb-poland.global\/de\/dienstleistungen\/","og_site_name":"HLB Poland","article_publisher":"https:\/\/www.facebook.com\/HLBPoland","article_modified_time":"2022-10-10T10:10:21+00:00","og_image":[{"url":"https:\/\/hlb-poland.global\/wp-content\/themes\/hlb-poland\/images\/audit-reviews-m.jpg","type":"","width":"","height":""}],"twitter_card":"summary_large_image","twitter_misc":{"Gesch\u00e4tzte Lesezeit":"2\u00a0Minuten"},"schema":{"@context":"https:\/\/schema.org","@graph":[{"@type":"WebPage","@id":"https:\/\/hlb-poland.global\/de\/dienstleistungen\/","url":"https:\/\/hlb-poland.global\/de\/dienstleistungen\/","name":"Dienstleistungen | HLB Poland","isPartOf":{"@id":"https:\/\/hlb-poland.global\/#website"},"primaryImageOfPage":{"@id":"https:\/\/hlb-poland.global\/de\/dienstleistungen\/#primaryimage"},"image":{"@id":"https:\/\/hlb-poland.global\/de\/dienstleistungen\/#primaryimage"},"thumbnailUrl":"https:\/\/hlb-poland.global\/wp-content\/themes\/hlb-poland\/images\/audit-reviews-m.jpg","datePublished":"2018-12-13T11:21:24+00:00","dateModified":"2022-10-10T10:10:21+00:00","description":"Das Ziel von HLB Poland ist es, ein starker Partner bei der Unterst\u00fctzung und Steuerung des t\u00e4glichen Gesch\u00e4ftsprozesses f\u00fcr in Polen...","breadcrumb":{"@id":"https:\/\/hlb-poland.global\/de\/dienstleistungen\/#breadcrumb"},"inLanguage":"de","potentialAction":[{"@type":"ReadAction","target":["https:\/\/hlb-poland.global\/de\/dienstleistungen\/"]}]},{"@type":"ImageObject","inLanguage":"de","@id":"https:\/\/hlb-poland.global\/de\/dienstleistungen\/#primaryimage","url":"https:\/\/hlb-poland.global\/wp-content\/themes\/hlb-poland\/images\/audit-reviews-m.jpg","contentUrl":"https:\/\/hlb-poland.global\/wp-content\/themes\/hlb-poland\/images\/audit-reviews-m.jpg"},{"@type":"BreadcrumbList","@id":"https:\/\/hlb-poland.global\/de\/dienstleistungen\/#breadcrumb","itemListElement":[{"@type":"ListItem","position":1,"name":"Startseite","item":"https:\/\/hlb-poland.global\/de\/"},{"@type":"ListItem","position":2,"name":"Dienstleistungen"}]},{"@type":"WebSite","@id":"https:\/\/hlb-poland.global\/#website","url":"https:\/\/hlb-poland.global\/","name":"HLB Poland","description":"Advisory and accounting","publisher":{"@id":"https:\/\/hlb-poland.global\/#organization"},"potentialAction":[{"@type":"SearchAction","target":{"@type":"EntryPoint","urlTemplate":"https:\/\/hlb-poland.global\/?s={search_term_string}"},"query-input":{"@type":"PropertyValueSpecification","valueRequired":true,"valueName":"search_term_string"}}],"inLanguage":"de"},{"@type":"Organization","@id":"https:\/\/hlb-poland.global\/#organization","name":"HLB Poland","url":"https:\/\/hlb-poland.global\/","logo":{"@type":"ImageObject","inLanguage":"de","@id":"https:\/\/hlb-poland.global\/#\/schema\/logo\/image\/","url":"https:\/\/hlb-poland.global\/wp-content\/uploads\/2025\/12\/hlb-poland-og-image.png","contentUrl":"https:\/\/hlb-poland.global\/wp-content\/uploads\/2025\/12\/hlb-poland-og-image.png","width":1200,"height":630,"caption":"HLB Poland"},"image":{"@id":"https:\/\/hlb-poland.global\/#\/schema\/logo\/image\/"},"sameAs":["https:\/\/www.facebook.com\/HLBPoland","https:\/\/www.linkedin.com\/company\/hlb-poland"]}]}},"_links":{"self":[{"href":"https:\/\/hlb-poland.global\/de\/wp-json\/wp\/v2\/pages\/1957","targetHints":{"allow":["GET"]}}],"collection":[{"href":"https:\/\/hlb-poland.global\/de\/wp-json\/wp\/v2\/pages"}],"about":[{"href":"https:\/\/hlb-poland.global\/de\/wp-json\/wp\/v2\/types\/page"}],"author":[{"embeddable":true,"href":"https:\/\/hlb-poland.global\/de\/wp-json\/wp\/v2\/users\/3"}],"replies":[{"embeddable":true,"href":"https:\/\/hlb-poland.global\/de\/wp-json\/wp\/v2\/comments?post=1957"}],"version-history":[{"count":21,"href":"https:\/\/hlb-poland.global\/de\/wp-json\/wp\/v2\/pages\/1957\/revisions"}],"predecessor-version":[{"id":11040,"href":"https:\/\/hlb-poland.global\/de\/wp-json\/wp\/v2\/pages\/1957\/revisions\/11040"}],"wp:attachment":[{"href":"https:\/\/hlb-poland.global\/de\/wp-json\/wp\/v2\/media?parent=1957"}],"curies":[{"name":"wp","href":"https:\/\/api.w.org\/{rel}","templated":true}]}}