
{"id":1959,"date":"2018-12-13T12:23:17","date_gmt":"2018-12-13T11:23:17","guid":{"rendered":"http:\/\/hlb-poland.global\/?page_id=1959"},"modified":"2026-03-13T08:59:57","modified_gmt":"2026-03-13T07:59:57","slug":"wirtschaftspruefung","status":"publish","type":"page","link":"https:\/\/hlb-poland.global\/de\/dienstleistungen\/wirtschaftspruefung\/","title":{"rendered":"Wirtschaftspr\u00fcfung und Pr\u00fcfung von Jahresabschl\u00fcssen in Polen"},"content":{"rendered":"<h3>Unsere Erfahrung<\/h3>\n<p>HLB Poland pr\u00fcft Jahresabschl\u00fcsse von Unternehmen aus vielen Branchen, eingeschlossen IT, industrielle Fertigung, Transport, Bau, Entwicklung, Nahrungsmittel und Getr\u00e4nke und Handel.<\/p>\n<p>Zu unseren Kunden geh\u00f6ren Unternehmen, welche an der Warschauer B\u00f6rse notiert sind und nicht staatliche Einheiten mit einer Jahresbilanzsumme i.H.v. ca. PLN 1.000.000.000 oder einem Jahresumsatz \u00fcber PLN 900.000.000. <span style=\"font-weight: bold;\">HLB Poland<\/span> pr\u00fcft Jahresabschl\u00fcsse von Unternehmen aus dem Finanzsektor mit einer Jahresbilanzsumme i.H.v. ca. PLN 3.000.000.000, Unternehmen in speziellen Wirtschaftszonen und staatseigene Betriebe oder Stiftungen.<\/p>\n<p>Au\u00dferdem haben wir f\u00fcr mehrere Dutzend Projekte Umstrukturierungspl\u00e4ne f\u00fcr die Rechnungspr\u00fcfung fertiggestellt.<\/p>\n<hr \/>\n<h3>Detailliertes Leistungsspektrum:<\/h3>\n<div class=\"row\">\n<div class=\"col-12 col-sm-9 col-md-6 col-lg-6\"><span style=\"font-weight: bold;\">Pr\u00fcfung der Jahresabschl\u00fcsse:<\/span><\/p>\n<ul>\n<li>Pr\u00fcfung der Jahresabschl\u00fcsse f\u00fcr einzelne Unternehmen;<\/li>\n<li>Pr\u00fcfung der Jahresabschl\u00fcsse f\u00fcr Konzerne;<\/li>\n<li>Jahresabschlusspr\u00fcfung gem\u00e4\u00df den internationalen Rechnungsstandards;<\/li>\n<li>Jahresabschl\u00fcsse von Finanzinstituten.<\/li>\n<\/ul>\n<\/div>\n<div class=\"col-12 col-sm-9 col-md-6 col-lg-6\"><span style=\"font-weight: bold;\">Pflichtpr\u00fcfung:<\/span><\/p>\n<ul>\n<li>Pr\u00fcfung eines Fusionsplans;<\/li>\n<li>Pr\u00fcfung eines Spaltungsplans;<\/li>\n<li>Pr\u00fcfung des Beitragswerts;<\/li>\n<li>Pr\u00fcfung durch den Abschlusspr\u00fcfer in besonderen F\u00e4llen.<\/li>\n<\/ul>\n<\/div>\n<\/div>\n<style>\n@media (max-width: 576px) {<br \/>\n  .intro h2 {<br \/>\n    font-size:1.8rem;<br \/>\n  }<br \/>\n}<br \/>\n<\/style>\n","protected":false},"excerpt":{"rendered":"<p>Unsere Erfahrung HLB Poland pr\u00fcft Jahresabschl\u00fcsse von Unternehmen aus vielen Branchen, eingeschlossen IT, industrielle Fertigung, Transport, Bau, Entwicklung, Nahrungsmittel und..<\/p>\n<div class=\"clear\"><\/div><a class=\"more-link\" href=\"https:\/\/hlb-poland.global\/de\/dienstleistungen\/wirtschaftspruefung\/\"> Mehr erfahren <\/a>","protected":false},"author":3,"featured_media":0,"parent":1957,"menu_order":0,"comment_status":"closed","ping_status":"closed","template":"templates\/audyt.php","meta":{"_acf_changed":false,"footnotes":""},"class_list":["post-1959","page","type-page","status-publish","hentry"],"acf":[],"yoast_head":"<!-- This site is optimized with the Yoast SEO plugin v27.2 - https:\/\/yoast.com\/product\/yoast-seo-wordpress\/ -->\n<title>Wirtschaftspr\u00fcfung und Pr\u00fcfung von Jahresabschl\u00fcssen in Polen | HLB Poland<\/title>\n<meta name=\"description\" content=\"Wirtschaftspr\u00fcfung \u2013 Die Informationsgrundlage f\u00fcr Ihre Gesch\u00e4ftsentwicklung. HLB Poland bietet Dienstleistungen f\u00fcr...\" \/>\n<meta name=\"robots\" content=\"index, follow, max-snippet:-1, max-image-preview:large, max-video-preview:-1\" \/>\n<link rel=\"canonical\" href=\"https:\/\/hlb-poland.global\/de\/dienstleistungen\/wirtschaftspruefung\/\" \/>\n<meta property=\"og:locale\" content=\"de_DE\" \/>\n<meta property=\"og:type\" content=\"article\" \/>\n<meta property=\"og:title\" content=\"Wirtschaftspr\u00fcfung und Pr\u00fcfung von Jahresabschl\u00fcssen in Polen | HLB Poland\" \/>\n<meta property=\"og:description\" content=\"Wirtschaftspr\u00fcfung \u2013 Die Informationsgrundlage f\u00fcr Ihre Gesch\u00e4ftsentwicklung. HLB Poland bietet Dienstleistungen f\u00fcr...\" \/>\n<meta property=\"og:url\" content=\"https:\/\/hlb-poland.global\/de\/dienstleistungen\/wirtschaftspruefung\/\" \/>\n<meta property=\"og:site_name\" content=\"HLB Poland\" \/>\n<meta property=\"article:publisher\" content=\"https:\/\/www.facebook.com\/HLBPoland\" \/>\n<meta property=\"article:modified_time\" content=\"2026-03-13T07:59:57+00:00\" \/>\n<meta name=\"twitter:card\" content=\"summary_large_image\" \/>\n<meta name=\"twitter:label1\" content=\"Gesch\u00e4tzte Lesezeit\" \/>\n\t<meta name=\"twitter:data1\" content=\"1\u00a0Minute\" \/>\n<script type=\"application\/ld+json\" class=\"yoast-schema-graph\">{\"@context\":\"https:\/\/schema.org\",\"@graph\":[{\"@type\":\"WebPage\",\"@id\":\"https:\/\/hlb-poland.global\/de\/dienstleistungen\/wirtschaftspruefung\/\",\"url\":\"https:\/\/hlb-poland.global\/de\/dienstleistungen\/wirtschaftspruefung\/\",\"name\":\"Wirtschaftspr\u00fcfung und Pr\u00fcfung von Jahresabschl\u00fcssen in Polen | HLB Poland\",\"isPartOf\":{\"@id\":\"https:\/\/hlb-poland.global\/#website\"},\"datePublished\":\"2018-12-13T11:23:17+00:00\",\"dateModified\":\"2026-03-13T07:59:57+00:00\",\"description\":\"Wirtschaftspr\u00fcfung \u2013 Die Informationsgrundlage f\u00fcr Ihre Gesch\u00e4ftsentwicklung. HLB Poland bietet Dienstleistungen f\u00fcr...\",\"breadcrumb\":{\"@id\":\"https:\/\/hlb-poland.global\/de\/dienstleistungen\/wirtschaftspruefung\/#breadcrumb\"},\"inLanguage\":\"de\",\"potentialAction\":[{\"@type\":\"ReadAction\",\"target\":[\"https:\/\/hlb-poland.global\/de\/dienstleistungen\/wirtschaftspruefung\/\"]}]},{\"@type\":\"BreadcrumbList\",\"@id\":\"https:\/\/hlb-poland.global\/de\/dienstleistungen\/wirtschaftspruefung\/#breadcrumb\",\"itemListElement\":[{\"@type\":\"ListItem\",\"position\":1,\"name\":\"Startseite\",\"item\":\"https:\/\/hlb-poland.global\/de\/\"},{\"@type\":\"ListItem\",\"position\":2,\"name\":\"Dienstleistungen\",\"item\":\"https:\/\/hlb-poland.global\/de\/dienstleistungen\/\"},{\"@type\":\"ListItem\",\"position\":3,\"name\":\"Wirtschaftspr\u00fcfung und Pr\u00fcfung von Jahresabschl\u00fcssen in Polen\"}]},{\"@type\":\"WebSite\",\"@id\":\"https:\/\/hlb-poland.global\/#website\",\"url\":\"https:\/\/hlb-poland.global\/\",\"name\":\"HLB Poland\",\"description\":\"Advisory and accounting\",\"publisher\":{\"@id\":\"https:\/\/hlb-poland.global\/#organization\"},\"potentialAction\":[{\"@type\":\"SearchAction\",\"target\":{\"@type\":\"EntryPoint\",\"urlTemplate\":\"https:\/\/hlb-poland.global\/?s={search_term_string}\"},\"query-input\":{\"@type\":\"PropertyValueSpecification\",\"valueRequired\":true,\"valueName\":\"search_term_string\"}}],\"inLanguage\":\"de\"},{\"@type\":\"Organization\",\"@id\":\"https:\/\/hlb-poland.global\/#organization\",\"name\":\"HLB Poland\",\"url\":\"https:\/\/hlb-poland.global\/\",\"logo\":{\"@type\":\"ImageObject\",\"inLanguage\":\"de\",\"@id\":\"https:\/\/hlb-poland.global\/#\/schema\/logo\/image\/\",\"url\":\"https:\/\/hlb-poland.global\/wp-content\/uploads\/2025\/12\/hlb-poland-og-image.png\",\"contentUrl\":\"https:\/\/hlb-poland.global\/wp-content\/uploads\/2025\/12\/hlb-poland-og-image.png\",\"width\":1200,\"height\":630,\"caption\":\"HLB Poland\"},\"image\":{\"@id\":\"https:\/\/hlb-poland.global\/#\/schema\/logo\/image\/\"},\"sameAs\":[\"https:\/\/www.facebook.com\/HLBPoland\",\"https:\/\/www.linkedin.com\/company\/hlb-poland\"]}]}<\/script>\n<!-- \/ Yoast SEO plugin. -->","yoast_head_json":{"title":"Wirtschaftspr\u00fcfung und Pr\u00fcfung von Jahresabschl\u00fcssen in Polen | HLB Poland","description":"Wirtschaftspr\u00fcfung \u2013 Die Informationsgrundlage f\u00fcr Ihre Gesch\u00e4ftsentwicklung. HLB Poland bietet Dienstleistungen f\u00fcr...","robots":{"index":"index","follow":"follow","max-snippet":"max-snippet:-1","max-image-preview":"max-image-preview:large","max-video-preview":"max-video-preview:-1"},"canonical":"https:\/\/hlb-poland.global\/de\/dienstleistungen\/wirtschaftspruefung\/","og_locale":"de_DE","og_type":"article","og_title":"Wirtschaftspr\u00fcfung und Pr\u00fcfung von Jahresabschl\u00fcssen in Polen | HLB Poland","og_description":"Wirtschaftspr\u00fcfung \u2013 Die Informationsgrundlage f\u00fcr Ihre Gesch\u00e4ftsentwicklung. HLB Poland bietet Dienstleistungen f\u00fcr...","og_url":"https:\/\/hlb-poland.global\/de\/dienstleistungen\/wirtschaftspruefung\/","og_site_name":"HLB Poland","article_publisher":"https:\/\/www.facebook.com\/HLBPoland","article_modified_time":"2026-03-13T07:59:57+00:00","twitter_card":"summary_large_image","twitter_misc":{"Gesch\u00e4tzte Lesezeit":"1\u00a0Minute"},"schema":{"@context":"https:\/\/schema.org","@graph":[{"@type":"WebPage","@id":"https:\/\/hlb-poland.global\/de\/dienstleistungen\/wirtschaftspruefung\/","url":"https:\/\/hlb-poland.global\/de\/dienstleistungen\/wirtschaftspruefung\/","name":"Wirtschaftspr\u00fcfung und Pr\u00fcfung von Jahresabschl\u00fcssen in Polen | HLB Poland","isPartOf":{"@id":"https:\/\/hlb-poland.global\/#website"},"datePublished":"2018-12-13T11:23:17+00:00","dateModified":"2026-03-13T07:59:57+00:00","description":"Wirtschaftspr\u00fcfung \u2013 Die Informationsgrundlage f\u00fcr Ihre Gesch\u00e4ftsentwicklung. HLB Poland bietet Dienstleistungen f\u00fcr...","breadcrumb":{"@id":"https:\/\/hlb-poland.global\/de\/dienstleistungen\/wirtschaftspruefung\/#breadcrumb"},"inLanguage":"de","potentialAction":[{"@type":"ReadAction","target":["https:\/\/hlb-poland.global\/de\/dienstleistungen\/wirtschaftspruefung\/"]}]},{"@type":"BreadcrumbList","@id":"https:\/\/hlb-poland.global\/de\/dienstleistungen\/wirtschaftspruefung\/#breadcrumb","itemListElement":[{"@type":"ListItem","position":1,"name":"Startseite","item":"https:\/\/hlb-poland.global\/de\/"},{"@type":"ListItem","position":2,"name":"Dienstleistungen","item":"https:\/\/hlb-poland.global\/de\/dienstleistungen\/"},{"@type":"ListItem","position":3,"name":"Wirtschaftspr\u00fcfung und Pr\u00fcfung von Jahresabschl\u00fcssen in Polen"}]},{"@type":"WebSite","@id":"https:\/\/hlb-poland.global\/#website","url":"https:\/\/hlb-poland.global\/","name":"HLB Poland","description":"Advisory and accounting","publisher":{"@id":"https:\/\/hlb-poland.global\/#organization"},"potentialAction":[{"@type":"SearchAction","target":{"@type":"EntryPoint","urlTemplate":"https:\/\/hlb-poland.global\/?s={search_term_string}"},"query-input":{"@type":"PropertyValueSpecification","valueRequired":true,"valueName":"search_term_string"}}],"inLanguage":"de"},{"@type":"Organization","@id":"https:\/\/hlb-poland.global\/#organization","name":"HLB Poland","url":"https:\/\/hlb-poland.global\/","logo":{"@type":"ImageObject","inLanguage":"de","@id":"https:\/\/hlb-poland.global\/#\/schema\/logo\/image\/","url":"https:\/\/hlb-poland.global\/wp-content\/uploads\/2025\/12\/hlb-poland-og-image.png","contentUrl":"https:\/\/hlb-poland.global\/wp-content\/uploads\/2025\/12\/hlb-poland-og-image.png","width":1200,"height":630,"caption":"HLB Poland"},"image":{"@id":"https:\/\/hlb-poland.global\/#\/schema\/logo\/image\/"},"sameAs":["https:\/\/www.facebook.com\/HLBPoland","https:\/\/www.linkedin.com\/company\/hlb-poland"]}]}},"_links":{"self":[{"href":"https:\/\/hlb-poland.global\/de\/wp-json\/wp\/v2\/pages\/1959","targetHints":{"allow":["GET"]}}],"collection":[{"href":"https:\/\/hlb-poland.global\/de\/wp-json\/wp\/v2\/pages"}],"about":[{"href":"https:\/\/hlb-poland.global\/de\/wp-json\/wp\/v2\/types\/page"}],"author":[{"embeddable":true,"href":"https:\/\/hlb-poland.global\/de\/wp-json\/wp\/v2\/users\/3"}],"replies":[{"embeddable":true,"href":"https:\/\/hlb-poland.global\/de\/wp-json\/wp\/v2\/comments?post=1959"}],"version-history":[{"count":15,"href":"https:\/\/hlb-poland.global\/de\/wp-json\/wp\/v2\/pages\/1959\/revisions"}],"predecessor-version":[{"id":19433,"href":"https:\/\/hlb-poland.global\/de\/wp-json\/wp\/v2\/pages\/1959\/revisions\/19433"}],"up":[{"embeddable":true,"href":"https:\/\/hlb-poland.global\/de\/wp-json\/wp\/v2\/pages\/1957"}],"wp:attachment":[{"href":"https:\/\/hlb-poland.global\/de\/wp-json\/wp\/v2\/media?parent=1959"}],"curies":[{"name":"wp","href":"https:\/\/api.w.org\/{rel}","templated":true}]}}