
{"id":1961,"date":"2018-12-13T12:24:54","date_gmt":"2018-12-13T11:24:54","guid":{"rendered":"http:\/\/hlb-poland.global\/?page_id=1961"},"modified":"2023-07-20T09:14:52","modified_gmt":"2023-07-20T08:14:52","slug":"assurance","status":"publish","type":"page","link":"https:\/\/hlb-poland.global\/de\/dienstleistungen\/assurance\/","title":{"rendered":"Dienstleistungen der Versicherung"},"content":{"rendered":"<p>Ein Investor k\u00f6nnte beispielsweise um eine \u00dcberpr\u00fcfung der Finanzangaben Ihres Unternehmens bitten, wenn Sie eine Finanzierung beantragt hat. Partnerunternehmen von <span style=\"font-weight: bold;\">HLB Poland<\/span> w\u00fcrden als zugelassene Wirtschaftspr\u00fcfer die gesammelten Informationen auswerten und bestimmte Verfahren durchlaufen lassen, bevor sie einen Bericht vorlegen. Das gibt dem Investoren die Sicherheit, den angegebenen Daten vertrauen zu k\u00f6nnen, bevor er der Finanztransaktion zustimmt.<\/p>\n<p>Unsere Versicherungsdienstleistungen haben drei grunds\u00e4tzliche Hauptziele f\u00fcr eine Organisation:<\/p>\n<ul>\n<li>Wir st\u00fctzen den Ruf Ihres Unternehmens, wenn wir wahrheitsgem\u00e4\u00dfe Informationen bez\u00fcglich Ihrer Daten, inneren Kontrollen und Systeme pr\u00e4sentieren;<\/li>\n<li>Wir unterst\u00fctzen Unternehmen dabei, die richtigen Entscheidungen f\u00fcr ihre Betriebe zu treffen, um das finanzielle Wachstum zu f\u00f6rdern; und<\/li>\n<li>Wir steigern die Glaubw\u00fcrdigkeit der gelieferten Informationen, was zu niedrigeren Transaktionskosten und besseren Ressourcenzuteilungen f\u00fchren kann.<\/li>\n<\/ul>\n<p>Unsere Versicherungsdienstleistungen k\u00f6nnen f\u00fcr verschiedene Zwecke genutzt werden. M\u00f6glicherweise m\u00f6chte Ihr Unternehmen \u00fcberpr\u00fcfen, ob alle Finanzinformationen exakt sind. Oder aber Sie selbst w\u00fcnschen Versicherungsleistungen, wenn Ihr Unternehmen alle geltenden Vorschriften und Compliance Standards einh\u00e4lt.<\/p>\n","protected":false},"excerpt":{"rendered":"<p>Ein Investor k\u00f6nnte beispielsweise um eine \u00dcberpr\u00fcfung der Finanzangaben Ihres Unternehmens bitten, wenn Sie eine Finanzierung beantragt hat. Partnerunternehmen von..<\/p>\n<div class=\"clear\"><\/div><a class=\"more-link\" href=\"https:\/\/hlb-poland.global\/de\/dienstleistungen\/assurance\/\"> Mehr erfahren <\/a>","protected":false},"author":3,"featured_media":0,"parent":1957,"menu_order":0,"comment_status":"closed","ping_status":"closed","template":"","meta":{"_acf_changed":false,"footnotes":""},"class_list":["post-1961","page","type-page","status-publish","hentry"],"acf":[],"yoast_head":"<!-- This site is optimized with the Yoast SEO plugin v27.2 - https:\/\/yoast.com\/product\/yoast-seo-wordpress\/ -->\n<title>Dienstleistungen der Versicherung | HLB Poland<\/title>\n<meta name=\"description\" content=\"Assurance: Vertrauen schaffen durch Glaubw\u00fcrdigkeitspr\u00fcfung von InformationenWenn Unternehmen versuchen, Gesch\u00e4fte mit anderen...\" \/>\n<meta name=\"robots\" content=\"index, follow, max-snippet:-1, max-image-preview:large, max-video-preview:-1\" \/>\n<link rel=\"canonical\" href=\"https:\/\/hlb-poland.global\/de\/dienstleistungen\/assurance\/\" \/>\n<meta property=\"og:locale\" content=\"de_DE\" \/>\n<meta property=\"og:type\" content=\"article\" \/>\n<meta property=\"og:title\" content=\"Dienstleistungen der Versicherung | HLB Poland\" \/>\n<meta property=\"og:description\" content=\"Assurance: Vertrauen schaffen durch Glaubw\u00fcrdigkeitspr\u00fcfung von InformationenWenn Unternehmen versuchen, Gesch\u00e4fte mit anderen...\" \/>\n<meta property=\"og:url\" content=\"https:\/\/hlb-poland.global\/de\/dienstleistungen\/assurance\/\" \/>\n<meta property=\"og:site_name\" content=\"HLB Poland\" \/>\n<meta property=\"article:publisher\" content=\"https:\/\/www.facebook.com\/HLBPoland\" \/>\n<meta property=\"article:modified_time\" content=\"2023-07-20T08:14:52+00:00\" \/>\n<meta name=\"twitter:card\" content=\"summary_large_image\" \/>\n<meta name=\"twitter:label1\" content=\"Gesch\u00e4tzte Lesezeit\" \/>\n\t<meta name=\"twitter:data1\" content=\"1\u00a0Minute\" \/>\n<script type=\"application\/ld+json\" class=\"yoast-schema-graph\">{\"@context\":\"https:\/\/schema.org\",\"@graph\":[{\"@type\":\"WebPage\",\"@id\":\"https:\/\/hlb-poland.global\/de\/dienstleistungen\/assurance\/\",\"url\":\"https:\/\/hlb-poland.global\/de\/dienstleistungen\/assurance\/\",\"name\":\"Dienstleistungen der Versicherung | HLB Poland\",\"isPartOf\":{\"@id\":\"https:\/\/hlb-poland.global\/#website\"},\"datePublished\":\"2018-12-13T11:24:54+00:00\",\"dateModified\":\"2023-07-20T08:14:52+00:00\",\"description\":\"Assurance: Vertrauen schaffen durch Glaubw\u00fcrdigkeitspr\u00fcfung von InformationenWenn Unternehmen versuchen, Gesch\u00e4fte mit anderen...\",\"breadcrumb\":{\"@id\":\"https:\/\/hlb-poland.global\/de\/dienstleistungen\/assurance\/#breadcrumb\"},\"inLanguage\":\"de\",\"potentialAction\":[{\"@type\":\"ReadAction\",\"target\":[\"https:\/\/hlb-poland.global\/de\/dienstleistungen\/assurance\/\"]}]},{\"@type\":\"BreadcrumbList\",\"@id\":\"https:\/\/hlb-poland.global\/de\/dienstleistungen\/assurance\/#breadcrumb\",\"itemListElement\":[{\"@type\":\"ListItem\",\"position\":1,\"name\":\"Startseite\",\"item\":\"https:\/\/hlb-poland.global\/de\/\"},{\"@type\":\"ListItem\",\"position\":2,\"name\":\"Dienstleistungen\",\"item\":\"https:\/\/hlb-poland.global\/de\/dienstleistungen\/\"},{\"@type\":\"ListItem\",\"position\":3,\"name\":\"Dienstleistungen der Versicherung\"}]},{\"@type\":\"WebSite\",\"@id\":\"https:\/\/hlb-poland.global\/#website\",\"url\":\"https:\/\/hlb-poland.global\/\",\"name\":\"HLB Poland\",\"description\":\"Advisory and accounting\",\"publisher\":{\"@id\":\"https:\/\/hlb-poland.global\/#organization\"},\"potentialAction\":[{\"@type\":\"SearchAction\",\"target\":{\"@type\":\"EntryPoint\",\"urlTemplate\":\"https:\/\/hlb-poland.global\/?s={search_term_string}\"},\"query-input\":{\"@type\":\"PropertyValueSpecification\",\"valueRequired\":true,\"valueName\":\"search_term_string\"}}],\"inLanguage\":\"de\"},{\"@type\":\"Organization\",\"@id\":\"https:\/\/hlb-poland.global\/#organization\",\"name\":\"HLB Poland\",\"url\":\"https:\/\/hlb-poland.global\/\",\"logo\":{\"@type\":\"ImageObject\",\"inLanguage\":\"de\",\"@id\":\"https:\/\/hlb-poland.global\/#\/schema\/logo\/image\/\",\"url\":\"https:\/\/hlb-poland.global\/wp-content\/uploads\/2025\/12\/hlb-poland-og-image.png\",\"contentUrl\":\"https:\/\/hlb-poland.global\/wp-content\/uploads\/2025\/12\/hlb-poland-og-image.png\",\"width\":1200,\"height\":630,\"caption\":\"HLB Poland\"},\"image\":{\"@id\":\"https:\/\/hlb-poland.global\/#\/schema\/logo\/image\/\"},\"sameAs\":[\"https:\/\/www.facebook.com\/HLBPoland\",\"https:\/\/www.linkedin.com\/company\/hlb-poland\"]}]}<\/script>\n<!-- \/ Yoast SEO plugin. -->","yoast_head_json":{"title":"Dienstleistungen der Versicherung | HLB Poland","description":"Assurance: Vertrauen schaffen durch Glaubw\u00fcrdigkeitspr\u00fcfung von InformationenWenn Unternehmen versuchen, Gesch\u00e4fte mit anderen...","robots":{"index":"index","follow":"follow","max-snippet":"max-snippet:-1","max-image-preview":"max-image-preview:large","max-video-preview":"max-video-preview:-1"},"canonical":"https:\/\/hlb-poland.global\/de\/dienstleistungen\/assurance\/","og_locale":"de_DE","og_type":"article","og_title":"Dienstleistungen der Versicherung | HLB Poland","og_description":"Assurance: Vertrauen schaffen durch Glaubw\u00fcrdigkeitspr\u00fcfung von InformationenWenn Unternehmen versuchen, Gesch\u00e4fte mit anderen...","og_url":"https:\/\/hlb-poland.global\/de\/dienstleistungen\/assurance\/","og_site_name":"HLB Poland","article_publisher":"https:\/\/www.facebook.com\/HLBPoland","article_modified_time":"2023-07-20T08:14:52+00:00","twitter_card":"summary_large_image","twitter_misc":{"Gesch\u00e4tzte Lesezeit":"1\u00a0Minute"},"schema":{"@context":"https:\/\/schema.org","@graph":[{"@type":"WebPage","@id":"https:\/\/hlb-poland.global\/de\/dienstleistungen\/assurance\/","url":"https:\/\/hlb-poland.global\/de\/dienstleistungen\/assurance\/","name":"Dienstleistungen der Versicherung | HLB Poland","isPartOf":{"@id":"https:\/\/hlb-poland.global\/#website"},"datePublished":"2018-12-13T11:24:54+00:00","dateModified":"2023-07-20T08:14:52+00:00","description":"Assurance: Vertrauen schaffen durch Glaubw\u00fcrdigkeitspr\u00fcfung von InformationenWenn Unternehmen versuchen, Gesch\u00e4fte mit anderen...","breadcrumb":{"@id":"https:\/\/hlb-poland.global\/de\/dienstleistungen\/assurance\/#breadcrumb"},"inLanguage":"de","potentialAction":[{"@type":"ReadAction","target":["https:\/\/hlb-poland.global\/de\/dienstleistungen\/assurance\/"]}]},{"@type":"BreadcrumbList","@id":"https:\/\/hlb-poland.global\/de\/dienstleistungen\/assurance\/#breadcrumb","itemListElement":[{"@type":"ListItem","position":1,"name":"Startseite","item":"https:\/\/hlb-poland.global\/de\/"},{"@type":"ListItem","position":2,"name":"Dienstleistungen","item":"https:\/\/hlb-poland.global\/de\/dienstleistungen\/"},{"@type":"ListItem","position":3,"name":"Dienstleistungen der Versicherung"}]},{"@type":"WebSite","@id":"https:\/\/hlb-poland.global\/#website","url":"https:\/\/hlb-poland.global\/","name":"HLB Poland","description":"Advisory and accounting","publisher":{"@id":"https:\/\/hlb-poland.global\/#organization"},"potentialAction":[{"@type":"SearchAction","target":{"@type":"EntryPoint","urlTemplate":"https:\/\/hlb-poland.global\/?s={search_term_string}"},"query-input":{"@type":"PropertyValueSpecification","valueRequired":true,"valueName":"search_term_string"}}],"inLanguage":"de"},{"@type":"Organization","@id":"https:\/\/hlb-poland.global\/#organization","name":"HLB Poland","url":"https:\/\/hlb-poland.global\/","logo":{"@type":"ImageObject","inLanguage":"de","@id":"https:\/\/hlb-poland.global\/#\/schema\/logo\/image\/","url":"https:\/\/hlb-poland.global\/wp-content\/uploads\/2025\/12\/hlb-poland-og-image.png","contentUrl":"https:\/\/hlb-poland.global\/wp-content\/uploads\/2025\/12\/hlb-poland-og-image.png","width":1200,"height":630,"caption":"HLB Poland"},"image":{"@id":"https:\/\/hlb-poland.global\/#\/schema\/logo\/image\/"},"sameAs":["https:\/\/www.facebook.com\/HLBPoland","https:\/\/www.linkedin.com\/company\/hlb-poland"]}]}},"_links":{"self":[{"href":"https:\/\/hlb-poland.global\/de\/wp-json\/wp\/v2\/pages\/1961","targetHints":{"allow":["GET"]}}],"collection":[{"href":"https:\/\/hlb-poland.global\/de\/wp-json\/wp\/v2\/pages"}],"about":[{"href":"https:\/\/hlb-poland.global\/de\/wp-json\/wp\/v2\/types\/page"}],"author":[{"embeddable":true,"href":"https:\/\/hlb-poland.global\/de\/wp-json\/wp\/v2\/users\/3"}],"replies":[{"embeddable":true,"href":"https:\/\/hlb-poland.global\/de\/wp-json\/wp\/v2\/comments?post=1961"}],"version-history":[{"count":10,"href":"https:\/\/hlb-poland.global\/de\/wp-json\/wp\/v2\/pages\/1961\/revisions"}],"predecessor-version":[{"id":13046,"href":"https:\/\/hlb-poland.global\/de\/wp-json\/wp\/v2\/pages\/1961\/revisions\/13046"}],"up":[{"embeddable":true,"href":"https:\/\/hlb-poland.global\/de\/wp-json\/wp\/v2\/pages\/1957"}],"wp:attachment":[{"href":"https:\/\/hlb-poland.global\/de\/wp-json\/wp\/v2\/media?parent=1961"}],"curies":[{"name":"wp","href":"https:\/\/api.w.org\/{rel}","templated":true}]}}