
{"id":1963,"date":"2018-12-13T12:29:29","date_gmt":"2018-12-13T11:29:29","guid":{"rendered":"http:\/\/hlb-poland.global\/?page_id=1963"},"modified":"2023-07-20T09:21:15","modified_gmt":"2023-07-20T08:21:15","slug":"finanzbuchhaltung","status":"publish","type":"page","link":"https:\/\/hlb-poland.global\/de\/dienstleistungen\/finanzbuchhaltung\/","title":{"rendered":"Finanzen und Buchf\u00fchrung"},"content":{"rendered":"<h3>Lassen Sie HLB Polen f\u00fcr ein stressfreies t\u00e4gliches Financial Reporting sorgen, mit unserem kompletten Service der ausgelagerten Finanzbuchhaltung:<\/h3>\n<ul>\n<li>Wir k\u00fcmmern uns um alle Aufgaben Ihrer Kreditorenbuchhaltung: Bearbeitung der Eingangsrechnungen in \u00dcbereinstimmung mit den Bestellungen, Inanspruchnahme von Skonti und Rabatten;<\/li>\n<li>Wir verwalten Ihre Debitorenbuchhaltung, um f\u00fcr p\u00fcnktliche und korrekte Zahlungseing\u00e4nge zu sorgen, \u00fcberf\u00e4llige Forderungen werden schnell identifiziert und eventuelle Diskrepanzen in Ihrem Sinne geregelt;<\/li>\n<li>Wir stellen sicher, dass Ihre gesamten Finanztransaktionen, wie Lohn- und Gehaltszahlungen, Bankguthaben usw. zeitnah und korrekt verbucht werden;<\/li>\n<li>Schlie\u00dflich haben Sie einen vertrauensw\u00fcrdigen Partner an Ihrer Seite, der daf\u00fcr sorgt, dass s\u00e4mtliche Transaktionen in \u00dcbereinstimmung mit den geltenden Richtlinien, Arbeitsanweisungen und Buchf\u00fchrungs-Standards erfolgen. Wir bieten Ihnen eine Business Intelligence, die sich durch steigende Gewinne bezahlt macht.<\/li>\n<\/ul>\n<hr \/>\n<h3>W\u00e4hlen Sie den Leistungsumfang, der Ihren Bed\u00fcrfnissen am besten entspricht<\/h3>\n<p><span style=\"font-weight: bold;\">HLB Poland<\/span> stellt Ihrem Unternehmen Finanzspezialisten zur Verf\u00fcgung, die Ihre Branche kennen und entsprechende Erfahrungen mitbringen. Dazu geh\u00f6ren: Buchhalter, Certified Public Accountants (CPA), Controller, Steuerexperten, sogar Finanzvorst\u00e4nde (CFO). Die Gr\u00f6\u00dfe Ihres Unternehmens spielt keine Rolle. Wir bieten einen auf Ihre Verh\u00e4ltnisse zugeschnittenen Service an und zwar zu niedrigeren Kosten als durch eine eigene Vollzeit-Buchhaltung.<\/p>\n<hr \/>\n<h3>Durch die Auslagerung der Buchhaltung an HLB Polen werden alle Abl\u00e4ufe rationalisiert und verbessert<\/h3>\n<p>Unsere Standards und Richtlinien stellen sicher, dass das Gesamtpaket Ihres Monatsabschlusses sowohl rechtzeitig als auch fachlich ordnungsgem\u00e4\u00df geliefert wird und allen gesetzlichen Bestimmungen entspricht.<\/p>\n<ul>\n<li>Regelm\u00e4\u00dfige \u00dcbersichten mit Konteninformationen f\u00fcr die Compliance; auf Ihre Anforderungen ausgerichtet, einschlie\u00dflich: Steuerliche Organschaft; Lohn- und Gehaltsabz\u00fcge \/ Sozialversicherungsbeitr\u00e4ge; beh\u00f6rdliche Anforderungen an die Unternehmensgr\u00fcndung, Einreichung von Dokumenten und f\u00e4llige Geb\u00fchren;<\/li>\n<li>Die f\u00fcr Ihr Unternehmen geltenden Richtlinien und Anweisungen sind in einem detaillierten Mandantenhandbuch dokumentiert und alle unsere Mitarbeiter befolgen dieselben Buchf\u00fchrungsregeln und Abl\u00e4ufe;<\/li>\n<li>Berichte sind in Echtzeit verf\u00fcgbar und erf\u00fcllen Ihre Anforderungen in vollem Umfang;<\/li>\n<li>Ihrem Unternehmen wird ein Buchhalter\/Controller zugeordnet, der die Buchhaltung \u00fcberwacht;<\/li>\n<li>Buchungsabschl\u00fcsse erfolgen durch CPAs und alle Berichte werden monatsweise erstellt.<\/li>\n<\/ul>\n<p>Alles in allem bietet die an <span style=\"font-weight: bold;\">HLB Poland<\/span> ausgelagerte Buchhaltung einen bew\u00e4hrten und kosteneffizienten Weg, auf dem Sie die Freiheit gewinnen, Ihre Ressourcen und Ihre Zeit auf das zu konzentrieren, was Sie am besten k\u00f6nnen: F\u00fcr das Wachstum Ihres Unternehmens sorgen. Wenn Sie Geh\u00e4lter, Lohnsteuern, Sozialversicherungsbeitr\u00e4ge, bezahlte Abwesenheit wegen Krankheit und anderes mehr in Ihre Kalkulation f\u00fcr fest angestellte Buchhalter einbeziehen, werden Sie feststellen, warum die Auslagerung der Buchhaltung und des Berichtswesens f\u00fcr kleine und mittelgro\u00dfe Unternehmen zu einem derartigen Kostenvorteil geworden ist.<\/p>\n<ul>\n<li>Berichte stehen in Echtzeit zur Verf\u00fcgung und decken Ihre gesamten Anforderungen komplett ab;<\/li>\n<li>Wir hosten in der Praxis weit verbreitete und bew\u00e4hrte Anwendungen, wie Microsoft Dynamics NAV;<\/li>\n<li>Mit unserem Rechenzentrum, das sicherheitstechnisch auf dem neuesten Stand ist, sind Ihre wichtigen Daten jederzeit sicher;<\/li>\n<li>Verlieren Sie Ihre mit dem Finanzmanagement verbundenen Kopfschmerzen, aber niemals die Kontrolle;<\/li>\n<li>Das Ganze gibt es gegen ein festes monatliches Honorar, dass \u00fcberraschend g\u00fcnstig ist.<\/li>\n<\/ul>\n<hr \/>\n<div class=\"row\">\n<div class=\"col-6\">\n<h3>Unsere Finanzbuchhaltung umfasst:<\/h3>\n<p>Die von <span style=\"font-weight: bold;\">HLB Poland<\/span> angebotenen L\u00f6sungen f\u00fcr die Finanzbuchhaltung stellen Unternehmen ein umfassendes Leistungspaket zur Verf\u00fcgung, um alle finanziellen Ressourcen zu \u00fcberwachen, zu verwalten und mit dem Ziel einzusetzen, den ROI zu maximieren.<\/p>\n<p>Unseren Kunden bieten wir einen Weg an, die Sichtbarkeit ihrer Finanzdaten zu verbessern. Dadurch werden Finanzmanagement und Buchhaltung im ganzen Unternehmen effektiver gestaltet.<\/p>\n<p>Die Finanzl\u00f6sungen von <span style=\"font-weight: bold;\">HLB Poland<\/span> st\u00e4rken unsere Mandanten, indem wichtige Informationen zur rechten Zeit bereitgestellt werden. Mithilfe verschiedener Dashboards werden wichtige Erkenntnisse \u00fcber die Leistungsf\u00e4higkeit Ihrer Organisation erkennbar.<\/p>\n<\/div>\n<div class=\"col-6\"><img loading=\"lazy\" decoding=\"async\" class=\"img-fluid\" src=\"https:\/\/hlb-poland.global\/wp-content\/uploads\/2018\/09\/getsix-accounting-financial-solutions.jpg\" alt=\"getsix Accounting Financial solutions\" width=\"670\" height=\"384\" \/><\/div>\n<\/div>\n<style>\n@media (max-width: 576px) {<br \/>\n  .intro h2 {<br \/>\n    font-size:1.9rem;<br \/>\n  }<br \/>\n}<br \/>\n<\/style>\n","protected":false},"excerpt":{"rendered":"<p>Lassen Sie HLB Polen f\u00fcr ein stressfreies t\u00e4gliches Financial Reporting sorgen, mit unserem kompletten Service der ausgelagerten Finanzbuchhaltung: Wir k\u00fcmmern..<\/p>\n<div class=\"clear\"><\/div><a class=\"more-link\" href=\"https:\/\/hlb-poland.global\/de\/dienstleistungen\/finanzbuchhaltung\/\"> Mehr erfahren <\/a>","protected":false},"author":3,"featured_media":0,"parent":1957,"menu_order":0,"comment_status":"closed","ping_status":"closed","template":"","meta":{"_acf_changed":false,"footnotes":""},"class_list":["post-1963","page","type-page","status-publish","hentry"],"acf":[],"yoast_head":"<!-- This site is optimized with the Yoast SEO plugin v27.2 - https:\/\/yoast.com\/product\/yoast-seo-wordpress\/ -->\n<title>Finanzen und Buchf\u00fchrung | HLB Poland<\/title>\n<meta name=\"description\" content=\"Ihre Gesellschaft verdient bei der Buchf\u00fchrung und dem Berichtswesen die gleiche Qualit\u00e4t, die ein Fortune-500-Unternehmen erh\u00e4lt. Gegen...\" \/>\n<meta name=\"robots\" content=\"index, follow, max-snippet:-1, max-image-preview:large, max-video-preview:-1\" \/>\n<link rel=\"canonical\" href=\"https:\/\/hlb-poland.global\/de\/dienstleistungen\/finanzbuchhaltung\/\" \/>\n<meta property=\"og:locale\" content=\"de_DE\" \/>\n<meta property=\"og:type\" content=\"article\" \/>\n<meta property=\"og:title\" content=\"Finanzen und Buchf\u00fchrung | HLB Poland\" \/>\n<meta property=\"og:description\" content=\"Ihre Gesellschaft verdient bei der Buchf\u00fchrung und dem Berichtswesen die gleiche Qualit\u00e4t, die ein Fortune-500-Unternehmen erh\u00e4lt. Gegen...\" \/>\n<meta property=\"og:url\" content=\"https:\/\/hlb-poland.global\/de\/dienstleistungen\/finanzbuchhaltung\/\" \/>\n<meta property=\"og:site_name\" content=\"HLB Poland\" \/>\n<meta property=\"article:publisher\" content=\"https:\/\/www.facebook.com\/HLBPoland\" \/>\n<meta property=\"article:modified_time\" content=\"2023-07-20T08:21:15+00:00\" \/>\n<meta property=\"og:image\" content=\"https:\/\/hlb-poland.global\/wp-content\/uploads\/2018\/09\/getsix-accounting-financial-solutions.jpg\" \/>\n<meta name=\"twitter:card\" content=\"summary_large_image\" \/>\n<meta name=\"twitter:label1\" content=\"Gesch\u00e4tzte Lesezeit\" \/>\n\t<meta name=\"twitter:data1\" content=\"3\u00a0Minuten\" \/>\n<script type=\"application\/ld+json\" class=\"yoast-schema-graph\">{\"@context\":\"https:\/\/schema.org\",\"@graph\":[{\"@type\":\"WebPage\",\"@id\":\"https:\/\/hlb-poland.global\/de\/dienstleistungen\/finanzbuchhaltung\/\",\"url\":\"https:\/\/hlb-poland.global\/de\/dienstleistungen\/finanzbuchhaltung\/\",\"name\":\"Finanzen und Buchf\u00fchrung | HLB Poland\",\"isPartOf\":{\"@id\":\"https:\/\/hlb-poland.global\/#website\"},\"primaryImageOfPage\":{\"@id\":\"https:\/\/hlb-poland.global\/de\/dienstleistungen\/finanzbuchhaltung\/#primaryimage\"},\"image\":{\"@id\":\"https:\/\/hlb-poland.global\/de\/dienstleistungen\/finanzbuchhaltung\/#primaryimage\"},\"thumbnailUrl\":\"https:\/\/hlb-poland.global\/wp-content\/uploads\/2018\/09\/getsix-accounting-financial-solutions.jpg\",\"datePublished\":\"2018-12-13T11:29:29+00:00\",\"dateModified\":\"2023-07-20T08:21:15+00:00\",\"description\":\"Ihre Gesellschaft verdient bei der Buchf\u00fchrung und dem Berichtswesen die gleiche Qualit\u00e4t, die ein Fortune-500-Unternehmen erh\u00e4lt. Gegen...\",\"breadcrumb\":{\"@id\":\"https:\/\/hlb-poland.global\/de\/dienstleistungen\/finanzbuchhaltung\/#breadcrumb\"},\"inLanguage\":\"de\",\"potentialAction\":[{\"@type\":\"ReadAction\",\"target\":[\"https:\/\/hlb-poland.global\/de\/dienstleistungen\/finanzbuchhaltung\/\"]}]},{\"@type\":\"ImageObject\",\"inLanguage\":\"de\",\"@id\":\"https:\/\/hlb-poland.global\/de\/dienstleistungen\/finanzbuchhaltung\/#primaryimage\",\"url\":\"https:\/\/hlb-poland.global\/wp-content\/uploads\/2018\/09\/getsix-accounting-financial-solutions.jpg\",\"contentUrl\":\"https:\/\/hlb-poland.global\/wp-content\/uploads\/2018\/09\/getsix-accounting-financial-solutions.jpg\"},{\"@type\":\"BreadcrumbList\",\"@id\":\"https:\/\/hlb-poland.global\/de\/dienstleistungen\/finanzbuchhaltung\/#breadcrumb\",\"itemListElement\":[{\"@type\":\"ListItem\",\"position\":1,\"name\":\"Startseite\",\"item\":\"https:\/\/hlb-poland.global\/de\/\"},{\"@type\":\"ListItem\",\"position\":2,\"name\":\"Dienstleistungen\",\"item\":\"https:\/\/hlb-poland.global\/de\/dienstleistungen\/\"},{\"@type\":\"ListItem\",\"position\":3,\"name\":\"Finanzen und Buchf\u00fchrung\"}]},{\"@type\":\"WebSite\",\"@id\":\"https:\/\/hlb-poland.global\/#website\",\"url\":\"https:\/\/hlb-poland.global\/\",\"name\":\"HLB Poland\",\"description\":\"Advisory and accounting\",\"publisher\":{\"@id\":\"https:\/\/hlb-poland.global\/#organization\"},\"potentialAction\":[{\"@type\":\"SearchAction\",\"target\":{\"@type\":\"EntryPoint\",\"urlTemplate\":\"https:\/\/hlb-poland.global\/?s={search_term_string}\"},\"query-input\":{\"@type\":\"PropertyValueSpecification\",\"valueRequired\":true,\"valueName\":\"search_term_string\"}}],\"inLanguage\":\"de\"},{\"@type\":\"Organization\",\"@id\":\"https:\/\/hlb-poland.global\/#organization\",\"name\":\"HLB Poland\",\"url\":\"https:\/\/hlb-poland.global\/\",\"logo\":{\"@type\":\"ImageObject\",\"inLanguage\":\"de\",\"@id\":\"https:\/\/hlb-poland.global\/#\/schema\/logo\/image\/\",\"url\":\"https:\/\/hlb-poland.global\/wp-content\/uploads\/2025\/12\/hlb-poland-og-image.png\",\"contentUrl\":\"https:\/\/hlb-poland.global\/wp-content\/uploads\/2025\/12\/hlb-poland-og-image.png\",\"width\":1200,\"height\":630,\"caption\":\"HLB Poland\"},\"image\":{\"@id\":\"https:\/\/hlb-poland.global\/#\/schema\/logo\/image\/\"},\"sameAs\":[\"https:\/\/www.facebook.com\/HLBPoland\",\"https:\/\/www.linkedin.com\/company\/hlb-poland\"]}]}<\/script>\n<!-- \/ Yoast SEO plugin. -->","yoast_head_json":{"title":"Finanzen und Buchf\u00fchrung | HLB Poland","description":"Ihre Gesellschaft verdient bei der Buchf\u00fchrung und dem Berichtswesen die gleiche Qualit\u00e4t, die ein Fortune-500-Unternehmen erh\u00e4lt. Gegen...","robots":{"index":"index","follow":"follow","max-snippet":"max-snippet:-1","max-image-preview":"max-image-preview:large","max-video-preview":"max-video-preview:-1"},"canonical":"https:\/\/hlb-poland.global\/de\/dienstleistungen\/finanzbuchhaltung\/","og_locale":"de_DE","og_type":"article","og_title":"Finanzen und Buchf\u00fchrung | HLB Poland","og_description":"Ihre Gesellschaft verdient bei der Buchf\u00fchrung und dem Berichtswesen die gleiche Qualit\u00e4t, die ein Fortune-500-Unternehmen erh\u00e4lt. Gegen...","og_url":"https:\/\/hlb-poland.global\/de\/dienstleistungen\/finanzbuchhaltung\/","og_site_name":"HLB Poland","article_publisher":"https:\/\/www.facebook.com\/HLBPoland","article_modified_time":"2023-07-20T08:21:15+00:00","og_image":[{"url":"https:\/\/hlb-poland.global\/wp-content\/uploads\/2018\/09\/getsix-accounting-financial-solutions.jpg","type":"","width":"","height":""}],"twitter_card":"summary_large_image","twitter_misc":{"Gesch\u00e4tzte Lesezeit":"3\u00a0Minuten"},"schema":{"@context":"https:\/\/schema.org","@graph":[{"@type":"WebPage","@id":"https:\/\/hlb-poland.global\/de\/dienstleistungen\/finanzbuchhaltung\/","url":"https:\/\/hlb-poland.global\/de\/dienstleistungen\/finanzbuchhaltung\/","name":"Finanzen und Buchf\u00fchrung | HLB Poland","isPartOf":{"@id":"https:\/\/hlb-poland.global\/#website"},"primaryImageOfPage":{"@id":"https:\/\/hlb-poland.global\/de\/dienstleistungen\/finanzbuchhaltung\/#primaryimage"},"image":{"@id":"https:\/\/hlb-poland.global\/de\/dienstleistungen\/finanzbuchhaltung\/#primaryimage"},"thumbnailUrl":"https:\/\/hlb-poland.global\/wp-content\/uploads\/2018\/09\/getsix-accounting-financial-solutions.jpg","datePublished":"2018-12-13T11:29:29+00:00","dateModified":"2023-07-20T08:21:15+00:00","description":"Ihre Gesellschaft verdient bei der Buchf\u00fchrung und dem Berichtswesen die gleiche Qualit\u00e4t, die ein Fortune-500-Unternehmen erh\u00e4lt. Gegen...","breadcrumb":{"@id":"https:\/\/hlb-poland.global\/de\/dienstleistungen\/finanzbuchhaltung\/#breadcrumb"},"inLanguage":"de","potentialAction":[{"@type":"ReadAction","target":["https:\/\/hlb-poland.global\/de\/dienstleistungen\/finanzbuchhaltung\/"]}]},{"@type":"ImageObject","inLanguage":"de","@id":"https:\/\/hlb-poland.global\/de\/dienstleistungen\/finanzbuchhaltung\/#primaryimage","url":"https:\/\/hlb-poland.global\/wp-content\/uploads\/2018\/09\/getsix-accounting-financial-solutions.jpg","contentUrl":"https:\/\/hlb-poland.global\/wp-content\/uploads\/2018\/09\/getsix-accounting-financial-solutions.jpg"},{"@type":"BreadcrumbList","@id":"https:\/\/hlb-poland.global\/de\/dienstleistungen\/finanzbuchhaltung\/#breadcrumb","itemListElement":[{"@type":"ListItem","position":1,"name":"Startseite","item":"https:\/\/hlb-poland.global\/de\/"},{"@type":"ListItem","position":2,"name":"Dienstleistungen","item":"https:\/\/hlb-poland.global\/de\/dienstleistungen\/"},{"@type":"ListItem","position":3,"name":"Finanzen und Buchf\u00fchrung"}]},{"@type":"WebSite","@id":"https:\/\/hlb-poland.global\/#website","url":"https:\/\/hlb-poland.global\/","name":"HLB Poland","description":"Advisory and accounting","publisher":{"@id":"https:\/\/hlb-poland.global\/#organization"},"potentialAction":[{"@type":"SearchAction","target":{"@type":"EntryPoint","urlTemplate":"https:\/\/hlb-poland.global\/?s={search_term_string}"},"query-input":{"@type":"PropertyValueSpecification","valueRequired":true,"valueName":"search_term_string"}}],"inLanguage":"de"},{"@type":"Organization","@id":"https:\/\/hlb-poland.global\/#organization","name":"HLB Poland","url":"https:\/\/hlb-poland.global\/","logo":{"@type":"ImageObject","inLanguage":"de","@id":"https:\/\/hlb-poland.global\/#\/schema\/logo\/image\/","url":"https:\/\/hlb-poland.global\/wp-content\/uploads\/2025\/12\/hlb-poland-og-image.png","contentUrl":"https:\/\/hlb-poland.global\/wp-content\/uploads\/2025\/12\/hlb-poland-og-image.png","width":1200,"height":630,"caption":"HLB Poland"},"image":{"@id":"https:\/\/hlb-poland.global\/#\/schema\/logo\/image\/"},"sameAs":["https:\/\/www.facebook.com\/HLBPoland","https:\/\/www.linkedin.com\/company\/hlb-poland"]}]}},"_links":{"self":[{"href":"https:\/\/hlb-poland.global\/de\/wp-json\/wp\/v2\/pages\/1963","targetHints":{"allow":["GET"]}}],"collection":[{"href":"https:\/\/hlb-poland.global\/de\/wp-json\/wp\/v2\/pages"}],"about":[{"href":"https:\/\/hlb-poland.global\/de\/wp-json\/wp\/v2\/types\/page"}],"author":[{"embeddable":true,"href":"https:\/\/hlb-poland.global\/de\/wp-json\/wp\/v2\/users\/3"}],"replies":[{"embeddable":true,"href":"https:\/\/hlb-poland.global\/de\/wp-json\/wp\/v2\/comments?post=1963"}],"version-history":[{"count":11,"href":"https:\/\/hlb-poland.global\/de\/wp-json\/wp\/v2\/pages\/1963\/revisions"}],"predecessor-version":[{"id":13050,"href":"https:\/\/hlb-poland.global\/de\/wp-json\/wp\/v2\/pages\/1963\/revisions\/13050"}],"up":[{"embeddable":true,"href":"https:\/\/hlb-poland.global\/de\/wp-json\/wp\/v2\/pages\/1957"}],"wp:attachment":[{"href":"https:\/\/hlb-poland.global\/de\/wp-json\/wp\/v2\/media?parent=1963"}],"curies":[{"name":"wp","href":"https:\/\/api.w.org\/{rel}","templated":true}]}}