
{"id":1967,"date":"2018-12-13T12:50:02","date_gmt":"2018-12-13T11:50:02","guid":{"rendered":"http:\/\/hlb-poland.global\/?page_id=1967"},"modified":"2025-01-10T13:06:01","modified_gmt":"2025-01-10T12:06:01","slug":"beratung","status":"publish","type":"page","link":"https:\/\/hlb-poland.global\/de\/dienstleistungen\/beratung\/","title":{"rendered":"HLB Polen Unternehmensberatung"},"content":{"rendered":"<h3>&#8222;Beratungsleistungen&#8220;, die durch Insider erbracht werden, machen den Unterschied<\/h3>\n<p>Aufgrund der Tatsache, dass <span style=\"font-weight: bold;\">HLB Poland<\/span> Beratungsleistungen in den Bereichen &#8222;Finanzierung &amp; Buchhaltung&#8220;, &#8222;Personalwesen &amp; Gehaltsabrechnung&#8220; und &#8222;IT-Services&#8220; als &#8222;Full-Service-Anbieter&#8220; erbringt, sind wir dazu in der Lage, Sie an unseren entsprechenden Erfahrungen teilhaben zu lassen. Nach unserem Verst\u00e4ndnis ist es ein gro\u00dfer Unterschied, ob man &#8222;Insider&#8220; ist, oder ob man nur vor einem theoretischen Hintergrund beraten kann, so wie es viele andere tun.<\/p>\n<hr \/>\n<h3>Die Beratungsleistungen von HLB Poland umfassen folgende Wissensgebiete:<\/h3>\n<ul>\n<li>Direktinvestitionen in Polen;<\/li>\n<li>Business-Transformation;<\/li>\n<li>Management-Beratung;<\/li>\n<li>Allgemeine Unternehmensberatung;<\/li>\n<li>Finanzen &amp; Buchhaltung;<\/li>\n<li>Personalwesen &amp; Lohn- und Gehaltsabrechnung;<\/li>\n<li>IT-Beratung;<\/li>\n<li>Steuerberatung f\u00fcr Unternehmen durch unsere Partner des &#8222;Kompetenznetzwerks&#8220;;<\/li>\n<li>Rechtsberatung f\u00fcr Unternehmen durch unsere Partner des &#8222;Kompetenznetzwerks&#8220;.<\/li>\n<\/ul>\n<p>Jedes Gesch\u00e4ft bringt seine eigenen Herausforderungen mit sich, f\u00fcr die Spezialisten mit ihrem Wissen und ihren Erfahrungen gebraucht werden. Die Mitgliedsfirmen von HLB beraten Unternehmen im Bereich Corporate Finance und unterst\u00fctzt sie in einem gro\u00dfen Themenspektrum. Dabei werden Informationen, Expertenwissen und Erfahrungen aus der ganzen Welt zur Verf\u00fcgung gestellt.<\/p>\n","protected":false},"excerpt":{"rendered":"<p>&#8222;Beratungsleistungen&#8220;, die durch Insider erbracht werden, machen den Unterschied Aufgrund der Tatsache, dass HLB Poland Beratungsleistungen in den Bereichen &#8222;Finanzierung..<\/p>\n<div class=\"clear\"><\/div><a class=\"more-link\" href=\"https:\/\/hlb-poland.global\/de\/dienstleistungen\/beratung\/\"> Mehr erfahren <\/a>","protected":false},"author":3,"featured_media":0,"parent":1957,"menu_order":0,"comment_status":"closed","ping_status":"closed","template":"","meta":{"_acf_changed":false,"footnotes":""},"class_list":["post-1967","page","type-page","status-publish","hentry"],"acf":[],"yoast_head":"<!-- This site is optimized with the Yoast SEO plugin v27.2 - https:\/\/yoast.com\/product\/yoast-seo-wordpress\/ -->\n<title>HLB Polen Unternehmensberatung | HLB Poland<\/title>\n<meta name=\"description\" content=\"Die HLB Poland Unternehmensberatung ist nach ISO 9001:2008 zertifiziert f\u00fcr die Gestaltung, Entwicklung und Bereitstellung innovativer...\" \/>\n<meta name=\"robots\" content=\"index, follow, max-snippet:-1, max-image-preview:large, max-video-preview:-1\" \/>\n<link rel=\"canonical\" href=\"https:\/\/hlb-poland.global\/de\/dienstleistungen\/beratung\/\" \/>\n<meta property=\"og:locale\" content=\"de_DE\" \/>\n<meta property=\"og:type\" content=\"article\" \/>\n<meta property=\"og:title\" content=\"HLB Polen Unternehmensberatung | HLB Poland\" \/>\n<meta property=\"og:description\" content=\"Die HLB Poland Unternehmensberatung ist nach ISO 9001:2008 zertifiziert f\u00fcr die Gestaltung, Entwicklung und Bereitstellung innovativer...\" \/>\n<meta property=\"og:url\" content=\"https:\/\/hlb-poland.global\/de\/dienstleistungen\/beratung\/\" \/>\n<meta property=\"og:site_name\" content=\"HLB Poland\" \/>\n<meta property=\"article:publisher\" content=\"https:\/\/www.facebook.com\/HLBPoland\" \/>\n<meta property=\"article:modified_time\" content=\"2025-01-10T12:06:01+00:00\" \/>\n<meta name=\"twitter:card\" content=\"summary_large_image\" \/>\n<meta name=\"twitter:label1\" content=\"Gesch\u00e4tzte Lesezeit\" \/>\n\t<meta name=\"twitter:data1\" content=\"1\u00a0Minute\" \/>\n<script type=\"application\/ld+json\" class=\"yoast-schema-graph\">{\"@context\":\"https:\/\/schema.org\",\"@graph\":[{\"@type\":\"WebPage\",\"@id\":\"https:\/\/hlb-poland.global\/de\/dienstleistungen\/beratung\/\",\"url\":\"https:\/\/hlb-poland.global\/de\/dienstleistungen\/beratung\/\",\"name\":\"HLB Polen Unternehmensberatung | HLB Poland\",\"isPartOf\":{\"@id\":\"https:\/\/hlb-poland.global\/#website\"},\"datePublished\":\"2018-12-13T11:50:02+00:00\",\"dateModified\":\"2025-01-10T12:06:01+00:00\",\"description\":\"Die HLB Poland Unternehmensberatung ist nach ISO 9001:2008 zertifiziert f\u00fcr die Gestaltung, Entwicklung und Bereitstellung innovativer...\",\"breadcrumb\":{\"@id\":\"https:\/\/hlb-poland.global\/de\/dienstleistungen\/beratung\/#breadcrumb\"},\"inLanguage\":\"de\",\"potentialAction\":[{\"@type\":\"ReadAction\",\"target\":[\"https:\/\/hlb-poland.global\/de\/dienstleistungen\/beratung\/\"]}]},{\"@type\":\"BreadcrumbList\",\"@id\":\"https:\/\/hlb-poland.global\/de\/dienstleistungen\/beratung\/#breadcrumb\",\"itemListElement\":[{\"@type\":\"ListItem\",\"position\":1,\"name\":\"Startseite\",\"item\":\"https:\/\/hlb-poland.global\/de\/\"},{\"@type\":\"ListItem\",\"position\":2,\"name\":\"Dienstleistungen\",\"item\":\"https:\/\/hlb-poland.global\/de\/dienstleistungen\/\"},{\"@type\":\"ListItem\",\"position\":3,\"name\":\"HLB Polen Unternehmensberatung\"}]},{\"@type\":\"WebSite\",\"@id\":\"https:\/\/hlb-poland.global\/#website\",\"url\":\"https:\/\/hlb-poland.global\/\",\"name\":\"HLB Poland\",\"description\":\"Advisory and accounting\",\"publisher\":{\"@id\":\"https:\/\/hlb-poland.global\/#organization\"},\"potentialAction\":[{\"@type\":\"SearchAction\",\"target\":{\"@type\":\"EntryPoint\",\"urlTemplate\":\"https:\/\/hlb-poland.global\/?s={search_term_string}\"},\"query-input\":{\"@type\":\"PropertyValueSpecification\",\"valueRequired\":true,\"valueName\":\"search_term_string\"}}],\"inLanguage\":\"de\"},{\"@type\":\"Organization\",\"@id\":\"https:\/\/hlb-poland.global\/#organization\",\"name\":\"HLB Poland\",\"url\":\"https:\/\/hlb-poland.global\/\",\"logo\":{\"@type\":\"ImageObject\",\"inLanguage\":\"de\",\"@id\":\"https:\/\/hlb-poland.global\/#\/schema\/logo\/image\/\",\"url\":\"https:\/\/hlb-poland.global\/wp-content\/uploads\/2025\/12\/hlb-poland-og-image.png\",\"contentUrl\":\"https:\/\/hlb-poland.global\/wp-content\/uploads\/2025\/12\/hlb-poland-og-image.png\",\"width\":1200,\"height\":630,\"caption\":\"HLB Poland\"},\"image\":{\"@id\":\"https:\/\/hlb-poland.global\/#\/schema\/logo\/image\/\"},\"sameAs\":[\"https:\/\/www.facebook.com\/HLBPoland\",\"https:\/\/www.linkedin.com\/company\/hlb-poland\"]}]}<\/script>\n<!-- \/ Yoast SEO plugin. -->","yoast_head_json":{"title":"HLB Polen Unternehmensberatung | HLB Poland","description":"Die HLB Poland Unternehmensberatung ist nach ISO 9001:2008 zertifiziert f\u00fcr die Gestaltung, Entwicklung und Bereitstellung innovativer...","robots":{"index":"index","follow":"follow","max-snippet":"max-snippet:-1","max-image-preview":"max-image-preview:large","max-video-preview":"max-video-preview:-1"},"canonical":"https:\/\/hlb-poland.global\/de\/dienstleistungen\/beratung\/","og_locale":"de_DE","og_type":"article","og_title":"HLB Polen Unternehmensberatung | HLB Poland","og_description":"Die HLB Poland Unternehmensberatung ist nach ISO 9001:2008 zertifiziert f\u00fcr die Gestaltung, Entwicklung und Bereitstellung innovativer...","og_url":"https:\/\/hlb-poland.global\/de\/dienstleistungen\/beratung\/","og_site_name":"HLB Poland","article_publisher":"https:\/\/www.facebook.com\/HLBPoland","article_modified_time":"2025-01-10T12:06:01+00:00","twitter_card":"summary_large_image","twitter_misc":{"Gesch\u00e4tzte Lesezeit":"1\u00a0Minute"},"schema":{"@context":"https:\/\/schema.org","@graph":[{"@type":"WebPage","@id":"https:\/\/hlb-poland.global\/de\/dienstleistungen\/beratung\/","url":"https:\/\/hlb-poland.global\/de\/dienstleistungen\/beratung\/","name":"HLB Polen Unternehmensberatung | HLB Poland","isPartOf":{"@id":"https:\/\/hlb-poland.global\/#website"},"datePublished":"2018-12-13T11:50:02+00:00","dateModified":"2025-01-10T12:06:01+00:00","description":"Die HLB Poland Unternehmensberatung ist nach ISO 9001:2008 zertifiziert f\u00fcr die Gestaltung, Entwicklung und Bereitstellung innovativer...","breadcrumb":{"@id":"https:\/\/hlb-poland.global\/de\/dienstleistungen\/beratung\/#breadcrumb"},"inLanguage":"de","potentialAction":[{"@type":"ReadAction","target":["https:\/\/hlb-poland.global\/de\/dienstleistungen\/beratung\/"]}]},{"@type":"BreadcrumbList","@id":"https:\/\/hlb-poland.global\/de\/dienstleistungen\/beratung\/#breadcrumb","itemListElement":[{"@type":"ListItem","position":1,"name":"Startseite","item":"https:\/\/hlb-poland.global\/de\/"},{"@type":"ListItem","position":2,"name":"Dienstleistungen","item":"https:\/\/hlb-poland.global\/de\/dienstleistungen\/"},{"@type":"ListItem","position":3,"name":"HLB Polen Unternehmensberatung"}]},{"@type":"WebSite","@id":"https:\/\/hlb-poland.global\/#website","url":"https:\/\/hlb-poland.global\/","name":"HLB Poland","description":"Advisory and accounting","publisher":{"@id":"https:\/\/hlb-poland.global\/#organization"},"potentialAction":[{"@type":"SearchAction","target":{"@type":"EntryPoint","urlTemplate":"https:\/\/hlb-poland.global\/?s={search_term_string}"},"query-input":{"@type":"PropertyValueSpecification","valueRequired":true,"valueName":"search_term_string"}}],"inLanguage":"de"},{"@type":"Organization","@id":"https:\/\/hlb-poland.global\/#organization","name":"HLB Poland","url":"https:\/\/hlb-poland.global\/","logo":{"@type":"ImageObject","inLanguage":"de","@id":"https:\/\/hlb-poland.global\/#\/schema\/logo\/image\/","url":"https:\/\/hlb-poland.global\/wp-content\/uploads\/2025\/12\/hlb-poland-og-image.png","contentUrl":"https:\/\/hlb-poland.global\/wp-content\/uploads\/2025\/12\/hlb-poland-og-image.png","width":1200,"height":630,"caption":"HLB Poland"},"image":{"@id":"https:\/\/hlb-poland.global\/#\/schema\/logo\/image\/"},"sameAs":["https:\/\/www.facebook.com\/HLBPoland","https:\/\/www.linkedin.com\/company\/hlb-poland"]}]}},"_links":{"self":[{"href":"https:\/\/hlb-poland.global\/de\/wp-json\/wp\/v2\/pages\/1967","targetHints":{"allow":["GET"]}}],"collection":[{"href":"https:\/\/hlb-poland.global\/de\/wp-json\/wp\/v2\/pages"}],"about":[{"href":"https:\/\/hlb-poland.global\/de\/wp-json\/wp\/v2\/types\/page"}],"author":[{"embeddable":true,"href":"https:\/\/hlb-poland.global\/de\/wp-json\/wp\/v2\/users\/3"}],"replies":[{"embeddable":true,"href":"https:\/\/hlb-poland.global\/de\/wp-json\/wp\/v2\/comments?post=1967"}],"version-history":[{"count":8,"href":"https:\/\/hlb-poland.global\/de\/wp-json\/wp\/v2\/pages\/1967\/revisions"}],"predecessor-version":[{"id":16202,"href":"https:\/\/hlb-poland.global\/de\/wp-json\/wp\/v2\/pages\/1967\/revisions\/16202"}],"up":[{"embeddable":true,"href":"https:\/\/hlb-poland.global\/de\/wp-json\/wp\/v2\/pages\/1957"}],"wp:attachment":[{"href":"https:\/\/hlb-poland.global\/de\/wp-json\/wp\/v2\/media?parent=1967"}],"curies":[{"name":"wp","href":"https:\/\/api.w.org\/{rel}","templated":true}]}}