
{"id":1969,"date":"2018-12-13T12:52:05","date_gmt":"2018-12-13T11:52:05","guid":{"rendered":"http:\/\/hlb-poland.global\/?page_id=1969"},"modified":"2023-07-20T09:30:17","modified_gmt":"2023-07-20T08:30:17","slug":"it-dienstleistungen","status":"publish","type":"page","link":"https:\/\/hlb-poland.global\/de\/dienstleistungen\/it-dienstleistungen\/","title":{"rendered":"Professionelle IT-Dienstleistungen"},"content":{"rendered":"<p>Die Mitgliedsfirmen von <span style=\"font-weight: bold;\">HLB Poland<\/span> verstehen die Bedeutung, die das \u201cInformationssicherheits-Management\u201d f\u00fcr unsere Mandanten hat. Deshalb m\u00fcssen wir es ohne wenn und aber in unserem Qualit\u00e4tsmanagement-Prozess implementieren, um unserem Ruf, erstklassige Dienstleistungen zu erbringen, auch in Zukunft gerecht zu werden.<\/p>\n<p>Wir freuen uns, Ihnen mitteilen zu k\u00f6nnen, dass innerhalb unserer polnischen Mitgliedschaft die erste Stufe der Akkreditierung nach ISO 27001 abgeschlossen worden ist und das Zertifikat nach ISO 27001:2005 vorliegt. Dieser Prozess verl\u00e4uft zweistufig und umfasst die Einhaltung der Zertifizierungsrichtlinien des T\u00dcV Rheinland. Auch die zweite Stufe des Zertifizierungprozesses nach ISO\/IEC 27001:2013 ist erfolgreich beendet worden, verbunden mit der offiziellen Best\u00e4tigung der Erf\u00fcllung aller \u201eAnforderungen der Informationstechnologie \u2013 Sicherheitsverfahren \u2013 Informationssicherheits-Managementsysteme\u201c oder (ISMS).<\/p>\n<p>Ausgehend von dem wichtigsten Grundsatz des ISMS werden innerhalb von <span style=\"font-weight: bold;\">HLB Poland<\/span> koh\u00e4rente Richtlinien, Prozesse und Systeme entwickelt, implementiert und erf\u00fcllt, um Risiken innerhalb unserer Informationsbest\u00e4nde zu managen und zwar mit einem \u00e4u\u00dferst neuen Bereich des Outsourcing, wodurch HLB Poland auch in Zukunft sein hervorragendes Niveau in der Informationssicherheit weiter verbessern kann.<\/p>\n<p><span style=\"font-weight: bold;\">HLB Poland<\/span> meint, dass die Erlangung des ISO 9001:2008 Zertifikats innerhalb unserer Mitgliedschaft ein \u00fcberaus wichtiger und wesentlicher Prozess ist. <span style=\"font-weight: bold;\">HLB Poland<\/span> wird sowohl seinen gegenw\u00e4rtigen als auch seinen potenziellen Mandanten weiterhin eine \u201einnere Ruhe\u201c verschaffen k\u00f6nnen, wenn wir in einer sich st\u00e4ndig ver\u00e4ndernden Welt unsere erstklassigen Dienstleistungen erbringen.<\/p>\n<style>\n@media (max-width: 576px) {<br \/>\n  .intro h2 {<br \/>\n    font-size:2.1rem;<br \/>\n  }<br \/>\n}<br \/>\n<\/style>\n","protected":false},"excerpt":{"rendered":"<p>Die Mitgliedsfirmen von HLB Poland verstehen die Bedeutung, die das \u201cInformationssicherheits-Management\u201d f\u00fcr unsere Mandanten hat. Deshalb m\u00fcssen wir es ohne..<\/p>\n<div class=\"clear\"><\/div><a class=\"more-link\" href=\"https:\/\/hlb-poland.global\/de\/dienstleistungen\/it-dienstleistungen\/\"> Mehr erfahren <\/a>","protected":false},"author":3,"featured_media":0,"parent":1957,"menu_order":0,"comment_status":"closed","ping_status":"closed","template":"","meta":{"_acf_changed":false,"footnotes":""},"class_list":["post-1969","page","type-page","status-publish","hentry"],"acf":[],"yoast_head":"<!-- This site is optimized with the Yoast SEO plugin v27.2 - https:\/\/yoast.com\/product\/yoast-seo-wordpress\/ -->\n<title>Professionelle IT-Dienstleistungen | HLB Poland<\/title>\n<meta name=\"description\" content=\"HLB Poland bietet Ihrem Unternehmen mit einem Stab spezialisierter Mitarbeiter Beratungs- und Serviceleistungen im Berich...\" \/>\n<meta name=\"robots\" content=\"index, follow, max-snippet:-1, max-image-preview:large, max-video-preview:-1\" \/>\n<link rel=\"canonical\" href=\"https:\/\/hlb-poland.global\/de\/dienstleistungen\/it-dienstleistungen\/\" \/>\n<meta property=\"og:locale\" content=\"de_DE\" \/>\n<meta property=\"og:type\" content=\"article\" \/>\n<meta property=\"og:title\" content=\"Professionelle IT-Dienstleistungen | HLB Poland\" \/>\n<meta property=\"og:description\" content=\"HLB Poland bietet Ihrem Unternehmen mit einem Stab spezialisierter Mitarbeiter Beratungs- und Serviceleistungen im Berich...\" \/>\n<meta property=\"og:url\" content=\"https:\/\/hlb-poland.global\/de\/dienstleistungen\/it-dienstleistungen\/\" \/>\n<meta property=\"og:site_name\" content=\"HLB Poland\" \/>\n<meta property=\"article:publisher\" content=\"https:\/\/www.facebook.com\/HLBPoland\" \/>\n<meta property=\"article:modified_time\" content=\"2023-07-20T08:30:17+00:00\" \/>\n<meta name=\"twitter:card\" content=\"summary_large_image\" \/>\n<meta name=\"twitter:label1\" content=\"Gesch\u00e4tzte Lesezeit\" \/>\n\t<meta name=\"twitter:data1\" content=\"1\u00a0Minute\" \/>\n<script type=\"application\/ld+json\" class=\"yoast-schema-graph\">{\"@context\":\"https:\/\/schema.org\",\"@graph\":[{\"@type\":\"WebPage\",\"@id\":\"https:\/\/hlb-poland.global\/de\/dienstleistungen\/it-dienstleistungen\/\",\"url\":\"https:\/\/hlb-poland.global\/de\/dienstleistungen\/it-dienstleistungen\/\",\"name\":\"Professionelle IT-Dienstleistungen | HLB Poland\",\"isPartOf\":{\"@id\":\"https:\/\/hlb-poland.global\/#website\"},\"datePublished\":\"2018-12-13T11:52:05+00:00\",\"dateModified\":\"2023-07-20T08:30:17+00:00\",\"description\":\"HLB Poland bietet Ihrem Unternehmen mit einem Stab spezialisierter Mitarbeiter Beratungs- und Serviceleistungen im Berich...\",\"breadcrumb\":{\"@id\":\"https:\/\/hlb-poland.global\/de\/dienstleistungen\/it-dienstleistungen\/#breadcrumb\"},\"inLanguage\":\"de\",\"potentialAction\":[{\"@type\":\"ReadAction\",\"target\":[\"https:\/\/hlb-poland.global\/de\/dienstleistungen\/it-dienstleistungen\/\"]}]},{\"@type\":\"BreadcrumbList\",\"@id\":\"https:\/\/hlb-poland.global\/de\/dienstleistungen\/it-dienstleistungen\/#breadcrumb\",\"itemListElement\":[{\"@type\":\"ListItem\",\"position\":1,\"name\":\"Startseite\",\"item\":\"https:\/\/hlb-poland.global\/de\/\"},{\"@type\":\"ListItem\",\"position\":2,\"name\":\"Dienstleistungen\",\"item\":\"https:\/\/hlb-poland.global\/de\/dienstleistungen\/\"},{\"@type\":\"ListItem\",\"position\":3,\"name\":\"Professionelle IT-Dienstleistungen\"}]},{\"@type\":\"WebSite\",\"@id\":\"https:\/\/hlb-poland.global\/#website\",\"url\":\"https:\/\/hlb-poland.global\/\",\"name\":\"HLB Poland\",\"description\":\"Advisory and accounting\",\"publisher\":{\"@id\":\"https:\/\/hlb-poland.global\/#organization\"},\"potentialAction\":[{\"@type\":\"SearchAction\",\"target\":{\"@type\":\"EntryPoint\",\"urlTemplate\":\"https:\/\/hlb-poland.global\/?s={search_term_string}\"},\"query-input\":{\"@type\":\"PropertyValueSpecification\",\"valueRequired\":true,\"valueName\":\"search_term_string\"}}],\"inLanguage\":\"de\"},{\"@type\":\"Organization\",\"@id\":\"https:\/\/hlb-poland.global\/#organization\",\"name\":\"HLB Poland\",\"url\":\"https:\/\/hlb-poland.global\/\",\"logo\":{\"@type\":\"ImageObject\",\"inLanguage\":\"de\",\"@id\":\"https:\/\/hlb-poland.global\/#\/schema\/logo\/image\/\",\"url\":\"https:\/\/hlb-poland.global\/wp-content\/uploads\/2025\/12\/hlb-poland-og-image.png\",\"contentUrl\":\"https:\/\/hlb-poland.global\/wp-content\/uploads\/2025\/12\/hlb-poland-og-image.png\",\"width\":1200,\"height\":630,\"caption\":\"HLB Poland\"},\"image\":{\"@id\":\"https:\/\/hlb-poland.global\/#\/schema\/logo\/image\/\"},\"sameAs\":[\"https:\/\/www.facebook.com\/HLBPoland\",\"https:\/\/www.linkedin.com\/company\/hlb-poland\"]}]}<\/script>\n<!-- \/ Yoast SEO plugin. -->","yoast_head_json":{"title":"Professionelle IT-Dienstleistungen | HLB Poland","description":"HLB Poland bietet Ihrem Unternehmen mit einem Stab spezialisierter Mitarbeiter Beratungs- und Serviceleistungen im Berich...","robots":{"index":"index","follow":"follow","max-snippet":"max-snippet:-1","max-image-preview":"max-image-preview:large","max-video-preview":"max-video-preview:-1"},"canonical":"https:\/\/hlb-poland.global\/de\/dienstleistungen\/it-dienstleistungen\/","og_locale":"de_DE","og_type":"article","og_title":"Professionelle IT-Dienstleistungen | HLB Poland","og_description":"HLB Poland bietet Ihrem Unternehmen mit einem Stab spezialisierter Mitarbeiter Beratungs- und Serviceleistungen im Berich...","og_url":"https:\/\/hlb-poland.global\/de\/dienstleistungen\/it-dienstleistungen\/","og_site_name":"HLB Poland","article_publisher":"https:\/\/www.facebook.com\/HLBPoland","article_modified_time":"2023-07-20T08:30:17+00:00","twitter_card":"summary_large_image","twitter_misc":{"Gesch\u00e4tzte Lesezeit":"1\u00a0Minute"},"schema":{"@context":"https:\/\/schema.org","@graph":[{"@type":"WebPage","@id":"https:\/\/hlb-poland.global\/de\/dienstleistungen\/it-dienstleistungen\/","url":"https:\/\/hlb-poland.global\/de\/dienstleistungen\/it-dienstleistungen\/","name":"Professionelle IT-Dienstleistungen | HLB Poland","isPartOf":{"@id":"https:\/\/hlb-poland.global\/#website"},"datePublished":"2018-12-13T11:52:05+00:00","dateModified":"2023-07-20T08:30:17+00:00","description":"HLB Poland bietet Ihrem Unternehmen mit einem Stab spezialisierter Mitarbeiter Beratungs- und Serviceleistungen im Berich...","breadcrumb":{"@id":"https:\/\/hlb-poland.global\/de\/dienstleistungen\/it-dienstleistungen\/#breadcrumb"},"inLanguage":"de","potentialAction":[{"@type":"ReadAction","target":["https:\/\/hlb-poland.global\/de\/dienstleistungen\/it-dienstleistungen\/"]}]},{"@type":"BreadcrumbList","@id":"https:\/\/hlb-poland.global\/de\/dienstleistungen\/it-dienstleistungen\/#breadcrumb","itemListElement":[{"@type":"ListItem","position":1,"name":"Startseite","item":"https:\/\/hlb-poland.global\/de\/"},{"@type":"ListItem","position":2,"name":"Dienstleistungen","item":"https:\/\/hlb-poland.global\/de\/dienstleistungen\/"},{"@type":"ListItem","position":3,"name":"Professionelle IT-Dienstleistungen"}]},{"@type":"WebSite","@id":"https:\/\/hlb-poland.global\/#website","url":"https:\/\/hlb-poland.global\/","name":"HLB Poland","description":"Advisory and accounting","publisher":{"@id":"https:\/\/hlb-poland.global\/#organization"},"potentialAction":[{"@type":"SearchAction","target":{"@type":"EntryPoint","urlTemplate":"https:\/\/hlb-poland.global\/?s={search_term_string}"},"query-input":{"@type":"PropertyValueSpecification","valueRequired":true,"valueName":"search_term_string"}}],"inLanguage":"de"},{"@type":"Organization","@id":"https:\/\/hlb-poland.global\/#organization","name":"HLB Poland","url":"https:\/\/hlb-poland.global\/","logo":{"@type":"ImageObject","inLanguage":"de","@id":"https:\/\/hlb-poland.global\/#\/schema\/logo\/image\/","url":"https:\/\/hlb-poland.global\/wp-content\/uploads\/2025\/12\/hlb-poland-og-image.png","contentUrl":"https:\/\/hlb-poland.global\/wp-content\/uploads\/2025\/12\/hlb-poland-og-image.png","width":1200,"height":630,"caption":"HLB Poland"},"image":{"@id":"https:\/\/hlb-poland.global\/#\/schema\/logo\/image\/"},"sameAs":["https:\/\/www.facebook.com\/HLBPoland","https:\/\/www.linkedin.com\/company\/hlb-poland"]}]}},"_links":{"self":[{"href":"https:\/\/hlb-poland.global\/de\/wp-json\/wp\/v2\/pages\/1969","targetHints":{"allow":["GET"]}}],"collection":[{"href":"https:\/\/hlb-poland.global\/de\/wp-json\/wp\/v2\/pages"}],"about":[{"href":"https:\/\/hlb-poland.global\/de\/wp-json\/wp\/v2\/types\/page"}],"author":[{"embeddable":true,"href":"https:\/\/hlb-poland.global\/de\/wp-json\/wp\/v2\/users\/3"}],"replies":[{"embeddable":true,"href":"https:\/\/hlb-poland.global\/de\/wp-json\/wp\/v2\/comments?post=1969"}],"version-history":[{"count":7,"href":"https:\/\/hlb-poland.global\/de\/wp-json\/wp\/v2\/pages\/1969\/revisions"}],"predecessor-version":[{"id":13053,"href":"https:\/\/hlb-poland.global\/de\/wp-json\/wp\/v2\/pages\/1969\/revisions\/13053"}],"up":[{"embeddable":true,"href":"https:\/\/hlb-poland.global\/de\/wp-json\/wp\/v2\/pages\/1957"}],"wp:attachment":[{"href":"https:\/\/hlb-poland.global\/de\/wp-json\/wp\/v2\/media?parent=1969"}],"curies":[{"name":"wp","href":"https:\/\/api.w.org\/{rel}","templated":true}]}}