
{"id":1971,"date":"2018-12-13T13:00:31","date_gmt":"2018-12-13T12:00:31","guid":{"rendered":"http:\/\/hlb-poland.global\/?page_id=1971"},"modified":"2023-07-20T09:15:51","modified_gmt":"2023-07-20T08:15:51","slug":"steuern","status":"publish","type":"page","link":"https:\/\/hlb-poland.global\/de\/dienstleistungen\/steuern\/","title":{"rendered":"HLB Polen Steuerdienstleistungen"},"content":{"rendered":"<h3>Wie kann HLB Poland Sie unterst\u00fctzen?<\/h3>\n<p>Sie k\u00f6nnen mit uns Ihre vorgesehenen Transaktionen oder Gesch\u00e4fte besprechen. Am besten geben Sie uns die wichtigsten Entw\u00fcrfe der von Ihnen geplanten Vereinbarungen. Dadurch versetzen Sie uns in die Lage, Ihr Gesch\u00e4ft und besonders die bevorstehende Transaktion zu verstehen. Dadurch erkennen wir die relevanten Einfl\u00fcsse auf eine Besteuerung in Polen und empfehlen Wege zur Verminderung steuerlicher Risiken.<\/p>\n<p>Ebenso k\u00f6nnen Sie mit uns bereits erfolgte Gesch\u00e4fte besprechen, bei denen Sie unsicher sind, ob und gegebenenfalls welche steuerlichen Auswirkungen sie in Polen haben k\u00f6nnten. Wir identifizieren etwaige Steuerrisiken und machen Vorschl\u00e4ge, um eventuelle negative Auswirkungen so gering wie m\u00f6glich zu halten.<\/p>\n<hr \/>\n<p>Unternehmen mit Pl\u00e4nen der Internationalisierung und mit Auslandsaktivit\u00e4ten m\u00fcssen sich auf Steuerfachleute verlassen k\u00f6nnen, die eine Mischung aus Kenntnis der lokalen Gegebenheiten und globalen F\u00e4higkeiten mitbringen. <span style=\"font-weight: bold;\">HLB Poland<\/span> kann Sie \u2013 durch ein internationales Netzwerk von unabh\u00e4ngigen und fachlich kompetenten Mitgliedsfirmen \u2013 mit der n\u00f6tigen Beratung tatkr\u00e4ftig unterst\u00fctzen.<\/p>\n<p>Die von unseren Mitgliedsfirmen angebotenen Dienstleistungen umfassen:<\/p>\n<ul>\n<li>Internationale Steuerplanung;<\/li>\n<li>Wahl der Rechtsform;<\/li>\n<li>Interne Verrechnungspreise;<\/li>\n<li>Besteuerung von Arbeitnehmern im Auslandseinsatz;<\/li>\n<li>Geistiges Eigentum \/ Schutzrechte;<\/li>\n<li>Internationale Einkommenbesteuerung.<\/li>\n<\/ul>\n<hr \/>\n<div class=\"row\">\n<div class=\"col-12 col-md-12 col-lg-6 col-xl-6 block\">\n<h3>Internationale Besteuerung<\/h3>\n<p>Wenn Sie in einem oder in mehreren L\u00e4ndern gesch\u00e4ftst\u00e4tig sind, sind Sie mit einem jeweils anderen Steuerrecht konfrontiert. Lohnsteuer, USt., Gewinnbesteuerung, Zollgeb\u00fchren, Sozialabgaben f\u00fcr ins Ausland entsandte Mitarbeiter, F\u00f6rderm\u00f6glichkeiten \u2013 es gibt mindestens so viele gesetzliche Vorschriften, wie es L\u00e4nder gibt. Auch die praktische Vorgehensweise ist jedesmal eine andere. In einigen L\u00e4ndern, zu ihnen geh\u00f6rt Frankreich, kann ein Buchhalter keine Steuern bearbeiten. Die Kenntnis der lokalen Besonderheiten ist unverzichtbar, wenn Sie Ihre steuerliche Belastung minimieren wollen.<\/p>\n<p>In derartigen Situationen ist es gut zu wissen, dass Sie sich auf <span style=\"font-weight: bold;\">HLB Poland<\/span> verlassen k\u00f6nnen. Aufgrund unserer Mitgliedschaft im Netzwerk von HLB haben wir die F\u00e4higkeit, mehr als einhundert L\u00e4nder f\u00fcr Sie erschlie\u00dfen zu k\u00f6nnen.Gemeinsam mit unseren internationalen Kollegen unterst\u00fctzen wir Sie gerne in Sachen Steuern, Besteuerung von Mitarbeitern im Auslandseinsatz, USt. und Zollgeb\u00fchren, Lohn- und Gehaltsabrechnung sowie interne Verrechnungspreise. Und das Sch\u00f6ne daran ist, Sie haben nur einen einzigen Ansprechpartner.<\/p>\n<\/div>\n<div class=\"col-12 col-md-12 col-lg-6 col-xl-6 block\">\n<h3>Interne Verrechnungspreise<\/h3>\n<p>Wenn Ihr Unternehmen in verschiedenen L\u00e4ndern Niederlassungen hat, kann es aus steuerlicher Sicht vorteilhaft sein, die Gewinne in den L\u00e4ndern anfallen zu lassen, die Ihnen die vorteilhaftesten Steuers\u00e4tze bieten. Eine Studie \u00fcber interne Verrechnungspreise sch\u00fctzt Sie vor m\u00f6goichen Schwierigkeiten mit den Finanzbeh\u00f6rden der unterschiedlichen L\u00e4nder. Sie enth\u00e4lt die Preise, die Sie ansetzen und die die Basis f\u00fcr die Entscheidung bilden, welche Teile des Gewinns in welchen L\u00e4ndern anfallen.<\/p>\n<p>Allerdings ist eine Studie \u00fcber die Transferpreise wesentlich mehr als nur eine Verpflichtung, die sich aus dem K\u00f6rperschaftsteuergesetz ergibt. Sie k\u00f6nnen ein gutes System der Transferpreise aufbauen, um Ihre Unternehmensorganisation in den verschiedenen L\u00e4ndern zu pr\u00fcfen. Also welche Niederlassungen erreichen welche Ergebnisse und warum? Wo und wie k\u00f6nnen Sie direkt Einfluss nehmen und steuernd eingreifen? Wir k\u00f6nnen Ihnen unsere Unterst\u00fctzung anbieten.<\/p>\n<p>Wir verwenden Frageb\u00f6gen, die von Ihnen vervollst\u00e4ndigt werden und Interviews zu den wichtigsten Kennzahlen Ihres Unternehmens, um aus diesen Informationen einen Entwurf f\u00fcr eine Transferpreisstudie zu erstellen. Nachdem wir diesen Entwurf mit Ihnen besprochen haben, berechnen wir, welcher Teil des Gewinns auf welche Niederlassung entfallen sollte beziehungsweise entfallen muss. Falls Sie es w\u00fcnschen, stellen wir diese Ergebnisse den \u00f6rtlichen Finanzbeh\u00f6rden vor und danach liegt es an den \u00c4mtern, gegebenenfalls auf Unzul\u00e4nglichkeiten hinzuweisen. Ohne eine derartige Studie tragen Sie bei einer steuerlichen Betriebspr\u00fcfung die Beweislast alleine.<\/p>\n<\/div>\n<div class=\"col-12 col-md-12 col-lg-6 col-xl-6 block\">\n<h3>Steuerberatung f\u00fcr im Ausland t\u00e4tige Mitarbeiter<\/h3>\n<p>Die Globalisierung wirft im weltweiten Ma\u00dfstab Fragen und Themen auf, aber ebenso M\u00f6glichkeiten und Chancen f\u00fcr Mitarbeiter, wenn sie in einer ausl\u00e4ndischen Niederlassung arbeiten k\u00f6nnen. Aber was ist dann mit den Geh\u00e4ltern, den Pensionsr\u00fcckstellungen, der Sozialversicherung und der Einkommensteuer?<\/p>\n<p>Unsere Zusammenarbeit mit vergleichbaren Unternehmen innerhalb des Netzwerks von HLB International versetzt uns dazu in die Lage, Sie und Ihre \u201cAuslandskr\u00e4fte\u201d mit Rat und Tat zu unterst\u00fctzen. Wir kennen die lokalen gesetzlichen Vorschriften, die steuerliche Behandlung von Geh\u00e4ltern in den unterschiedlichen L\u00e4ndern, die in diesen verschiedenen L\u00e4ndern erforderlichen Steuererkl\u00e4rungen, sowie alles Wissenswerte zu Pensionsbeitr\u00e4gen und zu den Beitr\u00e4gen f\u00fcr die Sozialversicherung.<\/p>\n<p>Wenn Sie dies alles gut vorbereitet haben, bevor Ihre Mitarbeiter ins Ausland gehen, hat niemand Stress und was bleibt, sind die unvergleichlichen Chancen und M\u00f6glichkeiten f\u00fcr Sie undIhre Mitarbeiter.<\/p>\n<\/div>\n<div class=\"col-12 col-md-12 col-lg-6 col-xl-6 block\">\n<h3>USt. &amp; Zollgeb\u00fchren<\/h3>\n<p>Viele Unternehmer betrachten die USt. als eine unumg\u00e4ngliche Belastung, die keine anderen M\u00f6glichkeiten bietet. Sie muss bezahlt werden und das war\u2019s. Dennoch gibt es im Bereich der USt. Chancen\u2026 und Risiken. Bitte erinnern Sie sich: Wie viel USt. bezahlen Sie pro Jahr? Sie m\u00fcssen sie auch in den Jahren bezahlen, in denen es nicht so gut l\u00e4uft.<\/p>\n<p>Dann gibt es noch Ihr Gesch\u00e4ft jenseits der Grenze. Zweifellos erhalten Sie Rechnungen aus dem Ausland oder stellen selber welche aus, die ins Ausland gehen. Wenn Sie Au\u00dfenhandel mit G\u00fctern betreiben, m\u00fcssen Sie die Zollbestimmungen im Griff haben.<\/p>\n<p>Unsere USt.-Experten kennen alle Fallstricke und Chancen. Sie freuen sich darauf, ihr Wissen mit Ihnen zu teilen.Ein Beispiel? Denken Sie an Lesingg\u00fcter, die seit langem zum Verkauf standen und dann geleast werden. Falls Sie nicht aufpassen, kann es passieren, dass Sie einen gro\u00dfen Teil der in der Vergangenheit erhaltenen Vorsteuer zur\u00fcckzahlen m\u00fcssen. Das sollte man besser vermeiden.<\/p>\n<p>M\u00f6chten Sie wissen, wie Ihre umsatzsteuerliche Situation ist? Bitte nehmenSie zu einem der auf USt. spezialisierten Berater von <span style=\"font-weight: bold;\">HLB Poland<\/span> Kontakt auf, um Ihr betriebliches Verm\u00f6gen, Ihren internationalen Handel und G\u00fctertransport aus Sicht der Umsatzsteuer zu pr\u00fcfen.<\/p>\n<\/div>\n<div class=\"col-12 col-md-12 col-lg-6 col-xl-6 block-last\">\n<h3>Dienstleistungen zur Lohn- und Gehaltsabrechnung<\/h3>\n<p>Haben Sie in mehreren L\u00e4ndern Niederlassungen? Dann haben Sie und die von Ihnen entsandten Mitarbeiter mit den dort geltenden gesetzlichen Vorschriften zu tun. Sie, als Arbeitgeber, oder Ihre Personalabteilung m\u00fcssen einen Weg finden, um mit den Steuern und den Regeln f\u00fcr die Sozialversicherung eines jeden Landes zurecht zu kommen. Dies macht es schwierig, Bedingungen und Konditionen der verschiedenen L\u00e4nder innerhalb Ihres Unternehmens zu beziffern und miteinander zu vergleichen.<\/p>\n<p>HLB International bietet Ihnen einen einzigen Ansprechpartner, der sich mit allen Verg\u00fctungsthemen f\u00fcr Mitarbeiter in Polen und im Ausland auskennt. Ihr Berater von <span style=\"font-weight: bold;\">HLB Poland<\/span> spricht in dem jeweiligen Land mit dem entsprechenden B\u00fcro von HLB International und koordiniert die monatlichen Lohnsteuererkl\u00e4rungen in den verschiedenen L\u00e4ndern und erstellt einen unkomplizierten Bericht. Mithilfe dieser internationalen Dienstleistungen f\u00fcr die Gehaltsabrechnung k\u00f6nnen Sie ohne Probleme Vergleiche anstellen und daraus eine gute Verg\u00fctungspolitik entwickeln. Es geht um die Verg\u00fctung f\u00fcr alle Ihre Mitarbeiter in Polen und im Ausland, gut organisiert und alles in einer Hand \u2013 einmal mehr, wir k\u00fcmmern uns!<\/p>\n<\/div>\n<div class=\"col-12 col-md-12 col-lg-6 col-xl-6 block-last\">\n<h3>Dienstleistungen bei internationaler Besteuerung<\/h3>\n<p>Die Welt wird immer kleiner. Die Globalisierung und das Internet haben neue Perspektiven erm\u00f6glicht und neue M\u00e4rkte erschlossen, die erobert werden k\u00f6nnen. Sie k\u00f6nnen aus diesen Chancen das Beste machen, wenn Sie auf lokaler Ebene auf die Unterst\u00fctzung von Beratern bauen k\u00f6nnen, die genau wissen, was vor Ort geschieht und beispielsweise das jeweilige Steuersystem in- und auswendig kennen.<\/p>\n<p>Sie k\u00f6nnen das Risiko unliebsamer \u00dcberraschungen vermindern, wenn Sie die vor Ort geltenden gesetzlichen Vorschriften kennen, einschlie\u00dflich all der Fallstricke, Steuers\u00e4tze und Abgabefristen, die Sie zu beachten haben.<\/p>\n<p>Wir k\u00f6nnen Sie beraten, wie Sie in dem jeweiligen Land mit einer geeigneten Unternehmensstruktur in nicht unerheblichem Ma\u00dfe Steuern sparen. Was brauchen Sie, um herauszufinden, wer Anspruch auf F\u00f6rdermittel hat, welche Umweltbestimmungen gelten, wer womit zu tun hat? Wir sind ein Teil des Netzwerks von HLB und wenn Sie m\u00f6chten, reisen wir mit Ihnen gemeinsam, um all die Dinge zu kl\u00e4ren, die gekl\u00e4rt sein m\u00fcssen. Das ist unsere &#8222;lokale Note&#8220; mit &#8222;globaler Reichweite&#8220; in Aktion.<\/p>\n<\/div>\n<\/div>\n","protected":false},"excerpt":{"rendered":"<p>Wie kann HLB Poland Sie unterst\u00fctzen? Sie k\u00f6nnen mit uns Ihre vorgesehenen Transaktionen oder Gesch\u00e4fte besprechen. Am besten geben Sie..<\/p>\n<div class=\"clear\"><\/div><a class=\"more-link\" href=\"https:\/\/hlb-poland.global\/de\/dienstleistungen\/steuern\/\"> Mehr erfahren <\/a>","protected":false},"author":3,"featured_media":0,"parent":1957,"menu_order":0,"comment_status":"closed","ping_status":"closed","template":"","meta":{"_acf_changed":false,"footnotes":""},"class_list":["post-1971","page","type-page","status-publish","hentry"],"acf":[],"yoast_head":"<!-- This site is optimized with the Yoast SEO plugin v27.2 - https:\/\/yoast.com\/product\/yoast-seo-wordpress\/ -->\n<title>Steuern spielen in der Wirtschaft eine wichtige Rolle<\/title>\n<meta name=\"description\" content=\"Steuern spielen in nahezu jedem Bereich Ihrer Gesch\u00e4ftst\u00e4tigkeit eine wichtige Rolle. Um unangenehme \u00dcberraschungen zu vermeiden, sollten...\" \/>\n<meta name=\"robots\" content=\"index, follow, max-snippet:-1, max-image-preview:large, max-video-preview:-1\" \/>\n<link rel=\"canonical\" href=\"https:\/\/hlb-poland.global\/de\/dienstleistungen\/steuern\/\" \/>\n<meta property=\"og:locale\" content=\"de_DE\" \/>\n<meta property=\"og:type\" content=\"article\" \/>\n<meta property=\"og:title\" content=\"Steuern spielen in der Wirtschaft eine wichtige Rolle\" \/>\n<meta property=\"og:description\" content=\"Steuern spielen in nahezu jedem Bereich Ihrer Gesch\u00e4ftst\u00e4tigkeit eine wichtige Rolle. Um unangenehme \u00dcberraschungen zu vermeiden, sollten...\" \/>\n<meta property=\"og:url\" content=\"https:\/\/hlb-poland.global\/de\/dienstleistungen\/steuern\/\" \/>\n<meta property=\"og:site_name\" content=\"HLB Poland\" \/>\n<meta property=\"article:publisher\" content=\"https:\/\/www.facebook.com\/HLBPoland\" \/>\n<meta property=\"article:modified_time\" content=\"2023-07-20T08:15:51+00:00\" \/>\n<meta name=\"twitter:card\" content=\"summary_large_image\" \/>\n<meta name=\"twitter:label1\" content=\"Gesch\u00e4tzte Lesezeit\" \/>\n\t<meta name=\"twitter:data1\" content=\"7\u00a0Minuten\" \/>\n<script type=\"application\/ld+json\" class=\"yoast-schema-graph\">{\"@context\":\"https:\/\/schema.org\",\"@graph\":[{\"@type\":\"WebPage\",\"@id\":\"https:\/\/hlb-poland.global\/de\/dienstleistungen\/steuern\/\",\"url\":\"https:\/\/hlb-poland.global\/de\/dienstleistungen\/steuern\/\",\"name\":\"Steuern spielen in der Wirtschaft eine wichtige Rolle\",\"isPartOf\":{\"@id\":\"https:\/\/hlb-poland.global\/#website\"},\"datePublished\":\"2018-12-13T12:00:31+00:00\",\"dateModified\":\"2023-07-20T08:15:51+00:00\",\"description\":\"Steuern spielen in nahezu jedem Bereich Ihrer Gesch\u00e4ftst\u00e4tigkeit eine wichtige Rolle. Um unangenehme \u00dcberraschungen zu vermeiden, sollten...\",\"breadcrumb\":{\"@id\":\"https:\/\/hlb-poland.global\/de\/dienstleistungen\/steuern\/#breadcrumb\"},\"inLanguage\":\"de\",\"potentialAction\":[{\"@type\":\"ReadAction\",\"target\":[\"https:\/\/hlb-poland.global\/de\/dienstleistungen\/steuern\/\"]}]},{\"@type\":\"BreadcrumbList\",\"@id\":\"https:\/\/hlb-poland.global\/de\/dienstleistungen\/steuern\/#breadcrumb\",\"itemListElement\":[{\"@type\":\"ListItem\",\"position\":1,\"name\":\"Startseite\",\"item\":\"https:\/\/hlb-poland.global\/de\/\"},{\"@type\":\"ListItem\",\"position\":2,\"name\":\"Dienstleistungen\",\"item\":\"https:\/\/hlb-poland.global\/de\/dienstleistungen\/\"},{\"@type\":\"ListItem\",\"position\":3,\"name\":\"HLB Polen Steuerdienstleistungen\"}]},{\"@type\":\"WebSite\",\"@id\":\"https:\/\/hlb-poland.global\/#website\",\"url\":\"https:\/\/hlb-poland.global\/\",\"name\":\"HLB Poland\",\"description\":\"Advisory and accounting\",\"publisher\":{\"@id\":\"https:\/\/hlb-poland.global\/#organization\"},\"potentialAction\":[{\"@type\":\"SearchAction\",\"target\":{\"@type\":\"EntryPoint\",\"urlTemplate\":\"https:\/\/hlb-poland.global\/?s={search_term_string}\"},\"query-input\":{\"@type\":\"PropertyValueSpecification\",\"valueRequired\":true,\"valueName\":\"search_term_string\"}}],\"inLanguage\":\"de\"},{\"@type\":\"Organization\",\"@id\":\"https:\/\/hlb-poland.global\/#organization\",\"name\":\"HLB Poland\",\"url\":\"https:\/\/hlb-poland.global\/\",\"logo\":{\"@type\":\"ImageObject\",\"inLanguage\":\"de\",\"@id\":\"https:\/\/hlb-poland.global\/#\/schema\/logo\/image\/\",\"url\":\"https:\/\/hlb-poland.global\/wp-content\/uploads\/2025\/12\/hlb-poland-og-image.png\",\"contentUrl\":\"https:\/\/hlb-poland.global\/wp-content\/uploads\/2025\/12\/hlb-poland-og-image.png\",\"width\":1200,\"height\":630,\"caption\":\"HLB Poland\"},\"image\":{\"@id\":\"https:\/\/hlb-poland.global\/#\/schema\/logo\/image\/\"},\"sameAs\":[\"https:\/\/www.facebook.com\/HLBPoland\",\"https:\/\/www.linkedin.com\/company\/hlb-poland\"]}]}<\/script>\n<!-- \/ Yoast SEO plugin. -->","yoast_head_json":{"title":"Steuern spielen in der Wirtschaft eine wichtige Rolle","description":"Steuern spielen in nahezu jedem Bereich Ihrer Gesch\u00e4ftst\u00e4tigkeit eine wichtige Rolle. Um unangenehme \u00dcberraschungen zu vermeiden, sollten...","robots":{"index":"index","follow":"follow","max-snippet":"max-snippet:-1","max-image-preview":"max-image-preview:large","max-video-preview":"max-video-preview:-1"},"canonical":"https:\/\/hlb-poland.global\/de\/dienstleistungen\/steuern\/","og_locale":"de_DE","og_type":"article","og_title":"Steuern spielen in der Wirtschaft eine wichtige Rolle","og_description":"Steuern spielen in nahezu jedem Bereich Ihrer Gesch\u00e4ftst\u00e4tigkeit eine wichtige Rolle. Um unangenehme \u00dcberraschungen zu vermeiden, sollten...","og_url":"https:\/\/hlb-poland.global\/de\/dienstleistungen\/steuern\/","og_site_name":"HLB Poland","article_publisher":"https:\/\/www.facebook.com\/HLBPoland","article_modified_time":"2023-07-20T08:15:51+00:00","twitter_card":"summary_large_image","twitter_misc":{"Gesch\u00e4tzte Lesezeit":"7\u00a0Minuten"},"schema":{"@context":"https:\/\/schema.org","@graph":[{"@type":"WebPage","@id":"https:\/\/hlb-poland.global\/de\/dienstleistungen\/steuern\/","url":"https:\/\/hlb-poland.global\/de\/dienstleistungen\/steuern\/","name":"Steuern spielen in der Wirtschaft eine wichtige Rolle","isPartOf":{"@id":"https:\/\/hlb-poland.global\/#website"},"datePublished":"2018-12-13T12:00:31+00:00","dateModified":"2023-07-20T08:15:51+00:00","description":"Steuern spielen in nahezu jedem Bereich Ihrer Gesch\u00e4ftst\u00e4tigkeit eine wichtige Rolle. Um unangenehme \u00dcberraschungen zu vermeiden, sollten...","breadcrumb":{"@id":"https:\/\/hlb-poland.global\/de\/dienstleistungen\/steuern\/#breadcrumb"},"inLanguage":"de","potentialAction":[{"@type":"ReadAction","target":["https:\/\/hlb-poland.global\/de\/dienstleistungen\/steuern\/"]}]},{"@type":"BreadcrumbList","@id":"https:\/\/hlb-poland.global\/de\/dienstleistungen\/steuern\/#breadcrumb","itemListElement":[{"@type":"ListItem","position":1,"name":"Startseite","item":"https:\/\/hlb-poland.global\/de\/"},{"@type":"ListItem","position":2,"name":"Dienstleistungen","item":"https:\/\/hlb-poland.global\/de\/dienstleistungen\/"},{"@type":"ListItem","position":3,"name":"HLB Polen Steuerdienstleistungen"}]},{"@type":"WebSite","@id":"https:\/\/hlb-poland.global\/#website","url":"https:\/\/hlb-poland.global\/","name":"HLB Poland","description":"Advisory and accounting","publisher":{"@id":"https:\/\/hlb-poland.global\/#organization"},"potentialAction":[{"@type":"SearchAction","target":{"@type":"EntryPoint","urlTemplate":"https:\/\/hlb-poland.global\/?s={search_term_string}"},"query-input":{"@type":"PropertyValueSpecification","valueRequired":true,"valueName":"search_term_string"}}],"inLanguage":"de"},{"@type":"Organization","@id":"https:\/\/hlb-poland.global\/#organization","name":"HLB Poland","url":"https:\/\/hlb-poland.global\/","logo":{"@type":"ImageObject","inLanguage":"de","@id":"https:\/\/hlb-poland.global\/#\/schema\/logo\/image\/","url":"https:\/\/hlb-poland.global\/wp-content\/uploads\/2025\/12\/hlb-poland-og-image.png","contentUrl":"https:\/\/hlb-poland.global\/wp-content\/uploads\/2025\/12\/hlb-poland-og-image.png","width":1200,"height":630,"caption":"HLB Poland"},"image":{"@id":"https:\/\/hlb-poland.global\/#\/schema\/logo\/image\/"},"sameAs":["https:\/\/www.facebook.com\/HLBPoland","https:\/\/www.linkedin.com\/company\/hlb-poland"]}]}},"_links":{"self":[{"href":"https:\/\/hlb-poland.global\/de\/wp-json\/wp\/v2\/pages\/1971","targetHints":{"allow":["GET"]}}],"collection":[{"href":"https:\/\/hlb-poland.global\/de\/wp-json\/wp\/v2\/pages"}],"about":[{"href":"https:\/\/hlb-poland.global\/de\/wp-json\/wp\/v2\/types\/page"}],"author":[{"embeddable":true,"href":"https:\/\/hlb-poland.global\/de\/wp-json\/wp\/v2\/users\/3"}],"replies":[{"embeddable":true,"href":"https:\/\/hlb-poland.global\/de\/wp-json\/wp\/v2\/comments?post=1971"}],"version-history":[{"count":8,"href":"https:\/\/hlb-poland.global\/de\/wp-json\/wp\/v2\/pages\/1971\/revisions"}],"predecessor-version":[{"id":13047,"href":"https:\/\/hlb-poland.global\/de\/wp-json\/wp\/v2\/pages\/1971\/revisions\/13047"}],"up":[{"embeddable":true,"href":"https:\/\/hlb-poland.global\/de\/wp-json\/wp\/v2\/pages\/1957"}],"wp:attachment":[{"href":"https:\/\/hlb-poland.global\/de\/wp-json\/wp\/v2\/media?parent=1971"}],"curies":[{"name":"wp","href":"https:\/\/api.w.org\/{rel}","templated":true}]}}