
{"id":1975,"date":"2018-12-13T13:07:02","date_gmt":"2018-12-13T12:07:02","guid":{"rendered":"http:\/\/hlb-poland.global\/?page_id=1975"},"modified":"2023-07-20T10:12:51","modified_gmt":"2023-07-20T09:12:51","slug":"transaktionsberatung","status":"publish","type":"page","link":"https:\/\/hlb-poland.global\/de\/dienstleistungen\/transaktionsberatung\/","title":{"rendered":"Transaktionsbezogene Beratung"},"content":{"rendered":"<h3>Fusionen und \u00dcbernahmen<\/h3>\n<p>Der Kauf und Verkauf von Unternehmen oder Unternehmensteilen bietet gleicherma\u00dfen Chancen und Risiken. Der K\u00e4ufer kennt die wirtschaftliche Situation des potentiellen Zielunternehmens oft nicht ausreichend. F\u00fcr die eigene Kaufpreisfindung, eine Finanzierung durch externe Dritte oder die zuk\u00fcnftige Positionierung und Integration des Unternehmens ist es jedoch unerl\u00e4sslich, das Zielunternehmen gr\u00fcndlich zu verstehen. Die Due Diligence dient diesem Verst\u00e4ndnis und ist damit eine wesentliche Basis einer erfolgreichen Transaktion.<\/p>\n<p>Sie profitieren nicht nur als potentieller K\u00e4ufer von unseren Leistungen. Auch Verk\u00e4ufer k\u00f6nnen sich mit Hilfe unserer Beratung im Transaktionsprozess vorteilhafter positionieren. Wir bieten Ihnen hierf\u00fcr z.B. eine Vendor Due Diligence sowie die Erstellung eines Fact Books oder weiterer Marketinginstrumente im Rahmen eines professionellen Bieterverfahrens an.<\/p>\n<hr \/>\n<h3>Due Diligence-Untersuchungen<\/h3>\n<p>Due Diligence-Untersuchungen sind bei Unternehmenstransaktionen unerl\u00e4sslich. Bei dieser Art von Pr\u00fcfungen analysieren wir die wirtschaftlichen, finanziellen, organisatorischen, steuerlichen und rechtlichen Gegebenheiten vor und\/oder nach der Transaktion (Preacquisition Due Diligence\/ Post Acquisition Due Diligence). Je nach Erfordernissen, bieten wir Ihnen folgende Arten von Due Diligences an:<\/p>\n<p><strong>Financial Due Diligence<\/strong><\/p>\n<p>Ziel der Financial Due Diligence ist es, Aussagen zu ma\u00dfgeblichen Erfolgsfaktoren der Vergangenheit und der Zukunft sowie zu nicht erfassten bilanziellen Risiken zu treffen. Schwerpunkt ist die Analyse der Verm\u00f6gens-, Finanz- und Ertragslage der Zielgesellschaft. Daneben untersuchen wir u.a. die Bilanzierungspolitik, Konzernumlagen sowie das Cash Management.<\/p>\n<p><strong>Commercial Due Diligence<\/strong><\/p>\n<p>Bei der Commercial Due Diligence treffen wir f\u00fcr Sie Aussagen \u00fcber marktbezogene Analysen der Produkte, des Vertriebs und des globalen und lokalen Umfelds der zu untersuchenden Gesellschaft. Daneben k\u00f6nnen aus der Commercial Due Diligence Aussagen zum Strategic Fit resultieren und zu Synergiepotenzialen im Rahmen von Unternehmensk\u00e4ufen und -zusammenschl\u00fcssen kommen.<\/p>\n<p><strong>Tax Due Diligence<\/strong><\/p>\n<p>Im Rahmen von Tax Due Diligence-Reviews untersuchen wir in Zusammenarbeit mit unseren Partnern die jeweilige Gesellschaft auf steuerliche Risiken und beraten bei der Transaktionsgestaltung im Zusammenhang mit steuerlicher Optimierung.<\/p>\n<p><strong>Vendor\u2019s Due Diligence<\/strong><\/p>\n<p>Vendor\u2019s Due Diligence Untersuchungen bieten wir Ihnen dann an, wenn Sie sich bereits f\u00fcr den Verkauf von Unternehmen oder dessen Teil vorbereiten.<\/p>\n<p><strong>Unser Angebot:<\/strong><\/p>\n<p>Als Ergebnis unserer Pr\u00fcfungshandlungen legen wir Berichte vor, die den Erfordernissen der Mandanten vollst\u00e4ndig angepasst sind.<\/p>\n<hr \/>\n<h3>Bewertung von Investitionsprojekten<\/h3>\n<p>Langfristige Projekte, wie beispielsweise Vorhaben im Hoch-, Tief-, Anlagen- oder Schiffsbau, beanspruchen nicht nur Zeit und Ressourcen, sondern stellen h\u00e4ufig auch eine erhebliche Belastung der liquiden Mittel einer Unternehmung dar. Hierbei ist zu beachten, dass den laufenden Auszahlungen f\u00fcr L\u00f6hne, ben\u00f6tigte Materialien und fremdbezogene Dienstleistungen erst nach einiger Zeit Fortschrittszahlungen f\u00fcr abgeschlossene Teilprojekte gegen\u00fcberstehen. Die Durchf\u00fchrung eines solchen Investitionsprojekts kann mithin als Investition und der Projektdurchf\u00fchrende als Investor angesehen werden.<\/p>\n<p>Investitionsprojekte bestehen aus einer Menge zu planender Aktivit\u00e4ten, deren Ausf\u00fchrung mit vorgegebenen Ein- bzw. Auszahlungen verbunden ist. Da f\u00fcr die Ausf\u00fchrung der Aktivit\u00e4ten meist zus\u00e4tzliche Mitarbeiter und Materialien ben\u00f6tigt werden, lassen sich den einzelnen Aktivit\u00e4ten nach dem Verursacherprinzip Auszahlungen zuordnen, die in unmittelbarem Zusammenhang mit dem Investitionsprojekt stehen. Ferner werden beim Abschluss gewisser Teilprojekte, d.h. beim Erreichen vorgegebener Meilensteine, festgelegte Einzahlungen f\u00e4llig. Somit stimmen die Zeitpunkte der einzelnen Zahlungen mit den Eintrittszeitpunkten gewisser Projektereignisse (Start von Aktivit\u00e4ten oder Meilensteinen, die das Ende von Teilprojekten repr\u00e4sentieren) \u00fcberein. Die Zeitpunkte der Zahlungen sind daher nicht im Voraus festgelegt, sondern Gegenstand der Planung. Hierbei sind in der Regel technisch bzw. organisatorisch bedingte Abh\u00e4ngigkeiten (Zeitbeziehungen) zwischen den Projektereignissen und eine vorgegebene H\u00f6chstdauer f\u00fcr das Investitionsprojekt zu ber\u00fccksichtigen.<\/p>\n<p>In j\u00fcngster Zeit wurden Verfahren zur effizienten Bestimmung des maximalen Projektkapitalwertes entwickelt. Die Bewertung von Investitionsprojekten auf Grundlage des optimalen Projektkapitalwerts setzt die Kenntnis \u00fcber den anzuwendenden Kalkulationszins und die maximale Projektdauer voraus. Ferner wird die maximale Dauer eines Investitionsprojekts in der Regel erst in Verhandlungen festgelegt. Deshalb wurden Verfahren zur Bestimmung des Kapitalwerts von Investitionsprojekten als Funktion des Kalkulationszinsfusses und der maximalen Projektdauer entwickelt. Mit Hilfe dieser Funktion ist es m\u00f6glich, Investitionsprojekte bei ungewissem Kalkulationszinsfuss und variabler maximaler Projektdauer zu beurteilen.<\/p>\n<hr \/>\n<h3>IPO-Unterst\u00fctzung<\/h3>\n<p>Unter einem B\u00f6rsengang (engl. Initial Public Offering oder kurz IPO versteht man das erstmalige Angebot an Aktien eines Unternehmens auf dem organisierten Kapitalmarkt. Bei den B\u00f6rseng\u00e4ngen unterst\u00fctzen wir unsere Mandanten im Bereich der Strukturierung und Planung von diesem Prozess. Wir sorgen f\u00fcr den laufenden Informationsaustausch zwischen den Mandanten, den Emission begleitenden Bankinstituten sowie den Beratern und sonstigen den B\u00f6rsengang begleitenden Dienstleistungsunternehmen.<\/p>\n<p>Die Beurteilung der B\u00f6rsenf\u00e4higkeit erfolgt regelm\u00e4\u00dfig im Rahmen des Due Diligence Reviews. Hier wird das Unternehmen hinsichtlich seiner Chancen und Risiken, seiner St\u00e4rken und Schw\u00e4chen sowie der Plausibilit\u00e4t seiner Planungszahlen untersucht. Auch wird z.B. untersucht, ob die interne Organisation in der Lage ist, die strengen Qualit\u00e4tsanforderungen der B\u00f6rse an Rechnungslegung und Berichterstattung zu erf\u00fcllen.<\/p>\n<p>Anl\u00e4sslich der Vorbereitung eines B\u00f6rsengangs ergeben sich zudem vielschichtige Fragestellungen. Insbesondere dann, wenn bei der Durchf\u00fchrung des B\u00f6rsengangs eine \u00c4nderung der Rechtsform erforderlich ist, wird von uns detailliert untersucht, welche Konsequenzen sich durch die Umstrukturierung als solche ergeben und wie sich die Situation der alten und auch der neuen Anteilseigner nach dem B\u00f6rsengang darstellen wird.<\/p>\n<p>Elementarer Bestandteil jedes B\u00f6rsengangs ist ein zuverl\u00e4ssiger Businessplan. Das Erreichen der Planziele ist ma\u00dfgeblich f\u00fcr die Entwicklung des B\u00f6rsenkurses. Wir beraten bei der Bestimmung der Pr\u00e4missen und Annahmen und der optischen Aufbereitung der Planzahlen. Wir durchleuchten den Businessplan auf seine Machbarkeit und Plausibilit\u00e4t.<\/p>\n<p>Nach erfolgreicher Durchf\u00fchrung des B\u00f6rsengangs begleiten und unterst\u00fctzen wir unsere Mandanten bei ihren Offenlegungs- und Berichtspflichten, wie z.B. der Quartalsberichterstattung und helfen bei der Vorbereitung und Durchf\u00fchrung von Hauptversammlungen.<\/p>\n<style>\n@media (max-width: 576px) {<br \/>\n  .intro h2 {<br \/>\n    font-size:1.6rem;<br \/>\n  }<br \/>\n}<br \/>\n<\/style>\n","protected":false},"excerpt":{"rendered":"<p>Fusionen und \u00dcbernahmen Der Kauf und Verkauf von Unternehmen oder Unternehmensteilen bietet gleicherma\u00dfen Chancen und Risiken. Der K\u00e4ufer kennt die..<\/p>\n<div class=\"clear\"><\/div><a class=\"more-link\" href=\"https:\/\/hlb-poland.global\/de\/dienstleistungen\/transaktionsberatung\/\"> Mehr erfahren <\/a>","protected":false},"author":3,"featured_media":0,"parent":1957,"menu_order":0,"comment_status":"closed","ping_status":"closed","template":"","meta":{"_acf_changed":false,"footnotes":""},"class_list":["post-1975","page","type-page","status-publish","hentry"],"acf":[],"yoast_head":"<!-- This site is optimized with the Yoast SEO plugin v27.2 - https:\/\/yoast.com\/product\/yoast-seo-wordpress\/ -->\n<title>Transaktionsbezogene Beratung | HLB Poland<\/title>\n<meta name=\"description\" content=\"Transaktionsberatung umfasst komplexe Unterst\u00fctzung sowohl der Verk\u00e4ufer als auch der K\u00e4ufer im In- und Ausland...\" \/>\n<meta name=\"robots\" content=\"index, follow, max-snippet:-1, max-image-preview:large, max-video-preview:-1\" \/>\n<link rel=\"canonical\" href=\"https:\/\/hlb-poland.global\/de\/dienstleistungen\/transaktionsberatung\/\" \/>\n<meta property=\"og:locale\" content=\"de_DE\" \/>\n<meta property=\"og:type\" content=\"article\" \/>\n<meta property=\"og:title\" content=\"Transaktionsbezogene Beratung | HLB Poland\" \/>\n<meta property=\"og:description\" content=\"Transaktionsberatung umfasst komplexe Unterst\u00fctzung sowohl der Verk\u00e4ufer als auch der K\u00e4ufer im In- und Ausland...\" \/>\n<meta property=\"og:url\" content=\"https:\/\/hlb-poland.global\/de\/dienstleistungen\/transaktionsberatung\/\" \/>\n<meta property=\"og:site_name\" content=\"HLB Poland\" \/>\n<meta property=\"article:publisher\" content=\"https:\/\/www.facebook.com\/HLBPoland\" \/>\n<meta property=\"article:modified_time\" content=\"2023-07-20T09:12:51+00:00\" \/>\n<meta name=\"twitter:card\" content=\"summary_large_image\" \/>\n<meta name=\"twitter:label1\" content=\"Gesch\u00e4tzte Lesezeit\" \/>\n\t<meta name=\"twitter:data1\" content=\"5\u00a0Minuten\" \/>\n<script type=\"application\/ld+json\" class=\"yoast-schema-graph\">{\"@context\":\"https:\/\/schema.org\",\"@graph\":[{\"@type\":\"WebPage\",\"@id\":\"https:\/\/hlb-poland.global\/de\/dienstleistungen\/transaktionsberatung\/\",\"url\":\"https:\/\/hlb-poland.global\/de\/dienstleistungen\/transaktionsberatung\/\",\"name\":\"Transaktionsbezogene Beratung | HLB Poland\",\"isPartOf\":{\"@id\":\"https:\/\/hlb-poland.global\/#website\"},\"datePublished\":\"2018-12-13T12:07:02+00:00\",\"dateModified\":\"2023-07-20T09:12:51+00:00\",\"description\":\"Transaktionsberatung umfasst komplexe Unterst\u00fctzung sowohl der Verk\u00e4ufer als auch der K\u00e4ufer im In- und Ausland...\",\"breadcrumb\":{\"@id\":\"https:\/\/hlb-poland.global\/de\/dienstleistungen\/transaktionsberatung\/#breadcrumb\"},\"inLanguage\":\"de\",\"potentialAction\":[{\"@type\":\"ReadAction\",\"target\":[\"https:\/\/hlb-poland.global\/de\/dienstleistungen\/transaktionsberatung\/\"]}]},{\"@type\":\"BreadcrumbList\",\"@id\":\"https:\/\/hlb-poland.global\/de\/dienstleistungen\/transaktionsberatung\/#breadcrumb\",\"itemListElement\":[{\"@type\":\"ListItem\",\"position\":1,\"name\":\"Startseite\",\"item\":\"https:\/\/hlb-poland.global\/de\/\"},{\"@type\":\"ListItem\",\"position\":2,\"name\":\"Dienstleistungen\",\"item\":\"https:\/\/hlb-poland.global\/de\/dienstleistungen\/\"},{\"@type\":\"ListItem\",\"position\":3,\"name\":\"Transaktionsbezogene Beratung\"}]},{\"@type\":\"WebSite\",\"@id\":\"https:\/\/hlb-poland.global\/#website\",\"url\":\"https:\/\/hlb-poland.global\/\",\"name\":\"HLB Poland\",\"description\":\"Advisory and accounting\",\"publisher\":{\"@id\":\"https:\/\/hlb-poland.global\/#organization\"},\"potentialAction\":[{\"@type\":\"SearchAction\",\"target\":{\"@type\":\"EntryPoint\",\"urlTemplate\":\"https:\/\/hlb-poland.global\/?s={search_term_string}\"},\"query-input\":{\"@type\":\"PropertyValueSpecification\",\"valueRequired\":true,\"valueName\":\"search_term_string\"}}],\"inLanguage\":\"de\"},{\"@type\":\"Organization\",\"@id\":\"https:\/\/hlb-poland.global\/#organization\",\"name\":\"HLB Poland\",\"url\":\"https:\/\/hlb-poland.global\/\",\"logo\":{\"@type\":\"ImageObject\",\"inLanguage\":\"de\",\"@id\":\"https:\/\/hlb-poland.global\/#\/schema\/logo\/image\/\",\"url\":\"https:\/\/hlb-poland.global\/wp-content\/uploads\/2025\/12\/hlb-poland-og-image.png\",\"contentUrl\":\"https:\/\/hlb-poland.global\/wp-content\/uploads\/2025\/12\/hlb-poland-og-image.png\",\"width\":1200,\"height\":630,\"caption\":\"HLB Poland\"},\"image\":{\"@id\":\"https:\/\/hlb-poland.global\/#\/schema\/logo\/image\/\"},\"sameAs\":[\"https:\/\/www.facebook.com\/HLBPoland\",\"https:\/\/www.linkedin.com\/company\/hlb-poland\"]}]}<\/script>\n<!-- \/ Yoast SEO plugin. -->","yoast_head_json":{"title":"Transaktionsbezogene Beratung | HLB Poland","description":"Transaktionsberatung umfasst komplexe Unterst\u00fctzung sowohl der Verk\u00e4ufer als auch der K\u00e4ufer im In- und Ausland...","robots":{"index":"index","follow":"follow","max-snippet":"max-snippet:-1","max-image-preview":"max-image-preview:large","max-video-preview":"max-video-preview:-1"},"canonical":"https:\/\/hlb-poland.global\/de\/dienstleistungen\/transaktionsberatung\/","og_locale":"de_DE","og_type":"article","og_title":"Transaktionsbezogene Beratung | HLB Poland","og_description":"Transaktionsberatung umfasst komplexe Unterst\u00fctzung sowohl der Verk\u00e4ufer als auch der K\u00e4ufer im In- und Ausland...","og_url":"https:\/\/hlb-poland.global\/de\/dienstleistungen\/transaktionsberatung\/","og_site_name":"HLB Poland","article_publisher":"https:\/\/www.facebook.com\/HLBPoland","article_modified_time":"2023-07-20T09:12:51+00:00","twitter_card":"summary_large_image","twitter_misc":{"Gesch\u00e4tzte Lesezeit":"5\u00a0Minuten"},"schema":{"@context":"https:\/\/schema.org","@graph":[{"@type":"WebPage","@id":"https:\/\/hlb-poland.global\/de\/dienstleistungen\/transaktionsberatung\/","url":"https:\/\/hlb-poland.global\/de\/dienstleistungen\/transaktionsberatung\/","name":"Transaktionsbezogene Beratung | HLB Poland","isPartOf":{"@id":"https:\/\/hlb-poland.global\/#website"},"datePublished":"2018-12-13T12:07:02+00:00","dateModified":"2023-07-20T09:12:51+00:00","description":"Transaktionsberatung umfasst komplexe Unterst\u00fctzung sowohl der Verk\u00e4ufer als auch der K\u00e4ufer im In- und Ausland...","breadcrumb":{"@id":"https:\/\/hlb-poland.global\/de\/dienstleistungen\/transaktionsberatung\/#breadcrumb"},"inLanguage":"de","potentialAction":[{"@type":"ReadAction","target":["https:\/\/hlb-poland.global\/de\/dienstleistungen\/transaktionsberatung\/"]}]},{"@type":"BreadcrumbList","@id":"https:\/\/hlb-poland.global\/de\/dienstleistungen\/transaktionsberatung\/#breadcrumb","itemListElement":[{"@type":"ListItem","position":1,"name":"Startseite","item":"https:\/\/hlb-poland.global\/de\/"},{"@type":"ListItem","position":2,"name":"Dienstleistungen","item":"https:\/\/hlb-poland.global\/de\/dienstleistungen\/"},{"@type":"ListItem","position":3,"name":"Transaktionsbezogene Beratung"}]},{"@type":"WebSite","@id":"https:\/\/hlb-poland.global\/#website","url":"https:\/\/hlb-poland.global\/","name":"HLB Poland","description":"Advisory and accounting","publisher":{"@id":"https:\/\/hlb-poland.global\/#organization"},"potentialAction":[{"@type":"SearchAction","target":{"@type":"EntryPoint","urlTemplate":"https:\/\/hlb-poland.global\/?s={search_term_string}"},"query-input":{"@type":"PropertyValueSpecification","valueRequired":true,"valueName":"search_term_string"}}],"inLanguage":"de"},{"@type":"Organization","@id":"https:\/\/hlb-poland.global\/#organization","name":"HLB Poland","url":"https:\/\/hlb-poland.global\/","logo":{"@type":"ImageObject","inLanguage":"de","@id":"https:\/\/hlb-poland.global\/#\/schema\/logo\/image\/","url":"https:\/\/hlb-poland.global\/wp-content\/uploads\/2025\/12\/hlb-poland-og-image.png","contentUrl":"https:\/\/hlb-poland.global\/wp-content\/uploads\/2025\/12\/hlb-poland-og-image.png","width":1200,"height":630,"caption":"HLB Poland"},"image":{"@id":"https:\/\/hlb-poland.global\/#\/schema\/logo\/image\/"},"sameAs":["https:\/\/www.facebook.com\/HLBPoland","https:\/\/www.linkedin.com\/company\/hlb-poland"]}]}},"_links":{"self":[{"href":"https:\/\/hlb-poland.global\/de\/wp-json\/wp\/v2\/pages\/1975","targetHints":{"allow":["GET"]}}],"collection":[{"href":"https:\/\/hlb-poland.global\/de\/wp-json\/wp\/v2\/pages"}],"about":[{"href":"https:\/\/hlb-poland.global\/de\/wp-json\/wp\/v2\/types\/page"}],"author":[{"embeddable":true,"href":"https:\/\/hlb-poland.global\/de\/wp-json\/wp\/v2\/users\/3"}],"replies":[{"embeddable":true,"href":"https:\/\/hlb-poland.global\/de\/wp-json\/wp\/v2\/comments?post=1975"}],"version-history":[{"count":7,"href":"https:\/\/hlb-poland.global\/de\/wp-json\/wp\/v2\/pages\/1975\/revisions"}],"predecessor-version":[{"id":13061,"href":"https:\/\/hlb-poland.global\/de\/wp-json\/wp\/v2\/pages\/1975\/revisions\/13061"}],"up":[{"embeddable":true,"href":"https:\/\/hlb-poland.global\/de\/wp-json\/wp\/v2\/pages\/1957"}],"wp:attachment":[{"href":"https:\/\/hlb-poland.global\/de\/wp-json\/wp\/v2\/media?parent=1975"}],"curies":[{"name":"wp","href":"https:\/\/api.w.org\/{rel}","templated":true}]}}