
{"id":1983,"date":"2018-12-13T13:56:53","date_gmt":"2018-12-13T12:56:53","guid":{"rendered":"http:\/\/hlb-poland.global\/?page_id=1983"},"modified":"2022-10-10T11:41:43","modified_gmt":"2022-10-10T10:41:43","slug":"hr-personalabrechnung","status":"publish","type":"page","link":"https:\/\/hlb-poland.global\/de\/dienstleistungen\/hr-personalabrechnung\/","title":{"rendered":"HR &#038; Personalabrechnung"},"content":{"rendered":"<p>Effiziente Dienstleistungen zur Lohn- und Gehaltsabrechnung sind f\u00fcr jede Organisation unabdingbar, um die entsprechenden Abl\u00e4ufe zu rationalisieren, die Produktivit\u00e4t zu optimieren und die Verwaltung zu verbessern. <span style=\"font-weight: bold;\">HLB Poland<\/span> gew\u00e4hrleistet ein reibungsloses Management der Abrechnungen, sodass Ressourcen besser eingesetzt werden k\u00f6nnen. Au\u00dferdem spart die Auslagerung Zeit und M\u00fche. <span style=\"font-weight: bold;\">HLB Poland<\/span> ist als fachlich kompetenter Dienstleister f\u00fcr die Lohn- und Gehaltsabrechnung anerkannt; mit jahrelangen Erfahrungen und vor allem mit der F\u00e4higkeit, eine Abrechnungsl\u00f6sung auf die individuellen Bed\u00fcrfnisse jedes Kunden zuzuschneiden.<\/p>\n<p>Das Management der Lohn- und Gehaltsabrechnung kann \u2013 neben der eigentlichen Gesch\u00e4ftst\u00e4tigkeit \u2013 schnell zu einer administrativen \u00dcberforderung f\u00fchren und f\u00fcr dementsprechende Unannehmlichkeiten sorgen. Die Auslagerung dieser Arbeiten an <span style=\"font-weight: bold;\">HLB Poland<\/span> stellt einwandfreie Abl\u00e4ufe in der Abrechnung sicher und erlaubt es Ihnen, sich auf Ihr Kerngesch\u00e4ft zu konzentrieren.<\/p>\n<hr \/>\n<h3>HLB Poland verpflichtet sich als Dienstleister f\u00fcr das Personalwesen und f\u00fcr die Lohn- und Gehaltsabrechnung zu h\u00f6chster Sorgfalt und Qualit\u00e4t<\/h3>\n<p><span style=\"font-weight: bold;\">HLB Poland<\/span> hat als Experte f\u00fcr die Auslagerung von Lohn- und Gehaltsabrechnungen ein erfahrenes Team mit einem weitrechenden Wissen \u00fcber die lokalen Gegebenheiten, um einen hervorragenden Service bieten zu k\u00f6nnen und Ihnen dadurch einen sp\u00fcrbaren Konkurrenzvorteil zu verschaffen. <span style=\"font-weight: bold;\">HLB Poland<\/span> ist ein nach ISO 9001:2008 zertifiziertes Unternehmen, bei dem Sorgfalt und Qualit\u00e4t in der Ausf\u00fchrung der Lohn- und Gehaltsabrechnungen oberste Priorit\u00e4t haben. Wir bewahren Sie nicht nur vor Bu\u00dfgeldern und Geldstrafen wegen versp\u00e4teter oder unrichtiger Meldungen, sondern sorgen auch f\u00fcr sinkende Kosten im Bereich des Managements der Abrechnungen. <span style=\"font-weight: bold;\">HLB Poland<\/span> hat die Abl\u00e4ufe in der Lohn- und Gehaltsabrechnung f\u00fcr viele Kunden in Polen vereinfacht. Als eine nach ISO 27001:2013 zertifizierte Organisation hat <span style=\"font-weight: bold;\">HLB Poland<\/span> eine Vielzahl von Sicherheitsma\u00dfnahmen implementiert, die in jedem Zeitpunkt des Abrechnungslaufs wirksam sind.<\/p>\n<hr \/>\n<h3>Das HLB Poland Abrechnungsteam<\/h3>\n<p>Das <span style=\"font-weight: bold;\">HLB Poland<\/span> &#8222;Abrechnungsteam&#8220; umfasst Spezialisten mit ausgepr\u00e4gtem Wissen und entsprechenden Erfahrungen auf den Gebieten Lohnsteuer, Sozialversicherungswesen, des Rechts der Arbeitsbedingungen, grenz\u00fcberschreitende Zusammenh\u00e4nge. Au\u00dferdem ber\u00e4t <span style=\"font-weight: bold;\">HLB Poland<\/span> zu allen Fragen, die mit Human Capital zusammenh\u00e4ngen. Unsere Expertise im polnischen Rechtsgebiet, ebenso wie unsere fortlaufende Beobachtung steuerlicher und sozialversicherungsrechtlicher Ver\u00e4nderungen erm\u00f6glichen es, unsere Kunden mit umfassenden Beratungsleistungen zu unterst\u00fctzen und Probleme zu l\u00f6sen, die auf polnische und in Polen t\u00e4tige Unternehmen zukommen k\u00f6nnen.<\/p>\n<p><span style=\"font-weight: bold;\">Die HLB Poland &#8222;Dienstleistungen f\u00fcr die Lohn- und Gehaltsabrechnung&#8220;:<\/span><\/p>\n<ul>\n<li>Monatsweise Durchf\u00fchrung der Lohn- und Gehaltsabrechnungen, einschlie\u00dflich der Krankengelder und Entgeldfortzahlungen, Regulierung von \u00dcberstunden, Auszahlung von Urlaubsanspr\u00fcchen, Bonuszahlungen und Belohnungen;<\/li>\n<li>Erstellung und \u00dcbermittlung der Lohn- und Gehaltsnachweise an den Sozialversicherungstr\u00e4ger (ZUS), der entsprechenden Formulare mit den erforderlichen Anlagen, ebenso wie das Anfertigen der monatlichen RMUA-Berichte;<\/li>\n<li>Erstellung der Lohn- und Gehaltsmitteilungen an die Arbeitnehmer unserer Kunden;<\/li>\n<li>Erstellung und Abgabe von Antr\u00e4gen auf Steuerverg\u00fctungen f\u00fcr Arbeitnehmer und Arbeitgeber;<\/li>\n<li>Erstellung und Abgabe von Sozialversicherungsmeldungen f\u00fcr Arbeitnehmer und Arbeitgeber, Versand an den zust\u00e4ndigen Sozialversicherungstr\u00e4ger (ZUS);<\/li>\n<li>Vorbereiten und Ausf\u00fcllen von Meldeformularen an das Amt f\u00fcr Statistik (GUS).<\/li>\n<\/ul>\n<style>\n@media (max-width: 576px) {<br \/>\n  .intro h2 {<br \/>\n    font-size:1.7rem;<br \/>\n  }<br \/>\n}<br \/>\n<\/style>\n","protected":false},"excerpt":{"rendered":"<p>Effiziente Dienstleistungen zur Lohn- und Gehaltsabrechnung sind f\u00fcr jede Organisation unabdingbar, um die entsprechenden Abl\u00e4ufe zu rationalisieren, die Produktivit\u00e4t zu..<\/p>\n<div class=\"clear\"><\/div><a class=\"more-link\" href=\"https:\/\/hlb-poland.global\/de\/dienstleistungen\/hr-personalabrechnung\/\"> Mehr erfahren <\/a>","protected":false},"author":3,"featured_media":0,"parent":1957,"menu_order":0,"comment_status":"closed","ping_status":"closed","template":"","meta":{"_acf_changed":false,"footnotes":""},"class_list":["post-1983","page","type-page","status-publish","hentry"],"acf":[],"yoast_head":"<!-- This site is optimized with the Yoast SEO plugin v27.2 - https:\/\/yoast.com\/product\/yoast-seo-wordpress\/ -->\n<title>HR &amp; Personalabrechnung | HLB Poland<\/title>\n<meta name=\"description\" content=\"Die Auslagerung Ihres Personalwesens sowie Ihrer Lohn- und Gehaltsabrechnung an einen externen Dienstleister hat eine Menge Vorteile...\" \/>\n<meta name=\"robots\" content=\"index, follow, max-snippet:-1, max-image-preview:large, max-video-preview:-1\" \/>\n<link rel=\"canonical\" href=\"https:\/\/hlb-poland.global\/de\/dienstleistungen\/hr-personalabrechnung\/\" \/>\n<meta property=\"og:locale\" content=\"de_DE\" \/>\n<meta property=\"og:type\" content=\"article\" \/>\n<meta property=\"og:title\" content=\"HR &amp; Personalabrechnung | HLB Poland\" \/>\n<meta property=\"og:description\" content=\"Die Auslagerung Ihres Personalwesens sowie Ihrer Lohn- und Gehaltsabrechnung an einen externen Dienstleister hat eine Menge Vorteile...\" \/>\n<meta property=\"og:url\" content=\"https:\/\/hlb-poland.global\/de\/dienstleistungen\/hr-personalabrechnung\/\" \/>\n<meta property=\"og:site_name\" content=\"HLB Poland\" \/>\n<meta property=\"article:publisher\" content=\"https:\/\/www.facebook.com\/HLBPoland\" \/>\n<meta property=\"article:modified_time\" content=\"2022-10-10T10:41:43+00:00\" \/>\n<meta name=\"twitter:card\" content=\"summary_large_image\" \/>\n<meta name=\"twitter:label1\" content=\"Gesch\u00e4tzte Lesezeit\" \/>\n\t<meta name=\"twitter:data1\" content=\"3\u00a0Minuten\" \/>\n<script type=\"application\/ld+json\" class=\"yoast-schema-graph\">{\"@context\":\"https:\/\/schema.org\",\"@graph\":[{\"@type\":\"WebPage\",\"@id\":\"https:\/\/hlb-poland.global\/de\/dienstleistungen\/hr-personalabrechnung\/\",\"url\":\"https:\/\/hlb-poland.global\/de\/dienstleistungen\/hr-personalabrechnung\/\",\"name\":\"HR & Personalabrechnung | HLB Poland\",\"isPartOf\":{\"@id\":\"https:\/\/hlb-poland.global\/#website\"},\"datePublished\":\"2018-12-13T12:56:53+00:00\",\"dateModified\":\"2022-10-10T10:41:43+00:00\",\"description\":\"Die Auslagerung Ihres Personalwesens sowie Ihrer Lohn- und Gehaltsabrechnung an einen externen Dienstleister hat eine Menge Vorteile...\",\"breadcrumb\":{\"@id\":\"https:\/\/hlb-poland.global\/de\/dienstleistungen\/hr-personalabrechnung\/#breadcrumb\"},\"inLanguage\":\"de\",\"potentialAction\":[{\"@type\":\"ReadAction\",\"target\":[\"https:\/\/hlb-poland.global\/de\/dienstleistungen\/hr-personalabrechnung\/\"]}]},{\"@type\":\"BreadcrumbList\",\"@id\":\"https:\/\/hlb-poland.global\/de\/dienstleistungen\/hr-personalabrechnung\/#breadcrumb\",\"itemListElement\":[{\"@type\":\"ListItem\",\"position\":1,\"name\":\"Startseite\",\"item\":\"https:\/\/hlb-poland.global\/de\/\"},{\"@type\":\"ListItem\",\"position\":2,\"name\":\"Dienstleistungen\",\"item\":\"https:\/\/hlb-poland.global\/de\/dienstleistungen\/\"},{\"@type\":\"ListItem\",\"position\":3,\"name\":\"HR &#038; Personalabrechnung\"}]},{\"@type\":\"WebSite\",\"@id\":\"https:\/\/hlb-poland.global\/#website\",\"url\":\"https:\/\/hlb-poland.global\/\",\"name\":\"HLB Poland\",\"description\":\"Advisory and accounting\",\"publisher\":{\"@id\":\"https:\/\/hlb-poland.global\/#organization\"},\"potentialAction\":[{\"@type\":\"SearchAction\",\"target\":{\"@type\":\"EntryPoint\",\"urlTemplate\":\"https:\/\/hlb-poland.global\/?s={search_term_string}\"},\"query-input\":{\"@type\":\"PropertyValueSpecification\",\"valueRequired\":true,\"valueName\":\"search_term_string\"}}],\"inLanguage\":\"de\"},{\"@type\":\"Organization\",\"@id\":\"https:\/\/hlb-poland.global\/#organization\",\"name\":\"HLB Poland\",\"url\":\"https:\/\/hlb-poland.global\/\",\"logo\":{\"@type\":\"ImageObject\",\"inLanguage\":\"de\",\"@id\":\"https:\/\/hlb-poland.global\/#\/schema\/logo\/image\/\",\"url\":\"https:\/\/hlb-poland.global\/wp-content\/uploads\/2025\/12\/hlb-poland-og-image.png\",\"contentUrl\":\"https:\/\/hlb-poland.global\/wp-content\/uploads\/2025\/12\/hlb-poland-og-image.png\",\"width\":1200,\"height\":630,\"caption\":\"HLB Poland\"},\"image\":{\"@id\":\"https:\/\/hlb-poland.global\/#\/schema\/logo\/image\/\"},\"sameAs\":[\"https:\/\/www.facebook.com\/HLBPoland\",\"https:\/\/www.linkedin.com\/company\/hlb-poland\"]}]}<\/script>\n<!-- \/ Yoast SEO plugin. -->","yoast_head_json":{"title":"HR & Personalabrechnung | HLB Poland","description":"Die Auslagerung Ihres Personalwesens sowie Ihrer Lohn- und Gehaltsabrechnung an einen externen Dienstleister hat eine Menge Vorteile...","robots":{"index":"index","follow":"follow","max-snippet":"max-snippet:-1","max-image-preview":"max-image-preview:large","max-video-preview":"max-video-preview:-1"},"canonical":"https:\/\/hlb-poland.global\/de\/dienstleistungen\/hr-personalabrechnung\/","og_locale":"de_DE","og_type":"article","og_title":"HR & Personalabrechnung | HLB Poland","og_description":"Die Auslagerung Ihres Personalwesens sowie Ihrer Lohn- und Gehaltsabrechnung an einen externen Dienstleister hat eine Menge Vorteile...","og_url":"https:\/\/hlb-poland.global\/de\/dienstleistungen\/hr-personalabrechnung\/","og_site_name":"HLB Poland","article_publisher":"https:\/\/www.facebook.com\/HLBPoland","article_modified_time":"2022-10-10T10:41:43+00:00","twitter_card":"summary_large_image","twitter_misc":{"Gesch\u00e4tzte Lesezeit":"3\u00a0Minuten"},"schema":{"@context":"https:\/\/schema.org","@graph":[{"@type":"WebPage","@id":"https:\/\/hlb-poland.global\/de\/dienstleistungen\/hr-personalabrechnung\/","url":"https:\/\/hlb-poland.global\/de\/dienstleistungen\/hr-personalabrechnung\/","name":"HR & Personalabrechnung | HLB Poland","isPartOf":{"@id":"https:\/\/hlb-poland.global\/#website"},"datePublished":"2018-12-13T12:56:53+00:00","dateModified":"2022-10-10T10:41:43+00:00","description":"Die Auslagerung Ihres Personalwesens sowie Ihrer Lohn- und Gehaltsabrechnung an einen externen Dienstleister hat eine Menge Vorteile...","breadcrumb":{"@id":"https:\/\/hlb-poland.global\/de\/dienstleistungen\/hr-personalabrechnung\/#breadcrumb"},"inLanguage":"de","potentialAction":[{"@type":"ReadAction","target":["https:\/\/hlb-poland.global\/de\/dienstleistungen\/hr-personalabrechnung\/"]}]},{"@type":"BreadcrumbList","@id":"https:\/\/hlb-poland.global\/de\/dienstleistungen\/hr-personalabrechnung\/#breadcrumb","itemListElement":[{"@type":"ListItem","position":1,"name":"Startseite","item":"https:\/\/hlb-poland.global\/de\/"},{"@type":"ListItem","position":2,"name":"Dienstleistungen","item":"https:\/\/hlb-poland.global\/de\/dienstleistungen\/"},{"@type":"ListItem","position":3,"name":"HR &#038; Personalabrechnung"}]},{"@type":"WebSite","@id":"https:\/\/hlb-poland.global\/#website","url":"https:\/\/hlb-poland.global\/","name":"HLB Poland","description":"Advisory and accounting","publisher":{"@id":"https:\/\/hlb-poland.global\/#organization"},"potentialAction":[{"@type":"SearchAction","target":{"@type":"EntryPoint","urlTemplate":"https:\/\/hlb-poland.global\/?s={search_term_string}"},"query-input":{"@type":"PropertyValueSpecification","valueRequired":true,"valueName":"search_term_string"}}],"inLanguage":"de"},{"@type":"Organization","@id":"https:\/\/hlb-poland.global\/#organization","name":"HLB Poland","url":"https:\/\/hlb-poland.global\/","logo":{"@type":"ImageObject","inLanguage":"de","@id":"https:\/\/hlb-poland.global\/#\/schema\/logo\/image\/","url":"https:\/\/hlb-poland.global\/wp-content\/uploads\/2025\/12\/hlb-poland-og-image.png","contentUrl":"https:\/\/hlb-poland.global\/wp-content\/uploads\/2025\/12\/hlb-poland-og-image.png","width":1200,"height":630,"caption":"HLB Poland"},"image":{"@id":"https:\/\/hlb-poland.global\/#\/schema\/logo\/image\/"},"sameAs":["https:\/\/www.facebook.com\/HLBPoland","https:\/\/www.linkedin.com\/company\/hlb-poland"]}]}},"_links":{"self":[{"href":"https:\/\/hlb-poland.global\/de\/wp-json\/wp\/v2\/pages\/1983","targetHints":{"allow":["GET"]}}],"collection":[{"href":"https:\/\/hlb-poland.global\/de\/wp-json\/wp\/v2\/pages"}],"about":[{"href":"https:\/\/hlb-poland.global\/de\/wp-json\/wp\/v2\/types\/page"}],"author":[{"embeddable":true,"href":"https:\/\/hlb-poland.global\/de\/wp-json\/wp\/v2\/users\/3"}],"replies":[{"embeddable":true,"href":"https:\/\/hlb-poland.global\/de\/wp-json\/wp\/v2\/comments?post=1983"}],"version-history":[{"count":8,"href":"https:\/\/hlb-poland.global\/de\/wp-json\/wp\/v2\/pages\/1983\/revisions"}],"predecessor-version":[{"id":11050,"href":"https:\/\/hlb-poland.global\/de\/wp-json\/wp\/v2\/pages\/1983\/revisions\/11050"}],"up":[{"embeddable":true,"href":"https:\/\/hlb-poland.global\/de\/wp-json\/wp\/v2\/pages\/1957"}],"wp:attachment":[{"href":"https:\/\/hlb-poland.global\/de\/wp-json\/wp\/v2\/media?parent=1983"}],"curies":[{"name":"wp","href":"https:\/\/api.w.org\/{rel}","templated":true}]}}