
{"id":1987,"date":"2018-12-13T14:09:33","date_gmt":"2018-12-13T13:09:33","guid":{"rendered":"http:\/\/hlb-poland.global\/?page_id=1987"},"modified":"2022-10-10T11:47:38","modified_gmt":"2022-10-10T10:47:38","slug":"rechtsberatung","status":"publish","type":"page","link":"https:\/\/hlb-poland.global\/de\/dienstleistungen\/rechtsberatung\/","title":{"rendered":"Rechtsberatung Partnerfirmen"},"content":{"rendered":"<h3>Der Ansatz von HLB Poland<\/h3>\n<p>Mit der Bereitstellung einer integrierten Rechtsberatung zu komplexen Projekten, die eine gro\u00dfe Bandbreite weiterer Wissensgebiete aus anderen Teilen unseres Netzwerks tangieren, bieten wir interdisziplin\u00e4re Ans\u00e4tze, um selbst gro\u00dfe unternehmerische Herausforderungen bew\u00e4ltigen zu k\u00f6nnen. Wir arbeiten gemeinsam mit marktf\u00fchrenden Experten des &#8222;Kompetenz-Netzwerks&#8220; von <span style=\"font-weight: bold;\">HLB Poland<\/span> auf den Gebieten Steuern, Vertragsrecht und allgemeine Beratung zusammen. Unsere Juristen verf\u00fcgen auch jenseits ihres Fachgebiets \u00fcber weitreichende Erfahrungen.<\/p>\n<p><span style=\"font-weight: bold;\">HLB Poland<\/span> ber\u00e4t in folgenden Bereichen: Produktion, Dienstleistungen, Handelsunternehmen, Franchise, Logistik, Automotive, Bauunternehmen, Erneuerbare Energien, Investment-Fonds, Immobilien und Technologie.<\/p>\n<p>Wir sind davon \u00fcberzeugt, dass unsere Kunden den bestm\u00f6glichen Service bekommen sollten und genau das wollen wir erreichen. Der Service von <span style=\"font-weight: bold;\">HLB Poland<\/span> ist kommunikativ und flexibel, sodass sich unsere Kunden darauf verlassen k\u00f6nnen, die n\u00f6tige juristische Unterst\u00fctzung zu haben, wenn sie sie brauchen.<\/p>\n<p>Sobald ein Kunde eine verst\u00e4ndliche Erkl\u00e4rung komplizierter Vertragsbedingungen oder eine allgemeine Rechtsberatung in Wirtschaftssachen verlangt, Unterst\u00fctzung bei Vertragsverhandlungen ben\u00f6tigt oder bei gesellschaftsrechtlichen Transaktionen einen Rechtsanwalt an seiner Seite haben m\u00f6chte oder ein bereits abgeschlossener Vertrag zu pr\u00fcfen ist, k\u00f6nnen wir helfen.<\/p>\n<p>Unsere sehr effiziente Unternehmensstruktur mit den entsprechenden Arbeitsmethoden bedeutet, dass wir als juristische Berater unsere Kosten niedrig halten, indem wir verf\u00fcgbare Technologien nutzen und soziale Verantwortung wahrnehmen. Bei unseren Kunden k\u00f6nnen wir auf sp\u00fcrbare Kosteneinsparungen verweisen.<\/p>\n<hr \/>\n<h3>HLB Poland Rechtsberatung<\/h3>\n<p>Rechtsanw\u00e4lte, die in den Kanzleien unserer \u201eKompetenz-Netzwerke\u201c arbeiten, bieten folgende juristische Dienstleistungen an:<\/p>\n<ul>\n<li>Wirtschafts- &amp; Gesellschaftsrecht;<\/li>\n<li>Arbeitsrecht;<\/li>\n<li>Rechtsaudit.<\/li>\n<\/ul>\n<p>Weitere Gebiete:<\/p>\n<ul>\n<li>Vertragsrecht;<\/li>\n<li>\u00d6ffentliches Recht;<\/li>\n<li>Urheberrecht \/ Patentrecht;<\/li>\n<li>Immobilienrecht;<\/li>\n<li>Sanierungs- &amp; Insolvenzrecht;<\/li>\n<li>Recht der Finanzdienstleistungen;<\/li>\n<li>Wirtschafts- &amp; Gesellschaftsrecht;<\/li>\n<li>Vereinbarungen im Gesch\u00e4ftsverkehr;<\/li>\n<li>Restrukturierung von Unternehmen;<\/li>\n<li>Beratung bez\u00fcglich der Regulierung von Aktiengesellschaften;<\/li>\n<li>Beratung und Umsetzung im Bereich der Corporate Governance.<\/li>\n<\/ul>\n","protected":false},"excerpt":{"rendered":"<p>Der Ansatz von HLB Poland Mit der Bereitstellung einer integrierten Rechtsberatung zu komplexen Projekten, die eine gro\u00dfe Bandbreite weiterer Wissensgebiete..<\/p>\n<div class=\"clear\"><\/div><a class=\"more-link\" href=\"https:\/\/hlb-poland.global\/de\/dienstleistungen\/rechtsberatung\/\"> Mehr erfahren <\/a>","protected":false},"author":3,"featured_media":0,"parent":1957,"menu_order":0,"comment_status":"closed","ping_status":"closed","template":"","meta":{"_acf_changed":false,"footnotes":""},"class_list":["post-1987","page","type-page","status-publish","hentry"],"acf":[],"yoast_head":"<!-- This site is optimized with the Yoast SEO plugin v27.2 - https:\/\/yoast.com\/product\/yoast-seo-wordpress\/ -->\n<title>Rechtsberatung Partnerfirmen | HLB Poland<\/title>\n<meta name=\"description\" content=\"In einem unternehmerischen Umfeld, das zunehmend global und komplex wird, m\u00f6chten Sie sicherstellen, dass Sie gut beraten sind, um Ihre...\" \/>\n<meta name=\"robots\" content=\"index, follow, max-snippet:-1, max-image-preview:large, max-video-preview:-1\" \/>\n<link rel=\"canonical\" href=\"https:\/\/hlb-poland.global\/de\/dienstleistungen\/rechtsberatung\/\" \/>\n<meta property=\"og:locale\" content=\"de_DE\" \/>\n<meta property=\"og:type\" content=\"article\" \/>\n<meta property=\"og:title\" content=\"Rechtsberatung Partnerfirmen | HLB Poland\" \/>\n<meta property=\"og:description\" content=\"In einem unternehmerischen Umfeld, das zunehmend global und komplex wird, m\u00f6chten Sie sicherstellen, dass Sie gut beraten sind, um Ihre...\" \/>\n<meta property=\"og:url\" content=\"https:\/\/hlb-poland.global\/de\/dienstleistungen\/rechtsberatung\/\" \/>\n<meta property=\"og:site_name\" content=\"HLB Poland\" \/>\n<meta property=\"article:publisher\" content=\"https:\/\/www.facebook.com\/HLBPoland\" \/>\n<meta property=\"article:modified_time\" content=\"2022-10-10T10:47:38+00:00\" \/>\n<meta name=\"twitter:card\" content=\"summary_large_image\" \/>\n<meta name=\"twitter:label1\" content=\"Gesch\u00e4tzte Lesezeit\" \/>\n\t<meta name=\"twitter:data1\" content=\"1\u00a0Minute\" \/>\n<script type=\"application\/ld+json\" class=\"yoast-schema-graph\">{\"@context\":\"https:\/\/schema.org\",\"@graph\":[{\"@type\":\"WebPage\",\"@id\":\"https:\/\/hlb-poland.global\/de\/dienstleistungen\/rechtsberatung\/\",\"url\":\"https:\/\/hlb-poland.global\/de\/dienstleistungen\/rechtsberatung\/\",\"name\":\"Rechtsberatung Partnerfirmen | HLB Poland\",\"isPartOf\":{\"@id\":\"https:\/\/hlb-poland.global\/#website\"},\"datePublished\":\"2018-12-13T13:09:33+00:00\",\"dateModified\":\"2022-10-10T10:47:38+00:00\",\"description\":\"In einem unternehmerischen Umfeld, das zunehmend global und komplex wird, m\u00f6chten Sie sicherstellen, dass Sie gut beraten sind, um Ihre...\",\"breadcrumb\":{\"@id\":\"https:\/\/hlb-poland.global\/de\/dienstleistungen\/rechtsberatung\/#breadcrumb\"},\"inLanguage\":\"de\",\"potentialAction\":[{\"@type\":\"ReadAction\",\"target\":[\"https:\/\/hlb-poland.global\/de\/dienstleistungen\/rechtsberatung\/\"]}]},{\"@type\":\"BreadcrumbList\",\"@id\":\"https:\/\/hlb-poland.global\/de\/dienstleistungen\/rechtsberatung\/#breadcrumb\",\"itemListElement\":[{\"@type\":\"ListItem\",\"position\":1,\"name\":\"Startseite\",\"item\":\"https:\/\/hlb-poland.global\/de\/\"},{\"@type\":\"ListItem\",\"position\":2,\"name\":\"Dienstleistungen\",\"item\":\"https:\/\/hlb-poland.global\/de\/dienstleistungen\/\"},{\"@type\":\"ListItem\",\"position\":3,\"name\":\"Rechtsberatung Partnerfirmen\"}]},{\"@type\":\"WebSite\",\"@id\":\"https:\/\/hlb-poland.global\/#website\",\"url\":\"https:\/\/hlb-poland.global\/\",\"name\":\"HLB Poland\",\"description\":\"Advisory and accounting\",\"publisher\":{\"@id\":\"https:\/\/hlb-poland.global\/#organization\"},\"potentialAction\":[{\"@type\":\"SearchAction\",\"target\":{\"@type\":\"EntryPoint\",\"urlTemplate\":\"https:\/\/hlb-poland.global\/?s={search_term_string}\"},\"query-input\":{\"@type\":\"PropertyValueSpecification\",\"valueRequired\":true,\"valueName\":\"search_term_string\"}}],\"inLanguage\":\"de\"},{\"@type\":\"Organization\",\"@id\":\"https:\/\/hlb-poland.global\/#organization\",\"name\":\"HLB Poland\",\"url\":\"https:\/\/hlb-poland.global\/\",\"logo\":{\"@type\":\"ImageObject\",\"inLanguage\":\"de\",\"@id\":\"https:\/\/hlb-poland.global\/#\/schema\/logo\/image\/\",\"url\":\"https:\/\/hlb-poland.global\/wp-content\/uploads\/2025\/12\/hlb-poland-og-image.png\",\"contentUrl\":\"https:\/\/hlb-poland.global\/wp-content\/uploads\/2025\/12\/hlb-poland-og-image.png\",\"width\":1200,\"height\":630,\"caption\":\"HLB Poland\"},\"image\":{\"@id\":\"https:\/\/hlb-poland.global\/#\/schema\/logo\/image\/\"},\"sameAs\":[\"https:\/\/www.facebook.com\/HLBPoland\",\"https:\/\/www.linkedin.com\/company\/hlb-poland\"]}]}<\/script>\n<!-- \/ Yoast SEO plugin. -->","yoast_head_json":{"title":"Rechtsberatung Partnerfirmen | HLB Poland","description":"In einem unternehmerischen Umfeld, das zunehmend global und komplex wird, m\u00f6chten Sie sicherstellen, dass Sie gut beraten sind, um Ihre...","robots":{"index":"index","follow":"follow","max-snippet":"max-snippet:-1","max-image-preview":"max-image-preview:large","max-video-preview":"max-video-preview:-1"},"canonical":"https:\/\/hlb-poland.global\/de\/dienstleistungen\/rechtsberatung\/","og_locale":"de_DE","og_type":"article","og_title":"Rechtsberatung Partnerfirmen | HLB Poland","og_description":"In einem unternehmerischen Umfeld, das zunehmend global und komplex wird, m\u00f6chten Sie sicherstellen, dass Sie gut beraten sind, um Ihre...","og_url":"https:\/\/hlb-poland.global\/de\/dienstleistungen\/rechtsberatung\/","og_site_name":"HLB Poland","article_publisher":"https:\/\/www.facebook.com\/HLBPoland","article_modified_time":"2022-10-10T10:47:38+00:00","twitter_card":"summary_large_image","twitter_misc":{"Gesch\u00e4tzte Lesezeit":"1\u00a0Minute"},"schema":{"@context":"https:\/\/schema.org","@graph":[{"@type":"WebPage","@id":"https:\/\/hlb-poland.global\/de\/dienstleistungen\/rechtsberatung\/","url":"https:\/\/hlb-poland.global\/de\/dienstleistungen\/rechtsberatung\/","name":"Rechtsberatung Partnerfirmen | HLB Poland","isPartOf":{"@id":"https:\/\/hlb-poland.global\/#website"},"datePublished":"2018-12-13T13:09:33+00:00","dateModified":"2022-10-10T10:47:38+00:00","description":"In einem unternehmerischen Umfeld, das zunehmend global und komplex wird, m\u00f6chten Sie sicherstellen, dass Sie gut beraten sind, um Ihre...","breadcrumb":{"@id":"https:\/\/hlb-poland.global\/de\/dienstleistungen\/rechtsberatung\/#breadcrumb"},"inLanguage":"de","potentialAction":[{"@type":"ReadAction","target":["https:\/\/hlb-poland.global\/de\/dienstleistungen\/rechtsberatung\/"]}]},{"@type":"BreadcrumbList","@id":"https:\/\/hlb-poland.global\/de\/dienstleistungen\/rechtsberatung\/#breadcrumb","itemListElement":[{"@type":"ListItem","position":1,"name":"Startseite","item":"https:\/\/hlb-poland.global\/de\/"},{"@type":"ListItem","position":2,"name":"Dienstleistungen","item":"https:\/\/hlb-poland.global\/de\/dienstleistungen\/"},{"@type":"ListItem","position":3,"name":"Rechtsberatung Partnerfirmen"}]},{"@type":"WebSite","@id":"https:\/\/hlb-poland.global\/#website","url":"https:\/\/hlb-poland.global\/","name":"HLB Poland","description":"Advisory and accounting","publisher":{"@id":"https:\/\/hlb-poland.global\/#organization"},"potentialAction":[{"@type":"SearchAction","target":{"@type":"EntryPoint","urlTemplate":"https:\/\/hlb-poland.global\/?s={search_term_string}"},"query-input":{"@type":"PropertyValueSpecification","valueRequired":true,"valueName":"search_term_string"}}],"inLanguage":"de"},{"@type":"Organization","@id":"https:\/\/hlb-poland.global\/#organization","name":"HLB Poland","url":"https:\/\/hlb-poland.global\/","logo":{"@type":"ImageObject","inLanguage":"de","@id":"https:\/\/hlb-poland.global\/#\/schema\/logo\/image\/","url":"https:\/\/hlb-poland.global\/wp-content\/uploads\/2025\/12\/hlb-poland-og-image.png","contentUrl":"https:\/\/hlb-poland.global\/wp-content\/uploads\/2025\/12\/hlb-poland-og-image.png","width":1200,"height":630,"caption":"HLB Poland"},"image":{"@id":"https:\/\/hlb-poland.global\/#\/schema\/logo\/image\/"},"sameAs":["https:\/\/www.facebook.com\/HLBPoland","https:\/\/www.linkedin.com\/company\/hlb-poland"]}]}},"_links":{"self":[{"href":"https:\/\/hlb-poland.global\/de\/wp-json\/wp\/v2\/pages\/1987","targetHints":{"allow":["GET"]}}],"collection":[{"href":"https:\/\/hlb-poland.global\/de\/wp-json\/wp\/v2\/pages"}],"about":[{"href":"https:\/\/hlb-poland.global\/de\/wp-json\/wp\/v2\/types\/page"}],"author":[{"embeddable":true,"href":"https:\/\/hlb-poland.global\/de\/wp-json\/wp\/v2\/users\/3"}],"replies":[{"embeddable":true,"href":"https:\/\/hlb-poland.global\/de\/wp-json\/wp\/v2\/comments?post=1987"}],"version-history":[{"count":6,"href":"https:\/\/hlb-poland.global\/de\/wp-json\/wp\/v2\/pages\/1987\/revisions"}],"predecessor-version":[{"id":11051,"href":"https:\/\/hlb-poland.global\/de\/wp-json\/wp\/v2\/pages\/1987\/revisions\/11051"}],"up":[{"embeddable":true,"href":"https:\/\/hlb-poland.global\/de\/wp-json\/wp\/v2\/pages\/1957"}],"wp:attachment":[{"href":"https:\/\/hlb-poland.global\/de\/wp-json\/wp\/v2\/media?parent=1987"}],"curies":[{"name":"wp","href":"https:\/\/api.w.org\/{rel}","templated":true}]}}