
{"id":1989,"date":"2018-12-13T14:19:35","date_gmt":"2018-12-13T13:19:35","guid":{"rendered":"http:\/\/hlb-poland.global\/?page_id=1989"},"modified":"2023-07-20T13:18:36","modified_gmt":"2023-07-20T12:18:36","slug":"im-fokus","status":"publish","type":"page","link":"https:\/\/hlb-poland.global\/de\/im-fokus\/","title":{"rendered":"Im Fokus"},"content":{"rendered":"<h1>Umsatzsteuerlicher Erf\u00fcllungs f\u00fcr Online-H\u00e4ndler &#038; Brexit Dienstleistungen<\/h1>\n<hr \/>\n","protected":false},"excerpt":{"rendered":"<p>Umsatzsteuerlicher Erf\u00fcllungs f\u00fcr Online-H\u00e4ndler &#038; Brexit Dienstleistungen<\/p>\n<div class=\"clear\"><\/div><a class=\"more-link\" href=\"https:\/\/hlb-poland.global\/de\/im-fokus\/\"> Mehr erfahren <\/a>","protected":false},"author":3,"featured_media":0,"parent":0,"menu_order":0,"comment_status":"closed","ping_status":"closed","template":"","meta":{"_acf_changed":false,"footnotes":""},"class_list":["post-1989","page","type-page","status-publish","hentry"],"acf":[],"yoast_head":"<!-- This site is optimized with the Yoast SEO plugin v27.2 - https:\/\/yoast.com\/product\/yoast-seo-wordpress\/ -->\n<title>Im Fokus | HLB Poland<\/title>\n<meta name=\"description\" content=\"HLB-Nachrichten: Umsatzsteuerlicher Erf\u00fcllungs f\u00fcr Online-H\u00e4ndler, Brexit Dienstleistungen.\" \/>\n<meta name=\"robots\" content=\"index, follow, max-snippet:-1, max-image-preview:large, max-video-preview:-1\" \/>\n<link rel=\"canonical\" href=\"https:\/\/hlb-poland.global\/de\/im-fokus\/\" \/>\n<meta property=\"og:locale\" content=\"de_DE\" \/>\n<meta property=\"og:type\" content=\"article\" \/>\n<meta property=\"og:title\" content=\"Im Fokus | HLB Poland\" \/>\n<meta property=\"og:description\" content=\"HLB-Nachrichten: Umsatzsteuerlicher Erf\u00fcllungs f\u00fcr Online-H\u00e4ndler, Brexit Dienstleistungen.\" \/>\n<meta property=\"og:url\" content=\"https:\/\/hlb-poland.global\/de\/im-fokus\/\" \/>\n<meta property=\"og:site_name\" content=\"HLB Poland\" \/>\n<meta property=\"article:publisher\" content=\"https:\/\/www.facebook.com\/HLBPoland\" \/>\n<meta property=\"article:modified_time\" content=\"2023-07-20T12:18:36+00:00\" \/>\n<meta name=\"twitter:card\" content=\"summary_large_image\" \/>\n<script type=\"application\/ld+json\" class=\"yoast-schema-graph\">{\"@context\":\"https:\/\/schema.org\",\"@graph\":[{\"@type\":\"WebPage\",\"@id\":\"https:\/\/hlb-poland.global\/de\/im-fokus\/\",\"url\":\"https:\/\/hlb-poland.global\/de\/im-fokus\/\",\"name\":\"Im Fokus | HLB Poland\",\"isPartOf\":{\"@id\":\"https:\/\/hlb-poland.global\/#website\"},\"datePublished\":\"2018-12-13T13:19:35+00:00\",\"dateModified\":\"2023-07-20T12:18:36+00:00\",\"description\":\"HLB-Nachrichten: Umsatzsteuerlicher Erf\u00fcllungs f\u00fcr Online-H\u00e4ndler, Brexit Dienstleistungen.\",\"breadcrumb\":{\"@id\":\"https:\/\/hlb-poland.global\/de\/im-fokus\/#breadcrumb\"},\"inLanguage\":\"de\",\"potentialAction\":[{\"@type\":\"ReadAction\",\"target\":[\"https:\/\/hlb-poland.global\/de\/im-fokus\/\"]}]},{\"@type\":\"BreadcrumbList\",\"@id\":\"https:\/\/hlb-poland.global\/de\/im-fokus\/#breadcrumb\",\"itemListElement\":[{\"@type\":\"ListItem\",\"position\":1,\"name\":\"Startseite\",\"item\":\"https:\/\/hlb-poland.global\/de\/\"},{\"@type\":\"ListItem\",\"position\":2,\"name\":\"Im Fokus\"}]},{\"@type\":\"WebSite\",\"@id\":\"https:\/\/hlb-poland.global\/#website\",\"url\":\"https:\/\/hlb-poland.global\/\",\"name\":\"HLB Poland\",\"description\":\"Advisory and accounting\",\"publisher\":{\"@id\":\"https:\/\/hlb-poland.global\/#organization\"},\"potentialAction\":[{\"@type\":\"SearchAction\",\"target\":{\"@type\":\"EntryPoint\",\"urlTemplate\":\"https:\/\/hlb-poland.global\/?s={search_term_string}\"},\"query-input\":{\"@type\":\"PropertyValueSpecification\",\"valueRequired\":true,\"valueName\":\"search_term_string\"}}],\"inLanguage\":\"de\"},{\"@type\":\"Organization\",\"@id\":\"https:\/\/hlb-poland.global\/#organization\",\"name\":\"HLB Poland\",\"url\":\"https:\/\/hlb-poland.global\/\",\"logo\":{\"@type\":\"ImageObject\",\"inLanguage\":\"de\",\"@id\":\"https:\/\/hlb-poland.global\/#\/schema\/logo\/image\/\",\"url\":\"https:\/\/hlb-poland.global\/wp-content\/uploads\/2025\/12\/hlb-poland-og-image.png\",\"contentUrl\":\"https:\/\/hlb-poland.global\/wp-content\/uploads\/2025\/12\/hlb-poland-og-image.png\",\"width\":1200,\"height\":630,\"caption\":\"HLB Poland\"},\"image\":{\"@id\":\"https:\/\/hlb-poland.global\/#\/schema\/logo\/image\/\"},\"sameAs\":[\"https:\/\/www.facebook.com\/HLBPoland\",\"https:\/\/www.linkedin.com\/company\/hlb-poland\"]}]}<\/script>\n<!-- \/ Yoast SEO plugin. -->","yoast_head_json":{"title":"Im Fokus | HLB Poland","description":"HLB-Nachrichten: Umsatzsteuerlicher Erf\u00fcllungs f\u00fcr Online-H\u00e4ndler, Brexit Dienstleistungen.","robots":{"index":"index","follow":"follow","max-snippet":"max-snippet:-1","max-image-preview":"max-image-preview:large","max-video-preview":"max-video-preview:-1"},"canonical":"https:\/\/hlb-poland.global\/de\/im-fokus\/","og_locale":"de_DE","og_type":"article","og_title":"Im Fokus | HLB Poland","og_description":"HLB-Nachrichten: Umsatzsteuerlicher Erf\u00fcllungs f\u00fcr Online-H\u00e4ndler, Brexit Dienstleistungen.","og_url":"https:\/\/hlb-poland.global\/de\/im-fokus\/","og_site_name":"HLB Poland","article_publisher":"https:\/\/www.facebook.com\/HLBPoland","article_modified_time":"2023-07-20T12:18:36+00:00","twitter_card":"summary_large_image","schema":{"@context":"https:\/\/schema.org","@graph":[{"@type":"WebPage","@id":"https:\/\/hlb-poland.global\/de\/im-fokus\/","url":"https:\/\/hlb-poland.global\/de\/im-fokus\/","name":"Im Fokus | HLB Poland","isPartOf":{"@id":"https:\/\/hlb-poland.global\/#website"},"datePublished":"2018-12-13T13:19:35+00:00","dateModified":"2023-07-20T12:18:36+00:00","description":"HLB-Nachrichten: Umsatzsteuerlicher Erf\u00fcllungs f\u00fcr Online-H\u00e4ndler, Brexit Dienstleistungen.","breadcrumb":{"@id":"https:\/\/hlb-poland.global\/de\/im-fokus\/#breadcrumb"},"inLanguage":"de","potentialAction":[{"@type":"ReadAction","target":["https:\/\/hlb-poland.global\/de\/im-fokus\/"]}]},{"@type":"BreadcrumbList","@id":"https:\/\/hlb-poland.global\/de\/im-fokus\/#breadcrumb","itemListElement":[{"@type":"ListItem","position":1,"name":"Startseite","item":"https:\/\/hlb-poland.global\/de\/"},{"@type":"ListItem","position":2,"name":"Im Fokus"}]},{"@type":"WebSite","@id":"https:\/\/hlb-poland.global\/#website","url":"https:\/\/hlb-poland.global\/","name":"HLB Poland","description":"Advisory and accounting","publisher":{"@id":"https:\/\/hlb-poland.global\/#organization"},"potentialAction":[{"@type":"SearchAction","target":{"@type":"EntryPoint","urlTemplate":"https:\/\/hlb-poland.global\/?s={search_term_string}"},"query-input":{"@type":"PropertyValueSpecification","valueRequired":true,"valueName":"search_term_string"}}],"inLanguage":"de"},{"@type":"Organization","@id":"https:\/\/hlb-poland.global\/#organization","name":"HLB Poland","url":"https:\/\/hlb-poland.global\/","logo":{"@type":"ImageObject","inLanguage":"de","@id":"https:\/\/hlb-poland.global\/#\/schema\/logo\/image\/","url":"https:\/\/hlb-poland.global\/wp-content\/uploads\/2025\/12\/hlb-poland-og-image.png","contentUrl":"https:\/\/hlb-poland.global\/wp-content\/uploads\/2025\/12\/hlb-poland-og-image.png","width":1200,"height":630,"caption":"HLB Poland"},"image":{"@id":"https:\/\/hlb-poland.global\/#\/schema\/logo\/image\/"},"sameAs":["https:\/\/www.facebook.com\/HLBPoland","https:\/\/www.linkedin.com\/company\/hlb-poland"]}]}},"_links":{"self":[{"href":"https:\/\/hlb-poland.global\/de\/wp-json\/wp\/v2\/pages\/1989","targetHints":{"allow":["GET"]}}],"collection":[{"href":"https:\/\/hlb-poland.global\/de\/wp-json\/wp\/v2\/pages"}],"about":[{"href":"https:\/\/hlb-poland.global\/de\/wp-json\/wp\/v2\/types\/page"}],"author":[{"embeddable":true,"href":"https:\/\/hlb-poland.global\/de\/wp-json\/wp\/v2\/users\/3"}],"replies":[{"embeddable":true,"href":"https:\/\/hlb-poland.global\/de\/wp-json\/wp\/v2\/comments?post=1989"}],"version-history":[{"count":4,"href":"https:\/\/hlb-poland.global\/de\/wp-json\/wp\/v2\/pages\/1989\/revisions"}],"predecessor-version":[{"id":13099,"href":"https:\/\/hlb-poland.global\/de\/wp-json\/wp\/v2\/pages\/1989\/revisions\/13099"}],"wp:attachment":[{"href":"https:\/\/hlb-poland.global\/de\/wp-json\/wp\/v2\/media?parent=1989"}],"curies":[{"name":"wp","href":"https:\/\/api.w.org\/{rel}","templated":true}]}}