
{"id":1995,"date":"2018-12-13T14:44:53","date_gmt":"2018-12-13T13:44:53","guid":{"rendered":"http:\/\/hlb-poland.global\/?page_id=1995"},"modified":"2022-09-26T11:28:08","modified_gmt":"2022-09-26T10:28:08","slug":"brexit-dienstleistungen","status":"publish","type":"page","link":"https:\/\/hlb-poland.global\/de\/im-fokus\/brexit-dienstleistungen\/","title":{"rendered":"Brexit Dienstleistungen"},"content":{"rendered":"<p><span style= \"font-weight: bold;\">Gro\u00dfbritannien wird die EU am 29. M\u00e4rz 2019 verlassen(Brexit). Angesichts des mangelnden Fortschritts in den nicht gut laufenden Verhandlungen, sollten sich Unternehmen auf das Worst-Case-Szenario \u2013 einen harten Brexit &#8211; vorbereiten. Wenn Sie bisher noch keinerlei Ma\u00dfnahmen zur Vorbereitung auf den Brexit unternommen haben, lassen Sie sich von uns beraten.<\/span><\/p>\n<p>Die Prognosen f\u00fcr den Brexit l\u00f6sen weiterhin Debatten aus, die eine Reihe m\u00f6glicher Szenarien \u2013 von &#8222;leichtem&#8220; \u00fcber &#8222;harten&#8220; bis hin zu &#8222;gar keinem Brexit&#8220;- beleuchten. Trotz der bisherigen Unentschlossenheit m\u00fcssen sich Unternehmen weiterhin sicher f\u00fchlen, Investitionen vorantreiben, Liefer- bzw. Versorgungsketten planen und ihr Personal verwalten zu k\u00f6nnen, w\u00e4hrend sie gleichzeitig die Erwartungen der Bank und ihrer Kunden befriedigen. Es gibt jedoch auch Dinge, die bereits sicher sind:<\/p>\n<ul>\n<li>Die Beziehung zwischen Gro\u00dfbritannien und Polen wird weiterhin bedeutend sein;<\/li>\n<li>Die <span style= \"font-weight: bold;\">HLB Poland<\/span> Mitgliedsfirmen sind da, um zu helfen und zu beraten, was auch immer passieren wird; und;<\/li>\n<li>Der Brexit wird sowohl Chance als auch Herausforderung f\u00fcr Polen bedeuten.<\/li>\n<\/ul>\n<hr \/>\n<h3>Wie kann HLB Poland helfen?<\/h3>\n<p>Die Planung und Vorbereitung auf den Brexit ist von entscheidender Bedeutung und unabh\u00e4ngig von allen Unsicherheiten, sollte Sie sich unbedingt mit allen m\u00f6glichen Konsequenzen vertraut machen. <span style= \"font-weight: bold;\">HLB Poland<\/span> verf\u00fcgt \u00fcber ein Netzwerk von Niederlassungen in ganz Polen, welche Ihnen helfen k\u00f6nnen, sich in den Wirrungen des Brexits zurechtzufinden. <span style= \"font-weight: bold;\">HLB Poland<\/span> kann Unternehmen unterst\u00fctzen, sich in dieser Zeit des Wandels zu orientieren und ihre Zukunft mit umfangreichem Fachwissen zu verschiedensten Themen und Dienstleistungen zu planen, die entwickelt wurden, um international t\u00e4tigen Unternehmen zu helfen. F\u00fcr Ihr Unternehmen ist es wichtig, Kosten und Risiken f\u00fcr einen \u201charten\u201d Brexit abzusch\u00e4tzen und dazu einen Notfallplan zu erstellen.<\/p>\n<p>Was beinhaltet der <span style= \"font-weight: bold;\">HLB Poland<\/span> Brexit Service?<\/p>\n<p>Mit unserem Know-How und unserem HLB Global-Netzwerk k\u00f6nnen wir Ihnen Folgendes anbieten:<\/p>\n<p>Unsere Unterst\u00fctzung:<\/p>\n<ul>\n<li>Bereitschaftseinsch\u00e4tzung vor dem Brexit;<\/li>\n<li>Schnelle Abwicklung des Brexit; und<\/li>\n<li>Beratung &amp; Unterst\u00fctzung nach dem Brexit.<\/li>\n<\/ul>\n<p>Unsere Leistungen beinhalten:<\/p>\n<ul>\n<li>Internationales Entity Management;<\/li>\n<li>Human Resources &amp; Lohn- und Gehaltsabrechnung;<\/li>\n<li>Buchhaltung &amp; Steuern;<\/li>\n<li>Beratungsl\u00f6sungen; und<\/li>\n<li>Kapitalmarkt-Service.<\/li>\n<\/ul>\n<p>Bitte kontaktieren Sie eine unserer <span style= \"font-weight: bold;\">HLB Poland<\/span> Mitgliedsfirmen, um Fragen alle aufkommenden Fragen zu besprechen.<\/p>\n","protected":false},"excerpt":{"rendered":"<p>Gro\u00dfbritannien wird die EU am 29. M\u00e4rz 2019 verlassen(Brexit). Angesichts des mangelnden Fortschritts in den nicht gut laufenden Verhandlungen, sollten..<\/p>\n<div class=\"clear\"><\/div><a class=\"more-link\" href=\"https:\/\/hlb-poland.global\/de\/im-fokus\/brexit-dienstleistungen\/\"> Mehr erfahren <\/a>","protected":false},"author":3,"featured_media":0,"parent":1989,"menu_order":0,"comment_status":"closed","ping_status":"closed","template":"","meta":{"_acf_changed":false,"footnotes":""},"class_list":["post-1995","page","type-page","status-publish","hentry"],"acf":[],"yoast_head":"<!-- This site is optimized with the Yoast SEO plugin v27.2 - https:\/\/yoast.com\/product\/yoast-seo-wordpress\/ -->\n<title>Brexit Dienstleistungen | HLB Poland<\/title>\n<meta name=\"description\" content=\"Gro\u00dfbritannien wird die EU am 29. M\u00e4rz 2019 verlassen(Brexit). Angesichts des mangelnden Fortschritts in den nicht gut laufenden...\" \/>\n<meta name=\"robots\" content=\"index, follow, max-snippet:-1, max-image-preview:large, max-video-preview:-1\" \/>\n<link rel=\"canonical\" href=\"https:\/\/hlb-poland.global\/de\/im-fokus\/brexit-dienstleistungen\/\" \/>\n<meta property=\"og:locale\" content=\"de_DE\" \/>\n<meta property=\"og:type\" content=\"article\" \/>\n<meta property=\"og:title\" content=\"Brexit Dienstleistungen | HLB Poland\" \/>\n<meta property=\"og:description\" content=\"Gro\u00dfbritannien wird die EU am 29. M\u00e4rz 2019 verlassen(Brexit). Angesichts des mangelnden Fortschritts in den nicht gut laufenden...\" \/>\n<meta property=\"og:url\" content=\"https:\/\/hlb-poland.global\/de\/im-fokus\/brexit-dienstleistungen\/\" \/>\n<meta property=\"og:site_name\" content=\"HLB Poland\" \/>\n<meta property=\"article:publisher\" content=\"https:\/\/www.facebook.com\/HLBPoland\" \/>\n<meta property=\"article:modified_time\" content=\"2022-09-26T10:28:08+00:00\" \/>\n<meta name=\"twitter:card\" content=\"summary_large_image\" \/>\n<meta name=\"twitter:label1\" content=\"Gesch\u00e4tzte Lesezeit\" \/>\n\t<meta name=\"twitter:data1\" content=\"2\u00a0Minuten\" \/>\n<script type=\"application\/ld+json\" class=\"yoast-schema-graph\">{\"@context\":\"https:\/\/schema.org\",\"@graph\":[{\"@type\":\"WebPage\",\"@id\":\"https:\/\/hlb-poland.global\/de\/im-fokus\/brexit-dienstleistungen\/\",\"url\":\"https:\/\/hlb-poland.global\/de\/im-fokus\/brexit-dienstleistungen\/\",\"name\":\"Brexit Dienstleistungen | HLB Poland\",\"isPartOf\":{\"@id\":\"https:\/\/hlb-poland.global\/#website\"},\"datePublished\":\"2018-12-13T13:44:53+00:00\",\"dateModified\":\"2022-09-26T10:28:08+00:00\",\"description\":\"Gro\u00dfbritannien wird die EU am 29. M\u00e4rz 2019 verlassen(Brexit). Angesichts des mangelnden Fortschritts in den nicht gut laufenden...\",\"breadcrumb\":{\"@id\":\"https:\/\/hlb-poland.global\/de\/im-fokus\/brexit-dienstleistungen\/#breadcrumb\"},\"inLanguage\":\"de\",\"potentialAction\":[{\"@type\":\"ReadAction\",\"target\":[\"https:\/\/hlb-poland.global\/de\/im-fokus\/brexit-dienstleistungen\/\"]}]},{\"@type\":\"BreadcrumbList\",\"@id\":\"https:\/\/hlb-poland.global\/de\/im-fokus\/brexit-dienstleistungen\/#breadcrumb\",\"itemListElement\":[{\"@type\":\"ListItem\",\"position\":1,\"name\":\"Startseite\",\"item\":\"https:\/\/hlb-poland.global\/de\/\"},{\"@type\":\"ListItem\",\"position\":2,\"name\":\"Im Fokus\",\"item\":\"https:\/\/hlb-poland.global\/de\/im-fokus\/\"},{\"@type\":\"ListItem\",\"position\":3,\"name\":\"Brexit Dienstleistungen\"}]},{\"@type\":\"WebSite\",\"@id\":\"https:\/\/hlb-poland.global\/#website\",\"url\":\"https:\/\/hlb-poland.global\/\",\"name\":\"HLB Poland\",\"description\":\"Advisory and accounting\",\"publisher\":{\"@id\":\"https:\/\/hlb-poland.global\/#organization\"},\"potentialAction\":[{\"@type\":\"SearchAction\",\"target\":{\"@type\":\"EntryPoint\",\"urlTemplate\":\"https:\/\/hlb-poland.global\/?s={search_term_string}\"},\"query-input\":{\"@type\":\"PropertyValueSpecification\",\"valueRequired\":true,\"valueName\":\"search_term_string\"}}],\"inLanguage\":\"de\"},{\"@type\":\"Organization\",\"@id\":\"https:\/\/hlb-poland.global\/#organization\",\"name\":\"HLB Poland\",\"url\":\"https:\/\/hlb-poland.global\/\",\"logo\":{\"@type\":\"ImageObject\",\"inLanguage\":\"de\",\"@id\":\"https:\/\/hlb-poland.global\/#\/schema\/logo\/image\/\",\"url\":\"https:\/\/hlb-poland.global\/wp-content\/uploads\/2025\/12\/hlb-poland-og-image.png\",\"contentUrl\":\"https:\/\/hlb-poland.global\/wp-content\/uploads\/2025\/12\/hlb-poland-og-image.png\",\"width\":1200,\"height\":630,\"caption\":\"HLB Poland\"},\"image\":{\"@id\":\"https:\/\/hlb-poland.global\/#\/schema\/logo\/image\/\"},\"sameAs\":[\"https:\/\/www.facebook.com\/HLBPoland\",\"https:\/\/www.linkedin.com\/company\/hlb-poland\"]}]}<\/script>\n<!-- \/ Yoast SEO plugin. -->","yoast_head_json":{"title":"Brexit Dienstleistungen | HLB Poland","description":"Gro\u00dfbritannien wird die EU am 29. M\u00e4rz 2019 verlassen(Brexit). Angesichts des mangelnden Fortschritts in den nicht gut laufenden...","robots":{"index":"index","follow":"follow","max-snippet":"max-snippet:-1","max-image-preview":"max-image-preview:large","max-video-preview":"max-video-preview:-1"},"canonical":"https:\/\/hlb-poland.global\/de\/im-fokus\/brexit-dienstleistungen\/","og_locale":"de_DE","og_type":"article","og_title":"Brexit Dienstleistungen | HLB Poland","og_description":"Gro\u00dfbritannien wird die EU am 29. M\u00e4rz 2019 verlassen(Brexit). Angesichts des mangelnden Fortschritts in den nicht gut laufenden...","og_url":"https:\/\/hlb-poland.global\/de\/im-fokus\/brexit-dienstleistungen\/","og_site_name":"HLB Poland","article_publisher":"https:\/\/www.facebook.com\/HLBPoland","article_modified_time":"2022-09-26T10:28:08+00:00","twitter_card":"summary_large_image","twitter_misc":{"Gesch\u00e4tzte Lesezeit":"2\u00a0Minuten"},"schema":{"@context":"https:\/\/schema.org","@graph":[{"@type":"WebPage","@id":"https:\/\/hlb-poland.global\/de\/im-fokus\/brexit-dienstleistungen\/","url":"https:\/\/hlb-poland.global\/de\/im-fokus\/brexit-dienstleistungen\/","name":"Brexit Dienstleistungen | HLB Poland","isPartOf":{"@id":"https:\/\/hlb-poland.global\/#website"},"datePublished":"2018-12-13T13:44:53+00:00","dateModified":"2022-09-26T10:28:08+00:00","description":"Gro\u00dfbritannien wird die EU am 29. M\u00e4rz 2019 verlassen(Brexit). Angesichts des mangelnden Fortschritts in den nicht gut laufenden...","breadcrumb":{"@id":"https:\/\/hlb-poland.global\/de\/im-fokus\/brexit-dienstleistungen\/#breadcrumb"},"inLanguage":"de","potentialAction":[{"@type":"ReadAction","target":["https:\/\/hlb-poland.global\/de\/im-fokus\/brexit-dienstleistungen\/"]}]},{"@type":"BreadcrumbList","@id":"https:\/\/hlb-poland.global\/de\/im-fokus\/brexit-dienstleistungen\/#breadcrumb","itemListElement":[{"@type":"ListItem","position":1,"name":"Startseite","item":"https:\/\/hlb-poland.global\/de\/"},{"@type":"ListItem","position":2,"name":"Im Fokus","item":"https:\/\/hlb-poland.global\/de\/im-fokus\/"},{"@type":"ListItem","position":3,"name":"Brexit Dienstleistungen"}]},{"@type":"WebSite","@id":"https:\/\/hlb-poland.global\/#website","url":"https:\/\/hlb-poland.global\/","name":"HLB Poland","description":"Advisory and accounting","publisher":{"@id":"https:\/\/hlb-poland.global\/#organization"},"potentialAction":[{"@type":"SearchAction","target":{"@type":"EntryPoint","urlTemplate":"https:\/\/hlb-poland.global\/?s={search_term_string}"},"query-input":{"@type":"PropertyValueSpecification","valueRequired":true,"valueName":"search_term_string"}}],"inLanguage":"de"},{"@type":"Organization","@id":"https:\/\/hlb-poland.global\/#organization","name":"HLB Poland","url":"https:\/\/hlb-poland.global\/","logo":{"@type":"ImageObject","inLanguage":"de","@id":"https:\/\/hlb-poland.global\/#\/schema\/logo\/image\/","url":"https:\/\/hlb-poland.global\/wp-content\/uploads\/2025\/12\/hlb-poland-og-image.png","contentUrl":"https:\/\/hlb-poland.global\/wp-content\/uploads\/2025\/12\/hlb-poland-og-image.png","width":1200,"height":630,"caption":"HLB Poland"},"image":{"@id":"https:\/\/hlb-poland.global\/#\/schema\/logo\/image\/"},"sameAs":["https:\/\/www.facebook.com\/HLBPoland","https:\/\/www.linkedin.com\/company\/hlb-poland"]}]}},"_links":{"self":[{"href":"https:\/\/hlb-poland.global\/de\/wp-json\/wp\/v2\/pages\/1995","targetHints":{"allow":["GET"]}}],"collection":[{"href":"https:\/\/hlb-poland.global\/de\/wp-json\/wp\/v2\/pages"}],"about":[{"href":"https:\/\/hlb-poland.global\/de\/wp-json\/wp\/v2\/types\/page"}],"author":[{"embeddable":true,"href":"https:\/\/hlb-poland.global\/de\/wp-json\/wp\/v2\/users\/3"}],"replies":[{"embeddable":true,"href":"https:\/\/hlb-poland.global\/de\/wp-json\/wp\/v2\/comments?post=1995"}],"version-history":[{"count":6,"href":"https:\/\/hlb-poland.global\/de\/wp-json\/wp\/v2\/pages\/1995\/revisions"}],"predecessor-version":[{"id":10644,"href":"https:\/\/hlb-poland.global\/de\/wp-json\/wp\/v2\/pages\/1995\/revisions\/10644"}],"up":[{"embeddable":true,"href":"https:\/\/hlb-poland.global\/de\/wp-json\/wp\/v2\/pages\/1989"}],"wp:attachment":[{"href":"https:\/\/hlb-poland.global\/de\/wp-json\/wp\/v2\/media?parent=1995"}],"curies":[{"name":"wp","href":"https:\/\/api.w.org\/{rel}","templated":true}]}}