
{"id":1997,"date":"2018-12-13T14:46:25","date_gmt":"2018-12-13T13:46:25","guid":{"rendered":"http:\/\/hlb-poland.global\/?page_id=1997"},"modified":"2023-07-25T07:17:50","modified_gmt":"2023-07-25T06:17:50","slug":"country-desks","status":"publish","type":"page","link":"https:\/\/hlb-poland.global\/de\/country-desks\/","title":{"rendered":"HLB Poland Country Desks"},"content":{"rendered":"<p>Sogar, wenn Sie flie\u00dfend Englisch sprechen, k\u00f6nnen Unterschiede in der Kultur und in den g\u00e4ngigen Gesch\u00e4ftspraktiken zu Verz\u00f6gerungen und zu unn\u00f6tigen Kosten f\u00fchren.<\/p>\n<p>Die L\u00e4nderbereiche von <span style=\"font-weight: bold;\">HLB Poland<\/span> sind daf\u00fcr da, Ihnen Ihre Gesch\u00e4ftst\u00e4tigkeit in Polen zu erleichtern und Ihnen daf\u00fcr die n\u00f6tige Zuversicht zu geben. Unsere zweisprachigen Berater sind sehr erfahren \u2013 sowohl auf der Ebene der Inhaber als auch auf der Ebene der F\u00fchrungskr\u00e4fte. Sie werden Ihnen komplexe technische Themen in Ihrer Muttersprache erl\u00e4utern, sodass jeder unseren Rat verstehen kann, unabh\u00e4ngig davon, wie komplex das gesch\u00e4ftliche Thema auch sein mag. Es wird keinen Raum f\u00fcr Zweifel geben.<\/p>\n","protected":false},"excerpt":{"rendered":"<p>Sogar, wenn Sie flie\u00dfend Englisch sprechen, k\u00f6nnen Unterschiede in der Kultur und in den g\u00e4ngigen Gesch\u00e4ftspraktiken zu Verz\u00f6gerungen und zu..<\/p>\n<div class=\"clear\"><\/div><a class=\"more-link\" href=\"https:\/\/hlb-poland.global\/de\/country-desks\/\"> Mehr erfahren <\/a>","protected":false},"author":3,"featured_media":0,"parent":0,"menu_order":0,"comment_status":"closed","ping_status":"closed","template":"","meta":{"_acf_changed":false,"footnotes":""},"class_list":["post-1997","page","type-page","status-publish","hentry"],"acf":[],"yoast_head":"<!-- This site is optimized with the Yoast SEO plugin v27.2 - https:\/\/yoast.com\/product\/yoast-seo-wordpress\/ -->\n<title>HLB Poland Country Desks<\/title>\n<meta name=\"description\" content=\"Wenn Sie in den polnischen Markt expandieren, kann die F\u00fchrung eines Gesch\u00e4ftsbetriebs Schwierigkeiten bereiten, wenn Polnisch nicht Ihre...\" \/>\n<meta name=\"robots\" content=\"index, follow, max-snippet:-1, max-image-preview:large, max-video-preview:-1\" \/>\n<link rel=\"canonical\" href=\"https:\/\/hlb-poland.global\/de\/country-desks\/\" \/>\n<meta property=\"og:locale\" content=\"de_DE\" \/>\n<meta property=\"og:type\" content=\"article\" \/>\n<meta property=\"og:title\" content=\"HLB Poland Country Desks\" \/>\n<meta property=\"og:description\" content=\"Wenn Sie in den polnischen Markt expandieren, kann die F\u00fchrung eines Gesch\u00e4ftsbetriebs Schwierigkeiten bereiten, wenn Polnisch nicht Ihre...\" \/>\n<meta property=\"og:url\" content=\"https:\/\/hlb-poland.global\/de\/country-desks\/\" \/>\n<meta property=\"og:site_name\" content=\"HLB Poland\" \/>\n<meta property=\"article:publisher\" content=\"https:\/\/www.facebook.com\/HLBPoland\" \/>\n<meta property=\"article:modified_time\" content=\"2023-07-25T06:17:50+00:00\" \/>\n<meta name=\"twitter:card\" content=\"summary_large_image\" \/>\n<meta name=\"twitter:label1\" content=\"Gesch\u00e4tzte Lesezeit\" \/>\n\t<meta name=\"twitter:data1\" content=\"1\u00a0Minute\" \/>\n<script type=\"application\/ld+json\" class=\"yoast-schema-graph\">{\"@context\":\"https:\/\/schema.org\",\"@graph\":[{\"@type\":\"WebPage\",\"@id\":\"https:\/\/hlb-poland.global\/de\/country-desks\/\",\"url\":\"https:\/\/hlb-poland.global\/de\/country-desks\/\",\"name\":\"HLB Poland Country Desks\",\"isPartOf\":{\"@id\":\"https:\/\/hlb-poland.global\/#website\"},\"datePublished\":\"2018-12-13T13:46:25+00:00\",\"dateModified\":\"2023-07-25T06:17:50+00:00\",\"description\":\"Wenn Sie in den polnischen Markt expandieren, kann die F\u00fchrung eines Gesch\u00e4ftsbetriebs Schwierigkeiten bereiten, wenn Polnisch nicht Ihre...\",\"breadcrumb\":{\"@id\":\"https:\/\/hlb-poland.global\/de\/country-desks\/#breadcrumb\"},\"inLanguage\":\"de\",\"potentialAction\":[{\"@type\":\"ReadAction\",\"target\":[\"https:\/\/hlb-poland.global\/de\/country-desks\/\"]}]},{\"@type\":\"BreadcrumbList\",\"@id\":\"https:\/\/hlb-poland.global\/de\/country-desks\/#breadcrumb\",\"itemListElement\":[{\"@type\":\"ListItem\",\"position\":1,\"name\":\"Startseite\",\"item\":\"https:\/\/hlb-poland.global\/de\/\"},{\"@type\":\"ListItem\",\"position\":2,\"name\":\"HLB Poland Country Desks\"}]},{\"@type\":\"WebSite\",\"@id\":\"https:\/\/hlb-poland.global\/#website\",\"url\":\"https:\/\/hlb-poland.global\/\",\"name\":\"HLB Poland\",\"description\":\"Advisory and accounting\",\"publisher\":{\"@id\":\"https:\/\/hlb-poland.global\/#organization\"},\"potentialAction\":[{\"@type\":\"SearchAction\",\"target\":{\"@type\":\"EntryPoint\",\"urlTemplate\":\"https:\/\/hlb-poland.global\/?s={search_term_string}\"},\"query-input\":{\"@type\":\"PropertyValueSpecification\",\"valueRequired\":true,\"valueName\":\"search_term_string\"}}],\"inLanguage\":\"de\"},{\"@type\":\"Organization\",\"@id\":\"https:\/\/hlb-poland.global\/#organization\",\"name\":\"HLB Poland\",\"url\":\"https:\/\/hlb-poland.global\/\",\"logo\":{\"@type\":\"ImageObject\",\"inLanguage\":\"de\",\"@id\":\"https:\/\/hlb-poland.global\/#\/schema\/logo\/image\/\",\"url\":\"https:\/\/hlb-poland.global\/wp-content\/uploads\/2025\/12\/hlb-poland-og-image.png\",\"contentUrl\":\"https:\/\/hlb-poland.global\/wp-content\/uploads\/2025\/12\/hlb-poland-og-image.png\",\"width\":1200,\"height\":630,\"caption\":\"HLB Poland\"},\"image\":{\"@id\":\"https:\/\/hlb-poland.global\/#\/schema\/logo\/image\/\"},\"sameAs\":[\"https:\/\/www.facebook.com\/HLBPoland\",\"https:\/\/www.linkedin.com\/company\/hlb-poland\"]}]}<\/script>\n<!-- \/ Yoast SEO plugin. -->","yoast_head_json":{"title":"HLB Poland Country Desks","description":"Wenn Sie in den polnischen Markt expandieren, kann die F\u00fchrung eines Gesch\u00e4ftsbetriebs Schwierigkeiten bereiten, wenn Polnisch nicht Ihre...","robots":{"index":"index","follow":"follow","max-snippet":"max-snippet:-1","max-image-preview":"max-image-preview:large","max-video-preview":"max-video-preview:-1"},"canonical":"https:\/\/hlb-poland.global\/de\/country-desks\/","og_locale":"de_DE","og_type":"article","og_title":"HLB Poland Country Desks","og_description":"Wenn Sie in den polnischen Markt expandieren, kann die F\u00fchrung eines Gesch\u00e4ftsbetriebs Schwierigkeiten bereiten, wenn Polnisch nicht Ihre...","og_url":"https:\/\/hlb-poland.global\/de\/country-desks\/","og_site_name":"HLB Poland","article_publisher":"https:\/\/www.facebook.com\/HLBPoland","article_modified_time":"2023-07-25T06:17:50+00:00","twitter_card":"summary_large_image","twitter_misc":{"Gesch\u00e4tzte Lesezeit":"1\u00a0Minute"},"schema":{"@context":"https:\/\/schema.org","@graph":[{"@type":"WebPage","@id":"https:\/\/hlb-poland.global\/de\/country-desks\/","url":"https:\/\/hlb-poland.global\/de\/country-desks\/","name":"HLB Poland Country Desks","isPartOf":{"@id":"https:\/\/hlb-poland.global\/#website"},"datePublished":"2018-12-13T13:46:25+00:00","dateModified":"2023-07-25T06:17:50+00:00","description":"Wenn Sie in den polnischen Markt expandieren, kann die F\u00fchrung eines Gesch\u00e4ftsbetriebs Schwierigkeiten bereiten, wenn Polnisch nicht Ihre...","breadcrumb":{"@id":"https:\/\/hlb-poland.global\/de\/country-desks\/#breadcrumb"},"inLanguage":"de","potentialAction":[{"@type":"ReadAction","target":["https:\/\/hlb-poland.global\/de\/country-desks\/"]}]},{"@type":"BreadcrumbList","@id":"https:\/\/hlb-poland.global\/de\/country-desks\/#breadcrumb","itemListElement":[{"@type":"ListItem","position":1,"name":"Startseite","item":"https:\/\/hlb-poland.global\/de\/"},{"@type":"ListItem","position":2,"name":"HLB Poland Country Desks"}]},{"@type":"WebSite","@id":"https:\/\/hlb-poland.global\/#website","url":"https:\/\/hlb-poland.global\/","name":"HLB Poland","description":"Advisory and accounting","publisher":{"@id":"https:\/\/hlb-poland.global\/#organization"},"potentialAction":[{"@type":"SearchAction","target":{"@type":"EntryPoint","urlTemplate":"https:\/\/hlb-poland.global\/?s={search_term_string}"},"query-input":{"@type":"PropertyValueSpecification","valueRequired":true,"valueName":"search_term_string"}}],"inLanguage":"de"},{"@type":"Organization","@id":"https:\/\/hlb-poland.global\/#organization","name":"HLB Poland","url":"https:\/\/hlb-poland.global\/","logo":{"@type":"ImageObject","inLanguage":"de","@id":"https:\/\/hlb-poland.global\/#\/schema\/logo\/image\/","url":"https:\/\/hlb-poland.global\/wp-content\/uploads\/2025\/12\/hlb-poland-og-image.png","contentUrl":"https:\/\/hlb-poland.global\/wp-content\/uploads\/2025\/12\/hlb-poland-og-image.png","width":1200,"height":630,"caption":"HLB Poland"},"image":{"@id":"https:\/\/hlb-poland.global\/#\/schema\/logo\/image\/"},"sameAs":["https:\/\/www.facebook.com\/HLBPoland","https:\/\/www.linkedin.com\/company\/hlb-poland"]}]}},"_links":{"self":[{"href":"https:\/\/hlb-poland.global\/de\/wp-json\/wp\/v2\/pages\/1997","targetHints":{"allow":["GET"]}}],"collection":[{"href":"https:\/\/hlb-poland.global\/de\/wp-json\/wp\/v2\/pages"}],"about":[{"href":"https:\/\/hlb-poland.global\/de\/wp-json\/wp\/v2\/types\/page"}],"author":[{"embeddable":true,"href":"https:\/\/hlb-poland.global\/de\/wp-json\/wp\/v2\/users\/3"}],"replies":[{"embeddable":true,"href":"https:\/\/hlb-poland.global\/de\/wp-json\/wp\/v2\/comments?post=1997"}],"version-history":[{"count":5,"href":"https:\/\/hlb-poland.global\/de\/wp-json\/wp\/v2\/pages\/1997\/revisions"}],"predecessor-version":[{"id":13054,"href":"https:\/\/hlb-poland.global\/de\/wp-json\/wp\/v2\/pages\/1997\/revisions\/13054"}],"wp:attachment":[{"href":"https:\/\/hlb-poland.global\/de\/wp-json\/wp\/v2\/media?parent=1997"}],"curies":[{"name":"wp","href":"https:\/\/api.w.org\/{rel}","templated":true}]}}