
{"id":2001,"date":"2018-12-13T14:48:56","date_gmt":"2018-12-13T13:48:56","guid":{"rendered":"http:\/\/hlb-poland.global\/?page_id=2001"},"modified":"2023-07-25T07:18:34","modified_gmt":"2023-07-25T06:18:34","slug":"german-desk","status":"publish","type":"page","link":"https:\/\/hlb-poland.global\/de\/country-desks\/german-desk\/","title":{"rendered":"HLB Poland German Desk"},"content":{"rendered":"<h3>Ma\u00dfgeschneiderte Dienstleistungen f\u00fcr deutsche, \u00f6sterreichische und schweizerische Unternehmen, die einen kompetenten Partner in Polen suchen<\/h3>\n<ul>\n<li>German Desk von <span style= \"font-weight: bold;\">HLB Poland<\/span> ist ein Team von Spezialisten, das deutsche, \u00f6sterreichische und schweizerische Unternehmen beim Auf- und Ausbau ihrer Aktivit\u00e4ten in Polen unterst\u00fctzt;<\/li>\n<li>Unser Team in Polen besteht aus einheimischen und kompetenten deutschsprachigen Partnern sowie Experten f\u00fcr Rechnungswesen, Lohnbuchhaltung und Steuern. Sie kennen die Besonderheiten der wichtigsten Wirtschaftssektoren, die f\u00fcr die Erbringung professioneller Dienstleistungen in den Bereichen Wirtschaftspr\u00fcfung, Steuerberatung, Outsourcing, Buchhaltung, Lohnbuchhaltung und Beratung f\u00fcr Unternehmen erforderlich sind.<\/li>\n<\/ul>\n<p>Das wachsende Interesse deutscher Unternehmen an unseren Dienstleistungen und das Bewusstsein, dass deutsche, \u00f6sterreichische und schweizerische Unternehmen eine f\u00fchrende Rolle unter den ausl\u00e4ndischen Investoren in Polen spielen, veranlassten uns, ein German Desk in unserer Struktur zu etablieren, dessen Mitglieder flie\u00dfend Deutsch und Englisch sprechen bieten folgende Dienstleistungen an:<\/p>\n<p><span style= \"font-weight: bold;\">Ma\u00dfgeschneiderte Dienstleistungen f\u00fcr polnische Unternehmen, die einen kompetenten Partner in Deutschland suchen<\/span><\/p>\n<ul>\n<li>Wir unterst\u00fctzen auch polnische Unternehmen, die im deutschsprachigen Raum investieren wollen;<\/li>\n<li>Unser Team besteht in Deutschland aus einheimischen und kompetenten polnischsprachigen Steuerberatern, Steuerberatern und Experten.<\/li>\n<\/ul>\n","protected":false},"excerpt":{"rendered":"<p>Ma\u00dfgeschneiderte Dienstleistungen f\u00fcr deutsche, \u00f6sterreichische und schweizerische Unternehmen, die einen kompetenten Partner in Polen suchen German Desk von HLB Poland..<\/p>\n<div class=\"clear\"><\/div><a class=\"more-link\" href=\"https:\/\/hlb-poland.global\/de\/country-desks\/german-desk\/\"> Mehr erfahren <\/a>","protected":false},"author":3,"featured_media":0,"parent":1997,"menu_order":0,"comment_status":"closed","ping_status":"closed","template":"","meta":{"_acf_changed":false,"footnotes":""},"class_list":["post-2001","page","type-page","status-publish","hentry"],"acf":[],"yoast_head":"<!-- This site is optimized with the Yoast SEO plugin v27.2 - https:\/\/yoast.com\/product\/yoast-seo-wordpress\/ -->\n<title>HLB Poland German Desk<\/title>\n<meta name=\"description\" content=\"HLB Poland German Desk ist ein Team von Spezialisten, das deutsche, \u00f6sterreichische und schweizerische Unternehmen beim Auf- und Ausbau...\" \/>\n<meta name=\"robots\" content=\"index, follow, max-snippet:-1, max-image-preview:large, max-video-preview:-1\" \/>\n<link rel=\"canonical\" href=\"https:\/\/hlb-poland.global\/de\/country-desks\/german-desk\/\" \/>\n<meta property=\"og:locale\" content=\"de_DE\" \/>\n<meta property=\"og:type\" content=\"article\" \/>\n<meta property=\"og:title\" content=\"HLB Poland German Desk\" \/>\n<meta property=\"og:description\" content=\"HLB Poland German Desk ist ein Team von Spezialisten, das deutsche, \u00f6sterreichische und schweizerische Unternehmen beim Auf- und Ausbau...\" \/>\n<meta property=\"og:url\" content=\"https:\/\/hlb-poland.global\/de\/country-desks\/german-desk\/\" \/>\n<meta property=\"og:site_name\" content=\"HLB Poland\" \/>\n<meta property=\"article:publisher\" content=\"https:\/\/www.facebook.com\/HLBPoland\" \/>\n<meta property=\"article:modified_time\" content=\"2023-07-25T06:18:34+00:00\" \/>\n<meta name=\"twitter:card\" content=\"summary_large_image\" \/>\n<meta name=\"twitter:label1\" content=\"Gesch\u00e4tzte Lesezeit\" \/>\n\t<meta name=\"twitter:data1\" content=\"1\u00a0Minute\" \/>\n<script type=\"application\/ld+json\" class=\"yoast-schema-graph\">{\"@context\":\"https:\/\/schema.org\",\"@graph\":[{\"@type\":\"WebPage\",\"@id\":\"https:\/\/hlb-poland.global\/de\/country-desks\/german-desk\/\",\"url\":\"https:\/\/hlb-poland.global\/de\/country-desks\/german-desk\/\",\"name\":\"HLB Poland German Desk\",\"isPartOf\":{\"@id\":\"https:\/\/hlb-poland.global\/#website\"},\"datePublished\":\"2018-12-13T13:48:56+00:00\",\"dateModified\":\"2023-07-25T06:18:34+00:00\",\"description\":\"HLB Poland German Desk ist ein Team von Spezialisten, das deutsche, \u00f6sterreichische und schweizerische Unternehmen beim Auf- und Ausbau...\",\"breadcrumb\":{\"@id\":\"https:\/\/hlb-poland.global\/de\/country-desks\/german-desk\/#breadcrumb\"},\"inLanguage\":\"de\",\"potentialAction\":[{\"@type\":\"ReadAction\",\"target\":[\"https:\/\/hlb-poland.global\/de\/country-desks\/german-desk\/\"]}]},{\"@type\":\"BreadcrumbList\",\"@id\":\"https:\/\/hlb-poland.global\/de\/country-desks\/german-desk\/#breadcrumb\",\"itemListElement\":[{\"@type\":\"ListItem\",\"position\":1,\"name\":\"Startseite\",\"item\":\"https:\/\/hlb-poland.global\/de\/\"},{\"@type\":\"ListItem\",\"position\":2,\"name\":\"HLB Poland Country Desks\",\"item\":\"https:\/\/hlb-poland.global\/de\/country-desks\/\"},{\"@type\":\"ListItem\",\"position\":3,\"name\":\"HLB Poland German Desk\"}]},{\"@type\":\"WebSite\",\"@id\":\"https:\/\/hlb-poland.global\/#website\",\"url\":\"https:\/\/hlb-poland.global\/\",\"name\":\"HLB Poland\",\"description\":\"Advisory and accounting\",\"publisher\":{\"@id\":\"https:\/\/hlb-poland.global\/#organization\"},\"potentialAction\":[{\"@type\":\"SearchAction\",\"target\":{\"@type\":\"EntryPoint\",\"urlTemplate\":\"https:\/\/hlb-poland.global\/?s={search_term_string}\"},\"query-input\":{\"@type\":\"PropertyValueSpecification\",\"valueRequired\":true,\"valueName\":\"search_term_string\"}}],\"inLanguage\":\"de\"},{\"@type\":\"Organization\",\"@id\":\"https:\/\/hlb-poland.global\/#organization\",\"name\":\"HLB Poland\",\"url\":\"https:\/\/hlb-poland.global\/\",\"logo\":{\"@type\":\"ImageObject\",\"inLanguage\":\"de\",\"@id\":\"https:\/\/hlb-poland.global\/#\/schema\/logo\/image\/\",\"url\":\"https:\/\/hlb-poland.global\/wp-content\/uploads\/2025\/12\/hlb-poland-og-image.png\",\"contentUrl\":\"https:\/\/hlb-poland.global\/wp-content\/uploads\/2025\/12\/hlb-poland-og-image.png\",\"width\":1200,\"height\":630,\"caption\":\"HLB Poland\"},\"image\":{\"@id\":\"https:\/\/hlb-poland.global\/#\/schema\/logo\/image\/\"},\"sameAs\":[\"https:\/\/www.facebook.com\/HLBPoland\",\"https:\/\/www.linkedin.com\/company\/hlb-poland\"]}]}<\/script>\n<!-- \/ Yoast SEO plugin. -->","yoast_head_json":{"title":"HLB Poland German Desk","description":"HLB Poland German Desk ist ein Team von Spezialisten, das deutsche, \u00f6sterreichische und schweizerische Unternehmen beim Auf- und Ausbau...","robots":{"index":"index","follow":"follow","max-snippet":"max-snippet:-1","max-image-preview":"max-image-preview:large","max-video-preview":"max-video-preview:-1"},"canonical":"https:\/\/hlb-poland.global\/de\/country-desks\/german-desk\/","og_locale":"de_DE","og_type":"article","og_title":"HLB Poland German Desk","og_description":"HLB Poland German Desk ist ein Team von Spezialisten, das deutsche, \u00f6sterreichische und schweizerische Unternehmen beim Auf- und Ausbau...","og_url":"https:\/\/hlb-poland.global\/de\/country-desks\/german-desk\/","og_site_name":"HLB Poland","article_publisher":"https:\/\/www.facebook.com\/HLBPoland","article_modified_time":"2023-07-25T06:18:34+00:00","twitter_card":"summary_large_image","twitter_misc":{"Gesch\u00e4tzte Lesezeit":"1\u00a0Minute"},"schema":{"@context":"https:\/\/schema.org","@graph":[{"@type":"WebPage","@id":"https:\/\/hlb-poland.global\/de\/country-desks\/german-desk\/","url":"https:\/\/hlb-poland.global\/de\/country-desks\/german-desk\/","name":"HLB Poland German Desk","isPartOf":{"@id":"https:\/\/hlb-poland.global\/#website"},"datePublished":"2018-12-13T13:48:56+00:00","dateModified":"2023-07-25T06:18:34+00:00","description":"HLB Poland German Desk ist ein Team von Spezialisten, das deutsche, \u00f6sterreichische und schweizerische Unternehmen beim Auf- und Ausbau...","breadcrumb":{"@id":"https:\/\/hlb-poland.global\/de\/country-desks\/german-desk\/#breadcrumb"},"inLanguage":"de","potentialAction":[{"@type":"ReadAction","target":["https:\/\/hlb-poland.global\/de\/country-desks\/german-desk\/"]}]},{"@type":"BreadcrumbList","@id":"https:\/\/hlb-poland.global\/de\/country-desks\/german-desk\/#breadcrumb","itemListElement":[{"@type":"ListItem","position":1,"name":"Startseite","item":"https:\/\/hlb-poland.global\/de\/"},{"@type":"ListItem","position":2,"name":"HLB Poland Country Desks","item":"https:\/\/hlb-poland.global\/de\/country-desks\/"},{"@type":"ListItem","position":3,"name":"HLB Poland German Desk"}]},{"@type":"WebSite","@id":"https:\/\/hlb-poland.global\/#website","url":"https:\/\/hlb-poland.global\/","name":"HLB Poland","description":"Advisory and accounting","publisher":{"@id":"https:\/\/hlb-poland.global\/#organization"},"potentialAction":[{"@type":"SearchAction","target":{"@type":"EntryPoint","urlTemplate":"https:\/\/hlb-poland.global\/?s={search_term_string}"},"query-input":{"@type":"PropertyValueSpecification","valueRequired":true,"valueName":"search_term_string"}}],"inLanguage":"de"},{"@type":"Organization","@id":"https:\/\/hlb-poland.global\/#organization","name":"HLB Poland","url":"https:\/\/hlb-poland.global\/","logo":{"@type":"ImageObject","inLanguage":"de","@id":"https:\/\/hlb-poland.global\/#\/schema\/logo\/image\/","url":"https:\/\/hlb-poland.global\/wp-content\/uploads\/2025\/12\/hlb-poland-og-image.png","contentUrl":"https:\/\/hlb-poland.global\/wp-content\/uploads\/2025\/12\/hlb-poland-og-image.png","width":1200,"height":630,"caption":"HLB Poland"},"image":{"@id":"https:\/\/hlb-poland.global\/#\/schema\/logo\/image\/"},"sameAs":["https:\/\/www.facebook.com\/HLBPoland","https:\/\/www.linkedin.com\/company\/hlb-poland"]}]}},"_links":{"self":[{"href":"https:\/\/hlb-poland.global\/de\/wp-json\/wp\/v2\/pages\/2001","targetHints":{"allow":["GET"]}}],"collection":[{"href":"https:\/\/hlb-poland.global\/de\/wp-json\/wp\/v2\/pages"}],"about":[{"href":"https:\/\/hlb-poland.global\/de\/wp-json\/wp\/v2\/types\/page"}],"author":[{"embeddable":true,"href":"https:\/\/hlb-poland.global\/de\/wp-json\/wp\/v2\/users\/3"}],"replies":[{"embeddable":true,"href":"https:\/\/hlb-poland.global\/de\/wp-json\/wp\/v2\/comments?post=2001"}],"version-history":[{"count":6,"href":"https:\/\/hlb-poland.global\/de\/wp-json\/wp\/v2\/pages\/2001\/revisions"}],"predecessor-version":[{"id":13055,"href":"https:\/\/hlb-poland.global\/de\/wp-json\/wp\/v2\/pages\/2001\/revisions\/13055"}],"up":[{"embeddable":true,"href":"https:\/\/hlb-poland.global\/de\/wp-json\/wp\/v2\/pages\/1997"}],"wp:attachment":[{"href":"https:\/\/hlb-poland.global\/de\/wp-json\/wp\/v2\/media?parent=2001"}],"curies":[{"name":"wp","href":"https:\/\/api.w.org\/{rel}","templated":true}]}}