
{"id":2003,"date":"2018-12-13T14:49:52","date_gmt":"2018-12-13T13:49:52","guid":{"rendered":"http:\/\/hlb-poland.global\/?page_id=2003"},"modified":"2022-10-10T11:49:35","modified_gmt":"2022-10-10T10:49:35","slug":"international-business","status":"publish","type":"page","link":"https:\/\/hlb-poland.global\/de\/country-desks\/international-business\/","title":{"rendered":"International Business"},"content":{"rendered":"<h3>Ma\u00dfgeschneiderte Dienstleistungen f\u00fcr polnische Unternehmen, die einen kompetenten Partner f\u00fcr internationale Projekte suchen<\/h3>\n<ul>\n<li>F\u00fcr internationale Projekte arbeiten unsere Spezialisten mit Teams in den L\u00e4ndern, in denen HLB pr\u00e4sent ist.<\/li>\n<\/ul>\n<p><span style=\"font-weight: bold;\">HLB Poland<\/span> ist als Mitglied der HLB ein internationales, integriertes und unabh\u00e4ngiges Netzwerk von Mitgliedsunternehmen, das sich auf Wirtschaftspr\u00fcfung, Buchhaltung, Steuerberatung und Consulting spezialisiert.<\/p>\n<p>HLB ist ein weltweites Netzwerk unabh\u00e4ngiger Beratungs- und Wirtschaftspr\u00fcfungsgesellschaften. Wir haben eine lange Tradition von Innovation und Zusammenarbeit und unterst\u00fctzen unsere Kunden dabei, \u00fcber Grenzen hinweg zu wachsen. Durch die Leistung von 25.000 Fachleuten in 150 L\u00e4ndern kombiniert HLB lokales Know-how und globale F\u00e4higkeiten, um Ihre Anforderungen zu erf\u00fcllen. Unsere Partnerfirmen sind lokal verankert und haben tiefe Wurzeln in ihren lokalen Gemeinschaften, sind jedoch eng mit Fachleuten aus der ganzen Welt verbunden. Wir unterst\u00fctzen Kunden bei ihrem Wachstum auf nationaler, regionaler und globaler Ebene und sorgen \u00fcberall dort, wo Sie t\u00e4tig sind, f\u00fcr ein gleichbleibend hochwertiges Kundenerlebnis und pers\u00f6nlichen Service.<\/p>\n<hr \/>\n<h3>Wie wir arbeiten zusammen<\/h3>\n<p>Unabh\u00e4ngig davon, in welchem Sektor Sie t\u00e4tig sind, geht es in der Wirtschaft um Menschen. Es ist uns sehr wichtig, eine vertrauensvolle Beziehung zu Ihnen aufzubauen, wo auch immer Sie Ihr Unternehmen einsetzen. Um unseren internationalen Kunden den besten Service zu bieten, nehmen wir uns die Zeit, Sie kennenzulernen und Ihre spezifischen Bed\u00fcrfnisse zu verstehen.<\/p>\n<p>Sobald wir Ihre gesch\u00e4ftlichen Anforderungen verstanden haben, stellen wir Ihnen ein lokales HLB-Kliententeam vor, das speziell f\u00fcr Sie eingerichtet wurde, um die Jurisdiktionen Ihrer Interessen abzudecken. Sie dienen als \u00f6rtliche Gesch\u00e4ftsleitf\u00e4den, die Ihnen dabei helfen, durch die neue Gesch\u00e4ftsumgebung zu navigieren und Sie bei der Einhaltung der \u00f6rtlichen Vorschriften unterst\u00fctzen. Wir werden bei Ihren ausl\u00e4ndischen Projekten auf dem Laufenden gehalten &#8211; als zus\u00e4tzliche Sicherheit, um Missverst\u00e4ndnisse zu vermeiden und den Aufbau einer soliden Kundendienstbeziehung zu f\u00f6rdern.<\/p>\n<p>Bei HLB arbeiten wir eng mit unseren Kollegen in den L\u00e4ndern zusammen, in die Sie expandieren, und garantieren ein nahtloses HLB-Kundenerlebnis und eine sanfte Landung in einem neuen Gebiet.<\/p>\n","protected":false},"excerpt":{"rendered":"<p>Ma\u00dfgeschneiderte Dienstleistungen f\u00fcr polnische Unternehmen, die einen kompetenten Partner f\u00fcr internationale Projekte suchen F\u00fcr internationale Projekte arbeiten unsere Spezialisten mit..<\/p>\n<div class=\"clear\"><\/div><a class=\"more-link\" href=\"https:\/\/hlb-poland.global\/de\/country-desks\/international-business\/\"> Mehr erfahren <\/a>","protected":false},"author":3,"featured_media":0,"parent":1997,"menu_order":0,"comment_status":"closed","ping_status":"closed","template":"","meta":{"_acf_changed":false,"footnotes":""},"class_list":["post-2003","page","type-page","status-publish","hentry"],"acf":[],"yoast_head":"<!-- This site is optimized with the Yoast SEO plugin v27.2 - https:\/\/yoast.com\/product\/yoast-seo-wordpress\/ -->\n<title>International Business | HLB Poland<\/title>\n<meta name=\"description\" content=\"HLB Poland ist als Mitglied der HLB ein internationales, integriertes und unabh\u00e4ngiges Netzwerk von Mitgliedsunternehmen, das sich auf...\" \/>\n<meta name=\"robots\" content=\"index, follow, max-snippet:-1, max-image-preview:large, max-video-preview:-1\" \/>\n<link rel=\"canonical\" href=\"https:\/\/hlb-poland.global\/de\/country-desks\/international-business\/\" \/>\n<meta property=\"og:locale\" content=\"de_DE\" \/>\n<meta property=\"og:type\" content=\"article\" \/>\n<meta property=\"og:title\" content=\"International Business | HLB Poland\" \/>\n<meta property=\"og:description\" content=\"HLB Poland ist als Mitglied der HLB ein internationales, integriertes und unabh\u00e4ngiges Netzwerk von Mitgliedsunternehmen, das sich auf...\" \/>\n<meta property=\"og:url\" content=\"https:\/\/hlb-poland.global\/de\/country-desks\/international-business\/\" \/>\n<meta property=\"og:site_name\" content=\"HLB Poland\" \/>\n<meta property=\"article:publisher\" content=\"https:\/\/www.facebook.com\/HLBPoland\" \/>\n<meta property=\"article:modified_time\" content=\"2022-10-10T10:49:35+00:00\" \/>\n<meta name=\"twitter:card\" content=\"summary_large_image\" \/>\n<meta name=\"twitter:label1\" content=\"Gesch\u00e4tzte Lesezeit\" \/>\n\t<meta name=\"twitter:data1\" content=\"2\u00a0Minuten\" \/>\n<script type=\"application\/ld+json\" class=\"yoast-schema-graph\">{\"@context\":\"https:\/\/schema.org\",\"@graph\":[{\"@type\":\"WebPage\",\"@id\":\"https:\/\/hlb-poland.global\/de\/country-desks\/international-business\/\",\"url\":\"https:\/\/hlb-poland.global\/de\/country-desks\/international-business\/\",\"name\":\"International Business | HLB Poland\",\"isPartOf\":{\"@id\":\"https:\/\/hlb-poland.global\/#website\"},\"datePublished\":\"2018-12-13T13:49:52+00:00\",\"dateModified\":\"2022-10-10T10:49:35+00:00\",\"description\":\"HLB Poland ist als Mitglied der HLB ein internationales, integriertes und unabh\u00e4ngiges Netzwerk von Mitgliedsunternehmen, das sich auf...\",\"breadcrumb\":{\"@id\":\"https:\/\/hlb-poland.global\/de\/country-desks\/international-business\/#breadcrumb\"},\"inLanguage\":\"de\",\"potentialAction\":[{\"@type\":\"ReadAction\",\"target\":[\"https:\/\/hlb-poland.global\/de\/country-desks\/international-business\/\"]}]},{\"@type\":\"BreadcrumbList\",\"@id\":\"https:\/\/hlb-poland.global\/de\/country-desks\/international-business\/#breadcrumb\",\"itemListElement\":[{\"@type\":\"ListItem\",\"position\":1,\"name\":\"Startseite\",\"item\":\"https:\/\/hlb-poland.global\/de\/\"},{\"@type\":\"ListItem\",\"position\":2,\"name\":\"HLB Poland Country Desks\",\"item\":\"https:\/\/hlb-poland.global\/de\/country-desks\/\"},{\"@type\":\"ListItem\",\"position\":3,\"name\":\"International Business\"}]},{\"@type\":\"WebSite\",\"@id\":\"https:\/\/hlb-poland.global\/#website\",\"url\":\"https:\/\/hlb-poland.global\/\",\"name\":\"HLB Poland\",\"description\":\"Advisory and accounting\",\"publisher\":{\"@id\":\"https:\/\/hlb-poland.global\/#organization\"},\"potentialAction\":[{\"@type\":\"SearchAction\",\"target\":{\"@type\":\"EntryPoint\",\"urlTemplate\":\"https:\/\/hlb-poland.global\/?s={search_term_string}\"},\"query-input\":{\"@type\":\"PropertyValueSpecification\",\"valueRequired\":true,\"valueName\":\"search_term_string\"}}],\"inLanguage\":\"de\"},{\"@type\":\"Organization\",\"@id\":\"https:\/\/hlb-poland.global\/#organization\",\"name\":\"HLB Poland\",\"url\":\"https:\/\/hlb-poland.global\/\",\"logo\":{\"@type\":\"ImageObject\",\"inLanguage\":\"de\",\"@id\":\"https:\/\/hlb-poland.global\/#\/schema\/logo\/image\/\",\"url\":\"https:\/\/hlb-poland.global\/wp-content\/uploads\/2025\/12\/hlb-poland-og-image.png\",\"contentUrl\":\"https:\/\/hlb-poland.global\/wp-content\/uploads\/2025\/12\/hlb-poland-og-image.png\",\"width\":1200,\"height\":630,\"caption\":\"HLB Poland\"},\"image\":{\"@id\":\"https:\/\/hlb-poland.global\/#\/schema\/logo\/image\/\"},\"sameAs\":[\"https:\/\/www.facebook.com\/HLBPoland\",\"https:\/\/www.linkedin.com\/company\/hlb-poland\"]}]}<\/script>\n<!-- \/ Yoast SEO plugin. -->","yoast_head_json":{"title":"International Business | HLB Poland","description":"HLB Poland ist als Mitglied der HLB ein internationales, integriertes und unabh\u00e4ngiges Netzwerk von Mitgliedsunternehmen, das sich auf...","robots":{"index":"index","follow":"follow","max-snippet":"max-snippet:-1","max-image-preview":"max-image-preview:large","max-video-preview":"max-video-preview:-1"},"canonical":"https:\/\/hlb-poland.global\/de\/country-desks\/international-business\/","og_locale":"de_DE","og_type":"article","og_title":"International Business | HLB Poland","og_description":"HLB Poland ist als Mitglied der HLB ein internationales, integriertes und unabh\u00e4ngiges Netzwerk von Mitgliedsunternehmen, das sich auf...","og_url":"https:\/\/hlb-poland.global\/de\/country-desks\/international-business\/","og_site_name":"HLB Poland","article_publisher":"https:\/\/www.facebook.com\/HLBPoland","article_modified_time":"2022-10-10T10:49:35+00:00","twitter_card":"summary_large_image","twitter_misc":{"Gesch\u00e4tzte Lesezeit":"2\u00a0Minuten"},"schema":{"@context":"https:\/\/schema.org","@graph":[{"@type":"WebPage","@id":"https:\/\/hlb-poland.global\/de\/country-desks\/international-business\/","url":"https:\/\/hlb-poland.global\/de\/country-desks\/international-business\/","name":"International Business | HLB Poland","isPartOf":{"@id":"https:\/\/hlb-poland.global\/#website"},"datePublished":"2018-12-13T13:49:52+00:00","dateModified":"2022-10-10T10:49:35+00:00","description":"HLB Poland ist als Mitglied der HLB ein internationales, integriertes und unabh\u00e4ngiges Netzwerk von Mitgliedsunternehmen, das sich auf...","breadcrumb":{"@id":"https:\/\/hlb-poland.global\/de\/country-desks\/international-business\/#breadcrumb"},"inLanguage":"de","potentialAction":[{"@type":"ReadAction","target":["https:\/\/hlb-poland.global\/de\/country-desks\/international-business\/"]}]},{"@type":"BreadcrumbList","@id":"https:\/\/hlb-poland.global\/de\/country-desks\/international-business\/#breadcrumb","itemListElement":[{"@type":"ListItem","position":1,"name":"Startseite","item":"https:\/\/hlb-poland.global\/de\/"},{"@type":"ListItem","position":2,"name":"HLB Poland Country Desks","item":"https:\/\/hlb-poland.global\/de\/country-desks\/"},{"@type":"ListItem","position":3,"name":"International Business"}]},{"@type":"WebSite","@id":"https:\/\/hlb-poland.global\/#website","url":"https:\/\/hlb-poland.global\/","name":"HLB Poland","description":"Advisory and accounting","publisher":{"@id":"https:\/\/hlb-poland.global\/#organization"},"potentialAction":[{"@type":"SearchAction","target":{"@type":"EntryPoint","urlTemplate":"https:\/\/hlb-poland.global\/?s={search_term_string}"},"query-input":{"@type":"PropertyValueSpecification","valueRequired":true,"valueName":"search_term_string"}}],"inLanguage":"de"},{"@type":"Organization","@id":"https:\/\/hlb-poland.global\/#organization","name":"HLB Poland","url":"https:\/\/hlb-poland.global\/","logo":{"@type":"ImageObject","inLanguage":"de","@id":"https:\/\/hlb-poland.global\/#\/schema\/logo\/image\/","url":"https:\/\/hlb-poland.global\/wp-content\/uploads\/2025\/12\/hlb-poland-og-image.png","contentUrl":"https:\/\/hlb-poland.global\/wp-content\/uploads\/2025\/12\/hlb-poland-og-image.png","width":1200,"height":630,"caption":"HLB Poland"},"image":{"@id":"https:\/\/hlb-poland.global\/#\/schema\/logo\/image\/"},"sameAs":["https:\/\/www.facebook.com\/HLBPoland","https:\/\/www.linkedin.com\/company\/hlb-poland"]}]}},"_links":{"self":[{"href":"https:\/\/hlb-poland.global\/de\/wp-json\/wp\/v2\/pages\/2003","targetHints":{"allow":["GET"]}}],"collection":[{"href":"https:\/\/hlb-poland.global\/de\/wp-json\/wp\/v2\/pages"}],"about":[{"href":"https:\/\/hlb-poland.global\/de\/wp-json\/wp\/v2\/types\/page"}],"author":[{"embeddable":true,"href":"https:\/\/hlb-poland.global\/de\/wp-json\/wp\/v2\/users\/3"}],"replies":[{"embeddable":true,"href":"https:\/\/hlb-poland.global\/de\/wp-json\/wp\/v2\/comments?post=2003"}],"version-history":[{"count":5,"href":"https:\/\/hlb-poland.global\/de\/wp-json\/wp\/v2\/pages\/2003\/revisions"}],"predecessor-version":[{"id":11053,"href":"https:\/\/hlb-poland.global\/de\/wp-json\/wp\/v2\/pages\/2003\/revisions\/11053"}],"up":[{"embeddable":true,"href":"https:\/\/hlb-poland.global\/de\/wp-json\/wp\/v2\/pages\/1997"}],"wp:attachment":[{"href":"https:\/\/hlb-poland.global\/de\/wp-json\/wp\/v2\/media?parent=2003"}],"curies":[{"name":"wp","href":"https:\/\/api.w.org\/{rel}","templated":true}]}}