
{"id":2049,"date":"2018-12-17T11:46:37","date_gmt":"2018-12-17T10:46:37","guid":{"rendered":"http:\/\/hlb-poland.global\/?page_id=2049"},"modified":"2023-07-20T09:53:21","modified_gmt":"2023-07-20T08:53:21","slug":"kurzinformationen","status":"publish","type":"page","link":"https:\/\/hlb-poland.global\/de\/kurzinformationen\/","title":{"rendered":"Fakten \u00fcber Polen auf einen Blick"},"content":{"rendered":"<h3>Bev\u00f6lkerung<\/h3>\n<p>Die Bev\u00f6lkerung Polens umfasst mindestens 38,5 Millionen Menschen. Damit ist Polen das achtgr\u00f6\u00dfte Land in Europa. Die durchschnittliche Bev\u00f6lkerungsdichte betr\u00e4gt 122 Einwohner pro Quadratkilometer. Allerdings gibt es diesbez\u00fcglich gro\u00dfe Unterschiede zwischen dem relativ dicht besiedelten S\u00fcden und dem Norden. In 892 Ortschaften und St\u00e4dten leben 23,89 Millionen Menschen (61.8%), auf dem Lande 14.76 Millionen (38.2%). Polen ist \u2013 bei ethnischer Betrachtung \u2013 ein ziemlich homogenes Land. Nationale Minderheiten repr\u00e4sentieren nicht mehr als 5% der Gesamtbev\u00f6lkerung. Die gr\u00f6\u00dften ethnischen Minderheiten sind die der Ukrainer, der Wei\u00dfrussen, der Deutschen und der Rum\u00e4nen. Zu den kleineren Minderheiten geh\u00f6ren Slowaken, Tschechen, Litauer und Juden. Au\u00dferhalb des Landes leben ungef\u00e4hr 12 Millionen Menschen polnischer Abstammung, davon haben sich 6 bis 7 Millionen in den Vereinigten Staaten niedergelassen. Die Anzahl der in Russland und in den Staaten der fr\u00fcheren Sowjetunion lebenden Polen wird auf 1 bis 2,5 Millionen gesch\u00e4tzt.<\/p>\n<hr \/>\n<h3>Wichtige St\u00e4dte und Gemeinden<\/h3>\n<p>Mehr als 40 St\u00e4dte und Gemeinden haben \u00fcber 100.000 Einwohner, davon haben f\u00fcnf sogar mehr als 500.000. Die gr\u00f6\u00dften St\u00e4dte sind Warschau (1,71 Millionen Einwohner in der Stadt und 3,5 Millionen in den Vorst\u00e4dten), Krak\u00f3w (757,000), \u0141\u00f3d\u017a (753,000), Wroc\u0142aw (632,000), Pozna\u0144 (561,000), Gda\u0144sk (456,000), Szczecin (407,000), Bydgoszcz (361,000), Lublin (352,000) und Katowice (312,000).<\/p>\n<hr \/>\n<h3>Sprache<\/h3>\n<p>Die Landessprache ist Polnisch und geh\u00f6rt der westslawischen Gruppe der indogermanischen Sprachen an. Fast 100% der Gesellschaft spricht Polnisch. Minderheitensprachen sind Deutsch, Litauisch, Wei\u00dfrussisch und Ukrainisch. Es gibt zahlreiche Dialekte mit teilweise deutschen und ukrainischen Einfl\u00fcssen. In der Regel werden sie von \u00e4lteren Leuten gesprochen. Es ist m\u00f6glich, sie geografisch zuzuordnen: Schlesisch (im S\u00fcdwesten), Masowienisch (im Nordosten), Kaschubisch (westlich von Gda\u0144sk), Hochpolnisch (in der Region von Pozna\u0144) and Niederpolnisch (im S\u00fcdosten). Die polnische Sprache wird in lateinischen Buchstaben geschrieben. Das Alphabet enth\u00e4lt mehr Buchstaben und Sonderzeichen als das deutsche.<\/p>\n<hr \/>\n<h3>Religion<\/h3>\n<p>Ungef\u00e4hr 89% der Polen sind r\u00f6misch-katholisch. Die r\u00f6misch-katholische Kirche hat mit ihren 41 Di\u00f6zesen und mehr als 8.900 Kirchengemeinden einen nicht unerheblichen Einfluss auf die Gesellschaft. 1978 wurde der polnische Kardinal Karol Wojty\u0142a zum Papst gew\u00e4hlt, er nannte sich Johannes Paul II. Au\u00dferdem gibt es in Polen circa 35 andere aktive Kirchen und Religionsgemeinschaften mit insgesamt ungef\u00e4hr 900.000 Mitgliedern. Acht dieser Kirchen geh\u00f6ren dem Polnischen \u00d6komenischen Konzil an. Zu den gr\u00f6\u00dften dieser anderen Glaubensgemeinschaften z\u00e4hlen die Orthodoxe Kirche mit etwa 506.000 Anh\u00e4ngern und die evangelisch-lutherische Kirche mit circa 150.000. Au\u00dferdem ist Polen die Heimat von ungef\u00e4hr 10.000 Juden. Unter der kommunistischen Regierung war die r\u00f6misch-katholische Kirche sehr einflussreich, sie war ein Zentrum der politischen Opposition, besonders in den 1970er und 1980er Jahren.<\/p>\n<hr \/>\n<h3>Feiertage<\/h3>\n<p>Gesetzliche Feiertage sind der 3. Mai (seit 1990, und in der Zeit davor von 1918 bis 1939), zu Ehren der 1791 erfolgten Einf\u00fchrung der ersten demokratischen Verfassung, und der 11. November zur Erinnerung an die Wiedererlangung der Unabh\u00e4ngigkeit Polens im Jahre 1918. Neujahr feiert man in Polen am 1. Januar. Ostermontag ist ein gesetzlicher Feiertag und der 1. Mai ist Tag der Arbeit. Fronleichnam f\u00e4llt auf den Donnerstag nach Trinitatis (das ist der Sonntag nach Pfingsten, 50 Tage nach Ostern), w\u00e4hrend Mari\u00e4 Himmelfahrt am 15. August begangen wird. Am 31. August feiert man den Tag der Solidarit\u00e4t und Freiheit, das ist der Gr\u00fcndungstag der Gewerkschaft Solidarit\u00e4t, die 1989 den Kommunismus zu Fall brachte. Zu Allerheiligen (1. November) werden die Heiligen der katholischen Kirche verehrt. Weihnachten ist der wichtigste Feiertag in Polen und Heiligabend der wichtigste Tag im Jahr, wenn sich die Familie zu einem festlichen Abendessen trifft. Im Laufe des Jahres gibt es auch regionale Feiertage, wie das Fest der Volkskunst in Krak\u00f3w.<\/p>\n","protected":false},"excerpt":{"rendered":"<p>Bev\u00f6lkerung Die Bev\u00f6lkerung Polens umfasst mindestens 38,5 Millionen Menschen. Damit ist Polen das achtgr\u00f6\u00dfte Land in Europa. Die durchschnittliche Bev\u00f6lkerungsdichte..<\/p>\n<div class=\"clear\"><\/div><a class=\"more-link\" href=\"https:\/\/hlb-poland.global\/de\/kurzinformationen\/\"> Mehr erfahren <\/a>","protected":false},"author":3,"featured_media":0,"parent":0,"menu_order":0,"comment_status":"closed","ping_status":"closed","template":"","meta":{"_acf_changed":false,"footnotes":""},"class_list":["post-2049","page","type-page","status-publish","hentry"],"acf":[],"yoast_head":"<!-- This site is optimized with the Yoast SEO plugin v27.2 - https:\/\/yoast.com\/product\/yoast-seo-wordpress\/ -->\n<title>Fakten \u00fcber Polen auf einen Blick | HLB Poland<\/title>\n<meta name=\"description\" content=\"Polen, offiziell Rzeczpospolita Polska ist ein demokratischer Staat in Mitteleuropa. Hauptstadt und zugleich gr\u00f6\u00dfte Stadt des Landes ist...\" \/>\n<meta name=\"robots\" content=\"index, follow, max-snippet:-1, max-image-preview:large, max-video-preview:-1\" \/>\n<link rel=\"canonical\" href=\"https:\/\/hlb-poland.global\/de\/kurzinformationen\/\" \/>\n<meta property=\"og:locale\" content=\"de_DE\" \/>\n<meta property=\"og:type\" content=\"article\" \/>\n<meta property=\"og:title\" content=\"Fakten \u00fcber Polen auf einen Blick | HLB Poland\" \/>\n<meta property=\"og:description\" content=\"Polen, offiziell Rzeczpospolita Polska ist ein demokratischer Staat in Mitteleuropa. Hauptstadt und zugleich gr\u00f6\u00dfte Stadt des Landes ist...\" \/>\n<meta property=\"og:url\" content=\"https:\/\/hlb-poland.global\/de\/kurzinformationen\/\" \/>\n<meta property=\"og:site_name\" content=\"HLB Poland\" \/>\n<meta property=\"article:publisher\" content=\"https:\/\/www.facebook.com\/HLBPoland\" \/>\n<meta property=\"article:modified_time\" content=\"2023-07-20T08:53:21+00:00\" \/>\n<meta name=\"twitter:card\" content=\"summary_large_image\" \/>\n<meta name=\"twitter:label1\" content=\"Gesch\u00e4tzte Lesezeit\" \/>\n\t<meta name=\"twitter:data1\" content=\"3\u00a0Minuten\" \/>\n<script type=\"application\/ld+json\" class=\"yoast-schema-graph\">{\"@context\":\"https:\/\/schema.org\",\"@graph\":[{\"@type\":\"WebPage\",\"@id\":\"https:\/\/hlb-poland.global\/de\/kurzinformationen\/\",\"url\":\"https:\/\/hlb-poland.global\/de\/kurzinformationen\/\",\"name\":\"Fakten \u00fcber Polen auf einen Blick | HLB Poland\",\"isPartOf\":{\"@id\":\"https:\/\/hlb-poland.global\/#website\"},\"datePublished\":\"2018-12-17T10:46:37+00:00\",\"dateModified\":\"2023-07-20T08:53:21+00:00\",\"description\":\"Polen, offiziell Rzeczpospolita Polska ist ein demokratischer Staat in Mitteleuropa. Hauptstadt und zugleich gr\u00f6\u00dfte Stadt des Landes ist...\",\"breadcrumb\":{\"@id\":\"https:\/\/hlb-poland.global\/de\/kurzinformationen\/#breadcrumb\"},\"inLanguage\":\"de\",\"potentialAction\":[{\"@type\":\"ReadAction\",\"target\":[\"https:\/\/hlb-poland.global\/de\/kurzinformationen\/\"]}]},{\"@type\":\"BreadcrumbList\",\"@id\":\"https:\/\/hlb-poland.global\/de\/kurzinformationen\/#breadcrumb\",\"itemListElement\":[{\"@type\":\"ListItem\",\"position\":1,\"name\":\"Startseite\",\"item\":\"https:\/\/hlb-poland.global\/de\/\"},{\"@type\":\"ListItem\",\"position\":2,\"name\":\"Fakten \u00fcber Polen auf einen Blick\"}]},{\"@type\":\"WebSite\",\"@id\":\"https:\/\/hlb-poland.global\/#website\",\"url\":\"https:\/\/hlb-poland.global\/\",\"name\":\"HLB Poland\",\"description\":\"Advisory and accounting\",\"publisher\":{\"@id\":\"https:\/\/hlb-poland.global\/#organization\"},\"potentialAction\":[{\"@type\":\"SearchAction\",\"target\":{\"@type\":\"EntryPoint\",\"urlTemplate\":\"https:\/\/hlb-poland.global\/?s={search_term_string}\"},\"query-input\":{\"@type\":\"PropertyValueSpecification\",\"valueRequired\":true,\"valueName\":\"search_term_string\"}}],\"inLanguage\":\"de\"},{\"@type\":\"Organization\",\"@id\":\"https:\/\/hlb-poland.global\/#organization\",\"name\":\"HLB Poland\",\"url\":\"https:\/\/hlb-poland.global\/\",\"logo\":{\"@type\":\"ImageObject\",\"inLanguage\":\"de\",\"@id\":\"https:\/\/hlb-poland.global\/#\/schema\/logo\/image\/\",\"url\":\"https:\/\/hlb-poland.global\/wp-content\/uploads\/2025\/12\/hlb-poland-og-image.png\",\"contentUrl\":\"https:\/\/hlb-poland.global\/wp-content\/uploads\/2025\/12\/hlb-poland-og-image.png\",\"width\":1200,\"height\":630,\"caption\":\"HLB Poland\"},\"image\":{\"@id\":\"https:\/\/hlb-poland.global\/#\/schema\/logo\/image\/\"},\"sameAs\":[\"https:\/\/www.facebook.com\/HLBPoland\",\"https:\/\/www.linkedin.com\/company\/hlb-poland\"]}]}<\/script>\n<!-- \/ Yoast SEO plugin. -->","yoast_head_json":{"title":"Fakten \u00fcber Polen auf einen Blick | HLB Poland","description":"Polen, offiziell Rzeczpospolita Polska ist ein demokratischer Staat in Mitteleuropa. Hauptstadt und zugleich gr\u00f6\u00dfte Stadt des Landes ist...","robots":{"index":"index","follow":"follow","max-snippet":"max-snippet:-1","max-image-preview":"max-image-preview:large","max-video-preview":"max-video-preview:-1"},"canonical":"https:\/\/hlb-poland.global\/de\/kurzinformationen\/","og_locale":"de_DE","og_type":"article","og_title":"Fakten \u00fcber Polen auf einen Blick | HLB Poland","og_description":"Polen, offiziell Rzeczpospolita Polska ist ein demokratischer Staat in Mitteleuropa. Hauptstadt und zugleich gr\u00f6\u00dfte Stadt des Landes ist...","og_url":"https:\/\/hlb-poland.global\/de\/kurzinformationen\/","og_site_name":"HLB Poland","article_publisher":"https:\/\/www.facebook.com\/HLBPoland","article_modified_time":"2023-07-20T08:53:21+00:00","twitter_card":"summary_large_image","twitter_misc":{"Gesch\u00e4tzte Lesezeit":"3\u00a0Minuten"},"schema":{"@context":"https:\/\/schema.org","@graph":[{"@type":"WebPage","@id":"https:\/\/hlb-poland.global\/de\/kurzinformationen\/","url":"https:\/\/hlb-poland.global\/de\/kurzinformationen\/","name":"Fakten \u00fcber Polen auf einen Blick | HLB Poland","isPartOf":{"@id":"https:\/\/hlb-poland.global\/#website"},"datePublished":"2018-12-17T10:46:37+00:00","dateModified":"2023-07-20T08:53:21+00:00","description":"Polen, offiziell Rzeczpospolita Polska ist ein demokratischer Staat in Mitteleuropa. Hauptstadt und zugleich gr\u00f6\u00dfte Stadt des Landes ist...","breadcrumb":{"@id":"https:\/\/hlb-poland.global\/de\/kurzinformationen\/#breadcrumb"},"inLanguage":"de","potentialAction":[{"@type":"ReadAction","target":["https:\/\/hlb-poland.global\/de\/kurzinformationen\/"]}]},{"@type":"BreadcrumbList","@id":"https:\/\/hlb-poland.global\/de\/kurzinformationen\/#breadcrumb","itemListElement":[{"@type":"ListItem","position":1,"name":"Startseite","item":"https:\/\/hlb-poland.global\/de\/"},{"@type":"ListItem","position":2,"name":"Fakten \u00fcber Polen auf einen Blick"}]},{"@type":"WebSite","@id":"https:\/\/hlb-poland.global\/#website","url":"https:\/\/hlb-poland.global\/","name":"HLB Poland","description":"Advisory and accounting","publisher":{"@id":"https:\/\/hlb-poland.global\/#organization"},"potentialAction":[{"@type":"SearchAction","target":{"@type":"EntryPoint","urlTemplate":"https:\/\/hlb-poland.global\/?s={search_term_string}"},"query-input":{"@type":"PropertyValueSpecification","valueRequired":true,"valueName":"search_term_string"}}],"inLanguage":"de"},{"@type":"Organization","@id":"https:\/\/hlb-poland.global\/#organization","name":"HLB Poland","url":"https:\/\/hlb-poland.global\/","logo":{"@type":"ImageObject","inLanguage":"de","@id":"https:\/\/hlb-poland.global\/#\/schema\/logo\/image\/","url":"https:\/\/hlb-poland.global\/wp-content\/uploads\/2025\/12\/hlb-poland-og-image.png","contentUrl":"https:\/\/hlb-poland.global\/wp-content\/uploads\/2025\/12\/hlb-poland-og-image.png","width":1200,"height":630,"caption":"HLB Poland"},"image":{"@id":"https:\/\/hlb-poland.global\/#\/schema\/logo\/image\/"},"sameAs":["https:\/\/www.facebook.com\/HLBPoland","https:\/\/www.linkedin.com\/company\/hlb-poland"]}]}},"_links":{"self":[{"href":"https:\/\/hlb-poland.global\/de\/wp-json\/wp\/v2\/pages\/2049","targetHints":{"allow":["GET"]}}],"collection":[{"href":"https:\/\/hlb-poland.global\/de\/wp-json\/wp\/v2\/pages"}],"about":[{"href":"https:\/\/hlb-poland.global\/de\/wp-json\/wp\/v2\/types\/page"}],"author":[{"embeddable":true,"href":"https:\/\/hlb-poland.global\/de\/wp-json\/wp\/v2\/users\/3"}],"replies":[{"embeddable":true,"href":"https:\/\/hlb-poland.global\/de\/wp-json\/wp\/v2\/comments?post=2049"}],"version-history":[{"count":4,"href":"https:\/\/hlb-poland.global\/de\/wp-json\/wp\/v2\/pages\/2049\/revisions"}],"predecessor-version":[{"id":13056,"href":"https:\/\/hlb-poland.global\/de\/wp-json\/wp\/v2\/pages\/2049\/revisions\/13056"}],"wp:attachment":[{"href":"https:\/\/hlb-poland.global\/de\/wp-json\/wp\/v2\/media?parent=2049"}],"curies":[{"name":"wp","href":"https:\/\/api.w.org\/{rel}","templated":true}]}}