
{"id":2345,"date":"2019-01-02T10:36:52","date_gmt":"2019-01-02T09:36:52","guid":{"rendered":"http:\/\/hlb-poland.global\/?page_id=2345"},"modified":"2022-07-05T13:50:59","modified_gmt":"2022-07-05T12:50:59","slug":"weltweites-engagement","status":"publish","type":"page","link":"https:\/\/hlb-poland.global\/de\/hlb\/weltweites-engagement\/","title":{"rendered":"Weltweites Engagement"},"content":{"rendered":"<div class=\"row\">\n<div class=\"col-12 col-md-7 col-xl-7\">\n<p>HLB-Mitgliedsfirmen setzen sich stark f\u00fcr gemeinn\u00fctzige Aktivit\u00e4ten und &#8222;gr\u00fcne&#8220; Aktionen aller Art ein, basierend auf freiwilligen Bem\u00fchungen und Spendenaktionen.<\/p>\n<ul>\n<li><strong>Wir helfen Bed\u00fcrftigen mit:<\/strong>\n<ul class=\"global-commitment-list\">\n<li>Unterst\u00fctzung bei Nahrungsmitteln, Bildung und Gesundheitsf\u00fcrsorge;<\/li>\n<li>Unterst\u00fctzung f\u00fcr die Schw\u00e4chsten in Waisenh\u00e4usern und Hospizen;<\/li>\n<li>Unterst\u00fctzung f\u00fcr Obdachlose;<\/li>\n<li>JBerufsausbildung f\u00fcr Arbeitslose.<\/li>\n<\/ul>\n<\/li>\n<\/ul>\n<ul>\n<li><strong>Wir helfen die Umwelt zu sch\u00fctzen durch:<\/strong>\n<ul class=\"global-commitment-list\">\n<li>Recycling;<\/li>\n<li>Erneuerbare Energien;<\/li>\n<li>Naturschutz.<\/li>\n<\/ul>\n<\/li>\n<\/ul>\n<ul>\n<li><strong>Wir tragen zur sozialen und wirtschaftlichen Entwicklung bei:<\/strong>\n<ul class=\"global-commitment-list\">\n<li>Bew\u00e4sserungssysteme f\u00fcr Geb\u00e4ude;<\/li>\n<li>Umsetzung von Sonnenenergie in Gebieten, in denen kein Strom mehr vorhanden ist;<\/li>\n<li>Erstellen von Bibliotheken in l\u00e4ndlichen Schulen.<\/li>\n<\/ul>\n<\/li>\n<\/ul>\n<ul>\n<li><strong>Wir unterst\u00fctzen die Gesundheitsforschung zu:<\/strong>\n<ul class=\"global-commitment-list\">\n<li>Krebs;<\/li>\n<li>Seltene oder chronische Krankheiten.<\/li>\n<\/ul>\n<\/li>\n<\/ul>\n<\/div>\n<div class=\"col-12 col-md-5 col-xl-5\"><img loading=\"lazy\" decoding=\"async\" class=\"img-fluid global-commitment-globe\" src=\"https:\/\/hlb-poland.global\/wp-content\/uploads\/2018\/10\/our-commitment-globe.jpg\" alt=\"Global Commitment\" width=\"1200\" height=\"1542\" \/><\/div>\n<\/div>\n<hr \/>\n<h3>F\u00f6rderung von Vielfalt und Inklusion<\/h3>\n<p>Damit unser Unternehmen Erfolg haben kann, brauchen wir unsere Mitarbeiter. Wir bei HLB glauben, dass die Schaffung einer vielf\u00e4ltigen und inklusiven Umgebung in allen Ebenen der Organisation die Innovation und das Engagement der Mitarbeiter f\u00f6rdert. Wir sind bestrebt, unseren Mitarbeitern die besten Chancen zu bieten und Top-Talente anzuziehen und zu binden, um unsere Kunden letztendlich besser zu bedienen. Wir setzen uns f\u00fcr Vielfalt und Inklusion ein durch:<\/p>\n<ul>\n<li>Beteiligung an Gespr\u00e4chen in Bezug auf Vielfalt und Inklusion;<\/li>\n<li>F\u00fcrsprecher f\u00fcr Flexibilit\u00e4t am Arbeitsplatz sein;<\/li>\n<li>F\u00f6rderung von Talentmobilit\u00e4tsprogrammen f\u00fcr unsere Mitglieder;<\/li>\n<li>F\u00f6rderung eines F\u00fchrungsverhaltens, das die Vielfalt und Inklusion am Arbeitsplatz f\u00f6rdert.<\/li>\n<\/ul>\n","protected":false},"excerpt":{"rendered":"<p>HLB-Mitgliedsfirmen setzen sich stark f\u00fcr gemeinn\u00fctzige Aktivit\u00e4ten und &#8222;gr\u00fcne&#8220; Aktionen aller Art ein, basierend auf freiwilligen Bem\u00fchungen und Spendenaktionen. Wir..<\/p>\n<div class=\"clear\"><\/div><a class=\"more-link\" href=\"https:\/\/hlb-poland.global\/de\/hlb\/weltweites-engagement\/\"> Mehr erfahren <\/a>","protected":false},"author":3,"featured_media":0,"parent":1936,"menu_order":0,"comment_status":"closed","ping_status":"closed","template":"","meta":{"_acf_changed":false,"footnotes":""},"class_list":["post-2345","page","type-page","status-publish","hentry"],"acf":[],"yoast_head":"<!-- This site is optimized with the Yoast SEO plugin v27.2 - https:\/\/yoast.com\/product\/yoast-seo-wordpress\/ -->\n<title>Weltweites Engagement | HLB Poland<\/title>\n<meta name=\"description\" content=\"Soziale Verantwortung des Unternehmens. Das HLB-Netzwerk besteht aus 25.000 Mitarbeitern und wir betreuen Kunden in 150 L\u00e4ndern der Welt...\" \/>\n<meta name=\"robots\" content=\"index, follow, max-snippet:-1, max-image-preview:large, max-video-preview:-1\" \/>\n<link rel=\"canonical\" href=\"https:\/\/hlb-poland.global\/de\/hlb\/weltweites-engagement\/\" \/>\n<meta property=\"og:locale\" content=\"de_DE\" \/>\n<meta property=\"og:type\" content=\"article\" \/>\n<meta property=\"og:title\" content=\"Weltweites Engagement | HLB Poland\" \/>\n<meta property=\"og:description\" content=\"Soziale Verantwortung des Unternehmens. Das HLB-Netzwerk besteht aus 25.000 Mitarbeitern und wir betreuen Kunden in 150 L\u00e4ndern der Welt...\" \/>\n<meta property=\"og:url\" content=\"https:\/\/hlb-poland.global\/de\/hlb\/weltweites-engagement\/\" \/>\n<meta property=\"og:site_name\" content=\"HLB Poland\" \/>\n<meta property=\"article:publisher\" content=\"https:\/\/www.facebook.com\/HLBPoland\" \/>\n<meta property=\"article:modified_time\" content=\"2022-07-05T12:50:59+00:00\" \/>\n<meta property=\"og:image\" content=\"https:\/\/hlb-poland.global\/wp-content\/uploads\/2018\/10\/our-commitment-globe.jpg\" \/>\n<meta name=\"twitter:card\" content=\"summary_large_image\" \/>\n<meta name=\"twitter:label1\" content=\"Gesch\u00e4tzte Lesezeit\" \/>\n\t<meta name=\"twitter:data1\" content=\"1\u00a0Minute\" \/>\n<script type=\"application\/ld+json\" class=\"yoast-schema-graph\">{\"@context\":\"https:\/\/schema.org\",\"@graph\":[{\"@type\":\"WebPage\",\"@id\":\"https:\/\/hlb-poland.global\/de\/hlb\/weltweites-engagement\/\",\"url\":\"https:\/\/hlb-poland.global\/de\/hlb\/weltweites-engagement\/\",\"name\":\"Weltweites Engagement | HLB Poland\",\"isPartOf\":{\"@id\":\"https:\/\/hlb-poland.global\/#website\"},\"primaryImageOfPage\":{\"@id\":\"https:\/\/hlb-poland.global\/de\/hlb\/weltweites-engagement\/#primaryimage\"},\"image\":{\"@id\":\"https:\/\/hlb-poland.global\/de\/hlb\/weltweites-engagement\/#primaryimage\"},\"thumbnailUrl\":\"https:\/\/hlb-poland.global\/wp-content\/uploads\/2018\/10\/our-commitment-globe.jpg\",\"datePublished\":\"2019-01-02T09:36:52+00:00\",\"dateModified\":\"2022-07-05T12:50:59+00:00\",\"description\":\"Soziale Verantwortung des Unternehmens. Das HLB-Netzwerk besteht aus 25.000 Mitarbeitern und wir betreuen Kunden in 150 L\u00e4ndern der Welt...\",\"breadcrumb\":{\"@id\":\"https:\/\/hlb-poland.global\/de\/hlb\/weltweites-engagement\/#breadcrumb\"},\"inLanguage\":\"de\",\"potentialAction\":[{\"@type\":\"ReadAction\",\"target\":[\"https:\/\/hlb-poland.global\/de\/hlb\/weltweites-engagement\/\"]}]},{\"@type\":\"ImageObject\",\"inLanguage\":\"de\",\"@id\":\"https:\/\/hlb-poland.global\/de\/hlb\/weltweites-engagement\/#primaryimage\",\"url\":\"https:\/\/hlb-poland.global\/wp-content\/uploads\/2018\/10\/our-commitment-globe.jpg\",\"contentUrl\":\"https:\/\/hlb-poland.global\/wp-content\/uploads\/2018\/10\/our-commitment-globe.jpg\"},{\"@type\":\"BreadcrumbList\",\"@id\":\"https:\/\/hlb-poland.global\/de\/hlb\/weltweites-engagement\/#breadcrumb\",\"itemListElement\":[{\"@type\":\"ListItem\",\"position\":1,\"name\":\"Startseite\",\"item\":\"https:\/\/hlb-poland.global\/de\/\"},{\"@type\":\"ListItem\",\"position\":2,\"name\":\"HLB Global &#8211; wer sind wir?\",\"item\":\"https:\/\/hlb-poland.global\/de\/hlb\/\"},{\"@type\":\"ListItem\",\"position\":3,\"name\":\"Weltweites Engagement\"}]},{\"@type\":\"WebSite\",\"@id\":\"https:\/\/hlb-poland.global\/#website\",\"url\":\"https:\/\/hlb-poland.global\/\",\"name\":\"HLB Poland\",\"description\":\"Advisory and accounting\",\"publisher\":{\"@id\":\"https:\/\/hlb-poland.global\/#organization\"},\"potentialAction\":[{\"@type\":\"SearchAction\",\"target\":{\"@type\":\"EntryPoint\",\"urlTemplate\":\"https:\/\/hlb-poland.global\/?s={search_term_string}\"},\"query-input\":{\"@type\":\"PropertyValueSpecification\",\"valueRequired\":true,\"valueName\":\"search_term_string\"}}],\"inLanguage\":\"de\"},{\"@type\":\"Organization\",\"@id\":\"https:\/\/hlb-poland.global\/#organization\",\"name\":\"HLB Poland\",\"url\":\"https:\/\/hlb-poland.global\/\",\"logo\":{\"@type\":\"ImageObject\",\"inLanguage\":\"de\",\"@id\":\"https:\/\/hlb-poland.global\/#\/schema\/logo\/image\/\",\"url\":\"https:\/\/hlb-poland.global\/wp-content\/uploads\/2025\/12\/hlb-poland-og-image.png\",\"contentUrl\":\"https:\/\/hlb-poland.global\/wp-content\/uploads\/2025\/12\/hlb-poland-og-image.png\",\"width\":1200,\"height\":630,\"caption\":\"HLB Poland\"},\"image\":{\"@id\":\"https:\/\/hlb-poland.global\/#\/schema\/logo\/image\/\"},\"sameAs\":[\"https:\/\/www.facebook.com\/HLBPoland\",\"https:\/\/www.linkedin.com\/company\/hlb-poland\"]}]}<\/script>\n<!-- \/ Yoast SEO plugin. -->","yoast_head_json":{"title":"Weltweites Engagement | HLB Poland","description":"Soziale Verantwortung des Unternehmens. Das HLB-Netzwerk besteht aus 25.000 Mitarbeitern und wir betreuen Kunden in 150 L\u00e4ndern der Welt...","robots":{"index":"index","follow":"follow","max-snippet":"max-snippet:-1","max-image-preview":"max-image-preview:large","max-video-preview":"max-video-preview:-1"},"canonical":"https:\/\/hlb-poland.global\/de\/hlb\/weltweites-engagement\/","og_locale":"de_DE","og_type":"article","og_title":"Weltweites Engagement | HLB Poland","og_description":"Soziale Verantwortung des Unternehmens. Das HLB-Netzwerk besteht aus 25.000 Mitarbeitern und wir betreuen Kunden in 150 L\u00e4ndern der Welt...","og_url":"https:\/\/hlb-poland.global\/de\/hlb\/weltweites-engagement\/","og_site_name":"HLB Poland","article_publisher":"https:\/\/www.facebook.com\/HLBPoland","article_modified_time":"2022-07-05T12:50:59+00:00","og_image":[{"url":"https:\/\/hlb-poland.global\/wp-content\/uploads\/2018\/10\/our-commitment-globe.jpg","type":"","width":"","height":""}],"twitter_card":"summary_large_image","twitter_misc":{"Gesch\u00e4tzte Lesezeit":"1\u00a0Minute"},"schema":{"@context":"https:\/\/schema.org","@graph":[{"@type":"WebPage","@id":"https:\/\/hlb-poland.global\/de\/hlb\/weltweites-engagement\/","url":"https:\/\/hlb-poland.global\/de\/hlb\/weltweites-engagement\/","name":"Weltweites Engagement | HLB Poland","isPartOf":{"@id":"https:\/\/hlb-poland.global\/#website"},"primaryImageOfPage":{"@id":"https:\/\/hlb-poland.global\/de\/hlb\/weltweites-engagement\/#primaryimage"},"image":{"@id":"https:\/\/hlb-poland.global\/de\/hlb\/weltweites-engagement\/#primaryimage"},"thumbnailUrl":"https:\/\/hlb-poland.global\/wp-content\/uploads\/2018\/10\/our-commitment-globe.jpg","datePublished":"2019-01-02T09:36:52+00:00","dateModified":"2022-07-05T12:50:59+00:00","description":"Soziale Verantwortung des Unternehmens. Das HLB-Netzwerk besteht aus 25.000 Mitarbeitern und wir betreuen Kunden in 150 L\u00e4ndern der Welt...","breadcrumb":{"@id":"https:\/\/hlb-poland.global\/de\/hlb\/weltweites-engagement\/#breadcrumb"},"inLanguage":"de","potentialAction":[{"@type":"ReadAction","target":["https:\/\/hlb-poland.global\/de\/hlb\/weltweites-engagement\/"]}]},{"@type":"ImageObject","inLanguage":"de","@id":"https:\/\/hlb-poland.global\/de\/hlb\/weltweites-engagement\/#primaryimage","url":"https:\/\/hlb-poland.global\/wp-content\/uploads\/2018\/10\/our-commitment-globe.jpg","contentUrl":"https:\/\/hlb-poland.global\/wp-content\/uploads\/2018\/10\/our-commitment-globe.jpg"},{"@type":"BreadcrumbList","@id":"https:\/\/hlb-poland.global\/de\/hlb\/weltweites-engagement\/#breadcrumb","itemListElement":[{"@type":"ListItem","position":1,"name":"Startseite","item":"https:\/\/hlb-poland.global\/de\/"},{"@type":"ListItem","position":2,"name":"HLB Global &#8211; wer sind wir?","item":"https:\/\/hlb-poland.global\/de\/hlb\/"},{"@type":"ListItem","position":3,"name":"Weltweites Engagement"}]},{"@type":"WebSite","@id":"https:\/\/hlb-poland.global\/#website","url":"https:\/\/hlb-poland.global\/","name":"HLB Poland","description":"Advisory and accounting","publisher":{"@id":"https:\/\/hlb-poland.global\/#organization"},"potentialAction":[{"@type":"SearchAction","target":{"@type":"EntryPoint","urlTemplate":"https:\/\/hlb-poland.global\/?s={search_term_string}"},"query-input":{"@type":"PropertyValueSpecification","valueRequired":true,"valueName":"search_term_string"}}],"inLanguage":"de"},{"@type":"Organization","@id":"https:\/\/hlb-poland.global\/#organization","name":"HLB Poland","url":"https:\/\/hlb-poland.global\/","logo":{"@type":"ImageObject","inLanguage":"de","@id":"https:\/\/hlb-poland.global\/#\/schema\/logo\/image\/","url":"https:\/\/hlb-poland.global\/wp-content\/uploads\/2025\/12\/hlb-poland-og-image.png","contentUrl":"https:\/\/hlb-poland.global\/wp-content\/uploads\/2025\/12\/hlb-poland-og-image.png","width":1200,"height":630,"caption":"HLB Poland"},"image":{"@id":"https:\/\/hlb-poland.global\/#\/schema\/logo\/image\/"},"sameAs":["https:\/\/www.facebook.com\/HLBPoland","https:\/\/www.linkedin.com\/company\/hlb-poland"]}]}},"_links":{"self":[{"href":"https:\/\/hlb-poland.global\/de\/wp-json\/wp\/v2\/pages\/2345","targetHints":{"allow":["GET"]}}],"collection":[{"href":"https:\/\/hlb-poland.global\/de\/wp-json\/wp\/v2\/pages"}],"about":[{"href":"https:\/\/hlb-poland.global\/de\/wp-json\/wp\/v2\/types\/page"}],"author":[{"embeddable":true,"href":"https:\/\/hlb-poland.global\/de\/wp-json\/wp\/v2\/users\/3"}],"replies":[{"embeddable":true,"href":"https:\/\/hlb-poland.global\/de\/wp-json\/wp\/v2\/comments?post=2345"}],"version-history":[{"count":5,"href":"https:\/\/hlb-poland.global\/de\/wp-json\/wp\/v2\/pages\/2345\/revisions"}],"predecessor-version":[{"id":10124,"href":"https:\/\/hlb-poland.global\/de\/wp-json\/wp\/v2\/pages\/2345\/revisions\/10124"}],"up":[{"embeddable":true,"href":"https:\/\/hlb-poland.global\/de\/wp-json\/wp\/v2\/pages\/1936"}],"wp:attachment":[{"href":"https:\/\/hlb-poland.global\/de\/wp-json\/wp\/v2\/media?parent=2345"}],"curies":[{"name":"wp","href":"https:\/\/api.w.org\/{rel}","templated":true}]}}