
{"id":2351,"date":"2019-01-02T10:38:46","date_gmt":"2019-01-02T09:38:46","guid":{"rendered":"http:\/\/hlb-poland.global\/?page_id=2351"},"modified":"2023-08-08T08:56:01","modified_gmt":"2023-08-08T07:56:01","slug":"geschaeft-in-polen","status":"publish","type":"page","link":"https:\/\/hlb-poland.global\/de\/kurzinformationen\/geschaeft-in-polen\/","title":{"rendered":"HLB Poland Gesch\u00e4ftst\u00e4tigkeit"},"content":{"rendered":"<h3>Lage<\/h3>\n<p>Die geografische Lage Polens bietet f\u00fcr unternehmerische Aktivit\u00e4ten eine ganze Reihe von Vorteilen. Das Land liegt im Herzen Europas. Es grenzt sowohl an die EU-Mitgliedsstaaten (Deutschland, Tschechische Republik, Slowakei und Litauen) als auch an die osteurop\u00e4ischen L\u00e4nder Ukraine, Wei\u00dfrussland und Russland. Das bedeutet den Zugang zu 250 Millionen Konsumenten innerhalb eines Radius\u2019 von 1.000 Kilometern. Ostwestliche und nords\u00fcdliche Transitrouten durchqueren das polnische Staatsgebiet. Der kontinuierliche Ausbau der Landstra\u00dfen und Schnellstra\u00dfen unterst\u00fctzt die Logistik. Die N\u00e4he sowohl der EU-M\u00e4rkte als auch der M\u00e4rkte Osteuropas f\u00f6rdert die Exportwirtschaft. Eine Reihe von Flugh\u00e4fen und Seeh\u00e4fen erlaubt den G\u00fctertransport in alle Welt.<\/p>\n<hr \/>\n<h3>Gut ausgebildete Arbeitnehmer<\/h3>\n<p>Das polnische Bildungssystem bringt Fachleute der unterschiedlichsten Richtungen an den Arbeitsmarkt.In Polen gibt es etwa 2 Millionen Studierende \u2013 das entspricht fast der H\u00e4lfte der Bev\u00f6lkerung im studierf\u00e4higen Alter (19 bis 24). In jedem Jahr schlie\u00dfen 400.000 Akademiker an 500 Universit\u00e4ten ihr Studium ab und deren Anzahl steigt nach wie vor.<\/p>\n<p>Gut ausgebildete polnische Hochschulabsolventen sind sehr gesuchte und gesch\u00e4tzte Arbeitnehmer, die in internationalen Unternehmen und Institutionen Besch\u00e4ftigung finden. Sie beherrschen Fremdsprachen \u2013 die meisten von ihnen haben ihren Master auf Englisch gemacht. Viele lernen auch andere Fremdsprachen \u2013 haupts\u00e4chlich Deutsch, Russisch, Franz\u00f6sisch und Spanisch.<\/p>\n<p>Immer mehr Studierende entscheiden sich f\u00fcr eine Technische Universit\u00e4t, die Ingenieure, IT-Spezialisten und Naturwissenschaftler ausbildet \u2013 deren Abg\u00e4nger sind gesucht und wertgesch\u00e4tzt, nicht nur auf dem inl\u00e4ndischen Arbeitsmarkt, sondern in ganz Europa.<\/p>\n<p>Studieren in Polen (www.poland.gov.pl)<\/p>\n<hr \/>\n<h3>Wirtschaftsentwicklung<\/h3>\n<p>Polen ist gegenw\u00e4rtig die sechstgr\u00f6\u00dfte Volkswirtschaft Europas. In den Jahren von 1996 bis 2009 ist das BSP jeweils um ungef\u00e4hr 4,5% gestiegen. Es war das einzige Land in der Europ\u00e4ischen Union, das 2010 eine positive Wachstumsrate hatte.<\/p>\n<p>Weltweit f\u00fchrende Unternehmen investieren gerne in Polen, wenn sie sich f\u00fcr Europa entscheiden. Die Anzahl neuer Investitionsprojekte steigt stetig, besonders im Bereich Automotive, F&amp;E, Elektronik und Chemie. 2009 erhielt Polen 9,95 Milliarden Euro an ausl\u00e4ndischen Direktinvestitionen (FDI), 2010 waren es sch\u00e4tzungsweise 5,34 Milliarden Euro.<\/p>\n<p>Die polnische Wirtschaft erwartet auch in Zukunft ein dynamisches Wachstum. In den Jahren 2007 bis 2013 wird Polen sch\u00e4tzungsweise 67 Milliarden Euro F\u00f6rdermittel aus dem Budget der Union erhalten. Das bedeutet, es ist das gr\u00f6\u00dfte Empf\u00e4ngerland f\u00fcr EU-F\u00f6rdermittel. Dar\u00fcber hinaus ging die Austragung der UEFA Fu\u00dfball-Europameisterschaft 2012 an Polen und die Ukraine, wodurch die Entwicklung der Infrastruktur, der Geb\u00e4ude, der Dienstleistungsbranche und des Tourismussektors einen weiteren Aufschwung erfahren hat.<\/p>\n<p>Polens Wirtschaft in Zahlen (www.investinpoland.gov.pl)<\/p>\n<hr \/>\n<h3>Absatzmarkt<\/h3>\n<p>Als sechstgr\u00f6\u00dftes Land der Europ\u00e4ischen Union \u2013 gemessen an der Bev\u00f6lkerungszahl \u2013 bildet Polen einen sehr gro\u00dfen Absatzmarkt f\u00fcr G\u00fcter und Dienstleistungen. Das Land hat 38 Millionen Einwohner, also ein Drittel der Bev\u00f6lkerung der neuen EU-Mitgliedsstaaten.<\/p>\n<hr \/>\n<h3>Outsourcing-Branche in Polen<\/h3>\n<p><img loading=\"lazy\" decoding=\"async\" class=\"alignright img-fluid katowice-agglomeration\" src=\"https:\/\/hlb-poland.global\/wp-content\/uploads\/2018\/10\/katowice-agglomeration.png\" alt=\"Katowice agglomeration\" width=\"599\" height=\"411\" \/><\/p>\n<p>Wahrscheinlich gibt es in Polen keine andere Branche wie die der Unternehmensdienstleistungen, die innerhalb von zwei Jahren um 50% gewachsen ist (in den Krisenjahren). Polen ist zum unbestrittenen Marktf\u00fchrer der Region geworden und hat die Tschechische Republik und Ungarn \u00fcberholt. Gemessen an der Besch\u00e4ftigtenzahl hat Polen jetzt ein doppelt so hohes Branchenvolumen. Die in Polen ans\u00e4ssigen Servicezentren in ausl\u00e4ndischer Hand besch\u00e4ftigen ungef\u00e4hr 70.000 Menschen (2008 waren in diesem Bereich etwa 45.000 Menschen angestellt).<\/p>\n<p>Das sind aber noch nicht alle guten Nachrichten: Die meisten der bereits bestehenden Unternehmen erwarten f\u00fcr die kommenden Jahre weiteres Wachstum und die polnische Agentur f\u00fcr Information und Auslandsinvestitionen (PAIiIZ) berichtet \u00fcber eine lange Liste von Investoren, die die Er\u00f6ffnung weiterer Service-Zentren in Polen planen. Die Anzahl der Besch\u00e4ftigten dieser Branche per Ende 2011 kann mit ziemlicher Sicherheit mit 75.500 angegeben werden. Polen ist auf dem besten Weg zu Europas Hub f\u00fcr Gesch\u00e4ftsprozesse und IT-Dienste zu werden und ebenso das Cluster der F&amp;E-Zentren.<\/p>\n<p>Das Offshoring von Dienstleistungen (als solches werden die Verlagerung und der Standortwechsel bestimmter Gesch\u00e4ftsprozesse aus dem Ausland in andere Teile der Welt bezeichnet) ist einer der Schl\u00fcsselfaktoren des Globalisierungsprozesses. Zu den wichtigsten Vorteilen, die L\u00e4nder erlangen, die im Rahmen des Offshoring Dienstleistungen erbringen, kann man z.B. steigende Exporterl\u00f6se, die Schaffung neuer Arbeitspl\u00e4tze, h\u00f6here L\u00f6hne und Geh\u00e4lter und die steigende Qualifikation der Arbeitnehmer rechnen.<\/p>\n<p>Die Unternehmen, die zu der Branche der Unternehmensdienstleistungen geh\u00f6ren (ungef\u00e4hr 300 in Polen), sind zuverl\u00e4ssige Anbieter von weltweit anerkannten Dienstleistungen f\u00fcr internationale Unternehmen. Es geht dabei nicht um \u201cRechnungsschreiber\u201d oder \u201cTelefonanrufer\u201d, wie sie von manchen Leuten genannt werden, die diese Branche noch nicht verstanden haben.<\/p>\n<p>Fast alle der recherchierten Zentren (91%) erbringen Dienstleistungen f\u00fcr westeurop\u00e4ische Mandanten. Dies betrifft selbstverst\u00e4ndlich sowohl externe als auch interne Mandanten (Muttergesellschaften). Die Analyse hat ergeben, dass die in Polen aktiven Unternehmen aus 70% der Zentren Dienstleistungen erhalten. Etwas mehr als 60% der Zentren erbringen Dienstleistungen f\u00fcr Unternehmen aus Mittel- und Osteuropa. Der Anteil der Zentren, die Unternehmen aus anderen geografischen Gebieten als Mandanten haben, ist erheblich niedriger.<\/p>\n<p>Die absolute Mehrheit der Arbeitnehmer aus der Branche f\u00fcr Unternehmensdienstleistungen in Polen (90%) hat einen Universit\u00e4tsabschluss. Im Vergleich zu anderen Zentren ist dieser Prozentsatz nur im Bereich der F&amp;E-Zentren geringf\u00fcgig h\u00f6her. Das Durchschnittsalter der Besch\u00e4ftigten betr\u00e4gt 29 Jahre und zeigt eine steigende Tendenz. Es kann prognostiziert werden, dass es bereits im n\u00e4chsten Jahr den Wert 30 erreicht. In den meisten F\u00e4llen betr\u00e4gt die durchschnittliche Berufserfahrung in den gegenw\u00e4rtigen Jobs zwischen 2 und 3 Jahren, mit einem sp\u00fcrbar ansteigenden Trend.<\/p>\n<p>Die gr\u00f6\u00dften Offshoring-Standorte Polens sind: Warschau (54 Zentren), Krakow (43), Wroclaw (38) und Lodz (31). In Warschau hat die Besch\u00e4ftigtenzahl 10.000 Personen \u00fcberschritten, einschlie\u00dflich 1.000 Arbeitnehmern in F&amp;E-Zentren. Im Vergleich zu 2008 ist dies der gr\u00f6\u00dfte Besch\u00e4ftigungszuwachs (mehr als 3.000 neue Jobs), der beobachtet werden konnte. Warschau ist spezialisiert auf: Finanzen &amp; Buchhaltung und Kundendienst (ohne IT-Support). Warschau bietet den gr\u00f6\u00dften Teil der B\u00fcrofl\u00e4chen \u2013 62% aller modernen B\u00fcrofl\u00e4chen Polens sind in Warschau zentralisiert (siehe das unten abgebildete Diagramm). Zum Ende des 1. Quartals 2011 waren weitere 533.000 m2 in ganz Polen im Bau, davon der gr\u00f6\u00dfte Teil in Warschau.<\/p>\n<p>In der CEE-Region hat Budapest die gr\u00f6\u00dfte Auswahl an Mietb\u00fcros mit jeweils mehr als 1.000 m2 Nutzfl\u00e4che f\u00fcr die n\u00e4chsten Paar Monate und wird gefolgt von weiteren CEE-Hauptst\u00e4dten: Prag, Bukarest und Warschau.<\/p>\n<p>Polen, mit 5,66 Millionen m2 moderner B\u00fcrofl\u00e4chen, ist der gr\u00f6\u00dfte Markt f\u00fcr B\u00fcrofl\u00e4chen in der Region Mittel- und Osteuropa. Andere L\u00e4nder bieten insgesamt 8,5 Millionen m2 (Tschechische Republik \u2013 3.23 Millionen m2, Ungarn \u2013 3.05 Millionen m2 und Rum\u00e4nien \u2013 2.20 Millionen m2). &gt;Warschau, Prag, Budapest und Bukarest sind die Kernm\u00e4rkte f\u00fcr B\u00fcrofl\u00e4chen der CEE-Region und haben zusammen eine B\u00fcrofl\u00e4che von 11 Millionen m2. Davon entfallen auf Warschau 31%, gefolgt von Budapest und Prag (mit 27% und 24%) sowie Bukarest mit 18%.<\/p>\n<p>Quelle: Unternehmensdienstleistungs-Sektor in Polen, ABSL (Association of Business Service Leaders in Poland)<\/p>\n","protected":false},"excerpt":{"rendered":"<p>Lage Die geografische Lage Polens bietet f\u00fcr unternehmerische Aktivit\u00e4ten eine ganze Reihe von Vorteilen. Das Land liegt im Herzen Europas&#8230;<\/p>\n<div class=\"clear\"><\/div><a class=\"more-link\" href=\"https:\/\/hlb-poland.global\/de\/kurzinformationen\/geschaeft-in-polen\/\"> Mehr erfahren <\/a>","protected":false},"author":3,"featured_media":0,"parent":2049,"menu_order":0,"comment_status":"closed","ping_status":"closed","template":"","meta":{"_acf_changed":false,"footnotes":""},"class_list":["post-2351","page","type-page","status-publish","hentry"],"acf":[],"yoast_head":"<!-- This site is optimized with the Yoast SEO plugin v27.2 - https:\/\/yoast.com\/product\/yoast-seo-wordpress\/ -->\n<title>HLB Poland Gesch\u00e4ftst\u00e4tigkeit<\/title>\n<meta name=\"description\" content=\"Warum sollte man in Polen unternehmerisch t\u00e4tig werden?Polen ist Europas sechstgr\u00f6\u00dfte Volkswirtschaft. Es war das einzige Land der...\" \/>\n<meta name=\"robots\" content=\"index, follow, max-snippet:-1, max-image-preview:large, max-video-preview:-1\" \/>\n<link rel=\"canonical\" href=\"https:\/\/hlb-poland.global\/de\/kurzinformationen\/geschaeft-in-polen\/\" \/>\n<meta property=\"og:locale\" content=\"de_DE\" \/>\n<meta property=\"og:type\" content=\"article\" \/>\n<meta property=\"og:title\" content=\"HLB Poland Gesch\u00e4ftst\u00e4tigkeit\" \/>\n<meta property=\"og:description\" content=\"Warum sollte man in Polen unternehmerisch t\u00e4tig werden?Polen ist Europas sechstgr\u00f6\u00dfte Volkswirtschaft. Es war das einzige Land der...\" \/>\n<meta property=\"og:url\" content=\"https:\/\/hlb-poland.global\/de\/kurzinformationen\/geschaeft-in-polen\/\" \/>\n<meta property=\"og:site_name\" content=\"HLB Poland\" \/>\n<meta property=\"article:publisher\" content=\"https:\/\/www.facebook.com\/HLBPoland\" \/>\n<meta property=\"article:modified_time\" content=\"2023-08-08T07:56:01+00:00\" \/>\n<meta property=\"og:image\" content=\"https:\/\/hlb-poland.global\/wp-content\/uploads\/2018\/10\/katowice-agglomeration.png\" \/>\n<meta name=\"twitter:card\" content=\"summary_large_image\" \/>\n<meta name=\"twitter:label1\" content=\"Gesch\u00e4tzte Lesezeit\" \/>\n\t<meta name=\"twitter:data1\" content=\"6\u00a0Minuten\" \/>\n<script type=\"application\/ld+json\" class=\"yoast-schema-graph\">{\"@context\":\"https:\/\/schema.org\",\"@graph\":[{\"@type\":\"WebPage\",\"@id\":\"https:\/\/hlb-poland.global\/de\/kurzinformationen\/geschaeft-in-polen\/\",\"url\":\"https:\/\/hlb-poland.global\/de\/kurzinformationen\/geschaeft-in-polen\/\",\"name\":\"HLB Poland Gesch\u00e4ftst\u00e4tigkeit\",\"isPartOf\":{\"@id\":\"https:\/\/hlb-poland.global\/#website\"},\"primaryImageOfPage\":{\"@id\":\"https:\/\/hlb-poland.global\/de\/kurzinformationen\/geschaeft-in-polen\/#primaryimage\"},\"image\":{\"@id\":\"https:\/\/hlb-poland.global\/de\/kurzinformationen\/geschaeft-in-polen\/#primaryimage\"},\"thumbnailUrl\":\"https:\/\/hlb-poland.global\/wp-content\/uploads\/2018\/10\/katowice-agglomeration.png\",\"datePublished\":\"2019-01-02T09:38:46+00:00\",\"dateModified\":\"2023-08-08T07:56:01+00:00\",\"description\":\"Warum sollte man in Polen unternehmerisch t\u00e4tig werden?Polen ist Europas sechstgr\u00f6\u00dfte Volkswirtschaft. Es war das einzige Land der...\",\"breadcrumb\":{\"@id\":\"https:\/\/hlb-poland.global\/de\/kurzinformationen\/geschaeft-in-polen\/#breadcrumb\"},\"inLanguage\":\"de\",\"potentialAction\":[{\"@type\":\"ReadAction\",\"target\":[\"https:\/\/hlb-poland.global\/de\/kurzinformationen\/geschaeft-in-polen\/\"]}]},{\"@type\":\"ImageObject\",\"inLanguage\":\"de\",\"@id\":\"https:\/\/hlb-poland.global\/de\/kurzinformationen\/geschaeft-in-polen\/#primaryimage\",\"url\":\"https:\/\/hlb-poland.global\/wp-content\/uploads\/2018\/10\/katowice-agglomeration.png\",\"contentUrl\":\"https:\/\/hlb-poland.global\/wp-content\/uploads\/2018\/10\/katowice-agglomeration.png\"},{\"@type\":\"BreadcrumbList\",\"@id\":\"https:\/\/hlb-poland.global\/de\/kurzinformationen\/geschaeft-in-polen\/#breadcrumb\",\"itemListElement\":[{\"@type\":\"ListItem\",\"position\":1,\"name\":\"Startseite\",\"item\":\"https:\/\/hlb-poland.global\/de\/\"},{\"@type\":\"ListItem\",\"position\":2,\"name\":\"Fakten \u00fcber Polen auf einen Blick\",\"item\":\"https:\/\/hlb-poland.global\/de\/kurzinformationen\/\"},{\"@type\":\"ListItem\",\"position\":3,\"name\":\"HLB Poland Gesch\u00e4ftst\u00e4tigkeit\"}]},{\"@type\":\"WebSite\",\"@id\":\"https:\/\/hlb-poland.global\/#website\",\"url\":\"https:\/\/hlb-poland.global\/\",\"name\":\"HLB Poland\",\"description\":\"Advisory and accounting\",\"publisher\":{\"@id\":\"https:\/\/hlb-poland.global\/#organization\"},\"potentialAction\":[{\"@type\":\"SearchAction\",\"target\":{\"@type\":\"EntryPoint\",\"urlTemplate\":\"https:\/\/hlb-poland.global\/?s={search_term_string}\"},\"query-input\":{\"@type\":\"PropertyValueSpecification\",\"valueRequired\":true,\"valueName\":\"search_term_string\"}}],\"inLanguage\":\"de\"},{\"@type\":\"Organization\",\"@id\":\"https:\/\/hlb-poland.global\/#organization\",\"name\":\"HLB Poland\",\"url\":\"https:\/\/hlb-poland.global\/\",\"logo\":{\"@type\":\"ImageObject\",\"inLanguage\":\"de\",\"@id\":\"https:\/\/hlb-poland.global\/#\/schema\/logo\/image\/\",\"url\":\"https:\/\/hlb-poland.global\/wp-content\/uploads\/2025\/12\/hlb-poland-og-image.png\",\"contentUrl\":\"https:\/\/hlb-poland.global\/wp-content\/uploads\/2025\/12\/hlb-poland-og-image.png\",\"width\":1200,\"height\":630,\"caption\":\"HLB Poland\"},\"image\":{\"@id\":\"https:\/\/hlb-poland.global\/#\/schema\/logo\/image\/\"},\"sameAs\":[\"https:\/\/www.facebook.com\/HLBPoland\",\"https:\/\/www.linkedin.com\/company\/hlb-poland\"]}]}<\/script>\n<!-- \/ Yoast SEO plugin. -->","yoast_head_json":{"title":"HLB Poland Gesch\u00e4ftst\u00e4tigkeit","description":"Warum sollte man in Polen unternehmerisch t\u00e4tig werden?Polen ist Europas sechstgr\u00f6\u00dfte Volkswirtschaft. Es war das einzige Land der...","robots":{"index":"index","follow":"follow","max-snippet":"max-snippet:-1","max-image-preview":"max-image-preview:large","max-video-preview":"max-video-preview:-1"},"canonical":"https:\/\/hlb-poland.global\/de\/kurzinformationen\/geschaeft-in-polen\/","og_locale":"de_DE","og_type":"article","og_title":"HLB Poland Gesch\u00e4ftst\u00e4tigkeit","og_description":"Warum sollte man in Polen unternehmerisch t\u00e4tig werden?Polen ist Europas sechstgr\u00f6\u00dfte Volkswirtschaft. Es war das einzige Land der...","og_url":"https:\/\/hlb-poland.global\/de\/kurzinformationen\/geschaeft-in-polen\/","og_site_name":"HLB Poland","article_publisher":"https:\/\/www.facebook.com\/HLBPoland","article_modified_time":"2023-08-08T07:56:01+00:00","og_image":[{"url":"https:\/\/hlb-poland.global\/wp-content\/uploads\/2018\/10\/katowice-agglomeration.png","type":"","width":"","height":""}],"twitter_card":"summary_large_image","twitter_misc":{"Gesch\u00e4tzte Lesezeit":"6\u00a0Minuten"},"schema":{"@context":"https:\/\/schema.org","@graph":[{"@type":"WebPage","@id":"https:\/\/hlb-poland.global\/de\/kurzinformationen\/geschaeft-in-polen\/","url":"https:\/\/hlb-poland.global\/de\/kurzinformationen\/geschaeft-in-polen\/","name":"HLB Poland Gesch\u00e4ftst\u00e4tigkeit","isPartOf":{"@id":"https:\/\/hlb-poland.global\/#website"},"primaryImageOfPage":{"@id":"https:\/\/hlb-poland.global\/de\/kurzinformationen\/geschaeft-in-polen\/#primaryimage"},"image":{"@id":"https:\/\/hlb-poland.global\/de\/kurzinformationen\/geschaeft-in-polen\/#primaryimage"},"thumbnailUrl":"https:\/\/hlb-poland.global\/wp-content\/uploads\/2018\/10\/katowice-agglomeration.png","datePublished":"2019-01-02T09:38:46+00:00","dateModified":"2023-08-08T07:56:01+00:00","description":"Warum sollte man in Polen unternehmerisch t\u00e4tig werden?Polen ist Europas sechstgr\u00f6\u00dfte Volkswirtschaft. Es war das einzige Land der...","breadcrumb":{"@id":"https:\/\/hlb-poland.global\/de\/kurzinformationen\/geschaeft-in-polen\/#breadcrumb"},"inLanguage":"de","potentialAction":[{"@type":"ReadAction","target":["https:\/\/hlb-poland.global\/de\/kurzinformationen\/geschaeft-in-polen\/"]}]},{"@type":"ImageObject","inLanguage":"de","@id":"https:\/\/hlb-poland.global\/de\/kurzinformationen\/geschaeft-in-polen\/#primaryimage","url":"https:\/\/hlb-poland.global\/wp-content\/uploads\/2018\/10\/katowice-agglomeration.png","contentUrl":"https:\/\/hlb-poland.global\/wp-content\/uploads\/2018\/10\/katowice-agglomeration.png"},{"@type":"BreadcrumbList","@id":"https:\/\/hlb-poland.global\/de\/kurzinformationen\/geschaeft-in-polen\/#breadcrumb","itemListElement":[{"@type":"ListItem","position":1,"name":"Startseite","item":"https:\/\/hlb-poland.global\/de\/"},{"@type":"ListItem","position":2,"name":"Fakten \u00fcber Polen auf einen Blick","item":"https:\/\/hlb-poland.global\/de\/kurzinformationen\/"},{"@type":"ListItem","position":3,"name":"HLB Poland Gesch\u00e4ftst\u00e4tigkeit"}]},{"@type":"WebSite","@id":"https:\/\/hlb-poland.global\/#website","url":"https:\/\/hlb-poland.global\/","name":"HLB Poland","description":"Advisory and accounting","publisher":{"@id":"https:\/\/hlb-poland.global\/#organization"},"potentialAction":[{"@type":"SearchAction","target":{"@type":"EntryPoint","urlTemplate":"https:\/\/hlb-poland.global\/?s={search_term_string}"},"query-input":{"@type":"PropertyValueSpecification","valueRequired":true,"valueName":"search_term_string"}}],"inLanguage":"de"},{"@type":"Organization","@id":"https:\/\/hlb-poland.global\/#organization","name":"HLB Poland","url":"https:\/\/hlb-poland.global\/","logo":{"@type":"ImageObject","inLanguage":"de","@id":"https:\/\/hlb-poland.global\/#\/schema\/logo\/image\/","url":"https:\/\/hlb-poland.global\/wp-content\/uploads\/2025\/12\/hlb-poland-og-image.png","contentUrl":"https:\/\/hlb-poland.global\/wp-content\/uploads\/2025\/12\/hlb-poland-og-image.png","width":1200,"height":630,"caption":"HLB Poland"},"image":{"@id":"https:\/\/hlb-poland.global\/#\/schema\/logo\/image\/"},"sameAs":["https:\/\/www.facebook.com\/HLBPoland","https:\/\/www.linkedin.com\/company\/hlb-poland"]}]}},"_links":{"self":[{"href":"https:\/\/hlb-poland.global\/de\/wp-json\/wp\/v2\/pages\/2351","targetHints":{"allow":["GET"]}}],"collection":[{"href":"https:\/\/hlb-poland.global\/de\/wp-json\/wp\/v2\/pages"}],"about":[{"href":"https:\/\/hlb-poland.global\/de\/wp-json\/wp\/v2\/types\/page"}],"author":[{"embeddable":true,"href":"https:\/\/hlb-poland.global\/de\/wp-json\/wp\/v2\/users\/3"}],"replies":[{"embeddable":true,"href":"https:\/\/hlb-poland.global\/de\/wp-json\/wp\/v2\/comments?post=2351"}],"version-history":[{"count":7,"href":"https:\/\/hlb-poland.global\/de\/wp-json\/wp\/v2\/pages\/2351\/revisions"}],"predecessor-version":[{"id":13243,"href":"https:\/\/hlb-poland.global\/de\/wp-json\/wp\/v2\/pages\/2351\/revisions\/13243"}],"up":[{"embeddable":true,"href":"https:\/\/hlb-poland.global\/de\/wp-json\/wp\/v2\/pages\/2049"}],"wp:attachment":[{"href":"https:\/\/hlb-poland.global\/de\/wp-json\/wp\/v2\/media?parent=2351"}],"curies":[{"name":"wp","href":"https:\/\/api.w.org\/{rel}","templated":true}]}}