
{"id":12873,"date":"2023-06-09T14:52:33","date_gmt":"2023-06-09T13:52:33","guid":{"rendered":"https:\/\/hlb-poland.global\/?page_id=12873"},"modified":"2023-06-26T13:46:54","modified_gmt":"2023-06-26T12:46:54","slug":"stazysta-stazystka-w-dziale-audytu","status":"publish","type":"page","link":"https:\/\/hlb-poland.global\/pl\/o-nas\/kariera\/stazysta-stazystka-w-dziale-audytu\/","title":{"rendered":"Sta\u017cysta\/Sta\u017cystka w Dziale Audytu"},"content":{"rendered":"<h3>Nasze wymagania:<\/h3>\n<ul>\n<li>Studenci i Absolwenci studi\u00f3w ekonomicznych I stopnia<\/li>\n<li>Wiedza z zakresu rachunkowo\u015bci i podatk\u00f3w<\/li>\n<li>Umiej\u0119tno\u015b\u0107 analitycznego my\u015blenia i sprawnej komunikacji<\/li>\n<li>Znajomo\u015b\u0107 j\u0119zyka angielskiego (znajomo\u015b\u0107 j\u0119zyka niemieckiego b\u0119dzie dodatkowym atutem)<\/li>\n<li>Dobra organizacja pracy<\/li>\n<li>Wysoki poziom kultury osobistej<\/li>\n<li>Gotowo\u015b\u0107 do wyjazd\u00f3w s\u0142u\u017cbowych i czasowego przebywania poza miejscem zamieszkania<\/li>\n<\/ul>\n<h3>Tw\u00f3j zakres obowi\u0105zk\u00f3w:<\/h3>\n<ul>\n<li>Udzia\u0142 w badaniu sprawozda\u0144 finansowych oraz w projektach doradczych<\/li>\n<li>Wsparcie bie\u017c\u0105cych prac administracyjnych i organizacyjnych<\/li>\n<\/ul>\n<h3>Oferujemy:<\/h3>\n<ul>\n<li>Mo\u017cliwo\u015b\u0107 zdobycia do\u015bwiadczenia i uprawnie\u0144 zawodowych<\/li>\n<li>Rozw\u00f3j zawodowy w firmie audytorskiej o ugruntowanej pozycji na rynku krajowym i mi\u0119dzynarodowym (HLB)<\/li>\n<li>Prac\u0119 w stabilnym zespole dysponuj\u0105cym wieloletnim do\u015bwiadczeniem<\/li>\n<li>Elastyczne formy i godziny pracy oraz przyjazn\u0105 atmosfer\u0119 pracy<\/li>\n<\/ul>\n<h3>Kontakt:<\/h3>\n<p>Aplikacje \/ CV zawieraj\u0105ce zgod\u0119 na przetwarzanie danych osobowych* kandydata w celu przeprowadzenia rekrutacji na stanowisko wskazane w ofercie sta\u017cu prosimy kierowa\u0107 na adres poczty elektronicznej: <a href=\"mailto:biuro@avanta-audit.pl\">biuro@avanta-audit.pl<\/a><\/p>\n<p>AVANTA Auditors &#038; Advisors jest cz\u0142onkiem HLB International, mi\u0119dzynarodowej sieci niezale\u017cnych firm ksi\u0119gowych i doradc\u00f3w biznesowych.<br \/>\n* Administratorem danych osobowych jest AVANTA Audit Sp. z o.o. Sp.k. z siedzib\u0105 w <a href=\"https:\/\/goo.gl\/maps\/okzHUog9T9uhAAVc7\" rel=\"noopener\" target=\"_blank\">Bielanach Wroc\u0142awskich, 55-040 Kobierzyce, ul. Szwedzka 5<\/a>.<\/p>\n","protected":false},"excerpt":{"rendered":"<p>Nasze wymagania: Studenci i Absolwenci studi\u00f3w ekonomicznych I stopnia Wiedza z zakresu rachunkowo\u015bci i podatk\u00f3w Umiej\u0119tno\u015b\u0107 analitycznego my\u015blenia i sprawnej..<\/p>\n<div class=\"clear\"><\/div><a class=\"more-link\" href=\"https:\/\/hlb-poland.global\/pl\/o-nas\/kariera\/stazysta-stazystka-w-dziale-audytu\/\"> Dowiedz si\u0119 wi\u0119cej <\/a>","protected":false},"author":3,"featured_media":0,"parent":1859,"menu_order":0,"comment_status":"closed","ping_status":"closed","template":"","meta":{"_acf_changed":false,"footnotes":""},"class_list":["post-12873","page","type-page","status-publish","hentry"],"acf":[],"yoast_head":"<!-- This site is optimized with the Yoast SEO plugin v27.2 - https:\/\/yoast.com\/product\/yoast-seo-wordpress\/ -->\n<title>Sta\u017cysta\/Sta\u017cystka w Dziale Audytu | HLB Poland<\/title>\n<meta name=\"description\" content=\"AVANTA jest nowoczesn\u0105 firm\u0105 audytorsko-doradcz\u0105. Stanowimy zesp\u00f3\u0142 ekspert\u00f3w dysponuj\u0105cych wieloletni\u0105 praktyk\u0105 i do\u015bwiadczeniem zawodowym.\" \/>\n<meta name=\"robots\" content=\"index, follow, max-snippet:-1, max-image-preview:large, max-video-preview:-1\" \/>\n<link rel=\"canonical\" href=\"https:\/\/hlb-poland.global\/pl\/o-nas\/kariera\/stazysta-stazystka-w-dziale-audytu\/\" \/>\n<meta property=\"og:locale\" content=\"pl_PL\" \/>\n<meta property=\"og:type\" content=\"article\" \/>\n<meta property=\"og:title\" content=\"Sta\u017cysta\/Sta\u017cystka w Dziale Audytu | HLB Poland\" \/>\n<meta property=\"og:description\" content=\"AVANTA jest nowoczesn\u0105 firm\u0105 audytorsko-doradcz\u0105. Stanowimy zesp\u00f3\u0142 ekspert\u00f3w dysponuj\u0105cych wieloletni\u0105 praktyk\u0105 i do\u015bwiadczeniem zawodowym.\" \/>\n<meta property=\"og:url\" content=\"https:\/\/hlb-poland.global\/pl\/o-nas\/kariera\/stazysta-stazystka-w-dziale-audytu\/\" \/>\n<meta property=\"og:site_name\" content=\"HLB Poland\" \/>\n<meta property=\"article:publisher\" content=\"https:\/\/www.facebook.com\/HLBPoland\" \/>\n<meta property=\"article:modified_time\" content=\"2023-06-26T12:46:54+00:00\" \/>\n<meta name=\"twitter:card\" content=\"summary_large_image\" \/>\n<meta name=\"twitter:label1\" content=\"Szacowany czas czytania\" \/>\n\t<meta name=\"twitter:data1\" content=\"1 minuta\" \/>\n<script type=\"application\/ld+json\" class=\"yoast-schema-graph\">{\"@context\":\"https:\/\/schema.org\",\"@graph\":[{\"@type\":\"WebPage\",\"@id\":\"https:\/\/hlb-poland.global\/pl\/o-nas\/kariera\/stazysta-stazystka-w-dziale-audytu\/\",\"url\":\"https:\/\/hlb-poland.global\/pl\/o-nas\/kariera\/stazysta-stazystka-w-dziale-audytu\/\",\"name\":\"Sta\u017cysta\/Sta\u017cystka w Dziale Audytu | HLB Poland\",\"isPartOf\":{\"@id\":\"https:\/\/hlb-poland.global\/#website\"},\"datePublished\":\"2023-06-09T13:52:33+00:00\",\"dateModified\":\"2023-06-26T12:46:54+00:00\",\"description\":\"AVANTA jest nowoczesn\u0105 firm\u0105 audytorsko-doradcz\u0105. Stanowimy zesp\u00f3\u0142 ekspert\u00f3w dysponuj\u0105cych wieloletni\u0105 praktyk\u0105 i do\u015bwiadczeniem zawodowym.\",\"breadcrumb\":{\"@id\":\"https:\/\/hlb-poland.global\/pl\/o-nas\/kariera\/stazysta-stazystka-w-dziale-audytu\/#breadcrumb\"},\"inLanguage\":\"pl-PL\",\"potentialAction\":[{\"@type\":\"ReadAction\",\"target\":[\"https:\/\/hlb-poland.global\/pl\/o-nas\/kariera\/stazysta-stazystka-w-dziale-audytu\/\"]}]},{\"@type\":\"BreadcrumbList\",\"@id\":\"https:\/\/hlb-poland.global\/pl\/o-nas\/kariera\/stazysta-stazystka-w-dziale-audytu\/#breadcrumb\",\"itemListElement\":[{\"@type\":\"ListItem\",\"position\":1,\"name\":\"Strona g\u0142\u00f3wna\",\"item\":\"https:\/\/hlb-poland.global\/pl\/\"},{\"@type\":\"ListItem\",\"position\":2,\"name\":\"Dowiedz si\u0119 wi\u0119cej o nas\",\"item\":\"https:\/\/hlb-poland.global\/pl\/o-nas\/\"},{\"@type\":\"ListItem\",\"position\":3,\"name\":\"Kariera w HLB Poland\",\"item\":\"https:\/\/hlb-poland.global\/pl\/o-nas\/kariera\/\"},{\"@type\":\"ListItem\",\"position\":4,\"name\":\"Sta\u017cysta\/Sta\u017cystka w Dziale Audytu\"}]},{\"@type\":\"WebSite\",\"@id\":\"https:\/\/hlb-poland.global\/#website\",\"url\":\"https:\/\/hlb-poland.global\/\",\"name\":\"HLB Poland\",\"description\":\"Advisory and accounting\",\"publisher\":{\"@id\":\"https:\/\/hlb-poland.global\/#organization\"},\"potentialAction\":[{\"@type\":\"SearchAction\",\"target\":{\"@type\":\"EntryPoint\",\"urlTemplate\":\"https:\/\/hlb-poland.global\/?s={search_term_string}\"},\"query-input\":{\"@type\":\"PropertyValueSpecification\",\"valueRequired\":true,\"valueName\":\"search_term_string\"}}],\"inLanguage\":\"pl-PL\"},{\"@type\":\"Organization\",\"@id\":\"https:\/\/hlb-poland.global\/#organization\",\"name\":\"HLB Poland\",\"url\":\"https:\/\/hlb-poland.global\/\",\"logo\":{\"@type\":\"ImageObject\",\"inLanguage\":\"pl-PL\",\"@id\":\"https:\/\/hlb-poland.global\/#\/schema\/logo\/image\/\",\"url\":\"https:\/\/hlb-poland.global\/wp-content\/uploads\/2025\/12\/hlb-poland-og-image.png\",\"contentUrl\":\"https:\/\/hlb-poland.global\/wp-content\/uploads\/2025\/12\/hlb-poland-og-image.png\",\"width\":1200,\"height\":630,\"caption\":\"HLB Poland\"},\"image\":{\"@id\":\"https:\/\/hlb-poland.global\/#\/schema\/logo\/image\/\"},\"sameAs\":[\"https:\/\/www.facebook.com\/HLBPoland\",\"https:\/\/www.linkedin.com\/company\/hlb-poland\"]}]}<\/script>\n<!-- \/ Yoast SEO plugin. -->","yoast_head_json":{"title":"Sta\u017cysta\/Sta\u017cystka w Dziale Audytu | HLB Poland","description":"AVANTA jest nowoczesn\u0105 firm\u0105 audytorsko-doradcz\u0105. Stanowimy zesp\u00f3\u0142 ekspert\u00f3w dysponuj\u0105cych wieloletni\u0105 praktyk\u0105 i do\u015bwiadczeniem zawodowym.","robots":{"index":"index","follow":"follow","max-snippet":"max-snippet:-1","max-image-preview":"max-image-preview:large","max-video-preview":"max-video-preview:-1"},"canonical":"https:\/\/hlb-poland.global\/pl\/o-nas\/kariera\/stazysta-stazystka-w-dziale-audytu\/","og_locale":"pl_PL","og_type":"article","og_title":"Sta\u017cysta\/Sta\u017cystka w Dziale Audytu | HLB Poland","og_description":"AVANTA jest nowoczesn\u0105 firm\u0105 audytorsko-doradcz\u0105. Stanowimy zesp\u00f3\u0142 ekspert\u00f3w dysponuj\u0105cych wieloletni\u0105 praktyk\u0105 i do\u015bwiadczeniem zawodowym.","og_url":"https:\/\/hlb-poland.global\/pl\/o-nas\/kariera\/stazysta-stazystka-w-dziale-audytu\/","og_site_name":"HLB Poland","article_publisher":"https:\/\/www.facebook.com\/HLBPoland","article_modified_time":"2023-06-26T12:46:54+00:00","twitter_card":"summary_large_image","twitter_misc":{"Szacowany czas czytania":"1 minuta"},"schema":{"@context":"https:\/\/schema.org","@graph":[{"@type":"WebPage","@id":"https:\/\/hlb-poland.global\/pl\/o-nas\/kariera\/stazysta-stazystka-w-dziale-audytu\/","url":"https:\/\/hlb-poland.global\/pl\/o-nas\/kariera\/stazysta-stazystka-w-dziale-audytu\/","name":"Sta\u017cysta\/Sta\u017cystka w Dziale Audytu | HLB Poland","isPartOf":{"@id":"https:\/\/hlb-poland.global\/#website"},"datePublished":"2023-06-09T13:52:33+00:00","dateModified":"2023-06-26T12:46:54+00:00","description":"AVANTA jest nowoczesn\u0105 firm\u0105 audytorsko-doradcz\u0105. Stanowimy zesp\u00f3\u0142 ekspert\u00f3w dysponuj\u0105cych wieloletni\u0105 praktyk\u0105 i do\u015bwiadczeniem zawodowym.","breadcrumb":{"@id":"https:\/\/hlb-poland.global\/pl\/o-nas\/kariera\/stazysta-stazystka-w-dziale-audytu\/#breadcrumb"},"inLanguage":"pl-PL","potentialAction":[{"@type":"ReadAction","target":["https:\/\/hlb-poland.global\/pl\/o-nas\/kariera\/stazysta-stazystka-w-dziale-audytu\/"]}]},{"@type":"BreadcrumbList","@id":"https:\/\/hlb-poland.global\/pl\/o-nas\/kariera\/stazysta-stazystka-w-dziale-audytu\/#breadcrumb","itemListElement":[{"@type":"ListItem","position":1,"name":"Strona g\u0142\u00f3wna","item":"https:\/\/hlb-poland.global\/pl\/"},{"@type":"ListItem","position":2,"name":"Dowiedz si\u0119 wi\u0119cej o nas","item":"https:\/\/hlb-poland.global\/pl\/o-nas\/"},{"@type":"ListItem","position":3,"name":"Kariera w HLB Poland","item":"https:\/\/hlb-poland.global\/pl\/o-nas\/kariera\/"},{"@type":"ListItem","position":4,"name":"Sta\u017cysta\/Sta\u017cystka w Dziale Audytu"}]},{"@type":"WebSite","@id":"https:\/\/hlb-poland.global\/#website","url":"https:\/\/hlb-poland.global\/","name":"HLB Poland","description":"Advisory and accounting","publisher":{"@id":"https:\/\/hlb-poland.global\/#organization"},"potentialAction":[{"@type":"SearchAction","target":{"@type":"EntryPoint","urlTemplate":"https:\/\/hlb-poland.global\/?s={search_term_string}"},"query-input":{"@type":"PropertyValueSpecification","valueRequired":true,"valueName":"search_term_string"}}],"inLanguage":"pl-PL"},{"@type":"Organization","@id":"https:\/\/hlb-poland.global\/#organization","name":"HLB Poland","url":"https:\/\/hlb-poland.global\/","logo":{"@type":"ImageObject","inLanguage":"pl-PL","@id":"https:\/\/hlb-poland.global\/#\/schema\/logo\/image\/","url":"https:\/\/hlb-poland.global\/wp-content\/uploads\/2025\/12\/hlb-poland-og-image.png","contentUrl":"https:\/\/hlb-poland.global\/wp-content\/uploads\/2025\/12\/hlb-poland-og-image.png","width":1200,"height":630,"caption":"HLB Poland"},"image":{"@id":"https:\/\/hlb-poland.global\/#\/schema\/logo\/image\/"},"sameAs":["https:\/\/www.facebook.com\/HLBPoland","https:\/\/www.linkedin.com\/company\/hlb-poland"]}]}},"_links":{"self":[{"href":"https:\/\/hlb-poland.global\/pl\/wp-json\/wp\/v2\/pages\/12873","targetHints":{"allow":["GET"]}}],"collection":[{"href":"https:\/\/hlb-poland.global\/pl\/wp-json\/wp\/v2\/pages"}],"about":[{"href":"https:\/\/hlb-poland.global\/pl\/wp-json\/wp\/v2\/types\/page"}],"author":[{"embeddable":true,"href":"https:\/\/hlb-poland.global\/pl\/wp-json\/wp\/v2\/users\/3"}],"replies":[{"embeddable":true,"href":"https:\/\/hlb-poland.global\/pl\/wp-json\/wp\/v2\/comments?post=12873"}],"version-history":[{"count":5,"href":"https:\/\/hlb-poland.global\/pl\/wp-json\/wp\/v2\/pages\/12873\/revisions"}],"predecessor-version":[{"id":12893,"href":"https:\/\/hlb-poland.global\/pl\/wp-json\/wp\/v2\/pages\/12873\/revisions\/12893"}],"up":[{"embeddable":true,"href":"https:\/\/hlb-poland.global\/pl\/wp-json\/wp\/v2\/pages\/1859"}],"wp:attachment":[{"href":"https:\/\/hlb-poland.global\/pl\/wp-json\/wp\/v2\/media?parent=12873"}],"curies":[{"name":"wp","href":"https:\/\/api.w.org\/{rel}","templated":true}]}}