
{"id":16,"date":"2018-08-17T13:32:12","date_gmt":"2018-08-17T12:32:12","guid":{"rendered":"http:\/\/localhost\/hlb-poland\/?page_id=16"},"modified":"2022-08-25T12:21:38","modified_gmt":"2022-08-25T11:21:38","slug":"strona-glowna","status":"publish","type":"page","link":"https:\/\/hlb-poland.global\/pl\/","title":{"rendered":"Strona g\u0142\u00f3wna"},"content":{"rendered":"","protected":false},"excerpt":{"rendered":"<div class=\"clear\"><\/div><a class=\"more-link\" href=\"https:\/\/hlb-poland.global\/pl\/\"> Dowiedz si\u0119 wi\u0119cej <\/a>","protected":false},"author":3,"featured_media":0,"parent":0,"menu_order":0,"comment_status":"closed","ping_status":"closed","template":"front-page.php","meta":{"_acf_changed":false,"footnotes":""},"class_list":["post-16","page","type-page","status-publish","hentry"],"acf":[],"yoast_head":"<!-- This site is optimized with the Yoast SEO plugin v27.2 - https:\/\/yoast.com\/product\/yoast-seo-wordpress\/ -->\n<title>HLB Poland: Doradztwo i ksi\u0119gowo\u015b\u0107<\/title>\n<meta name=\"description\" content=\"Zapraszamy na nasz\u0105 stron\u0119 internetow\u0105 po\u015bwi\u0119con\u0105 dostarczaniu najwy\u017cszej jako\u015bci us\u0142ug doradczych klientom, kt\u00f3rzy chcieliby prowadzi\u0107...\" \/>\n<meta name=\"robots\" content=\"index, follow, max-snippet:-1, max-image-preview:large, max-video-preview:-1\" \/>\n<link rel=\"canonical\" href=\"https:\/\/hlb-poland.global\/pl\/\" \/>\n<meta property=\"og:locale\" content=\"pl_PL\" \/>\n<meta property=\"og:type\" content=\"article\" \/>\n<meta property=\"og:title\" content=\"HLB Poland: Doradztwo i ksi\u0119gowo\u015b\u0107\" \/>\n<meta property=\"og:description\" content=\"Zapraszamy na nasz\u0105 stron\u0119 internetow\u0105 po\u015bwi\u0119con\u0105 dostarczaniu najwy\u017cszej jako\u015bci us\u0142ug doradczych klientom, kt\u00f3rzy chcieliby prowadzi\u0107...\" \/>\n<meta property=\"og:url\" content=\"https:\/\/hlb-poland.global\/pl\/\" \/>\n<meta property=\"og:site_name\" content=\"HLB Poland\" \/>\n<meta property=\"article:publisher\" content=\"https:\/\/www.facebook.com\/HLBPoland\" \/>\n<meta property=\"article:modified_time\" content=\"2022-08-25T11:21:38+00:00\" \/>\n<meta name=\"twitter:card\" content=\"summary_large_image\" \/>\n<script type=\"application\/ld+json\" class=\"yoast-schema-graph\">{\"@context\":\"https:\/\/schema.org\",\"@graph\":[{\"@type\":\"WebPage\",\"@id\":\"https:\/\/hlb-poland.global\/pl\/\",\"url\":\"https:\/\/hlb-poland.global\/pl\/\",\"name\":\"HLB Poland: Doradztwo i ksi\u0119gowo\u015b\u0107\",\"isPartOf\":{\"@id\":\"https:\/\/hlb-poland.global\/#website\"},\"datePublished\":\"2018-08-17T12:32:12+00:00\",\"dateModified\":\"2022-08-25T11:21:38+00:00\",\"description\":\"Zapraszamy na nasz\u0105 stron\u0119 internetow\u0105 po\u015bwi\u0119con\u0105 dostarczaniu najwy\u017cszej jako\u015bci us\u0142ug doradczych klientom, kt\u00f3rzy chcieliby prowadzi\u0107...\",\"breadcrumb\":{\"@id\":\"https:\/\/hlb-poland.global\/pl\/#breadcrumb\"},\"inLanguage\":\"pl-PL\",\"potentialAction\":[{\"@type\":\"ReadAction\",\"target\":[\"https:\/\/hlb-poland.global\/pl\/\"]}]},{\"@type\":\"BreadcrumbList\",\"@id\":\"https:\/\/hlb-poland.global\/pl\/#breadcrumb\",\"itemListElement\":[{\"@type\":\"ListItem\",\"position\":1,\"name\":\"Strona g\u0142\u00f3wna\",\"item\":\"https:\/\/hlb-poland.global\/pl\/\"},{\"@type\":\"ListItem\",\"position\":2,\"name\":\"Strona g\u0142\u00f3wna\"}]},{\"@type\":\"WebSite\",\"@id\":\"https:\/\/hlb-poland.global\/#website\",\"url\":\"https:\/\/hlb-poland.global\/\",\"name\":\"HLB Poland\",\"description\":\"Advisory and accounting\",\"publisher\":{\"@id\":\"https:\/\/hlb-poland.global\/#organization\"},\"potentialAction\":[{\"@type\":\"SearchAction\",\"target\":{\"@type\":\"EntryPoint\",\"urlTemplate\":\"https:\/\/hlb-poland.global\/?s={search_term_string}\"},\"query-input\":{\"@type\":\"PropertyValueSpecification\",\"valueRequired\":true,\"valueName\":\"search_term_string\"}}],\"inLanguage\":\"pl-PL\"},{\"@type\":\"Organization\",\"@id\":\"https:\/\/hlb-poland.global\/#organization\",\"name\":\"HLB Poland\",\"url\":\"https:\/\/hlb-poland.global\/\",\"logo\":{\"@type\":\"ImageObject\",\"inLanguage\":\"pl-PL\",\"@id\":\"https:\/\/hlb-poland.global\/#\/schema\/logo\/image\/\",\"url\":\"https:\/\/hlb-poland.global\/wp-content\/uploads\/2025\/12\/hlb-poland-og-image.png\",\"contentUrl\":\"https:\/\/hlb-poland.global\/wp-content\/uploads\/2025\/12\/hlb-poland-og-image.png\",\"width\":1200,\"height\":630,\"caption\":\"HLB Poland\"},\"image\":{\"@id\":\"https:\/\/hlb-poland.global\/#\/schema\/logo\/image\/\"},\"sameAs\":[\"https:\/\/www.facebook.com\/HLBPoland\",\"https:\/\/www.linkedin.com\/company\/hlb-poland\"]}]}<\/script>\n<!-- \/ Yoast SEO plugin. -->","yoast_head_json":{"title":"HLB Poland: Doradztwo i ksi\u0119gowo\u015b\u0107","description":"Zapraszamy na nasz\u0105 stron\u0119 internetow\u0105 po\u015bwi\u0119con\u0105 dostarczaniu najwy\u017cszej jako\u015bci us\u0142ug doradczych klientom, kt\u00f3rzy chcieliby prowadzi\u0107...","robots":{"index":"index","follow":"follow","max-snippet":"max-snippet:-1","max-image-preview":"max-image-preview:large","max-video-preview":"max-video-preview:-1"},"canonical":"https:\/\/hlb-poland.global\/pl\/","og_locale":"pl_PL","og_type":"article","og_title":"HLB Poland: Doradztwo i ksi\u0119gowo\u015b\u0107","og_description":"Zapraszamy na nasz\u0105 stron\u0119 internetow\u0105 po\u015bwi\u0119con\u0105 dostarczaniu najwy\u017cszej jako\u015bci us\u0142ug doradczych klientom, kt\u00f3rzy chcieliby prowadzi\u0107...","og_url":"https:\/\/hlb-poland.global\/pl\/","og_site_name":"HLB Poland","article_publisher":"https:\/\/www.facebook.com\/HLBPoland","article_modified_time":"2022-08-25T11:21:38+00:00","twitter_card":"summary_large_image","schema":{"@context":"https:\/\/schema.org","@graph":[{"@type":"WebPage","@id":"https:\/\/hlb-poland.global\/pl\/","url":"https:\/\/hlb-poland.global\/pl\/","name":"HLB Poland: Doradztwo i ksi\u0119gowo\u015b\u0107","isPartOf":{"@id":"https:\/\/hlb-poland.global\/#website"},"datePublished":"2018-08-17T12:32:12+00:00","dateModified":"2022-08-25T11:21:38+00:00","description":"Zapraszamy na nasz\u0105 stron\u0119 internetow\u0105 po\u015bwi\u0119con\u0105 dostarczaniu najwy\u017cszej jako\u015bci us\u0142ug doradczych klientom, kt\u00f3rzy chcieliby prowadzi\u0107...","breadcrumb":{"@id":"https:\/\/hlb-poland.global\/pl\/#breadcrumb"},"inLanguage":"pl-PL","potentialAction":[{"@type":"ReadAction","target":["https:\/\/hlb-poland.global\/pl\/"]}]},{"@type":"BreadcrumbList","@id":"https:\/\/hlb-poland.global\/pl\/#breadcrumb","itemListElement":[{"@type":"ListItem","position":1,"name":"Strona g\u0142\u00f3wna","item":"https:\/\/hlb-poland.global\/pl\/"},{"@type":"ListItem","position":2,"name":"Strona g\u0142\u00f3wna"}]},{"@type":"WebSite","@id":"https:\/\/hlb-poland.global\/#website","url":"https:\/\/hlb-poland.global\/","name":"HLB Poland","description":"Advisory and accounting","publisher":{"@id":"https:\/\/hlb-poland.global\/#organization"},"potentialAction":[{"@type":"SearchAction","target":{"@type":"EntryPoint","urlTemplate":"https:\/\/hlb-poland.global\/?s={search_term_string}"},"query-input":{"@type":"PropertyValueSpecification","valueRequired":true,"valueName":"search_term_string"}}],"inLanguage":"pl-PL"},{"@type":"Organization","@id":"https:\/\/hlb-poland.global\/#organization","name":"HLB Poland","url":"https:\/\/hlb-poland.global\/","logo":{"@type":"ImageObject","inLanguage":"pl-PL","@id":"https:\/\/hlb-poland.global\/#\/schema\/logo\/image\/","url":"https:\/\/hlb-poland.global\/wp-content\/uploads\/2025\/12\/hlb-poland-og-image.png","contentUrl":"https:\/\/hlb-poland.global\/wp-content\/uploads\/2025\/12\/hlb-poland-og-image.png","width":1200,"height":630,"caption":"HLB Poland"},"image":{"@id":"https:\/\/hlb-poland.global\/#\/schema\/logo\/image\/"},"sameAs":["https:\/\/www.facebook.com\/HLBPoland","https:\/\/www.linkedin.com\/company\/hlb-poland"]}]}},"_links":{"self":[{"href":"https:\/\/hlb-poland.global\/pl\/wp-json\/wp\/v2\/pages\/16","targetHints":{"allow":["GET"]}}],"collection":[{"href":"https:\/\/hlb-poland.global\/pl\/wp-json\/wp\/v2\/pages"}],"about":[{"href":"https:\/\/hlb-poland.global\/pl\/wp-json\/wp\/v2\/types\/page"}],"author":[{"embeddable":true,"href":"https:\/\/hlb-poland.global\/pl\/wp-json\/wp\/v2\/users\/3"}],"replies":[{"embeddable":true,"href":"https:\/\/hlb-poland.global\/pl\/wp-json\/wp\/v2\/comments?post=16"}],"version-history":[{"count":13,"href":"https:\/\/hlb-poland.global\/pl\/wp-json\/wp\/v2\/pages\/16\/revisions"}],"predecessor-version":[{"id":2024,"href":"https:\/\/hlb-poland.global\/pl\/wp-json\/wp\/v2\/pages\/16\/revisions\/2024"}],"wp:attachment":[{"href":"https:\/\/hlb-poland.global\/pl\/wp-json\/wp\/v2\/media?parent=16"}],"curies":[{"name":"wp","href":"https:\/\/api.w.org\/{rel}","templated":true}]}}