
{"id":16039,"date":"2024-12-20T10:52:27","date_gmt":"2024-12-20T09:52:27","guid":{"rendered":"https:\/\/hlb-poland.global\/?page_id=16039"},"modified":"2025-02-03T12:45:05","modified_gmt":"2025-02-03T11:45:05","slug":"technologie","status":"publish","type":"page","link":"https:\/\/hlb-poland.global\/pl\/uslugi\/technologie\/","title":{"rendered":"Us\u0142ugi Business Intelligence (BI)"},"content":{"rendered":"<h3>Kluczowe obszary wsparcia<\/h3>\n<ul>\n<li><span class=\"bold\">Centralizacja danych:<\/span> Integrujemy dane z r\u00f3\u017cnych \u017ar\u00f3de\u0142 w jednym, sp\u00f3jnym systemie, zapewniaj\u0105c \u0142atwy dost\u0119p do informacji w czasie rzeczywistym.<\/li>\n<li><span class=\"bold\">Zaawansowane raportowanie:<\/span> Tworzymy szczeg\u00f3\u0142owe raporty operacyjne, finansowe i zarz\u0105dcze, kt\u00f3re wspieraj\u0105 podejmowanie strategicznych decyzji.<\/li>\n<li><span class=\"bold\">Personalizowane dashboardy:<\/span> Oferujemy interaktywne panele analityczne dopasowane do specyficznych potrzeb Twojej firmy, umo\u017cliwiaj\u0105ce bie\u017c\u0105ce monitorowanie wynik\u00f3w.<\/li>\n<li><span class=\"bold\">Automatyzacja proces\u00f3w:<\/span> Wdra\u017camy zautomatyzowane procesy raportowania i analizy, co pozwala oszcz\u0119dzi\u0107 czas i zmniejszy\u0107 ryzyko b\u0142\u0119d\u00f3w.<\/li>\n<li><span class=\"bold\">Bezpiecze\u0144stwo danych:<\/span> Gwarantujemy wysoki poziom ochrony danych, zgodnie z najnowszymi standardami bezpiecze\u0144stwa.<\/li>\n<\/ul>\n<hr \/>\n<h3 id=\"raporty-finansowe\">Oferujemy Pa\u0144stwu nast\u0119puj\u0105ce raporty:<\/h3>\n<div class=\"content-wrapper raporty-container\">\n<div class=\"image-container\" style=\"flex: 0 0 40%;\">\n        <img decoding=\"async\" src=\"https:\/\/hlb-poland.global\/wp-content\/uploads\/2025\/01\/grafiki-57-300x225.png\" alt=\"Raporty finansowe\">\n    <\/div>\n<div class=\"text-container\">\n        <span style=\"font-weight: bold; color: #74a1af\">Raporty finansowe<\/span><\/p>\n<p>Nasze raporty i analizy finansowe pozwalaj\u0105 na skuteczne monitorowanie kondycji finansowej przedsi\u0119biorstwa oraz wspieraj\u0105 proces podejmowania decyzji strategicznych. Dostarczamy precyzyjne informacje dotycz\u0105ce przychod\u00f3w, koszt\u00f3w i&nbsp;zysk\u00f3w, umo\u017cliwiaj\u0105c szczeg\u00f3\u0142ow\u0105 ocen\u0119 wynik\u00f3w finansowych, prognozowanie przysz\u0142ych trend\u00f3w, a tak\u017ce sprawne planowanie bud\u017cetu i alokacj\u0119 zasob\u00f3w.<\/p>\n<\/p><\/div>\n<\/div>\n<div class=\"row\">\n<div class=\"col-12 col-sm-9 col-md-6 col-lg-6\">\n        <span style=\"font-weight: bold;\">Raporty finansowe standardowe:<\/span><\/p>\n<ul>\n<li>Rachunek zysk\u00f3w i strat (MTD, YTD)<\/li>\n<li>Bilans<\/li>\n<li>Otwarte pozycje na nale\u017cno\u015bciach<\/li>\n<li>Otwarte pozycje na zobowi\u0105zaniach<\/li>\n<\/ul><\/div>\n<div class=\"col-12 col-sm-9 col-md-6 col-lg-6\">\n        <span style=\"font-weight: bold;\">Raporty finansowe rozszerzone:<\/span><\/p>\n<ul>\n<li>Zapisy kont ksi\u0119gi g\u0142\u00f3wnej<\/li>\n<li>Szczeg\u00f3\u0142owy bilans pr\u00f3bny<\/li>\n<li>Zestawienie obrot\u00f3w i sald<\/li>\n<li>Customizowane raporty z danych ksi\u0119gowych<\/li>\n<\/ul><\/div>\n<\/div>\n<hr \/>\n\t<section class=\"reports-gallery\" style=\"display: flex;\">\n\t\t<div class=\"center\" style=\"flex-direction: column;\">\n\t\t\t<h3>JAK WYGL\u0104DAJ\u0104 RAPORTY BI?<\/h3>\n\t\t<\/div>\n\t\t<div class=\"carousel-wrapper\">\n\t\t\t<div class=\"carousel-container container\">\n\t\t\t\t<div class=\"carousel-track\">\n\t\t\t\t\t<div class=\"carousel-slide\"><a\n\t\t\t\t\t\t\thref=\"https:\/\/getsix.app.powerbiportal.com\/reports\/N9999%20Contoso%20Demo%20%7C%202%20Standard%20Reports\/34539?accesscode=6X6IA4RNXKQ5\"\n\t\t\t\t\t\t\ttarget=\"_blank\" rel=\"noopener noreferrer\"><img style=\"width: 400px;\"\n\t\t\t\t\t\t\t\tsrc=\"https:\/\/getsix.eu\/wp-content\/themes\/getsix\/subpages\/images\/bi-reports-gallery-1.png\"\n\t\t\t\t\t\t\t\talt=\"Report 1\"><\/a><\/div>\n\t\t\t\t\t<div class=\"carousel-slide\"><a\n\t\t\t\t\t\t\thref=\"https:\/\/getsix.app.powerbiportal.com\/reports\/N9999%20Contoso%20Demo%20%7C%203%20Premium%20Reports\/34134?accesscode=6X6IA4RNXKQ5\"\n\t\t\t\t\t\t\ttarget=\"_blank\" rel=\"noopener noreferrer\"><img style=\"width: 400px;\"\n\t\t\t\t\t\t\t\tsrc=\"https:\/\/getsix.eu\/wp-content\/themes\/getsix\/subpages\/images\/bi-reports-gallery-2.png\"\n\t\t\t\t\t\t\t\talt=\"Report 2\"><\/a><\/div>\n\t\t\t\t\t<div class=\"carousel-slide\"><a\n\t\t\t\t\t\t\thref=\"https:\/\/getsix.app.powerbiportal.com\/reports\/N9999%20Contoso%20Demo%20%7C%201%20Free%20Reports\/34108?accesscode=6X6IA4RNXKQ5\"\n\t\t\t\t\t\t\ttarget=\"_blank\" rel=\"noopener noreferrer\"><img style=\"width: 400px;\"\n\t\t\t\t\t\t\t\tsrc=\"https:\/\/getsix.eu\/wp-content\/themes\/getsix\/subpages\/images\/bi-reports-gallery-3.png\"\n\t\t\t\t\t\t\t\talt=\"Report 3\"><\/a><\/div>\n\t\t\t\t\t<div class=\"carousel-slide\"><a\n\t\t\t\t\t\t\thref=\"https:\/\/getsix.app.powerbiportal.com\/reports\/N9999%20Contoso%20Demo%20%7C%203%20Premium%20Reports\/34562?accesscode=6X6IA4RNXKQ5\"\n\t\t\t\t\t\t\ttarget=\"_blank\" rel=\"noopener noreferrer\"><img style=\"width: 400px;\"\n\t\t\t\t\t\t\t\tsrc=\"https:\/\/getsix.eu\/wp-content\/themes\/getsix\/subpages\/images\/bi-reports-gallery-4.png\"\n\t\t\t\t\t\t\t\talt=\"Report 4\"><\/a><\/div>\n\t\t\t\t\t<div class=\"carousel-slide\"><a\n\t\t\t\t\t\t\thref=\"https:\/\/getsix.app.powerbiportal.com\/reports\/N9999%20Contoso%20Demo%20%7C%202%20Standard%20Reports\/34539?accesscode=6X6IA4RNXKQ5\"\n\t\t\t\t\t\t\ttarget=\"_blank\" rel=\"noopener noreferrer\"><img style=\"width: 400px;\"\n\t\t\t\t\t\t\t\tsrc=\"https:\/\/getsix.eu\/wp-content\/themes\/getsix\/subpages\/images\/bi-reports-gallery-1.png\"\n\t\t\t\t\t\t\t\talt=\"Report 1\"><\/a><\/div>\n\t\t\t\t\t<div class=\"carousel-slide\"><a\n\t\t\t\t\t\t\thref=\"https:\/\/getsix.app.powerbiportal.com\/reports\/N9999%20Contoso%20Demo%20%7C%203%20Premium%20Reports\/34134?accesscode=6X6IA4RNXKQ5\"\n\t\t\t\t\t\t\ttarget=\"_blank\" rel=\"noopener noreferrer\"><img style=\"width: 400px;\"\n\t\t\t\t\t\t\t\tsrc=\"https:\/\/getsix.eu\/wp-content\/themes\/getsix\/subpages\/images\/bi-reports-gallery-2.png\"\n\t\t\t\t\t\t\t\talt=\"Report 2\"><\/a><\/div>\n\t\t\t\t<\/div>\n\n\t\t\t<\/div>\n\t\t\t<button class=\"carousel-button carousel-button-left\"><\/button>\n\t\t\t<button class=\"carousel-button carousel-button-right\"><\/button>\n\t\t<\/div>\n\t\t<p style=\"text-align: center; margin-top: 50px;\"><a target=\"_blank\"\n\t\t\t\thref=\"https:\/\/getsix.app.powerbiportal.com\/?accesscode=6X6IA4RNXKQ5\" class=\"button\">DOST\u0118P TESTOWY<\/a><\/p>\n\n\t<\/section>\n\n\t<style>\n\t\t\/* flex *\/\n\t\t.center {\n\t\t\tdisplay: flex;\n\t\t\tjustify-content: center;\n\t\t\talign-items: center;\n\t\t}\n\n\t\t\/* section reports-gallery *\/\n\t\t.reports-gallery {\n\t\t\tdisplay: flex;\n\t\t\tflex-direction: column;\n\t\t\tjustify-content: center;\n\t\t\tposition: relative;\n\t\t}\n\n\t\t.carousel-wrapper {\n\t\t\tposition: relative;\n\t\t}\n\n\t\t.carousel-container {\n\t\t\tmargin-top: 30px;\n\t\t\twidth: 100%;\n\t\t\toverflow: hidden;\n\t\t\tposition: relative;\n\t\t}\n\n\t\t.carousel-track {\n\t\t\tdisplay: flex;\n\t\t\ttransition: transform 0.5s ease-in-out;\n\t\t}\n\n\t\t.carousel-slide {\n\t\t\tflex: 0 0 calc(33.333% - 40px);\n\t\t\tmargin: 0 20px;\n\t\t\tbox-sizing: border-box;\n\t\t\tpadding: 20px 30px;\n\t\t\tdisplay: flex;\n\t\t\tflex-direction: column;\n\t\t\talign-items: center;\n\t\t\tjustify-content: center;\n\t\t}\n\n\n\t\t.carousel-slide img {\n\t\t\twidth: 100% !important;\n\t\t\theight: auto;\n\t\t\tbox-shadow: 0 0 8px rgba(0, 0, 0, 0.2);\n\t\t}\n\n\t\t.carousel-slide h4 {\n\t\t\tcolor: #fff;\n\t\t\tmargin-top: 20px;\n\t\t}\n\n\t\t.carousel-button {\n\t\t\tposition: absolute;\n\t\t\tz-index: 10;\n\t\t\ttop: 60%;\n\t\t\ttransform: translateY(-50%);\n\t\t\tbackground: rgba(0, 0, 0, 0.5);\n\t\t\twidth: 50px;\n\t\t\theight: 50px;\n\t\t\tborder-radius: 50%;\n\t\t\tborder: 2px solid #005a77;\n\t\t\tbackground-color: transparent;\n\t\t\tcolor: #005a77;\n\t\t\tfont-size: 24px;\n\t\t\tdisplay: flex;\n\t\t\talign-items: center;\n\t\t\tjustify-content: center;\n\t\t\tcursor: pointer;\n\t\t}\n\n\t\t.carousel-button-left::before {\n\t\t\tcontent: \"<\";\n\t\t}\n\n\t\t.carousel-button-right::before {\n\t\t\tcontent: \">\";\n\t\t}\n\n\t\t.carousel-button-left {\n\t\t\tleft: -5%;\n\t\t}\n\n\t\t.carousel-button-right {\n\t\t\tright: -5%;\n\t\t}\n\n\t\t@media screen and (max-width: 768px) {\n\t\t\t.carousel-slide {\n\t\t\t\tflex: 0 0 calc(50% - 40px);\n\t\t\t}\n\n\t\t\t.tile {\n\t\t\t\tflex-direction: column;\n\t\t\t}\n\n\t\t\t.hr-container,\n\t\t\t.payroll-container,\n\t\t\t.grid.solutions-grid {\n\t\t\t\tgrid-template-columns: 1fr !important;\n\t\t\t}\n\t\t}\n\n\t\t@media screen and (max-width: 480px) {\n\t\t\t.carousel-slide {\n\t\t\t\tflex: 0 0 calc(100% - 40px);\n\t\t\t}\n\n\n\t\t}\n\t<\/style>\n\n\t<script>\n\t\tconst track = document.querySelector('.carousel-track');\n\t\tconst slides = Array.from(track.children);\n\t\tconst nextButton = document.querySelector('.carousel-button-right');\n\t\tconst prevButton = document.querySelector('.carousel-button-left');\n\t\tlet currentIndex = 0;\n\t\tlet slidesPerView = 3;\n\t\tlet slideWidth;\n\t\tlet autoplayInterval;\n\n\t\tfunction updateSlidesPerView() {\n\t\t\tif (window.innerWidth <= 480) {\n\t\t\t\tslidesPerView = 1;\n\t\t\t} else if (window.innerWidth <= 768) {\n\t\t\t\tslidesPerView = 2;\n\t\t\t} else {\n\t\t\t\tslidesPerView = 3;\n\t\t\t}\n\t\t\tslideWidth = track.clientWidth \/ slidesPerView;\n\t\t\tslides.forEach(slide => {\n\t\t\t\tslide.style.width = `${slideWidth}px`;\n\t\t\t});\n\t\t\tupdateCarousel();\n\t\t}\n\n\t\tfunction updateCarousel() {\n\t\t\tconst offset = (track.clientWidth - (slideWidth * slidesPerView)) \/ 2;\n\t\t\ttrack.style.transform = `translateX(${offset - currentIndex * slideWidth}px)`;\n\t\t}\n\n\t\tfunction moveNext() {\n\t\t\tcurrentIndex++;\n\t\t\tif (currentIndex > slides.length - slidesPerView) {\n\t\t\t\tsetTimeout(() => {\n\t\t\t\t\tcurrentIndex = 0;\n\t\t\t\t\ttrack.style.transition = 'none';\n\t\t\t\t\tupdateCarousel();\n\t\t\t\t\tsetTimeout(() => {\n\t\t\t\t\t\ttrack.style.transition = 'transform 0.5s ease-in-out';\n\t\t\t\t\t}, 10);\n\t\t\t\t}, 500);\n\t\t\t}\n\t\t\tupdateCarousel();\n\t\t}\n\n\t\tfunction movePrev() {\n\t\t\tcurrentIndex--;\n\t\t\tif (currentIndex < 0) {\n\t\t\t\tsetTimeout(() => {\n\t\t\t\t\tcurrentIndex = slides.length - slidesPerView;\n\t\t\t\t\ttrack.style.transition = 'none';\n\t\t\t\t\tupdateCarousel();\n\t\t\t\t\tsetTimeout(() => {\n\t\t\t\t\t\ttrack.style.transition = 'transform 0.5s ease-in-out';\n\t\t\t\t\t}, 10);\n\t\t\t\t}, 500);\n\t\t\t}\n\t\t\tupdateCarousel();\n\t\t}\n\n\t\tfunction startAutoplay() {\n\t\t\tautoplayInterval = setInterval(moveNext, 3000); \/\/ Change slide every 3 seconds\n\t\t}\n\n\t\tfunction stopAutoplay() {\n\t\t\tclearInterval(autoplayInterval);\n\t\t}\n\n\t\tnextButton.addEventListener('click', () => {\n\t\t\tmoveNext();\n\t\t\tstopAutoplay();\n\t\t\tstartAutoplay();\n\t\t});\n\n\t\tprevButton.addEventListener('click', () => {\n\t\t\tmovePrev();\n\t\t\tstopAutoplay();\n\t\t\tstartAutoplay();\n\t\t});\n\n\t\twindow.addEventListener('resize', updateSlidesPerView);\n\n\t\t\/\/ Initial setup\n\t\tupdateSlidesPerView();\n\t\tstartAutoplay();\n\n\t\t\/\/ Pause autoplay when hovering over the carousel\n\t\ttrack.addEventListener('mouseenter', stopAutoplay);\n\t\ttrack.addEventListener('mouseleave', startAutoplay);\n\t<\/script>\n\t\n<hr \/>\n<h3 id=\"raporty-zarzadcze\">Raporty zarz\u0105dcze<\/h3>\n<p>Wykorzystuj\u0105c narz\u0119dzia Business Intelligence, tworzymy raporty zarz\u0105dcze wspomagaj\u0105ce proces decyzyjny na poziomie kierowniczym. Dzi\u0119ki przejrzystym analizom kluczowych wska\u017anik\u00f3w wydajno\u015bci mened\u017cerowie mog\u0105 b\u0142yskawicznie identyfikowa\u0107 trendy, ocenia\u0107 wyniki biznesowe oraz podejmowa\u0107 trafne decyzje w oparciu o rzetelne dane.<\/p>\n<p><span class=\"bold\">Najcz\u0119\u015bciej u\u017cywane \u017ar\u00f3d\u0142a danych<\/span><\/p>\n<ul>\n<li>Systemy ksi\u0119gowe i do fakturowania<\/li>\n<li>Dane magazynowe<\/li>\n<li>Bramki p\u0142atnicze<\/li>\n<li>Marketplace&#8217;y, sklepy internetowe<\/li>\n<li>Dane marketingowe<\/li>\n<li>Systemy CRM, ERP, HR etc.<\/li>\n<\/ul>\n<hr \/>\n<h3>Zyskaj kontrole nad swoim biznesem, dzi\u0119ki rozwi\u0105zaniom Business Intelligence<\/h3>\n<ul>\n<li><span class=\"bold\">Precyzyjne podejmowanie decyzji:<\/span> Dost\u0119p do sp\u00f3jnych i szczeg\u00f3\u0142owych danych wspiera podejmowanie decyzji opartych na faktach.<\/li>\n<li><span class=\"bold\">Optymalizacja proces\u00f3w:<\/span> Automatyzacja analiz i raportowania pozwala skoncentrowa\u0107 si\u0119 na kluczowych zadaniach.<\/li>\n<li><span class=\"bold\">Zwi\u0119kszenie przewagi konkurencyjnej:<\/span> Wgl\u0105d w dane w czasie rzeczywistym umo\u017cliwia szybsze reagowanie na zmiany rynkowe.<\/li>\n<li><span class=\"bold\">Planowanie strategiczne:<\/span> Lepsze prognozowanie i planowanie dzi\u0119ki zaawansowanym analizom trend\u00f3w.<\/li>\n<\/ul>\n<style>\nh3:before {\n    content: \"\";\n    display: block;\n    height: 150px; \n    margin: -150px 0 0; \n    visibility: hidden;\n}<\/p>\n<p>@media screen and (max-width: 768px) {\n .raporty-container {\nflex-direction: column !important;\n}\n}<\/p>\n<\/style>\n","protected":false},"excerpt":{"rendered":"<p>Kluczowe obszary wsparcia Centralizacja danych: Integrujemy dane z r\u00f3\u017cnych \u017ar\u00f3de\u0142 w jednym, sp\u00f3jnym systemie, zapewniaj\u0105c \u0142atwy dost\u0119p do informacji w..<\/p>\n<div class=\"clear\"><\/div><a class=\"more-link\" href=\"https:\/\/hlb-poland.global\/pl\/uslugi\/technologie\/\"> Dowiedz si\u0119 wi\u0119cej <\/a>","protected":false},"author":8,"featured_media":0,"parent":1847,"menu_order":0,"comment_status":"closed","ping_status":"closed","template":"","meta":{"_acf_changed":false,"footnotes":""},"class_list":["post-16039","page","type-page","status-publish","hentry"],"acf":[],"yoast_head":"<!-- This site is optimized with the Yoast SEO plugin v27.2 - https:\/\/yoast.com\/product\/yoast-seo-wordpress\/ -->\n<title>Us\u0142ugi Business Intelligence (BI) | HLB Poland<\/title>\n<meta name=\"description\" content=\"Wykorzystuj\u0105c narz\u0119dzia Business Intelligence, tworzymy raporty zarz\u0105dcze wspomagaj\u0105ce proces decyzyjny na poziomie kierowniczym.\" \/>\n<meta name=\"robots\" content=\"index, follow, max-snippet:-1, max-image-preview:large, max-video-preview:-1\" \/>\n<link rel=\"canonical\" href=\"https:\/\/hlb-poland.global\/pl\/uslugi\/technologie\/\" \/>\n<meta property=\"og:locale\" content=\"pl_PL\" \/>\n<meta property=\"og:type\" content=\"article\" \/>\n<meta property=\"og:title\" content=\"Us\u0142ugi Business Intelligence (BI) | HLB Poland\" \/>\n<meta property=\"og:description\" content=\"Wykorzystuj\u0105c narz\u0119dzia Business Intelligence, tworzymy raporty zarz\u0105dcze wspomagaj\u0105ce proces decyzyjny na poziomie kierowniczym.\" \/>\n<meta property=\"og:url\" content=\"https:\/\/hlb-poland.global\/pl\/uslugi\/technologie\/\" \/>\n<meta property=\"og:site_name\" content=\"HLB Poland\" \/>\n<meta property=\"article:publisher\" content=\"https:\/\/www.facebook.com\/HLBPoland\" \/>\n<meta property=\"article:modified_time\" content=\"2025-02-03T11:45:05+00:00\" \/>\n<meta property=\"og:image\" content=\"https:\/\/hlb-poland.global\/wp-content\/uploads\/2025\/01\/grafiki-57-300x225.png\" \/>\n<meta name=\"twitter:card\" content=\"summary_large_image\" \/>\n<meta name=\"twitter:label1\" content=\"Szacowany czas czytania\" \/>\n\t<meta name=\"twitter:data1\" content=\"2 minuty\" \/>\n<script type=\"application\/ld+json\" class=\"yoast-schema-graph\">{\"@context\":\"https:\/\/schema.org\",\"@graph\":[{\"@type\":\"WebPage\",\"@id\":\"https:\/\/hlb-poland.global\/pl\/uslugi\/technologie\/\",\"url\":\"https:\/\/hlb-poland.global\/pl\/uslugi\/technologie\/\",\"name\":\"Us\u0142ugi Business Intelligence (BI) | HLB Poland\",\"isPartOf\":{\"@id\":\"https:\/\/hlb-poland.global\/#website\"},\"primaryImageOfPage\":{\"@id\":\"https:\/\/hlb-poland.global\/pl\/uslugi\/technologie\/#primaryimage\"},\"image\":{\"@id\":\"https:\/\/hlb-poland.global\/pl\/uslugi\/technologie\/#primaryimage\"},\"thumbnailUrl\":\"https:\/\/hlb-poland.global\/wp-content\/uploads\/2025\/01\/grafiki-57-300x225.png\",\"datePublished\":\"2024-12-20T09:52:27+00:00\",\"dateModified\":\"2025-02-03T11:45:05+00:00\",\"description\":\"Wykorzystuj\u0105c narz\u0119dzia Business Intelligence, tworzymy raporty zarz\u0105dcze wspomagaj\u0105ce proces decyzyjny na poziomie kierowniczym.\",\"breadcrumb\":{\"@id\":\"https:\/\/hlb-poland.global\/pl\/uslugi\/technologie\/#breadcrumb\"},\"inLanguage\":\"pl-PL\",\"potentialAction\":[{\"@type\":\"ReadAction\",\"target\":[\"https:\/\/hlb-poland.global\/pl\/uslugi\/technologie\/\"]}]},{\"@type\":\"ImageObject\",\"inLanguage\":\"pl-PL\",\"@id\":\"https:\/\/hlb-poland.global\/pl\/uslugi\/technologie\/#primaryimage\",\"url\":\"https:\/\/hlb-poland.global\/wp-content\/uploads\/2025\/01\/grafiki-57-300x225.png\",\"contentUrl\":\"https:\/\/hlb-poland.global\/wp-content\/uploads\/2025\/01\/grafiki-57-300x225.png\"},{\"@type\":\"BreadcrumbList\",\"@id\":\"https:\/\/hlb-poland.global\/pl\/uslugi\/technologie\/#breadcrumb\",\"itemListElement\":[{\"@type\":\"ListItem\",\"position\":1,\"name\":\"Strona g\u0142\u00f3wna\",\"item\":\"https:\/\/hlb-poland.global\/pl\/\"},{\"@type\":\"ListItem\",\"position\":2,\"name\":\"Us\u0142ugi \u015bwiadczone przez HLB Poland\",\"item\":\"https:\/\/hlb-poland.global\/pl\/uslugi\/\"},{\"@type\":\"ListItem\",\"position\":3,\"name\":\"Us\u0142ugi Business Intelligence (BI)\"}]},{\"@type\":\"WebSite\",\"@id\":\"https:\/\/hlb-poland.global\/#website\",\"url\":\"https:\/\/hlb-poland.global\/\",\"name\":\"HLB Poland\",\"description\":\"Advisory and accounting\",\"publisher\":{\"@id\":\"https:\/\/hlb-poland.global\/#organization\"},\"potentialAction\":[{\"@type\":\"SearchAction\",\"target\":{\"@type\":\"EntryPoint\",\"urlTemplate\":\"https:\/\/hlb-poland.global\/?s={search_term_string}\"},\"query-input\":{\"@type\":\"PropertyValueSpecification\",\"valueRequired\":true,\"valueName\":\"search_term_string\"}}],\"inLanguage\":\"pl-PL\"},{\"@type\":\"Organization\",\"@id\":\"https:\/\/hlb-poland.global\/#organization\",\"name\":\"HLB Poland\",\"url\":\"https:\/\/hlb-poland.global\/\",\"logo\":{\"@type\":\"ImageObject\",\"inLanguage\":\"pl-PL\",\"@id\":\"https:\/\/hlb-poland.global\/#\/schema\/logo\/image\/\",\"url\":\"https:\/\/hlb-poland.global\/wp-content\/uploads\/2025\/12\/hlb-poland-og-image.png\",\"contentUrl\":\"https:\/\/hlb-poland.global\/wp-content\/uploads\/2025\/12\/hlb-poland-og-image.png\",\"width\":1200,\"height\":630,\"caption\":\"HLB Poland\"},\"image\":{\"@id\":\"https:\/\/hlb-poland.global\/#\/schema\/logo\/image\/\"},\"sameAs\":[\"https:\/\/www.facebook.com\/HLBPoland\",\"https:\/\/www.linkedin.com\/company\/hlb-poland\"]}]}<\/script>\n<!-- \/ Yoast SEO plugin. -->","yoast_head_json":{"title":"Us\u0142ugi Business Intelligence (BI) | HLB Poland","description":"Wykorzystuj\u0105c narz\u0119dzia Business Intelligence, tworzymy raporty zarz\u0105dcze wspomagaj\u0105ce proces decyzyjny na poziomie kierowniczym.","robots":{"index":"index","follow":"follow","max-snippet":"max-snippet:-1","max-image-preview":"max-image-preview:large","max-video-preview":"max-video-preview:-1"},"canonical":"https:\/\/hlb-poland.global\/pl\/uslugi\/technologie\/","og_locale":"pl_PL","og_type":"article","og_title":"Us\u0142ugi Business Intelligence (BI) | HLB Poland","og_description":"Wykorzystuj\u0105c narz\u0119dzia Business Intelligence, tworzymy raporty zarz\u0105dcze wspomagaj\u0105ce proces decyzyjny na poziomie kierowniczym.","og_url":"https:\/\/hlb-poland.global\/pl\/uslugi\/technologie\/","og_site_name":"HLB Poland","article_publisher":"https:\/\/www.facebook.com\/HLBPoland","article_modified_time":"2025-02-03T11:45:05+00:00","og_image":[{"url":"https:\/\/hlb-poland.global\/wp-content\/uploads\/2025\/01\/grafiki-57-300x225.png","type":"","width":"","height":""}],"twitter_card":"summary_large_image","twitter_misc":{"Szacowany czas czytania":"2 minuty"},"schema":{"@context":"https:\/\/schema.org","@graph":[{"@type":"WebPage","@id":"https:\/\/hlb-poland.global\/pl\/uslugi\/technologie\/","url":"https:\/\/hlb-poland.global\/pl\/uslugi\/technologie\/","name":"Us\u0142ugi Business Intelligence (BI) | HLB Poland","isPartOf":{"@id":"https:\/\/hlb-poland.global\/#website"},"primaryImageOfPage":{"@id":"https:\/\/hlb-poland.global\/pl\/uslugi\/technologie\/#primaryimage"},"image":{"@id":"https:\/\/hlb-poland.global\/pl\/uslugi\/technologie\/#primaryimage"},"thumbnailUrl":"https:\/\/hlb-poland.global\/wp-content\/uploads\/2025\/01\/grafiki-57-300x225.png","datePublished":"2024-12-20T09:52:27+00:00","dateModified":"2025-02-03T11:45:05+00:00","description":"Wykorzystuj\u0105c narz\u0119dzia Business Intelligence, tworzymy raporty zarz\u0105dcze wspomagaj\u0105ce proces decyzyjny na poziomie kierowniczym.","breadcrumb":{"@id":"https:\/\/hlb-poland.global\/pl\/uslugi\/technologie\/#breadcrumb"},"inLanguage":"pl-PL","potentialAction":[{"@type":"ReadAction","target":["https:\/\/hlb-poland.global\/pl\/uslugi\/technologie\/"]}]},{"@type":"ImageObject","inLanguage":"pl-PL","@id":"https:\/\/hlb-poland.global\/pl\/uslugi\/technologie\/#primaryimage","url":"https:\/\/hlb-poland.global\/wp-content\/uploads\/2025\/01\/grafiki-57-300x225.png","contentUrl":"https:\/\/hlb-poland.global\/wp-content\/uploads\/2025\/01\/grafiki-57-300x225.png"},{"@type":"BreadcrumbList","@id":"https:\/\/hlb-poland.global\/pl\/uslugi\/technologie\/#breadcrumb","itemListElement":[{"@type":"ListItem","position":1,"name":"Strona g\u0142\u00f3wna","item":"https:\/\/hlb-poland.global\/pl\/"},{"@type":"ListItem","position":2,"name":"Us\u0142ugi \u015bwiadczone przez HLB Poland","item":"https:\/\/hlb-poland.global\/pl\/uslugi\/"},{"@type":"ListItem","position":3,"name":"Us\u0142ugi Business Intelligence (BI)"}]},{"@type":"WebSite","@id":"https:\/\/hlb-poland.global\/#website","url":"https:\/\/hlb-poland.global\/","name":"HLB Poland","description":"Advisory and accounting","publisher":{"@id":"https:\/\/hlb-poland.global\/#organization"},"potentialAction":[{"@type":"SearchAction","target":{"@type":"EntryPoint","urlTemplate":"https:\/\/hlb-poland.global\/?s={search_term_string}"},"query-input":{"@type":"PropertyValueSpecification","valueRequired":true,"valueName":"search_term_string"}}],"inLanguage":"pl-PL"},{"@type":"Organization","@id":"https:\/\/hlb-poland.global\/#organization","name":"HLB Poland","url":"https:\/\/hlb-poland.global\/","logo":{"@type":"ImageObject","inLanguage":"pl-PL","@id":"https:\/\/hlb-poland.global\/#\/schema\/logo\/image\/","url":"https:\/\/hlb-poland.global\/wp-content\/uploads\/2025\/12\/hlb-poland-og-image.png","contentUrl":"https:\/\/hlb-poland.global\/wp-content\/uploads\/2025\/12\/hlb-poland-og-image.png","width":1200,"height":630,"caption":"HLB Poland"},"image":{"@id":"https:\/\/hlb-poland.global\/#\/schema\/logo\/image\/"},"sameAs":["https:\/\/www.facebook.com\/HLBPoland","https:\/\/www.linkedin.com\/company\/hlb-poland"]}]}},"_links":{"self":[{"href":"https:\/\/hlb-poland.global\/pl\/wp-json\/wp\/v2\/pages\/16039","targetHints":{"allow":["GET"]}}],"collection":[{"href":"https:\/\/hlb-poland.global\/pl\/wp-json\/wp\/v2\/pages"}],"about":[{"href":"https:\/\/hlb-poland.global\/pl\/wp-json\/wp\/v2\/types\/page"}],"author":[{"embeddable":true,"href":"https:\/\/hlb-poland.global\/pl\/wp-json\/wp\/v2\/users\/8"}],"replies":[{"embeddable":true,"href":"https:\/\/hlb-poland.global\/pl\/wp-json\/wp\/v2\/comments?post=16039"}],"version-history":[{"count":17,"href":"https:\/\/hlb-poland.global\/pl\/wp-json\/wp\/v2\/pages\/16039\/revisions"}],"predecessor-version":[{"id":16579,"href":"https:\/\/hlb-poland.global\/pl\/wp-json\/wp\/v2\/pages\/16039\/revisions\/16579"}],"up":[{"embeddable":true,"href":"https:\/\/hlb-poland.global\/pl\/wp-json\/wp\/v2\/pages\/1847"}],"wp:attachment":[{"href":"https:\/\/hlb-poland.global\/pl\/wp-json\/wp\/v2\/media?parent=16039"}],"curies":[{"name":"wp","href":"https:\/\/api.w.org\/{rel}","templated":true}]}}