
{"id":1843,"date":"2018-12-11T09:07:42","date_gmt":"2018-12-11T08:07:42","guid":{"rendered":"http:\/\/hlb-poland.global\/?page_id=1843"},"modified":"2024-11-22T13:02:46","modified_gmt":"2024-11-22T12:02:46","slug":"o-nas","status":"publish","type":"page","link":"https:\/\/hlb-poland.global\/pl\/o-nas\/","title":{"rendered":"Dowiedz si\u0119 wi\u0119cej o nas"},"content":{"rendered":"<p>Firmy cz\u0142onkowskie HLB s\u0105 darzone szacunkiem za szybkie i terminowe dostarczanie us\u0142ug wysokiej jako\u015bci. Firmy cz\u0142onkowskie <span style=\"font-weight: bold;\">HLB Poland<\/span> zapraszaj\u0105 Pa\u0144stwa na nasz\u0105 stron\u0119 internetow\u0105, po\u015bwi\u0119con\u0105 dostarczaniu najwy\u017cszej jako\u015bci us\u0142ug doradczych klientom, kt\u00f3rzy chcieliby prowadzi\u0107 interesy w Polsce i za granic\u0105. Firmy te mieszcz\u0105 si\u0119 na terenie ca\u0142ej Polski, mi\u0119dzy innymi w Warszawie, Wroc\u0142awiu, Poznaniu, Krakowie, Katowicach, Lesznie i Czersku.<\/p>\n<p><span style=\"font-weight: bold;\">HLB Poland<\/span> ma do dyspozycji \u0142\u0105cznie ponad 200 pracownik\u00f3w, kt\u00f3rzy obs\u0142uguj\u0105 wszystkie obszary rachunkowo\u015bci, audytu, kadr i p\u0142ac, us\u0142ug podatkowych i finansowych oraz doradztwa uzupe\u0142nionych o w pe\u0142ni rozwini\u0119ty, zakres technicznych rozwi\u0105za\u0144 IT.<\/p>\n<p>Je\u015bli zak\u0142adacie Pa\u0144stwo dzia\u0142alno\u015b\u0107 w Polsce, <span style=\"font-weight: bold;\">HLB Poland<\/span> mo\u017ce w tym pom\u00f3c, \u015bwiadcz\u0105c us\u0142ugi w zakresie: za\u0142o\u017cenia oddzia\u0142u lub filii w Polsce, spraw pracowniczych &#8211; kadr i p\u0142ac oraz zgodno\u015bci z prawem pracy, outsourcingu zarz\u0105dzania kontami i ksi\u0119gowo\u015bci\u0105, rejestracji dla cel\u00f3w podatku VAT i doradztwa, zgodno\u015bci z przepisami podatkowymi oraz doradztwa w sprawach podatkowych w wielu jurysdykcjach.<\/p>\n<h3><i>Together we make it happen<\/i><\/h3>\n<hr \/>\n<h3>Co mo\u017ce zapewni\u0107 HLB Poland?<\/h3>\n<div class=\"row\">\n<div class=\"col-12 col-md-12 col-lg-4 col-xl-4 block-last\">\n<div class=\"image\"><img decoding=\"async\" class=\"img-fluid\" src=\"https:\/\/hlb-poland.global\/wp-content\/themes\/hlb-poland\/images\/clear-confident-communications-through-our-bilingual-advisers.jpg\" alt=\"Przejrzysta komunikacja za po\u015brednictwem dwuj\u0119zycznych radc\u00f3w\" \/><\/div>\n<h4>Przejrzysta komunikacja za po\u015brednictwem dwuj\u0119zycznych radc\u00f3w<\/h4>\n<p>Dwuj\u0119zyczni ksi\u0119gowi na terenie Polski b\u0119d\u0105 si\u0119 z Pa\u0144stwem komunikowa\u0107 od pocz\u0105tku do ko\u0144ca w Pa\u0144stwa wybranym j\u0119zyku. Spotkania i telekonferencje prowadzone s\u0105 szybciej i \u0142atwiej, a ka\u017cdy w Pa\u0144stwa zespole w pe\u0142ni zrozumie zakres udzielonych porad oraz nast\u0119pstwa przedmiotu dyskusji.<\/p>\n<\/div>\n<div class=\"col-12 col-md-12 col-lg-4 col-xl-4 block-last\">\n<div class=\"image\"><img decoding=\"async\" class=\"img-fluid\" src=\"https:\/\/hlb-poland.global\/wp-content\/themes\/hlb-poland\/images\/understanding-and-sensitivity-to-cultural-differences.jpg\" alt=\"Zrozumienie r\u00f3\u017cnic kulturowych i wra\u017cliwo\u015b\u0107 na nie\" \/><\/div>\n<h4>Zrozumienie r\u00f3\u017cnic kulturowych i wra\u017cliwo\u015b\u0107 na nie<\/h4>\n<p>Doradcy <span style=\"font-weight: bold;\">HLB Poland<\/span> maj\u0105 wieloletnie do\u015bwiadczenie i s\u0105 \u015bwiadomi r\u00f3\u017cnic kulturowych i handlowych wp\u0142ywaj\u0105cych na wymian\u0119 handlow\u0105 mi\u0119dzy Pa\u0144stwa krajem a Polsk\u0105. Doradz\u0105 Pa\u0144stwu w sprawach planowania podatkowego lub poinformuj\u0105 o r\u00f3\u017cnicach w formach dzia\u0142alno\u015bci gospodarczej.<\/p>\n<\/div>\n<div class=\"col-12 col-md-12 col-lg-4 col-xl-4 block-last\">\n<div class=\"image\"><img decoding=\"async\" class=\"img-fluid\" src=\"https:\/\/hlb-poland.global\/wp-content\/themes\/hlb-poland\/images\/instant-access-to-a-network-of-reliable-business-contacts.jpg\" alt=\"Natychmiastowy dost\u0119p do sieci rzetelnych kontakt\u00f3w biznesowych\" \/><\/div>\n<h4>Natychmiastowy dost\u0119p do sieci rzetelnych kontakt\u00f3w biznesowych<\/h4>\n<p>Za po\u015brednictwem obs\u0142ugi w j\u0119zykach narodowych maj\u0105 Pa\u0144stwo natychmiastowy dost\u0119p do naszej sieci zlokalizowanych w Polsce kontakt\u00f3w biznesowych, kt\u00f3re regularnie zajmuj\u0105 si\u0119 inwestorami z Pa\u0144stwa kraju. Nasi partnerzy i mened\u017cerowie mog\u0105 przedstawi\u0107 Pa\u0144stwu rzetelne kontakty, takie jak banki, adwokaci, doradcy w zakresie relokacji, dystrybutorzy i cz\u0142onkowie Izby Handlowej.<\/p>\n<\/div>\n<\/div>\n","protected":false},"excerpt":{"rendered":"<p>Firmy cz\u0142onkowskie HLB s\u0105 darzone szacunkiem za szybkie i terminowe dostarczanie us\u0142ug wysokiej jako\u015bci. Firmy cz\u0142onkowskie HLB Poland zapraszaj\u0105 Pa\u0144stwa..<\/p>\n<div class=\"clear\"><\/div><a class=\"more-link\" href=\"https:\/\/hlb-poland.global\/pl\/o-nas\/\"> Dowiedz si\u0119 wi\u0119cej <\/a>","protected":false},"author":3,"featured_media":0,"parent":0,"menu_order":0,"comment_status":"closed","ping_status":"closed","template":"","meta":{"_acf_changed":false,"footnotes":""},"class_list":["post-1843","page","type-page","status-publish","hentry"],"acf":[],"yoast_head":"<!-- This site is optimized with the Yoast SEO plugin v27.2 - https:\/\/yoast.com\/product\/yoast-seo-wordpress\/ -->\n<title>HLB Poland oferuje us\u0142ugi audytorskie, doradcze, podatkowe<\/title>\n<meta name=\"description\" content=\"HLB Poland, za po\u015brednictwem swoich firm cz\u0142onkowskich, oferuje us\u0142ugi audytorskie, doradcze, podatkowe w ca\u0142ej Polsce. Ka\u017cda z firm...\" \/>\n<meta name=\"robots\" content=\"index, follow, max-snippet:-1, max-image-preview:large, max-video-preview:-1\" \/>\n<link rel=\"canonical\" href=\"https:\/\/hlb-poland.global\/pl\/o-nas\/\" \/>\n<meta property=\"og:locale\" content=\"pl_PL\" \/>\n<meta property=\"og:type\" content=\"article\" \/>\n<meta property=\"og:title\" content=\"HLB Poland oferuje us\u0142ugi audytorskie, doradcze, podatkowe\" \/>\n<meta property=\"og:description\" content=\"HLB Poland, za po\u015brednictwem swoich firm cz\u0142onkowskich, oferuje us\u0142ugi audytorskie, doradcze, podatkowe w ca\u0142ej Polsce. Ka\u017cda z firm...\" \/>\n<meta property=\"og:url\" content=\"https:\/\/hlb-poland.global\/pl\/o-nas\/\" \/>\n<meta property=\"og:site_name\" content=\"HLB Poland\" \/>\n<meta property=\"article:publisher\" content=\"https:\/\/www.facebook.com\/HLBPoland\" \/>\n<meta property=\"article:modified_time\" content=\"2024-11-22T12:02:46+00:00\" \/>\n<meta property=\"og:image\" content=\"https:\/\/hlb-poland.global\/wp-content\/themes\/hlb-poland\/images\/clear-confident-communications-through-our-bilingual-advisers.jpg\" \/>\n<meta name=\"twitter:card\" content=\"summary_large_image\" \/>\n<meta name=\"twitter:label1\" content=\"Szacowany czas czytania\" \/>\n\t<meta name=\"twitter:data1\" content=\"2 minuty\" \/>\n<script type=\"application\/ld+json\" class=\"yoast-schema-graph\">{\"@context\":\"https:\/\/schema.org\",\"@graph\":[{\"@type\":\"WebPage\",\"@id\":\"https:\/\/hlb-poland.global\/pl\/o-nas\/\",\"url\":\"https:\/\/hlb-poland.global\/pl\/o-nas\/\",\"name\":\"HLB Poland oferuje us\u0142ugi audytorskie, doradcze, podatkowe\",\"isPartOf\":{\"@id\":\"https:\/\/hlb-poland.global\/#website\"},\"primaryImageOfPage\":{\"@id\":\"https:\/\/hlb-poland.global\/pl\/o-nas\/#primaryimage\"},\"image\":{\"@id\":\"https:\/\/hlb-poland.global\/pl\/o-nas\/#primaryimage\"},\"thumbnailUrl\":\"https:\/\/hlb-poland.global\/wp-content\/themes\/hlb-poland\/images\/clear-confident-communications-through-our-bilingual-advisers.jpg\",\"datePublished\":\"2018-12-11T08:07:42+00:00\",\"dateModified\":\"2024-11-22T12:02:46+00:00\",\"description\":\"HLB Poland, za po\u015brednictwem swoich firm cz\u0142onkowskich, oferuje us\u0142ugi audytorskie, doradcze, podatkowe w ca\u0142ej Polsce. Ka\u017cda z firm...\",\"breadcrumb\":{\"@id\":\"https:\/\/hlb-poland.global\/pl\/o-nas\/#breadcrumb\"},\"inLanguage\":\"pl-PL\",\"potentialAction\":[{\"@type\":\"ReadAction\",\"target\":[\"https:\/\/hlb-poland.global\/pl\/o-nas\/\"]}]},{\"@type\":\"ImageObject\",\"inLanguage\":\"pl-PL\",\"@id\":\"https:\/\/hlb-poland.global\/pl\/o-nas\/#primaryimage\",\"url\":\"https:\/\/hlb-poland.global\/wp-content\/themes\/hlb-poland\/images\/clear-confident-communications-through-our-bilingual-advisers.jpg\",\"contentUrl\":\"https:\/\/hlb-poland.global\/wp-content\/themes\/hlb-poland\/images\/clear-confident-communications-through-our-bilingual-advisers.jpg\"},{\"@type\":\"BreadcrumbList\",\"@id\":\"https:\/\/hlb-poland.global\/pl\/o-nas\/#breadcrumb\",\"itemListElement\":[{\"@type\":\"ListItem\",\"position\":1,\"name\":\"Strona g\u0142\u00f3wna\",\"item\":\"https:\/\/hlb-poland.global\/pl\/\"},{\"@type\":\"ListItem\",\"position\":2,\"name\":\"Dowiedz si\u0119 wi\u0119cej o nas\"}]},{\"@type\":\"WebSite\",\"@id\":\"https:\/\/hlb-poland.global\/#website\",\"url\":\"https:\/\/hlb-poland.global\/\",\"name\":\"HLB Poland\",\"description\":\"Advisory and accounting\",\"publisher\":{\"@id\":\"https:\/\/hlb-poland.global\/#organization\"},\"potentialAction\":[{\"@type\":\"SearchAction\",\"target\":{\"@type\":\"EntryPoint\",\"urlTemplate\":\"https:\/\/hlb-poland.global\/?s={search_term_string}\"},\"query-input\":{\"@type\":\"PropertyValueSpecification\",\"valueRequired\":true,\"valueName\":\"search_term_string\"}}],\"inLanguage\":\"pl-PL\"},{\"@type\":\"Organization\",\"@id\":\"https:\/\/hlb-poland.global\/#organization\",\"name\":\"HLB Poland\",\"url\":\"https:\/\/hlb-poland.global\/\",\"logo\":{\"@type\":\"ImageObject\",\"inLanguage\":\"pl-PL\",\"@id\":\"https:\/\/hlb-poland.global\/#\/schema\/logo\/image\/\",\"url\":\"https:\/\/hlb-poland.global\/wp-content\/uploads\/2025\/12\/hlb-poland-og-image.png\",\"contentUrl\":\"https:\/\/hlb-poland.global\/wp-content\/uploads\/2025\/12\/hlb-poland-og-image.png\",\"width\":1200,\"height\":630,\"caption\":\"HLB Poland\"},\"image\":{\"@id\":\"https:\/\/hlb-poland.global\/#\/schema\/logo\/image\/\"},\"sameAs\":[\"https:\/\/www.facebook.com\/HLBPoland\",\"https:\/\/www.linkedin.com\/company\/hlb-poland\"]}]}<\/script>\n<!-- \/ Yoast SEO plugin. -->","yoast_head_json":{"title":"HLB Poland oferuje us\u0142ugi audytorskie, doradcze, podatkowe","description":"HLB Poland, za po\u015brednictwem swoich firm cz\u0142onkowskich, oferuje us\u0142ugi audytorskie, doradcze, podatkowe w ca\u0142ej Polsce. Ka\u017cda z firm...","robots":{"index":"index","follow":"follow","max-snippet":"max-snippet:-1","max-image-preview":"max-image-preview:large","max-video-preview":"max-video-preview:-1"},"canonical":"https:\/\/hlb-poland.global\/pl\/o-nas\/","og_locale":"pl_PL","og_type":"article","og_title":"HLB Poland oferuje us\u0142ugi audytorskie, doradcze, podatkowe","og_description":"HLB Poland, za po\u015brednictwem swoich firm cz\u0142onkowskich, oferuje us\u0142ugi audytorskie, doradcze, podatkowe w ca\u0142ej Polsce. Ka\u017cda z firm...","og_url":"https:\/\/hlb-poland.global\/pl\/o-nas\/","og_site_name":"HLB Poland","article_publisher":"https:\/\/www.facebook.com\/HLBPoland","article_modified_time":"2024-11-22T12:02:46+00:00","og_image":[{"url":"https:\/\/hlb-poland.global\/wp-content\/themes\/hlb-poland\/images\/clear-confident-communications-through-our-bilingual-advisers.jpg","type":"","width":"","height":""}],"twitter_card":"summary_large_image","twitter_misc":{"Szacowany czas czytania":"2 minuty"},"schema":{"@context":"https:\/\/schema.org","@graph":[{"@type":"WebPage","@id":"https:\/\/hlb-poland.global\/pl\/o-nas\/","url":"https:\/\/hlb-poland.global\/pl\/o-nas\/","name":"HLB Poland oferuje us\u0142ugi audytorskie, doradcze, podatkowe","isPartOf":{"@id":"https:\/\/hlb-poland.global\/#website"},"primaryImageOfPage":{"@id":"https:\/\/hlb-poland.global\/pl\/o-nas\/#primaryimage"},"image":{"@id":"https:\/\/hlb-poland.global\/pl\/o-nas\/#primaryimage"},"thumbnailUrl":"https:\/\/hlb-poland.global\/wp-content\/themes\/hlb-poland\/images\/clear-confident-communications-through-our-bilingual-advisers.jpg","datePublished":"2018-12-11T08:07:42+00:00","dateModified":"2024-11-22T12:02:46+00:00","description":"HLB Poland, za po\u015brednictwem swoich firm cz\u0142onkowskich, oferuje us\u0142ugi audytorskie, doradcze, podatkowe w ca\u0142ej Polsce. Ka\u017cda z firm...","breadcrumb":{"@id":"https:\/\/hlb-poland.global\/pl\/o-nas\/#breadcrumb"},"inLanguage":"pl-PL","potentialAction":[{"@type":"ReadAction","target":["https:\/\/hlb-poland.global\/pl\/o-nas\/"]}]},{"@type":"ImageObject","inLanguage":"pl-PL","@id":"https:\/\/hlb-poland.global\/pl\/o-nas\/#primaryimage","url":"https:\/\/hlb-poland.global\/wp-content\/themes\/hlb-poland\/images\/clear-confident-communications-through-our-bilingual-advisers.jpg","contentUrl":"https:\/\/hlb-poland.global\/wp-content\/themes\/hlb-poland\/images\/clear-confident-communications-through-our-bilingual-advisers.jpg"},{"@type":"BreadcrumbList","@id":"https:\/\/hlb-poland.global\/pl\/o-nas\/#breadcrumb","itemListElement":[{"@type":"ListItem","position":1,"name":"Strona g\u0142\u00f3wna","item":"https:\/\/hlb-poland.global\/pl\/"},{"@type":"ListItem","position":2,"name":"Dowiedz si\u0119 wi\u0119cej o nas"}]},{"@type":"WebSite","@id":"https:\/\/hlb-poland.global\/#website","url":"https:\/\/hlb-poland.global\/","name":"HLB Poland","description":"Advisory and accounting","publisher":{"@id":"https:\/\/hlb-poland.global\/#organization"},"potentialAction":[{"@type":"SearchAction","target":{"@type":"EntryPoint","urlTemplate":"https:\/\/hlb-poland.global\/?s={search_term_string}"},"query-input":{"@type":"PropertyValueSpecification","valueRequired":true,"valueName":"search_term_string"}}],"inLanguage":"pl-PL"},{"@type":"Organization","@id":"https:\/\/hlb-poland.global\/#organization","name":"HLB Poland","url":"https:\/\/hlb-poland.global\/","logo":{"@type":"ImageObject","inLanguage":"pl-PL","@id":"https:\/\/hlb-poland.global\/#\/schema\/logo\/image\/","url":"https:\/\/hlb-poland.global\/wp-content\/uploads\/2025\/12\/hlb-poland-og-image.png","contentUrl":"https:\/\/hlb-poland.global\/wp-content\/uploads\/2025\/12\/hlb-poland-og-image.png","width":1200,"height":630,"caption":"HLB Poland"},"image":{"@id":"https:\/\/hlb-poland.global\/#\/schema\/logo\/image\/"},"sameAs":["https:\/\/www.facebook.com\/HLBPoland","https:\/\/www.linkedin.com\/company\/hlb-poland"]}]}},"_links":{"self":[{"href":"https:\/\/hlb-poland.global\/pl\/wp-json\/wp\/v2\/pages\/1843","targetHints":{"allow":["GET"]}}],"collection":[{"href":"https:\/\/hlb-poland.global\/pl\/wp-json\/wp\/v2\/pages"}],"about":[{"href":"https:\/\/hlb-poland.global\/pl\/wp-json\/wp\/v2\/types\/page"}],"author":[{"embeddable":true,"href":"https:\/\/hlb-poland.global\/pl\/wp-json\/wp\/v2\/users\/3"}],"replies":[{"embeddable":true,"href":"https:\/\/hlb-poland.global\/pl\/wp-json\/wp\/v2\/comments?post=1843"}],"version-history":[{"count":13,"href":"https:\/\/hlb-poland.global\/pl\/wp-json\/wp\/v2\/pages\/1843\/revisions"}],"predecessor-version":[{"id":15829,"href":"https:\/\/hlb-poland.global\/pl\/wp-json\/wp\/v2\/pages\/1843\/revisions\/15829"}],"wp:attachment":[{"href":"https:\/\/hlb-poland.global\/pl\/wp-json\/wp\/v2\/media?parent=1843"}],"curies":[{"name":"wp","href":"https:\/\/api.w.org\/{rel}","templated":true}]}}