
{"id":1845,"date":"2018-12-11T09:08:38","date_gmt":"2018-12-11T08:08:38","guid":{"rendered":"http:\/\/hlb-poland.global\/?page_id=1845"},"modified":"2024-03-27T12:34:50","modified_gmt":"2024-03-27T11:34:50","slug":"hlb","status":"publish","type":"page","link":"https:\/\/hlb-poland.global\/pl\/hlb\/","title":{"rendered":"HLB Global &#8211; kim jeste\u015bmy"},"content":{"rendered":"<h3>Jak pracujemy razem<\/h3>\n<p>Bez wzgl\u0119du na to, w jakim sektorze Pa\u0144stwo dzia\u0142acie, biznes dotyczy ludzi. Budowanie zaufanej relacji z Pa\u0144stwem jest dla nas bardzo wa\u017cne, i b\u0119dzie wsz\u0119dzie tam, gdzie prowadzicie Pa\u0144stwo swoj\u0105 dzia\u0142alno\u015b\u0107. Aby jak najlepiej obs\u0142ugiwa\u0107 naszych mi\u0119dzynarodowych klient\u00f3w, po\u015bwi\u0119camy wiele czasu, aby pozna\u0107 i zrozumie\u0107 Pa\u0144stwa potrzeby.<\/p>\n<p>Kiedy zrozumiemy Pa\u0144stwa potrzeby biznesowe, nasz zaufany doradca HLB wprowadzi Pa\u0144stwa do zlokalizowanego zespo\u0142u klienta HLB, po to, aby obj\u0105\u0107 profesjonaln\u0105 opiek\u0105 Pa\u0144stwa interesy. Doradca b\u0119dzie do dyspozycji Pa\u0144stwa jako lokalny przewodnik biznesowy, aby pom\u00f3c w poruszaniu si\u0119 w nowym \u015brodowisku biznesowym i przestrzeganiu lokalnych przepis\u00f3w. Pa\u0144stwa doradca HLB jako dodatkowe zabezpieczenie b\u0119dzie na bie\u017c\u0105co informowany o Pa\u0144stwa zagranicznych projektach, aby zapobiec nieporozumieniom i pom\u00f3c w budowaniu solidnych relacji z klientami.<\/p>\n<p>W HLB \u015bci\u015ble wsp\u00f3\u0142pracujemy z naszymi pracownikami w krajach, w kt\u00f3rych si\u0119 Pa\u0144stwo rozwijacie i gwarantujemy bezproblemowe korzystanie z klienta HLB i mi\u0119kkie l\u0105dowanie na nowym terytorium.<\/p>\n<hr \/>\n<h3>Pos\u0142uchaj os\u00f3b z HLB z ca\u0142ego \u015bwiata<\/h3>\n<div class=\"hlb-video\"><iframe loading=\"lazy\" src=\"https:\/\/www.youtube.com\/embed\/Ag0_PlPijFE?si=Uw3dITryin1YGyKL;controls=0&amp;showinfo=0\" width=\"100%\" height=\"100%\" frameborder=\"0\" allowfullscreen=\"allowfullscreen\"><\/iframe><\/div>\n<hr \/>\n<h3>G\u0142\u00f3wne warto\u015bci firm cz\u0142onkowskich<\/h3>\n<p>Dynamiczna sie\u0107 niezale\u017cnych, profesjonalnych biur ksi\u0119gowych oraz firm audytowych, wraz z doradcami biznesowymi HLB jest wiod\u0105c\u0105 sieci\u0105 globaln\u0105 sk\u0142adaj\u0105c\u0105 si\u0119 z lokalnie rozpoznawalnych firm cz\u0142onkowskich, kt\u00f3re w wi\u0119kszo\u015bci plasuj\u0105 si\u0119 po\u015br\u00f3d top 11 firm w kraju.<\/p>\n<p>W celu zapewnienia sp\u00f3jno\u015bci i si\u0142y sieci firmy cz\u0142onkowskie HLB rozwin\u0119\u0142y silne wi\u0119zi zawodowe ze wsp\u00f3\u0142pracownikami stanowi\u0105cymi cz\u0119\u015b\u0107 sieci z r\u00f3\u017cnych stron \u015bwiata. Wszyscy cz\u0142onkowie oddani s\u0105 wsp\u00f3lnym warto\u015bciom w celu zapewnienia wzorowej obs\u0142ugi klient\u00f3w HLB:<\/p>\n<ul>\n<li>SIE\u0106 JAKO\u015aCI;<\/li>\n<li>WIEDZA LOKALNA EKSPERTYZA GLOBALNA;<\/li>\n<li>US\u0141UGI OSOBISTE W OPARCIU O PARTNERSTWO;<\/li>\n<li>LOJALNO\u015a\u0106 WOBEC KLIENTA;<\/li>\n<li>ZAKRES US\u0141UG DODANYCH.<\/li>\n<\/ul>\n","protected":false},"excerpt":{"rendered":"<p>Jak pracujemy razem Bez wzgl\u0119du na to, w jakim sektorze Pa\u0144stwo dzia\u0142acie, biznes dotyczy ludzi. Budowanie zaufanej relacji z Pa\u0144stwem..<\/p>\n<div class=\"clear\"><\/div><a class=\"more-link\" href=\"https:\/\/hlb-poland.global\/pl\/hlb\/\"> Dowiedz si\u0119 wi\u0119cej <\/a>","protected":false},"author":3,"featured_media":0,"parent":0,"menu_order":0,"comment_status":"closed","ping_status":"closed","template":"","meta":{"_acf_changed":false,"footnotes":""},"class_list":["post-1845","page","type-page","status-publish","hentry"],"acf":[],"yoast_head":"<!-- This site is optimized with the Yoast SEO plugin v27.2 - https:\/\/yoast.com\/product\/yoast-seo-wordpress\/ -->\n<title>HLB to globalna sie\u0107 niezale\u017cnych firm doradczo-ksi\u0119gowych<\/title>\n<meta name=\"description\" content=\"HLB to globalna sie\u0107 niezale\u017cnych firm doradczo-ksi\u0119gowych. Mamy histori\u0119 innowacji, wsp\u00f3\u0142pracy i skupiamy si\u0119 na pomaganiu naszym...\" \/>\n<meta name=\"robots\" content=\"index, follow, max-snippet:-1, max-image-preview:large, max-video-preview:-1\" \/>\n<link rel=\"canonical\" href=\"https:\/\/hlb-poland.global\/pl\/hlb\/\" \/>\n<meta property=\"og:locale\" content=\"pl_PL\" \/>\n<meta property=\"og:type\" content=\"article\" \/>\n<meta property=\"og:title\" content=\"HLB to globalna sie\u0107 niezale\u017cnych firm doradczo-ksi\u0119gowych\" \/>\n<meta property=\"og:description\" content=\"HLB to globalna sie\u0107 niezale\u017cnych firm doradczo-ksi\u0119gowych. Mamy histori\u0119 innowacji, wsp\u00f3\u0142pracy i skupiamy si\u0119 na pomaganiu naszym...\" \/>\n<meta property=\"og:url\" content=\"https:\/\/hlb-poland.global\/pl\/hlb\/\" \/>\n<meta property=\"og:site_name\" content=\"HLB Poland\" \/>\n<meta property=\"article:publisher\" content=\"https:\/\/www.facebook.com\/HLBPoland\" \/>\n<meta property=\"article:modified_time\" content=\"2024-03-27T11:34:50+00:00\" \/>\n<meta name=\"twitter:card\" content=\"summary_large_image\" \/>\n<meta name=\"twitter:label1\" content=\"Szacowany czas czytania\" \/>\n\t<meta name=\"twitter:data1\" content=\"2 minuty\" \/>\n<script type=\"application\/ld+json\" class=\"yoast-schema-graph\">{\"@context\":\"https:\/\/schema.org\",\"@graph\":[{\"@type\":\"WebPage\",\"@id\":\"https:\/\/hlb-poland.global\/pl\/hlb\/\",\"url\":\"https:\/\/hlb-poland.global\/pl\/hlb\/\",\"name\":\"HLB to globalna sie\u0107 niezale\u017cnych firm doradczo-ksi\u0119gowych\",\"isPartOf\":{\"@id\":\"https:\/\/hlb-poland.global\/#website\"},\"datePublished\":\"2018-12-11T08:08:38+00:00\",\"dateModified\":\"2024-03-27T11:34:50+00:00\",\"description\":\"HLB to globalna sie\u0107 niezale\u017cnych firm doradczo-ksi\u0119gowych. Mamy histori\u0119 innowacji, wsp\u00f3\u0142pracy i skupiamy si\u0119 na pomaganiu naszym...\",\"breadcrumb\":{\"@id\":\"https:\/\/hlb-poland.global\/pl\/hlb\/#breadcrumb\"},\"inLanguage\":\"pl-PL\",\"potentialAction\":[{\"@type\":\"ReadAction\",\"target\":[\"https:\/\/hlb-poland.global\/pl\/hlb\/\"]}]},{\"@type\":\"BreadcrumbList\",\"@id\":\"https:\/\/hlb-poland.global\/pl\/hlb\/#breadcrumb\",\"itemListElement\":[{\"@type\":\"ListItem\",\"position\":1,\"name\":\"Strona g\u0142\u00f3wna\",\"item\":\"https:\/\/hlb-poland.global\/pl\/\"},{\"@type\":\"ListItem\",\"position\":2,\"name\":\"HLB Global &#8211; kim jeste\u015bmy\"}]},{\"@type\":\"WebSite\",\"@id\":\"https:\/\/hlb-poland.global\/#website\",\"url\":\"https:\/\/hlb-poland.global\/\",\"name\":\"HLB Poland\",\"description\":\"Advisory and accounting\",\"publisher\":{\"@id\":\"https:\/\/hlb-poland.global\/#organization\"},\"potentialAction\":[{\"@type\":\"SearchAction\",\"target\":{\"@type\":\"EntryPoint\",\"urlTemplate\":\"https:\/\/hlb-poland.global\/?s={search_term_string}\"},\"query-input\":{\"@type\":\"PropertyValueSpecification\",\"valueRequired\":true,\"valueName\":\"search_term_string\"}}],\"inLanguage\":\"pl-PL\"},{\"@type\":\"Organization\",\"@id\":\"https:\/\/hlb-poland.global\/#organization\",\"name\":\"HLB Poland\",\"url\":\"https:\/\/hlb-poland.global\/\",\"logo\":{\"@type\":\"ImageObject\",\"inLanguage\":\"pl-PL\",\"@id\":\"https:\/\/hlb-poland.global\/#\/schema\/logo\/image\/\",\"url\":\"https:\/\/hlb-poland.global\/wp-content\/uploads\/2025\/12\/hlb-poland-og-image.png\",\"contentUrl\":\"https:\/\/hlb-poland.global\/wp-content\/uploads\/2025\/12\/hlb-poland-og-image.png\",\"width\":1200,\"height\":630,\"caption\":\"HLB Poland\"},\"image\":{\"@id\":\"https:\/\/hlb-poland.global\/#\/schema\/logo\/image\/\"},\"sameAs\":[\"https:\/\/www.facebook.com\/HLBPoland\",\"https:\/\/www.linkedin.com\/company\/hlb-poland\"]}]}<\/script>\n<!-- \/ Yoast SEO plugin. -->","yoast_head_json":{"title":"HLB to globalna sie\u0107 niezale\u017cnych firm doradczo-ksi\u0119gowych","description":"HLB to globalna sie\u0107 niezale\u017cnych firm doradczo-ksi\u0119gowych. Mamy histori\u0119 innowacji, wsp\u00f3\u0142pracy i skupiamy si\u0119 na pomaganiu naszym...","robots":{"index":"index","follow":"follow","max-snippet":"max-snippet:-1","max-image-preview":"max-image-preview:large","max-video-preview":"max-video-preview:-1"},"canonical":"https:\/\/hlb-poland.global\/pl\/hlb\/","og_locale":"pl_PL","og_type":"article","og_title":"HLB to globalna sie\u0107 niezale\u017cnych firm doradczo-ksi\u0119gowych","og_description":"HLB to globalna sie\u0107 niezale\u017cnych firm doradczo-ksi\u0119gowych. Mamy histori\u0119 innowacji, wsp\u00f3\u0142pracy i skupiamy si\u0119 na pomaganiu naszym...","og_url":"https:\/\/hlb-poland.global\/pl\/hlb\/","og_site_name":"HLB Poland","article_publisher":"https:\/\/www.facebook.com\/HLBPoland","article_modified_time":"2024-03-27T11:34:50+00:00","twitter_card":"summary_large_image","twitter_misc":{"Szacowany czas czytania":"2 minuty"},"schema":{"@context":"https:\/\/schema.org","@graph":[{"@type":"WebPage","@id":"https:\/\/hlb-poland.global\/pl\/hlb\/","url":"https:\/\/hlb-poland.global\/pl\/hlb\/","name":"HLB to globalna sie\u0107 niezale\u017cnych firm doradczo-ksi\u0119gowych","isPartOf":{"@id":"https:\/\/hlb-poland.global\/#website"},"datePublished":"2018-12-11T08:08:38+00:00","dateModified":"2024-03-27T11:34:50+00:00","description":"HLB to globalna sie\u0107 niezale\u017cnych firm doradczo-ksi\u0119gowych. Mamy histori\u0119 innowacji, wsp\u00f3\u0142pracy i skupiamy si\u0119 na pomaganiu naszym...","breadcrumb":{"@id":"https:\/\/hlb-poland.global\/pl\/hlb\/#breadcrumb"},"inLanguage":"pl-PL","potentialAction":[{"@type":"ReadAction","target":["https:\/\/hlb-poland.global\/pl\/hlb\/"]}]},{"@type":"BreadcrumbList","@id":"https:\/\/hlb-poland.global\/pl\/hlb\/#breadcrumb","itemListElement":[{"@type":"ListItem","position":1,"name":"Strona g\u0142\u00f3wna","item":"https:\/\/hlb-poland.global\/pl\/"},{"@type":"ListItem","position":2,"name":"HLB Global &#8211; kim jeste\u015bmy"}]},{"@type":"WebSite","@id":"https:\/\/hlb-poland.global\/#website","url":"https:\/\/hlb-poland.global\/","name":"HLB Poland","description":"Advisory and accounting","publisher":{"@id":"https:\/\/hlb-poland.global\/#organization"},"potentialAction":[{"@type":"SearchAction","target":{"@type":"EntryPoint","urlTemplate":"https:\/\/hlb-poland.global\/?s={search_term_string}"},"query-input":{"@type":"PropertyValueSpecification","valueRequired":true,"valueName":"search_term_string"}}],"inLanguage":"pl-PL"},{"@type":"Organization","@id":"https:\/\/hlb-poland.global\/#organization","name":"HLB Poland","url":"https:\/\/hlb-poland.global\/","logo":{"@type":"ImageObject","inLanguage":"pl-PL","@id":"https:\/\/hlb-poland.global\/#\/schema\/logo\/image\/","url":"https:\/\/hlb-poland.global\/wp-content\/uploads\/2025\/12\/hlb-poland-og-image.png","contentUrl":"https:\/\/hlb-poland.global\/wp-content\/uploads\/2025\/12\/hlb-poland-og-image.png","width":1200,"height":630,"caption":"HLB Poland"},"image":{"@id":"https:\/\/hlb-poland.global\/#\/schema\/logo\/image\/"},"sameAs":["https:\/\/www.facebook.com\/HLBPoland","https:\/\/www.linkedin.com\/company\/hlb-poland"]}]}},"_links":{"self":[{"href":"https:\/\/hlb-poland.global\/pl\/wp-json\/wp\/v2\/pages\/1845","targetHints":{"allow":["GET"]}}],"collection":[{"href":"https:\/\/hlb-poland.global\/pl\/wp-json\/wp\/v2\/pages"}],"about":[{"href":"https:\/\/hlb-poland.global\/pl\/wp-json\/wp\/v2\/types\/page"}],"author":[{"embeddable":true,"href":"https:\/\/hlb-poland.global\/pl\/wp-json\/wp\/v2\/users\/3"}],"replies":[{"embeddable":true,"href":"https:\/\/hlb-poland.global\/pl\/wp-json\/wp\/v2\/comments?post=1845"}],"version-history":[{"count":16,"href":"https:\/\/hlb-poland.global\/pl\/wp-json\/wp\/v2\/pages\/1845\/revisions"}],"predecessor-version":[{"id":14436,"href":"https:\/\/hlb-poland.global\/pl\/wp-json\/wp\/v2\/pages\/1845\/revisions\/14436"}],"wp:attachment":[{"href":"https:\/\/hlb-poland.global\/pl\/wp-json\/wp\/v2\/media?parent=1845"}],"curies":[{"name":"wp","href":"https:\/\/api.w.org\/{rel}","templated":true}]}}