
{"id":1847,"date":"2018-12-11T09:09:01","date_gmt":"2018-12-11T08:09:01","guid":{"rendered":"http:\/\/hlb-poland.global\/?page_id=1847"},"modified":"2022-12-27T14:09:43","modified_gmt":"2022-12-27T13:09:43","slug":"uslugi","status":"publish","type":"page","link":"https:\/\/hlb-poland.global\/pl\/uslugi\/","title":{"rendered":"Us\u0142ugi \u015bwiadczone przez HLB Poland"},"content":{"rendered":"<h3>Us\u0142ugi dostosowane do Pa\u0144stwa potrzeb &#8211; je\u017celi jaki\u015b element w Pa\u0144stwa firmie nie jest g\u0142\u00f3wn\u0105 dzia\u0142alno\u015bci\u0105, to prawdopodobnie stanie si\u0119 tak\u0105 dla nas!<\/h3>\n<p><span style=\"font-weight: bold;\">HLB Poland<\/span> jest w stanie dostarczy\u0107 jedn\u0105 lub dwie indywidualne us\u0142ugi, ca\u0142\u0105 funkcj\u0119 (np. podatkow\u0105, audytow\u0105, ksi\u0119gow\u0105 lub kadrow\u0105) lub kompleksowy proces biznesowy. Przekszta\u0142camy istniej\u0105ce us\u0142ugi i zarz\u0105dzamy nimi lub tworzymy i prowadzimy zupe\u0142nie nowe, a tak\u017ce jeste\u015bmy w stanie dostarczy\u0107 Pa\u0144stwu tak\u0105 us\u0142ug\u0119 lub takie pe\u0142ne rozwi\u0105zane na kilka sposob\u00f3w, dostosowuj\u0105c je do konkretnych potrzeb.<\/p>\n<p>Obs\u0142uga w j\u0119zykach narodowych <span style=\"font-weight: bold;\">HLB Poland<\/span> zapewnia uzyskanie odpowiedzi na Pa\u0144stwa zapytania w wybranym przez Pa\u0144stwa j\u0119zyku narodowym.<\/p>\n<hr \/>\n<div class=\"row\">\n<div class=\"col-12 col-md-12 col-lg-4 col-xl-4 block\">\n<div class=\"image\"><img decoding=\"async\" class=\"img-fluid\" src=\"https:\/\/hlb-poland.global\/wp-content\/themes\/hlb-poland\/images\/audit-reviews-m.jpg\" alt=\"Audyt\" \/><\/div>\n<h4>Audyt<\/h4>\n<p><span style=\"font-weight: bold;\">HLB Poland<\/span> zapewnia najwy\u017cszej jako\u015bci us\u0142ugi audytu finansowego. Nasze us\u0142ugi s\u0105 wykonywane zgodnie&#8230;<br \/>\n<a class=\"more-link\" title=\"Audit\" href=\"https:\/\/hlb-poland.global\/pl\/uslugi\/audyt\/\">Dowiedz si\u0119 wi\u0119cej<\/a><\/p>\n<\/div>\n<div class=\"col-12 col-md-12 col-lg-4 col-xl-4 block\">\n<div class=\"image\"><img decoding=\"async\" class=\"img-fluid\" src=\"https:\/\/hlb-poland.global\/wp-content\/themes\/hlb-poland\/images\/assurance-m.jpg\" alt=\"Assurance\" \/><\/div>\n<h4>Assurance<\/h4>\n<p>Kiedy firmy staraj\u0105 si\u0119 robi\u0107 interesy z innymi organizacjami, by\u0107 mo\u017ce pr\u00f3buj\u0105c pozyska\u0107 pieni\u0105dze od zewn\u0119trznych inwestor\u00f3w&#8230;<br \/>\n<a class=\"more-link\" title=\"Assurance\" href=\"https:\/\/hlb-poland.global\/pl\/uslugi\/assurance\/\">Dowiedz si\u0119 wi\u0119cej<\/a><\/p>\n<\/div>\n<div class=\"col-12 col-md-12 col-lg-4 col-xl-4 block\">\n<div class=\"image\"><img decoding=\"async\" class=\"img-fluid\" src=\"https:\/\/hlb-poland.global\/wp-content\/themes\/hlb-poland\/images\/finance-accounting-m.jpg\" alt=\"Finanse i ksi\u0119gowo\u015b\u0107\" \/><\/div>\n<h4>Finanse i ksi\u0119gowo\u015b\u0107<\/h4>\n<p>Pa\u0144stwa firma zas\u0142uguje na tak samo wysok\u0105 jako\u015b\u0107 sprawozdawczo\u015bci ksi\u0119gowej i finansowej jak firmy Fortune 500&#8230;<br \/>\n<a class=\"more-link\" title=\"Finanse i ksi\u0119gowo\u015b\u0107\" href=\"https:\/\/hlb-poland.global\/pl\/uslugi\/finanse-i-ksiegowosc\/\">Dowiedz si\u0119 wi\u0119cej<\/a><\/p>\n<\/div>\n<div class=\"col-12 col-md-12 col-lg-4 col-xl-4 block\">\n<div class=\"image\"><img decoding=\"async\" class=\"img-fluid\" src=\"https:\/\/hlb-poland.global\/wp-content\/themes\/hlb-poland\/images\/corporate-advisory-m.jpg\" alt=\"Doradztwo korporacyjne\" \/><\/div>\n<h4>Doradztwo korporacyjne<\/h4>\n<p>Ka\u017cda umowa biznesowa przynosi ze sob\u0105 konkretny zestaw wyzwa\u0144, wymagaj\u0105cych specjalistycznej wiedzy i do\u015bwiadczenia&#8230;<br \/>\n<a class=\"more-link\" title=\"Doradztwo korporacyjne\" href=\"https:\/\/hlb-poland.global\/pl\/uslugi\/doradztwo-korporacyjne\/\">Dowiedz si\u0119 wi\u0119cej<\/a><\/p>\n<\/div>\n<div class=\"col-12 col-md-12 col-lg-4 col-xl-4 block\">\n<div class=\"image\"><img decoding=\"async\" class=\"img-fluid\" src=\"https:\/\/hlb-poland.global\/wp-content\/themes\/hlb-poland\/images\/tax-m.jpg\" alt=\"Podatki\" \/><\/div>\n<h4>Podatki<\/h4>\n<p>Kwestia podatk\u00f3w zawsze pojawia si\u0119 w prawie ka\u017cdym obszarze Pa\u0144stwa dzia\u0142alno\u015bci. Aby unikn\u0105\u0107 nieoczekiwanych strat&#8230;<br \/>\n<a class=\"more-link\" title=\"Podatki\" href=\"https:\/\/hlb-poland.global\/pl\/uslugi\/podatki\/\">Dowiedz si\u0119 wi\u0119cej<\/a><\/p>\n<\/div>\n<div class=\"col-12 col-md-12 col-lg-4 col-xl-4 block\">\n<div class=\"image\"><img decoding=\"async\" class=\"img-fluid\" src=\"https:\/\/hlb-poland.global\/wp-content\/themes\/hlb-poland\/images\/hr-payroll-m.jpg\" alt=\"Kadry i p\u0142ace\" \/><\/div>\n<h4>Kadry i p\u0142ace<\/h4>\n<p>Outsourcing us\u0142ug kadrowo-p\u0142acowych do firmy zewn\u0119trznej ma wiele zalet. Najwa\u017cniejsze z nich to zmniejszenie&#8230;<br \/>\n<a class=\"more-link\" title=\"Kadry i p\u0142ace\" href=\"https:\/\/hlb-poland.global\/pl\/uslugi\/kadry-i-place\/\">Dowiedz si\u0119 wi\u0119cej<\/a><\/p>\n<\/div>\n<div class=\"col-12 col-md-12 col-lg-4 col-xl-4 block\">\n<div class=\"image\"><img decoding=\"async\" class=\"img-fluid\" src=\"https:\/\/hlb-poland.global\/wp-content\/themes\/hlb-poland\/images\/transaction-advisory-m.jpg\" alt=\"Doradztwo transakcyjne\" \/><\/div>\n<h4>Doradztwo transakcyjne<\/h4>\n<p>Doradztwo transakcyjne obejmuje kompleksowe wsparcia w ramach operacji zwi\u0105zanych z fuzjami i przej\u0119ciami&#8230;<br \/>\n<a class=\"more-link\" title=\"Doradztwo transakcyjne\" href=\"https:\/\/hlb-poland.global\/pl\/uslugi\/doradztwo-transakcyjne\/\">Dowiedz si\u0119 wi\u0119cej<\/a><\/p>\n<\/div>\n<div class=\"col-12 col-md-12 col-lg-4 col-xl-4 block\">\n<div class=\"image\"><img decoding=\"async\" class=\"img-fluid\" src=\"https:\/\/hlb-poland.global\/wp-content\/themes\/hlb-poland\/images\/strategic-advisory-m.jpg\" alt=\"Doradztwo strategiczne\" \/><\/div>\n<h4>Doradztwo strategiczne<\/h4>\n<p>Pomagamy naszym Klientom rozwi\u0105zywa\u0107 problemy biznesowe poprzez doradztwo w zakresie podnoszenia jako\u015bci zarz\u0105dzania&#8230;<br \/>\n<a class=\"more-link\" title=\"Doradztwo strategiczne\" href=\"https:\/\/hlb-poland.global\/pl\/uslugi\/doradztwo-strategiczne\/\">Dowiedz si\u0119 wi\u0119cej<\/a><\/p>\n<\/div>\n<div class=\"col-12 col-md-12 col-lg-4 col-xl-4 block\">\n<div class=\"image\"><img decoding=\"async\" class=\"img-fluid\" src=\"https:\/\/hlb-poland.global\/wp-content\/themes\/hlb-poland\/images\/operational-advisory-m.jpg\" alt=\"Doradztwo operacyjne\" \/><\/div>\n<h4>Doradztwo operacyjne<\/h4>\n<p>Doradztwo operacyjne obejmuje dzia\u0142ania nakierowane na optymalizacj\u0119 bie\u017c\u0105cej dzia\u0142alno\u015bci firmy&#8230;<br \/>\n<a class=\"more-link\" title=\"Doradztwo operacyjne\" href=\"https:\/\/hlb-poland.global\/pl\/uslugi\/doradztwo-operacyjne\/\">Dowiedz si\u0119 wi\u0119cej<\/a><\/p>\n<\/div>\n<div class=\"col-12 col-md-12 col-lg-4 col-xl-4 block\">\n<div class=\"image\"><img decoding=\"async\" class=\"img-fluid\" src=\"https:\/\/hlb-poland.global\/wp-content\/themes\/hlb-poland\/images\/business-services-m.jpg\" alt=\"Us\u0142ugi biznesowe\" \/><\/div>\n<h4>Us\u0142ugi biznesowe<\/h4>\n<p>Je\u017celi Pa\u0144stwa firma potrzebuje lokalizacji w Polsce, <span style=\"font-weight: bold;\">HLB Poland<\/span> z wielk\u0105 przyjemno\u015bci\u0105 podejmie si\u0119 wszelkich koniecznych dzia\u0142a\u0144&#8230;<br \/>\n<a class=\"more-link\" title=\"Us\u0142ugi biznesowe\" href=\"https:\/\/hlb-poland.global\/pl\/uslugi\/uslugi-biznesowe\/\">Dowiedz si\u0119 wi\u0119cej<\/a><\/p>\n<\/div>\n<div class=\"col-12 col-md-12 col-lg-4 col-xl-4 block\">\n<div class=\"image\"><img decoding=\"async\" class=\"img-fluid\" src=\"https:\/\/hlb-poland.global\/wp-content\/themes\/hlb-poland\/images\/consulting-m.jpg\" alt=\"Doradztwo\" \/><\/div>\n<h4>Doradztwo<\/h4>\n<p>Doradcy <span style=\"font-weight: bold;\">HLB Poland<\/span> b\u0119d\u0105 z Pa\u0144stwem blisko wsp\u00f3\u0142pracowa\u0107 w celu znalezienia w\u0142a\u015bciwego rozwi\u0105zania&#8230;<br \/>\n<a class=\"more-link\" title=\"Doradztwo\" href=\"https:\/\/hlb-poland.global\/pl\/uslugi\/doradztwo\/\">Dowiedz si\u0119 wi\u0119cej<\/a><\/p>\n<\/div>\n<div class=\"col-12 col-md-12 col-lg-4 col-xl-4 block\">\n<div class=\"image\"><img decoding=\"async\" class=\"img-fluid\" src=\"https:\/\/hlb-poland.global\/wp-content\/themes\/hlb-poland\/images\/it-services-m.jpg\" alt=\"Us\u0142ugi IT\" \/><\/div>\n<h4>Us\u0142ugi IT<\/h4>\n<p><span style=\"font-weight: bold;\">HLB Poland<\/span> oferuje Pa\u0144stwa firmie doradztwo i pomoc specjalistycznego personelu w dziedzinie bezpiecze\u0144stwa IT&#8230;<br \/>\n<a class=\"more-link\" title=\"Us\u0142ugi IT\" href=\"https:\/\/hlb-poland.global\/pl\/uslugi\/uslugi-it\/\">Dowiedz si\u0119 wi\u0119cej<\/a><\/p>\n<\/div>\n<div class=\"col-12 col-md-12 col-lg-4 col-xl-4 block-last\">\n<div class=\"image\"><img decoding=\"async\" class=\"img-fluid\" src=\"https:\/\/hlb-poland.global\/wp-content\/themes\/hlb-poland\/images\/vat-compliance-for-online-sellers-m.jpg\" alt=\"VAT Compliance dla sprzedaj\u0105cych Online\" \/><\/div>\n<h4>VAT Compliance dla sprzedaj\u0105cych Online<\/h4>\n<p>W 2017 roku 1,66 miliarda ludzi dokona\u0142o zakup\u00f3w online, a sprzeda\u017c internetowa wynios\u0142a 2,3 biliona dolar\u00f3w&#8230;<br \/>\n<a class=\"more-link\" title=\"VAT Compliance dla sprzedaj\u0105cych Online\" href=\"https:\/\/hlb-poland.global\/pl\/uslugi\/vat-compliance-dla-sprzedajacych-online\/\">Dowiedz si\u0119 wi\u0119cej<\/a><\/p>\n<\/div>\n<div class=\"col-12 col-md-12 col-lg-4 col-xl-4 block-last\">\n<div class=\"image\"><img decoding=\"async\" class=\"img-fluid\" src=\"https:\/\/hlb-poland.global\/wp-content\/themes\/hlb-poland\/images\/trainings-m.jpg\" alt=\"Szkolenia\" \/><\/div>\n<h4>Szkolenia<\/h4>\n<p>Proponujemy Pa\u0144stwu bogat\u0105 ofert\u0119 szkole\u0144, warsztat\u00f3w i konsultacji z zakresu rachunkowo\u015bci i finans\u00f3w, kt\u00f3re realizujemy&#8230;<br \/>\n<a class=\"more-link\" title=\"Szkolenia\" href=\"https:\/\/hlb-poland.global\/pl\/uslugi\/szkolenia\/\">Dowiedz si\u0119 wi\u0119cej<\/a><\/p>\n<\/div>\n<div class=\"col-12 col-md-12 col-lg-4 col-xl-4 block-last\">\n<div class=\"image\"><img decoding=\"async\" class=\"img-fluid\" src=\"https:\/\/hlb-poland.global\/wp-content\/themes\/hlb-poland\/images\/legal-m.jpg\" alt=\"Us\u0142ugi prawne\" \/><\/div>\n<h4>Us\u0142ugi prawne \u015bwiadczone przez firmy partnerskie<\/h4>\n<p>W \u015brodowisku biznesowym, kt\u00f3re jest coraz bardziej globalne i skomplikowane, chc\u0105 mie\u0107 Pa\u0144stwo pewno\u015b\u0107, \u017ce udzielane porady&#8230;<br \/>\n<a class=\"more-link\" title=\"Us\u0142ugi prawne\" href=\"https:\/\/hlb-poland.global\/pl\/uslugi\/uslugi-prawne\/\">Dowiedz si\u0119 wi\u0119cej<\/a><\/p>\n<\/div>\n<\/div>\n","protected":false},"excerpt":{"rendered":"<p>Us\u0142ugi dostosowane do Pa\u0144stwa potrzeb &#8211; je\u017celi jaki\u015b element w Pa\u0144stwa firmie nie jest g\u0142\u00f3wn\u0105 dzia\u0142alno\u015bci\u0105, to prawdopodobnie stanie si\u0119..<\/p>\n<div class=\"clear\"><\/div><a class=\"more-link\" href=\"https:\/\/hlb-poland.global\/pl\/uslugi\/\"> Dowiedz si\u0119 wi\u0119cej <\/a>","protected":false},"author":3,"featured_media":0,"parent":0,"menu_order":0,"comment_status":"closed","ping_status":"closed","template":"","meta":{"_acf_changed":false,"footnotes":""},"class_list":["post-1847","page","type-page","status-publish","hentry"],"acf":[],"yoast_head":"<!-- This site is optimized with the Yoast SEO plugin v27.2 - https:\/\/yoast.com\/product\/yoast-seo-wordpress\/ -->\n<title>Celem HLB Poland jest sta\u0107 si\u0119 silnym partnerem wspieraj\u0105cym<\/title>\n<meta name=\"description\" content=\"Celem HLB Poland jest sta\u0107 si\u0119 silnym partnerem wspieraj\u0105cym i zarz\u0105dzaj\u0105cym codziennymi procesami biznesowymi firm i przedsi\u0119biorc\u00f3w...\" \/>\n<meta name=\"robots\" content=\"index, follow, max-snippet:-1, max-image-preview:large, max-video-preview:-1\" \/>\n<link rel=\"canonical\" href=\"https:\/\/hlb-poland.global\/pl\/uslugi\/\" \/>\n<meta property=\"og:locale\" content=\"pl_PL\" \/>\n<meta property=\"og:type\" content=\"article\" \/>\n<meta property=\"og:title\" content=\"Celem HLB Poland jest sta\u0107 si\u0119 silnym partnerem wspieraj\u0105cym\" \/>\n<meta property=\"og:description\" content=\"Celem HLB Poland jest sta\u0107 si\u0119 silnym partnerem wspieraj\u0105cym i zarz\u0105dzaj\u0105cym codziennymi procesami biznesowymi firm i przedsi\u0119biorc\u00f3w...\" \/>\n<meta property=\"og:url\" content=\"https:\/\/hlb-poland.global\/pl\/uslugi\/\" \/>\n<meta property=\"og:site_name\" content=\"HLB Poland\" \/>\n<meta property=\"article:publisher\" content=\"https:\/\/www.facebook.com\/HLBPoland\" \/>\n<meta property=\"article:modified_time\" content=\"2022-12-27T13:09:43+00:00\" \/>\n<meta property=\"og:image\" content=\"https:\/\/hlb-poland.global\/wp-content\/themes\/hlb-poland\/images\/audit-reviews-m.jpg\" \/>\n<meta name=\"twitter:card\" content=\"summary_large_image\" \/>\n<meta name=\"twitter:label1\" content=\"Szacowany czas czytania\" \/>\n\t<meta name=\"twitter:data1\" content=\"2 minuty\" \/>\n<script type=\"application\/ld+json\" class=\"yoast-schema-graph\">{\"@context\":\"https:\/\/schema.org\",\"@graph\":[{\"@type\":\"WebPage\",\"@id\":\"https:\/\/hlb-poland.global\/pl\/uslugi\/\",\"url\":\"https:\/\/hlb-poland.global\/pl\/uslugi\/\",\"name\":\"Celem HLB Poland jest sta\u0107 si\u0119 silnym partnerem wspieraj\u0105cym\",\"isPartOf\":{\"@id\":\"https:\/\/hlb-poland.global\/#website\"},\"primaryImageOfPage\":{\"@id\":\"https:\/\/hlb-poland.global\/pl\/uslugi\/#primaryimage\"},\"image\":{\"@id\":\"https:\/\/hlb-poland.global\/pl\/uslugi\/#primaryimage\"},\"thumbnailUrl\":\"https:\/\/hlb-poland.global\/wp-content\/themes\/hlb-poland\/images\/audit-reviews-m.jpg\",\"datePublished\":\"2018-12-11T08:09:01+00:00\",\"dateModified\":\"2022-12-27T13:09:43+00:00\",\"description\":\"Celem HLB Poland jest sta\u0107 si\u0119 silnym partnerem wspieraj\u0105cym i zarz\u0105dzaj\u0105cym codziennymi procesami biznesowymi firm i przedsi\u0119biorc\u00f3w...\",\"breadcrumb\":{\"@id\":\"https:\/\/hlb-poland.global\/pl\/uslugi\/#breadcrumb\"},\"inLanguage\":\"pl-PL\",\"potentialAction\":[{\"@type\":\"ReadAction\",\"target\":[\"https:\/\/hlb-poland.global\/pl\/uslugi\/\"]}]},{\"@type\":\"ImageObject\",\"inLanguage\":\"pl-PL\",\"@id\":\"https:\/\/hlb-poland.global\/pl\/uslugi\/#primaryimage\",\"url\":\"https:\/\/hlb-poland.global\/wp-content\/themes\/hlb-poland\/images\/audit-reviews-m.jpg\",\"contentUrl\":\"https:\/\/hlb-poland.global\/wp-content\/themes\/hlb-poland\/images\/audit-reviews-m.jpg\"},{\"@type\":\"BreadcrumbList\",\"@id\":\"https:\/\/hlb-poland.global\/pl\/uslugi\/#breadcrumb\",\"itemListElement\":[{\"@type\":\"ListItem\",\"position\":1,\"name\":\"Strona g\u0142\u00f3wna\",\"item\":\"https:\/\/hlb-poland.global\/pl\/\"},{\"@type\":\"ListItem\",\"position\":2,\"name\":\"Us\u0142ugi \u015bwiadczone przez HLB Poland\"}]},{\"@type\":\"WebSite\",\"@id\":\"https:\/\/hlb-poland.global\/#website\",\"url\":\"https:\/\/hlb-poland.global\/\",\"name\":\"HLB Poland\",\"description\":\"Advisory and accounting\",\"publisher\":{\"@id\":\"https:\/\/hlb-poland.global\/#organization\"},\"potentialAction\":[{\"@type\":\"SearchAction\",\"target\":{\"@type\":\"EntryPoint\",\"urlTemplate\":\"https:\/\/hlb-poland.global\/?s={search_term_string}\"},\"query-input\":{\"@type\":\"PropertyValueSpecification\",\"valueRequired\":true,\"valueName\":\"search_term_string\"}}],\"inLanguage\":\"pl-PL\"},{\"@type\":\"Organization\",\"@id\":\"https:\/\/hlb-poland.global\/#organization\",\"name\":\"HLB Poland\",\"url\":\"https:\/\/hlb-poland.global\/\",\"logo\":{\"@type\":\"ImageObject\",\"inLanguage\":\"pl-PL\",\"@id\":\"https:\/\/hlb-poland.global\/#\/schema\/logo\/image\/\",\"url\":\"https:\/\/hlb-poland.global\/wp-content\/uploads\/2025\/12\/hlb-poland-og-image.png\",\"contentUrl\":\"https:\/\/hlb-poland.global\/wp-content\/uploads\/2025\/12\/hlb-poland-og-image.png\",\"width\":1200,\"height\":630,\"caption\":\"HLB Poland\"},\"image\":{\"@id\":\"https:\/\/hlb-poland.global\/#\/schema\/logo\/image\/\"},\"sameAs\":[\"https:\/\/www.facebook.com\/HLBPoland\",\"https:\/\/www.linkedin.com\/company\/hlb-poland\"]}]}<\/script>\n<!-- \/ Yoast SEO plugin. -->","yoast_head_json":{"title":"Celem HLB Poland jest sta\u0107 si\u0119 silnym partnerem wspieraj\u0105cym","description":"Celem HLB Poland jest sta\u0107 si\u0119 silnym partnerem wspieraj\u0105cym i zarz\u0105dzaj\u0105cym codziennymi procesami biznesowymi firm i przedsi\u0119biorc\u00f3w...","robots":{"index":"index","follow":"follow","max-snippet":"max-snippet:-1","max-image-preview":"max-image-preview:large","max-video-preview":"max-video-preview:-1"},"canonical":"https:\/\/hlb-poland.global\/pl\/uslugi\/","og_locale":"pl_PL","og_type":"article","og_title":"Celem HLB Poland jest sta\u0107 si\u0119 silnym partnerem wspieraj\u0105cym","og_description":"Celem HLB Poland jest sta\u0107 si\u0119 silnym partnerem wspieraj\u0105cym i zarz\u0105dzaj\u0105cym codziennymi procesami biznesowymi firm i przedsi\u0119biorc\u00f3w...","og_url":"https:\/\/hlb-poland.global\/pl\/uslugi\/","og_site_name":"HLB Poland","article_publisher":"https:\/\/www.facebook.com\/HLBPoland","article_modified_time":"2022-12-27T13:09:43+00:00","og_image":[{"url":"https:\/\/hlb-poland.global\/wp-content\/themes\/hlb-poland\/images\/audit-reviews-m.jpg","type":"","width":"","height":""}],"twitter_card":"summary_large_image","twitter_misc":{"Szacowany czas czytania":"2 minuty"},"schema":{"@context":"https:\/\/schema.org","@graph":[{"@type":"WebPage","@id":"https:\/\/hlb-poland.global\/pl\/uslugi\/","url":"https:\/\/hlb-poland.global\/pl\/uslugi\/","name":"Celem HLB Poland jest sta\u0107 si\u0119 silnym partnerem wspieraj\u0105cym","isPartOf":{"@id":"https:\/\/hlb-poland.global\/#website"},"primaryImageOfPage":{"@id":"https:\/\/hlb-poland.global\/pl\/uslugi\/#primaryimage"},"image":{"@id":"https:\/\/hlb-poland.global\/pl\/uslugi\/#primaryimage"},"thumbnailUrl":"https:\/\/hlb-poland.global\/wp-content\/themes\/hlb-poland\/images\/audit-reviews-m.jpg","datePublished":"2018-12-11T08:09:01+00:00","dateModified":"2022-12-27T13:09:43+00:00","description":"Celem HLB Poland jest sta\u0107 si\u0119 silnym partnerem wspieraj\u0105cym i zarz\u0105dzaj\u0105cym codziennymi procesami biznesowymi firm i przedsi\u0119biorc\u00f3w...","breadcrumb":{"@id":"https:\/\/hlb-poland.global\/pl\/uslugi\/#breadcrumb"},"inLanguage":"pl-PL","potentialAction":[{"@type":"ReadAction","target":["https:\/\/hlb-poland.global\/pl\/uslugi\/"]}]},{"@type":"ImageObject","inLanguage":"pl-PL","@id":"https:\/\/hlb-poland.global\/pl\/uslugi\/#primaryimage","url":"https:\/\/hlb-poland.global\/wp-content\/themes\/hlb-poland\/images\/audit-reviews-m.jpg","contentUrl":"https:\/\/hlb-poland.global\/wp-content\/themes\/hlb-poland\/images\/audit-reviews-m.jpg"},{"@type":"BreadcrumbList","@id":"https:\/\/hlb-poland.global\/pl\/uslugi\/#breadcrumb","itemListElement":[{"@type":"ListItem","position":1,"name":"Strona g\u0142\u00f3wna","item":"https:\/\/hlb-poland.global\/pl\/"},{"@type":"ListItem","position":2,"name":"Us\u0142ugi \u015bwiadczone przez HLB Poland"}]},{"@type":"WebSite","@id":"https:\/\/hlb-poland.global\/#website","url":"https:\/\/hlb-poland.global\/","name":"HLB Poland","description":"Advisory and accounting","publisher":{"@id":"https:\/\/hlb-poland.global\/#organization"},"potentialAction":[{"@type":"SearchAction","target":{"@type":"EntryPoint","urlTemplate":"https:\/\/hlb-poland.global\/?s={search_term_string}"},"query-input":{"@type":"PropertyValueSpecification","valueRequired":true,"valueName":"search_term_string"}}],"inLanguage":"pl-PL"},{"@type":"Organization","@id":"https:\/\/hlb-poland.global\/#organization","name":"HLB Poland","url":"https:\/\/hlb-poland.global\/","logo":{"@type":"ImageObject","inLanguage":"pl-PL","@id":"https:\/\/hlb-poland.global\/#\/schema\/logo\/image\/","url":"https:\/\/hlb-poland.global\/wp-content\/uploads\/2025\/12\/hlb-poland-og-image.png","contentUrl":"https:\/\/hlb-poland.global\/wp-content\/uploads\/2025\/12\/hlb-poland-og-image.png","width":1200,"height":630,"caption":"HLB Poland"},"image":{"@id":"https:\/\/hlb-poland.global\/#\/schema\/logo\/image\/"},"sameAs":["https:\/\/www.facebook.com\/HLBPoland","https:\/\/www.linkedin.com\/company\/hlb-poland"]}]}},"_links":{"self":[{"href":"https:\/\/hlb-poland.global\/pl\/wp-json\/wp\/v2\/pages\/1847","targetHints":{"allow":["GET"]}}],"collection":[{"href":"https:\/\/hlb-poland.global\/pl\/wp-json\/wp\/v2\/pages"}],"about":[{"href":"https:\/\/hlb-poland.global\/pl\/wp-json\/wp\/v2\/types\/page"}],"author":[{"embeddable":true,"href":"https:\/\/hlb-poland.global\/pl\/wp-json\/wp\/v2\/users\/3"}],"replies":[{"embeddable":true,"href":"https:\/\/hlb-poland.global\/pl\/wp-json\/wp\/v2\/comments?post=1847"}],"version-history":[{"count":37,"href":"https:\/\/hlb-poland.global\/pl\/wp-json\/wp\/v2\/pages\/1847\/revisions"}],"predecessor-version":[{"id":11310,"href":"https:\/\/hlb-poland.global\/pl\/wp-json\/wp\/v2\/pages\/1847\/revisions\/11310"}],"wp:attachment":[{"href":"https:\/\/hlb-poland.global\/pl\/wp-json\/wp\/v2\/media?parent=1847"}],"curies":[{"name":"wp","href":"https:\/\/api.w.org\/{rel}","templated":true}]}}