
{"id":1857,"date":"2018-12-11T11:57:28","date_gmt":"2018-12-11T10:57:28","guid":{"rendered":"http:\/\/hlb-poland.global\/?page_id=1857"},"modified":"2023-03-27T09:16:21","modified_gmt":"2023-03-27T08:16:21","slug":"zostan-czlonkiem","status":"publish","type":"page","link":"https:\/\/hlb-poland.global\/pl\/o-nas\/zostan-czlonkiem\/","title":{"rendered":"Zosta\u0144 cz\u0142onkiem HLB Poland"},"content":{"rendered":"<h3>Wsp\u00f3lnie to robimy<\/h3>\n<p>HLB to spersonalizowana, globalna sie\u0107 specjalist\u00f3w ksi\u0119gowych, podatkowych i doradczych. Dla nas osobiste powi\u0105zania s\u0105 niezwykle wa\u017cne i wielu z nas osobi\u015bcie si\u0119 zna od lat dzi\u0119ki licznym mo\u017cliwo\u015bciom wsp\u00f3\u0142pracy i pracy w sieci. To robi r\u00f3\u017cnic\u0119, je\u015bli chodzi o towarzyszenie swoim klientom za granic\u0105, poniewa\u017c b\u0119dziesz je odsy\u0142a\u0107 do koleg\u00f3w, kt\u00f3rych jako\u015b\u0107 us\u0142ug mo\u017cesz osobi\u015bcie r\u0119czy\u0107.<\/p>\n<div class=\"hlb-video\"><iframe loading=\"lazy\" src=\"https:\/\/www.youtube.com\/embed\/Xuo7vHbJvAg?controls=0\" width=\"100%\" height=\"100%\" frameborder=\"0\" allowfullscreen=\"allowfullscreen\"><\/iframe><\/div>\n<div class=\"banner-get-in-touch\">\n<p class=\"banner-get-in-touch-message\" style=\"font-size: 2.2rem !important;\">Skontaktuj si\u0119, aby poprosi\u0107<br \/>\no propozycj\u0119<\/p>\n<p><a class=\"button button-default\" title=\"Rozpocznij rozmow\u0119\" href=\"https:\/\/hlb-poland.global\/pl\/kontakt\/\">Rozpocznij rozmow\u0119<\/a><\/p>\n<\/div>\n","protected":false},"excerpt":{"rendered":"<p>Wsp\u00f3lnie to robimy HLB to spersonalizowana, globalna sie\u0107 specjalist\u00f3w ksi\u0119gowych, podatkowych i doradczych. Dla nas osobiste powi\u0105zania s\u0105 niezwykle wa\u017cne..<\/p>\n<div class=\"clear\"><\/div><a class=\"more-link\" href=\"https:\/\/hlb-poland.global\/pl\/o-nas\/zostan-czlonkiem\/\"> Dowiedz si\u0119 wi\u0119cej <\/a>","protected":false},"author":3,"featured_media":0,"parent":1843,"menu_order":0,"comment_status":"closed","ping_status":"closed","template":"","meta":{"_acf_changed":false,"footnotes":""},"class_list":["post-1857","page","type-page","status-publish","hentry"],"acf":[],"yoast_head":"<!-- This site is optimized with the Yoast SEO plugin v27.2 - https:\/\/yoast.com\/product\/yoast-seo-wordpress\/ -->\n<title>Zosta\u0144 cz\u0142onkiem HLB Poland<\/title>\n<meta name=\"description\" content=\"Do\u0142\u0105czenie do globalnej sieci HLB jest \u0142atwe. HLB Global Network dzia\u0142a razem, aby realizowa\u0107 wsp\u00f3lne warto\u015bci i budowa\u0107 relacje na ca\u0142ym...\" \/>\n<meta name=\"robots\" content=\"index, follow, max-snippet:-1, max-image-preview:large, max-video-preview:-1\" \/>\n<link rel=\"canonical\" href=\"https:\/\/hlb-poland.global\/pl\/o-nas\/zostan-czlonkiem\/\" \/>\n<meta property=\"og:locale\" content=\"pl_PL\" \/>\n<meta property=\"og:type\" content=\"article\" \/>\n<meta property=\"og:title\" content=\"Zosta\u0144 cz\u0142onkiem HLB Poland\" \/>\n<meta property=\"og:description\" content=\"Do\u0142\u0105czenie do globalnej sieci HLB jest \u0142atwe. HLB Global Network dzia\u0142a razem, aby realizowa\u0107 wsp\u00f3lne warto\u015bci i budowa\u0107 relacje na ca\u0142ym...\" \/>\n<meta property=\"og:url\" content=\"https:\/\/hlb-poland.global\/pl\/o-nas\/zostan-czlonkiem\/\" \/>\n<meta property=\"og:site_name\" content=\"HLB Poland\" \/>\n<meta property=\"article:publisher\" content=\"https:\/\/www.facebook.com\/HLBPoland\" \/>\n<meta property=\"article:modified_time\" content=\"2023-03-27T08:16:21+00:00\" \/>\n<meta name=\"twitter:card\" content=\"summary_large_image\" \/>\n<script type=\"application\/ld+json\" class=\"yoast-schema-graph\">{\"@context\":\"https:\/\/schema.org\",\"@graph\":[{\"@type\":\"WebPage\",\"@id\":\"https:\/\/hlb-poland.global\/pl\/o-nas\/zostan-czlonkiem\/\",\"url\":\"https:\/\/hlb-poland.global\/pl\/o-nas\/zostan-czlonkiem\/\",\"name\":\"Zosta\u0144 cz\u0142onkiem HLB Poland\",\"isPartOf\":{\"@id\":\"https:\/\/hlb-poland.global\/#website\"},\"datePublished\":\"2018-12-11T10:57:28+00:00\",\"dateModified\":\"2023-03-27T08:16:21+00:00\",\"description\":\"Do\u0142\u0105czenie do globalnej sieci HLB jest \u0142atwe. HLB Global Network dzia\u0142a razem, aby realizowa\u0107 wsp\u00f3lne warto\u015bci i budowa\u0107 relacje na ca\u0142ym...\",\"breadcrumb\":{\"@id\":\"https:\/\/hlb-poland.global\/pl\/o-nas\/zostan-czlonkiem\/#breadcrumb\"},\"inLanguage\":\"pl-PL\",\"potentialAction\":[{\"@type\":\"ReadAction\",\"target\":[\"https:\/\/hlb-poland.global\/pl\/o-nas\/zostan-czlonkiem\/\"]}]},{\"@type\":\"BreadcrumbList\",\"@id\":\"https:\/\/hlb-poland.global\/pl\/o-nas\/zostan-czlonkiem\/#breadcrumb\",\"itemListElement\":[{\"@type\":\"ListItem\",\"position\":1,\"name\":\"Strona g\u0142\u00f3wna\",\"item\":\"https:\/\/hlb-poland.global\/pl\/\"},{\"@type\":\"ListItem\",\"position\":2,\"name\":\"Dowiedz si\u0119 wi\u0119cej o nas\",\"item\":\"https:\/\/hlb-poland.global\/pl\/o-nas\/\"},{\"@type\":\"ListItem\",\"position\":3,\"name\":\"Zosta\u0144 cz\u0142onkiem HLB Poland\"}]},{\"@type\":\"WebSite\",\"@id\":\"https:\/\/hlb-poland.global\/#website\",\"url\":\"https:\/\/hlb-poland.global\/\",\"name\":\"HLB Poland\",\"description\":\"Advisory and accounting\",\"publisher\":{\"@id\":\"https:\/\/hlb-poland.global\/#organization\"},\"potentialAction\":[{\"@type\":\"SearchAction\",\"target\":{\"@type\":\"EntryPoint\",\"urlTemplate\":\"https:\/\/hlb-poland.global\/?s={search_term_string}\"},\"query-input\":{\"@type\":\"PropertyValueSpecification\",\"valueRequired\":true,\"valueName\":\"search_term_string\"}}],\"inLanguage\":\"pl-PL\"},{\"@type\":\"Organization\",\"@id\":\"https:\/\/hlb-poland.global\/#organization\",\"name\":\"HLB Poland\",\"url\":\"https:\/\/hlb-poland.global\/\",\"logo\":{\"@type\":\"ImageObject\",\"inLanguage\":\"pl-PL\",\"@id\":\"https:\/\/hlb-poland.global\/#\/schema\/logo\/image\/\",\"url\":\"https:\/\/hlb-poland.global\/wp-content\/uploads\/2025\/12\/hlb-poland-og-image.png\",\"contentUrl\":\"https:\/\/hlb-poland.global\/wp-content\/uploads\/2025\/12\/hlb-poland-og-image.png\",\"width\":1200,\"height\":630,\"caption\":\"HLB Poland\"},\"image\":{\"@id\":\"https:\/\/hlb-poland.global\/#\/schema\/logo\/image\/\"},\"sameAs\":[\"https:\/\/www.facebook.com\/HLBPoland\",\"https:\/\/www.linkedin.com\/company\/hlb-poland\"]}]}<\/script>\n<!-- \/ Yoast SEO plugin. -->","yoast_head_json":{"title":"Zosta\u0144 cz\u0142onkiem HLB Poland","description":"Do\u0142\u0105czenie do globalnej sieci HLB jest \u0142atwe. HLB Global Network dzia\u0142a razem, aby realizowa\u0107 wsp\u00f3lne warto\u015bci i budowa\u0107 relacje na ca\u0142ym...","robots":{"index":"index","follow":"follow","max-snippet":"max-snippet:-1","max-image-preview":"max-image-preview:large","max-video-preview":"max-video-preview:-1"},"canonical":"https:\/\/hlb-poland.global\/pl\/o-nas\/zostan-czlonkiem\/","og_locale":"pl_PL","og_type":"article","og_title":"Zosta\u0144 cz\u0142onkiem HLB Poland","og_description":"Do\u0142\u0105czenie do globalnej sieci HLB jest \u0142atwe. HLB Global Network dzia\u0142a razem, aby realizowa\u0107 wsp\u00f3lne warto\u015bci i budowa\u0107 relacje na ca\u0142ym...","og_url":"https:\/\/hlb-poland.global\/pl\/o-nas\/zostan-czlonkiem\/","og_site_name":"HLB Poland","article_publisher":"https:\/\/www.facebook.com\/HLBPoland","article_modified_time":"2023-03-27T08:16:21+00:00","twitter_card":"summary_large_image","schema":{"@context":"https:\/\/schema.org","@graph":[{"@type":"WebPage","@id":"https:\/\/hlb-poland.global\/pl\/o-nas\/zostan-czlonkiem\/","url":"https:\/\/hlb-poland.global\/pl\/o-nas\/zostan-czlonkiem\/","name":"Zosta\u0144 cz\u0142onkiem HLB Poland","isPartOf":{"@id":"https:\/\/hlb-poland.global\/#website"},"datePublished":"2018-12-11T10:57:28+00:00","dateModified":"2023-03-27T08:16:21+00:00","description":"Do\u0142\u0105czenie do globalnej sieci HLB jest \u0142atwe. HLB Global Network dzia\u0142a razem, aby realizowa\u0107 wsp\u00f3lne warto\u015bci i budowa\u0107 relacje na ca\u0142ym...","breadcrumb":{"@id":"https:\/\/hlb-poland.global\/pl\/o-nas\/zostan-czlonkiem\/#breadcrumb"},"inLanguage":"pl-PL","potentialAction":[{"@type":"ReadAction","target":["https:\/\/hlb-poland.global\/pl\/o-nas\/zostan-czlonkiem\/"]}]},{"@type":"BreadcrumbList","@id":"https:\/\/hlb-poland.global\/pl\/o-nas\/zostan-czlonkiem\/#breadcrumb","itemListElement":[{"@type":"ListItem","position":1,"name":"Strona g\u0142\u00f3wna","item":"https:\/\/hlb-poland.global\/pl\/"},{"@type":"ListItem","position":2,"name":"Dowiedz si\u0119 wi\u0119cej o nas","item":"https:\/\/hlb-poland.global\/pl\/o-nas\/"},{"@type":"ListItem","position":3,"name":"Zosta\u0144 cz\u0142onkiem HLB Poland"}]},{"@type":"WebSite","@id":"https:\/\/hlb-poland.global\/#website","url":"https:\/\/hlb-poland.global\/","name":"HLB Poland","description":"Advisory and accounting","publisher":{"@id":"https:\/\/hlb-poland.global\/#organization"},"potentialAction":[{"@type":"SearchAction","target":{"@type":"EntryPoint","urlTemplate":"https:\/\/hlb-poland.global\/?s={search_term_string}"},"query-input":{"@type":"PropertyValueSpecification","valueRequired":true,"valueName":"search_term_string"}}],"inLanguage":"pl-PL"},{"@type":"Organization","@id":"https:\/\/hlb-poland.global\/#organization","name":"HLB Poland","url":"https:\/\/hlb-poland.global\/","logo":{"@type":"ImageObject","inLanguage":"pl-PL","@id":"https:\/\/hlb-poland.global\/#\/schema\/logo\/image\/","url":"https:\/\/hlb-poland.global\/wp-content\/uploads\/2025\/12\/hlb-poland-og-image.png","contentUrl":"https:\/\/hlb-poland.global\/wp-content\/uploads\/2025\/12\/hlb-poland-og-image.png","width":1200,"height":630,"caption":"HLB Poland"},"image":{"@id":"https:\/\/hlb-poland.global\/#\/schema\/logo\/image\/"},"sameAs":["https:\/\/www.facebook.com\/HLBPoland","https:\/\/www.linkedin.com\/company\/hlb-poland"]}]}},"_links":{"self":[{"href":"https:\/\/hlb-poland.global\/pl\/wp-json\/wp\/v2\/pages\/1857","targetHints":{"allow":["GET"]}}],"collection":[{"href":"https:\/\/hlb-poland.global\/pl\/wp-json\/wp\/v2\/pages"}],"about":[{"href":"https:\/\/hlb-poland.global\/pl\/wp-json\/wp\/v2\/types\/page"}],"author":[{"embeddable":true,"href":"https:\/\/hlb-poland.global\/pl\/wp-json\/wp\/v2\/users\/3"}],"replies":[{"embeddable":true,"href":"https:\/\/hlb-poland.global\/pl\/wp-json\/wp\/v2\/comments?post=1857"}],"version-history":[{"count":9,"href":"https:\/\/hlb-poland.global\/pl\/wp-json\/wp\/v2\/pages\/1857\/revisions"}],"predecessor-version":[{"id":11309,"href":"https:\/\/hlb-poland.global\/pl\/wp-json\/wp\/v2\/pages\/1857\/revisions\/11309"}],"up":[{"embeddable":true,"href":"https:\/\/hlb-poland.global\/pl\/wp-json\/wp\/v2\/pages\/1843"}],"wp:attachment":[{"href":"https:\/\/hlb-poland.global\/pl\/wp-json\/wp\/v2\/media?parent=1857"}],"curies":[{"name":"wp","href":"https:\/\/api.w.org\/{rel}","templated":true}]}}