
{"id":1859,"date":"2018-12-11T12:00:07","date_gmt":"2018-12-11T11:00:07","guid":{"rendered":"http:\/\/hlb-poland.global\/?page_id=1859"},"modified":"2023-06-14T13:10:00","modified_gmt":"2023-06-14T12:10:00","slug":"kariera","status":"publish","type":"page","link":"https:\/\/hlb-poland.global\/pl\/o-nas\/kariera\/","title":{"rendered":"Kariera w HLB Poland"},"content":{"rendered":"<h3>Firmy cz\u0142onkowskie HLB zapewniaj\u0105 swoim pracownikom<\/h3>\n<p>Jako cz\u0119\u015b\u0107 globalnej sieci HLB International, masz mo\u017cliwo\u015b\u0107 pracy z zespo\u0142ami na ca\u0142ym \u015bwiecie i zdobywania do\u015bwiadczenia mi\u0119dzynarodowego. Warto podkre\u015bli\u0107, \u017ce firmy cz\u0142onkowskie HLB Poland podzielaj\u0105 wsp\u00f3lne warto\u015bci, takie jak etyka, odpowiedzialno\u015b\u0107, profesjonalizm i innowacyjno\u015b\u0107. Pracuj\u0105c dla nich, stajesz si\u0119 cz\u0119\u015bci\u0105 organizacji, kt\u00f3ra stawia na zr\u00f3wnowa\u017cony rozw\u00f3j, szanuje r\u00f3\u017cnorodno\u015b\u0107 i promuje otwart\u0105 komunikacj\u0119.<\/p>\n<div class=\"row\">\n<div class=\"col-12 col-sm-12 col-lg-6\">\n<ul>\n<li><span class=\"bold\">Rozw\u00f3j kariery<\/span>: Firmy cz\u0142onkowskie HLB Poland stawiaj\u0105 na ci\u0105g\u0142e szkolenia i rozw\u00f3j osobisty. Oferuj\u0105 Ci r\u00f3\u017cnorodne mo\u017cliwo\u015bci rozwoju zawodowego i osobistego.<\/li>\n<li><span class=\"bold\">Wsparcie i mentorstwo<\/span>: Firmy cz\u0142onkowskie HLB Poland ceni\u0105 sobie kultur\u0119 wsp\u00f3\u0142pracy, wsparcia i mentorstwa. Mo\u017cesz liczy\u0107 na pomoc i wsparcie od do\u015bwiadczonych cz\u0142onk\u00f3w zespo\u0142u<\/li>\n<li><span class=\"bold\">Z\u0142o\u017cone i ciekawe projekty<\/span>: Masz mo\u017cliwo\u015b\u0107 pracy nad zr\u00f3\u017cnicowanymi i wymagaj\u0105cymi projektami, kt\u00f3re pomog\u0105 Ci rozwija\u0107 umiej\u0119tno\u015bci i zdobywa\u0107 nowe do\u015bwiadczenia.<\/li>\n<\/ul>\n<\/div>\n<div class=\"col-12 col-sm-12 col-lg-6\">\n<ul>\n<li><span class=\"bold\">Elastyczne godziny pracy<\/span>: Firmy cz\u0142onkowskie HLB Poland rozumiej\u0105, \u017ce r\u00f3wnowaga mi\u0119dzy \u017cyciem zawodowym a prywatnym jest kluczowa dla dobrego samopoczucia i produktywno\u015bci. Dlatego oferuj\u0105 Ci elastyczne godziny pracy. <\/li>\n<li><span class=\"bold\">Kompetencyjne wynagrodzenie<\/span>: Oferuj\u0105 Ci konkurencyjne wynagrodzenie, kt\u00f3re jest adekwatne do Twoich umiej\u0119tno\u015bci, do\u015bwiadczenia i wk\u0142adu w firm\u0119.<\/li>\n<li><span class=\"bold\">Bogata sie\u0107 kontakt\u00f3w<\/span>: Pracuj\u0105c w firmach cz\u0142onkowskich HLB Poland, masz mo\u017cliwo\u015b\u0107 nawi\u0105zywania szerokich kontakt\u00f3w biznesowych, nie tylko na poziomie krajowym, ale r\u00f3wnie\u017c mi\u0119dzynarodowym. Mo\u017ce sta\u0107 si\u0119 to nieocenione dla Twojej przysz\u0142ej kariery.<\/li>\n<\/ul>\n<\/div>\n<\/div>\n<p>Opr\u00f3cz powy\u017cej wymienionych korzy\u015bci, jako potencjalny pracownik firm cz\u0142onkowskich HLB Poland, mo\u017cesz r\u00f3wnie\u017c liczy\u0107 na dodatkowe korzy\u015bci, kt\u00f3re mog\u0105 by\u0107 specyficzne dla konkretnej firmy lub stanowiska, na kt\u00f3re aplikujesz.<\/p>\n<hr>\n<div class=\"row\">\n<div class=\"col-12 col-sm-12 col-lg-4 company\">\n<div class=\"logo\"><img decoding=\"async\" src=\"https:\/\/hlb-poland.global\/wp-content\/themes\/hlb-poland\/images\/logo-avanta-audit.png\" alt=\"Avanta Audit Sp. z o.o. Sp. k.\" \/><\/div>\n<\/p><\/div>\n<div class=\"col-12 col-sm-12 col-lg-8\">\n<h3>Aktualne oferty pracy w Avanta Audit Sp. z o.o. Sp. k.<\/h3>\n<p>\t<a href=\"https:\/\/hlb-poland.global\/pl\/o-nas\/kariera\/stazysta-stazystka-w-dziale-audytu\/\" target=\"_blank\" class=\"button button-default\" title=\"Aplikuj\" rel=\"noopener\">Sta\u017cysta\/Sta\u017cystka w Dziale Audytu<\/a><br \/>\n<a href=\"https:\/\/hlb-poland.global\/pl\/o-nas\/kariera\/asystent-asystentka-w-dziale-audytu\/\" target=\"_blank\" class=\"button button-default\" title=\"Aplikuj\" rel=\"noopener\">Asystent\/Asystentka w Dziale Audytu<\/a><\/p><\/div>\n<\/p><\/div>\n<hr \/>\n<div class=\"row\">\n<div class=\"col-12 col-sm-12 col-lg-4 company\">\n<div class=\"logo\"><img decoding=\"async\" src=\"https:\/\/hlb-poland.global\/wp-content\/themes\/hlb-poland\/images\/logo-getsix.png\" alt=\"getsix Group\" \/><\/div>\n<\/p><\/div>\n<div class=\"col-12 col-sm-12 col-lg-8\">\n<h3>Aktualne oferty pracy w getsix Group<\/h3>\n<p><a href=\"https:\/\/getsix.pl\/kariera\/\" target=\"_blank\" class=\"button button-default\" title=\"Aplikuj\" rel=\"noopener\">Sprawd\u017a oferty pracy na getsix.pl<\/a>\n\t<\/div>\n<\/p><\/div>\n<hr \/>\n<div class=\"row\">\n<div class=\"col-12 col-sm-12 col-lg-4 company\">\n<div class=\"logo\"><img decoding=\"async\" src=\"https:\/\/hlb-poland.global\/wp-content\/themes\/hlb-poland\/images\/logo-hlb-m2.png\" alt=\"HLB M2\" \/><\/div>\n<\/p><\/div>\n<div class=\"col-12 col-sm-12 col-lg-8\">\n<h3>Aktualne oferty pracy w HLB M2 Sp. z.o.o. Sp.k.<\/h3>\n<p>Tymczasowo nie rekrutujemy na \u017cadne stanowisko.<\/p>\n<\/p><\/div>\n<\/p><\/div>\n","protected":false},"excerpt":{"rendered":"<p>Firmy cz\u0142onkowskie HLB zapewniaj\u0105 swoim pracownikom Jako cz\u0119\u015b\u0107 globalnej sieci HLB International, masz mo\u017cliwo\u015b\u0107 pracy z zespo\u0142ami na ca\u0142ym \u015bwiecie..<\/p>\n<div class=\"clear\"><\/div><a class=\"more-link\" href=\"https:\/\/hlb-poland.global\/pl\/o-nas\/kariera\/\"> Dowiedz si\u0119 wi\u0119cej <\/a>","protected":false},"author":3,"featured_media":12924,"parent":1843,"menu_order":0,"comment_status":"closed","ping_status":"closed","template":"","meta":{"_acf_changed":false,"footnotes":""},"class_list":["post-1859","page","type-page","status-publish","has-post-thumbnail","hentry"],"acf":[],"yoast_head":"<!-- This site is optimized with the Yoast SEO plugin v27.2 - https:\/\/yoast.com\/product\/yoast-seo-wordpress\/ -->\n<title>Kariera w firmach cz\u0142onkowskich HLB Poland<\/title>\n<meta name=\"description\" content=\"Twoja kariera jest w\u0142a\u015bnie taka jak j\u0105 zaprojektujesz. Ty wybierasz. Ty z tym \u017cyjesz. Sprawiasz, \u017ce to si\u0119 dzieje. Aby jak najlepiej...\" \/>\n<meta name=\"robots\" content=\"index, follow, max-snippet:-1, max-image-preview:large, max-video-preview:-1\" \/>\n<link rel=\"canonical\" href=\"https:\/\/hlb-poland.global\/pl\/o-nas\/kariera\/\" \/>\n<meta property=\"og:locale\" content=\"pl_PL\" \/>\n<meta property=\"og:type\" content=\"article\" \/>\n<meta property=\"og:title\" content=\"Kariera w firmach cz\u0142onkowskich HLB Poland\" \/>\n<meta property=\"og:description\" content=\"Twoja kariera jest w\u0142a\u015bnie taka jak j\u0105 zaprojektujesz. Ty wybierasz. Ty z tym \u017cyjesz. Sprawiasz, \u017ce to si\u0119 dzieje. Aby jak najlepiej...\" \/>\n<meta property=\"og:url\" content=\"https:\/\/hlb-poland.global\/pl\/o-nas\/kariera\/\" \/>\n<meta property=\"og:site_name\" content=\"HLB Poland\" \/>\n<meta property=\"article:publisher\" content=\"https:\/\/www.facebook.com\/HLBPoland\" \/>\n<meta property=\"article:modified_time\" content=\"2023-06-14T12:10:00+00:00\" \/>\n<meta property=\"og:image\" content=\"https:\/\/hlb-poland.global\/wp-content\/uploads\/2023\/06\/hlb-poland-og-image.png\" \/>\n\t<meta property=\"og:image:width\" content=\"1200\" \/>\n\t<meta property=\"og:image:height\" content=\"630\" \/>\n\t<meta property=\"og:image:type\" content=\"image\/png\" \/>\n<meta name=\"twitter:card\" content=\"summary_large_image\" \/>\n<meta name=\"twitter:label1\" content=\"Szacowany czas czytania\" \/>\n\t<meta name=\"twitter:data1\" content=\"2 minuty\" \/>\n<script type=\"application\/ld+json\" class=\"yoast-schema-graph\">{\"@context\":\"https:\/\/schema.org\",\"@graph\":[{\"@type\":\"WebPage\",\"@id\":\"https:\/\/hlb-poland.global\/pl\/o-nas\/kariera\/\",\"url\":\"https:\/\/hlb-poland.global\/pl\/o-nas\/kariera\/\",\"name\":\"Kariera w firmach cz\u0142onkowskich HLB Poland\",\"isPartOf\":{\"@id\":\"https:\/\/hlb-poland.global\/#website\"},\"primaryImageOfPage\":{\"@id\":\"https:\/\/hlb-poland.global\/pl\/o-nas\/kariera\/#primaryimage\"},\"image\":{\"@id\":\"https:\/\/hlb-poland.global\/pl\/o-nas\/kariera\/#primaryimage\"},\"thumbnailUrl\":\"https:\/\/hlb-poland.global\/wp-content\/uploads\/2023\/06\/hlb-poland-og-image.png\",\"datePublished\":\"2018-12-11T11:00:07+00:00\",\"dateModified\":\"2023-06-14T12:10:00+00:00\",\"description\":\"Twoja kariera jest w\u0142a\u015bnie taka jak j\u0105 zaprojektujesz. Ty wybierasz. Ty z tym \u017cyjesz. Sprawiasz, \u017ce to si\u0119 dzieje. Aby jak najlepiej...\",\"breadcrumb\":{\"@id\":\"https:\/\/hlb-poland.global\/pl\/o-nas\/kariera\/#breadcrumb\"},\"inLanguage\":\"pl-PL\",\"potentialAction\":[{\"@type\":\"ReadAction\",\"target\":[\"https:\/\/hlb-poland.global\/pl\/o-nas\/kariera\/\"]}]},{\"@type\":\"ImageObject\",\"inLanguage\":\"pl-PL\",\"@id\":\"https:\/\/hlb-poland.global\/pl\/o-nas\/kariera\/#primaryimage\",\"url\":\"https:\/\/hlb-poland.global\/wp-content\/uploads\/2023\/06\/hlb-poland-og-image.png\",\"contentUrl\":\"https:\/\/hlb-poland.global\/wp-content\/uploads\/2023\/06\/hlb-poland-og-image.png\",\"width\":1200,\"height\":630},{\"@type\":\"BreadcrumbList\",\"@id\":\"https:\/\/hlb-poland.global\/pl\/o-nas\/kariera\/#breadcrumb\",\"itemListElement\":[{\"@type\":\"ListItem\",\"position\":1,\"name\":\"Strona g\u0142\u00f3wna\",\"item\":\"https:\/\/hlb-poland.global\/pl\/\"},{\"@type\":\"ListItem\",\"position\":2,\"name\":\"Dowiedz si\u0119 wi\u0119cej o nas\",\"item\":\"https:\/\/hlb-poland.global\/pl\/o-nas\/\"},{\"@type\":\"ListItem\",\"position\":3,\"name\":\"Kariera w HLB Poland\"}]},{\"@type\":\"WebSite\",\"@id\":\"https:\/\/hlb-poland.global\/#website\",\"url\":\"https:\/\/hlb-poland.global\/\",\"name\":\"HLB Poland\",\"description\":\"Advisory and accounting\",\"publisher\":{\"@id\":\"https:\/\/hlb-poland.global\/#organization\"},\"potentialAction\":[{\"@type\":\"SearchAction\",\"target\":{\"@type\":\"EntryPoint\",\"urlTemplate\":\"https:\/\/hlb-poland.global\/?s={search_term_string}\"},\"query-input\":{\"@type\":\"PropertyValueSpecification\",\"valueRequired\":true,\"valueName\":\"search_term_string\"}}],\"inLanguage\":\"pl-PL\"},{\"@type\":\"Organization\",\"@id\":\"https:\/\/hlb-poland.global\/#organization\",\"name\":\"HLB Poland\",\"url\":\"https:\/\/hlb-poland.global\/\",\"logo\":{\"@type\":\"ImageObject\",\"inLanguage\":\"pl-PL\",\"@id\":\"https:\/\/hlb-poland.global\/#\/schema\/logo\/image\/\",\"url\":\"https:\/\/hlb-poland.global\/wp-content\/uploads\/2025\/12\/hlb-poland-og-image.png\",\"contentUrl\":\"https:\/\/hlb-poland.global\/wp-content\/uploads\/2025\/12\/hlb-poland-og-image.png\",\"width\":1200,\"height\":630,\"caption\":\"HLB Poland\"},\"image\":{\"@id\":\"https:\/\/hlb-poland.global\/#\/schema\/logo\/image\/\"},\"sameAs\":[\"https:\/\/www.facebook.com\/HLBPoland\",\"https:\/\/www.linkedin.com\/company\/hlb-poland\"]}]}<\/script>\n<!-- \/ Yoast SEO plugin. -->","yoast_head_json":{"title":"Kariera w firmach cz\u0142onkowskich HLB Poland","description":"Twoja kariera jest w\u0142a\u015bnie taka jak j\u0105 zaprojektujesz. Ty wybierasz. Ty z tym \u017cyjesz. Sprawiasz, \u017ce to si\u0119 dzieje. Aby jak najlepiej...","robots":{"index":"index","follow":"follow","max-snippet":"max-snippet:-1","max-image-preview":"max-image-preview:large","max-video-preview":"max-video-preview:-1"},"canonical":"https:\/\/hlb-poland.global\/pl\/o-nas\/kariera\/","og_locale":"pl_PL","og_type":"article","og_title":"Kariera w firmach cz\u0142onkowskich HLB Poland","og_description":"Twoja kariera jest w\u0142a\u015bnie taka jak j\u0105 zaprojektujesz. Ty wybierasz. Ty z tym \u017cyjesz. Sprawiasz, \u017ce to si\u0119 dzieje. Aby jak najlepiej...","og_url":"https:\/\/hlb-poland.global\/pl\/o-nas\/kariera\/","og_site_name":"HLB Poland","article_publisher":"https:\/\/www.facebook.com\/HLBPoland","article_modified_time":"2023-06-14T12:10:00+00:00","og_image":[{"width":1200,"height":630,"url":"https:\/\/hlb-poland.global\/wp-content\/uploads\/2023\/06\/hlb-poland-og-image.png","type":"image\/png"}],"twitter_card":"summary_large_image","twitter_misc":{"Szacowany czas czytania":"2 minuty"},"schema":{"@context":"https:\/\/schema.org","@graph":[{"@type":"WebPage","@id":"https:\/\/hlb-poland.global\/pl\/o-nas\/kariera\/","url":"https:\/\/hlb-poland.global\/pl\/o-nas\/kariera\/","name":"Kariera w firmach cz\u0142onkowskich HLB Poland","isPartOf":{"@id":"https:\/\/hlb-poland.global\/#website"},"primaryImageOfPage":{"@id":"https:\/\/hlb-poland.global\/pl\/o-nas\/kariera\/#primaryimage"},"image":{"@id":"https:\/\/hlb-poland.global\/pl\/o-nas\/kariera\/#primaryimage"},"thumbnailUrl":"https:\/\/hlb-poland.global\/wp-content\/uploads\/2023\/06\/hlb-poland-og-image.png","datePublished":"2018-12-11T11:00:07+00:00","dateModified":"2023-06-14T12:10:00+00:00","description":"Twoja kariera jest w\u0142a\u015bnie taka jak j\u0105 zaprojektujesz. Ty wybierasz. Ty z tym \u017cyjesz. Sprawiasz, \u017ce to si\u0119 dzieje. Aby jak najlepiej...","breadcrumb":{"@id":"https:\/\/hlb-poland.global\/pl\/o-nas\/kariera\/#breadcrumb"},"inLanguage":"pl-PL","potentialAction":[{"@type":"ReadAction","target":["https:\/\/hlb-poland.global\/pl\/o-nas\/kariera\/"]}]},{"@type":"ImageObject","inLanguage":"pl-PL","@id":"https:\/\/hlb-poland.global\/pl\/o-nas\/kariera\/#primaryimage","url":"https:\/\/hlb-poland.global\/wp-content\/uploads\/2023\/06\/hlb-poland-og-image.png","contentUrl":"https:\/\/hlb-poland.global\/wp-content\/uploads\/2023\/06\/hlb-poland-og-image.png","width":1200,"height":630},{"@type":"BreadcrumbList","@id":"https:\/\/hlb-poland.global\/pl\/o-nas\/kariera\/#breadcrumb","itemListElement":[{"@type":"ListItem","position":1,"name":"Strona g\u0142\u00f3wna","item":"https:\/\/hlb-poland.global\/pl\/"},{"@type":"ListItem","position":2,"name":"Dowiedz si\u0119 wi\u0119cej o nas","item":"https:\/\/hlb-poland.global\/pl\/o-nas\/"},{"@type":"ListItem","position":3,"name":"Kariera w HLB Poland"}]},{"@type":"WebSite","@id":"https:\/\/hlb-poland.global\/#website","url":"https:\/\/hlb-poland.global\/","name":"HLB Poland","description":"Advisory and accounting","publisher":{"@id":"https:\/\/hlb-poland.global\/#organization"},"potentialAction":[{"@type":"SearchAction","target":{"@type":"EntryPoint","urlTemplate":"https:\/\/hlb-poland.global\/?s={search_term_string}"},"query-input":{"@type":"PropertyValueSpecification","valueRequired":true,"valueName":"search_term_string"}}],"inLanguage":"pl-PL"},{"@type":"Organization","@id":"https:\/\/hlb-poland.global\/#organization","name":"HLB Poland","url":"https:\/\/hlb-poland.global\/","logo":{"@type":"ImageObject","inLanguage":"pl-PL","@id":"https:\/\/hlb-poland.global\/#\/schema\/logo\/image\/","url":"https:\/\/hlb-poland.global\/wp-content\/uploads\/2025\/12\/hlb-poland-og-image.png","contentUrl":"https:\/\/hlb-poland.global\/wp-content\/uploads\/2025\/12\/hlb-poland-og-image.png","width":1200,"height":630,"caption":"HLB Poland"},"image":{"@id":"https:\/\/hlb-poland.global\/#\/schema\/logo\/image\/"},"sameAs":["https:\/\/www.facebook.com\/HLBPoland","https:\/\/www.linkedin.com\/company\/hlb-poland"]}]}},"_links":{"self":[{"href":"https:\/\/hlb-poland.global\/pl\/wp-json\/wp\/v2\/pages\/1859","targetHints":{"allow":["GET"]}}],"collection":[{"href":"https:\/\/hlb-poland.global\/pl\/wp-json\/wp\/v2\/pages"}],"about":[{"href":"https:\/\/hlb-poland.global\/pl\/wp-json\/wp\/v2\/types\/page"}],"author":[{"embeddable":true,"href":"https:\/\/hlb-poland.global\/pl\/wp-json\/wp\/v2\/users\/3"}],"replies":[{"embeddable":true,"href":"https:\/\/hlb-poland.global\/pl\/wp-json\/wp\/v2\/comments?post=1859"}],"version-history":[{"count":44,"href":"https:\/\/hlb-poland.global\/pl\/wp-json\/wp\/v2\/pages\/1859\/revisions"}],"predecessor-version":[{"id":12923,"href":"https:\/\/hlb-poland.global\/pl\/wp-json\/wp\/v2\/pages\/1859\/revisions\/12923"}],"up":[{"embeddable":true,"href":"https:\/\/hlb-poland.global\/pl\/wp-json\/wp\/v2\/pages\/1843"}],"wp:featuredmedia":[{"embeddable":true,"href":"https:\/\/hlb-poland.global\/pl\/wp-json\/wp\/v2\/media\/12924"}],"wp:attachment":[{"href":"https:\/\/hlb-poland.global\/pl\/wp-json\/wp\/v2\/media?parent=1859"}],"curies":[{"name":"wp","href":"https:\/\/api.w.org\/{rel}","templated":true}]}}