
{"id":1861,"date":"2018-12-11T12:01:33","date_gmt":"2018-12-11T11:01:33","guid":{"rendered":"http:\/\/hlb-poland.global\/?page_id=1861"},"modified":"2025-01-10T13:53:49","modified_gmt":"2025-01-10T12:53:49","slug":"fachowosc-i-jakosc","status":"publish","type":"page","link":"https:\/\/hlb-poland.global\/pl\/o-nas\/fachowosc-i-jakosc\/","title":{"rendered":"Fachowo\u015b\u0107 i wysoka jako\u015b\u0107"},"content":{"rendered":"<h3>Inspiracja: fachowo\u015b\u0107<\/h3>\n<p>Firmy cz\u0142onkowskie <span style=\"font-weight: bold;\">HLB Poland<\/span> szczyc\u0105 si\u0119 swoj\u0105 fachowo\u015bci\u0105 handlow\u0105 i do\u015bwiadczeniem. Nasze firmy zdoby\u0142y specjalistyczn\u0105 wiedz\u0119 na temat kluczowych sektor\u00f3w gospodarki polskiej dzi\u0119ki d\u0142ugoletniej, \u015bcis\u0142ej wsp\u00f3\u0142pracy z klientami. Ich zadania obejmowa\u0142y zapewnianie pe\u0142nego zakresu ksi\u0119gowo\u015bci, audyt\u00f3w, list p\u0142ac, HR, jak r\u00f3wnie\u017c us\u0142ugi doradcze, finansowe oraz podatkowe, dope\u0142niane w pe\u0142ni rozwini\u0119t\u0105 i zaawansowan\u0105 gam\u0105 technicznych rozwi\u0105za\u0144 z zakresu IT. Da\u0142o to naszym cz\u0142onkom wgl\u0105d w powy\u017csze obszary, a tym samym pogl\u0105d na wyzwania oraz mo\u017cliwo\u015bci, kt\u00f3re pojawi\u0142y si\u0119 i b\u0119d\u0105 si\u0119 pojawia\u0107.<\/p>\n<hr \/>\n<h3>Inspiracja: kooperacja<\/h3>\n<p>HLB to specjalistyczna sie\u0107, w kt\u00f3rej firmy cz\u0142onkowskie znaj\u0105 si\u0119 i wsp\u00f3\u0142pracuj\u0105 ze sob\u0105. Cz\u0142onkowie z Polski stworzyli alians <span style=\"font-weight: bold;\">HLB Poland<\/span>, by wzmocni\u0107 zar\u00f3wno sie\u0107 HLB w Polsce, jak r\u00f3wnie\u017c wykszta\u0142ci\u0107 silniejsze wi\u0119zi pomi\u0119dzy polskimi firmami, tak aby\u015bmy mogli wsp\u00f3lnie dok\u0142ada\u0107 aktywnych stara\u0144 na rzecz HLB. Polskie firmy s\u0105 energetyczne i aktywne, \u0142\u0105czy je wsp\u00f3lny cel zapewniania nadzwyczajnego standard us\u0142ug klientom lokalnym i mi\u0119dzynarodowym.<\/p>\n<hr \/>\n<h3>Inspiracja: jako\u015b\u0107<\/h3>\n<p>Wszyscy cz\u0142onkowie <span style=\"font-weight: bold;\">HLB Poland<\/span> przestrzegaj\u0105 najwy\u017cszych lokalnych i mi\u0119dzynarodowych standard\u00f3w jako\u015bciowych. Mo\u017cemy pochwali\u0107 si\u0119 akredytacj\u0105 ISO 9001:2008 oraz ISO 27001:2013, kt\u00f3r\u0105 posiada co najmniej jedna z naszych firm cz\u0142onkowskich. Partner kontaktowy HLB ka\u017cdej z firm jest zaanga\u017cowany w jak najszybsz\u0105 odpowied\u017a na zapytania od HLB przy uwzgl\u0119dnieniu dotrzymania termin\u00f3w i standard\u00f3w jakich oczekuje HLB. Wszystkie firmy dzia\u0142aj\u0105 wed\u0142ug i stosuj\u0105 si\u0119 do Krajowych Standard\u00f3w Rachunkowo\u015bci, wyznacznik\u00f3w Krajowej Izby Bieg\u0142ych Rewident\u00f3w lub Kodeksu Sp\u00f3\u0142ek Handlowych.<\/p>\n<hr \/>\n<h3>Sektory + Zadania<\/h3>\n<p>Je\u015bli chodzi o firmy cz\u0142onkowskie zgrupowane w <span style=\"font-weight: bold;\">HLB Poland<\/span>, oferujemy zr\u00f3\u017cnicowany zakres fachowej wiedzy i do\u015bwiadczenia wraz z klientami ze wszystkich zak\u0105tk\u00f3w Polski oraz z zagranicy. Dysponuj\u0105 oni szczeg\u00f3lnymi mocnymi stronami i fachow\u0105 wiedz\u0105, pracuj\u0105c nad zadaniami w nast\u0119puj\u0105cych sektorach:<\/p>\n<ul>\n<li><span style=\"font-weight: bold;\">Sektory:<\/span> Energia wiatrowa i odnawialna, turystyka i rekreacja, handel detaliczny, prywatna opieka zdrowotna, rolnictwo i bran\u017ca spo\u017cywcza, inwestycje w zagraniczne nieruchomo\u015bci, biznes rodzinny, hotelarstwo, transport i logistyka, ochrona, produkcja og\u00f3lna, farmaceutyka, medycyna praktyczna, doradztwo prawne, organizacje zawodowe, edukacja, budownictwo,<\/li>\n<li><span style=\"font-weight: bold;\">Gwarancja jako\u015bci:<\/span> Rewizje zgodne z MFFS, badania ustawowe,<\/li>\n<li><span style=\"font-weight: bold;\">Podatki:<\/span> Domicyliacja w Polsce, outsourcing i listy p\u0142ac, podatek potr\u0105cany u \u017ar\u00f3d\u0142a, umowy o unikaniu podw\u00f3jnego opodatkowania, planowanie mi\u0119dzynarodowe podatk\u00f3w, VAT, EIIS,<\/li>\n<li><span style=\"font-weight: bold;\">Og\u0142aszanie upad\u0142o\u015bci:<\/span> Restrukturyzacja, reorganizacja, zarz\u0105d komisaryczny \u2013 sta\u0142a i zmienna op\u0142ata, spotkania likwidator\/zarz\u0105d, likwidacje (procedury likwidacyjne MVL, CVL) s\u0105downie wyznaczone,<\/li>\n<li><span style=\"font-weight: bold;\">Doradztwo:<\/span> Restrukturyzacja d\u0142ug\u00f3w, due diligence (kompleksowa analiza przedsi\u0119biorstwa), finanse korporacyjne, negocjacje bankowe, fuzje i przej\u0119cia, finansowanie, refinansowanie.<\/li>\n<\/ul>\n<hr \/>\n<h3>Jako\u015b\u0107<\/h3>\n<p>Jako\u015b\u0107 us\u0142ug <span style=\"font-weight: bold;\">HLB Poland<\/span> niezmiennie stanowi jedn\u0105 z cech, kt\u00f3re decyduj\u0105 o efektywno\u015bci naszych dzia\u0142a\u0144.<\/p>\n<p>Jako\u015b\u0107 oznacza dla nas realizacj\u0119 potrzeb naszych klient\u00f3w w najlepszy mo\u017cliwy spos\u00f3b. Jest to zasada, kt\u00f3ra le\u017cy u podstaw wszystkich \u015bwiadczonych przez nas us\u0142ug. W ramach naszej dzia\u0142alno\u015bci poprzez jako\u015b\u0107 rozumiemy tak\u017ce umiej\u0119tne i wydajne stosowanie w\u0142a\u015bciwych zasob\u00f3w. Wszyscy pracownicy <span style=\"font-weight: bold;\">HLB Poland<\/span> maj\u0105 zar\u00f3wno obowi\u0105zek, jak i prawo do podejmowania dzia\u0142a\u0144 w kierunku eliminacji przeszk\u00f3d w \u015bwiadczeniu wysokiej jako\u015bci us\u0142ug. Forum of Firms jest organizacj\u0105 zrzeszaj\u0105c\u0105 23 mi\u0119dzynarodowe sieci firm audytorskich zajmuj\u0105ce si\u0119 badaniem sprawozda\u0144 finansowych na skal\u0119 \u015bwiatow\u0105. Forum to stanowi cz\u0119\u015b\u0107 Mi\u0119dzynarodowej Federacji Ksi\u0119gowych (IFAC).<\/p>\n<hr \/>\n<h3>Na potrzeby celu realizacji wymog\u00f3w naszych klient\u00f3w, postawili\u015bmy sobie nast\u0119puj\u0105ce cele:<\/h3>\n<ul>\n<li>profesjonalne \u015bwiadczenie us\u0142ug dla lokalnych i mi\u0119dzynarodowych podmiot\u00f3w biznesowych, w tym dla prywatnych przedsi\u0119biorc\u00f3w,<\/li>\n<li>dba\u0142o\u015b\u0107 o sprawy klient\u00f3w zgodnie ze specyfik\u0105 danego porz\u0105dku prawnego,<\/li>\n<li>realizowanie zlece\u0144 kieruj\u0105c si\u0119 najlepszymi intencjami i wiedz\u0105 przy zachowaniu odpowiedniej dba\u0142o\u015bci i ostro\u017cno\u015bci,<\/li>\n<li>zatrudnianie pracownik\u00f3w o wysokich kompetencjach zawodowych i interpersonalnych, potrafi\u0105cych dzia\u0142a\u0107 w zespole i posiadaj\u0105cych nienaganne maniery,<\/li>\n<li>nawi\u0105zywanie i utrzymywanie wsp\u00f3\u0142pracy z klientami w oparciu o zasady partnerskie i wsp\u00f3lne ustalanie zakresu us\u0142ug, co daje gwarancj\u0119 spe\u0142nienia oczekiwa\u0144 ka\u017cdego zleceniodawcy.<\/li>\n<\/ul>\n<hr \/>\n<h3>HLB Poland zobowi\u0105zuje si\u0119 do ci\u0105g\u0142ego usprawniania \u015bwiadczonych us\u0142ug, dlatego wyznaczyli\u015bmy sobie nast\u0119puj\u0105ce cele, kt\u00f3re pomagaj\u0105 nam w realizacji tego postanowienia:<\/h3>\n<ul>\n<li>organizowanie szkole\u0144 dla naszego personelu,<\/li>\n<li>inwestowanie czasu i \u015brodk\u00f3w w ci\u0105g\u0142y rozw\u00f3j zawodowy naszych specjalist\u00f3w,<\/li>\n<li>wykorzystywanie bie\u017c\u0105cej wiedzy i umiej\u0119tno\u015bci interpretacji przepis\u00f3w w odniesieniu do wszystkich \u015bwiadczonych przez nas us\u0142ug,<\/li>\n<li>ci\u0105g\u0142y dost\u0119p do informacji i kr\u00f3tki czas odpowiedzi na wszelkie zapytania ze strony klienta,<\/li>\n<li>wyznaczanie dedykowanych pracownik\u00f3w i ich zast\u0119pc\u00f3w do realizacji us\u0142ug na rzecz danego klienta, przy czym pe\u0142ni\u0105c tak\u0105 rol\u0119 pracownik dzia\u0142a jako konsultant, kt\u00f3ry pozostaje w ci\u0105g\u0142ym kontakcie z klientem,<\/li>\n<li>przestrzeganie zasad etyki zawodowej, szczeg\u00f3lnie w odniesieniu do poufno\u015bci informacji,<\/li>\n<li>planowanie usprawnie\u0144 z uwzgl\u0119dnieniem oczekiwa\u0144 klient\u00f3w,<\/li>\n<li>regularne ocenianie wydajno\u015bci i skuteczno\u015bci naszych polityk oraz stopnia realizacji naszych cel\u00f3w jako\u015bciowych,<\/li>\n<li>anga\u017cowanie kadry kierowniczej w tworzenie warunk\u00f3w do poprawy realizowanych czynno\u015bci,<\/li>\n<li>pomaganie naszym mi\u0119dzynarodowym klientom oraz ich podmiotom dominuj\u0105cym dzia\u0142aj\u0105cym na ca\u0142ym \u015bwiecie w pokonywaniu barier w odniesieniu do prowadzenia dzia\u0142alno\u015bci w Polsce poprzez \u015bwiadczenie skutecznych, wysokiej jako\u015bci us\u0142ug w j\u0119zyku angielskim, niemieckim i polskim,<\/li>\n<li>sp\u00f3\u0142ki zrzeszone w naszej organizacji s\u0105 cz\u0142onkami Polsko-Niemieckiej Izby Przemys\u0142owo Handlowej (AHK), Brytyjsko-Polskiej Izby Handlowej (BPCC) oraz Polsko\u2013Szwajcarskiej Izby Przemys\u0142owo Handlowej, a tak\u017ce uczestnicz\u0105 w lokalnych i mi\u0119dzynarodowych targach bran\u017cowych oraz spotkaniach \u2013 dzi\u0119ki temu <span style=\"font-weight: bold;\">HLB Poland<\/span> wzbogaca swoje do\u015bwiadczenie i poszerza horyzonty we wsp\u00f3\u0142pracy z mi\u0119dzynarodowymi firmami. To otwiera przed <span style=\"font-weight: bold;\">HLB Poland<\/span> mo\u017cliwo\u015bci w zakresie nawi\u0105zywania nowych relacji, co jednocze\u015bnie przek\u0142ada si\u0119 na wszechstronno\u015b\u0107 \u015bwiadczonych przez nas us\u0142ug.<\/li>\n<\/ul>\n<hr \/>\n<h3>Wydajna organizacja i nowoczesne metody zarz\u0105dzania s\u0105 podstaw\u0105 realizacji wyznaczonych przez nas cel\u00f3w<\/h3>\n<p>Dzi\u0119ki naszej wiedzy i \u015bwiadomo\u015bci znaczenia wysokiej jako\u015bci us\u0142ugi a tak\u017ce przy odpowiedniej postawie ze strony naszych pracownik\u00f3w <span style=\"font-weight: bold;\">HLB Poland<\/span> mo\u017ce zagwarantowa\u0107 zadowolenie swoich klient\u00f3w i u\u0142atwi\u0107 im osi\u0105gni\u0119cie sukcesu. Poprzez ci\u0105g\u0142\u0105 popraw\u0119 jako\u015bci jeste\u015bmy w stanie skutecznie obni\u017ca\u0107 koszty dzia\u0142ania i wspiera\u0107 odpowiednie gospodarowanie zasobami.<\/p>\n<p>W ramach przyj\u0119tej polityki, HLB Poland ustanawia coroczne szczeg\u00f3\u0142owe cele operacyjne w zakresie jako\u015bci. Z uwagi na istotne znaczenie jako\u015bci \u015bwiadczonych us\u0142ug w kontek\u015bcie przysz\u0142o\u015bci naszej organizacji koncentracja na celach zwi\u0105zanych z jako\u015bci\u0105 jest podstawowym obowi\u0105zkiem ka\u017cdego z pracownik\u00f3w.<\/p>\n<hr \/>\n<h3>Forum of Firms<\/h3>\n<p><img decoding=\"async\" src=\"https:\/\/hlb-poland.global\/wp-content\/themes\/hlb-poland\/images\/logo-forum-of-firms.png\" alt=\"Forum of Firms\" \/><\/p>\n<p>Firmy nale\u017c\u0105ce do <span style=\"font-weight: bold;\">HLB Poland<\/span> przestrzegaj\u0105 wysokich standard\u00f3w HLB w zakresie \u015bwiatowych praktyk audytorskich, maj\u0105c na uwadze interes u\u017cytkownik\u00f3w swoich us\u0142ug. HLB jest dumnym cz\u0142onkiem organizacji: <a class=\"read-more\" href=\"https:\/\/www.ifac.org\/who-we-are\/transnational-auditors-committee-forum-firms\" target=\"_blank\" rel=\"noopener\">Forum of Firms<\/a>. Forum of Firms jest organizacj\u0105 zrzeszaj\u0105c\u0105 23 mi\u0119dzynarodowe sieci firm audytorskich zajmuj\u0105cych si\u0119 badaniem sprawozda\u0144 finansowych na skal\u0119 \u015bwiatow\u0105. Forum to stanowi cz\u0119\u015b\u0107 Mi\u0119dzynarodowej Federacji Ksi\u0119gowych (IFAC).<\/p>\n<p><span style=\"font-weight: bold;\">Cz\u0142onkowie Forum of Firms dobrowolnie zgadzaj\u0105 si\u0119 przestrzega\u0107 okre\u015blonych standard\u00f3w jako\u015bciowych, co obejmuje m.in.:<\/span><\/p>\n<ul>\n<li>utrzymywanie odpowiednich standard\u00f3w w zakresie jako\u015bci zgodnie z mi\u0119dzynarodowymi standardami kontroli jako\u015bci ustanowionymi przez Rad\u0119 Mi\u0119dzynarodowych Standard\u00f3w Rewizji Finansowej i Us\u0142ug Atestacyjnych (IAASB) a tak\u017ce odpowiednimi standardami krajowymi w zakresie kontroli jako\u015bci oraz przeprowadzanie regularnych, skoordynowanych globalnie wewn\u0119trznych kontroli zapewniania jako\u015bci;<\/li>\n<li>posiadanie polityk i metodologii w odniesieniu do przeprowadzania mi\u0119dzynarodowych audyt\u00f3w w oparciu o mi\u0119dzynarodowe standardy rewizji finansowej (ISA);<\/li>\n<li>posiadanie polityk i metodologii zgodnych z kodeksem etyki Mi\u0119dzynarodowej Federacji Ksi\u0119gowych (IFAC) oraz krajowymi kodeksami etyki.<\/li>\n<\/ul>\n","protected":false},"excerpt":{"rendered":"<p>Inspiracja: fachowo\u015b\u0107 Firmy cz\u0142onkowskie HLB Poland szczyc\u0105 si\u0119 swoj\u0105 fachowo\u015bci\u0105 handlow\u0105 i do\u015bwiadczeniem. Nasze firmy zdoby\u0142y specjalistyczn\u0105 wiedz\u0119 na temat..<\/p>\n<div class=\"clear\"><\/div><a class=\"more-link\" href=\"https:\/\/hlb-poland.global\/pl\/o-nas\/fachowosc-i-jakosc\/\"> Dowiedz si\u0119 wi\u0119cej <\/a>","protected":false},"author":3,"featured_media":0,"parent":1843,"menu_order":0,"comment_status":"closed","ping_status":"closed","template":"","meta":{"_acf_changed":false,"footnotes":""},"class_list":["post-1861","page","type-page","status-publish","hentry"],"acf":[],"yoast_head":"<!-- This site is optimized with the Yoast SEO plugin v27.2 - https:\/\/yoast.com\/product\/yoast-seo-wordpress\/ -->\n<title>Fachowo\u015b\u0107 i wysoka jako\u015b\u0107 | HLB Poland<\/title>\n<meta name=\"description\" content=\"Jeste\u015bmy wysoce skoncentrowan\u0105 organizacj\u0105, kt\u00f3ra jest mocno zaanga\u017cowana w innowacje. HLB Poland jest w pe\u0142ni skonfigurowany, aby...\" \/>\n<meta name=\"robots\" content=\"index, follow, max-snippet:-1, max-image-preview:large, max-video-preview:-1\" \/>\n<link rel=\"canonical\" href=\"https:\/\/hlb-poland.global\/pl\/o-nas\/fachowosc-i-jakosc\/\" \/>\n<meta property=\"og:locale\" content=\"pl_PL\" \/>\n<meta property=\"og:type\" content=\"article\" \/>\n<meta property=\"og:title\" content=\"Fachowo\u015b\u0107 i wysoka jako\u015b\u0107 | HLB Poland\" \/>\n<meta property=\"og:description\" content=\"Jeste\u015bmy wysoce skoncentrowan\u0105 organizacj\u0105, kt\u00f3ra jest mocno zaanga\u017cowana w innowacje. HLB Poland jest w pe\u0142ni skonfigurowany, aby...\" \/>\n<meta property=\"og:url\" content=\"https:\/\/hlb-poland.global\/pl\/o-nas\/fachowosc-i-jakosc\/\" \/>\n<meta property=\"og:site_name\" content=\"HLB Poland\" \/>\n<meta property=\"article:publisher\" content=\"https:\/\/www.facebook.com\/HLBPoland\" \/>\n<meta property=\"article:modified_time\" content=\"2025-01-10T12:53:49+00:00\" \/>\n<meta property=\"og:image\" content=\"https:\/\/hlb-poland.global\/wp-content\/themes\/hlb-poland\/images\/logo-forum-of-firms.png\" \/>\n<meta name=\"twitter:card\" content=\"summary_large_image\" \/>\n<meta name=\"twitter:label1\" content=\"Szacowany czas czytania\" \/>\n\t<meta name=\"twitter:data1\" content=\"5 minut\" \/>\n<script type=\"application\/ld+json\" class=\"yoast-schema-graph\">{\"@context\":\"https:\/\/schema.org\",\"@graph\":[{\"@type\":\"WebPage\",\"@id\":\"https:\/\/hlb-poland.global\/pl\/o-nas\/fachowosc-i-jakosc\/\",\"url\":\"https:\/\/hlb-poland.global\/pl\/o-nas\/fachowosc-i-jakosc\/\",\"name\":\"Fachowo\u015b\u0107 i wysoka jako\u015b\u0107 | HLB Poland\",\"isPartOf\":{\"@id\":\"https:\/\/hlb-poland.global\/#website\"},\"primaryImageOfPage\":{\"@id\":\"https:\/\/hlb-poland.global\/pl\/o-nas\/fachowosc-i-jakosc\/#primaryimage\"},\"image\":{\"@id\":\"https:\/\/hlb-poland.global\/pl\/o-nas\/fachowosc-i-jakosc\/#primaryimage\"},\"thumbnailUrl\":\"https:\/\/hlb-poland.global\/wp-content\/themes\/hlb-poland\/images\/logo-forum-of-firms.png\",\"datePublished\":\"2018-12-11T11:01:33+00:00\",\"dateModified\":\"2025-01-10T12:53:49+00:00\",\"description\":\"Jeste\u015bmy wysoce skoncentrowan\u0105 organizacj\u0105, kt\u00f3ra jest mocno zaanga\u017cowana w innowacje. HLB Poland jest w pe\u0142ni skonfigurowany, aby...\",\"breadcrumb\":{\"@id\":\"https:\/\/hlb-poland.global\/pl\/o-nas\/fachowosc-i-jakosc\/#breadcrumb\"},\"inLanguage\":\"pl-PL\",\"potentialAction\":[{\"@type\":\"ReadAction\",\"target\":[\"https:\/\/hlb-poland.global\/pl\/o-nas\/fachowosc-i-jakosc\/\"]}]},{\"@type\":\"ImageObject\",\"inLanguage\":\"pl-PL\",\"@id\":\"https:\/\/hlb-poland.global\/pl\/o-nas\/fachowosc-i-jakosc\/#primaryimage\",\"url\":\"https:\/\/hlb-poland.global\/wp-content\/themes\/hlb-poland\/images\/logo-forum-of-firms.png\",\"contentUrl\":\"https:\/\/hlb-poland.global\/wp-content\/themes\/hlb-poland\/images\/logo-forum-of-firms.png\"},{\"@type\":\"BreadcrumbList\",\"@id\":\"https:\/\/hlb-poland.global\/pl\/o-nas\/fachowosc-i-jakosc\/#breadcrumb\",\"itemListElement\":[{\"@type\":\"ListItem\",\"position\":1,\"name\":\"Strona g\u0142\u00f3wna\",\"item\":\"https:\/\/hlb-poland.global\/pl\/\"},{\"@type\":\"ListItem\",\"position\":2,\"name\":\"Dowiedz si\u0119 wi\u0119cej o nas\",\"item\":\"https:\/\/hlb-poland.global\/pl\/o-nas\/\"},{\"@type\":\"ListItem\",\"position\":3,\"name\":\"Fachowo\u015b\u0107 i wysoka jako\u015b\u0107\"}]},{\"@type\":\"WebSite\",\"@id\":\"https:\/\/hlb-poland.global\/#website\",\"url\":\"https:\/\/hlb-poland.global\/\",\"name\":\"HLB Poland\",\"description\":\"Advisory and accounting\",\"publisher\":{\"@id\":\"https:\/\/hlb-poland.global\/#organization\"},\"potentialAction\":[{\"@type\":\"SearchAction\",\"target\":{\"@type\":\"EntryPoint\",\"urlTemplate\":\"https:\/\/hlb-poland.global\/?s={search_term_string}\"},\"query-input\":{\"@type\":\"PropertyValueSpecification\",\"valueRequired\":true,\"valueName\":\"search_term_string\"}}],\"inLanguage\":\"pl-PL\"},{\"@type\":\"Organization\",\"@id\":\"https:\/\/hlb-poland.global\/#organization\",\"name\":\"HLB Poland\",\"url\":\"https:\/\/hlb-poland.global\/\",\"logo\":{\"@type\":\"ImageObject\",\"inLanguage\":\"pl-PL\",\"@id\":\"https:\/\/hlb-poland.global\/#\/schema\/logo\/image\/\",\"url\":\"https:\/\/hlb-poland.global\/wp-content\/uploads\/2025\/12\/hlb-poland-og-image.png\",\"contentUrl\":\"https:\/\/hlb-poland.global\/wp-content\/uploads\/2025\/12\/hlb-poland-og-image.png\",\"width\":1200,\"height\":630,\"caption\":\"HLB Poland\"},\"image\":{\"@id\":\"https:\/\/hlb-poland.global\/#\/schema\/logo\/image\/\"},\"sameAs\":[\"https:\/\/www.facebook.com\/HLBPoland\",\"https:\/\/www.linkedin.com\/company\/hlb-poland\"]}]}<\/script>\n<!-- \/ Yoast SEO plugin. -->","yoast_head_json":{"title":"Fachowo\u015b\u0107 i wysoka jako\u015b\u0107 | HLB Poland","description":"Jeste\u015bmy wysoce skoncentrowan\u0105 organizacj\u0105, kt\u00f3ra jest mocno zaanga\u017cowana w innowacje. HLB Poland jest w pe\u0142ni skonfigurowany, aby...","robots":{"index":"index","follow":"follow","max-snippet":"max-snippet:-1","max-image-preview":"max-image-preview:large","max-video-preview":"max-video-preview:-1"},"canonical":"https:\/\/hlb-poland.global\/pl\/o-nas\/fachowosc-i-jakosc\/","og_locale":"pl_PL","og_type":"article","og_title":"Fachowo\u015b\u0107 i wysoka jako\u015b\u0107 | HLB Poland","og_description":"Jeste\u015bmy wysoce skoncentrowan\u0105 organizacj\u0105, kt\u00f3ra jest mocno zaanga\u017cowana w innowacje. HLB Poland jest w pe\u0142ni skonfigurowany, aby...","og_url":"https:\/\/hlb-poland.global\/pl\/o-nas\/fachowosc-i-jakosc\/","og_site_name":"HLB Poland","article_publisher":"https:\/\/www.facebook.com\/HLBPoland","article_modified_time":"2025-01-10T12:53:49+00:00","og_image":[{"url":"https:\/\/hlb-poland.global\/wp-content\/themes\/hlb-poland\/images\/logo-forum-of-firms.png","type":"","width":"","height":""}],"twitter_card":"summary_large_image","twitter_misc":{"Szacowany czas czytania":"5 minut"},"schema":{"@context":"https:\/\/schema.org","@graph":[{"@type":"WebPage","@id":"https:\/\/hlb-poland.global\/pl\/o-nas\/fachowosc-i-jakosc\/","url":"https:\/\/hlb-poland.global\/pl\/o-nas\/fachowosc-i-jakosc\/","name":"Fachowo\u015b\u0107 i wysoka jako\u015b\u0107 | HLB Poland","isPartOf":{"@id":"https:\/\/hlb-poland.global\/#website"},"primaryImageOfPage":{"@id":"https:\/\/hlb-poland.global\/pl\/o-nas\/fachowosc-i-jakosc\/#primaryimage"},"image":{"@id":"https:\/\/hlb-poland.global\/pl\/o-nas\/fachowosc-i-jakosc\/#primaryimage"},"thumbnailUrl":"https:\/\/hlb-poland.global\/wp-content\/themes\/hlb-poland\/images\/logo-forum-of-firms.png","datePublished":"2018-12-11T11:01:33+00:00","dateModified":"2025-01-10T12:53:49+00:00","description":"Jeste\u015bmy wysoce skoncentrowan\u0105 organizacj\u0105, kt\u00f3ra jest mocno zaanga\u017cowana w innowacje. HLB Poland jest w pe\u0142ni skonfigurowany, aby...","breadcrumb":{"@id":"https:\/\/hlb-poland.global\/pl\/o-nas\/fachowosc-i-jakosc\/#breadcrumb"},"inLanguage":"pl-PL","potentialAction":[{"@type":"ReadAction","target":["https:\/\/hlb-poland.global\/pl\/o-nas\/fachowosc-i-jakosc\/"]}]},{"@type":"ImageObject","inLanguage":"pl-PL","@id":"https:\/\/hlb-poland.global\/pl\/o-nas\/fachowosc-i-jakosc\/#primaryimage","url":"https:\/\/hlb-poland.global\/wp-content\/themes\/hlb-poland\/images\/logo-forum-of-firms.png","contentUrl":"https:\/\/hlb-poland.global\/wp-content\/themes\/hlb-poland\/images\/logo-forum-of-firms.png"},{"@type":"BreadcrumbList","@id":"https:\/\/hlb-poland.global\/pl\/o-nas\/fachowosc-i-jakosc\/#breadcrumb","itemListElement":[{"@type":"ListItem","position":1,"name":"Strona g\u0142\u00f3wna","item":"https:\/\/hlb-poland.global\/pl\/"},{"@type":"ListItem","position":2,"name":"Dowiedz si\u0119 wi\u0119cej o nas","item":"https:\/\/hlb-poland.global\/pl\/o-nas\/"},{"@type":"ListItem","position":3,"name":"Fachowo\u015b\u0107 i wysoka jako\u015b\u0107"}]},{"@type":"WebSite","@id":"https:\/\/hlb-poland.global\/#website","url":"https:\/\/hlb-poland.global\/","name":"HLB Poland","description":"Advisory and accounting","publisher":{"@id":"https:\/\/hlb-poland.global\/#organization"},"potentialAction":[{"@type":"SearchAction","target":{"@type":"EntryPoint","urlTemplate":"https:\/\/hlb-poland.global\/?s={search_term_string}"},"query-input":{"@type":"PropertyValueSpecification","valueRequired":true,"valueName":"search_term_string"}}],"inLanguage":"pl-PL"},{"@type":"Organization","@id":"https:\/\/hlb-poland.global\/#organization","name":"HLB Poland","url":"https:\/\/hlb-poland.global\/","logo":{"@type":"ImageObject","inLanguage":"pl-PL","@id":"https:\/\/hlb-poland.global\/#\/schema\/logo\/image\/","url":"https:\/\/hlb-poland.global\/wp-content\/uploads\/2025\/12\/hlb-poland-og-image.png","contentUrl":"https:\/\/hlb-poland.global\/wp-content\/uploads\/2025\/12\/hlb-poland-og-image.png","width":1200,"height":630,"caption":"HLB Poland"},"image":{"@id":"https:\/\/hlb-poland.global\/#\/schema\/logo\/image\/"},"sameAs":["https:\/\/www.facebook.com\/HLBPoland","https:\/\/www.linkedin.com\/company\/hlb-poland"]}]}},"_links":{"self":[{"href":"https:\/\/hlb-poland.global\/pl\/wp-json\/wp\/v2\/pages\/1861","targetHints":{"allow":["GET"]}}],"collection":[{"href":"https:\/\/hlb-poland.global\/pl\/wp-json\/wp\/v2\/pages"}],"about":[{"href":"https:\/\/hlb-poland.global\/pl\/wp-json\/wp\/v2\/types\/page"}],"author":[{"embeddable":true,"href":"https:\/\/hlb-poland.global\/pl\/wp-json\/wp\/v2\/users\/3"}],"replies":[{"embeddable":true,"href":"https:\/\/hlb-poland.global\/pl\/wp-json\/wp\/v2\/comments?post=1861"}],"version-history":[{"count":19,"href":"https:\/\/hlb-poland.global\/pl\/wp-json\/wp\/v2\/pages\/1861\/revisions"}],"predecessor-version":[{"id":16227,"href":"https:\/\/hlb-poland.global\/pl\/wp-json\/wp\/v2\/pages\/1861\/revisions\/16227"}],"up":[{"embeddable":true,"href":"https:\/\/hlb-poland.global\/pl\/wp-json\/wp\/v2\/pages\/1843"}],"wp:attachment":[{"href":"https:\/\/hlb-poland.global\/pl\/wp-json\/wp\/v2\/media?parent=1861"}],"curies":[{"name":"wp","href":"https:\/\/api.w.org\/{rel}","templated":true}]}}