
{"id":1863,"date":"2018-12-11T12:03:40","date_gmt":"2018-12-11T11:03:40","guid":{"rendered":"http:\/\/hlb-poland.global\/?page_id=1863"},"modified":"2023-03-27T09:06:45","modified_gmt":"2023-03-27T08:06:45","slug":"poznaj-zespol","status":"publish","type":"page","link":"https:\/\/hlb-poland.global\/pl\/o-nas\/poznaj-zespol\/","title":{"rendered":"Poznaj zesp\u00f3\u0142 HLB Poland"},"content":{"rendered":"","protected":false},"excerpt":{"rendered":"<div class=\"clear\"><\/div><a class=\"more-link\" href=\"https:\/\/hlb-poland.global\/pl\/o-nas\/poznaj-zespol\/\"> Dowiedz si\u0119 wi\u0119cej <\/a>","protected":false},"author":3,"featured_media":0,"parent":1843,"menu_order":0,"comment_status":"closed","ping_status":"closed","template":"team.php","meta":{"_acf_changed":false,"footnotes":""},"class_list":["post-1863","page","type-page","status-publish","hentry"],"acf":[],"yoast_head":"<!-- This site is optimized with the Yoast SEO plugin v27.2 - https:\/\/yoast.com\/product\/yoast-seo-wordpress\/ -->\n<title>Poznaj zesp\u00f3\u0142 HLB Poland<\/title>\n<meta name=\"description\" content=\"Chcesz pozna\u0107 zesp\u00f3\u0142 HLB Poland? Mo\u017cesz przegl\u0105da\u0107 wszystkie osobiste profile i pozycje. Dowiedz si\u0119, z kim b\u0119dziesz mie\u0107 do czynienia w...\" \/>\n<meta name=\"robots\" content=\"index, follow, max-snippet:-1, max-image-preview:large, max-video-preview:-1\" \/>\n<link rel=\"canonical\" href=\"https:\/\/hlb-poland.global\/pl\/o-nas\/poznaj-zespol\/\" \/>\n<meta property=\"og:locale\" content=\"pl_PL\" \/>\n<meta property=\"og:type\" content=\"article\" \/>\n<meta property=\"og:title\" content=\"Poznaj zesp\u00f3\u0142 HLB Poland\" \/>\n<meta property=\"og:description\" content=\"Chcesz pozna\u0107 zesp\u00f3\u0142 HLB Poland? Mo\u017cesz przegl\u0105da\u0107 wszystkie osobiste profile i pozycje. Dowiedz si\u0119, z kim b\u0119dziesz mie\u0107 do czynienia w...\" \/>\n<meta property=\"og:url\" content=\"https:\/\/hlb-poland.global\/pl\/o-nas\/poznaj-zespol\/\" \/>\n<meta property=\"og:site_name\" content=\"HLB Poland\" \/>\n<meta property=\"article:publisher\" content=\"https:\/\/www.facebook.com\/HLBPoland\" \/>\n<meta property=\"article:modified_time\" content=\"2023-03-27T08:06:45+00:00\" \/>\n<meta name=\"twitter:card\" content=\"summary_large_image\" \/>\n<script type=\"application\/ld+json\" class=\"yoast-schema-graph\">{\"@context\":\"https:\/\/schema.org\",\"@graph\":[{\"@type\":\"WebPage\",\"@id\":\"https:\/\/hlb-poland.global\/pl\/o-nas\/poznaj-zespol\/\",\"url\":\"https:\/\/hlb-poland.global\/pl\/o-nas\/poznaj-zespol\/\",\"name\":\"Poznaj zesp\u00f3\u0142 HLB Poland\",\"isPartOf\":{\"@id\":\"https:\/\/hlb-poland.global\/#website\"},\"datePublished\":\"2018-12-11T11:03:40+00:00\",\"dateModified\":\"2023-03-27T08:06:45+00:00\",\"description\":\"Chcesz pozna\u0107 zesp\u00f3\u0142 HLB Poland? Mo\u017cesz przegl\u0105da\u0107 wszystkie osobiste profile i pozycje. Dowiedz si\u0119, z kim b\u0119dziesz mie\u0107 do czynienia w...\",\"breadcrumb\":{\"@id\":\"https:\/\/hlb-poland.global\/pl\/o-nas\/poznaj-zespol\/#breadcrumb\"},\"inLanguage\":\"pl-PL\",\"potentialAction\":[{\"@type\":\"ReadAction\",\"target\":[\"https:\/\/hlb-poland.global\/pl\/o-nas\/poznaj-zespol\/\"]}]},{\"@type\":\"BreadcrumbList\",\"@id\":\"https:\/\/hlb-poland.global\/pl\/o-nas\/poznaj-zespol\/#breadcrumb\",\"itemListElement\":[{\"@type\":\"ListItem\",\"position\":1,\"name\":\"Strona g\u0142\u00f3wna\",\"item\":\"https:\/\/hlb-poland.global\/pl\/\"},{\"@type\":\"ListItem\",\"position\":2,\"name\":\"Dowiedz si\u0119 wi\u0119cej o nas\",\"item\":\"https:\/\/hlb-poland.global\/pl\/o-nas\/\"},{\"@type\":\"ListItem\",\"position\":3,\"name\":\"Poznaj zesp\u00f3\u0142 HLB Poland\"}]},{\"@type\":\"WebSite\",\"@id\":\"https:\/\/hlb-poland.global\/#website\",\"url\":\"https:\/\/hlb-poland.global\/\",\"name\":\"HLB Poland\",\"description\":\"Advisory and accounting\",\"publisher\":{\"@id\":\"https:\/\/hlb-poland.global\/#organization\"},\"potentialAction\":[{\"@type\":\"SearchAction\",\"target\":{\"@type\":\"EntryPoint\",\"urlTemplate\":\"https:\/\/hlb-poland.global\/?s={search_term_string}\"},\"query-input\":{\"@type\":\"PropertyValueSpecification\",\"valueRequired\":true,\"valueName\":\"search_term_string\"}}],\"inLanguage\":\"pl-PL\"},{\"@type\":\"Organization\",\"@id\":\"https:\/\/hlb-poland.global\/#organization\",\"name\":\"HLB Poland\",\"url\":\"https:\/\/hlb-poland.global\/\",\"logo\":{\"@type\":\"ImageObject\",\"inLanguage\":\"pl-PL\",\"@id\":\"https:\/\/hlb-poland.global\/#\/schema\/logo\/image\/\",\"url\":\"https:\/\/hlb-poland.global\/wp-content\/uploads\/2025\/12\/hlb-poland-og-image.png\",\"contentUrl\":\"https:\/\/hlb-poland.global\/wp-content\/uploads\/2025\/12\/hlb-poland-og-image.png\",\"width\":1200,\"height\":630,\"caption\":\"HLB Poland\"},\"image\":{\"@id\":\"https:\/\/hlb-poland.global\/#\/schema\/logo\/image\/\"},\"sameAs\":[\"https:\/\/www.facebook.com\/HLBPoland\",\"https:\/\/www.linkedin.com\/company\/hlb-poland\"]}]}<\/script>\n<!-- \/ Yoast SEO plugin. -->","yoast_head_json":{"title":"Poznaj zesp\u00f3\u0142 HLB Poland","description":"Chcesz pozna\u0107 zesp\u00f3\u0142 HLB Poland? Mo\u017cesz przegl\u0105da\u0107 wszystkie osobiste profile i pozycje. Dowiedz si\u0119, z kim b\u0119dziesz mie\u0107 do czynienia w...","robots":{"index":"index","follow":"follow","max-snippet":"max-snippet:-1","max-image-preview":"max-image-preview:large","max-video-preview":"max-video-preview:-1"},"canonical":"https:\/\/hlb-poland.global\/pl\/o-nas\/poznaj-zespol\/","og_locale":"pl_PL","og_type":"article","og_title":"Poznaj zesp\u00f3\u0142 HLB Poland","og_description":"Chcesz pozna\u0107 zesp\u00f3\u0142 HLB Poland? Mo\u017cesz przegl\u0105da\u0107 wszystkie osobiste profile i pozycje. Dowiedz si\u0119, z kim b\u0119dziesz mie\u0107 do czynienia w...","og_url":"https:\/\/hlb-poland.global\/pl\/o-nas\/poznaj-zespol\/","og_site_name":"HLB Poland","article_publisher":"https:\/\/www.facebook.com\/HLBPoland","article_modified_time":"2023-03-27T08:06:45+00:00","twitter_card":"summary_large_image","schema":{"@context":"https:\/\/schema.org","@graph":[{"@type":"WebPage","@id":"https:\/\/hlb-poland.global\/pl\/o-nas\/poznaj-zespol\/","url":"https:\/\/hlb-poland.global\/pl\/o-nas\/poznaj-zespol\/","name":"Poznaj zesp\u00f3\u0142 HLB Poland","isPartOf":{"@id":"https:\/\/hlb-poland.global\/#website"},"datePublished":"2018-12-11T11:03:40+00:00","dateModified":"2023-03-27T08:06:45+00:00","description":"Chcesz pozna\u0107 zesp\u00f3\u0142 HLB Poland? Mo\u017cesz przegl\u0105da\u0107 wszystkie osobiste profile i pozycje. Dowiedz si\u0119, z kim b\u0119dziesz mie\u0107 do czynienia w...","breadcrumb":{"@id":"https:\/\/hlb-poland.global\/pl\/o-nas\/poznaj-zespol\/#breadcrumb"},"inLanguage":"pl-PL","potentialAction":[{"@type":"ReadAction","target":["https:\/\/hlb-poland.global\/pl\/o-nas\/poznaj-zespol\/"]}]},{"@type":"BreadcrumbList","@id":"https:\/\/hlb-poland.global\/pl\/o-nas\/poznaj-zespol\/#breadcrumb","itemListElement":[{"@type":"ListItem","position":1,"name":"Strona g\u0142\u00f3wna","item":"https:\/\/hlb-poland.global\/pl\/"},{"@type":"ListItem","position":2,"name":"Dowiedz si\u0119 wi\u0119cej o nas","item":"https:\/\/hlb-poland.global\/pl\/o-nas\/"},{"@type":"ListItem","position":3,"name":"Poznaj zesp\u00f3\u0142 HLB Poland"}]},{"@type":"WebSite","@id":"https:\/\/hlb-poland.global\/#website","url":"https:\/\/hlb-poland.global\/","name":"HLB Poland","description":"Advisory and accounting","publisher":{"@id":"https:\/\/hlb-poland.global\/#organization"},"potentialAction":[{"@type":"SearchAction","target":{"@type":"EntryPoint","urlTemplate":"https:\/\/hlb-poland.global\/?s={search_term_string}"},"query-input":{"@type":"PropertyValueSpecification","valueRequired":true,"valueName":"search_term_string"}}],"inLanguage":"pl-PL"},{"@type":"Organization","@id":"https:\/\/hlb-poland.global\/#organization","name":"HLB Poland","url":"https:\/\/hlb-poland.global\/","logo":{"@type":"ImageObject","inLanguage":"pl-PL","@id":"https:\/\/hlb-poland.global\/#\/schema\/logo\/image\/","url":"https:\/\/hlb-poland.global\/wp-content\/uploads\/2025\/12\/hlb-poland-og-image.png","contentUrl":"https:\/\/hlb-poland.global\/wp-content\/uploads\/2025\/12\/hlb-poland-og-image.png","width":1200,"height":630,"caption":"HLB Poland"},"image":{"@id":"https:\/\/hlb-poland.global\/#\/schema\/logo\/image\/"},"sameAs":["https:\/\/www.facebook.com\/HLBPoland","https:\/\/www.linkedin.com\/company\/hlb-poland"]}]}},"_links":{"self":[{"href":"https:\/\/hlb-poland.global\/pl\/wp-json\/wp\/v2\/pages\/1863","targetHints":{"allow":["GET"]}}],"collection":[{"href":"https:\/\/hlb-poland.global\/pl\/wp-json\/wp\/v2\/pages"}],"about":[{"href":"https:\/\/hlb-poland.global\/pl\/wp-json\/wp\/v2\/types\/page"}],"author":[{"embeddable":true,"href":"https:\/\/hlb-poland.global\/pl\/wp-json\/wp\/v2\/users\/3"}],"replies":[{"embeddable":true,"href":"https:\/\/hlb-poland.global\/pl\/wp-json\/wp\/v2\/comments?post=1863"}],"version-history":[{"count":2,"href":"https:\/\/hlb-poland.global\/pl\/wp-json\/wp\/v2\/pages\/1863\/revisions"}],"predecessor-version":[{"id":11303,"href":"https:\/\/hlb-poland.global\/pl\/wp-json\/wp\/v2\/pages\/1863\/revisions\/11303"}],"up":[{"embeddable":true,"href":"https:\/\/hlb-poland.global\/pl\/wp-json\/wp\/v2\/pages\/1843"}],"wp:attachment":[{"href":"https:\/\/hlb-poland.global\/pl\/wp-json\/wp\/v2\/media?parent=1863"}],"curies":[{"name":"wp","href":"https:\/\/api.w.org\/{rel}","templated":true}]}}