
{"id":1865,"date":"2018-12-11T12:04:52","date_gmt":"2018-12-11T11:04:52","guid":{"rendered":"http:\/\/hlb-poland.global\/?page_id=1865"},"modified":"2025-08-14T12:35:32","modified_gmt":"2025-08-14T11:35:32","slug":"firmy-czlonkowskie","status":"publish","type":"page","link":"https:\/\/hlb-poland.global\/pl\/o-nas\/firmy-czlonkowskie\/","title":{"rendered":"Firmy cz\u0142onkowskie HLB Poland"},"content":{"rendered":"<div class=\"row\">\n<div class=\"col-12 col-sm-12 col-lg-4 company\">\n<h3>Avanta Audit Sp. z o.o. Sp. k.<\/h3>\n<div class=\"logo\"><img decoding=\"async\" src=\"https:\/\/hlb-poland.global\/wp-content\/themes\/hlb-poland\/images\/logo-avanta-audit.png\" alt=\"Avanta Audit Sp. z o.o. Sp. k.\" \/><\/div>\n<p>\t<span style=\"font-weight: bold;\">Adres:<\/span> ul. Szwedzka 5,<br \/>\n\t55-040 Bielany Wroc\u0142awskie<br \/>\n\t<span style=\"font-weight: bold;\">Telefon:<\/span> +48 71 334 29 60<br \/>\n\t<span style=\"font-weight: bold;\">Fax:<\/span> +48 71 334 29 70<\/p>\n<div class=\"social\"><a title=\"Linkedin\" href=\"https:\/\/www.linkedin.com\/company\/avanta-audit\/\" target=\"_blank\" rel=\"noopener noreferrer\"><img decoding=\"async\" src=\"https:\/\/hlb-poland.global\/wp-content\/themes\/hlb-poland\/images\/icons\/person-sm-linkedin.png\" alt=\"Linkedin\" \/><\/a><\/div>\n<p>\t<a class=\"with-side-decoration\" title=\"E-mail\" href=\"mailto:biuro@avanta-audit.pl\">E-mail<\/a><a class=\"with-side-decoration\" title=\"Strona internetowa\" href=\"https:\/\/www.hlb-avanta.pl\/\" target=\"_blank\" rel=\"noopener noreferrer\">Strona internetowa<\/a><\/p><\/div>\n<div class=\"col-12 col-sm-12 col-lg-8 related-services\">\n\t<span class=\"bold\" style=\"font-size: 1.3rem;\">Powi\u0105zane us\u0142ugi<\/span><\/p>\n<ul>\n<li><a class=\"read-more\" title=\"Audyt\" href=\"https:\/\/hlb-poland.global\/pl\/uslugi\/audyt\/\">Audyt<\/a><\/li>\n<li><a class=\"read-more\" title=\"Doradztwo transakcyjne\" href=\"https:\/\/hlb-poland.global\/pl\/uslugi\/doradztwo-transakcyjne\/\">Doradztwo transakcyjne<\/a><\/li>\n<li><a class=\"read-more\" title=\"Doradztwo strategiczne\" href=\"https:\/\/hlb-poland.global\/pl\/uslugi\/doradztwo-strategiczne\/\">Doradztwo strategiczne<\/a><\/li>\n<li><a class=\"read-more\" title=\"Doradztwo operacyjne\" href=\"https:\/\/hlb-poland.global\/pl\/uslugi\/doradztwo-operacyjne\/\">Doradztwo operacyjne<\/a><\/li>\n<li><a class=\"read-more\" title=\"Szkolenia\" href=\"https:\/\/hlb-poland.global\/pl\/uslugi\/szkolenia\/\">Szkolenia<\/a><\/li>\n<\/ul><\/div>\n<\/p><\/div>\n<hr \/>\n<div class=\"row\">\n<div class=\"col-12 col-sm-12 col-lg-4 company\">\n<h3>getsix Group<\/h3>\n<div class=\"logo\"><img decoding=\"async\" src=\"https:\/\/hlb-poland.global\/wp-content\/themes\/hlb-poland\/images\/logo-getsix.png\" alt=\"getsix Group\" \/><\/div>\n<p>\t<span style=\"font-weight: bold;\">Adres:<\/span> ul. Zwyci\u0119ska 45,<br \/>\n\t53-033 Wroc\u0142aw<br \/>\n\t<span style=\"font-weight: bold;\">Telefon:<\/span> +48 71 388 13 00<br \/>\n\t<span style=\"font-weight: bold;\">Fax:<\/span> +48 71 388 13 10<\/p>\n<div class=\"social\"><a title=\"Linkedin\" href=\"https:\/\/www.linkedin.com\/company\/getsix\/\" target=\"_blank\" rel=\"noopener noreferrer\"><img decoding=\"async\" src=\"https:\/\/hlb-poland.global\/wp-content\/themes\/hlb-poland\/images\/icons\/person-sm-linkedin.png\" alt=\"Linkedin\" \/><\/a><a title=\"Facebook\" href=\"https:\/\/www.facebook.com\/getsix\/\" target=\"_blank\" rel=\"noopener noreferrer\"><img decoding=\"async\" src=\"https:\/\/hlb-poland.global\/wp-content\/themes\/hlb-poland\/images\/icons\/person-sm-facebook.png\" alt=\"Facebook\" \/><\/a><\/div>\n<p>\t<a class=\"with-side-decoration\" title=\"E-mail\" href=\"mailto:info@getsix.pl\">E-mail<\/a><a class=\"with-side-decoration\" title=\"Strona internetowa\" href=\"https:\/\/getsix.eu\/\" target=\"_blank\" rel=\"noopener noreferrer\">Strona internetowa<\/a><\/p><\/div>\n<div class=\"col-12 col-sm-12 col-lg-8 related-services\">\n\t<span class=\"bold\" style=\"font-size: 1.3rem;\">Powi\u0105zane us\u0142ugi<\/span><\/p>\n<ul>\n<li><a class=\"read-more\" title=\"Finanse i ksi\u0119gowo\u015b\u0107\" href=\"https:\/\/hlb-poland.global\/pl\/uslugi\/finanse-i-ksiegowosc\/\">Finanse i ksi\u0119gowo\u015b\u0107<\/a><\/li>\n<li><a class=\"read-more\" title=\"Kadry i p\u0142ace\" href=\"https:\/\/hlb-poland.global\/pl\/uslugi\/kadry-i-place\/\">Kadry i p\u0142ace<\/a><\/li>\n<li><a class=\"read-more\" title=\"Podatki\" href=\"https:\/\/hlb-poland.global\/pl\/uslugi\/podatki\/\">Podatki<\/a><\/li>\n<li><a class=\"read-more\" title=\"Doradztwo\" href=\"https:\/\/hlb-poland.global\/pl\/uslugi\/doradztwo\/\">Doradztwo<\/a><\/li>\n<li><a class=\"read-more\" title=\"Us\u0142ugi biznesowe\" href=\"https:\/\/hlb-poland.global\/pl\/uslugi\/uslugi-biznesowe\/\">Us\u0142ugi biznesowe<\/a><\/li>\n<li><a class=\"read-more\" title=\"Us\u0142ugi IT\" href=\"https:\/\/hlb-poland.global\/pl\/uslugi\/uslugi-it\/\">Us\u0142ugi IT<\/a><\/li>\n<\/ul><\/div>\n<\/p><\/div>\n<hr \/>\n<div class=\"row\">\n<div class=\"col-12 col-sm-12 col-lg-4 company\">\n<h3>HLB M2 Sp. z.o.o. Sp.k.<\/h3>\n<div class=\"logo\"><img decoding=\"async\" src=\"https:\/\/hlb-poland.global\/wp-content\/themes\/hlb-poland\/images\/logo-hlb-m2.png\" alt=\"HLB M2\" \/><\/div>\n<p>\t<span style=\"font-weight: bold;\">Adres:<\/span> ul. Rakowiecka 41\/27,<br \/>\n\t02-521 Warszawa<br \/>\n\t<span style=\"font-weight: bold;\">Telefon:<\/span> +48 22 487 51 61<br \/>\n\t<span style=\"font-weight: bold;\">Fax:<\/span> +48 22 427 89 61<\/p>\n<div class=\"social\"><a title=\"Linkedin\" href=\"https:\/\/www.linkedin.com\/company\/hlb-m2-audyt-sp--z-o-o-\/\" target=\"_blank\" rel=\"noopener noreferrer\"><img decoding=\"async\" src=\"https:\/\/hlb-poland.global\/wp-content\/themes\/hlb-poland\/images\/icons\/person-sm-linkedin.png\" alt=\"Linkedin\" \/><\/a><a title=\"Facebook\" href=\"https:\/\/www.facebook.com\/HLBM2\/\" target=\"_blank\" rel=\"noopener noreferrer\"><img decoding=\"async\" src=\"https:\/\/hlb-poland.global\/wp-content\/themes\/hlb-poland\/images\/icons\/person-sm-facebook.png\" alt=\"Facebook\" \/><\/a><\/div>\n<p>\t<a class=\"with-side-decoration\" title=\"E-mail\" href=\"mailto:info@hlbm2.pl\">E-mail<\/a><a class=\"with-side-decoration\" title=\"Strona internetowa\" href=\"https:\/\/www.hlbm2.pl\/\" target=\"_blank\" rel=\"noopener noreferrer\">Strona internetowa<\/a><\/p><\/div>\n<div class=\"col-12 col-sm-12 col-lg-8 related-services\">\n\t<span class=\"bold\" style=\"font-size: 1.3rem;\">Powi\u0105zane us\u0142ugi<\/span><\/p>\n<ul>\n<li><a class=\"read-more\" title=\"Audyt\" href=\"https:\/\/hlb-poland.global\/pl\/uslugi\/audyt\/\">Audyt<\/a><\/li>\n<li><a class=\"read-more\" title=\"Assurance\" href=\"https:\/\/hlb-poland.global\/pl\/uslugi\/assurance\/\">Assurance<\/a><\/li>\n<li><a class=\"read-more\" title=\"Finanse i ksi\u0119gowo\u015b\u0107\" href=\"https:\/\/hlb-poland.global\/pl\/uslugi\/finanse-i-ksiegowosc\/\">Finanse i ksi\u0119gowo\u015b\u0107<\/a><\/li>\n<li><a class=\"read-more\" title=\"Kadry i p\u0142ace\" href=\"https:\/\/hlb-poland.global\/pl\/uslugi\/kadry-i-place\/\">Kadry i p\u0142ace<\/a><\/li>\n<li><a class=\"read-more\" title=\"Podatki\" href=\"https:\/\/hlb-poland.global\/pl\/uslugi\/podatki\/\">Podatki<\/a><\/li>\n<li><a class=\"read-more\" title=\"Doradztwo korporacyjne\" href=\"https:\/\/hlb-poland.global\/pl\/uslugi\/doradztwo-korporacyjne\/\">Doradztwo korporacyjne<\/a><\/li>\n<\/ul><\/div>\n<\/p><\/div>\n<hr \/>\n<div class=\"row\">\n<div class=\"col-12 col-sm-12 col-lg-4 company\">\n<h3>amavat Sp. z o.o.<\/h3>\n<div class=\"logo\"><img decoding=\"async\" src=\"https:\/\/hlb-poland.global\/wp-content\/themes\/hlb-poland\/images\/logo-amavat.png\" alt=\"amavat Sp. z o.o. Sp. k.\" \/><\/div>\n<p>\t<span style=\"font-weight: bold;\">Adres:<\/span> ul. Zwyci\u0119ska 45,<br \/>\n\t53-033 Wroc\u0142aw<br \/>\n\t<span style=\"font-weight: bold;\">Telefon:<\/span> +48 71 388 13 00<br \/>\n\t<span style=\"font-weight: bold;\">Fax:<\/span> +48 71 388 13 10<\/p>\n<div class=\"social\"><a title=\"Linkedin\" href=\"https:\/\/www.linkedin.com\/company\/amavat\" target=\"_blank\" rel=\"noopener noreferrer\"><img decoding=\"async\" src=\"https:\/\/hlb-poland.global\/wp-content\/themes\/hlb-poland\/images\/icons\/person-sm-linkedin.png\" alt=\"Linkedin\" \/><\/a><a title=\"Facebook\" href=\"https:\/\/www.facebook.com\/amavateurope\/\" target=\"_blank\" rel=\"noopener noreferrer\"><img decoding=\"async\" src=\"https:\/\/hlb-poland.global\/wp-content\/themes\/hlb-poland\/images\/icons\/person-sm-facebook.png\" alt=\"Facebook\" \/><\/a><\/div>\n<p>\t<a class=\"with-side-decoration\" title=\"E-mail\" href=\"mailto:info@amavat.eu\">E-mail<\/a><a class=\"with-side-decoration\" title=\"Strona internetowa\" href=\"https:\/\/amavat.eu\/\" target=\"_blank\" rel=\"noopener noreferrer\">Strona internetowa<\/a><\/p><\/div>\n<div class=\"col-12 col-sm-12 col-lg-8 related-services\">\n\t<span class=\"bold\" style=\"font-size: 1.3rem;\">Powi\u0105zane us\u0142ugi<\/span><\/p>\n<ul>\n<li><a class=\"read-more\" title=\"VAT Compliance dla sprzedaj\u0105cych Online\" href=\"https:\/\/hlb-poland.global\/pl\/uslugi\/vat-compliance-dla-sprzedajacych-online\/\">VAT Compliance dla sprzedaj\u0105cych Online<\/a><\/li>\n<\/ul><\/div>\n<\/p><\/div>\n<hr \/>\n<h3>\u015acis\u0142a wsp\u00f3\u0142praca cz\u0142onk\u00f3w z Polski nie ko\u0144czy si\u0119 na polskiej granicy<\/h3>\n<p>\tJako Polski Alians nale\u017c\u0105cy do HLB pracujemy z zaprzyja\u017anionymi cz\u0142onkami HLB na ca\u0142ym \u015bwiecie po to, by nieprzerwanie dostarcza\u0107 us\u0142ugi mi\u0119dzynarodowym klientom. Biznes mi\u0119dzynarodowy przynosi renomowanym firmom szereg nowych wyzwa\u0144 \u2013 poza oczywistymi barierami j\u0119zykowymi czy te\u017c r\u00f3\u017cnicami w czasem skomplikowanych systemach kontroli i nadzoru lub \u015brodowisku fiskalnym pojawiaj\u0105 si\u0119 r\u00f3wnie\u017c r\u00f3\u017cnice w standardach spo\u0142ecznych oraz kulturowych, nie wspominaj\u0105c o korzy\u015bciach p\u0142yn\u0105cych ze zrozumienia lokalnych reali\u00f3w. Wszystkie te czynniki sprawiaj\u0105, \u017ce biznes mi\u0119dzynarodowy jest albo wysoce op\u0142acalny, albo niezwykle frustruj\u0105cy. Dzi\u0119ki przynale\u017cno\u015bci do sieci HLB i mo\u017cliwo\u015bciom tworzenia relacji z kolegami z HLB jeste\u015bmy w stanie sprawi\u0107, by by\u0142o to zawsze pozytywne i bezproblemowe do\u015bwiadczenie.<\/p>\n<hr \/>\n<h3>HLB Poland zdaje sobie oczywi\u015bcie spraw\u0119 z potrzeby mi\u0119dzynarodowej obs\u0142ugi potrzeb klienta<\/h3>\n<p>\tW sektorze \u015brednim w szczeg\u00f3lno\u015bci skomplikowane problemy i zapytania o naturze mi\u0119dzynarodowej wymagaj\u0105 wsp\u00f3\u0142pracy wysoce wykwalifikowanych, og\u00f3lno\u015bwiatowych partner\u00f3w. W naszej sieci HLB mo\u017cemy w \u0142atwy spos\u00f3b zapewni\u0107 dost\u0119p do wszystkich znacz\u0105cych centr\u00f3w gospodarczych na \u015bwiecie.<\/p>\n","protected":false},"excerpt":{"rendered":"<p>Avanta Audit Sp. z o.o. Sp. k. Adres: ul. Szwedzka 5, 55-040 Bielany Wroc\u0142awskie Telefon: +48 71 334 29 60..<\/p>\n<div class=\"clear\"><\/div><a class=\"more-link\" href=\"https:\/\/hlb-poland.global\/pl\/o-nas\/firmy-czlonkowskie\/\"> Dowiedz si\u0119 wi\u0119cej <\/a>","protected":false},"author":3,"featured_media":0,"parent":1843,"menu_order":0,"comment_status":"closed","ping_status":"closed","template":"","meta":{"_acf_changed":false,"footnotes":""},"class_list":["post-1865","page","type-page","status-publish","hentry"],"acf":[],"yoast_head":"<!-- This site is optimized with the Yoast SEO plugin v27.2 - https:\/\/yoast.com\/product\/yoast-seo-wordpress\/ -->\n<title>Firmy cz\u0142onkowskie HLB Poland<\/title>\n<meta name=\"description\" content=\"Firmy cz\u0142onkowskie HLB Poland s\u0105 liderami na swoich rynkach i d\u0105\u017c\u0105 do zapewnienia najwy\u017cszego poziomu us\u0142ug. Przegl\u0105daj sie\u0107 firmow\u0105 HLB...\" \/>\n<meta name=\"robots\" content=\"index, follow, max-snippet:-1, max-image-preview:large, max-video-preview:-1\" \/>\n<link rel=\"canonical\" href=\"https:\/\/hlb-poland.global\/pl\/o-nas\/firmy-czlonkowskie\/\" \/>\n<meta property=\"og:locale\" content=\"pl_PL\" \/>\n<meta property=\"og:type\" content=\"article\" \/>\n<meta property=\"og:title\" content=\"Firmy cz\u0142onkowskie HLB Poland\" \/>\n<meta property=\"og:description\" content=\"Firmy cz\u0142onkowskie HLB Poland s\u0105 liderami na swoich rynkach i d\u0105\u017c\u0105 do zapewnienia najwy\u017cszego poziomu us\u0142ug. Przegl\u0105daj sie\u0107 firmow\u0105 HLB...\" \/>\n<meta property=\"og:url\" content=\"https:\/\/hlb-poland.global\/pl\/o-nas\/firmy-czlonkowskie\/\" \/>\n<meta property=\"og:site_name\" content=\"HLB Poland\" \/>\n<meta property=\"article:publisher\" content=\"https:\/\/www.facebook.com\/HLBPoland\" \/>\n<meta property=\"article:modified_time\" content=\"2025-08-14T11:35:32+00:00\" \/>\n<meta property=\"og:image\" content=\"https:\/\/hlb-poland.global\/wp-content\/themes\/hlb-poland\/images\/logo-avanta-audit.png\" \/>\n<meta name=\"twitter:card\" content=\"summary_large_image\" \/>\n<meta name=\"twitter:label1\" content=\"Szacowany czas czytania\" \/>\n\t<meta name=\"twitter:data1\" content=\"4 minuty\" \/>\n<script type=\"application\/ld+json\" class=\"yoast-schema-graph\">{\"@context\":\"https:\/\/schema.org\",\"@graph\":[{\"@type\":\"WebPage\",\"@id\":\"https:\/\/hlb-poland.global\/pl\/o-nas\/firmy-czlonkowskie\/\",\"url\":\"https:\/\/hlb-poland.global\/pl\/o-nas\/firmy-czlonkowskie\/\",\"name\":\"Firmy cz\u0142onkowskie HLB Poland\",\"isPartOf\":{\"@id\":\"https:\/\/hlb-poland.global\/#website\"},\"primaryImageOfPage\":{\"@id\":\"https:\/\/hlb-poland.global\/pl\/o-nas\/firmy-czlonkowskie\/#primaryimage\"},\"image\":{\"@id\":\"https:\/\/hlb-poland.global\/pl\/o-nas\/firmy-czlonkowskie\/#primaryimage\"},\"thumbnailUrl\":\"https:\/\/hlb-poland.global\/wp-content\/themes\/hlb-poland\/images\/logo-avanta-audit.png\",\"datePublished\":\"2018-12-11T11:04:52+00:00\",\"dateModified\":\"2025-08-14T11:35:32+00:00\",\"description\":\"Firmy cz\u0142onkowskie HLB Poland s\u0105 liderami na swoich rynkach i d\u0105\u017c\u0105 do zapewnienia najwy\u017cszego poziomu us\u0142ug. Przegl\u0105daj sie\u0107 firmow\u0105 HLB...\",\"breadcrumb\":{\"@id\":\"https:\/\/hlb-poland.global\/pl\/o-nas\/firmy-czlonkowskie\/#breadcrumb\"},\"inLanguage\":\"pl-PL\",\"potentialAction\":[{\"@type\":\"ReadAction\",\"target\":[\"https:\/\/hlb-poland.global\/pl\/o-nas\/firmy-czlonkowskie\/\"]}]},{\"@type\":\"ImageObject\",\"inLanguage\":\"pl-PL\",\"@id\":\"https:\/\/hlb-poland.global\/pl\/o-nas\/firmy-czlonkowskie\/#primaryimage\",\"url\":\"https:\/\/hlb-poland.global\/wp-content\/themes\/hlb-poland\/images\/logo-avanta-audit.png\",\"contentUrl\":\"https:\/\/hlb-poland.global\/wp-content\/themes\/hlb-poland\/images\/logo-avanta-audit.png\"},{\"@type\":\"BreadcrumbList\",\"@id\":\"https:\/\/hlb-poland.global\/pl\/o-nas\/firmy-czlonkowskie\/#breadcrumb\",\"itemListElement\":[{\"@type\":\"ListItem\",\"position\":1,\"name\":\"Strona g\u0142\u00f3wna\",\"item\":\"https:\/\/hlb-poland.global\/pl\/\"},{\"@type\":\"ListItem\",\"position\":2,\"name\":\"Dowiedz si\u0119 wi\u0119cej o nas\",\"item\":\"https:\/\/hlb-poland.global\/pl\/o-nas\/\"},{\"@type\":\"ListItem\",\"position\":3,\"name\":\"Firmy cz\u0142onkowskie HLB Poland\"}]},{\"@type\":\"WebSite\",\"@id\":\"https:\/\/hlb-poland.global\/#website\",\"url\":\"https:\/\/hlb-poland.global\/\",\"name\":\"HLB Poland\",\"description\":\"Advisory and accounting\",\"publisher\":{\"@id\":\"https:\/\/hlb-poland.global\/#organization\"},\"potentialAction\":[{\"@type\":\"SearchAction\",\"target\":{\"@type\":\"EntryPoint\",\"urlTemplate\":\"https:\/\/hlb-poland.global\/?s={search_term_string}\"},\"query-input\":{\"@type\":\"PropertyValueSpecification\",\"valueRequired\":true,\"valueName\":\"search_term_string\"}}],\"inLanguage\":\"pl-PL\"},{\"@type\":\"Organization\",\"@id\":\"https:\/\/hlb-poland.global\/#organization\",\"name\":\"HLB Poland\",\"url\":\"https:\/\/hlb-poland.global\/\",\"logo\":{\"@type\":\"ImageObject\",\"inLanguage\":\"pl-PL\",\"@id\":\"https:\/\/hlb-poland.global\/#\/schema\/logo\/image\/\",\"url\":\"https:\/\/hlb-poland.global\/wp-content\/uploads\/2025\/12\/hlb-poland-og-image.png\",\"contentUrl\":\"https:\/\/hlb-poland.global\/wp-content\/uploads\/2025\/12\/hlb-poland-og-image.png\",\"width\":1200,\"height\":630,\"caption\":\"HLB Poland\"},\"image\":{\"@id\":\"https:\/\/hlb-poland.global\/#\/schema\/logo\/image\/\"},\"sameAs\":[\"https:\/\/www.facebook.com\/HLBPoland\",\"https:\/\/www.linkedin.com\/company\/hlb-poland\"]}]}<\/script>\n<!-- \/ Yoast SEO plugin. -->","yoast_head_json":{"title":"Firmy cz\u0142onkowskie HLB Poland","description":"Firmy cz\u0142onkowskie HLB Poland s\u0105 liderami na swoich rynkach i d\u0105\u017c\u0105 do zapewnienia najwy\u017cszego poziomu us\u0142ug. Przegl\u0105daj sie\u0107 firmow\u0105 HLB...","robots":{"index":"index","follow":"follow","max-snippet":"max-snippet:-1","max-image-preview":"max-image-preview:large","max-video-preview":"max-video-preview:-1"},"canonical":"https:\/\/hlb-poland.global\/pl\/o-nas\/firmy-czlonkowskie\/","og_locale":"pl_PL","og_type":"article","og_title":"Firmy cz\u0142onkowskie HLB Poland","og_description":"Firmy cz\u0142onkowskie HLB Poland s\u0105 liderami na swoich rynkach i d\u0105\u017c\u0105 do zapewnienia najwy\u017cszego poziomu us\u0142ug. Przegl\u0105daj sie\u0107 firmow\u0105 HLB...","og_url":"https:\/\/hlb-poland.global\/pl\/o-nas\/firmy-czlonkowskie\/","og_site_name":"HLB Poland","article_publisher":"https:\/\/www.facebook.com\/HLBPoland","article_modified_time":"2025-08-14T11:35:32+00:00","og_image":[{"url":"https:\/\/hlb-poland.global\/wp-content\/themes\/hlb-poland\/images\/logo-avanta-audit.png","type":"","width":"","height":""}],"twitter_card":"summary_large_image","twitter_misc":{"Szacowany czas czytania":"4 minuty"},"schema":{"@context":"https:\/\/schema.org","@graph":[{"@type":"WebPage","@id":"https:\/\/hlb-poland.global\/pl\/o-nas\/firmy-czlonkowskie\/","url":"https:\/\/hlb-poland.global\/pl\/o-nas\/firmy-czlonkowskie\/","name":"Firmy cz\u0142onkowskie HLB Poland","isPartOf":{"@id":"https:\/\/hlb-poland.global\/#website"},"primaryImageOfPage":{"@id":"https:\/\/hlb-poland.global\/pl\/o-nas\/firmy-czlonkowskie\/#primaryimage"},"image":{"@id":"https:\/\/hlb-poland.global\/pl\/o-nas\/firmy-czlonkowskie\/#primaryimage"},"thumbnailUrl":"https:\/\/hlb-poland.global\/wp-content\/themes\/hlb-poland\/images\/logo-avanta-audit.png","datePublished":"2018-12-11T11:04:52+00:00","dateModified":"2025-08-14T11:35:32+00:00","description":"Firmy cz\u0142onkowskie HLB Poland s\u0105 liderami na swoich rynkach i d\u0105\u017c\u0105 do zapewnienia najwy\u017cszego poziomu us\u0142ug. Przegl\u0105daj sie\u0107 firmow\u0105 HLB...","breadcrumb":{"@id":"https:\/\/hlb-poland.global\/pl\/o-nas\/firmy-czlonkowskie\/#breadcrumb"},"inLanguage":"pl-PL","potentialAction":[{"@type":"ReadAction","target":["https:\/\/hlb-poland.global\/pl\/o-nas\/firmy-czlonkowskie\/"]}]},{"@type":"ImageObject","inLanguage":"pl-PL","@id":"https:\/\/hlb-poland.global\/pl\/o-nas\/firmy-czlonkowskie\/#primaryimage","url":"https:\/\/hlb-poland.global\/wp-content\/themes\/hlb-poland\/images\/logo-avanta-audit.png","contentUrl":"https:\/\/hlb-poland.global\/wp-content\/themes\/hlb-poland\/images\/logo-avanta-audit.png"},{"@type":"BreadcrumbList","@id":"https:\/\/hlb-poland.global\/pl\/o-nas\/firmy-czlonkowskie\/#breadcrumb","itemListElement":[{"@type":"ListItem","position":1,"name":"Strona g\u0142\u00f3wna","item":"https:\/\/hlb-poland.global\/pl\/"},{"@type":"ListItem","position":2,"name":"Dowiedz si\u0119 wi\u0119cej o nas","item":"https:\/\/hlb-poland.global\/pl\/o-nas\/"},{"@type":"ListItem","position":3,"name":"Firmy cz\u0142onkowskie HLB Poland"}]},{"@type":"WebSite","@id":"https:\/\/hlb-poland.global\/#website","url":"https:\/\/hlb-poland.global\/","name":"HLB Poland","description":"Advisory and accounting","publisher":{"@id":"https:\/\/hlb-poland.global\/#organization"},"potentialAction":[{"@type":"SearchAction","target":{"@type":"EntryPoint","urlTemplate":"https:\/\/hlb-poland.global\/?s={search_term_string}"},"query-input":{"@type":"PropertyValueSpecification","valueRequired":true,"valueName":"search_term_string"}}],"inLanguage":"pl-PL"},{"@type":"Organization","@id":"https:\/\/hlb-poland.global\/#organization","name":"HLB Poland","url":"https:\/\/hlb-poland.global\/","logo":{"@type":"ImageObject","inLanguage":"pl-PL","@id":"https:\/\/hlb-poland.global\/#\/schema\/logo\/image\/","url":"https:\/\/hlb-poland.global\/wp-content\/uploads\/2025\/12\/hlb-poland-og-image.png","contentUrl":"https:\/\/hlb-poland.global\/wp-content\/uploads\/2025\/12\/hlb-poland-og-image.png","width":1200,"height":630,"caption":"HLB Poland"},"image":{"@id":"https:\/\/hlb-poland.global\/#\/schema\/logo\/image\/"},"sameAs":["https:\/\/www.facebook.com\/HLBPoland","https:\/\/www.linkedin.com\/company\/hlb-poland"]}]}},"_links":{"self":[{"href":"https:\/\/hlb-poland.global\/pl\/wp-json\/wp\/v2\/pages\/1865","targetHints":{"allow":["GET"]}}],"collection":[{"href":"https:\/\/hlb-poland.global\/pl\/wp-json\/wp\/v2\/pages"}],"about":[{"href":"https:\/\/hlb-poland.global\/pl\/wp-json\/wp\/v2\/types\/page"}],"author":[{"embeddable":true,"href":"https:\/\/hlb-poland.global\/pl\/wp-json\/wp\/v2\/users\/3"}],"replies":[{"embeddable":true,"href":"https:\/\/hlb-poland.global\/pl\/wp-json\/wp\/v2\/comments?post=1865"}],"version-history":[{"count":33,"href":"https:\/\/hlb-poland.global\/pl\/wp-json\/wp\/v2\/pages\/1865\/revisions"}],"predecessor-version":[{"id":17845,"href":"https:\/\/hlb-poland.global\/pl\/wp-json\/wp\/v2\/pages\/1865\/revisions\/17845"}],"up":[{"embeddable":true,"href":"https:\/\/hlb-poland.global\/pl\/wp-json\/wp\/v2\/pages\/1843"}],"wp:attachment":[{"href":"https:\/\/hlb-poland.global\/pl\/wp-json\/wp\/v2\/media?parent=1865"}],"curies":[{"name":"wp","href":"https:\/\/api.w.org\/{rel}","templated":true}]}}