
{"id":1873,"date":"2018-12-11T12:26:10","date_gmt":"2018-12-11T11:26:10","guid":{"rendered":"http:\/\/hlb-poland.global\/?page_id=1873"},"modified":"2022-10-10T10:49:35","modified_gmt":"2022-10-10T09:49:35","slug":"miedzynarodowy-biznes","status":"publish","type":"page","link":"https:\/\/hlb-poland.global\/pl\/obsluga-klienta-zagranicznego\/miedzynarodowy-biznes\/","title":{"rendered":"Mi\u0119dzynarodowy biznes"},"content":{"rendered":"<h3>Indywidualnie dostosowane us\u0142ugi dla polskich firm poszukuj\u0105cych kompetentnego partnera dla mi\u0119dzynarodowych projekt\u00f3w<\/h3>\n<ul>\n<li>W przypadku projekt\u00f3w mi\u0119dzynarodowych nasi specjali\u015bci wsp\u00f3\u0142pracuj\u0105 z zespo\u0142ami w krajach, w kt\u00f3rych obecny jest HLB.<\/li>\n<\/ul>\n<p><span style=\"font-weight: bold;\">HLB Poland<\/span> jako cz\u0142onek HLB to mi\u0119dzynarodowa, zintegrowana i niezale\u017cna sie\u0107 firm cz\u0142onkowskich specjalizuj\u0105cych si\u0119 w audycie, ksi\u0119gowo\u015bci, doradztwie podatkowym i konsultingu.<\/p>\n<p>HLB to globalna sie\u0107 niezale\u017cnych firm doradczo-ksi\u0119gowych. Mamy histori\u0119 innowacji, wsp\u00f3\u0142pracy i po\u015bwi\u0119camy si\u0119 pomaganiu naszym klientom w transgranicznym rozwoju. Dzi\u0119ki sile 25000 profesjonalist\u00f3w w 150 krajach, HLB \u0142\u0105czy lokaln\u0105 wiedz\u0119 i globalne mo\u017cliwo\u015bci w celu zaspokojenia Pa\u0144stwa potrzeb. Nasze firmy partnerskie maj\u0105 lokaln\u0105 siedzib\u0119, g\u0142\u0119boko zakorzenione w lokalnych spo\u0142eczno\u015bciach, a jednocze\u015bnie \u015bci\u015ble powi\u0105zane z profesjonalistami z ca\u0142ego \u015bwiata. Wspieramy klient\u00f3w, kt\u00f3rzy rozwijaj\u0105 si\u0119 na poziomie krajowym, regionalnym i globalnym, zapewniaj\u0105c sp\u00f3jne, wysokiej jako\u015bci wra\u017cenia klienta i spersonalizowan\u0105 obs\u0142ug\u0119 w dowolnym miejscu.<\/p>\n<hr \/>\n<h3>Jak pracujemy razem<\/h3>\n<p>Bez wzgl\u0119du na to, w jakim sektorze Pa\u0144stwo dzia\u0142aj\u0105, biznes dotyczy ludzi. Budowanie zaufanej relacji z Tob\u0105 wsz\u0119dzie tam, gdzie prowadzisz swoj\u0105 dzia\u0142alno\u015b\u0107, jest dla nas bardzo wa\u017cne. Aby jak najlepiej obs\u0142ugiwa\u0107 naszych mi\u0119dzynarodowych klient\u00f3w, po\u015bwi\u0119camy czas na poznanie i zrozumienie Pa\u0144stwa konkretnych potrzeb.<\/p>\n<p>Kiedy zrozumiemy Pa\u0144stwa potrzeby biznesowe, przedstawimy lokaln\u0105 konfiguracj\u0119 zespo\u0142u klienta HLB, specjalnie dla Pa\u0144stwa, aby obj\u0105\u0107 jurysdykcj\u0119, kt\u00f3ra Pa\u0144stwa interesuje. B\u0119d\u0105 one s\u0142u\u017cy\u0107 jako lokalny przewodnik biznesowy, aby pom\u00f3c w poruszaniu si\u0119 po nowym \u015brodowisku biznesowym i pom\u00f3c w przestrzeganiu lokalnych przepis\u00f3w. B\u0119dziemy trzyma\u0107 si\u0119 p\u0119tli Pa\u0144stwa zagranicznych projekt\u00f3w &#8211; funkcjonuj\u0105c jako dodatkowe bezpiecze\u0144stwo, aby unikn\u0105\u0107 nieporozumie\u0144 i aby wzmocni\u0107 budowanie solidnej relacji z klientem.<\/p>\n<p>W HLB \u015bci\u015ble wsp\u00f3\u0142pracujemy z naszymi pracownikami w krajach, w kt\u00f3rych si\u0119 rozwijasz, i gwarantujesz bezproblemowe korzystanie z klienta HLB i otwarcie si\u0119 na nowym terytorium.<\/p>\n","protected":false},"excerpt":{"rendered":"<p>Indywidualnie dostosowane us\u0142ugi dla polskich firm poszukuj\u0105cych kompetentnego partnera dla mi\u0119dzynarodowych projekt\u00f3w W przypadku projekt\u00f3w mi\u0119dzynarodowych nasi specjali\u015bci wsp\u00f3\u0142pracuj\u0105 z..<\/p>\n<div class=\"clear\"><\/div><a class=\"more-link\" href=\"https:\/\/hlb-poland.global\/pl\/obsluga-klienta-zagranicznego\/miedzynarodowy-biznes\/\"> Dowiedz si\u0119 wi\u0119cej <\/a>","protected":false},"author":3,"featured_media":0,"parent":1851,"menu_order":0,"comment_status":"closed","ping_status":"closed","template":"","meta":{"_acf_changed":false,"footnotes":""},"class_list":["post-1873","page","type-page","status-publish","hentry"],"acf":[],"yoast_head":"<!-- This site is optimized with the Yoast SEO plugin v27.2 - https:\/\/yoast.com\/product\/yoast-seo-wordpress\/ -->\n<title>Mi\u0119dzynarodowy biznes | HLB Poland<\/title>\n<meta name=\"description\" content=\"HLB Poland jako cz\u0142onek HLB to mi\u0119dzynarodowa, zintegrowana i niezale\u017cna sie\u0107 firm cz\u0142onkowskich specjalizuj\u0105cych si\u0119 w audycie...\" \/>\n<meta name=\"robots\" content=\"index, follow, max-snippet:-1, max-image-preview:large, max-video-preview:-1\" \/>\n<link rel=\"canonical\" href=\"https:\/\/hlb-poland.global\/pl\/obsluga-klienta-zagranicznego\/miedzynarodowy-biznes\/\" \/>\n<meta property=\"og:locale\" content=\"pl_PL\" \/>\n<meta property=\"og:type\" content=\"article\" \/>\n<meta property=\"og:title\" content=\"Mi\u0119dzynarodowy biznes | HLB Poland\" \/>\n<meta property=\"og:description\" content=\"HLB Poland jako cz\u0142onek HLB to mi\u0119dzynarodowa, zintegrowana i niezale\u017cna sie\u0107 firm cz\u0142onkowskich specjalizuj\u0105cych si\u0119 w audycie...\" \/>\n<meta property=\"og:url\" content=\"https:\/\/hlb-poland.global\/pl\/obsluga-klienta-zagranicznego\/miedzynarodowy-biznes\/\" \/>\n<meta property=\"og:site_name\" content=\"HLB Poland\" \/>\n<meta property=\"article:publisher\" content=\"https:\/\/www.facebook.com\/HLBPoland\" \/>\n<meta property=\"article:modified_time\" content=\"2022-10-10T09:49:35+00:00\" \/>\n<meta name=\"twitter:card\" content=\"summary_large_image\" \/>\n<meta name=\"twitter:label1\" content=\"Szacowany czas czytania\" \/>\n\t<meta name=\"twitter:data1\" content=\"2 minuty\" \/>\n<script type=\"application\/ld+json\" class=\"yoast-schema-graph\">{\"@context\":\"https:\/\/schema.org\",\"@graph\":[{\"@type\":\"WebPage\",\"@id\":\"https:\/\/hlb-poland.global\/pl\/obsluga-klienta-zagranicznego\/miedzynarodowy-biznes\/\",\"url\":\"https:\/\/hlb-poland.global\/pl\/obsluga-klienta-zagranicznego\/miedzynarodowy-biznes\/\",\"name\":\"Mi\u0119dzynarodowy biznes | HLB Poland\",\"isPartOf\":{\"@id\":\"https:\/\/hlb-poland.global\/#website\"},\"datePublished\":\"2018-12-11T11:26:10+00:00\",\"dateModified\":\"2022-10-10T09:49:35+00:00\",\"description\":\"HLB Poland jako cz\u0142onek HLB to mi\u0119dzynarodowa, zintegrowana i niezale\u017cna sie\u0107 firm cz\u0142onkowskich specjalizuj\u0105cych si\u0119 w audycie...\",\"breadcrumb\":{\"@id\":\"https:\/\/hlb-poland.global\/pl\/obsluga-klienta-zagranicznego\/miedzynarodowy-biznes\/#breadcrumb\"},\"inLanguage\":\"pl-PL\",\"potentialAction\":[{\"@type\":\"ReadAction\",\"target\":[\"https:\/\/hlb-poland.global\/pl\/obsluga-klienta-zagranicznego\/miedzynarodowy-biznes\/\"]}]},{\"@type\":\"BreadcrumbList\",\"@id\":\"https:\/\/hlb-poland.global\/pl\/obsluga-klienta-zagranicznego\/miedzynarodowy-biznes\/#breadcrumb\",\"itemListElement\":[{\"@type\":\"ListItem\",\"position\":1,\"name\":\"Strona g\u0142\u00f3wna\",\"item\":\"https:\/\/hlb-poland.global\/pl\/\"},{\"@type\":\"ListItem\",\"position\":2,\"name\":\"Obs\u0142uga klienta zagranicznego\",\"item\":\"https:\/\/hlb-poland.global\/pl\/obsluga-klienta-zagranicznego\/\"},{\"@type\":\"ListItem\",\"position\":3,\"name\":\"Mi\u0119dzynarodowy biznes\"}]},{\"@type\":\"WebSite\",\"@id\":\"https:\/\/hlb-poland.global\/#website\",\"url\":\"https:\/\/hlb-poland.global\/\",\"name\":\"HLB Poland\",\"description\":\"Advisory and accounting\",\"publisher\":{\"@id\":\"https:\/\/hlb-poland.global\/#organization\"},\"potentialAction\":[{\"@type\":\"SearchAction\",\"target\":{\"@type\":\"EntryPoint\",\"urlTemplate\":\"https:\/\/hlb-poland.global\/?s={search_term_string}\"},\"query-input\":{\"@type\":\"PropertyValueSpecification\",\"valueRequired\":true,\"valueName\":\"search_term_string\"}}],\"inLanguage\":\"pl-PL\"},{\"@type\":\"Organization\",\"@id\":\"https:\/\/hlb-poland.global\/#organization\",\"name\":\"HLB Poland\",\"url\":\"https:\/\/hlb-poland.global\/\",\"logo\":{\"@type\":\"ImageObject\",\"inLanguage\":\"pl-PL\",\"@id\":\"https:\/\/hlb-poland.global\/#\/schema\/logo\/image\/\",\"url\":\"https:\/\/hlb-poland.global\/wp-content\/uploads\/2025\/12\/hlb-poland-og-image.png\",\"contentUrl\":\"https:\/\/hlb-poland.global\/wp-content\/uploads\/2025\/12\/hlb-poland-og-image.png\",\"width\":1200,\"height\":630,\"caption\":\"HLB Poland\"},\"image\":{\"@id\":\"https:\/\/hlb-poland.global\/#\/schema\/logo\/image\/\"},\"sameAs\":[\"https:\/\/www.facebook.com\/HLBPoland\",\"https:\/\/www.linkedin.com\/company\/hlb-poland\"]}]}<\/script>\n<!-- \/ Yoast SEO plugin. -->","yoast_head_json":{"title":"Mi\u0119dzynarodowy biznes | HLB Poland","description":"HLB Poland jako cz\u0142onek HLB to mi\u0119dzynarodowa, zintegrowana i niezale\u017cna sie\u0107 firm cz\u0142onkowskich specjalizuj\u0105cych si\u0119 w audycie...","robots":{"index":"index","follow":"follow","max-snippet":"max-snippet:-1","max-image-preview":"max-image-preview:large","max-video-preview":"max-video-preview:-1"},"canonical":"https:\/\/hlb-poland.global\/pl\/obsluga-klienta-zagranicznego\/miedzynarodowy-biznes\/","og_locale":"pl_PL","og_type":"article","og_title":"Mi\u0119dzynarodowy biznes | HLB Poland","og_description":"HLB Poland jako cz\u0142onek HLB to mi\u0119dzynarodowa, zintegrowana i niezale\u017cna sie\u0107 firm cz\u0142onkowskich specjalizuj\u0105cych si\u0119 w audycie...","og_url":"https:\/\/hlb-poland.global\/pl\/obsluga-klienta-zagranicznego\/miedzynarodowy-biznes\/","og_site_name":"HLB Poland","article_publisher":"https:\/\/www.facebook.com\/HLBPoland","article_modified_time":"2022-10-10T09:49:35+00:00","twitter_card":"summary_large_image","twitter_misc":{"Szacowany czas czytania":"2 minuty"},"schema":{"@context":"https:\/\/schema.org","@graph":[{"@type":"WebPage","@id":"https:\/\/hlb-poland.global\/pl\/obsluga-klienta-zagranicznego\/miedzynarodowy-biznes\/","url":"https:\/\/hlb-poland.global\/pl\/obsluga-klienta-zagranicznego\/miedzynarodowy-biznes\/","name":"Mi\u0119dzynarodowy biznes | HLB Poland","isPartOf":{"@id":"https:\/\/hlb-poland.global\/#website"},"datePublished":"2018-12-11T11:26:10+00:00","dateModified":"2022-10-10T09:49:35+00:00","description":"HLB Poland jako cz\u0142onek HLB to mi\u0119dzynarodowa, zintegrowana i niezale\u017cna sie\u0107 firm cz\u0142onkowskich specjalizuj\u0105cych si\u0119 w audycie...","breadcrumb":{"@id":"https:\/\/hlb-poland.global\/pl\/obsluga-klienta-zagranicznego\/miedzynarodowy-biznes\/#breadcrumb"},"inLanguage":"pl-PL","potentialAction":[{"@type":"ReadAction","target":["https:\/\/hlb-poland.global\/pl\/obsluga-klienta-zagranicznego\/miedzynarodowy-biznes\/"]}]},{"@type":"BreadcrumbList","@id":"https:\/\/hlb-poland.global\/pl\/obsluga-klienta-zagranicznego\/miedzynarodowy-biznes\/#breadcrumb","itemListElement":[{"@type":"ListItem","position":1,"name":"Strona g\u0142\u00f3wna","item":"https:\/\/hlb-poland.global\/pl\/"},{"@type":"ListItem","position":2,"name":"Obs\u0142uga klienta zagranicznego","item":"https:\/\/hlb-poland.global\/pl\/obsluga-klienta-zagranicznego\/"},{"@type":"ListItem","position":3,"name":"Mi\u0119dzynarodowy biznes"}]},{"@type":"WebSite","@id":"https:\/\/hlb-poland.global\/#website","url":"https:\/\/hlb-poland.global\/","name":"HLB Poland","description":"Advisory and accounting","publisher":{"@id":"https:\/\/hlb-poland.global\/#organization"},"potentialAction":[{"@type":"SearchAction","target":{"@type":"EntryPoint","urlTemplate":"https:\/\/hlb-poland.global\/?s={search_term_string}"},"query-input":{"@type":"PropertyValueSpecification","valueRequired":true,"valueName":"search_term_string"}}],"inLanguage":"pl-PL"},{"@type":"Organization","@id":"https:\/\/hlb-poland.global\/#organization","name":"HLB Poland","url":"https:\/\/hlb-poland.global\/","logo":{"@type":"ImageObject","inLanguage":"pl-PL","@id":"https:\/\/hlb-poland.global\/#\/schema\/logo\/image\/","url":"https:\/\/hlb-poland.global\/wp-content\/uploads\/2025\/12\/hlb-poland-og-image.png","contentUrl":"https:\/\/hlb-poland.global\/wp-content\/uploads\/2025\/12\/hlb-poland-og-image.png","width":1200,"height":630,"caption":"HLB Poland"},"image":{"@id":"https:\/\/hlb-poland.global\/#\/schema\/logo\/image\/"},"sameAs":["https:\/\/www.facebook.com\/HLBPoland","https:\/\/www.linkedin.com\/company\/hlb-poland"]}]}},"_links":{"self":[{"href":"https:\/\/hlb-poland.global\/pl\/wp-json\/wp\/v2\/pages\/1873","targetHints":{"allow":["GET"]}}],"collection":[{"href":"https:\/\/hlb-poland.global\/pl\/wp-json\/wp\/v2\/pages"}],"about":[{"href":"https:\/\/hlb-poland.global\/pl\/wp-json\/wp\/v2\/types\/page"}],"author":[{"embeddable":true,"href":"https:\/\/hlb-poland.global\/pl\/wp-json\/wp\/v2\/users\/3"}],"replies":[{"embeddable":true,"href":"https:\/\/hlb-poland.global\/pl\/wp-json\/wp\/v2\/comments?post=1873"}],"version-history":[{"count":6,"href":"https:\/\/hlb-poland.global\/pl\/wp-json\/wp\/v2\/pages\/1873\/revisions"}],"predecessor-version":[{"id":11036,"href":"https:\/\/hlb-poland.global\/pl\/wp-json\/wp\/v2\/pages\/1873\/revisions\/11036"}],"up":[{"embeddable":true,"href":"https:\/\/hlb-poland.global\/pl\/wp-json\/wp\/v2\/pages\/1851"}],"wp:attachment":[{"href":"https:\/\/hlb-poland.global\/pl\/wp-json\/wp\/v2\/media?parent=1873"}],"curies":[{"name":"wp","href":"https:\/\/api.w.org\/{rel}","templated":true}]}}