
{"id":1875,"date":"2018-12-11T12:31:14","date_gmt":"2018-12-11T11:31:14","guid":{"rendered":"http:\/\/hlb-poland.global\/?page_id=1875"},"modified":"2023-03-27T09:17:05","modified_gmt":"2023-03-27T08:17:05","slug":"uslugi-brexit","status":"publish","type":"page","link":"https:\/\/hlb-poland.global\/pl\/w-centrum-uwagi\/uslugi-brexit\/","title":{"rendered":"Us\u0142ugi Brexit \u015bwiadczone przez HLB Poland"},"content":{"rendered":"<p>29 marca 2019 r. Wielka Brytania opu\u015bci UE (Brexit). Brak post\u0119p\u00f3w w niedobrze id\u0105cych negocjacjach oznacza, \u017ce firmy powinny przygotowa\u0107 si\u0119 na najgorszy mo\u017cliwy scenariusz &#8211; Twardy Brexit. Je\u015bli nie podj\u0119li\u015bcie Pa\u0144stwo \u017cadnych dzia\u0142a\u0144, aby przygotowa\u0107 si\u0119 do Brexitu, doradzimy Pa\u0144stwu.<\/p>\n<p>Perspektywy dla Brexitu nadal wywo\u0142uj\u0105 debat\u0119, z wieloma potencjalnymi scenariuszami &#8211; w tym &#8222;twardym&#8221;, &#8222;mi\u0119kkim&#8221;, a nawet &#8222;bez Brexitu&#8221;. Jednak pomimo tego niezdecydowania firmy nadal musz\u0105 czu\u0107 si\u0119 pewnie podejmuj\u0105c decyzje inwestycyjne, planuj\u0105c \u0142a\u0144cuchy dostaw, zarz\u0105dzaj\u0105c pracownikami, jednocze\u015bnie spe\u0142niaj\u0105c oczekiwania bank\u00f3w i klient\u00f3w. S\u0105 jednak rzeczy, kt\u00f3re pozostaj\u0105 pewne:<\/p>\n<ul>\n<li>Relacje mi\u0119dzy Wielk\u0105 Brytani\u0105 i Polsk\u0105 b\u0119d\u0105 nadal wa\u017cne;<\/li>\n<li>Cokolwiek si\u0119 stanie, firmy cz\u0142onkowskie <span style=\"font-weight: bold;\">HLB Poland<\/span> s\u0142u\u017c\u0105 pomoc\u0105 i rad\u0105; i<\/li>\n<li>Brexit przedstawi szanse, a tak\u017ce wyzwania dla Polski.<\/li>\n<\/ul>\n<hr \/>\n<h3>W jaki spos\u00f3b HLB Poland mo\u017ce pom\u00f3c?<\/h3>\n<p>Planowanie i przygotowanie do Brexitu jest istotne i niezale\u017cnie od niepewno\u015bci, zbadanie r\u00f3\u017cnych konsekwencji powinno by\u0107 cz\u0119\u015bci\u0105 Pa\u0144stwa planu. <span style=\"font-weight: bold;\">HLB Poland<\/span> ma sie\u0107 biur w ca\u0142ej Polsce, kt\u00f3re mog\u0105 wesprze\u0107 Pa\u0144stwa w poruszaniu si\u0119 w zawi\u0142o\u015bciach Brexitu. <span style=\"font-weight: bold;\">HLB Poland<\/span> mo\u017ce pom\u00f3c firmom w nawigowaniu w tym okresie i planowaniu przysz\u0142o\u015bci dzi\u0119ki specjalistycznej wiedzy w zakresie wielu zagadnie\u0144 i us\u0142ug zaprojektowanych w celu wspierania os\u00f3b dzia\u0142aj\u0105cych transgranicznie. Wa\u017cne jest, aby Pa\u0144stwa firma doceni\u0142a ryzyko i koszty twardego Brexitu w organizacji i opracowa\u0142a &#8222;plan awaryjny&#8221;.<\/p>\n<p>Co obejmuj\u0105 us\u0142ugi <span style=\"font-weight: bold;\">HLB Poland<\/span> Brexit?<\/p>\n<p>Korzystaj\u0105c z naszej wiedzy fachowej, wraz z nasz\u0105 globaln\u0105 sieci\u0105 HLB Global network, mo\u017cemy zaoferowa\u0107:<\/p>\n<p>Nasze wsparcie:<\/p>\n<ul>\n<li>Ocenianie gotowo\u015bci przed Brexitem;<\/li>\n<li>Szybkie przeprowadzenie przez Brexit; i<\/li>\n<li>Wytyczne i wsparcie po Brexit.<\/li>\n<\/ul>\n<p>Nasze us\u0142ugi obejmuj\u0105:<\/p>\n<ul>\n<li>mi\u0119dzynarodowy Entity Management;<\/li>\n<li>Dzia\u0142 kadr i p\u0142ac (HR &amp; obliczenie p\u0142acy);<\/li>\n<li>Ksi\u0119gowo\u015b\u0107 i podatki;<\/li>\n<li>Rozwi\u0105zania doradcze; i<\/li>\n<li>Us\u0142ugi rynku kapita\u0142owego<\/li>\n<\/ul>\n<p>Skontaktujcie si\u0119 Pa\u0144stwo z kt\u00f3r\u0105kolwiek z naszych firm cz\u0142onkowskich <span style=\"font-weight: bold;\">HLB Poland<\/span>, aby om\u00f3wi\u0107 wszelkie pytania.<\/p>\n","protected":false},"excerpt":{"rendered":"<p>29 marca 2019 r. Wielka Brytania opu\u015bci UE (Brexit). Brak post\u0119p\u00f3w w niedobrze id\u0105cych negocjacjach oznacza, \u017ce firmy powinny przygotowa\u0107..<\/p>\n<div class=\"clear\"><\/div><a class=\"more-link\" href=\"https:\/\/hlb-poland.global\/pl\/w-centrum-uwagi\/uslugi-brexit\/\"> Dowiedz si\u0119 wi\u0119cej <\/a>","protected":false},"author":3,"featured_media":0,"parent":1849,"menu_order":0,"comment_status":"closed","ping_status":"closed","template":"","meta":{"_acf_changed":false,"footnotes":""},"class_list":["post-1875","page","type-page","status-publish","hentry"],"acf":[],"yoast_head":"<!-- This site is optimized with the Yoast SEO plugin v27.2 - https:\/\/yoast.com\/product\/yoast-seo-wordpress\/ -->\n<title>Us\u0142ugi Brexit \u015bwiadczone przez HLB Poland<\/title>\n<meta name=\"description\" content=\"29 marca 2019 r. Wielka Brytania opu\u015bci UE (Brexit). Brak post\u0119p\u00f3w w niedobrze id\u0105cych negocjacjach oznacza, \u017ce firmy powinny...\" \/>\n<meta name=\"robots\" content=\"index, follow, max-snippet:-1, max-image-preview:large, max-video-preview:-1\" \/>\n<link rel=\"canonical\" href=\"https:\/\/hlb-poland.global\/pl\/w-centrum-uwagi\/uslugi-brexit\/\" \/>\n<meta property=\"og:locale\" content=\"pl_PL\" \/>\n<meta property=\"og:type\" content=\"article\" \/>\n<meta property=\"og:title\" content=\"Us\u0142ugi Brexit \u015bwiadczone przez HLB Poland\" \/>\n<meta property=\"og:description\" content=\"29 marca 2019 r. Wielka Brytania opu\u015bci UE (Brexit). Brak post\u0119p\u00f3w w niedobrze id\u0105cych negocjacjach oznacza, \u017ce firmy powinny...\" \/>\n<meta property=\"og:url\" content=\"https:\/\/hlb-poland.global\/pl\/w-centrum-uwagi\/uslugi-brexit\/\" \/>\n<meta property=\"og:site_name\" content=\"HLB Poland\" \/>\n<meta property=\"article:publisher\" content=\"https:\/\/www.facebook.com\/HLBPoland\" \/>\n<meta property=\"article:modified_time\" content=\"2023-03-27T08:17:05+00:00\" \/>\n<meta name=\"twitter:card\" content=\"summary_large_image\" \/>\n<meta name=\"twitter:label1\" content=\"Szacowany czas czytania\" \/>\n\t<meta name=\"twitter:data1\" content=\"2 minuty\" \/>\n<script type=\"application\/ld+json\" class=\"yoast-schema-graph\">{\"@context\":\"https:\/\/schema.org\",\"@graph\":[{\"@type\":\"WebPage\",\"@id\":\"https:\/\/hlb-poland.global\/pl\/w-centrum-uwagi\/uslugi-brexit\/\",\"url\":\"https:\/\/hlb-poland.global\/pl\/w-centrum-uwagi\/uslugi-brexit\/\",\"name\":\"Us\u0142ugi Brexit \u015bwiadczone przez HLB Poland\",\"isPartOf\":{\"@id\":\"https:\/\/hlb-poland.global\/#website\"},\"datePublished\":\"2018-12-11T11:31:14+00:00\",\"dateModified\":\"2023-03-27T08:17:05+00:00\",\"description\":\"29 marca 2019 r. Wielka Brytania opu\u015bci UE (Brexit). Brak post\u0119p\u00f3w w niedobrze id\u0105cych negocjacjach oznacza, \u017ce firmy powinny...\",\"breadcrumb\":{\"@id\":\"https:\/\/hlb-poland.global\/pl\/w-centrum-uwagi\/uslugi-brexit\/#breadcrumb\"},\"inLanguage\":\"pl-PL\",\"potentialAction\":[{\"@type\":\"ReadAction\",\"target\":[\"https:\/\/hlb-poland.global\/pl\/w-centrum-uwagi\/uslugi-brexit\/\"]}]},{\"@type\":\"BreadcrumbList\",\"@id\":\"https:\/\/hlb-poland.global\/pl\/w-centrum-uwagi\/uslugi-brexit\/#breadcrumb\",\"itemListElement\":[{\"@type\":\"ListItem\",\"position\":1,\"name\":\"Strona g\u0142\u00f3wna\",\"item\":\"https:\/\/hlb-poland.global\/pl\/\"},{\"@type\":\"ListItem\",\"position\":2,\"name\":\"W centrum uwagi\",\"item\":\"https:\/\/hlb-poland.global\/pl\/w-centrum-uwagi\/\"},{\"@type\":\"ListItem\",\"position\":3,\"name\":\"Us\u0142ugi Brexit \u015bwiadczone przez HLB Poland\"}]},{\"@type\":\"WebSite\",\"@id\":\"https:\/\/hlb-poland.global\/#website\",\"url\":\"https:\/\/hlb-poland.global\/\",\"name\":\"HLB Poland\",\"description\":\"Advisory and accounting\",\"publisher\":{\"@id\":\"https:\/\/hlb-poland.global\/#organization\"},\"potentialAction\":[{\"@type\":\"SearchAction\",\"target\":{\"@type\":\"EntryPoint\",\"urlTemplate\":\"https:\/\/hlb-poland.global\/?s={search_term_string}\"},\"query-input\":{\"@type\":\"PropertyValueSpecification\",\"valueRequired\":true,\"valueName\":\"search_term_string\"}}],\"inLanguage\":\"pl-PL\"},{\"@type\":\"Organization\",\"@id\":\"https:\/\/hlb-poland.global\/#organization\",\"name\":\"HLB Poland\",\"url\":\"https:\/\/hlb-poland.global\/\",\"logo\":{\"@type\":\"ImageObject\",\"inLanguage\":\"pl-PL\",\"@id\":\"https:\/\/hlb-poland.global\/#\/schema\/logo\/image\/\",\"url\":\"https:\/\/hlb-poland.global\/wp-content\/uploads\/2025\/12\/hlb-poland-og-image.png\",\"contentUrl\":\"https:\/\/hlb-poland.global\/wp-content\/uploads\/2025\/12\/hlb-poland-og-image.png\",\"width\":1200,\"height\":630,\"caption\":\"HLB Poland\"},\"image\":{\"@id\":\"https:\/\/hlb-poland.global\/#\/schema\/logo\/image\/\"},\"sameAs\":[\"https:\/\/www.facebook.com\/HLBPoland\",\"https:\/\/www.linkedin.com\/company\/hlb-poland\"]}]}<\/script>\n<!-- \/ Yoast SEO plugin. -->","yoast_head_json":{"title":"Us\u0142ugi Brexit \u015bwiadczone przez HLB Poland","description":"29 marca 2019 r. Wielka Brytania opu\u015bci UE (Brexit). Brak post\u0119p\u00f3w w niedobrze id\u0105cych negocjacjach oznacza, \u017ce firmy powinny...","robots":{"index":"index","follow":"follow","max-snippet":"max-snippet:-1","max-image-preview":"max-image-preview:large","max-video-preview":"max-video-preview:-1"},"canonical":"https:\/\/hlb-poland.global\/pl\/w-centrum-uwagi\/uslugi-brexit\/","og_locale":"pl_PL","og_type":"article","og_title":"Us\u0142ugi Brexit \u015bwiadczone przez HLB Poland","og_description":"29 marca 2019 r. Wielka Brytania opu\u015bci UE (Brexit). Brak post\u0119p\u00f3w w niedobrze id\u0105cych negocjacjach oznacza, \u017ce firmy powinny...","og_url":"https:\/\/hlb-poland.global\/pl\/w-centrum-uwagi\/uslugi-brexit\/","og_site_name":"HLB Poland","article_publisher":"https:\/\/www.facebook.com\/HLBPoland","article_modified_time":"2023-03-27T08:17:05+00:00","twitter_card":"summary_large_image","twitter_misc":{"Szacowany czas czytania":"2 minuty"},"schema":{"@context":"https:\/\/schema.org","@graph":[{"@type":"WebPage","@id":"https:\/\/hlb-poland.global\/pl\/w-centrum-uwagi\/uslugi-brexit\/","url":"https:\/\/hlb-poland.global\/pl\/w-centrum-uwagi\/uslugi-brexit\/","name":"Us\u0142ugi Brexit \u015bwiadczone przez HLB Poland","isPartOf":{"@id":"https:\/\/hlb-poland.global\/#website"},"datePublished":"2018-12-11T11:31:14+00:00","dateModified":"2023-03-27T08:17:05+00:00","description":"29 marca 2019 r. Wielka Brytania opu\u015bci UE (Brexit). Brak post\u0119p\u00f3w w niedobrze id\u0105cych negocjacjach oznacza, \u017ce firmy powinny...","breadcrumb":{"@id":"https:\/\/hlb-poland.global\/pl\/w-centrum-uwagi\/uslugi-brexit\/#breadcrumb"},"inLanguage":"pl-PL","potentialAction":[{"@type":"ReadAction","target":["https:\/\/hlb-poland.global\/pl\/w-centrum-uwagi\/uslugi-brexit\/"]}]},{"@type":"BreadcrumbList","@id":"https:\/\/hlb-poland.global\/pl\/w-centrum-uwagi\/uslugi-brexit\/#breadcrumb","itemListElement":[{"@type":"ListItem","position":1,"name":"Strona g\u0142\u00f3wna","item":"https:\/\/hlb-poland.global\/pl\/"},{"@type":"ListItem","position":2,"name":"W centrum uwagi","item":"https:\/\/hlb-poland.global\/pl\/w-centrum-uwagi\/"},{"@type":"ListItem","position":3,"name":"Us\u0142ugi Brexit \u015bwiadczone przez HLB Poland"}]},{"@type":"WebSite","@id":"https:\/\/hlb-poland.global\/#website","url":"https:\/\/hlb-poland.global\/","name":"HLB Poland","description":"Advisory and accounting","publisher":{"@id":"https:\/\/hlb-poland.global\/#organization"},"potentialAction":[{"@type":"SearchAction","target":{"@type":"EntryPoint","urlTemplate":"https:\/\/hlb-poland.global\/?s={search_term_string}"},"query-input":{"@type":"PropertyValueSpecification","valueRequired":true,"valueName":"search_term_string"}}],"inLanguage":"pl-PL"},{"@type":"Organization","@id":"https:\/\/hlb-poland.global\/#organization","name":"HLB Poland","url":"https:\/\/hlb-poland.global\/","logo":{"@type":"ImageObject","inLanguage":"pl-PL","@id":"https:\/\/hlb-poland.global\/#\/schema\/logo\/image\/","url":"https:\/\/hlb-poland.global\/wp-content\/uploads\/2025\/12\/hlb-poland-og-image.png","contentUrl":"https:\/\/hlb-poland.global\/wp-content\/uploads\/2025\/12\/hlb-poland-og-image.png","width":1200,"height":630,"caption":"HLB Poland"},"image":{"@id":"https:\/\/hlb-poland.global\/#\/schema\/logo\/image\/"},"sameAs":["https:\/\/www.facebook.com\/HLBPoland","https:\/\/www.linkedin.com\/company\/hlb-poland"]}]}},"_links":{"self":[{"href":"https:\/\/hlb-poland.global\/pl\/wp-json\/wp\/v2\/pages\/1875","targetHints":{"allow":["GET"]}}],"collection":[{"href":"https:\/\/hlb-poland.global\/pl\/wp-json\/wp\/v2\/pages"}],"about":[{"href":"https:\/\/hlb-poland.global\/pl\/wp-json\/wp\/v2\/types\/page"}],"author":[{"embeddable":true,"href":"https:\/\/hlb-poland.global\/pl\/wp-json\/wp\/v2\/users\/3"}],"replies":[{"embeddable":true,"href":"https:\/\/hlb-poland.global\/pl\/wp-json\/wp\/v2\/comments?post=1875"}],"version-history":[{"count":9,"href":"https:\/\/hlb-poland.global\/pl\/wp-json\/wp\/v2\/pages\/1875\/revisions"}],"predecessor-version":[{"id":11319,"href":"https:\/\/hlb-poland.global\/pl\/wp-json\/wp\/v2\/pages\/1875\/revisions\/11319"}],"up":[{"embeddable":true,"href":"https:\/\/hlb-poland.global\/pl\/wp-json\/wp\/v2\/pages\/1849"}],"wp:attachment":[{"href":"https:\/\/hlb-poland.global\/pl\/wp-json\/wp\/v2\/media?parent=1875"}],"curies":[{"name":"wp","href":"https:\/\/api.w.org\/{rel}","templated":true}]}}