
{"id":1877,"date":"2018-12-11T12:35:05","date_gmt":"2018-12-11T11:35:05","guid":{"rendered":"http:\/\/hlb-poland.global\/?page_id=1877"},"modified":"2023-08-28T08:18:23","modified_gmt":"2023-08-28T07:18:23","slug":"zaloz-firme-w-niemczech","status":"publish","type":"page","link":"https:\/\/hlb-poland.global\/pl\/w-centrum-uwagi\/zaloz-firme-w-niemczech\/","title":{"rendered":"Za\u0142\u00f3\u017c firm\u0119 w Niemczech"},"content":{"rendered":"<h3>Za\u0142\u00f3\u017c firm\u0119 w Niemczech \u2013 wsparcie polskiego prawnika<\/h3>\n<div id=\"widget-contact-person\">\n<div>\n<p><span style=\"font-size: 16px; color: #005a77;\"><span style=\"font-weight: bold;\">Kontakt do naszego Polish Desk w Niemczech (prawnik, ksi\u0119gowo\u015b\u0107 i podatki Niemcy):<\/span><\/span><\/p>\n<div class=\"widget-contact-person-left\"><img decoding=\"async\" class=\"global-commitment-globe img-fluid\" src=\"https:\/\/hlb-poland.global\/wp-content\/uploads\/2018\/08\/ortwin-jentsch.jpg\" alt=\"Ortwin\" \/><\/div>\n<div class=\"widget-contact-person-right\">\n<p><span style=\"font-weight: bold;\">Ortwin<\/span><\/p>\n<p>G\u0142\u00f3wny Konsultant ds. relacji z klientami \/ Partner getsix\u00ae<\/p>\n<p><img decoding=\"async\" src=\"https:\/\/hlb-poland.global\/wp-content\/uploads\/2021\/09\/widget-contact-person-flags.png\" alt=\"Flags\" \/><\/p>\n<p><a href=\"https:\/\/hlb-poland.global\/pl\/kontakt\/\">Formularz kontaktowy \u00bb<\/a><\/p>\n<\/div>\n<\/div>\n<\/div>\n<p>Zak\u0142adanie firmy, oddzia\u0142u czy filii w Niemczech to nie lada wyzwanie. Wi\u0105\u017ce si\u0119 ono z konieczno\u015bci\u0105 spe\u0142nienia wielu formalno\u015bci, zgodnie z lokalnymi przepisami oraz specyfik\u0105 danej bran\u017cy. Mo\u017cemy jednak pom\u00f3c &#8211; sprawnie i szybko przeprowadzaj\u0105c Pa\u0144stwa firm\u0119 przez ca\u0142y proces. Na pocz\u0105tek podpowiadamy, na co nale\u017cy zwr\u00f3ci\u0107 szczeg\u00f3ln\u0105 uwag\u0119 przy zak\u0142adaniu i prowadzeniu firmy na terenie naszych zachodnich s\u0105siad\u00f3w.<\/p>\n<p>Formalna rejestracja dzia\u0142alno\u015bci gospodarczej w Niemczech a nast\u0119pnie \u2013 w zale\u017cno\u015bci od czasu funkcjonowania przedsi\u0119biorstwa oraz formy, w jakiej prowadzi dzia\u0142alno\u015b\u0107 \u2013 podleganie okre\u015blonym wymogom sprawozdawczym i podatkowym \u2013 o tym wszystkim musimy pami\u0119ta\u0107, gdy chcemy wprowadzi\u0107 nasz biznes na niemiecki rynek.<\/p>\n<p>Otwarcie firmy w Niemczech, podobnie jak w Polsce, oznacza m.in. obowi\u0105zek rejestracji, prowadzenia ksi\u0119gowo\u015bci, sporz\u0105dzania sprawozda\u0144 oraz wype\u0142niania deklaracji. Przepisy r\u00f3\u017cni\u0105 si\u0119 jednak w zale\u017cno\u015bci od tego, czy zak\u0142adamy now\u0105 sp\u00f3\u0142k\u0119 czy mo\u017ce tzw. \u201ezak\u0142ad sta\u0142y\u201d.<\/p>\n<hr \/>\n<h3>Obs\u0142uga polskich firm w Niemczech<\/h3>\n<p>Wej\u015bcie na nowy rynek wi\u0105\u017ce si\u0119 z wieloma wyzwaniami. Oferujemy dostosowane do indywidualnych potrzeb rozwi\u0105zania, kt\u00f3re pomog\u0105 Pa\u0144stwu tym wyzwaniom sprosta\u0107. Dzi\u0119ki naszemu do\u015bwiadczeniu w zakresie doradztwa podatkowego, prawa gospodarczego oraz audytu, z \u0142atwo\u015bci\u0105 przeprowadzimy Pa\u0144stwa przez ca\u0142y proces zak\u0142adania dzia\u0142alno\u015bci gospodarczej na terenie Niemiec \u2013 od sformu\u0142owania cel\u00f3w i poszukiwania innowacyjnych rozwi\u0105za\u0144, poprzez analiz\u0119 rynku lokalnego, a\u017c do prowadzenia bie\u017c\u0105cych rozlicze\u0144 i regularnej sprawozdawczo\u015bci podatkowej, zgodnej z obowi\u0105zuj\u0105cymi przepisami lokalnymi.<\/p>\n<p>Niezale\u017cnie od tego, jak ambitne s\u0105 Pa\u0144stwa cele, u nas znajd\u0105 Pa\u0144stwo odpowiednie wsparcie, aby je osi\u0105gn\u0105\u0107. Eksperci z\u202fHLB Poland\u202fdostarcz\u0105 Pa\u0144stwu niezb\u0119dnej, profesjonalnej wiedzy na ka\u017cdym etapie cyklu biznesowego. Prosimy o kontakt przez formularz na stronie dedykowanej dla przedsi\u0119biorc\u00f3w planuj\u0105cych rozwijanie dzia\u0142alno\u015bci w Niemczech. Znajdziecie Pa\u0144stwo tam wiele przydatnych informacji w j\u0119zyku polskim nt. zmian podatkowych i prawnych obowi\u0105zuj\u0105cych w Niemczech:<\/p>\n<p><a class=\"button button-default\" title=\"Dowiedz si\u0119 wi\u0119cej\" href=\"https:\/\/getsix.pl\/nasze-rozwiazania\/inwestycje-zagraniczne-polish-desk\/firma-w-niemczech-kompleksowa-obsluga-prawna-i-ksiegowa\/\" target=\"_blank\" rel=\"noopener noreferrer\">Dowiedz si\u0119 wi\u0119cej<\/a><\/p>\n<hr \/>\n<h3>Kompleksowa obs\u0142uga prawna i ksi\u0119gowa<\/h3>\n<ul>\n<li><strong style=\"margin-bottom: 20px;\">Jak za\u0142o\u017cy\u0107 i prowadzi\u0107 sp\u00f3\u0142k\u0119 w Niemczech?<\/span><\/li>\n<\/ul>\n<p>Nast\u0119pnie sp\u00f3\u0142ki takie, je\u017celi nie \u015bwiadcz\u0105 wy\u0142\u0105cznie us\u0142ug, kt\u00f3re wykluczaj\u0105 odliczanie podatku naliczonego, musz\u0105 sk\u0142ada\u0107 zaliczkowe deklaracje VAT. Je\u017celi chcemy zatrudni\u0107 pracownik\u00f3w, pami\u0119tajmy o dodatkowym obowi\u0105zku rejestracyjnym w urz\u0119dzie skarbowym oraz w systemie ubezpiecze\u0144 spo\u0142ecznych.<\/p>\n<ul>\n<li><span style=\"font-weight: bold;\">\u201eZak\u0142ad sta\u0142y\u201d, czyli unikanie podw\u00f3jnego opodatkowania<\/span><\/li>\n<\/ul>\n<p>Jak wskazuj\u0105 przepisy mi\u0119dzynarodowej umowy o unikaniu podw\u00f3jnego opodatkowania (UPO), polska firma, prowadz\u0105ca swoj\u0105 dzia\u0142alno\u015b\u0107 w Niemczech, mo\u017ce tak\u017ce otworzy\u0107 \u201ezak\u0142ad sta\u0142y\u201d, czyli m.in. miejsce zarz\u0105du, fili\u0119, biuro, czy fabryk\u0119.<\/p>\n<p>Wymogi rejestracyjne s\u0105 w\u00f3wczas podobne do tych, obowi\u0105zuj\u0105cych w Polsce: prowadzenie odr\u0119bnej ksi\u0119gowo\u015bci czy rozliczanie podatku dochodowego. R\u00f3\u017cnic\u0105 jest to, i\u017c doch\u00f3d uzyskiwany przez taki zak\u0142ad w Niemczech, b\u0119dzie zwolniony z opodatkowania w naszym kraju.<\/p>\n<ul>\n<li><span style=\"font-weight: bold;\">Firmy budowlane, podwykonawcze, us\u0142ugi monta\u017cowe<\/span><\/li>\n<\/ul>\n<p>Specyficzne przepisy dot. firm budowlanych, podwykonawczych i zajmuj\u0105cych si\u0119 us\u0142ugami monta\u017cowymi, kt\u00f3re chc\u0105 zacz\u0105\u0107 dzia\u0142a\u0107 na terytorium Niemiec. Powinny one r\u00f3wnie\u017c dokona\u0107 rejestracji dla cel\u00f3w podatkowych, co ma pozwoli\u0107 zmniejszy\u0107 liczb\u0119 pracownik\u00f3w \u201ena czarno\u201d, a tak\u017ce kontrolowa\u0107 czas trwania prac budowlanych lub instalacyjnych (gdy wynosi on d\u0142u\u017cej ni\u017c 12 miesi\u0119cy, stanowi\u0105 \u201ezak\u0142ad sta\u0142y\u201d i podlegaj\u0105 innym regulacjom).<\/p>\n<p>Zatrudnienie podwykonawc\u00f3w wymaga dope\u0142nienia obowi\u0105zk\u00f3w zwi\u0105zanych z deklaracj\u0105 VAT. Natomiast firmy \u015bwiadcz\u0105ce us\u0142ugi monta\u017cowe musz\u0105 zarejestrowa\u0107 si\u0119 i wystawia\u0107 faktury z niemieckim podatkiem VAT.<\/p>\n<p>Rejestracji podatkowej w Niemczech podlegaj\u0105 r\u00f3wnie\u017c inne rodzaje dzia\u0142alno\u015bci, m.in.: firmy realizuj\u0105ce dostawy oraz sprzedaj\u0105ce towary klientom prywatnym i przekraczaj\u0105ce pr\u00f3g dostawy: 10 tys. euro.<\/p>\n<ul>\n<li><span style=\"font-weight: bold;\">Tw\u00f3j biznes w Niemczech \u2013 nasze wsparcie<\/span><\/li>\n<\/ul>\n<p>Od lat wspieramy zak\u0142adanie i rozw\u00f3j polskich firm w Niemczech. Oferujemy pe\u0142en zakres us\u0142ug: od rejestracji, przez prowadzenie ksi\u0119gowo\u015bci, kontakt z urz\u0119dami a\u017c po doradztwo podatkowe. Posiadamy bogate do\u015bwiadczenie w reprezentacji firm z r\u00f3\u017cnych bran\u017c. Z uwagi na z\u0142o\u017cono\u015b\u0107 przepis\u00f3w, dynamik\u0119 lokalnego rynku i specyfik\u0119 r\u00f3\u017cnych dzia\u0142alno\u015bci, dostosowujemy rozwi\u0105zania do indywidualnych potrzeb.<\/p>\n<p>Zapraszamy do kontaktu. Nasi doradcy kompleksowo przeprowadz\u0105 Pa\u0144stwa przez ca\u0142y proces zak\u0142adania firmy w Niemczech.<\/p>\n<p><a class=\"button button-default\" style=\"margin-right: 20px;\" title=\"Dowiedz si\u0119 wi\u0119cej\" href=\"https:\/\/getsix.pl\/nasze-rozwiazania\/inwestycje-zagraniczne-polish-desk\/firma-w-niemczech-kompleksowa-obsluga-prawna-i-ksiegowa\/biuro-rachunkowe-w-niemczech\/\" target=\"_blank\" rel=\"noopener noreferrer\">Polskie biuro rachunkowe w Niemczech<\/a> <a class=\"button button-default\" style=\"margin-right: 20px;\" title=\"Dowiedz si\u0119 wi\u0119cej\" href=\"https:\/\/getsix.pl\/nasze-rozwiazania\/inwestycje-zagraniczne-polish-desk\/firma-w-niemczech-kompleksowa-obsluga-prawna-i-ksiegowa\/jak-zalozyc-firme-w-niemczech\/\" target=\"_blank\" rel=\"noopener noreferrer\">Firma w Niemczech<\/a> <a class=\"button button-default\" title=\"Dowiedz si\u0119 wi\u0119cej\" href=\"https:\/\/getsix.pl\/zasoby\/prowadzenie-dzialalnosci-gospodarczej-w-niemczech\/\" target=\"_blank\" rel=\"noopener noreferrer\">Nasze publikacje<\/a><\/p>\n<style>\n.fsSectionHeader{<br \/>\nbackground-color:#fff!important;<br \/>\n}<br \/>\n#fsSupporting115751614, #fsSupporting115751598, #fsSupporting115751594, #fsSupporting115751614, #fsRow4372308-12 {<br \/>\nmargin-bottom:16px;<br \/>\n}<br \/>\n<\/style>\n","protected":false},"excerpt":{"rendered":"<p>Za\u0142\u00f3\u017c firm\u0119 w Niemczech \u2013 wsparcie polskiego prawnika Kontakt do naszego Polish Desk w Niemczech (prawnik, ksi\u0119gowo\u015b\u0107 i podatki Niemcy):..<\/p>\n<div class=\"clear\"><\/div><a class=\"more-link\" href=\"https:\/\/hlb-poland.global\/pl\/w-centrum-uwagi\/zaloz-firme-w-niemczech\/\"> Dowiedz si\u0119 wi\u0119cej <\/a>","protected":false},"author":3,"featured_media":0,"parent":1849,"menu_order":0,"comment_status":"closed","ping_status":"closed","template":"","meta":{"_acf_changed":false,"footnotes":""},"class_list":["post-1877","page","type-page","status-publish","hentry"],"acf":[],"yoast_head":"<!-- This site is optimized with the Yoast SEO plugin v27.2 - https:\/\/yoast.com\/product\/yoast-seo-wordpress\/ -->\n<title>Za\u0142\u00f3\u017c firm\u0119 w Niemczech | HLB Poland<\/title>\n<meta name=\"description\" content=\"Pomagamy w szybkim i sprawnym zak\u0142adaniu nowej firmy w Niemczech oraz zapewniamy us\u0142ugi i wszystkie inne wymagania. Skontaktuj si\u0119 z nami...\" \/>\n<meta name=\"robots\" content=\"index, follow, max-snippet:-1, max-image-preview:large, max-video-preview:-1\" \/>\n<link rel=\"canonical\" href=\"https:\/\/hlb-poland.global\/pl\/w-centrum-uwagi\/zaloz-firme-w-niemczech\/\" \/>\n<meta property=\"og:locale\" content=\"pl_PL\" \/>\n<meta property=\"og:type\" content=\"article\" \/>\n<meta property=\"og:title\" content=\"Za\u0142\u00f3\u017c firm\u0119 w Niemczech | HLB Poland\" \/>\n<meta property=\"og:description\" content=\"Pomagamy w szybkim i sprawnym zak\u0142adaniu nowej firmy w Niemczech oraz zapewniamy us\u0142ugi i wszystkie inne wymagania. Skontaktuj si\u0119 z nami...\" \/>\n<meta property=\"og:url\" content=\"https:\/\/hlb-poland.global\/pl\/w-centrum-uwagi\/zaloz-firme-w-niemczech\/\" \/>\n<meta property=\"og:site_name\" content=\"HLB Poland\" \/>\n<meta property=\"article:publisher\" content=\"https:\/\/www.facebook.com\/HLBPoland\" \/>\n<meta property=\"article:modified_time\" content=\"2023-08-28T07:18:23+00:00\" \/>\n<meta property=\"og:image\" content=\"https:\/\/hlb-poland.global\/wp-content\/uploads\/2018\/08\/ortwin-jentsch.jpg\" \/>\n<meta name=\"twitter:card\" content=\"summary_large_image\" \/>\n<meta name=\"twitter:label1\" content=\"Szacowany czas czytania\" \/>\n\t<meta name=\"twitter:data1\" content=\"4 minuty\" \/>\n<script type=\"application\/ld+json\" class=\"yoast-schema-graph\">{\"@context\":\"https:\/\/schema.org\",\"@graph\":[{\"@type\":\"WebPage\",\"@id\":\"https:\/\/hlb-poland.global\/pl\/w-centrum-uwagi\/zaloz-firme-w-niemczech\/\",\"url\":\"https:\/\/hlb-poland.global\/pl\/w-centrum-uwagi\/zaloz-firme-w-niemczech\/\",\"name\":\"Za\u0142\u00f3\u017c firm\u0119 w Niemczech | HLB Poland\",\"isPartOf\":{\"@id\":\"https:\/\/hlb-poland.global\/#website\"},\"primaryImageOfPage\":{\"@id\":\"https:\/\/hlb-poland.global\/pl\/w-centrum-uwagi\/zaloz-firme-w-niemczech\/#primaryimage\"},\"image\":{\"@id\":\"https:\/\/hlb-poland.global\/pl\/w-centrum-uwagi\/zaloz-firme-w-niemczech\/#primaryimage\"},\"thumbnailUrl\":\"https:\/\/hlb-poland.global\/wp-content\/uploads\/2018\/08\/ortwin-jentsch.jpg\",\"datePublished\":\"2018-12-11T11:35:05+00:00\",\"dateModified\":\"2023-08-28T07:18:23+00:00\",\"description\":\"Pomagamy w szybkim i sprawnym zak\u0142adaniu nowej firmy w Niemczech oraz zapewniamy us\u0142ugi i wszystkie inne wymagania. Skontaktuj si\u0119 z nami...\",\"breadcrumb\":{\"@id\":\"https:\/\/hlb-poland.global\/pl\/w-centrum-uwagi\/zaloz-firme-w-niemczech\/#breadcrumb\"},\"inLanguage\":\"pl-PL\",\"potentialAction\":[{\"@type\":\"ReadAction\",\"target\":[\"https:\/\/hlb-poland.global\/pl\/w-centrum-uwagi\/zaloz-firme-w-niemczech\/\"]}]},{\"@type\":\"ImageObject\",\"inLanguage\":\"pl-PL\",\"@id\":\"https:\/\/hlb-poland.global\/pl\/w-centrum-uwagi\/zaloz-firme-w-niemczech\/#primaryimage\",\"url\":\"https:\/\/hlb-poland.global\/wp-content\/uploads\/2018\/08\/ortwin-jentsch.jpg\",\"contentUrl\":\"https:\/\/hlb-poland.global\/wp-content\/uploads\/2018\/08\/ortwin-jentsch.jpg\"},{\"@type\":\"BreadcrumbList\",\"@id\":\"https:\/\/hlb-poland.global\/pl\/w-centrum-uwagi\/zaloz-firme-w-niemczech\/#breadcrumb\",\"itemListElement\":[{\"@type\":\"ListItem\",\"position\":1,\"name\":\"Strona g\u0142\u00f3wna\",\"item\":\"https:\/\/hlb-poland.global\/pl\/\"},{\"@type\":\"ListItem\",\"position\":2,\"name\":\"W centrum uwagi\",\"item\":\"https:\/\/hlb-poland.global\/pl\/w-centrum-uwagi\/\"},{\"@type\":\"ListItem\",\"position\":3,\"name\":\"Za\u0142\u00f3\u017c firm\u0119 w Niemczech\"}]},{\"@type\":\"WebSite\",\"@id\":\"https:\/\/hlb-poland.global\/#website\",\"url\":\"https:\/\/hlb-poland.global\/\",\"name\":\"HLB Poland\",\"description\":\"Advisory and accounting\",\"publisher\":{\"@id\":\"https:\/\/hlb-poland.global\/#organization\"},\"potentialAction\":[{\"@type\":\"SearchAction\",\"target\":{\"@type\":\"EntryPoint\",\"urlTemplate\":\"https:\/\/hlb-poland.global\/?s={search_term_string}\"},\"query-input\":{\"@type\":\"PropertyValueSpecification\",\"valueRequired\":true,\"valueName\":\"search_term_string\"}}],\"inLanguage\":\"pl-PL\"},{\"@type\":\"Organization\",\"@id\":\"https:\/\/hlb-poland.global\/#organization\",\"name\":\"HLB Poland\",\"url\":\"https:\/\/hlb-poland.global\/\",\"logo\":{\"@type\":\"ImageObject\",\"inLanguage\":\"pl-PL\",\"@id\":\"https:\/\/hlb-poland.global\/#\/schema\/logo\/image\/\",\"url\":\"https:\/\/hlb-poland.global\/wp-content\/uploads\/2025\/12\/hlb-poland-og-image.png\",\"contentUrl\":\"https:\/\/hlb-poland.global\/wp-content\/uploads\/2025\/12\/hlb-poland-og-image.png\",\"width\":1200,\"height\":630,\"caption\":\"HLB Poland\"},\"image\":{\"@id\":\"https:\/\/hlb-poland.global\/#\/schema\/logo\/image\/\"},\"sameAs\":[\"https:\/\/www.facebook.com\/HLBPoland\",\"https:\/\/www.linkedin.com\/company\/hlb-poland\"]}]}<\/script>\n<!-- \/ Yoast SEO plugin. -->","yoast_head_json":{"title":"Za\u0142\u00f3\u017c firm\u0119 w Niemczech | HLB Poland","description":"Pomagamy w szybkim i sprawnym zak\u0142adaniu nowej firmy w Niemczech oraz zapewniamy us\u0142ugi i wszystkie inne wymagania. Skontaktuj si\u0119 z nami...","robots":{"index":"index","follow":"follow","max-snippet":"max-snippet:-1","max-image-preview":"max-image-preview:large","max-video-preview":"max-video-preview:-1"},"canonical":"https:\/\/hlb-poland.global\/pl\/w-centrum-uwagi\/zaloz-firme-w-niemczech\/","og_locale":"pl_PL","og_type":"article","og_title":"Za\u0142\u00f3\u017c firm\u0119 w Niemczech | HLB Poland","og_description":"Pomagamy w szybkim i sprawnym zak\u0142adaniu nowej firmy w Niemczech oraz zapewniamy us\u0142ugi i wszystkie inne wymagania. Skontaktuj si\u0119 z nami...","og_url":"https:\/\/hlb-poland.global\/pl\/w-centrum-uwagi\/zaloz-firme-w-niemczech\/","og_site_name":"HLB Poland","article_publisher":"https:\/\/www.facebook.com\/HLBPoland","article_modified_time":"2023-08-28T07:18:23+00:00","og_image":[{"url":"https:\/\/hlb-poland.global\/wp-content\/uploads\/2018\/08\/ortwin-jentsch.jpg","type":"","width":"","height":""}],"twitter_card":"summary_large_image","twitter_misc":{"Szacowany czas czytania":"4 minuty"},"schema":{"@context":"https:\/\/schema.org","@graph":[{"@type":"WebPage","@id":"https:\/\/hlb-poland.global\/pl\/w-centrum-uwagi\/zaloz-firme-w-niemczech\/","url":"https:\/\/hlb-poland.global\/pl\/w-centrum-uwagi\/zaloz-firme-w-niemczech\/","name":"Za\u0142\u00f3\u017c firm\u0119 w Niemczech | HLB Poland","isPartOf":{"@id":"https:\/\/hlb-poland.global\/#website"},"primaryImageOfPage":{"@id":"https:\/\/hlb-poland.global\/pl\/w-centrum-uwagi\/zaloz-firme-w-niemczech\/#primaryimage"},"image":{"@id":"https:\/\/hlb-poland.global\/pl\/w-centrum-uwagi\/zaloz-firme-w-niemczech\/#primaryimage"},"thumbnailUrl":"https:\/\/hlb-poland.global\/wp-content\/uploads\/2018\/08\/ortwin-jentsch.jpg","datePublished":"2018-12-11T11:35:05+00:00","dateModified":"2023-08-28T07:18:23+00:00","description":"Pomagamy w szybkim i sprawnym zak\u0142adaniu nowej firmy w Niemczech oraz zapewniamy us\u0142ugi i wszystkie inne wymagania. Skontaktuj si\u0119 z nami...","breadcrumb":{"@id":"https:\/\/hlb-poland.global\/pl\/w-centrum-uwagi\/zaloz-firme-w-niemczech\/#breadcrumb"},"inLanguage":"pl-PL","potentialAction":[{"@type":"ReadAction","target":["https:\/\/hlb-poland.global\/pl\/w-centrum-uwagi\/zaloz-firme-w-niemczech\/"]}]},{"@type":"ImageObject","inLanguage":"pl-PL","@id":"https:\/\/hlb-poland.global\/pl\/w-centrum-uwagi\/zaloz-firme-w-niemczech\/#primaryimage","url":"https:\/\/hlb-poland.global\/wp-content\/uploads\/2018\/08\/ortwin-jentsch.jpg","contentUrl":"https:\/\/hlb-poland.global\/wp-content\/uploads\/2018\/08\/ortwin-jentsch.jpg"},{"@type":"BreadcrumbList","@id":"https:\/\/hlb-poland.global\/pl\/w-centrum-uwagi\/zaloz-firme-w-niemczech\/#breadcrumb","itemListElement":[{"@type":"ListItem","position":1,"name":"Strona g\u0142\u00f3wna","item":"https:\/\/hlb-poland.global\/pl\/"},{"@type":"ListItem","position":2,"name":"W centrum uwagi","item":"https:\/\/hlb-poland.global\/pl\/w-centrum-uwagi\/"},{"@type":"ListItem","position":3,"name":"Za\u0142\u00f3\u017c firm\u0119 w Niemczech"}]},{"@type":"WebSite","@id":"https:\/\/hlb-poland.global\/#website","url":"https:\/\/hlb-poland.global\/","name":"HLB Poland","description":"Advisory and accounting","publisher":{"@id":"https:\/\/hlb-poland.global\/#organization"},"potentialAction":[{"@type":"SearchAction","target":{"@type":"EntryPoint","urlTemplate":"https:\/\/hlb-poland.global\/?s={search_term_string}"},"query-input":{"@type":"PropertyValueSpecification","valueRequired":true,"valueName":"search_term_string"}}],"inLanguage":"pl-PL"},{"@type":"Organization","@id":"https:\/\/hlb-poland.global\/#organization","name":"HLB Poland","url":"https:\/\/hlb-poland.global\/","logo":{"@type":"ImageObject","inLanguage":"pl-PL","@id":"https:\/\/hlb-poland.global\/#\/schema\/logo\/image\/","url":"https:\/\/hlb-poland.global\/wp-content\/uploads\/2025\/12\/hlb-poland-og-image.png","contentUrl":"https:\/\/hlb-poland.global\/wp-content\/uploads\/2025\/12\/hlb-poland-og-image.png","width":1200,"height":630,"caption":"HLB Poland"},"image":{"@id":"https:\/\/hlb-poland.global\/#\/schema\/logo\/image\/"},"sameAs":["https:\/\/www.facebook.com\/HLBPoland","https:\/\/www.linkedin.com\/company\/hlb-poland"]}]}},"_links":{"self":[{"href":"https:\/\/hlb-poland.global\/pl\/wp-json\/wp\/v2\/pages\/1877","targetHints":{"allow":["GET"]}}],"collection":[{"href":"https:\/\/hlb-poland.global\/pl\/wp-json\/wp\/v2\/pages"}],"about":[{"href":"https:\/\/hlb-poland.global\/pl\/wp-json\/wp\/v2\/types\/page"}],"author":[{"embeddable":true,"href":"https:\/\/hlb-poland.global\/pl\/wp-json\/wp\/v2\/users\/3"}],"replies":[{"embeddable":true,"href":"https:\/\/hlb-poland.global\/pl\/wp-json\/wp\/v2\/comments?post=1877"}],"version-history":[{"count":84,"href":"https:\/\/hlb-poland.global\/pl\/wp-json\/wp\/v2\/pages\/1877\/revisions"}],"predecessor-version":[{"id":13374,"href":"https:\/\/hlb-poland.global\/pl\/wp-json\/wp\/v2\/pages\/1877\/revisions\/13374"}],"up":[{"embeddable":true,"href":"https:\/\/hlb-poland.global\/pl\/wp-json\/wp\/v2\/pages\/1849"}],"wp:attachment":[{"href":"https:\/\/hlb-poland.global\/pl\/wp-json\/wp\/v2\/media?parent=1877"}],"curies":[{"name":"wp","href":"https:\/\/api.w.org\/{rel}","templated":true}]}}