
{"id":1896,"date":"2018-12-11T13:02:47","date_gmt":"2018-12-11T12:02:47","guid":{"rendered":"http:\/\/hlb-poland.global\/?page_id=1896"},"modified":"2022-12-27T14:52:35","modified_gmt":"2022-12-27T13:52:35","slug":"fakty-w-skrocie","status":"publish","type":"page","link":"https:\/\/hlb-poland.global\/pl\/fakty-w-skrocie\/","title":{"rendered":"Fakty o Polsce w skr\u00f3cie"},"content":{"rendered":"<h3>Populacja<\/h3>\n<p>Populacja Polski wynosi 38,5 mln mieszka\u0144c\u00f3w, co plasuje kraj na 8. miejscu pod wzgl\u0119dem liczebno\u015bci populacji w Europie. \u015arednia g\u0119sto\u015b\u0107 zaludnienia wynosi 122 mieszka\u0144c\u00f3w na kilometr kwadratowy, jednak jest silnie zr\u00f3\u017cnicowana pomi\u0119dzy w miar\u0119 g\u0119sto zaludnionym po\u0142udniem a p\u00f3\u0142noc\u0105. W 892 miastach zamieszkuje 23,89 mln obywateli (61,8%) natomiast na wsi 14,76 mln ( 38,2%). Pod wzgl\u0119dem etnicznym Polska jest krajem raczej homogenicznym. Mniejszo\u015bci narodowe reprezentuj\u0105 mniej ni\u017c 5% og\u00f3lnej populacji. Najwi\u0119kszymi mniejszo\u015bciami narodowymi s\u0105 Ukrai\u0144cy, Bia\u0142orusini, Niemcy oraz Romowie; po\u015br\u00f3d mniejszych mo\u017cemy znale\u017a\u0107 S\u0142owak\u00f3w, Czech\u00f3w, Litwin\u00f3w i \u017byd\u00f3w. Poza granicami pa\u0144stwa mieszka oko\u0142o 12 mln os\u00f3b polskiego pochodzenia, w tym 6-7 mln w Stanach Zjednoczonych. Liczb\u0119 polskich obywateli w Rosji i krajach by\u0142ego ZSRR szacuje si\u0119 na 1-2.5 mln.<\/p>\n<hr \/>\n<h3>G\u0142\u00f3wne miasta<\/h3>\n<p>Populacja ponad 40 miast przekracza 100,000 mieszka\u0144c\u00f3w, a w 5 z nich przekracza 500,000. Najwi\u0119ksze miasta to: Warszawa (1,71 mln mieszka\u0144c\u00f3w, 3,5 mln jako aglomeracja), Krak\u00f3w (757,000), \u0141\u00f3d\u017a (753,000), Wroc\u0142aw (632,000), Pozna\u0144 (561,000), Gda\u0144sk (456,000), Szczecin (407,000), Bydgoszcz (361,000), Lublin (352,000) and Katowice (312,000).<\/p>\n<hr \/>\n<h3>J\u0119zyk<\/h3>\n<p>Oficjalnym j\u0119zykiem jest j\u0119zyk polski, kt\u00f3ry nale\u017cy do zachodniej ga\u0142\u0119zi j\u0119zyk\u00f3w s\u0142owia\u0144skich. Jest u\u017cywany przez niemal 100% spo\u0142ecze\u0144stwa, podczas gdy niemiecki, litewski, bia\u0142oruski i ukrai\u0144ski nale\u017c\u0105 do j\u0119zyk\u00f3w mniejszo\u015bciowych. Istnieje spora liczba dialekt\u00f3w, kt\u00f3re wskazuj\u0105 wp\u0142yw Niemiec i Ukrainy, ale s\u0105 one przewa\u017cnie u\u017cywane przez osoby starsze. Mo\u017cemy wyr\u00f3\u017cni\u0107 przede wszystkim dialekt \u015bl\u0105ski (w p\u0142d.-zach. cz\u0119\u015bci kraju), dialekt mazowiecki (p\u0142n.-wsch.), dialekt kaszubski (na zach\u00f3d od Gda\u0144ska), dialekt wielkopolski (w regionie pozna\u0144skim) i dialekt ma\u0142opolski (p\u0142d.-wsch.). J\u0119zyk polski pos\u0142uguje si\u0119 alfabetem \u0142aci\u0144skim, ale posiada wi\u0119cej liter i znak\u00f3w szczeg\u00f3lnych ni\u017c alfabet niemiecki.<\/p>\n<hr \/>\n<h3>Religia<\/h3>\n<p>Oko\u0142o 89% Polak\u00f3w nale\u017cy do Ko\u015bcio\u0142a Rzymskokatolickiego, kt\u00f3ry dzi\u0119ki 41 diecezjom i 8900 parafiom wywiera silny wp\u0142yw na spo\u0142ecze\u0144stwo. W 1978 roku polski kardyna\u0142 \u2013 Karol Wojty\u0142a zosta\u0142 wybrany na papie\u017ca i przyj\u0105\u0142 imi\u0119 Jana Paw\u0142a II. W Polsce funkcjonuje poza tym oko\u0142o 35 innych Ko\u015bcio\u0142\u00f3w i zrzesze\u0144 religijnych, do kt\u00f3rych nale\u017cy ok. 900,000 mieszka\u0144c\u00f3w. 8 spo\u015br\u00f3d tych Ko\u015bcio\u0142\u00f3w nale\u017cy do Polskiej Rady Ekumenicznej. Najwi\u0119ksz\u0105 spo\u0142eczno\u015b\u0107 tworzy Ko\u015bci\u00f3\u0142 prawos\u0142awny z ok. 506.000 wyznawc\u00f3w, oraz Ko\u015bci\u00f3\u0142 Ewangelicko-Lutera\u0144ski z 150.000 wyznawc\u00f3w. W Polsce zamieszkuje r\u00f3wnie\u017c 10.000 \u017byd\u00f3w. Podczas rz\u0105d\u00f3w komunistycznych Ko\u015bci\u00f3\u0142 Rzymskokatolicki stanowi\u0142 si\u0142\u0119 polityczn\u0105 b\u0119d\u0105c\u0105 centrum opozycji w szczeg\u00f3lno\u015bci w latach 70. i 80.<\/p>\n<hr \/>\n<h3>\u015awi\u0119ta<\/h3>\n<p>\u015awi\u0119ta narodowe przypadaj\u0105 na 3 Maja (od 1990 r., a przedtem od 1918 do 1939), dla uczczenia wprowadzenia pierwszej demokratycznej konstytucji z 1791 roku, oraz 11 listopada, upami\u0119tniaj\u0105ce odzyskanie niepodleg\u0142o\u015bci przez Polsk\u0119 w 1918 r. Nowy Rok jest obchodzony w Polsce 1 stycznia. Poniedzia\u0142ek Wielkanocny jest \u015bwi\u0119tem ustawowym, a 1 Maja jest \u015bwi\u0119tem pracy. Bo\u017ce Cia\u0142o przypada na czwartek po Uroczysto\u015bci Tr\u00f3jcy \u015awi\u0119tej (niedziela po Pi\u0119\u0107dziesi\u0105tnicy, 50 dni po Wielkanocy), podczas gdy Wniebowzi\u0119cie Naj\u015bwi\u0119tszej Marii Panny celebrowane jest 15 sierpnia. 31 sierpnia w dniu Solidarno\u015bci i Wolno\u015bci obchodzona jest rocznica powstania Solidarno\u015bci \u2014 zwi\u0105zku zawodowego, kt\u00f3ry w 1989 r. doprowadzi\u0142 do upadku komunizmu w Polsce. W dniu Wszystkich \u015awi\u0119tych (1 listopada) oddawana jest cze\u015b\u0107 chrze\u015bcija\u0144skim \u015bwi\u0119tym. Bo\u017ce Narodzenie to najwa\u017cniejsze \u015bwi\u0119to w Polsce, a w wigili\u0119 Bo\u017cego Narodzenia \u2013 najwa\u017cniejszym dniu, rodziny spotykaj\u0105 si\u0119 przy \u015bwi\u0105tecznej kolacji. W trakcie roku odbywa si\u0119 r\u00f3wnie\u017c wiele \u015bwi\u0105t lokalnych, jak np. targi sztuki ludowej w Krakowie.<\/p>\n","protected":false},"excerpt":{"rendered":"<p>Populacja Populacja Polski wynosi 38,5 mln mieszka\u0144c\u00f3w, co plasuje kraj na 8. miejscu pod wzgl\u0119dem liczebno\u015bci populacji w Europie. \u015arednia..<\/p>\n<div class=\"clear\"><\/div><a class=\"more-link\" href=\"https:\/\/hlb-poland.global\/pl\/fakty-w-skrocie\/\"> Dowiedz si\u0119 wi\u0119cej <\/a>","protected":false},"author":3,"featured_media":0,"parent":0,"menu_order":0,"comment_status":"closed","ping_status":"closed","template":"","meta":{"_acf_changed":false,"footnotes":""},"class_list":["post-1896","page","type-page","status-publish","hentry"],"acf":[],"yoast_head":"<!-- This site is optimized with the Yoast SEO plugin v27.2 - https:\/\/yoast.com\/product\/yoast-seo-wordpress\/ -->\n<title>Fakty o Polsce w skr\u00f3cie | HLB Poland<\/title>\n<meta name=\"description\" content=\"Polska, oficjalnie Rzeczpospolita Polska, jest demokratycznym krajem Europy centralnej. Stolic\u0105 a zarazem najwi\u0119kszym miastem jest...\" \/>\n<meta name=\"robots\" content=\"index, follow, max-snippet:-1, max-image-preview:large, max-video-preview:-1\" \/>\n<link rel=\"canonical\" href=\"https:\/\/hlb-poland.global\/pl\/fakty-w-skrocie\/\" \/>\n<meta property=\"og:locale\" content=\"pl_PL\" \/>\n<meta property=\"og:type\" content=\"article\" \/>\n<meta property=\"og:title\" content=\"Fakty o Polsce w skr\u00f3cie | HLB Poland\" \/>\n<meta property=\"og:description\" content=\"Polska, oficjalnie Rzeczpospolita Polska, jest demokratycznym krajem Europy centralnej. Stolic\u0105 a zarazem najwi\u0119kszym miastem jest...\" \/>\n<meta property=\"og:url\" content=\"https:\/\/hlb-poland.global\/pl\/fakty-w-skrocie\/\" \/>\n<meta property=\"og:site_name\" content=\"HLB Poland\" \/>\n<meta property=\"article:publisher\" content=\"https:\/\/www.facebook.com\/HLBPoland\" \/>\n<meta property=\"article:modified_time\" content=\"2022-12-27T13:52:35+00:00\" \/>\n<meta name=\"twitter:card\" content=\"summary_large_image\" \/>\n<meta name=\"twitter:label1\" content=\"Szacowany czas czytania\" \/>\n\t<meta name=\"twitter:data1\" content=\"3 minuty\" \/>\n<script type=\"application\/ld+json\" class=\"yoast-schema-graph\">{\"@context\":\"https:\/\/schema.org\",\"@graph\":[{\"@type\":\"WebPage\",\"@id\":\"https:\/\/hlb-poland.global\/pl\/fakty-w-skrocie\/\",\"url\":\"https:\/\/hlb-poland.global\/pl\/fakty-w-skrocie\/\",\"name\":\"Fakty o Polsce w skr\u00f3cie | HLB Poland\",\"isPartOf\":{\"@id\":\"https:\/\/hlb-poland.global\/#website\"},\"datePublished\":\"2018-12-11T12:02:47+00:00\",\"dateModified\":\"2022-12-27T13:52:35+00:00\",\"description\":\"Polska, oficjalnie Rzeczpospolita Polska, jest demokratycznym krajem Europy centralnej. Stolic\u0105 a zarazem najwi\u0119kszym miastem jest...\",\"breadcrumb\":{\"@id\":\"https:\/\/hlb-poland.global\/pl\/fakty-w-skrocie\/#breadcrumb\"},\"inLanguage\":\"pl-PL\",\"potentialAction\":[{\"@type\":\"ReadAction\",\"target\":[\"https:\/\/hlb-poland.global\/pl\/fakty-w-skrocie\/\"]}]},{\"@type\":\"BreadcrumbList\",\"@id\":\"https:\/\/hlb-poland.global\/pl\/fakty-w-skrocie\/#breadcrumb\",\"itemListElement\":[{\"@type\":\"ListItem\",\"position\":1,\"name\":\"Strona g\u0142\u00f3wna\",\"item\":\"https:\/\/hlb-poland.global\/pl\/\"},{\"@type\":\"ListItem\",\"position\":2,\"name\":\"Fakty o Polsce w skr\u00f3cie\"}]},{\"@type\":\"WebSite\",\"@id\":\"https:\/\/hlb-poland.global\/#website\",\"url\":\"https:\/\/hlb-poland.global\/\",\"name\":\"HLB Poland\",\"description\":\"Advisory and accounting\",\"publisher\":{\"@id\":\"https:\/\/hlb-poland.global\/#organization\"},\"potentialAction\":[{\"@type\":\"SearchAction\",\"target\":{\"@type\":\"EntryPoint\",\"urlTemplate\":\"https:\/\/hlb-poland.global\/?s={search_term_string}\"},\"query-input\":{\"@type\":\"PropertyValueSpecification\",\"valueRequired\":true,\"valueName\":\"search_term_string\"}}],\"inLanguage\":\"pl-PL\"},{\"@type\":\"Organization\",\"@id\":\"https:\/\/hlb-poland.global\/#organization\",\"name\":\"HLB Poland\",\"url\":\"https:\/\/hlb-poland.global\/\",\"logo\":{\"@type\":\"ImageObject\",\"inLanguage\":\"pl-PL\",\"@id\":\"https:\/\/hlb-poland.global\/#\/schema\/logo\/image\/\",\"url\":\"https:\/\/hlb-poland.global\/wp-content\/uploads\/2025\/12\/hlb-poland-og-image.png\",\"contentUrl\":\"https:\/\/hlb-poland.global\/wp-content\/uploads\/2025\/12\/hlb-poland-og-image.png\",\"width\":1200,\"height\":630,\"caption\":\"HLB Poland\"},\"image\":{\"@id\":\"https:\/\/hlb-poland.global\/#\/schema\/logo\/image\/\"},\"sameAs\":[\"https:\/\/www.facebook.com\/HLBPoland\",\"https:\/\/www.linkedin.com\/company\/hlb-poland\"]}]}<\/script>\n<!-- \/ Yoast SEO plugin. -->","yoast_head_json":{"title":"Fakty o Polsce w skr\u00f3cie | HLB Poland","description":"Polska, oficjalnie Rzeczpospolita Polska, jest demokratycznym krajem Europy centralnej. Stolic\u0105 a zarazem najwi\u0119kszym miastem jest...","robots":{"index":"index","follow":"follow","max-snippet":"max-snippet:-1","max-image-preview":"max-image-preview:large","max-video-preview":"max-video-preview:-1"},"canonical":"https:\/\/hlb-poland.global\/pl\/fakty-w-skrocie\/","og_locale":"pl_PL","og_type":"article","og_title":"Fakty o Polsce w skr\u00f3cie | HLB Poland","og_description":"Polska, oficjalnie Rzeczpospolita Polska, jest demokratycznym krajem Europy centralnej. Stolic\u0105 a zarazem najwi\u0119kszym miastem jest...","og_url":"https:\/\/hlb-poland.global\/pl\/fakty-w-skrocie\/","og_site_name":"HLB Poland","article_publisher":"https:\/\/www.facebook.com\/HLBPoland","article_modified_time":"2022-12-27T13:52:35+00:00","twitter_card":"summary_large_image","twitter_misc":{"Szacowany czas czytania":"3 minuty"},"schema":{"@context":"https:\/\/schema.org","@graph":[{"@type":"WebPage","@id":"https:\/\/hlb-poland.global\/pl\/fakty-w-skrocie\/","url":"https:\/\/hlb-poland.global\/pl\/fakty-w-skrocie\/","name":"Fakty o Polsce w skr\u00f3cie | HLB Poland","isPartOf":{"@id":"https:\/\/hlb-poland.global\/#website"},"datePublished":"2018-12-11T12:02:47+00:00","dateModified":"2022-12-27T13:52:35+00:00","description":"Polska, oficjalnie Rzeczpospolita Polska, jest demokratycznym krajem Europy centralnej. Stolic\u0105 a zarazem najwi\u0119kszym miastem jest...","breadcrumb":{"@id":"https:\/\/hlb-poland.global\/pl\/fakty-w-skrocie\/#breadcrumb"},"inLanguage":"pl-PL","potentialAction":[{"@type":"ReadAction","target":["https:\/\/hlb-poland.global\/pl\/fakty-w-skrocie\/"]}]},{"@type":"BreadcrumbList","@id":"https:\/\/hlb-poland.global\/pl\/fakty-w-skrocie\/#breadcrumb","itemListElement":[{"@type":"ListItem","position":1,"name":"Strona g\u0142\u00f3wna","item":"https:\/\/hlb-poland.global\/pl\/"},{"@type":"ListItem","position":2,"name":"Fakty o Polsce w skr\u00f3cie"}]},{"@type":"WebSite","@id":"https:\/\/hlb-poland.global\/#website","url":"https:\/\/hlb-poland.global\/","name":"HLB Poland","description":"Advisory and accounting","publisher":{"@id":"https:\/\/hlb-poland.global\/#organization"},"potentialAction":[{"@type":"SearchAction","target":{"@type":"EntryPoint","urlTemplate":"https:\/\/hlb-poland.global\/?s={search_term_string}"},"query-input":{"@type":"PropertyValueSpecification","valueRequired":true,"valueName":"search_term_string"}}],"inLanguage":"pl-PL"},{"@type":"Organization","@id":"https:\/\/hlb-poland.global\/#organization","name":"HLB Poland","url":"https:\/\/hlb-poland.global\/","logo":{"@type":"ImageObject","inLanguage":"pl-PL","@id":"https:\/\/hlb-poland.global\/#\/schema\/logo\/image\/","url":"https:\/\/hlb-poland.global\/wp-content\/uploads\/2025\/12\/hlb-poland-og-image.png","contentUrl":"https:\/\/hlb-poland.global\/wp-content\/uploads\/2025\/12\/hlb-poland-og-image.png","width":1200,"height":630,"caption":"HLB Poland"},"image":{"@id":"https:\/\/hlb-poland.global\/#\/schema\/logo\/image\/"},"sameAs":["https:\/\/www.facebook.com\/HLBPoland","https:\/\/www.linkedin.com\/company\/hlb-poland"]}]}},"_links":{"self":[{"href":"https:\/\/hlb-poland.global\/pl\/wp-json\/wp\/v2\/pages\/1896","targetHints":{"allow":["GET"]}}],"collection":[{"href":"https:\/\/hlb-poland.global\/pl\/wp-json\/wp\/v2\/pages"}],"about":[{"href":"https:\/\/hlb-poland.global\/pl\/wp-json\/wp\/v2\/types\/page"}],"author":[{"embeddable":true,"href":"https:\/\/hlb-poland.global\/pl\/wp-json\/wp\/v2\/users\/3"}],"replies":[{"embeddable":true,"href":"https:\/\/hlb-poland.global\/pl\/wp-json\/wp\/v2\/comments?post=1896"}],"version-history":[{"count":4,"href":"https:\/\/hlb-poland.global\/pl\/wp-json\/wp\/v2\/pages\/1896\/revisions"}],"predecessor-version":[{"id":11321,"href":"https:\/\/hlb-poland.global\/pl\/wp-json\/wp\/v2\/pages\/1896\/revisions\/11321"}],"wp:attachment":[{"href":"https:\/\/hlb-poland.global\/pl\/wp-json\/wp\/v2\/media?parent=1896"}],"curies":[{"name":"wp","href":"https:\/\/api.w.org\/{rel}","templated":true}]}}