
{"id":1899,"date":"2018-12-11T14:21:58","date_gmt":"2018-12-11T13:21:58","guid":{"rendered":"http:\/\/hlb-poland.global\/?page_id=1899"},"modified":"2022-12-27T15:40:02","modified_gmt":"2022-12-27T14:40:02","slug":"biznes-w-polsce","status":"publish","type":"page","link":"https:\/\/hlb-poland.global\/pl\/fakty-w-skrocie\/biznes-w-polsce\/","title":{"rendered":"Rozpoczynanie biznesu w Polsce"},"content":{"rendered":"<h3>Lokalizacja<\/h3>\n<p>Lokalizacja Polski oferuje liczne korzy\u015bci dla biznesu. Kraj ten le\u017cy w samym sercu Europy. Graniczy zar\u00f3wno z cz\u0142onkami UE (Niemcy, Czechy, S\u0142owacja, Litwa), jak r\u00f3wnie\u017c z krajami Europy Wschodniej \u2013 Ukrain\u0105, Bia\u0142orusi\u0105 i Rosj\u0105. To oznacza dost\u0119p do 250 milion\u00f3w konsument\u00f3w w obr\u0119bie promienia 1000km. Trasy tranzytowe wsch.-zach. oraz p\u0142n.-p\u0142d. przebiegaj\u0105 przez polskie terytorium. Ci\u0105gle rozwijaj\u0105ca si\u0119 sie\u0107 dr\u00f3g i autostrad u\u0142atwia logistyk\u0119. Blisko\u015b\u0107 zar\u00f3wno rynk\u00f3w zbytu UE, jak i pa\u0144stw Europy Wschodniej promuje eksport d\u00f3br. Liczne lotniska i porty morskie pozwalaj\u0105 na transport towar\u00f3w na ca\u0142y \u015bwiat.<\/p>\n<hr \/>\n<h3>Wykszta\u0142ceni pracownicy<\/h3>\n<p>Polski system edukacyjny produkuje specjalist\u00f3w o ekspertyzie w r\u00f3\u017cnych dziedzinach. Prawie 2 mln ludzi studiuje w Polsce \u2013 to prawie po\u0142owa populacji w wieku studenckim (19-24 lata). Ka\u017cdego roku 400.000 absolwent\u00f3w ko\u0144czy studia na 500 uniwersytetach, a liczby te rosn\u0105 z roku na rok.<\/p>\n<p>Dobrze wykszta\u0142ceni polscy absolwenci s\u0105 rozchwytywanymi i docenianymi pracownikami, kt\u00f3rzy znajduj\u0105 zatrudnienie w mi\u0119dzynarodowych firmach i instytucjach. W\u0142adaj\u0105 w znacznym stopniu j\u0119zykami obcymi \u2013 wi\u0119kszo\u015b\u0107 pos\u0142uguje si\u0119 j\u0119zykiem angielskim. Wielu uczy si\u0119 r\u00f3wnie\u017c innych j\u0119zyk\u00f3w \u2013 g\u0142\u00f3wnie niemieckiego, rosyjskiego, francuskiego i hiszpa\u0144skiego.<\/p>\n<p>Coraz wi\u0119cej student\u00f3w podejmuje si\u0119 studi\u00f3w na politechnikach, kt\u00f3re szkol\u0105 in\u017cynier\u00f3w, specjalist\u00f3w IT I naukowc\u00f3w \u2013 absolwenci s\u0105 wychwytywani i doceniani, nie tylko na rynku lokalnym ale r\u00f3wnie\u017c w ca\u0142ej Europie.<\/p>\n<p>Studia w Polsce (www.poland.gov.pl)<\/p>\n<hr \/>\n<h3>Rozwijaj\u0105ca si\u0119 gospodarka<\/h3>\n<p>Polska jest sz\u00f3st\u0105 najwi\u0119ksz\u0105 gospodark\u0105 Europy. W latach 1996-2009 PKB wynosi\u0142o ok. 4,5%. Polska by\u0142a jedynym krajem UE, kt\u00f3ry odnotowa\u0142 pozytywny rozw\u00f3j gospodarczy w 2010 roku.<\/p>\n<p>\u015awiatowej rangi firmy cz\u0119sto wybieraj\u0105 Polsk\u0105 jako destynacj\u0119 inwestycji w Europie. Liczba nowych projekt\u00f3w inwestycyjnych ci\u0105gle ro\u015bnie w szczeg\u00f3lno\u015bci w bran\u017cy samochodowej oraz w sektorach prac badawczo-rozwojowych, elektronicznym i chemicznym. W 2009 r. Polska przyci\u0105gn\u0119\u0142a 9,95 mld EUR BIZ, a w 2010 szacuje si\u0119 kolejne 5.34 mld EUR.<\/p>\n<p>Polska gospodarka staje przed perspektywami dalszego dynamicznego rozwoju. W latach 2007-2013 szacuje si\u0119, \u017ce otrzyma\u0142a oko\u0142o 67 mld EUR z funduszy bud\u017cetu Wsp\u00f3lnoty. To oznacza, \u017ce b\u0119dzie najwi\u0119kszym beneficjentem funduszy UE. Ponadto Polska i Ukraina b\u0119d\u0105 gospodarzami UEFA Euro 2012, co zwiastuje rozw\u00f3j infrastruktury oraz sektor\u00f3w budownictwa, us\u0142ug i turystyki.<\/p>\n<p>Gospodarka Polska w liczbach (www.investinpoland.gov.pl)<\/p>\n<hr \/>\n<h3>Rynek zbytu<\/h3>\n<p>Polska jako sz\u00f3sty najwi\u0119kszy kraj UE pod wzgl\u0119dem populacji stanowi bardzo du\u017cy rynek zbytu dla d\u00f3br i us\u0142ug. Polsk\u0119 zamieszkuje 38 mln obywateli, co stanowi tyle co 1\/3 og\u00f3lnej populacji nowych pa\u0144stw cz\u0142onkowskich UE.<\/p>\n<hr \/>\n<h3>Przemys\u0142 outsourcingu w Polsce<\/h3>\n<p><img loading=\"lazy\" decoding=\"async\" class=\"alignright img-fluid katowice-agglomeration\" src=\"https:\/\/hlb-poland.global\/wp-content\/uploads\/2018\/10\/katowice-agglomeration.png\" alt=\"Katowice agglomeration\" width=\"599\" height=\"411\" \/><\/p>\n<p>Nie ma chyba w Polsce innego takiego sektora jak rynek us\u0142ug biznesowych, kt\u00f3ry odnotowa\u0142 ok. 50% wzrost w ci\u0105gu 2 lat (lata kryzysu). Polska jest niezaprzeczalnym liderem w regionie, bij\u0105c Czechy i W\u0119gry dwukrotnie pod wzgl\u0119dem poziomu zatrudnienia. Centra us\u0142ug z kapita\u0142em zagranicznym w Polsce zatrudniaj\u0105 ok 70,000 ludzi (w 2008 zatrudnionych by\u0142o ok. 45.000 ludzi).<\/p>\n<p>To jednak nie jest jeszcze koniec dobrych wie\u015bci: wi\u0119kszo\u015b\u0107 z ju\u017c istniej\u0105cych firm przewiduje rozw\u00f3j w najbli\u017cszych latach, a Polska Agencja Informacji i Inwestycji Zagranicznych (PAIiIZ) podaje informacje o d\u0142ugiej li\u015bcie inwestor\u00f3w planuj\u0105cych otworzenie centrum us\u0142ug w Polsce. Mo\u017cna \u015bmia\u0142o szacowa\u0107 liczb\u0119 pracownik\u00f3w w sektorze pod koniec 2011 roku na 75,500 os\u00f3b. Polska jest na dobrej drodze, by sta\u0107 si\u0119 centrum proces\u00f3w biznesowych i us\u0142ug IT, jak r\u00f3wnie\u017c ulem centr\u00f3w bada\u0144 i rozwoju.<\/p>\n<p>Zam\u00f3wienia zagraniczne us\u0142ug (kt\u00f3ry oznaczaj\u0105 oddzielenie i relokacje pewnych proces\u00f3w biznesowych zagranic\u0119, na drugi koniec \u015bwiata) jest jedn\u0105 z kluczowych cech procesu globalizacji. Po\u015br\u00f3d najbardziej istotnych korzy\u015bci p\u0142yn\u0105cych z pozyskiwania us\u0142ug poddawanych zam\u00f3wieniom zagranicznym, mo\u017cemy wymieni\u0107 np.: wzrost przychodu z eksportu, tworzenie nowych stanowisk pracy, wy\u017csze wynagrodzenia oraz ulepszanie kwalifikacji si\u0142y roboczej.<\/p>\n<p>Firmy sektora us\u0142ug biznesowych (oko\u0142o 300 w Polsce) s\u0105 sprawdzonymi dostawcami \u015bwiatowej klasy us\u0142ug dla mi\u0119dzynarodowych korporacji. Nie s\u0105 bynajmniej jedynie \u201erozliczaj\u0105cymi faktury\u201d czy \u201erozm\u00f3wcami prze telefon\u201d, jak wielu nierozumiej\u0105cych tego biznesu zwyk\u0142o go nazywa\u0107.<\/p>\n<p>Prawie wszystkie badane centra (91%) dostarczaj\u0105 us\u0142ug dla klient\u00f3w w Europy zachodniej. Odnosi si\u0119 to zar\u00f3wno do klient\u00f3w zewn\u0119trznych jak i wewn\u0119trznych (korporacje macierzyste). Przedsi\u0119biorstwa dzia\u0142aj\u0105ce w Polsce obs\u0142ugiwane s\u0105 przez 70% centr\u00f3w poddanych analizie. Nieco ponad 60% centr\u00f3w \u015bwiadczy us\u0142ugi firmom z Europy centralnej lub wschodniej. Udzia\u0142 centr\u00f3w w obs\u0142udze firm z innych region\u00f3w geograficznych jest znacz\u0105co ni\u017cszy.<\/p>\n<p>Absolutna wi\u0119kszo\u015b\u0107 pracownik\u00f3w sektora us\u0142ug biznesowych w Polsce (90%) uko\u0144czy\u0142a edukacje na uniwersytecie. W por\u00f3wnaniu z pozosta\u0142ymi centrami odsetek jest nieco wy\u017cszy w przypadku personelu zatrudnionego w centrach sektora bada\u0144 i rozwoju. \u015arednia wieku zatrudnionych to 29 lat i odznacza si\u0119 tendencj\u0105 rosn\u0105c\u0105. Mo\u017cna przewidywa\u0107, \u017ce osi\u0105gnie 30 lat w przysz\u0142ym roku. W wi\u0119kszo\u015bci przypadk\u00f3w \u015brednia do\u015bwiadczenia zawodowego w bie\u017c\u0105cej pracy wynosi\u0142a pomi\u0119dzy 2 a 3 lata, z wyra\u017anym trendem wzrastaj\u0105cym.<\/p>\n<p>G\u0142\u00f3wne lokalizacje zam\u00f3wie\u0144 zagranicznych w Polsce to: Warszawa (54 centra), Krak\u00f3w (43 centra), Wroc\u0142aw (38 centr\u00f3w) oraz \u0141\u00f3d\u017a (31 centr\u00f3w). W Warszawie poziom zatrudnienia przekroczy\u0142 10.000 os\u00f3b, wliczaj\u0105c 1000 os\u00f3b zatrudnionych w centrach bada\u0144 i rozwoju. W por\u00f3wnaniu do 2008 r., odnotowano znacz\u0105cy wzrost zatrudnienia (ponad 3000 nowych stanowisk pracy). Specjalizacj\u0105 Warszawy s\u0105: finanse i ksi\u0119gowo\u015b\u0107 oraz obs\u0142uga klienta (z wy\u0142\u0105czeniem wsparcia IT). Warszawa posiada najwi\u0119ksz\u0105 ofert\u0119 przestrzeni biurowej \u2013 62% nowoczesnych biur jest scentralizowanych w Warszawie (diagramy poni\u017cej). Pod koniec 1. kwarta\u0142u 2011 w ca\u0142ej Polsce dodatkowe 533.000m2 przestrzeni biurowej by\u0142o na r\u00f3\u017cnych etapach wyko\u0144czenia, z czego wi\u0119kszo\u015b\u0107 w Warszawie.<\/p>\n<p>W Europie centralno-wschodniej, Budapeszt posiada najwi\u0119ksz\u0105 ofert\u0119 biur do wynaj\u0119cia o powierzchni ponad 1000m2 na najbli\u017csze kilka miesi\u0119cy. Kolejne z rz\u0119du s\u0105 inne stolice w regionie: Praga, Bukareszt, Warszawa.<\/p>\n<p>Polska z og\u00f3ln\u0105 powierzchni\u0105 nowoczesnej przestrzeni biurowej rz\u0119du 5,66 mln m2, jest najwi\u0119kszym rynkiem biurowym w Europie centralnej i Europie Wschodniej. Pozosta\u0142e kraje oferuj\u0105 \u0142\u0105cznie 8,5 mln m2 (Czechy \u2013 3,23 mln m2, W\u0119gry \u2014 3,05 mln m2, Rumunia \u2013 2,20 mln m2). Warszawa, Praga, Budapeszt i Bukareszt stanowi\u0105 j\u0105dro rynku biurowego Europy centralnej i Europy wschodniej i posiadaj\u0105 \u0142\u0105cznie powierzchnie 11 mln m2. Warszawa przedstawia 31% udzia\u0142u, nast\u0119pny jest Budapeszt i Praga (kolejno 27% i 24%) oraz Bukareszt z 18%.<\/p>\n<p>\u0179r\u00f3d\u0142o: Sektor Us\u0142ug Biznesowych w Polsce<\/p>\n","protected":false},"excerpt":{"rendered":"<p>Lokalizacja Lokalizacja Polski oferuje liczne korzy\u015bci dla biznesu. Kraj ten le\u017cy w samym sercu Europy. Graniczy zar\u00f3wno z cz\u0142onkami UE..<\/p>\n<div class=\"clear\"><\/div><a class=\"more-link\" href=\"https:\/\/hlb-poland.global\/pl\/fakty-w-skrocie\/biznes-w-polsce\/\"> Dowiedz si\u0119 wi\u0119cej <\/a>","protected":false},"author":3,"featured_media":0,"parent":1896,"menu_order":0,"comment_status":"closed","ping_status":"closed","template":"","meta":{"_acf_changed":false,"footnotes":""},"class_list":["post-1899","page","type-page","status-publish","hentry"],"acf":[],"yoast_head":"<!-- This site is optimized with the Yoast SEO plugin v27.2 - https:\/\/yoast.com\/product\/yoast-seo-wordpress\/ -->\n<title>Rozpoczynanie biznesu w Polsce | HLB Poland<\/title>\n<meta name=\"description\" content=\"Czemu rozpoczyna\u0107 biznes w Polsce? Bo jest to 6. najwi\u0119ksza gospodarka w Europie. Jest to jedyny kraj w Unii Europejskiej, kt\u00f3ry odnotowa\u0142...\" \/>\n<meta name=\"robots\" content=\"index, follow, max-snippet:-1, max-image-preview:large, max-video-preview:-1\" \/>\n<link rel=\"canonical\" href=\"https:\/\/hlb-poland.global\/pl\/fakty-w-skrocie\/biznes-w-polsce\/\" \/>\n<meta property=\"og:locale\" content=\"pl_PL\" \/>\n<meta property=\"og:type\" content=\"article\" \/>\n<meta property=\"og:title\" content=\"Rozpoczynanie biznesu w Polsce | HLB Poland\" \/>\n<meta property=\"og:description\" content=\"Czemu rozpoczyna\u0107 biznes w Polsce? Bo jest to 6. najwi\u0119ksza gospodarka w Europie. Jest to jedyny kraj w Unii Europejskiej, kt\u00f3ry odnotowa\u0142...\" \/>\n<meta property=\"og:url\" content=\"https:\/\/hlb-poland.global\/pl\/fakty-w-skrocie\/biznes-w-polsce\/\" \/>\n<meta property=\"og:site_name\" content=\"HLB Poland\" \/>\n<meta property=\"article:publisher\" content=\"https:\/\/www.facebook.com\/HLBPoland\" \/>\n<meta property=\"article:modified_time\" content=\"2022-12-27T14:40:02+00:00\" \/>\n<meta property=\"og:image\" content=\"https:\/\/hlb-poland.global\/wp-content\/uploads\/2018\/10\/katowice-agglomeration.png\" \/>\n<meta name=\"twitter:card\" content=\"summary_large_image\" \/>\n<meta name=\"twitter:label1\" content=\"Szacowany czas czytania\" \/>\n\t<meta name=\"twitter:data1\" content=\"6 minut\" \/>\n<script type=\"application\/ld+json\" class=\"yoast-schema-graph\">{\"@context\":\"https:\/\/schema.org\",\"@graph\":[{\"@type\":\"WebPage\",\"@id\":\"https:\/\/hlb-poland.global\/pl\/fakty-w-skrocie\/biznes-w-polsce\/\",\"url\":\"https:\/\/hlb-poland.global\/pl\/fakty-w-skrocie\/biznes-w-polsce\/\",\"name\":\"Rozpoczynanie biznesu w Polsce | HLB Poland\",\"isPartOf\":{\"@id\":\"https:\/\/hlb-poland.global\/#website\"},\"primaryImageOfPage\":{\"@id\":\"https:\/\/hlb-poland.global\/pl\/fakty-w-skrocie\/biznes-w-polsce\/#primaryimage\"},\"image\":{\"@id\":\"https:\/\/hlb-poland.global\/pl\/fakty-w-skrocie\/biznes-w-polsce\/#primaryimage\"},\"thumbnailUrl\":\"https:\/\/hlb-poland.global\/wp-content\/uploads\/2018\/10\/katowice-agglomeration.png\",\"datePublished\":\"2018-12-11T13:21:58+00:00\",\"dateModified\":\"2022-12-27T14:40:02+00:00\",\"description\":\"Czemu rozpoczyna\u0107 biznes w Polsce? Bo jest to 6. najwi\u0119ksza gospodarka w Europie. Jest to jedyny kraj w Unii Europejskiej, kt\u00f3ry odnotowa\u0142...\",\"breadcrumb\":{\"@id\":\"https:\/\/hlb-poland.global\/pl\/fakty-w-skrocie\/biznes-w-polsce\/#breadcrumb\"},\"inLanguage\":\"pl-PL\",\"potentialAction\":[{\"@type\":\"ReadAction\",\"target\":[\"https:\/\/hlb-poland.global\/pl\/fakty-w-skrocie\/biznes-w-polsce\/\"]}]},{\"@type\":\"ImageObject\",\"inLanguage\":\"pl-PL\",\"@id\":\"https:\/\/hlb-poland.global\/pl\/fakty-w-skrocie\/biznes-w-polsce\/#primaryimage\",\"url\":\"https:\/\/hlb-poland.global\/wp-content\/uploads\/2018\/10\/katowice-agglomeration.png\",\"contentUrl\":\"https:\/\/hlb-poland.global\/wp-content\/uploads\/2018\/10\/katowice-agglomeration.png\"},{\"@type\":\"BreadcrumbList\",\"@id\":\"https:\/\/hlb-poland.global\/pl\/fakty-w-skrocie\/biznes-w-polsce\/#breadcrumb\",\"itemListElement\":[{\"@type\":\"ListItem\",\"position\":1,\"name\":\"Strona g\u0142\u00f3wna\",\"item\":\"https:\/\/hlb-poland.global\/pl\/\"},{\"@type\":\"ListItem\",\"position\":2,\"name\":\"Fakty o Polsce w skr\u00f3cie\",\"item\":\"https:\/\/hlb-poland.global\/pl\/fakty-w-skrocie\/\"},{\"@type\":\"ListItem\",\"position\":3,\"name\":\"Rozpoczynanie biznesu w Polsce\"}]},{\"@type\":\"WebSite\",\"@id\":\"https:\/\/hlb-poland.global\/#website\",\"url\":\"https:\/\/hlb-poland.global\/\",\"name\":\"HLB Poland\",\"description\":\"Advisory and accounting\",\"publisher\":{\"@id\":\"https:\/\/hlb-poland.global\/#organization\"},\"potentialAction\":[{\"@type\":\"SearchAction\",\"target\":{\"@type\":\"EntryPoint\",\"urlTemplate\":\"https:\/\/hlb-poland.global\/?s={search_term_string}\"},\"query-input\":{\"@type\":\"PropertyValueSpecification\",\"valueRequired\":true,\"valueName\":\"search_term_string\"}}],\"inLanguage\":\"pl-PL\"},{\"@type\":\"Organization\",\"@id\":\"https:\/\/hlb-poland.global\/#organization\",\"name\":\"HLB Poland\",\"url\":\"https:\/\/hlb-poland.global\/\",\"logo\":{\"@type\":\"ImageObject\",\"inLanguage\":\"pl-PL\",\"@id\":\"https:\/\/hlb-poland.global\/#\/schema\/logo\/image\/\",\"url\":\"https:\/\/hlb-poland.global\/wp-content\/uploads\/2025\/12\/hlb-poland-og-image.png\",\"contentUrl\":\"https:\/\/hlb-poland.global\/wp-content\/uploads\/2025\/12\/hlb-poland-og-image.png\",\"width\":1200,\"height\":630,\"caption\":\"HLB Poland\"},\"image\":{\"@id\":\"https:\/\/hlb-poland.global\/#\/schema\/logo\/image\/\"},\"sameAs\":[\"https:\/\/www.facebook.com\/HLBPoland\",\"https:\/\/www.linkedin.com\/company\/hlb-poland\"]}]}<\/script>\n<!-- \/ Yoast SEO plugin. -->","yoast_head_json":{"title":"Rozpoczynanie biznesu w Polsce | HLB Poland","description":"Czemu rozpoczyna\u0107 biznes w Polsce? Bo jest to 6. najwi\u0119ksza gospodarka w Europie. Jest to jedyny kraj w Unii Europejskiej, kt\u00f3ry odnotowa\u0142...","robots":{"index":"index","follow":"follow","max-snippet":"max-snippet:-1","max-image-preview":"max-image-preview:large","max-video-preview":"max-video-preview:-1"},"canonical":"https:\/\/hlb-poland.global\/pl\/fakty-w-skrocie\/biznes-w-polsce\/","og_locale":"pl_PL","og_type":"article","og_title":"Rozpoczynanie biznesu w Polsce | HLB Poland","og_description":"Czemu rozpoczyna\u0107 biznes w Polsce? Bo jest to 6. najwi\u0119ksza gospodarka w Europie. Jest to jedyny kraj w Unii Europejskiej, kt\u00f3ry odnotowa\u0142...","og_url":"https:\/\/hlb-poland.global\/pl\/fakty-w-skrocie\/biznes-w-polsce\/","og_site_name":"HLB Poland","article_publisher":"https:\/\/www.facebook.com\/HLBPoland","article_modified_time":"2022-12-27T14:40:02+00:00","og_image":[{"url":"https:\/\/hlb-poland.global\/wp-content\/uploads\/2018\/10\/katowice-agglomeration.png","type":"","width":"","height":""}],"twitter_card":"summary_large_image","twitter_misc":{"Szacowany czas czytania":"6 minut"},"schema":{"@context":"https:\/\/schema.org","@graph":[{"@type":"WebPage","@id":"https:\/\/hlb-poland.global\/pl\/fakty-w-skrocie\/biznes-w-polsce\/","url":"https:\/\/hlb-poland.global\/pl\/fakty-w-skrocie\/biznes-w-polsce\/","name":"Rozpoczynanie biznesu w Polsce | HLB Poland","isPartOf":{"@id":"https:\/\/hlb-poland.global\/#website"},"primaryImageOfPage":{"@id":"https:\/\/hlb-poland.global\/pl\/fakty-w-skrocie\/biznes-w-polsce\/#primaryimage"},"image":{"@id":"https:\/\/hlb-poland.global\/pl\/fakty-w-skrocie\/biznes-w-polsce\/#primaryimage"},"thumbnailUrl":"https:\/\/hlb-poland.global\/wp-content\/uploads\/2018\/10\/katowice-agglomeration.png","datePublished":"2018-12-11T13:21:58+00:00","dateModified":"2022-12-27T14:40:02+00:00","description":"Czemu rozpoczyna\u0107 biznes w Polsce? Bo jest to 6. najwi\u0119ksza gospodarka w Europie. Jest to jedyny kraj w Unii Europejskiej, kt\u00f3ry odnotowa\u0142...","breadcrumb":{"@id":"https:\/\/hlb-poland.global\/pl\/fakty-w-skrocie\/biznes-w-polsce\/#breadcrumb"},"inLanguage":"pl-PL","potentialAction":[{"@type":"ReadAction","target":["https:\/\/hlb-poland.global\/pl\/fakty-w-skrocie\/biznes-w-polsce\/"]}]},{"@type":"ImageObject","inLanguage":"pl-PL","@id":"https:\/\/hlb-poland.global\/pl\/fakty-w-skrocie\/biznes-w-polsce\/#primaryimage","url":"https:\/\/hlb-poland.global\/wp-content\/uploads\/2018\/10\/katowice-agglomeration.png","contentUrl":"https:\/\/hlb-poland.global\/wp-content\/uploads\/2018\/10\/katowice-agglomeration.png"},{"@type":"BreadcrumbList","@id":"https:\/\/hlb-poland.global\/pl\/fakty-w-skrocie\/biznes-w-polsce\/#breadcrumb","itemListElement":[{"@type":"ListItem","position":1,"name":"Strona g\u0142\u00f3wna","item":"https:\/\/hlb-poland.global\/pl\/"},{"@type":"ListItem","position":2,"name":"Fakty o Polsce w skr\u00f3cie","item":"https:\/\/hlb-poland.global\/pl\/fakty-w-skrocie\/"},{"@type":"ListItem","position":3,"name":"Rozpoczynanie biznesu w Polsce"}]},{"@type":"WebSite","@id":"https:\/\/hlb-poland.global\/#website","url":"https:\/\/hlb-poland.global\/","name":"HLB Poland","description":"Advisory and accounting","publisher":{"@id":"https:\/\/hlb-poland.global\/#organization"},"potentialAction":[{"@type":"SearchAction","target":{"@type":"EntryPoint","urlTemplate":"https:\/\/hlb-poland.global\/?s={search_term_string}"},"query-input":{"@type":"PropertyValueSpecification","valueRequired":true,"valueName":"search_term_string"}}],"inLanguage":"pl-PL"},{"@type":"Organization","@id":"https:\/\/hlb-poland.global\/#organization","name":"HLB Poland","url":"https:\/\/hlb-poland.global\/","logo":{"@type":"ImageObject","inLanguage":"pl-PL","@id":"https:\/\/hlb-poland.global\/#\/schema\/logo\/image\/","url":"https:\/\/hlb-poland.global\/wp-content\/uploads\/2025\/12\/hlb-poland-og-image.png","contentUrl":"https:\/\/hlb-poland.global\/wp-content\/uploads\/2025\/12\/hlb-poland-og-image.png","width":1200,"height":630,"caption":"HLB Poland"},"image":{"@id":"https:\/\/hlb-poland.global\/#\/schema\/logo\/image\/"},"sameAs":["https:\/\/www.facebook.com\/HLBPoland","https:\/\/www.linkedin.com\/company\/hlb-poland"]}]}},"_links":{"self":[{"href":"https:\/\/hlb-poland.global\/pl\/wp-json\/wp\/v2\/pages\/1899","targetHints":{"allow":["GET"]}}],"collection":[{"href":"https:\/\/hlb-poland.global\/pl\/wp-json\/wp\/v2\/pages"}],"about":[{"href":"https:\/\/hlb-poland.global\/pl\/wp-json\/wp\/v2\/types\/page"}],"author":[{"embeddable":true,"href":"https:\/\/hlb-poland.global\/pl\/wp-json\/wp\/v2\/users\/3"}],"replies":[{"embeddable":true,"href":"https:\/\/hlb-poland.global\/pl\/wp-json\/wp\/v2\/comments?post=1899"}],"version-history":[{"count":5,"href":"https:\/\/hlb-poland.global\/pl\/wp-json\/wp\/v2\/pages\/1899\/revisions"}],"predecessor-version":[{"id":11343,"href":"https:\/\/hlb-poland.global\/pl\/wp-json\/wp\/v2\/pages\/1899\/revisions\/11343"}],"up":[{"embeddable":true,"href":"https:\/\/hlb-poland.global\/pl\/wp-json\/wp\/v2\/pages\/1896"}],"wp:attachment":[{"href":"https:\/\/hlb-poland.global\/pl\/wp-json\/wp\/v2\/media?parent=1899"}],"curies":[{"name":"wp","href":"https:\/\/api.w.org\/{rel}","templated":true}]}}