
{"id":1903,"date":"2018-12-11T14:22:33","date_gmt":"2018-12-11T13:22:33","guid":{"rendered":"http:\/\/hlb-poland.global\/?page_id=1903"},"modified":"2023-01-05T14:15:46","modified_gmt":"2023-01-05T13:15:46","slug":"wojewodztwa","status":"publish","type":"page","link":"https:\/\/hlb-poland.global\/pl\/fakty-w-skrocie\/wojewodztwa\/","title":{"rendered":"Wojew\u00f3dztwa w Polsce"},"content":{"rendered":"<p><img loading=\"lazy\" decoding=\"async\" class=\"img-fluid alignright size-full wp-image-2549\" src=\"https:\/\/hlb-poland.global\/wp-content\/uploads\/2019\/01\/mapa-wojewodztwa.jpg\" alt=\"Mapa wojew\u00f3dztwa\" width=\"460\" height=\"411\" srcset=\"https:\/\/hlb-poland.global\/wp-content\/uploads\/2019\/01\/mapa-wojewodztwa.jpg 460w, https:\/\/hlb-poland.global\/wp-content\/uploads\/2019\/01\/mapa-wojewodztwa-300x268.jpg 300w\" sizes=\"auto, (max-width: 460px) 100vw, 460px\" \/>1 \u2013 Zachodniopomorskie<br \/>\n2 \u2013 Pomorskie<br \/>\n3 \u2013 Warmi\u0144sko-Mazurskie<br \/>\n4 \u2013 Lubuskie<br \/>\n5 \u2013 Wielkopolskie<br \/>\n6 \u2013 Kujawsko-Pomorskie<br \/>\n7 \u2013 Mazowieckie<br \/>\n8 \u2013 Podlaskie<br \/>\n9 \u2013 Dolno\u015bl\u0105skie<br \/>\n10 \u2013 \u0141\u00f3dzkie<br \/>\n11 \u2013 Lubelskie<br \/>\n12 \u2013 Opolskie<br \/>\n13 \u2013 \u015al\u0105skie<br \/>\n14 \u2013 \u015awi\u0119tokrzyskie<br \/>\n15 \u2013 Ma\u0142opolskie<br \/>\n16 \u2013 Podkarpackie<\/p>\n<p>16 Wojew\u00f3dztw (region administracyjne)<br \/>\n308 Powiat\u00f3w<br \/>\n65 miast o statusie powiatowym<br \/>\n2489 gmin<\/p>\n<p>Po wprowadzeniu reformy administracyjnej 1 stycznia 1999 roku, liczba wojew\u00f3dztw zosta\u0142a zmniejszona z 49 do 16, przy okazji wprowadzono na nowo 35 powiat\u00f3w. Najmniejsz\u0105 jednostk\u0105 administracyjn\u0105 jest ko\u015bci\u00f3\u0142.<\/p>\n","protected":false},"excerpt":{"rendered":"<p>1 \u2013 Zachodniopomorskie 2 \u2013 Pomorskie 3 \u2013 Warmi\u0144sko-Mazurskie 4 \u2013 Lubuskie 5 \u2013 Wielkopolskie 6 \u2013 Kujawsko-Pomorskie 7 \u2013..<\/p>\n<div class=\"clear\"><\/div><a class=\"more-link\" href=\"https:\/\/hlb-poland.global\/pl\/fakty-w-skrocie\/wojewodztwa\/\"> Dowiedz si\u0119 wi\u0119cej <\/a>","protected":false},"author":3,"featured_media":0,"parent":1896,"menu_order":0,"comment_status":"closed","ping_status":"closed","template":"","meta":{"_acf_changed":false,"footnotes":""},"class_list":["post-1903","page","type-page","status-publish","hentry"],"acf":[],"yoast_head":"<!-- This site is optimized with the Yoast SEO plugin v27.2 - https:\/\/yoast.com\/product\/yoast-seo-wordpress\/ -->\n<title>Wojew\u00f3dztwa w Polsce | HLB Poland<\/title>\n<meta name=\"description\" content=\"Prowincje (wojew\u00f3dztwa) Polski i wszystkie miasta licz\u0105ce ponad 20000 mieszka\u0144c\u00f3w. 1 \u2013 Zachodniopomorskie. 2 \u2013 Pomorskie...\" \/>\n<meta name=\"robots\" content=\"index, follow, max-snippet:-1, max-image-preview:large, max-video-preview:-1\" \/>\n<link rel=\"canonical\" href=\"https:\/\/hlb-poland.global\/pl\/fakty-w-skrocie\/wojewodztwa\/\" \/>\n<meta property=\"og:locale\" content=\"pl_PL\" \/>\n<meta property=\"og:type\" content=\"article\" \/>\n<meta property=\"og:title\" content=\"Wojew\u00f3dztwa w Polsce | HLB Poland\" \/>\n<meta property=\"og:description\" content=\"Prowincje (wojew\u00f3dztwa) Polski i wszystkie miasta licz\u0105ce ponad 20000 mieszka\u0144c\u00f3w. 1 \u2013 Zachodniopomorskie. 2 \u2013 Pomorskie...\" \/>\n<meta property=\"og:url\" content=\"https:\/\/hlb-poland.global\/pl\/fakty-w-skrocie\/wojewodztwa\/\" \/>\n<meta property=\"og:site_name\" content=\"HLB Poland\" \/>\n<meta property=\"article:publisher\" content=\"https:\/\/www.facebook.com\/HLBPoland\" \/>\n<meta property=\"article:modified_time\" content=\"2023-01-05T13:15:46+00:00\" \/>\n<meta property=\"og:image\" content=\"https:\/\/hlb-poland.global\/wp-content\/uploads\/2019\/01\/mapa-wojewodztwa.jpg\" \/>\n<meta name=\"twitter:card\" content=\"summary_large_image\" \/>\n<script type=\"application\/ld+json\" class=\"yoast-schema-graph\">{\"@context\":\"https:\/\/schema.org\",\"@graph\":[{\"@type\":\"WebPage\",\"@id\":\"https:\/\/hlb-poland.global\/pl\/fakty-w-skrocie\/wojewodztwa\/\",\"url\":\"https:\/\/hlb-poland.global\/pl\/fakty-w-skrocie\/wojewodztwa\/\",\"name\":\"Wojew\u00f3dztwa w Polsce | HLB Poland\",\"isPartOf\":{\"@id\":\"https:\/\/hlb-poland.global\/#website\"},\"primaryImageOfPage\":{\"@id\":\"https:\/\/hlb-poland.global\/pl\/fakty-w-skrocie\/wojewodztwa\/#primaryimage\"},\"image\":{\"@id\":\"https:\/\/hlb-poland.global\/pl\/fakty-w-skrocie\/wojewodztwa\/#primaryimage\"},\"thumbnailUrl\":\"https:\/\/hlb-poland.global\/wp-content\/uploads\/2019\/01\/mapa-wojewodztwa.jpg\",\"datePublished\":\"2018-12-11T13:22:33+00:00\",\"dateModified\":\"2023-01-05T13:15:46+00:00\",\"description\":\"Prowincje (wojew\u00f3dztwa) Polski i wszystkie miasta licz\u0105ce ponad 20000 mieszka\u0144c\u00f3w. 1 \u2013 Zachodniopomorskie. 2 \u2013 Pomorskie...\",\"breadcrumb\":{\"@id\":\"https:\/\/hlb-poland.global\/pl\/fakty-w-skrocie\/wojewodztwa\/#breadcrumb\"},\"inLanguage\":\"pl-PL\",\"potentialAction\":[{\"@type\":\"ReadAction\",\"target\":[\"https:\/\/hlb-poland.global\/pl\/fakty-w-skrocie\/wojewodztwa\/\"]}]},{\"@type\":\"ImageObject\",\"inLanguage\":\"pl-PL\",\"@id\":\"https:\/\/hlb-poland.global\/pl\/fakty-w-skrocie\/wojewodztwa\/#primaryimage\",\"url\":\"https:\/\/hlb-poland.global\/wp-content\/uploads\/2019\/01\/mapa-wojewodztwa.jpg\",\"contentUrl\":\"https:\/\/hlb-poland.global\/wp-content\/uploads\/2019\/01\/mapa-wojewodztwa.jpg\"},{\"@type\":\"BreadcrumbList\",\"@id\":\"https:\/\/hlb-poland.global\/pl\/fakty-w-skrocie\/wojewodztwa\/#breadcrumb\",\"itemListElement\":[{\"@type\":\"ListItem\",\"position\":1,\"name\":\"Strona g\u0142\u00f3wna\",\"item\":\"https:\/\/hlb-poland.global\/pl\/\"},{\"@type\":\"ListItem\",\"position\":2,\"name\":\"Fakty o Polsce w skr\u00f3cie\",\"item\":\"https:\/\/hlb-poland.global\/pl\/fakty-w-skrocie\/\"},{\"@type\":\"ListItem\",\"position\":3,\"name\":\"Wojew\u00f3dztwa w Polsce\"}]},{\"@type\":\"WebSite\",\"@id\":\"https:\/\/hlb-poland.global\/#website\",\"url\":\"https:\/\/hlb-poland.global\/\",\"name\":\"HLB Poland\",\"description\":\"Advisory and accounting\",\"publisher\":{\"@id\":\"https:\/\/hlb-poland.global\/#organization\"},\"potentialAction\":[{\"@type\":\"SearchAction\",\"target\":{\"@type\":\"EntryPoint\",\"urlTemplate\":\"https:\/\/hlb-poland.global\/?s={search_term_string}\"},\"query-input\":{\"@type\":\"PropertyValueSpecification\",\"valueRequired\":true,\"valueName\":\"search_term_string\"}}],\"inLanguage\":\"pl-PL\"},{\"@type\":\"Organization\",\"@id\":\"https:\/\/hlb-poland.global\/#organization\",\"name\":\"HLB Poland\",\"url\":\"https:\/\/hlb-poland.global\/\",\"logo\":{\"@type\":\"ImageObject\",\"inLanguage\":\"pl-PL\",\"@id\":\"https:\/\/hlb-poland.global\/#\/schema\/logo\/image\/\",\"url\":\"https:\/\/hlb-poland.global\/wp-content\/uploads\/2025\/12\/hlb-poland-og-image.png\",\"contentUrl\":\"https:\/\/hlb-poland.global\/wp-content\/uploads\/2025\/12\/hlb-poland-og-image.png\",\"width\":1200,\"height\":630,\"caption\":\"HLB Poland\"},\"image\":{\"@id\":\"https:\/\/hlb-poland.global\/#\/schema\/logo\/image\/\"},\"sameAs\":[\"https:\/\/www.facebook.com\/HLBPoland\",\"https:\/\/www.linkedin.com\/company\/hlb-poland\"]}]}<\/script>\n<!-- \/ Yoast SEO plugin. -->","yoast_head_json":{"title":"Wojew\u00f3dztwa w Polsce | HLB Poland","description":"Prowincje (wojew\u00f3dztwa) Polski i wszystkie miasta licz\u0105ce ponad 20000 mieszka\u0144c\u00f3w. 1 \u2013 Zachodniopomorskie. 2 \u2013 Pomorskie...","robots":{"index":"index","follow":"follow","max-snippet":"max-snippet:-1","max-image-preview":"max-image-preview:large","max-video-preview":"max-video-preview:-1"},"canonical":"https:\/\/hlb-poland.global\/pl\/fakty-w-skrocie\/wojewodztwa\/","og_locale":"pl_PL","og_type":"article","og_title":"Wojew\u00f3dztwa w Polsce | HLB Poland","og_description":"Prowincje (wojew\u00f3dztwa) Polski i wszystkie miasta licz\u0105ce ponad 20000 mieszka\u0144c\u00f3w. 1 \u2013 Zachodniopomorskie. 2 \u2013 Pomorskie...","og_url":"https:\/\/hlb-poland.global\/pl\/fakty-w-skrocie\/wojewodztwa\/","og_site_name":"HLB Poland","article_publisher":"https:\/\/www.facebook.com\/HLBPoland","article_modified_time":"2023-01-05T13:15:46+00:00","og_image":[{"url":"https:\/\/hlb-poland.global\/wp-content\/uploads\/2019\/01\/mapa-wojewodztwa.jpg","type":"","width":"","height":""}],"twitter_card":"summary_large_image","schema":{"@context":"https:\/\/schema.org","@graph":[{"@type":"WebPage","@id":"https:\/\/hlb-poland.global\/pl\/fakty-w-skrocie\/wojewodztwa\/","url":"https:\/\/hlb-poland.global\/pl\/fakty-w-skrocie\/wojewodztwa\/","name":"Wojew\u00f3dztwa w Polsce | HLB Poland","isPartOf":{"@id":"https:\/\/hlb-poland.global\/#website"},"primaryImageOfPage":{"@id":"https:\/\/hlb-poland.global\/pl\/fakty-w-skrocie\/wojewodztwa\/#primaryimage"},"image":{"@id":"https:\/\/hlb-poland.global\/pl\/fakty-w-skrocie\/wojewodztwa\/#primaryimage"},"thumbnailUrl":"https:\/\/hlb-poland.global\/wp-content\/uploads\/2019\/01\/mapa-wojewodztwa.jpg","datePublished":"2018-12-11T13:22:33+00:00","dateModified":"2023-01-05T13:15:46+00:00","description":"Prowincje (wojew\u00f3dztwa) Polski i wszystkie miasta licz\u0105ce ponad 20000 mieszka\u0144c\u00f3w. 1 \u2013 Zachodniopomorskie. 2 \u2013 Pomorskie...","breadcrumb":{"@id":"https:\/\/hlb-poland.global\/pl\/fakty-w-skrocie\/wojewodztwa\/#breadcrumb"},"inLanguage":"pl-PL","potentialAction":[{"@type":"ReadAction","target":["https:\/\/hlb-poland.global\/pl\/fakty-w-skrocie\/wojewodztwa\/"]}]},{"@type":"ImageObject","inLanguage":"pl-PL","@id":"https:\/\/hlb-poland.global\/pl\/fakty-w-skrocie\/wojewodztwa\/#primaryimage","url":"https:\/\/hlb-poland.global\/wp-content\/uploads\/2019\/01\/mapa-wojewodztwa.jpg","contentUrl":"https:\/\/hlb-poland.global\/wp-content\/uploads\/2019\/01\/mapa-wojewodztwa.jpg"},{"@type":"BreadcrumbList","@id":"https:\/\/hlb-poland.global\/pl\/fakty-w-skrocie\/wojewodztwa\/#breadcrumb","itemListElement":[{"@type":"ListItem","position":1,"name":"Strona g\u0142\u00f3wna","item":"https:\/\/hlb-poland.global\/pl\/"},{"@type":"ListItem","position":2,"name":"Fakty o Polsce w skr\u00f3cie","item":"https:\/\/hlb-poland.global\/pl\/fakty-w-skrocie\/"},{"@type":"ListItem","position":3,"name":"Wojew\u00f3dztwa w Polsce"}]},{"@type":"WebSite","@id":"https:\/\/hlb-poland.global\/#website","url":"https:\/\/hlb-poland.global\/","name":"HLB Poland","description":"Advisory and accounting","publisher":{"@id":"https:\/\/hlb-poland.global\/#organization"},"potentialAction":[{"@type":"SearchAction","target":{"@type":"EntryPoint","urlTemplate":"https:\/\/hlb-poland.global\/?s={search_term_string}"},"query-input":{"@type":"PropertyValueSpecification","valueRequired":true,"valueName":"search_term_string"}}],"inLanguage":"pl-PL"},{"@type":"Organization","@id":"https:\/\/hlb-poland.global\/#organization","name":"HLB Poland","url":"https:\/\/hlb-poland.global\/","logo":{"@type":"ImageObject","inLanguage":"pl-PL","@id":"https:\/\/hlb-poland.global\/#\/schema\/logo\/image\/","url":"https:\/\/hlb-poland.global\/wp-content\/uploads\/2025\/12\/hlb-poland-og-image.png","contentUrl":"https:\/\/hlb-poland.global\/wp-content\/uploads\/2025\/12\/hlb-poland-og-image.png","width":1200,"height":630,"caption":"HLB Poland"},"image":{"@id":"https:\/\/hlb-poland.global\/#\/schema\/logo\/image\/"},"sameAs":["https:\/\/www.facebook.com\/HLBPoland","https:\/\/www.linkedin.com\/company\/hlb-poland"]}]}},"_links":{"self":[{"href":"https:\/\/hlb-poland.global\/pl\/wp-json\/wp\/v2\/pages\/1903","targetHints":{"allow":["GET"]}}],"collection":[{"href":"https:\/\/hlb-poland.global\/pl\/wp-json\/wp\/v2\/pages"}],"about":[{"href":"https:\/\/hlb-poland.global\/pl\/wp-json\/wp\/v2\/types\/page"}],"author":[{"embeddable":true,"href":"https:\/\/hlb-poland.global\/pl\/wp-json\/wp\/v2\/users\/3"}],"replies":[{"embeddable":true,"href":"https:\/\/hlb-poland.global\/pl\/wp-json\/wp\/v2\/comments?post=1903"}],"version-history":[{"count":7,"href":"https:\/\/hlb-poland.global\/pl\/wp-json\/wp\/v2\/pages\/1903\/revisions"}],"predecessor-version":[{"id":11674,"href":"https:\/\/hlb-poland.global\/pl\/wp-json\/wp\/v2\/pages\/1903\/revisions\/11674"}],"up":[{"embeddable":true,"href":"https:\/\/hlb-poland.global\/pl\/wp-json\/wp\/v2\/pages\/1896"}],"wp:attachment":[{"href":"https:\/\/hlb-poland.global\/pl\/wp-json\/wp\/v2\/media?parent=1903"}],"curies":[{"name":"wp","href":"https:\/\/api.w.org\/{rel}","templated":true}]}}