
{"id":1905,"date":"2018-12-12T11:28:57","date_gmt":"2018-12-12T10:28:57","guid":{"rendered":"http:\/\/hlb-poland.global\/?page_id=1905"},"modified":"2022-10-10T10:11:53","modified_gmt":"2022-10-10T09:11:53","slug":"finanse-i-ksiegowosc","status":"publish","type":"page","link":"https:\/\/hlb-poland.global\/pl\/uslugi\/finanse-i-ksiegowosc\/","title":{"rendered":"Finanse i ksi\u0119gowo\u015b\u0107"},"content":{"rendered":"<h3>HLB Poland zdejmie z Pa\u0144stwa napi\u0119cie zwi\u0105zane z codziennymi czynno\u015bciami sprawozdawczo\u015bci finansowej dzi\u0119ki pe\u0142nej us\u0142udze outsourcingu ksi\u0119gowo\u015bci transakcyjnej:<\/h3>\n<ul>\n<li>Obs\u0142ugujemy wszystkie Pa\u0144stwa transakcje zwi\u0105zane ze zobowi\u0105zaniami, od przetwarzania rachunk\u00f3w, poprzez uzgadnianie zam\u00f3wie\u0144, do wypisywania czek\u00f3w;<\/li>\n<li>Zarz\u0105dzamy Pa\u0144stwa nale\u017cno\u015bciami, aby zapewni\u0107 terminowe i dok\u0142adne przetwarzanie p\u0142atno\u015bci, szybk\u0105 identyfikacj\u0119 nieuregulowanych sald oraz wyja\u015bnienie rozbie\u017cno\u015bci;<\/li>\n<li>Upewniamy si\u0119, czy pozosta\u0142e transakcje, np. p\u0142ace, depozyty bankowe, itp. s\u0105 ksi\u0119gowane dok\u0142adnie i terminowo;<\/li>\n<li>I wreszcie \u2013 maj\u0105 Pa\u0144stwo zaufanego partnera, kt\u00f3ry potrafi dopilnowa\u0107, aby wszystkie transakcje przebiega\u0142y zgodnie z polityk\u0105, procedurami i standardami rachunkowo\u015bci, dzi\u0119ki czemu zyskuj\u0105 Pa\u0144stwo wywiad gospodarczy, kt\u00f3ry przynosi zwi\u0119kszenie zysk\u00f3w.<\/li>\n<\/ul>\n<hr \/>\n<h3>Wyb\u00f3r poziomu us\u0142ug i specjalist\u00f3w dopasowany do Pa\u0144stwa potrzeb<\/h3>\n<p><span style=\"font-weight: bold;\">HLB Poland<\/span> jest w stanie zapewni\u0107 Pa\u0144stwa firmie specjalist\u00f3w finansowych z do\u015bwiadczeniem i wiedz\u0105 bran\u017cow\u0105, w tym ksi\u0119gowych, bieg\u0142ych rewident\u00f3w, kontroler\u00f3w, specjalist\u00f3w podatkowych, a nawet dyrektor\u00f3w finansowych. Bez wzgl\u0119du na wielko\u015b\u0107 Pa\u0144stwa firmy mo\u017cemy stworzy\u0107 spersonalizowany zestaw us\u0142ug, a wszystko to przy ni\u017cszym koszcie ni\u017c w przypadku personelu ksi\u0119gowego w pe\u0142nym wymiarze godzin.<\/p>\n<hr \/>\n<h3>Najlepsze praktyki outsourcingu ksi\u0119gowo\u015bci HLB Poland usprawniaj\u0105 i ulepszaj\u0105 Pa\u0144stwa operacje<\/h3>\n<p>Nasze standardy i praktyki sprawiaj\u0105, \u017ce Pa\u0144stwa comiesi\u0119czne sprawozdania finansowe s\u0105 przetwarzane terminowo i dok\u0142adne, a wymagania regulacyjne s\u0105 przestrzegane.<\/p>\n<ul>\n<li>Regularna rewizja informacji ksi\u0119gowych pod k\u0105tem zgodno\u015bci w oparciu o potrzeby Pa\u0144stwa dzia\u0142alno\u015bci, w tym rewizja ewidencji podatkowej, zaliczek i depozyt\u00f3w na wyp\u0142aty oraz wymaga\u0144, ewidencji i op\u0142at dotycz\u0105cych sprawozda\u0144 finansowych;<\/li>\n<li>Wszystkie polityki i procedury Pa\u0144stwa firmy s\u0105 udokumentowane w szczeg\u00f3\u0142owej instrukcji post\u0119powania klienta, a wszyscy nasi pracownicy przestrzegaj\u0105 tych samych zasad i proces\u00f3w ksi\u0119gowych;<\/li>\n<li>Sprawozdania s\u0105 dost\u0119pne w czasie rzeczywistym i s\u0105 zgodne z Pa\u0144stwa wszystkimi potrzebami;<\/li>\n<li>Do nadzoru Pa\u0144stwa rachunku b\u0119d\u0105 przydzieleni ksi\u0119gowy i kontroler;<\/li>\n<li>Ksi\u0119gi s\u0105 zamykane przez bieg\u0142ych rewident\u00f3w, a sprawozdania finansowe s\u0105 publikowane co miesi\u0105c.<\/li>\n<\/ul>\n<p>Reasumuj\u0105c: us\u0142uga outsourcingu ksi\u0119gowo\u015bci <span style=\"font-weight: bold;\">HLB Poland<\/span> to sprawdzony i op\u0142acalny spos\u00f3b na zwolnienie Pa\u0144stwa zasob\u00f3w w celu skupienia ich na tym, co robi\u0105 Pa\u0144stwo najlepiej, czyli rozwoju dzia\u0142alno\u015bci. Gdy wezm\u0105 Pa\u0144stwo pod uwag\u0119 wynagrodzenia, podatki od wynagrodze\u0144, ubezpieczenia medyczne, p\u0142atne urlopy i inne \u015bwiadczenia, kt\u00f3rymi zajmuje si\u0119 ksi\u0119gowy lub dzia\u0142 ksi\u0119gowo\u015bci na miejscu, mo\u017cna zobaczy\u0107, dlaczego outsourcing ksi\u0119gowo\u015bci i sprawozdawczo\u015bci finansowej sta\u0142 si\u0119 tak korzystny finansowo dla ma\u0142ych i \u015brednich przedsi\u0119biorstw.<\/p>\n<ul>\n<li>Sprawozdania s\u0105 dost\u0119pne w czasie rzeczywistym i s\u0105 zgodne z Pa\u0144stwa wszystkimi potrzebami;<\/li>\n<li>Hostujemy szeroko stosowane i popularne aplikacje takie jak Microsoft Dynamics NAV;<\/li>\n<li>Dzi\u0119ki naszemu najnowocze\u015bniejszemu i bezpiecznemu centrum danych, Pa\u0144stwa istotne dane b\u0119d\u0105 zawsze bezpieczne;<\/li>\n<li>Zdejmiemy z Pa\u0144stwa bol\u0105czki zwi\u0105zane z zarz\u0105dzaniem finansowym, a jednocze\u015bnie nie strac\u0105 Pa\u0144stwo nad nim kontroli;<\/li>\n<li>A wszystko to za zaskakuj\u0105co nisk\u0105 sta\u0142\u0105 miesi\u0119czn\u0105 op\u0142at\u0119.<\/li>\n<\/ul>\n<hr \/>\n<div class=\"row\">\n<div class=\"col-6\">\n<h3>Nasze us\u0142ugi w zakresie rachunkowo\u015bci finansowej obejmuj\u0105:<\/h3>\n<p>Rozwi\u0105zanie finansowo-ksi\u0119gowe <span style=\"font-weight: bold;\">HLB Poland<\/span> to kompleksowy pakiet dla organizacji, pozwalaj\u0105cy zarz\u0105dza\u0107 zwrotami z inwestycji oraz wdra\u017ca\u0107 i maksymalizowa\u0107 je w stosunku do zasob\u00f3w finansowych.<\/p>\n<p>Oferta ta daje klientom mo\u017cliwo\u015b\u0107 zwi\u0119kszenia widoczno\u015b\u0107 metryk finansowych i skuteczno\u015bci zarz\u0105dzania finansami i ksi\u0119gowo\u015bci\u0105 w ca\u0142ej organizacji.<\/p>\n<p>Rozwi\u0105zanie finansowo <span style=\"font-weight: bold;\">HLB Poland<\/span> pozwala naszym klientom uzyska\u0107 kluczowe informacje w odpowiednim czasie i mie\u0107 krytyczny wgl\u0105d w wyniki organizacji za po\u015brednictwem wykres\u00f3w.<\/p>\n<\/div>\n<div class=\"col-6\"><img loading=\"lazy\" decoding=\"async\" class=\"img-fluid\" src=\"https:\/\/hlb-poland.global\/wp-content\/uploads\/2018\/09\/getsix-accounting-financial-solutions.jpg\" alt=\"getsix Accounting Financial solutions\" width=\"670\" height=\"384\" \/><\/div>\n<\/div>\n","protected":false},"excerpt":{"rendered":"<p>HLB Poland zdejmie z Pa\u0144stwa napi\u0119cie zwi\u0105zane z codziennymi czynno\u015bciami sprawozdawczo\u015bci finansowej dzi\u0119ki pe\u0142nej us\u0142udze outsourcingu ksi\u0119gowo\u015bci transakcyjnej: Obs\u0142ugujemy wszystkie..<\/p>\n<div class=\"clear\"><\/div><a class=\"more-link\" href=\"https:\/\/hlb-poland.global\/pl\/uslugi\/finanse-i-ksiegowosc\/\"> Dowiedz si\u0119 wi\u0119cej <\/a>","protected":false},"author":3,"featured_media":0,"parent":1847,"menu_order":0,"comment_status":"closed","ping_status":"closed","template":"","meta":{"_acf_changed":false,"footnotes":""},"class_list":["post-1905","page","type-page","status-publish","hentry"],"acf":[],"yoast_head":"<!-- This site is optimized with the Yoast SEO plugin v27.2 - https:\/\/yoast.com\/product\/yoast-seo-wordpress\/ -->\n<title>Finanse i ksi\u0119gowo\u015b\u0107 | HLB Poland<\/title>\n<meta name=\"description\" content=\"Pa\u0144stwa firma zas\u0142uguje na tak samo wysok\u0105 jako\u015b\u0107 sprawozdawczo\u015bci ksi\u0119gowej i finansowej jak firmy Fortune 500 za niewielk\u0105 op\u0142at\u0119...\" \/>\n<meta name=\"robots\" content=\"index, follow, max-snippet:-1, max-image-preview:large, max-video-preview:-1\" \/>\n<link rel=\"canonical\" href=\"https:\/\/hlb-poland.global\/pl\/uslugi\/finanse-i-ksiegowosc\/\" \/>\n<meta property=\"og:locale\" content=\"pl_PL\" \/>\n<meta property=\"og:type\" content=\"article\" \/>\n<meta property=\"og:title\" content=\"Finanse i ksi\u0119gowo\u015b\u0107 | HLB Poland\" \/>\n<meta property=\"og:description\" content=\"Pa\u0144stwa firma zas\u0142uguje na tak samo wysok\u0105 jako\u015b\u0107 sprawozdawczo\u015bci ksi\u0119gowej i finansowej jak firmy Fortune 500 za niewielk\u0105 op\u0142at\u0119...\" \/>\n<meta property=\"og:url\" content=\"https:\/\/hlb-poland.global\/pl\/uslugi\/finanse-i-ksiegowosc\/\" \/>\n<meta property=\"og:site_name\" content=\"HLB Poland\" \/>\n<meta property=\"article:publisher\" content=\"https:\/\/www.facebook.com\/HLBPoland\" \/>\n<meta property=\"article:modified_time\" content=\"2022-10-10T09:11:53+00:00\" \/>\n<meta property=\"og:image\" content=\"https:\/\/hlb-poland.global\/wp-content\/uploads\/2018\/09\/getsix-accounting-financial-solutions.jpg\" \/>\n<meta name=\"twitter:card\" content=\"summary_large_image\" \/>\n<meta name=\"twitter:label1\" content=\"Szacowany czas czytania\" \/>\n\t<meta name=\"twitter:data1\" content=\"3 minuty\" \/>\n<script type=\"application\/ld+json\" class=\"yoast-schema-graph\">{\"@context\":\"https:\/\/schema.org\",\"@graph\":[{\"@type\":\"WebPage\",\"@id\":\"https:\/\/hlb-poland.global\/pl\/uslugi\/finanse-i-ksiegowosc\/\",\"url\":\"https:\/\/hlb-poland.global\/pl\/uslugi\/finanse-i-ksiegowosc\/\",\"name\":\"Finanse i ksi\u0119gowo\u015b\u0107 | HLB Poland\",\"isPartOf\":{\"@id\":\"https:\/\/hlb-poland.global\/#website\"},\"primaryImageOfPage\":{\"@id\":\"https:\/\/hlb-poland.global\/pl\/uslugi\/finanse-i-ksiegowosc\/#primaryimage\"},\"image\":{\"@id\":\"https:\/\/hlb-poland.global\/pl\/uslugi\/finanse-i-ksiegowosc\/#primaryimage\"},\"thumbnailUrl\":\"https:\/\/hlb-poland.global\/wp-content\/uploads\/2018\/09\/getsix-accounting-financial-solutions.jpg\",\"datePublished\":\"2018-12-12T10:28:57+00:00\",\"dateModified\":\"2022-10-10T09:11:53+00:00\",\"description\":\"Pa\u0144stwa firma zas\u0142uguje na tak samo wysok\u0105 jako\u015b\u0107 sprawozdawczo\u015bci ksi\u0119gowej i finansowej jak firmy Fortune 500 za niewielk\u0105 op\u0142at\u0119...\",\"breadcrumb\":{\"@id\":\"https:\/\/hlb-poland.global\/pl\/uslugi\/finanse-i-ksiegowosc\/#breadcrumb\"},\"inLanguage\":\"pl-PL\",\"potentialAction\":[{\"@type\":\"ReadAction\",\"target\":[\"https:\/\/hlb-poland.global\/pl\/uslugi\/finanse-i-ksiegowosc\/\"]}]},{\"@type\":\"ImageObject\",\"inLanguage\":\"pl-PL\",\"@id\":\"https:\/\/hlb-poland.global\/pl\/uslugi\/finanse-i-ksiegowosc\/#primaryimage\",\"url\":\"https:\/\/hlb-poland.global\/wp-content\/uploads\/2018\/09\/getsix-accounting-financial-solutions.jpg\",\"contentUrl\":\"https:\/\/hlb-poland.global\/wp-content\/uploads\/2018\/09\/getsix-accounting-financial-solutions.jpg\"},{\"@type\":\"BreadcrumbList\",\"@id\":\"https:\/\/hlb-poland.global\/pl\/uslugi\/finanse-i-ksiegowosc\/#breadcrumb\",\"itemListElement\":[{\"@type\":\"ListItem\",\"position\":1,\"name\":\"Strona g\u0142\u00f3wna\",\"item\":\"https:\/\/hlb-poland.global\/pl\/\"},{\"@type\":\"ListItem\",\"position\":2,\"name\":\"Us\u0142ugi \u015bwiadczone przez HLB Poland\",\"item\":\"https:\/\/hlb-poland.global\/pl\/uslugi\/\"},{\"@type\":\"ListItem\",\"position\":3,\"name\":\"Finanse i ksi\u0119gowo\u015b\u0107\"}]},{\"@type\":\"WebSite\",\"@id\":\"https:\/\/hlb-poland.global\/#website\",\"url\":\"https:\/\/hlb-poland.global\/\",\"name\":\"HLB Poland\",\"description\":\"Advisory and accounting\",\"publisher\":{\"@id\":\"https:\/\/hlb-poland.global\/#organization\"},\"potentialAction\":[{\"@type\":\"SearchAction\",\"target\":{\"@type\":\"EntryPoint\",\"urlTemplate\":\"https:\/\/hlb-poland.global\/?s={search_term_string}\"},\"query-input\":{\"@type\":\"PropertyValueSpecification\",\"valueRequired\":true,\"valueName\":\"search_term_string\"}}],\"inLanguage\":\"pl-PL\"},{\"@type\":\"Organization\",\"@id\":\"https:\/\/hlb-poland.global\/#organization\",\"name\":\"HLB Poland\",\"url\":\"https:\/\/hlb-poland.global\/\",\"logo\":{\"@type\":\"ImageObject\",\"inLanguage\":\"pl-PL\",\"@id\":\"https:\/\/hlb-poland.global\/#\/schema\/logo\/image\/\",\"url\":\"https:\/\/hlb-poland.global\/wp-content\/uploads\/2025\/12\/hlb-poland-og-image.png\",\"contentUrl\":\"https:\/\/hlb-poland.global\/wp-content\/uploads\/2025\/12\/hlb-poland-og-image.png\",\"width\":1200,\"height\":630,\"caption\":\"HLB Poland\"},\"image\":{\"@id\":\"https:\/\/hlb-poland.global\/#\/schema\/logo\/image\/\"},\"sameAs\":[\"https:\/\/www.facebook.com\/HLBPoland\",\"https:\/\/www.linkedin.com\/company\/hlb-poland\"]}]}<\/script>\n<!-- \/ Yoast SEO plugin. -->","yoast_head_json":{"title":"Finanse i ksi\u0119gowo\u015b\u0107 | HLB Poland","description":"Pa\u0144stwa firma zas\u0142uguje na tak samo wysok\u0105 jako\u015b\u0107 sprawozdawczo\u015bci ksi\u0119gowej i finansowej jak firmy Fortune 500 za niewielk\u0105 op\u0142at\u0119...","robots":{"index":"index","follow":"follow","max-snippet":"max-snippet:-1","max-image-preview":"max-image-preview:large","max-video-preview":"max-video-preview:-1"},"canonical":"https:\/\/hlb-poland.global\/pl\/uslugi\/finanse-i-ksiegowosc\/","og_locale":"pl_PL","og_type":"article","og_title":"Finanse i ksi\u0119gowo\u015b\u0107 | HLB Poland","og_description":"Pa\u0144stwa firma zas\u0142uguje na tak samo wysok\u0105 jako\u015b\u0107 sprawozdawczo\u015bci ksi\u0119gowej i finansowej jak firmy Fortune 500 za niewielk\u0105 op\u0142at\u0119...","og_url":"https:\/\/hlb-poland.global\/pl\/uslugi\/finanse-i-ksiegowosc\/","og_site_name":"HLB Poland","article_publisher":"https:\/\/www.facebook.com\/HLBPoland","article_modified_time":"2022-10-10T09:11:53+00:00","og_image":[{"url":"https:\/\/hlb-poland.global\/wp-content\/uploads\/2018\/09\/getsix-accounting-financial-solutions.jpg","type":"","width":"","height":""}],"twitter_card":"summary_large_image","twitter_misc":{"Szacowany czas czytania":"3 minuty"},"schema":{"@context":"https:\/\/schema.org","@graph":[{"@type":"WebPage","@id":"https:\/\/hlb-poland.global\/pl\/uslugi\/finanse-i-ksiegowosc\/","url":"https:\/\/hlb-poland.global\/pl\/uslugi\/finanse-i-ksiegowosc\/","name":"Finanse i ksi\u0119gowo\u015b\u0107 | HLB Poland","isPartOf":{"@id":"https:\/\/hlb-poland.global\/#website"},"primaryImageOfPage":{"@id":"https:\/\/hlb-poland.global\/pl\/uslugi\/finanse-i-ksiegowosc\/#primaryimage"},"image":{"@id":"https:\/\/hlb-poland.global\/pl\/uslugi\/finanse-i-ksiegowosc\/#primaryimage"},"thumbnailUrl":"https:\/\/hlb-poland.global\/wp-content\/uploads\/2018\/09\/getsix-accounting-financial-solutions.jpg","datePublished":"2018-12-12T10:28:57+00:00","dateModified":"2022-10-10T09:11:53+00:00","description":"Pa\u0144stwa firma zas\u0142uguje na tak samo wysok\u0105 jako\u015b\u0107 sprawozdawczo\u015bci ksi\u0119gowej i finansowej jak firmy Fortune 500 za niewielk\u0105 op\u0142at\u0119...","breadcrumb":{"@id":"https:\/\/hlb-poland.global\/pl\/uslugi\/finanse-i-ksiegowosc\/#breadcrumb"},"inLanguage":"pl-PL","potentialAction":[{"@type":"ReadAction","target":["https:\/\/hlb-poland.global\/pl\/uslugi\/finanse-i-ksiegowosc\/"]}]},{"@type":"ImageObject","inLanguage":"pl-PL","@id":"https:\/\/hlb-poland.global\/pl\/uslugi\/finanse-i-ksiegowosc\/#primaryimage","url":"https:\/\/hlb-poland.global\/wp-content\/uploads\/2018\/09\/getsix-accounting-financial-solutions.jpg","contentUrl":"https:\/\/hlb-poland.global\/wp-content\/uploads\/2018\/09\/getsix-accounting-financial-solutions.jpg"},{"@type":"BreadcrumbList","@id":"https:\/\/hlb-poland.global\/pl\/uslugi\/finanse-i-ksiegowosc\/#breadcrumb","itemListElement":[{"@type":"ListItem","position":1,"name":"Strona g\u0142\u00f3wna","item":"https:\/\/hlb-poland.global\/pl\/"},{"@type":"ListItem","position":2,"name":"Us\u0142ugi \u015bwiadczone przez HLB Poland","item":"https:\/\/hlb-poland.global\/pl\/uslugi\/"},{"@type":"ListItem","position":3,"name":"Finanse i ksi\u0119gowo\u015b\u0107"}]},{"@type":"WebSite","@id":"https:\/\/hlb-poland.global\/#website","url":"https:\/\/hlb-poland.global\/","name":"HLB Poland","description":"Advisory and accounting","publisher":{"@id":"https:\/\/hlb-poland.global\/#organization"},"potentialAction":[{"@type":"SearchAction","target":{"@type":"EntryPoint","urlTemplate":"https:\/\/hlb-poland.global\/?s={search_term_string}"},"query-input":{"@type":"PropertyValueSpecification","valueRequired":true,"valueName":"search_term_string"}}],"inLanguage":"pl-PL"},{"@type":"Organization","@id":"https:\/\/hlb-poland.global\/#organization","name":"HLB Poland","url":"https:\/\/hlb-poland.global\/","logo":{"@type":"ImageObject","inLanguage":"pl-PL","@id":"https:\/\/hlb-poland.global\/#\/schema\/logo\/image\/","url":"https:\/\/hlb-poland.global\/wp-content\/uploads\/2025\/12\/hlb-poland-og-image.png","contentUrl":"https:\/\/hlb-poland.global\/wp-content\/uploads\/2025\/12\/hlb-poland-og-image.png","width":1200,"height":630,"caption":"HLB Poland"},"image":{"@id":"https:\/\/hlb-poland.global\/#\/schema\/logo\/image\/"},"sameAs":["https:\/\/www.facebook.com\/HLBPoland","https:\/\/www.linkedin.com\/company\/hlb-poland"]}]}},"_links":{"self":[{"href":"https:\/\/hlb-poland.global\/pl\/wp-json\/wp\/v2\/pages\/1905","targetHints":{"allow":["GET"]}}],"collection":[{"href":"https:\/\/hlb-poland.global\/pl\/wp-json\/wp\/v2\/pages"}],"about":[{"href":"https:\/\/hlb-poland.global\/pl\/wp-json\/wp\/v2\/types\/page"}],"author":[{"embeddable":true,"href":"https:\/\/hlb-poland.global\/pl\/wp-json\/wp\/v2\/users\/3"}],"replies":[{"embeddable":true,"href":"https:\/\/hlb-poland.global\/pl\/wp-json\/wp\/v2\/comments?post=1905"}],"version-history":[{"count":7,"href":"https:\/\/hlb-poland.global\/pl\/wp-json\/wp\/v2\/pages\/1905\/revisions"}],"predecessor-version":[{"id":11031,"href":"https:\/\/hlb-poland.global\/pl\/wp-json\/wp\/v2\/pages\/1905\/revisions\/11031"}],"up":[{"embeddable":true,"href":"https:\/\/hlb-poland.global\/pl\/wp-json\/wp\/v2\/pages\/1847"}],"wp:attachment":[{"href":"https:\/\/hlb-poland.global\/pl\/wp-json\/wp\/v2\/media?parent=1905"}],"curies":[{"name":"wp","href":"https:\/\/api.w.org\/{rel}","templated":true}]}}