
{"id":1907,"date":"2018-12-12T11:33:07","date_gmt":"2018-12-12T10:33:07","guid":{"rendered":"http:\/\/hlb-poland.global\/?page_id=1907"},"modified":"2024-12-19T14:32:22","modified_gmt":"2024-12-19T13:32:22","slug":"doradztwo","status":"publish","type":"page","link":"https:\/\/hlb-poland.global\/pl\/uslugi\/doradztwo\/","title":{"rendered":"Us\u0142ugi doradztwa biznesowego"},"content":{"rendered":"<h3>\u015awiadczenie us\u0142ug doradztwa przez bran\u017cowego specjalist\u0119 czyni ogromn\u0105 r\u00f3\u017cnic\u0119<\/h3>\n<p><span style=\"font-weight: bold;\">HLB Poland<\/span> \u015bwiadczy us\u0142ugi ksi\u0119gowe i p\u0142acowe, audytowe, podatkowe i prawne, doradztwa biznesowego, kompleksowej analizy ekonomiczno-finansowej, szkoleniowe, analityczne i wiele innych. Poniewa\u017c dostarczamy us\u0142ugi w pe\u0142nym zakresie, dajemy Pa\u0144stwu mo\u017cliwo\u015b\u0107 udzia\u0142u w naszych do\u015bwiadczeniach na tym polu. Naszym zdaniem ogromn\u0105 r\u00f3\u017cnic\u0119 sprawia to, czy jest si\u0119 specjalist\u0105, czy podstaw\u0105 do \u015bwiadczenia us\u0142ug doradztwa jest tylko wiedza teoretyczna, jak ma to miejsce w wielu przypadkach.<\/p>\n<hr \/>\n<h3>Do us\u0142ug \u015bwiadczonych przez firmy cz\u0142onkowskie HLB Poland nale\u017c\u0105:<\/h3>\n<ul>\n<li>pierwsze oferty publiczne;<\/li>\n<li>po\u0142\u0105czenia i podzia\u0142y oraz joint venture;<\/li>\n<li>kompleksowa analiza ekonomiczno-finansowa;<\/li>\n<li>pozyskiwanie \u015brodk\u00f3w;<\/li>\n<li>zarz\u0105dzanie ryzykiem;<\/li>\n<li>strukturyzacja dzia\u0142alno\u015bci gospodarczej;<\/li>\n<li>naprawa i likwidacja dzia\u0142alno\u015bci gospodarczej.<\/li>\n<\/ul>\n<p>Ka\u017cda umowa biznesowa przynosi ze sob\u0105 konkretny zestaw wyzwa\u0144, wymagaj\u0105cych specjalistycznej wiedzy i do\u015bwiadczenia. Firmy cz\u0142onkowskie HLB dostarczaj\u0105 klientom us\u0142ugi doradztwa finansowego i wsparcie w wielu r\u00f3\u017cnych kwestiach, w oparciu o zasoby, wiedz\u0119 i do\u015bwiadczenie z ca\u0142ego \u015bwiata.<\/p>\n","protected":false},"excerpt":{"rendered":"<p>\u015awiadczenie us\u0142ug doradztwa przez bran\u017cowego specjalist\u0119 czyni ogromn\u0105 r\u00f3\u017cnic\u0119 HLB Poland \u015bwiadczy us\u0142ugi ksi\u0119gowe i p\u0142acowe, audytowe, podatkowe i prawne,..<\/p>\n<div class=\"clear\"><\/div><a class=\"more-link\" href=\"https:\/\/hlb-poland.global\/pl\/uslugi\/doradztwo\/\"> Dowiedz si\u0119 wi\u0119cej <\/a>","protected":false},"author":3,"featured_media":0,"parent":1847,"menu_order":0,"comment_status":"closed","ping_status":"closed","template":"","meta":{"_acf_changed":false,"footnotes":""},"class_list":["post-1907","page","type-page","status-publish","hentry"],"acf":[],"yoast_head":"<!-- This site is optimized with the Yoast SEO plugin v27.2 - https:\/\/yoast.com\/product\/yoast-seo-wordpress\/ -->\n<title>Us\u0142ugi doradztwa biznesowego | HLB Poland<\/title>\n<meta name=\"description\" content=\"Doradcy HLB Poland b\u0119d\u0105 z Pa\u0144stwem blisko wsp\u00f3\u0142pracowa\u0107 w celu znalezienia w\u0142a\u015bciwego rozwi\u0105zania. Departament Doradztwa HLB Poland...\" \/>\n<meta name=\"robots\" content=\"index, follow, max-snippet:-1, max-image-preview:large, max-video-preview:-1\" \/>\n<link rel=\"canonical\" href=\"https:\/\/hlb-poland.global\/pl\/uslugi\/doradztwo\/\" \/>\n<meta property=\"og:locale\" content=\"pl_PL\" \/>\n<meta property=\"og:type\" content=\"article\" \/>\n<meta property=\"og:title\" content=\"Us\u0142ugi doradztwa biznesowego | HLB Poland\" \/>\n<meta property=\"og:description\" content=\"Doradcy HLB Poland b\u0119d\u0105 z Pa\u0144stwem blisko wsp\u00f3\u0142pracowa\u0107 w celu znalezienia w\u0142a\u015bciwego rozwi\u0105zania. Departament Doradztwa HLB Poland...\" \/>\n<meta property=\"og:url\" content=\"https:\/\/hlb-poland.global\/pl\/uslugi\/doradztwo\/\" \/>\n<meta property=\"og:site_name\" content=\"HLB Poland\" \/>\n<meta property=\"article:publisher\" content=\"https:\/\/www.facebook.com\/HLBPoland\" \/>\n<meta property=\"article:modified_time\" content=\"2024-12-19T13:32:22+00:00\" \/>\n<meta name=\"twitter:card\" content=\"summary_large_image\" \/>\n<meta name=\"twitter:label1\" content=\"Szacowany czas czytania\" \/>\n\t<meta name=\"twitter:data1\" content=\"1 minuta\" \/>\n<script type=\"application\/ld+json\" class=\"yoast-schema-graph\">{\"@context\":\"https:\/\/schema.org\",\"@graph\":[{\"@type\":\"WebPage\",\"@id\":\"https:\/\/hlb-poland.global\/pl\/uslugi\/doradztwo\/\",\"url\":\"https:\/\/hlb-poland.global\/pl\/uslugi\/doradztwo\/\",\"name\":\"Us\u0142ugi doradztwa biznesowego | HLB Poland\",\"isPartOf\":{\"@id\":\"https:\/\/hlb-poland.global\/#website\"},\"datePublished\":\"2018-12-12T10:33:07+00:00\",\"dateModified\":\"2024-12-19T13:32:22+00:00\",\"description\":\"Doradcy HLB Poland b\u0119d\u0105 z Pa\u0144stwem blisko wsp\u00f3\u0142pracowa\u0107 w celu znalezienia w\u0142a\u015bciwego rozwi\u0105zania. Departament Doradztwa HLB Poland...\",\"breadcrumb\":{\"@id\":\"https:\/\/hlb-poland.global\/pl\/uslugi\/doradztwo\/#breadcrumb\"},\"inLanguage\":\"pl-PL\",\"potentialAction\":[{\"@type\":\"ReadAction\",\"target\":[\"https:\/\/hlb-poland.global\/pl\/uslugi\/doradztwo\/\"]}]},{\"@type\":\"BreadcrumbList\",\"@id\":\"https:\/\/hlb-poland.global\/pl\/uslugi\/doradztwo\/#breadcrumb\",\"itemListElement\":[{\"@type\":\"ListItem\",\"position\":1,\"name\":\"Strona g\u0142\u00f3wna\",\"item\":\"https:\/\/hlb-poland.global\/pl\/\"},{\"@type\":\"ListItem\",\"position\":2,\"name\":\"Us\u0142ugi \u015bwiadczone przez HLB Poland\",\"item\":\"https:\/\/hlb-poland.global\/pl\/uslugi\/\"},{\"@type\":\"ListItem\",\"position\":3,\"name\":\"Us\u0142ugi doradztwa biznesowego\"}]},{\"@type\":\"WebSite\",\"@id\":\"https:\/\/hlb-poland.global\/#website\",\"url\":\"https:\/\/hlb-poland.global\/\",\"name\":\"HLB Poland\",\"description\":\"Advisory and accounting\",\"publisher\":{\"@id\":\"https:\/\/hlb-poland.global\/#organization\"},\"potentialAction\":[{\"@type\":\"SearchAction\",\"target\":{\"@type\":\"EntryPoint\",\"urlTemplate\":\"https:\/\/hlb-poland.global\/?s={search_term_string}\"},\"query-input\":{\"@type\":\"PropertyValueSpecification\",\"valueRequired\":true,\"valueName\":\"search_term_string\"}}],\"inLanguage\":\"pl-PL\"},{\"@type\":\"Organization\",\"@id\":\"https:\/\/hlb-poland.global\/#organization\",\"name\":\"HLB Poland\",\"url\":\"https:\/\/hlb-poland.global\/\",\"logo\":{\"@type\":\"ImageObject\",\"inLanguage\":\"pl-PL\",\"@id\":\"https:\/\/hlb-poland.global\/#\/schema\/logo\/image\/\",\"url\":\"https:\/\/hlb-poland.global\/wp-content\/uploads\/2025\/12\/hlb-poland-og-image.png\",\"contentUrl\":\"https:\/\/hlb-poland.global\/wp-content\/uploads\/2025\/12\/hlb-poland-og-image.png\",\"width\":1200,\"height\":630,\"caption\":\"HLB Poland\"},\"image\":{\"@id\":\"https:\/\/hlb-poland.global\/#\/schema\/logo\/image\/\"},\"sameAs\":[\"https:\/\/www.facebook.com\/HLBPoland\",\"https:\/\/www.linkedin.com\/company\/hlb-poland\"]}]}<\/script>\n<!-- \/ Yoast SEO plugin. -->","yoast_head_json":{"title":"Us\u0142ugi doradztwa biznesowego | HLB Poland","description":"Doradcy HLB Poland b\u0119d\u0105 z Pa\u0144stwem blisko wsp\u00f3\u0142pracowa\u0107 w celu znalezienia w\u0142a\u015bciwego rozwi\u0105zania. Departament Doradztwa HLB Poland...","robots":{"index":"index","follow":"follow","max-snippet":"max-snippet:-1","max-image-preview":"max-image-preview:large","max-video-preview":"max-video-preview:-1"},"canonical":"https:\/\/hlb-poland.global\/pl\/uslugi\/doradztwo\/","og_locale":"pl_PL","og_type":"article","og_title":"Us\u0142ugi doradztwa biznesowego | HLB Poland","og_description":"Doradcy HLB Poland b\u0119d\u0105 z Pa\u0144stwem blisko wsp\u00f3\u0142pracowa\u0107 w celu znalezienia w\u0142a\u015bciwego rozwi\u0105zania. Departament Doradztwa HLB Poland...","og_url":"https:\/\/hlb-poland.global\/pl\/uslugi\/doradztwo\/","og_site_name":"HLB Poland","article_publisher":"https:\/\/www.facebook.com\/HLBPoland","article_modified_time":"2024-12-19T13:32:22+00:00","twitter_card":"summary_large_image","twitter_misc":{"Szacowany czas czytania":"1 minuta"},"schema":{"@context":"https:\/\/schema.org","@graph":[{"@type":"WebPage","@id":"https:\/\/hlb-poland.global\/pl\/uslugi\/doradztwo\/","url":"https:\/\/hlb-poland.global\/pl\/uslugi\/doradztwo\/","name":"Us\u0142ugi doradztwa biznesowego | HLB Poland","isPartOf":{"@id":"https:\/\/hlb-poland.global\/#website"},"datePublished":"2018-12-12T10:33:07+00:00","dateModified":"2024-12-19T13:32:22+00:00","description":"Doradcy HLB Poland b\u0119d\u0105 z Pa\u0144stwem blisko wsp\u00f3\u0142pracowa\u0107 w celu znalezienia w\u0142a\u015bciwego rozwi\u0105zania. Departament Doradztwa HLB Poland...","breadcrumb":{"@id":"https:\/\/hlb-poland.global\/pl\/uslugi\/doradztwo\/#breadcrumb"},"inLanguage":"pl-PL","potentialAction":[{"@type":"ReadAction","target":["https:\/\/hlb-poland.global\/pl\/uslugi\/doradztwo\/"]}]},{"@type":"BreadcrumbList","@id":"https:\/\/hlb-poland.global\/pl\/uslugi\/doradztwo\/#breadcrumb","itemListElement":[{"@type":"ListItem","position":1,"name":"Strona g\u0142\u00f3wna","item":"https:\/\/hlb-poland.global\/pl\/"},{"@type":"ListItem","position":2,"name":"Us\u0142ugi \u015bwiadczone przez HLB Poland","item":"https:\/\/hlb-poland.global\/pl\/uslugi\/"},{"@type":"ListItem","position":3,"name":"Us\u0142ugi doradztwa biznesowego"}]},{"@type":"WebSite","@id":"https:\/\/hlb-poland.global\/#website","url":"https:\/\/hlb-poland.global\/","name":"HLB Poland","description":"Advisory and accounting","publisher":{"@id":"https:\/\/hlb-poland.global\/#organization"},"potentialAction":[{"@type":"SearchAction","target":{"@type":"EntryPoint","urlTemplate":"https:\/\/hlb-poland.global\/?s={search_term_string}"},"query-input":{"@type":"PropertyValueSpecification","valueRequired":true,"valueName":"search_term_string"}}],"inLanguage":"pl-PL"},{"@type":"Organization","@id":"https:\/\/hlb-poland.global\/#organization","name":"HLB Poland","url":"https:\/\/hlb-poland.global\/","logo":{"@type":"ImageObject","inLanguage":"pl-PL","@id":"https:\/\/hlb-poland.global\/#\/schema\/logo\/image\/","url":"https:\/\/hlb-poland.global\/wp-content\/uploads\/2025\/12\/hlb-poland-og-image.png","contentUrl":"https:\/\/hlb-poland.global\/wp-content\/uploads\/2025\/12\/hlb-poland-og-image.png","width":1200,"height":630,"caption":"HLB Poland"},"image":{"@id":"https:\/\/hlb-poland.global\/#\/schema\/logo\/image\/"},"sameAs":["https:\/\/www.facebook.com\/HLBPoland","https:\/\/www.linkedin.com\/company\/hlb-poland"]}]}},"_links":{"self":[{"href":"https:\/\/hlb-poland.global\/pl\/wp-json\/wp\/v2\/pages\/1907","targetHints":{"allow":["GET"]}}],"collection":[{"href":"https:\/\/hlb-poland.global\/pl\/wp-json\/wp\/v2\/pages"}],"about":[{"href":"https:\/\/hlb-poland.global\/pl\/wp-json\/wp\/v2\/types\/page"}],"author":[{"embeddable":true,"href":"https:\/\/hlb-poland.global\/pl\/wp-json\/wp\/v2\/users\/3"}],"replies":[{"embeddable":true,"href":"https:\/\/hlb-poland.global\/pl\/wp-json\/wp\/v2\/comments?post=1907"}],"version-history":[{"count":7,"href":"https:\/\/hlb-poland.global\/pl\/wp-json\/wp\/v2\/pages\/1907\/revisions"}],"predecessor-version":[{"id":16038,"href":"https:\/\/hlb-poland.global\/pl\/wp-json\/wp\/v2\/pages\/1907\/revisions\/16038"}],"up":[{"embeddable":true,"href":"https:\/\/hlb-poland.global\/pl\/wp-json\/wp\/v2\/pages\/1847"}],"wp:attachment":[{"href":"https:\/\/hlb-poland.global\/pl\/wp-json\/wp\/v2\/media?parent=1907"}],"curies":[{"name":"wp","href":"https:\/\/api.w.org\/{rel}","templated":true}]}}