
{"id":1909,"date":"2018-12-13T09:05:40","date_gmt":"2018-12-13T08:05:40","guid":{"rendered":"http:\/\/hlb-poland.global\/?page_id=1909"},"modified":"2022-12-27T14:14:46","modified_gmt":"2022-12-27T13:14:46","slug":"assurance","status":"publish","type":"page","link":"https:\/\/hlb-poland.global\/pl\/uslugi\/assurance\/","title":{"rendered":"Us\u0142ugi ubezpieczeniowe"},"content":{"rendered":"<p>Inwestor mo\u017ce poprosi\u0107 o sprawdzenie informacji finansowych w odniesieniu do Pa\u0144stwa firmy, kt\u00f3ra wnioskowa\u0142a o finansowanie. Firmy partnerskie <span style=\"font-weight: bold;\">HLB Poland<\/span> jako licencjonowani ksi\u0119gowi ocenialiby zebrane informacje i poddawaliby je odpowiednim procedurom przed przekazaniem raportu, aby inwestor m\u00f3g\u0142 zaufa\u0107 podanym danom przed wyra\u017ceniem zgody na transakcj\u0119 finansow\u0105.<\/p>\n<p>Nasze us\u0142ugi ubezpieczeniowe maj\u0105 zasadniczo trzy g\u0142\u00f3wne cele dla organizacji:<\/p>\n<ul>\n<li>Pomagamy reputacji Pa\u0144stwa firmy, przedstawiaj\u0105c prawdziwe informacje dotycz\u0105ce Pa\u0144stwa danych, wewn\u0119trznych kontroli i system\u00f3w;<\/li>\n<li>Wspieramy firmy w podejmowaniu w\u0142a\u015bciwych decyzji dotycz\u0105cych ich dzia\u0142alno\u015bci w celu promowania wzrostu finansowego; i<\/li>\n<li>Zwi\u0119kszamy wiarygodno\u015b\u0107 dostarczanych informacji, kt\u00f3re mog\u0105 prowadzi\u0107 do obni\u017cenia koszt\u00f3w transakcji i lepszego przydzia\u0142u \u015brodk\u00f3w.<\/li>\n<\/ul>\n<p>Nasze us\u0142ugi ubezpieczeniowe mog\u0105 by\u0107 wykorzystywane do r\u00f3\u017cnych cel\u00f3w. Pa\u0144stwa firma mo\u017ce chcie\u0107 sprawdzi\u0107, czy wszystkie informacje finansowe s\u0105 dok\u0142adne. Mog\u0105 Pa\u0144stwo r\u00f3wnie\u017c \u015bwiadczy\u0107 us\u0142ugi ubezpieczeniowe, je\u015bli firma przestrzega wszystkich ustanowionych przepis\u00f3w i standard\u00f3w zgodno\u015bci.<\/p>\n","protected":false},"excerpt":{"rendered":"<p>Inwestor mo\u017ce poprosi\u0107 o sprawdzenie informacji finansowych w odniesieniu do Pa\u0144stwa firmy, kt\u00f3ra wnioskowa\u0142a o finansowanie. Firmy partnerskie HLB Poland..<\/p>\n<div class=\"clear\"><\/div><a class=\"more-link\" href=\"https:\/\/hlb-poland.global\/pl\/uslugi\/assurance\/\"> Dowiedz si\u0119 wi\u0119cej <\/a>","protected":false},"author":3,"featured_media":0,"parent":1847,"menu_order":0,"comment_status":"closed","ping_status":"closed","template":"","meta":{"_acf_changed":false,"footnotes":""},"class_list":["post-1909","page","type-page","status-publish","hentry"],"acf":[],"yoast_head":"<!-- This site is optimized with the Yoast SEO plugin v27.2 - https:\/\/yoast.com\/product\/yoast-seo-wordpress\/ -->\n<title>Us\u0142ugi ubezpieczeniowe | HLB Poland<\/title>\n<meta name=\"description\" content=\"Ubezpieczenie: tworzenie zaufania poprzez badanie wiarygodno\u015bci informacji. Kiedy firmy chc\u0105 prowadzi\u0107 interesy z innymi organizacjami...\" \/>\n<meta name=\"robots\" content=\"index, follow, max-snippet:-1, max-image-preview:large, max-video-preview:-1\" \/>\n<link rel=\"canonical\" href=\"https:\/\/hlb-poland.global\/pl\/uslugi\/assurance\/\" \/>\n<meta property=\"og:locale\" content=\"pl_PL\" \/>\n<meta property=\"og:type\" content=\"article\" \/>\n<meta property=\"og:title\" content=\"Us\u0142ugi ubezpieczeniowe | HLB Poland\" \/>\n<meta property=\"og:description\" content=\"Ubezpieczenie: tworzenie zaufania poprzez badanie wiarygodno\u015bci informacji. Kiedy firmy chc\u0105 prowadzi\u0107 interesy z innymi organizacjami...\" \/>\n<meta property=\"og:url\" content=\"https:\/\/hlb-poland.global\/pl\/uslugi\/assurance\/\" \/>\n<meta property=\"og:site_name\" content=\"HLB Poland\" \/>\n<meta property=\"article:publisher\" content=\"https:\/\/www.facebook.com\/HLBPoland\" \/>\n<meta property=\"article:modified_time\" content=\"2022-12-27T13:14:46+00:00\" \/>\n<meta name=\"twitter:card\" content=\"summary_large_image\" \/>\n<meta name=\"twitter:label1\" content=\"Szacowany czas czytania\" \/>\n\t<meta name=\"twitter:data1\" content=\"1 minuta\" \/>\n<script type=\"application\/ld+json\" class=\"yoast-schema-graph\">{\"@context\":\"https:\/\/schema.org\",\"@graph\":[{\"@type\":\"WebPage\",\"@id\":\"https:\/\/hlb-poland.global\/pl\/uslugi\/assurance\/\",\"url\":\"https:\/\/hlb-poland.global\/pl\/uslugi\/assurance\/\",\"name\":\"Us\u0142ugi ubezpieczeniowe | HLB Poland\",\"isPartOf\":{\"@id\":\"https:\/\/hlb-poland.global\/#website\"},\"datePublished\":\"2018-12-13T08:05:40+00:00\",\"dateModified\":\"2022-12-27T13:14:46+00:00\",\"description\":\"Ubezpieczenie: tworzenie zaufania poprzez badanie wiarygodno\u015bci informacji. Kiedy firmy chc\u0105 prowadzi\u0107 interesy z innymi organizacjami...\",\"breadcrumb\":{\"@id\":\"https:\/\/hlb-poland.global\/pl\/uslugi\/assurance\/#breadcrumb\"},\"inLanguage\":\"pl-PL\",\"potentialAction\":[{\"@type\":\"ReadAction\",\"target\":[\"https:\/\/hlb-poland.global\/pl\/uslugi\/assurance\/\"]}]},{\"@type\":\"BreadcrumbList\",\"@id\":\"https:\/\/hlb-poland.global\/pl\/uslugi\/assurance\/#breadcrumb\",\"itemListElement\":[{\"@type\":\"ListItem\",\"position\":1,\"name\":\"Strona g\u0142\u00f3wna\",\"item\":\"https:\/\/hlb-poland.global\/pl\/\"},{\"@type\":\"ListItem\",\"position\":2,\"name\":\"Us\u0142ugi \u015bwiadczone przez HLB Poland\",\"item\":\"https:\/\/hlb-poland.global\/pl\/uslugi\/\"},{\"@type\":\"ListItem\",\"position\":3,\"name\":\"Us\u0142ugi ubezpieczeniowe\"}]},{\"@type\":\"WebSite\",\"@id\":\"https:\/\/hlb-poland.global\/#website\",\"url\":\"https:\/\/hlb-poland.global\/\",\"name\":\"HLB Poland\",\"description\":\"Advisory and accounting\",\"publisher\":{\"@id\":\"https:\/\/hlb-poland.global\/#organization\"},\"potentialAction\":[{\"@type\":\"SearchAction\",\"target\":{\"@type\":\"EntryPoint\",\"urlTemplate\":\"https:\/\/hlb-poland.global\/?s={search_term_string}\"},\"query-input\":{\"@type\":\"PropertyValueSpecification\",\"valueRequired\":true,\"valueName\":\"search_term_string\"}}],\"inLanguage\":\"pl-PL\"},{\"@type\":\"Organization\",\"@id\":\"https:\/\/hlb-poland.global\/#organization\",\"name\":\"HLB Poland\",\"url\":\"https:\/\/hlb-poland.global\/\",\"logo\":{\"@type\":\"ImageObject\",\"inLanguage\":\"pl-PL\",\"@id\":\"https:\/\/hlb-poland.global\/#\/schema\/logo\/image\/\",\"url\":\"https:\/\/hlb-poland.global\/wp-content\/uploads\/2025\/12\/hlb-poland-og-image.png\",\"contentUrl\":\"https:\/\/hlb-poland.global\/wp-content\/uploads\/2025\/12\/hlb-poland-og-image.png\",\"width\":1200,\"height\":630,\"caption\":\"HLB Poland\"},\"image\":{\"@id\":\"https:\/\/hlb-poland.global\/#\/schema\/logo\/image\/\"},\"sameAs\":[\"https:\/\/www.facebook.com\/HLBPoland\",\"https:\/\/www.linkedin.com\/company\/hlb-poland\"]}]}<\/script>\n<!-- \/ Yoast SEO plugin. -->","yoast_head_json":{"title":"Us\u0142ugi ubezpieczeniowe | HLB Poland","description":"Ubezpieczenie: tworzenie zaufania poprzez badanie wiarygodno\u015bci informacji. Kiedy firmy chc\u0105 prowadzi\u0107 interesy z innymi organizacjami...","robots":{"index":"index","follow":"follow","max-snippet":"max-snippet:-1","max-image-preview":"max-image-preview:large","max-video-preview":"max-video-preview:-1"},"canonical":"https:\/\/hlb-poland.global\/pl\/uslugi\/assurance\/","og_locale":"pl_PL","og_type":"article","og_title":"Us\u0142ugi ubezpieczeniowe | HLB Poland","og_description":"Ubezpieczenie: tworzenie zaufania poprzez badanie wiarygodno\u015bci informacji. Kiedy firmy chc\u0105 prowadzi\u0107 interesy z innymi organizacjami...","og_url":"https:\/\/hlb-poland.global\/pl\/uslugi\/assurance\/","og_site_name":"HLB Poland","article_publisher":"https:\/\/www.facebook.com\/HLBPoland","article_modified_time":"2022-12-27T13:14:46+00:00","twitter_card":"summary_large_image","twitter_misc":{"Szacowany czas czytania":"1 minuta"},"schema":{"@context":"https:\/\/schema.org","@graph":[{"@type":"WebPage","@id":"https:\/\/hlb-poland.global\/pl\/uslugi\/assurance\/","url":"https:\/\/hlb-poland.global\/pl\/uslugi\/assurance\/","name":"Us\u0142ugi ubezpieczeniowe | HLB Poland","isPartOf":{"@id":"https:\/\/hlb-poland.global\/#website"},"datePublished":"2018-12-13T08:05:40+00:00","dateModified":"2022-12-27T13:14:46+00:00","description":"Ubezpieczenie: tworzenie zaufania poprzez badanie wiarygodno\u015bci informacji. Kiedy firmy chc\u0105 prowadzi\u0107 interesy z innymi organizacjami...","breadcrumb":{"@id":"https:\/\/hlb-poland.global\/pl\/uslugi\/assurance\/#breadcrumb"},"inLanguage":"pl-PL","potentialAction":[{"@type":"ReadAction","target":["https:\/\/hlb-poland.global\/pl\/uslugi\/assurance\/"]}]},{"@type":"BreadcrumbList","@id":"https:\/\/hlb-poland.global\/pl\/uslugi\/assurance\/#breadcrumb","itemListElement":[{"@type":"ListItem","position":1,"name":"Strona g\u0142\u00f3wna","item":"https:\/\/hlb-poland.global\/pl\/"},{"@type":"ListItem","position":2,"name":"Us\u0142ugi \u015bwiadczone przez HLB Poland","item":"https:\/\/hlb-poland.global\/pl\/uslugi\/"},{"@type":"ListItem","position":3,"name":"Us\u0142ugi ubezpieczeniowe"}]},{"@type":"WebSite","@id":"https:\/\/hlb-poland.global\/#website","url":"https:\/\/hlb-poland.global\/","name":"HLB Poland","description":"Advisory and accounting","publisher":{"@id":"https:\/\/hlb-poland.global\/#organization"},"potentialAction":[{"@type":"SearchAction","target":{"@type":"EntryPoint","urlTemplate":"https:\/\/hlb-poland.global\/?s={search_term_string}"},"query-input":{"@type":"PropertyValueSpecification","valueRequired":true,"valueName":"search_term_string"}}],"inLanguage":"pl-PL"},{"@type":"Organization","@id":"https:\/\/hlb-poland.global\/#organization","name":"HLB Poland","url":"https:\/\/hlb-poland.global\/","logo":{"@type":"ImageObject","inLanguage":"pl-PL","@id":"https:\/\/hlb-poland.global\/#\/schema\/logo\/image\/","url":"https:\/\/hlb-poland.global\/wp-content\/uploads\/2025\/12\/hlb-poland-og-image.png","contentUrl":"https:\/\/hlb-poland.global\/wp-content\/uploads\/2025\/12\/hlb-poland-og-image.png","width":1200,"height":630,"caption":"HLB Poland"},"image":{"@id":"https:\/\/hlb-poland.global\/#\/schema\/logo\/image\/"},"sameAs":["https:\/\/www.facebook.com\/HLBPoland","https:\/\/www.linkedin.com\/company\/hlb-poland"]}]}},"_links":{"self":[{"href":"https:\/\/hlb-poland.global\/pl\/wp-json\/wp\/v2\/pages\/1909","targetHints":{"allow":["GET"]}}],"collection":[{"href":"https:\/\/hlb-poland.global\/pl\/wp-json\/wp\/v2\/pages"}],"about":[{"href":"https:\/\/hlb-poland.global\/pl\/wp-json\/wp\/v2\/types\/page"}],"author":[{"embeddable":true,"href":"https:\/\/hlb-poland.global\/pl\/wp-json\/wp\/v2\/users\/3"}],"replies":[{"embeddable":true,"href":"https:\/\/hlb-poland.global\/pl\/wp-json\/wp\/v2\/comments?post=1909"}],"version-history":[{"count":8,"href":"https:\/\/hlb-poland.global\/pl\/wp-json\/wp\/v2\/pages\/1909\/revisions"}],"predecessor-version":[{"id":11313,"href":"https:\/\/hlb-poland.global\/pl\/wp-json\/wp\/v2\/pages\/1909\/revisions\/11313"}],"up":[{"embeddable":true,"href":"https:\/\/hlb-poland.global\/pl\/wp-json\/wp\/v2\/pages\/1847"}],"wp:attachment":[{"href":"https:\/\/hlb-poland.global\/pl\/wp-json\/wp\/v2\/media?parent=1909"}],"curies":[{"name":"wp","href":"https:\/\/api.w.org\/{rel}","templated":true}]}}