
{"id":1911,"date":"2018-12-13T09:07:13","date_gmt":"2018-12-13T08:07:13","guid":{"rendered":"http:\/\/hlb-poland.global\/?page_id=1911"},"modified":"2023-01-12T11:55:06","modified_gmt":"2023-01-12T10:55:06","slug":"podatki","status":"publish","type":"page","link":"https:\/\/hlb-poland.global\/pl\/uslugi\/podatki\/","title":{"rendered":"Us\u0142ugi podatkowe HLB Poland"},"content":{"rendered":"<h3>Jak HLB Poland mo\u017ce Pa\u0144stwu pom\u00f3c?<\/h3>\n<p>Mog\u0105 Pa\u0144stwo om\u00f3wi\u0107 z nami swoje przewidywane transakcje lub umowy. By\u0142oby lepiej, gdyby mogli Pa\u0144stwo nam dostarczy\u0107 odpowiednie projekty um\u00f3w. Pomo\u017ce to nam lepiej zrozumie\u0107 Pa\u0144stwa dzia\u0142alno\u015b\u0107, a zw\u0142aszcza przewidywan\u0105 transakcj\u0119. Tym samym b\u0119dziemy mogli okre\u015bli\u0107 istotne skutki podatkowe z polskiego punktu widzenia i zaleci\u0107 sposoby zmniejszenia istotnych ryzyk podatkowych.<\/p>\n<p>Mo\u017cemy r\u00f3wnie\u017c om\u00f3wi\u0107 transakcje lub umowy, kt\u00f3re zosta\u0142y zawarte, ale kt\u00f3rych skutk\u00f3w podatkowych nie s\u0105 Pa\u0144stwo pewni z punktu widzenia polskiego systemu podatkowego. Zidentyfikujemy ryzyka podatkowych oraz zalecimy sposoby na ich zmniejszenie.<\/p>\n<hr \/>\n<p>Firmy planuj\u0105ce i prowadz\u0105ce dzia\u0142alno\u015b\u0107 mi\u0119dzynarodowo musz\u0105 by\u0107 w stanie w pe\u0142ni polega\u0107 na specjalistach podatkowych potrafi\u0105cych zapewni\u0107 po\u0142\u0105czenie lokalnej znajomo\u015bci rynku i globalnych mo\u017cliwo\u015bci. <span style=\"font-weight: bold;\">HLB Poland<\/span> za po\u015brednictwem mi\u0119dzynarodowej sieci niezale\u017cnych wyspecjalizowanych firm cz\u0142onkowskich mo\u017ce Pa\u0144stwu pom\u00f3c, \u015bwiadcz\u0105c niezb\u0119dne us\u0142ugi doradztwa i wsparcie.<\/p>\n<p>Do us\u0142ug \u015bwiadczonych przez nasze firmy cz\u0142onkowskie nale\u017c\u0105:<\/p>\n<ul>\n<li>Mi\u0119dzynarodowe planowanie podatkowe<\/li>\n<li>Wyb\u00f3r podmiotu gospodarczego;<\/li>\n<li>Ceny transferowe;<\/li>\n<li>Opodatkowanie cudzoziemc\u00f3w;<\/li>\n<li>Prawo w\u0142asno\u015bci intelektualnej;<\/li>\n<li>Mi\u0119dzynarodowe opodatkowanie os\u00f3b fizycznych.<\/li>\n<\/ul>\n<hr \/>\n<div class=\"row\">\n<div class=\"col-12 col-md-12 col-lg-6 col-xl-6 block\">\n<h3>Opodatkowanie mi\u0119dzynarodowe<\/h3>\n<p>Je\u015bli robi\u0105 Pa\u0144stwo interesy w kilku krajach, maj\u0105 Pa\u0144stwo do czynienia z r\u00f3\u017cnymi przepisami podatkowymi w ka\u017cdym z nich. Podatek od wynagrodze\u0144, podatek VAT, podatek dochodowy, op\u0142aty celne, ubezpieczenie spo\u0142eczne dla pracownik\u00f3w tam wys\u0142anych, mo\u017cliwo\u015bci dofinansowania \u2013 tyle przepis\u00f3w, ile kraj\u00f3w. R\u00f3wnie\u017c w kwestiach praktycznych wyst\u0119puj\u0105 r\u00f3\u017cnice. W niekt\u00f3rych krajach, w tym we Francji, ksi\u0119gowy nie mo\u017ce zajmowa\u0107 si\u0119 sprawami podatkowymi. Wiedza lokalna jest konieczno\u015bci\u0105, je\u015bli chc\u0105 Pa\u0144stwo ograniczy\u0107 obci\u0105\u017cenia podatkowe.<\/p>\n<p>W takich sytuacjach dobrze jest wiedzie\u0107, \u017ce mo\u017cna polega\u0107 na <span style=\"font-weight: bold;\">HLB Poland<\/span>. Nasze cz\u0142onkostwo w sieci HLB pozwala nam rozszerzy\u0107 dzia\u0142alno\u015b\u0107 na ponad sto kraj\u00f3w. Wraz z naszymi wsp\u00f3\u0142pracownikami z ca\u0142ego \u015bwiata s\u0142u\u017cymy Pa\u0144stwu pomoc\u0105 w zakresie us\u0142ug podatkowych lokalnych i dla cudzoziemc\u00f3w, podatku VAT oraz w sprawach celnych, p\u0142acowych i cen transferowych. Wspania\u0142\u0105 rzecz\u0105 jest to, \u017ce zawsze maj\u0105 Pa\u0144stwo dost\u0119p do jednej osoby kontaktowej na wy\u0142\u0105czno\u015b\u0107.<\/p>\n<\/div>\n<div class=\"col-12 col-md-12 col-lg-6 col-xl-6 block\">\n<h3>Ceny transferowe<\/h3>\n<p>Je\u015bli Pa\u0144stwa firma posiada lokalizacje w kilku krajach, to z podatkowego punktu widzenia korzystne b\u0119dzie ksi\u0119gowanie zysku tam, gdzie stawki podatkowe s\u0105 najmniejsze. Badanie cen transferowych zapobiega napotykaniu trudno\u015bci z organami podatkowymi w r\u00f3\u017cnych krajach. Zawiera ono ceny, kt\u00f3re Pa\u0144stwo stosuj\u0105, i stanowi podstaw\u0119 do podj\u0119cia decyzji, kt\u00f3re elementy zysku s\u0105 ksi\u0119gowane w kt\u00f3rym kraju.<\/p>\n<p>Badanie cen transferowych to jednak co\u015b wi\u0119cej ni\u017c tylko obowi\u0105zek wynikaj\u0105cy z ustawy o podatku dochodowym od os\u00f3b prawnych. Mog\u0105 Pa\u0144stwo skonfigurowa\u0107 dobry system cen transferowych, aby bada\u0107 swoj\u0105 organizacj\u0119 w r\u00f3\u017cnych krajach. Kt\u00f3ra lokalizacja osi\u0105ga takie a nie inne wyniki i dlaczego? Gdzie i jak mog\u0105 Pa\u0144stwo kierowa\u0107 i kontrolowa\u0107? Mo\u017cemy zaproponowa\u0107 w tym wsparcie.<\/p>\n<p>U\u017cywamy kwestionariuszy wype\u0142nianych przez Pa\u0144stwa i przeprowadzamy wywiady z kluczowymi osobami w firmie w celu opracowania projektu badania cen transferowych. Po om\u00f3wieniu tego z Pa\u0144stwem obliczamy, kt\u00f3ra cz\u0119\u015b\u0107 zysku mo\u017ce lub musi by\u0107 przydzielona do kt\u00f3rej lokalizacji. Je\u015bli tego Pa\u0144stwo chc\u0105, mo\u017cemy przedstawi\u0107 wynik do urz\u0119du skarbowego, a potem to on wska\u017ce ewentualne braki. Bez takiego badania ci\u0119\u017car dowodu podczas audytu spoczywa na Pa\u0144stwu.<\/p>\n<\/div>\n<div class=\"col-12 col-md-12 col-lg-6 col-xl-6 block\">\n<h3>Us\u0142ugi podatkowe dla cudzoziemc\u00f3w<\/h3>\n<p>Globalizacja stworzy\u0142a pytania i problemy na skal\u0119 \u015bwiatow\u0105, ale tak\u017ce mo\u017cliwo\u015bci i szanse dla Pa\u0144stwa pracownik\u00f3w, kt\u00f3rzy pracuj\u0105 w lokalizacji za granic\u0105. Co wi\u0119c zrobi\u0107 z wynagrodzeniami, naliczaniem sk\u0142adek emerytalno-rentowych, ubezpieczeniem spo\u0142ecznym i podatkiem dochodowym?<\/p>\n<p>Nasza wsp\u00f3\u0142praca z por\u00f3wnywalnymi organizacjami w ramach sieci HLB pozwala nam wspiera\u0107 Pa\u0144stwa rad\u0105 i dzia\u0142aniem w zakresie obs\u0142ugi pracownik\u00f3w tymczasowych za granic\u0105. Mamy wiedz\u0119 na temat lokalnych przepis\u00f3w, planowania podatkowego wynagrodze\u0144 dla r\u00f3\u017cnych kraj\u00f3w, deklaracji podatkowych w r\u00f3\u017cnych krajach, porad na temat sk\u0142adek emerytalnych i p\u0142atno\u015bci na ubezpieczenie spo\u0142eczne.<\/p>\n<p>Je\u015bli zorganizuj\u0105 Pa\u0144stwo wcze\u015bniej wszystko we w\u0142a\u015bciwy spos\u00f3b, wys\u0142anie pracownik\u00f3w za granic\u0119 nie powinno spowodowa\u0107 stresu u nikogo, a Pa\u0144stwo otrzymuj\u0105 po prostu niezr\u00f3wnane szanse i mo\u017cliwo\u015bci.<\/p>\n<\/div>\n<div class=\"col-12 col-md-12 col-lg-6 col-xl-6 block\">\n<h3>VAT i sprawy celne<\/h3>\n<p>Wielu przedsi\u0119biorc\u00f3w postrzega VAT jako obci\u0105\u017cenie niedaj\u0105ce \u017cadnych mo\u017cliwo\u015bci. Trzeba go p\u0142aci\u0107 i tyle. W obszarze VAT istniej\u0105 jednak mo\u017cliwo\u015bci, ale te\u017c i ryzyka. Prosz\u0119 pomy\u015ble\u0107, ile podatku VAT p\u0142ac\u0105 Pa\u0144stwo rocznie? Musz\u0105 go Pa\u0144stwo p\u0142aci\u0107 nawet w latach, kiedy interes idzie gorzej.<\/p>\n<p>Dochodzi jeszcze kwestia dzia\u0142alno\u015bci za granic\u0105. Nie dziwi wi\u0119c otrzymywanie rachunk\u00f3w z zagranicy i wysy\u0142anie tam faktur. Ka\u017cdy kraj ma swoje przepisy dotycz\u0105ce VAT. Je\u015bli zajmuj\u0105 si\u0119 Pa\u0144stwo handlem fizycznym za granic\u0105, trzeba upora\u0107 si\u0119 na pocz\u0105tek z przepisami celnymi.<\/p>\n<p>Nasi specjali\u015bci ds. VAT znaj\u0105 wszystkie pu\u0142apki i widz\u0105 mo\u017cliwo\u015bci. Z ch\u0119ci\u0105 dziel\u0105 si\u0119 t\u0105 wiedz\u0105. Przyk\u0142ad? We\u017amy pod uwag\u0119 dzier\u017caw\u0119 nieruchomo\u015bci. Jest ju\u017c na sprzeda\u017c od bardzo dawna, a nast\u0119pnie jest dzier\u017cawiona. Je\u015bli nie b\u0119d\u0105 Pa\u0144stwo ostro\u017cni, to du\u017c\u0105 cz\u0119\u015b\u0107 podatku VAT zwr\u00f3conego w przesz\u0142o\u015bci b\u0119dzie trzeba zap\u0142aci\u0107 ponownie. Lepiej tego unikn\u0105\u0107. Chcieliby Pa\u0144stwo pozna\u0107 swoj\u0105 sytuacj\u0119 VAT? Prosimy o kontakt z doradc\u0105 <span style=\"font-weight: bold;\">HLB Poland<\/span> w celu zbadania sytuacji VAT dla nieruchomo\u015bci oraz w sprawie handlu i transportu mi\u0119dzynarodowego.<\/p>\n<\/div>\n<div class=\"col-12 col-md-12 col-lg-6 col-xl-6 block-last\">\n<h3>Us\u0142ugi p\u0142acowe<\/h3>\n<p>Czy maj\u0105 Pa\u0144stwo lokalizacje w kilku krajach? Wraz z pracownikami tam wys\u0142anymi b\u0119d\u0105 musieli Pa\u0144stwo upora\u0107 si\u0119 z lokalnymi przepisami. Dzia\u0142 kadr Pa\u0144stwa firmy musi wiedzie\u0107, jak si\u0119 porusza\u0107 w przepisach podatkowych i ubezpieczeniowych w ka\u017cdym kraju, w kt\u00f3rym prowadz\u0105 Pa\u0144stwo dzia\u0142alno\u015b\u0107. Sprawia to, \u017ce trudno jest por\u00f3wnywa\u0107 warunki umowne i wynagrodzenia w obr\u0119bie firmy.<\/p>\n<p>HLB oferuje Pa\u0144stwu jeden punkt kontaktowy, kt\u00f3ry mo\u017ce zajmowa\u0107 si\u0119 wszystkimi kwestiami wynagrodze\u0144 pracownik\u00f3w w Polsce i za granic\u0105. Pa\u0144stwa osobisty doradca <span style=\"font-weight: bold;\">HLB Poland<\/span> porozumiewa si\u0119 z biurami HLB w kraju, koordynuje comiesi\u0119czne deklaracje podatkowe zwi\u0105zane z p\u0142acami w r\u00f3\u017cnych krajach i sporz\u0105dza jednoznaczne sprawozdanie. Dzi\u0119ki mi\u0119dzynarodowym us\u0142ugom p\u0142acowym mog\u0105 Pa\u0144stwo bezproblemowo uzyskiwa\u0107 por\u00f3wnania i rozwija\u0107 polityk\u0119 wynagrodze\u0144. Wynagrodzenia wszystkich Pa\u0144stwa pracownik\u00f3w w Polsce i za granic\u0105 odpowiednio zorganizowane i w jednym miejscu \u2013 powiedzmy to po raz kolejny: troszczymy si\u0119!<\/p>\n<\/div>\n<div class=\"col-12 col-md-12 col-lg-6 col-xl-6 block-last\">\n<h3>Mi\u0119dzynarodowe us\u0142ugi podatkowe<\/h3>\n<p>\u015awiat staje si\u0119 coraz mniejszy. Globalizacja i internet da\u0142y nowe perspektywy i otworzy\u0142y nowe rynki, kt\u00f3re mog\u0105 by\u0107 zdobyte. Mog\u0105 Pa\u0144stwo najlepiej wykorzysta\u0107 swoje mo\u017cliwo\u015bci, kiedy opr\u0105 si\u0119 Pa\u0144stwo na pomocy lokalnych doradc\u00f3w, kt\u00f3rzy znaj\u0105 wszystkie tajniki danego systemu podatkowego.<\/p>\n<p>Mog\u0105 Pa\u0144stwo unikn\u0105\u0107 niespodziewanego ryzyka, kiedy znaj\u0105 Pa\u0144stwo lokalne przepisy, w tym pu\u0142apki, stawki i okresy podatkowe, kt\u00f3re trzeba wzi\u0105\u0107 pod uwag\u0119.<\/p>\n<p>Mo\u017cemy Pa\u0144stwu doradzi\u0107, w jaki spos\u00f3b w\u0142a\u015bciwa struktura firmy w r\u00f3\u017cnych krajach mo\u017ce przynie\u015b\u0107 znaczne oszcz\u0119dno\u015bci podatkowe. Co potrzebuj\u0105 Pa\u0144stwo wzi\u0105\u0107 pod uwag\u0119 to, co kwalifikuje si\u0119 do dofinansowania, gdzie maj\u0105 zastosowanie wymogi danego otoczenia, kto zajmuje si\u0119 czym? Stanowimy cz\u0119\u015b\u0107 sieci HLB i je\u015bli Pa\u0144stwo wol\u0105, pojedziemy z Pa\u0144stwem w dane miejsce, aby uporz\u0105dkowa\u0107 rzeczy, kt\u00f3re musz\u0105 by\u0107 uporz\u0105dkowane. Tak wygl\u0105da \u201elokalny akcent, globalny zasi\u0119g\u201d w praktyce.<\/p>\n<\/div>\n<\/div>\n","protected":false},"excerpt":{"rendered":"<p>Jak HLB Poland mo\u017ce Pa\u0144stwu pom\u00f3c? Mog\u0105 Pa\u0144stwo om\u00f3wi\u0107 z nami swoje przewidywane transakcje lub umowy. By\u0142oby lepiej, gdyby mogli..<\/p>\n<div class=\"clear\"><\/div><a class=\"more-link\" href=\"https:\/\/hlb-poland.global\/pl\/uslugi\/podatki\/\"> Dowiedz si\u0119 wi\u0119cej <\/a>","protected":false},"author":3,"featured_media":0,"parent":1847,"menu_order":0,"comment_status":"closed","ping_status":"closed","template":"","meta":{"_acf_changed":false,"footnotes":""},"class_list":["post-1911","page","type-page","status-publish","hentry"],"acf":[],"yoast_head":"<!-- This site is optimized with the Yoast SEO plugin v27.2 - https:\/\/yoast.com\/product\/yoast-seo-wordpress\/ -->\n<title>Kwestia podatk\u00f3w pojawia si\u0119 w wielu obszarach dzia\u0142alno\u015bci<\/title>\n<meta name=\"description\" content=\"Kwestia podatk\u00f3w zawsze pojawia si\u0119 w prawie ka\u017cdym obszarze Pa\u0144stwa dzia\u0142alno\u015bci. Aby unikn\u0105\u0107 nieoczekiwanych strat zwi\u0105zanych z...\" \/>\n<meta name=\"robots\" content=\"index, follow, max-snippet:-1, max-image-preview:large, max-video-preview:-1\" \/>\n<link rel=\"canonical\" href=\"https:\/\/hlb-poland.global\/pl\/uslugi\/podatki\/\" \/>\n<meta property=\"og:locale\" content=\"pl_PL\" \/>\n<meta property=\"og:type\" content=\"article\" \/>\n<meta property=\"og:title\" content=\"Kwestia podatk\u00f3w pojawia si\u0119 w wielu obszarach dzia\u0142alno\u015bci\" \/>\n<meta property=\"og:description\" content=\"Kwestia podatk\u00f3w zawsze pojawia si\u0119 w prawie ka\u017cdym obszarze Pa\u0144stwa dzia\u0142alno\u015bci. Aby unikn\u0105\u0107 nieoczekiwanych strat zwi\u0105zanych z...\" \/>\n<meta property=\"og:url\" content=\"https:\/\/hlb-poland.global\/pl\/uslugi\/podatki\/\" \/>\n<meta property=\"og:site_name\" content=\"HLB Poland\" \/>\n<meta property=\"article:publisher\" content=\"https:\/\/www.facebook.com\/HLBPoland\" \/>\n<meta property=\"article:modified_time\" content=\"2023-01-12T10:55:06+00:00\" \/>\n<meta name=\"twitter:card\" content=\"summary_large_image\" \/>\n<meta name=\"twitter:label1\" content=\"Szacowany czas czytania\" \/>\n\t<meta name=\"twitter:data1\" content=\"7 minut\" \/>\n<script type=\"application\/ld+json\" class=\"yoast-schema-graph\">{\"@context\":\"https:\/\/schema.org\",\"@graph\":[{\"@type\":\"WebPage\",\"@id\":\"https:\/\/hlb-poland.global\/pl\/uslugi\/podatki\/\",\"url\":\"https:\/\/hlb-poland.global\/pl\/uslugi\/podatki\/\",\"name\":\"Kwestia podatk\u00f3w pojawia si\u0119 w wielu obszarach dzia\u0142alno\u015bci\",\"isPartOf\":{\"@id\":\"https:\/\/hlb-poland.global\/#website\"},\"datePublished\":\"2018-12-13T08:07:13+00:00\",\"dateModified\":\"2023-01-12T10:55:06+00:00\",\"description\":\"Kwestia podatk\u00f3w zawsze pojawia si\u0119 w prawie ka\u017cdym obszarze Pa\u0144stwa dzia\u0142alno\u015bci. Aby unikn\u0105\u0107 nieoczekiwanych strat zwi\u0105zanych z...\",\"breadcrumb\":{\"@id\":\"https:\/\/hlb-poland.global\/pl\/uslugi\/podatki\/#breadcrumb\"},\"inLanguage\":\"pl-PL\",\"potentialAction\":[{\"@type\":\"ReadAction\",\"target\":[\"https:\/\/hlb-poland.global\/pl\/uslugi\/podatki\/\"]}]},{\"@type\":\"BreadcrumbList\",\"@id\":\"https:\/\/hlb-poland.global\/pl\/uslugi\/podatki\/#breadcrumb\",\"itemListElement\":[{\"@type\":\"ListItem\",\"position\":1,\"name\":\"Strona g\u0142\u00f3wna\",\"item\":\"https:\/\/hlb-poland.global\/pl\/\"},{\"@type\":\"ListItem\",\"position\":2,\"name\":\"Us\u0142ugi \u015bwiadczone przez HLB Poland\",\"item\":\"https:\/\/hlb-poland.global\/pl\/uslugi\/\"},{\"@type\":\"ListItem\",\"position\":3,\"name\":\"Us\u0142ugi podatkowe HLB Poland\"}]},{\"@type\":\"WebSite\",\"@id\":\"https:\/\/hlb-poland.global\/#website\",\"url\":\"https:\/\/hlb-poland.global\/\",\"name\":\"HLB Poland\",\"description\":\"Advisory and accounting\",\"publisher\":{\"@id\":\"https:\/\/hlb-poland.global\/#organization\"},\"potentialAction\":[{\"@type\":\"SearchAction\",\"target\":{\"@type\":\"EntryPoint\",\"urlTemplate\":\"https:\/\/hlb-poland.global\/?s={search_term_string}\"},\"query-input\":{\"@type\":\"PropertyValueSpecification\",\"valueRequired\":true,\"valueName\":\"search_term_string\"}}],\"inLanguage\":\"pl-PL\"},{\"@type\":\"Organization\",\"@id\":\"https:\/\/hlb-poland.global\/#organization\",\"name\":\"HLB Poland\",\"url\":\"https:\/\/hlb-poland.global\/\",\"logo\":{\"@type\":\"ImageObject\",\"inLanguage\":\"pl-PL\",\"@id\":\"https:\/\/hlb-poland.global\/#\/schema\/logo\/image\/\",\"url\":\"https:\/\/hlb-poland.global\/wp-content\/uploads\/2025\/12\/hlb-poland-og-image.png\",\"contentUrl\":\"https:\/\/hlb-poland.global\/wp-content\/uploads\/2025\/12\/hlb-poland-og-image.png\",\"width\":1200,\"height\":630,\"caption\":\"HLB Poland\"},\"image\":{\"@id\":\"https:\/\/hlb-poland.global\/#\/schema\/logo\/image\/\"},\"sameAs\":[\"https:\/\/www.facebook.com\/HLBPoland\",\"https:\/\/www.linkedin.com\/company\/hlb-poland\"]}]}<\/script>\n<!-- \/ Yoast SEO plugin. -->","yoast_head_json":{"title":"Kwestia podatk\u00f3w pojawia si\u0119 w wielu obszarach dzia\u0142alno\u015bci","description":"Kwestia podatk\u00f3w zawsze pojawia si\u0119 w prawie ka\u017cdym obszarze Pa\u0144stwa dzia\u0142alno\u015bci. Aby unikn\u0105\u0107 nieoczekiwanych strat zwi\u0105zanych z...","robots":{"index":"index","follow":"follow","max-snippet":"max-snippet:-1","max-image-preview":"max-image-preview:large","max-video-preview":"max-video-preview:-1"},"canonical":"https:\/\/hlb-poland.global\/pl\/uslugi\/podatki\/","og_locale":"pl_PL","og_type":"article","og_title":"Kwestia podatk\u00f3w pojawia si\u0119 w wielu obszarach dzia\u0142alno\u015bci","og_description":"Kwestia podatk\u00f3w zawsze pojawia si\u0119 w prawie ka\u017cdym obszarze Pa\u0144stwa dzia\u0142alno\u015bci. Aby unikn\u0105\u0107 nieoczekiwanych strat zwi\u0105zanych z...","og_url":"https:\/\/hlb-poland.global\/pl\/uslugi\/podatki\/","og_site_name":"HLB Poland","article_publisher":"https:\/\/www.facebook.com\/HLBPoland","article_modified_time":"2023-01-12T10:55:06+00:00","twitter_card":"summary_large_image","twitter_misc":{"Szacowany czas czytania":"7 minut"},"schema":{"@context":"https:\/\/schema.org","@graph":[{"@type":"WebPage","@id":"https:\/\/hlb-poland.global\/pl\/uslugi\/podatki\/","url":"https:\/\/hlb-poland.global\/pl\/uslugi\/podatki\/","name":"Kwestia podatk\u00f3w pojawia si\u0119 w wielu obszarach dzia\u0142alno\u015bci","isPartOf":{"@id":"https:\/\/hlb-poland.global\/#website"},"datePublished":"2018-12-13T08:07:13+00:00","dateModified":"2023-01-12T10:55:06+00:00","description":"Kwestia podatk\u00f3w zawsze pojawia si\u0119 w prawie ka\u017cdym obszarze Pa\u0144stwa dzia\u0142alno\u015bci. Aby unikn\u0105\u0107 nieoczekiwanych strat zwi\u0105zanych z...","breadcrumb":{"@id":"https:\/\/hlb-poland.global\/pl\/uslugi\/podatki\/#breadcrumb"},"inLanguage":"pl-PL","potentialAction":[{"@type":"ReadAction","target":["https:\/\/hlb-poland.global\/pl\/uslugi\/podatki\/"]}]},{"@type":"BreadcrumbList","@id":"https:\/\/hlb-poland.global\/pl\/uslugi\/podatki\/#breadcrumb","itemListElement":[{"@type":"ListItem","position":1,"name":"Strona g\u0142\u00f3wna","item":"https:\/\/hlb-poland.global\/pl\/"},{"@type":"ListItem","position":2,"name":"Us\u0142ugi \u015bwiadczone przez HLB Poland","item":"https:\/\/hlb-poland.global\/pl\/uslugi\/"},{"@type":"ListItem","position":3,"name":"Us\u0142ugi podatkowe HLB Poland"}]},{"@type":"WebSite","@id":"https:\/\/hlb-poland.global\/#website","url":"https:\/\/hlb-poland.global\/","name":"HLB Poland","description":"Advisory and accounting","publisher":{"@id":"https:\/\/hlb-poland.global\/#organization"},"potentialAction":[{"@type":"SearchAction","target":{"@type":"EntryPoint","urlTemplate":"https:\/\/hlb-poland.global\/?s={search_term_string}"},"query-input":{"@type":"PropertyValueSpecification","valueRequired":true,"valueName":"search_term_string"}}],"inLanguage":"pl-PL"},{"@type":"Organization","@id":"https:\/\/hlb-poland.global\/#organization","name":"HLB Poland","url":"https:\/\/hlb-poland.global\/","logo":{"@type":"ImageObject","inLanguage":"pl-PL","@id":"https:\/\/hlb-poland.global\/#\/schema\/logo\/image\/","url":"https:\/\/hlb-poland.global\/wp-content\/uploads\/2025\/12\/hlb-poland-og-image.png","contentUrl":"https:\/\/hlb-poland.global\/wp-content\/uploads\/2025\/12\/hlb-poland-og-image.png","width":1200,"height":630,"caption":"HLB Poland"},"image":{"@id":"https:\/\/hlb-poland.global\/#\/schema\/logo\/image\/"},"sameAs":["https:\/\/www.facebook.com\/HLBPoland","https:\/\/www.linkedin.com\/company\/hlb-poland"]}]}},"_links":{"self":[{"href":"https:\/\/hlb-poland.global\/pl\/wp-json\/wp\/v2\/pages\/1911","targetHints":{"allow":["GET"]}}],"collection":[{"href":"https:\/\/hlb-poland.global\/pl\/wp-json\/wp\/v2\/pages"}],"about":[{"href":"https:\/\/hlb-poland.global\/pl\/wp-json\/wp\/v2\/types\/page"}],"author":[{"embeddable":true,"href":"https:\/\/hlb-poland.global\/pl\/wp-json\/wp\/v2\/users\/3"}],"replies":[{"embeddable":true,"href":"https:\/\/hlb-poland.global\/pl\/wp-json\/wp\/v2\/comments?post=1911"}],"version-history":[{"count":9,"href":"https:\/\/hlb-poland.global\/pl\/wp-json\/wp\/v2\/pages\/1911\/revisions"}],"predecessor-version":[{"id":11740,"href":"https:\/\/hlb-poland.global\/pl\/wp-json\/wp\/v2\/pages\/1911\/revisions\/11740"}],"up":[{"embeddable":true,"href":"https:\/\/hlb-poland.global\/pl\/wp-json\/wp\/v2\/pages\/1847"}],"wp:attachment":[{"href":"https:\/\/hlb-poland.global\/pl\/wp-json\/wp\/v2\/media?parent=1911"}],"curies":[{"name":"wp","href":"https:\/\/api.w.org\/{rel}","templated":true}]}}