
{"id":1913,"date":"2018-12-13T09:09:42","date_gmt":"2018-12-13T08:09:42","guid":{"rendered":"http:\/\/hlb-poland.global\/?page_id=1913"},"modified":"2022-12-27T14:17:37","modified_gmt":"2022-12-27T13:17:37","slug":"kadry-i-place","status":"publish","type":"page","link":"https:\/\/hlb-poland.global\/pl\/uslugi\/kadry-i-place\/","title":{"rendered":"Us\u0142ugi kadrowo-p\u0142acowe"},"content":{"rendered":"<p>Wydajne us\u0142ugi przetwarzania p\u0142ac sta\u0142y si\u0119 konieczno\u015bci\u0105 dla ka\u017cdej organizacji, aby usprawni\u0107 p\u0142ace, zoptymalizowa\u0107 wydajno\u015b\u0107 i usprawni\u0107 administracj\u0119. <span style=\"font-weight: bold;\">HLB Poland<\/span> zapewnia sprawne us\u0142ugi zarz\u0105dzania p\u0142acami, kt\u00f3re mog\u0105 pom\u00f3c w lepszym zarz\u0105dzaniu zasobami i zaoszcz\u0119dzi\u0107 k\u0142opot\u00f3w i czasoch\u0142onnych zada\u0144 zwi\u0105zanych z przetwarzaniem p\u0142ac. <span style=\"font-weight: bold;\">HLB Poland<\/span> jest rozpoznawana jako profesjonalna firma przetwarzaj\u0105ca p\u0142ace, ciesz\u0105ca si\u0119 wieloletnim do\u015bwiadczeniem w obs\u0142udze korporacyjnych us\u0142ug p\u0142acowych i umiej\u0119tno\u015bci\u0105 dostosowania rozwi\u0105zania do potrzeb ka\u017cdej organizacji.<\/p>\n<p>Zarz\u0105dzanie procesami g\u0142\u00f3wnej dzia\u0142alno\u015bci i ca\u0142ym procesem p\u0142ac mo\u017ce sta\u0107 si\u0119 bardzo przyt\u0142aczaj\u0105ce i cz\u0119sto przyczynia si\u0119 do problem\u00f3w w obszarze p\u0142ac. Outsourcing us\u0142ug zarz\u0105dzania p\u0142acami do <span style=\"font-weight: bold;\">HLB Poland<\/span> zapewnia idealne przetwarzanie p\u0142ac i pozwala Pa\u0144stwu skupi\u0107 sw\u00f3j czas i wysi\u0142ki na g\u0142\u00f3wnej dzia\u0142alno\u015bci.<\/p>\n<hr \/>\n<h3>HLB Poland jest dostawc\u0105 outsourcingowych us\u0142ug p\u0142acowych i zobowi\u0105zuje si\u0119 do uzyskiwania wynik\u00f3w o najwy\u017cszej jako\u015bci i dok\u0142adno\u015bci<\/h3>\n<p><span style=\"font-weight: bold;\">HLB Poland<\/span> \u2013 specjalista w obszarze outsourcingu p\u0142ac \u2013 ma do\u015bwiadczony zesp\u00f3\u0142 z g\u0142\u0119bok\u0105 wiedz\u0105 w tej dziedzinie, kt\u00f3rego celem jest zapewni\u0107 wyj\u0105tkowe us\u0142ugi p\u0142acowe i wyr\u00f3\u017cni\u0107 Pa\u0144stwa w\u015br\u00f3d konkurent\u00f3w biznesowych. <span style=\"font-weight: bold;\">HLB Poland<\/span> to organizacja posiadaj\u0105ca certyfikat ISO 9001:2008, kt\u00f3ra k\u0142adzie najwi\u0119kszy nacisk na jako\u015b\u0107 i dok\u0142adno\u015b\u0107 w trakcie wykonywania proces\u00f3w p\u0142acowych. Oszcz\u0119dzimy Pa\u0144stwu nie tylko zamartwiania si\u0119 o kary za zw\u0142ok\u0119 w sk\u0142adaniu dokumentacji lub za b\u0142\u0119dy w niej, ale tak\u017ce u\u0142atwimy obni\u017cenie koszt\u00f3w za us\u0142ugi zarz\u0105dzania p\u0142acami. <span style=\"font-weight: bold;\">HLB Poland<\/span> upro\u015bci\u0142o przetwarzanie p\u0142ac wielu klientom dzia\u0142aj\u0105cym na terenie Polski. Za po\u015brednictwem certyfikatu ISO 27001:2013 uda\u0142o nam si\u0119 wdro\u017cy\u0107 liczne rygorystyczne \u015brodki bezpiecze\u0144stwa, kt\u00f3re s\u0105 przestrzegane przez ca\u0142y czas podczas \u015bwiadczenia us\u0142ug kadrowo-p\u0142acowych.<\/p>\n<hr \/>\n<h3>Zesp\u00f3\u0142 ds. p\u0142ac HLB Poland<\/h3>\n<p>Nasz zesp\u00f3\u0142 ds. p\u0142ac to specjali\u015bci, kt\u00f3rzy maj\u0105 szerok\u0105 wiedz\u0119 i do\u015bwiadczenie w obszarach podatku dochodowego od os\u00f3b fizycznych, ubezpieczenia spo\u0142ecznego, procedur legalizacji pobytu i zatrudnienia, zada\u0144 mi\u0119dzynarodowych, a tak\u017ce doradztwa w zakresie kapita\u0142u ludzkiego. Nasza ekspertyza w zakresie polskich przepis\u00f3w a tak\u017ce sta\u0142e monitorowanie zmian w prawie podatkowym i ubezpieczeniowym pozwalaj\u0105 nam dostarcza\u0107 naszym klientom us\u0142ugi kompleksowego doradztwa nakierowane na rozwi\u0105zywanie problem\u00f3w, jakie napotykaj\u0105 firmy polskie i zagraniczne.<\/p>\n<p><span style=\"font-weight: bold;\">Us\u0142ugi p\u0142acowe HLB Poland:<\/span><\/p>\n<ul>\n<li>Przetwarzanie danych p\u0142acowych w rozliczeniu miesi\u0119cznym, w tym wyliczanie wynagrodze\u0144 za zwolnienia chorobowe, rozliczenie nadgodzin, ekwiwalent\u00f3w urlopowych, premii i nagr\u00f3d;<\/li>\n<li>Sporz\u0105dzanie i przekazywanie sprawozda\u0144 p\u0142acowych dla organ\u00f3w pa\u0144stwowych na formularzach zatwierdzonych przez ZUS wraz z wszystkimi wymaganymi za\u0142\u0105cznikami a tak\u017ce miesi\u0119cznymi raportami RMUA;<\/li>\n<li>Generowanie odcink\u00f3w wyp\u0142at dla pracownik\u00f3w klienta;<\/li>\n<li>Sporz\u0105dzanie i wype\u0142nianie deklaracji podatkowych dla pracownik\u00f3w i przedsi\u0119biorstwa;<\/li>\n<li>Sporz\u0105dzanie i wype\u0142nianie deklaracji ubezpieczeniowych dla pracownik\u00f3w i przedsi\u0119biorstwa a nast\u0119pnie wysy\u0142anie ich do ZUS;<\/li>\n<li>Sporz\u0105dzanie i wype\u0142nianie formularzy dla GUS.<\/li>\n<\/ul>\n","protected":false},"excerpt":{"rendered":"<p>Wydajne us\u0142ugi przetwarzania p\u0142ac sta\u0142y si\u0119 konieczno\u015bci\u0105 dla ka\u017cdej organizacji, aby usprawni\u0107 p\u0142ace, zoptymalizowa\u0107 wydajno\u015b\u0107 i usprawni\u0107 administracj\u0119. HLB Poland..<\/p>\n<div class=\"clear\"><\/div><a class=\"more-link\" href=\"https:\/\/hlb-poland.global\/pl\/uslugi\/kadry-i-place\/\"> Dowiedz si\u0119 wi\u0119cej <\/a>","protected":false},"author":3,"featured_media":0,"parent":1847,"menu_order":0,"comment_status":"closed","ping_status":"closed","template":"","meta":{"_acf_changed":false,"footnotes":""},"class_list":["post-1913","page","type-page","status-publish","hentry"],"acf":[],"yoast_head":"<!-- This site is optimized with the Yoast SEO plugin v27.2 - https:\/\/yoast.com\/product\/yoast-seo-wordpress\/ -->\n<title>Us\u0142ugi kadrowo-p\u0142acowe | HLB Poland<\/title>\n<meta name=\"description\" content=\"Outsourcing us\u0142ug kadrowo-p\u0142acowych do firmy zewn\u0119trznej ma wiele zalet. Najwa\u017cniejsze z nich to zmniejszenie koszt\u00f3w zwi\u0105zanych z...\" \/>\n<meta name=\"robots\" content=\"index, follow, max-snippet:-1, max-image-preview:large, max-video-preview:-1\" \/>\n<link rel=\"canonical\" href=\"https:\/\/hlb-poland.global\/pl\/uslugi\/kadry-i-place\/\" \/>\n<meta property=\"og:locale\" content=\"pl_PL\" \/>\n<meta property=\"og:type\" content=\"article\" \/>\n<meta property=\"og:title\" content=\"Us\u0142ugi kadrowo-p\u0142acowe | HLB Poland\" \/>\n<meta property=\"og:description\" content=\"Outsourcing us\u0142ug kadrowo-p\u0142acowych do firmy zewn\u0119trznej ma wiele zalet. Najwa\u017cniejsze z nich to zmniejszenie koszt\u00f3w zwi\u0105zanych z...\" \/>\n<meta property=\"og:url\" content=\"https:\/\/hlb-poland.global\/pl\/uslugi\/kadry-i-place\/\" \/>\n<meta property=\"og:site_name\" content=\"HLB Poland\" \/>\n<meta property=\"article:publisher\" content=\"https:\/\/www.facebook.com\/HLBPoland\" \/>\n<meta property=\"article:modified_time\" content=\"2022-12-27T13:17:37+00:00\" \/>\n<meta name=\"twitter:card\" content=\"summary_large_image\" \/>\n<meta name=\"twitter:label1\" content=\"Szacowany czas czytania\" \/>\n\t<meta name=\"twitter:data1\" content=\"3 minuty\" \/>\n<script type=\"application\/ld+json\" class=\"yoast-schema-graph\">{\"@context\":\"https:\/\/schema.org\",\"@graph\":[{\"@type\":\"WebPage\",\"@id\":\"https:\/\/hlb-poland.global\/pl\/uslugi\/kadry-i-place\/\",\"url\":\"https:\/\/hlb-poland.global\/pl\/uslugi\/kadry-i-place\/\",\"name\":\"Us\u0142ugi kadrowo-p\u0142acowe | HLB Poland\",\"isPartOf\":{\"@id\":\"https:\/\/hlb-poland.global\/#website\"},\"datePublished\":\"2018-12-13T08:09:42+00:00\",\"dateModified\":\"2022-12-27T13:17:37+00:00\",\"description\":\"Outsourcing us\u0142ug kadrowo-p\u0142acowych do firmy zewn\u0119trznej ma wiele zalet. Najwa\u017cniejsze z nich to zmniejszenie koszt\u00f3w zwi\u0105zanych z...\",\"breadcrumb\":{\"@id\":\"https:\/\/hlb-poland.global\/pl\/uslugi\/kadry-i-place\/#breadcrumb\"},\"inLanguage\":\"pl-PL\",\"potentialAction\":[{\"@type\":\"ReadAction\",\"target\":[\"https:\/\/hlb-poland.global\/pl\/uslugi\/kadry-i-place\/\"]}]},{\"@type\":\"BreadcrumbList\",\"@id\":\"https:\/\/hlb-poland.global\/pl\/uslugi\/kadry-i-place\/#breadcrumb\",\"itemListElement\":[{\"@type\":\"ListItem\",\"position\":1,\"name\":\"Strona g\u0142\u00f3wna\",\"item\":\"https:\/\/hlb-poland.global\/pl\/\"},{\"@type\":\"ListItem\",\"position\":2,\"name\":\"Us\u0142ugi \u015bwiadczone przez HLB Poland\",\"item\":\"https:\/\/hlb-poland.global\/pl\/uslugi\/\"},{\"@type\":\"ListItem\",\"position\":3,\"name\":\"Us\u0142ugi kadrowo-p\u0142acowe\"}]},{\"@type\":\"WebSite\",\"@id\":\"https:\/\/hlb-poland.global\/#website\",\"url\":\"https:\/\/hlb-poland.global\/\",\"name\":\"HLB Poland\",\"description\":\"Advisory and accounting\",\"publisher\":{\"@id\":\"https:\/\/hlb-poland.global\/#organization\"},\"potentialAction\":[{\"@type\":\"SearchAction\",\"target\":{\"@type\":\"EntryPoint\",\"urlTemplate\":\"https:\/\/hlb-poland.global\/?s={search_term_string}\"},\"query-input\":{\"@type\":\"PropertyValueSpecification\",\"valueRequired\":true,\"valueName\":\"search_term_string\"}}],\"inLanguage\":\"pl-PL\"},{\"@type\":\"Organization\",\"@id\":\"https:\/\/hlb-poland.global\/#organization\",\"name\":\"HLB Poland\",\"url\":\"https:\/\/hlb-poland.global\/\",\"logo\":{\"@type\":\"ImageObject\",\"inLanguage\":\"pl-PL\",\"@id\":\"https:\/\/hlb-poland.global\/#\/schema\/logo\/image\/\",\"url\":\"https:\/\/hlb-poland.global\/wp-content\/uploads\/2025\/12\/hlb-poland-og-image.png\",\"contentUrl\":\"https:\/\/hlb-poland.global\/wp-content\/uploads\/2025\/12\/hlb-poland-og-image.png\",\"width\":1200,\"height\":630,\"caption\":\"HLB Poland\"},\"image\":{\"@id\":\"https:\/\/hlb-poland.global\/#\/schema\/logo\/image\/\"},\"sameAs\":[\"https:\/\/www.facebook.com\/HLBPoland\",\"https:\/\/www.linkedin.com\/company\/hlb-poland\"]}]}<\/script>\n<!-- \/ Yoast SEO plugin. -->","yoast_head_json":{"title":"Us\u0142ugi kadrowo-p\u0142acowe | HLB Poland","description":"Outsourcing us\u0142ug kadrowo-p\u0142acowych do firmy zewn\u0119trznej ma wiele zalet. Najwa\u017cniejsze z nich to zmniejszenie koszt\u00f3w zwi\u0105zanych z...","robots":{"index":"index","follow":"follow","max-snippet":"max-snippet:-1","max-image-preview":"max-image-preview:large","max-video-preview":"max-video-preview:-1"},"canonical":"https:\/\/hlb-poland.global\/pl\/uslugi\/kadry-i-place\/","og_locale":"pl_PL","og_type":"article","og_title":"Us\u0142ugi kadrowo-p\u0142acowe | HLB Poland","og_description":"Outsourcing us\u0142ug kadrowo-p\u0142acowych do firmy zewn\u0119trznej ma wiele zalet. Najwa\u017cniejsze z nich to zmniejszenie koszt\u00f3w zwi\u0105zanych z...","og_url":"https:\/\/hlb-poland.global\/pl\/uslugi\/kadry-i-place\/","og_site_name":"HLB Poland","article_publisher":"https:\/\/www.facebook.com\/HLBPoland","article_modified_time":"2022-12-27T13:17:37+00:00","twitter_card":"summary_large_image","twitter_misc":{"Szacowany czas czytania":"3 minuty"},"schema":{"@context":"https:\/\/schema.org","@graph":[{"@type":"WebPage","@id":"https:\/\/hlb-poland.global\/pl\/uslugi\/kadry-i-place\/","url":"https:\/\/hlb-poland.global\/pl\/uslugi\/kadry-i-place\/","name":"Us\u0142ugi kadrowo-p\u0142acowe | HLB Poland","isPartOf":{"@id":"https:\/\/hlb-poland.global\/#website"},"datePublished":"2018-12-13T08:09:42+00:00","dateModified":"2022-12-27T13:17:37+00:00","description":"Outsourcing us\u0142ug kadrowo-p\u0142acowych do firmy zewn\u0119trznej ma wiele zalet. Najwa\u017cniejsze z nich to zmniejszenie koszt\u00f3w zwi\u0105zanych z...","breadcrumb":{"@id":"https:\/\/hlb-poland.global\/pl\/uslugi\/kadry-i-place\/#breadcrumb"},"inLanguage":"pl-PL","potentialAction":[{"@type":"ReadAction","target":["https:\/\/hlb-poland.global\/pl\/uslugi\/kadry-i-place\/"]}]},{"@type":"BreadcrumbList","@id":"https:\/\/hlb-poland.global\/pl\/uslugi\/kadry-i-place\/#breadcrumb","itemListElement":[{"@type":"ListItem","position":1,"name":"Strona g\u0142\u00f3wna","item":"https:\/\/hlb-poland.global\/pl\/"},{"@type":"ListItem","position":2,"name":"Us\u0142ugi \u015bwiadczone przez HLB Poland","item":"https:\/\/hlb-poland.global\/pl\/uslugi\/"},{"@type":"ListItem","position":3,"name":"Us\u0142ugi kadrowo-p\u0142acowe"}]},{"@type":"WebSite","@id":"https:\/\/hlb-poland.global\/#website","url":"https:\/\/hlb-poland.global\/","name":"HLB Poland","description":"Advisory and accounting","publisher":{"@id":"https:\/\/hlb-poland.global\/#organization"},"potentialAction":[{"@type":"SearchAction","target":{"@type":"EntryPoint","urlTemplate":"https:\/\/hlb-poland.global\/?s={search_term_string}"},"query-input":{"@type":"PropertyValueSpecification","valueRequired":true,"valueName":"search_term_string"}}],"inLanguage":"pl-PL"},{"@type":"Organization","@id":"https:\/\/hlb-poland.global\/#organization","name":"HLB Poland","url":"https:\/\/hlb-poland.global\/","logo":{"@type":"ImageObject","inLanguage":"pl-PL","@id":"https:\/\/hlb-poland.global\/#\/schema\/logo\/image\/","url":"https:\/\/hlb-poland.global\/wp-content\/uploads\/2025\/12\/hlb-poland-og-image.png","contentUrl":"https:\/\/hlb-poland.global\/wp-content\/uploads\/2025\/12\/hlb-poland-og-image.png","width":1200,"height":630,"caption":"HLB Poland"},"image":{"@id":"https:\/\/hlb-poland.global\/#\/schema\/logo\/image\/"},"sameAs":["https:\/\/www.facebook.com\/HLBPoland","https:\/\/www.linkedin.com\/company\/hlb-poland"]}]}},"_links":{"self":[{"href":"https:\/\/hlb-poland.global\/pl\/wp-json\/wp\/v2\/pages\/1913","targetHints":{"allow":["GET"]}}],"collection":[{"href":"https:\/\/hlb-poland.global\/pl\/wp-json\/wp\/v2\/pages"}],"about":[{"href":"https:\/\/hlb-poland.global\/pl\/wp-json\/wp\/v2\/types\/page"}],"author":[{"embeddable":true,"href":"https:\/\/hlb-poland.global\/pl\/wp-json\/wp\/v2\/users\/3"}],"replies":[{"embeddable":true,"href":"https:\/\/hlb-poland.global\/pl\/wp-json\/wp\/v2\/comments?post=1913"}],"version-history":[{"count":6,"href":"https:\/\/hlb-poland.global\/pl\/wp-json\/wp\/v2\/pages\/1913\/revisions"}],"predecessor-version":[{"id":11317,"href":"https:\/\/hlb-poland.global\/pl\/wp-json\/wp\/v2\/pages\/1913\/revisions\/11317"}],"up":[{"embeddable":true,"href":"https:\/\/hlb-poland.global\/pl\/wp-json\/wp\/v2\/pages\/1847"}],"wp:attachment":[{"href":"https:\/\/hlb-poland.global\/pl\/wp-json\/wp\/v2\/media?parent=1913"}],"curies":[{"name":"wp","href":"https:\/\/api.w.org\/{rel}","templated":true}]}}