
{"id":1917,"date":"2018-12-13T09:14:30","date_gmt":"2018-12-13T08:14:30","guid":{"rendered":"http:\/\/hlb-poland.global\/?page_id=1917"},"modified":"2022-12-27T14:18:32","modified_gmt":"2022-12-27T13:18:32","slug":"uslugi-it","status":"publish","type":"page","link":"https:\/\/hlb-poland.global\/pl\/uslugi\/uslugi-it\/","title":{"rendered":"Profesjonalne us\u0142ugi IT"},"content":{"rendered":"<p>Firmy cz\u0142onkowskie <span style=\"font-weight: bold;\">HLB Poland<\/span> rozumiej\u0105, jak wa\u017cne dla naszych klient\u00f3w jest zarz\u0105dzanie bezpiecze\u0144stwem informacji, zatem obowi\u0105zkowo wdra\u017camy ten aspekt do proces\u00f3w zarz\u0105dzania jako\u015bci\u0105, aby nasza reputacja w zakresie dostarczania pierwszorz\u0119dnych us\u0142ug ros\u0142a.<\/p>\n<p>Z przyjemno\u015bci\u0105 informujemy, \u017ce w\u015br\u00f3d naszych polskich cz\u0142onk\u00f3w zako\u0144czony zosta\u0142 pierwszy etap akredytacji ISO 27001 i otrzymali\u015bmy certyfikat ISO 27001:2005. Zgodnie z wytycznymi certyfikacji ustanowionymi przez T\u00fcV Rheinland proces ten odbywa si\u0119 dwuetapowo. Zako\u0144czyli\u015bmy r\u00f3wnie\u017c drugi etap procesu certyfikacji dla normy ISO\/IEC 27001:2013 o oficjalnej nazwie &#8222;Technologia informatyczna \u2013 Techniki bezpiecze\u0144stwa \u2013 System zarz\u0105dzania bezpiecze\u0144stwem informacji \u2013 Wymagania&#8221;.<\/p>\n<p>G\u0142\u00f3wna zasada stoj\u0105ca za ISO\/IEC 27001:2013 pozwala <span style=\"font-weight: bold;\">HLB Poland<\/span> tworzy\u0107, wdra\u017ca\u0107 i utrzymywa\u0107 sp\u00f3jny zestaw polityk, proces\u00f3w i system\u00f3w do zarz\u0105dzania ryzykiem naszych zasob\u00f3w informatycznych, a nowa istotna sekcja dotycz\u0105ca outsourcingu tam zawarta umo\u017cliwia nam utrzymywa\u0107 doskona\u0142y poziom bezpiecze\u0144stwa informacji.<\/p>\n<p><span style=\"font-weight: bold;\">HLB Poland<\/span> uwa\u017ca, \u017ce proces uzupe\u0142nienia certyfikacji ISO 9001:2008 w naszych firmach cz\u0142onkowskich jest bardzo wa\u017cny i istotny. <span style=\"font-weight: bold;\">HLB Poland<\/span> b\u0119dzie nadal robi\u0142a wszystko, aby nasi obecni i potencjalni klienci byli spokojni o to, \u017ce us\u0142ugi dostarczane w ci\u0105gle zmieniaj\u0105cym si\u0119 otoczeniu b\u0119d\u0105 pierwszej klasy.<\/p>\n","protected":false},"excerpt":{"rendered":"<p>Firmy cz\u0142onkowskie HLB Poland rozumiej\u0105, jak wa\u017cne dla naszych klient\u00f3w jest zarz\u0105dzanie bezpiecze\u0144stwem informacji, zatem obowi\u0105zkowo wdra\u017camy ten aspekt do..<\/p>\n<div class=\"clear\"><\/div><a class=\"more-link\" href=\"https:\/\/hlb-poland.global\/pl\/uslugi\/uslugi-it\/\"> Dowiedz si\u0119 wi\u0119cej <\/a>","protected":false},"author":3,"featured_media":0,"parent":1847,"menu_order":0,"comment_status":"closed","ping_status":"closed","template":"","meta":{"_acf_changed":false,"footnotes":""},"class_list":["post-1917","page","type-page","status-publish","hentry"],"acf":[],"yoast_head":"<!-- This site is optimized with the Yoast SEO plugin v27.2 - https:\/\/yoast.com\/product\/yoast-seo-wordpress\/ -->\n<title>Profesjonalne us\u0142ugi IT | HLB Poland<\/title>\n<meta name=\"description\" content=\"HLB Poland oferuje Pa\u0144stwa firmie doradztwo i pomoc specjalistycznego personelu w dziedzinie bezpiecze\u0144stwa IT. Us\u0142uga ta poza...\" \/>\n<meta name=\"robots\" content=\"index, follow, max-snippet:-1, max-image-preview:large, max-video-preview:-1\" \/>\n<link rel=\"canonical\" href=\"https:\/\/hlb-poland.global\/pl\/uslugi\/uslugi-it\/\" \/>\n<meta property=\"og:locale\" content=\"pl_PL\" \/>\n<meta property=\"og:type\" content=\"article\" \/>\n<meta property=\"og:title\" content=\"Profesjonalne us\u0142ugi IT | HLB Poland\" \/>\n<meta property=\"og:description\" content=\"HLB Poland oferuje Pa\u0144stwa firmie doradztwo i pomoc specjalistycznego personelu w dziedzinie bezpiecze\u0144stwa IT. Us\u0142uga ta poza...\" \/>\n<meta property=\"og:url\" content=\"https:\/\/hlb-poland.global\/pl\/uslugi\/uslugi-it\/\" \/>\n<meta property=\"og:site_name\" content=\"HLB Poland\" \/>\n<meta property=\"article:publisher\" content=\"https:\/\/www.facebook.com\/HLBPoland\" \/>\n<meta property=\"article:modified_time\" content=\"2022-12-27T13:18:32+00:00\" \/>\n<meta name=\"twitter:card\" content=\"summary_large_image\" \/>\n<meta name=\"twitter:label1\" content=\"Szacowany czas czytania\" \/>\n\t<meta name=\"twitter:data1\" content=\"1 minuta\" \/>\n<script type=\"application\/ld+json\" class=\"yoast-schema-graph\">{\"@context\":\"https:\/\/schema.org\",\"@graph\":[{\"@type\":\"WebPage\",\"@id\":\"https:\/\/hlb-poland.global\/pl\/uslugi\/uslugi-it\/\",\"url\":\"https:\/\/hlb-poland.global\/pl\/uslugi\/uslugi-it\/\",\"name\":\"Profesjonalne us\u0142ugi IT | HLB Poland\",\"isPartOf\":{\"@id\":\"https:\/\/hlb-poland.global\/#website\"},\"datePublished\":\"2018-12-13T08:14:30+00:00\",\"dateModified\":\"2022-12-27T13:18:32+00:00\",\"description\":\"HLB Poland oferuje Pa\u0144stwa firmie doradztwo i pomoc specjalistycznego personelu w dziedzinie bezpiecze\u0144stwa IT. Us\u0142uga ta poza...\",\"breadcrumb\":{\"@id\":\"https:\/\/hlb-poland.global\/pl\/uslugi\/uslugi-it\/#breadcrumb\"},\"inLanguage\":\"pl-PL\",\"potentialAction\":[{\"@type\":\"ReadAction\",\"target\":[\"https:\/\/hlb-poland.global\/pl\/uslugi\/uslugi-it\/\"]}]},{\"@type\":\"BreadcrumbList\",\"@id\":\"https:\/\/hlb-poland.global\/pl\/uslugi\/uslugi-it\/#breadcrumb\",\"itemListElement\":[{\"@type\":\"ListItem\",\"position\":1,\"name\":\"Strona g\u0142\u00f3wna\",\"item\":\"https:\/\/hlb-poland.global\/pl\/\"},{\"@type\":\"ListItem\",\"position\":2,\"name\":\"Us\u0142ugi \u015bwiadczone przez HLB Poland\",\"item\":\"https:\/\/hlb-poland.global\/pl\/uslugi\/\"},{\"@type\":\"ListItem\",\"position\":3,\"name\":\"Profesjonalne us\u0142ugi IT\"}]},{\"@type\":\"WebSite\",\"@id\":\"https:\/\/hlb-poland.global\/#website\",\"url\":\"https:\/\/hlb-poland.global\/\",\"name\":\"HLB Poland\",\"description\":\"Advisory and accounting\",\"publisher\":{\"@id\":\"https:\/\/hlb-poland.global\/#organization\"},\"potentialAction\":[{\"@type\":\"SearchAction\",\"target\":{\"@type\":\"EntryPoint\",\"urlTemplate\":\"https:\/\/hlb-poland.global\/?s={search_term_string}\"},\"query-input\":{\"@type\":\"PropertyValueSpecification\",\"valueRequired\":true,\"valueName\":\"search_term_string\"}}],\"inLanguage\":\"pl-PL\"},{\"@type\":\"Organization\",\"@id\":\"https:\/\/hlb-poland.global\/#organization\",\"name\":\"HLB Poland\",\"url\":\"https:\/\/hlb-poland.global\/\",\"logo\":{\"@type\":\"ImageObject\",\"inLanguage\":\"pl-PL\",\"@id\":\"https:\/\/hlb-poland.global\/#\/schema\/logo\/image\/\",\"url\":\"https:\/\/hlb-poland.global\/wp-content\/uploads\/2025\/12\/hlb-poland-og-image.png\",\"contentUrl\":\"https:\/\/hlb-poland.global\/wp-content\/uploads\/2025\/12\/hlb-poland-og-image.png\",\"width\":1200,\"height\":630,\"caption\":\"HLB Poland\"},\"image\":{\"@id\":\"https:\/\/hlb-poland.global\/#\/schema\/logo\/image\/\"},\"sameAs\":[\"https:\/\/www.facebook.com\/HLBPoland\",\"https:\/\/www.linkedin.com\/company\/hlb-poland\"]}]}<\/script>\n<!-- \/ Yoast SEO plugin. -->","yoast_head_json":{"title":"Profesjonalne us\u0142ugi IT | HLB Poland","description":"HLB Poland oferuje Pa\u0144stwa firmie doradztwo i pomoc specjalistycznego personelu w dziedzinie bezpiecze\u0144stwa IT. Us\u0142uga ta poza...","robots":{"index":"index","follow":"follow","max-snippet":"max-snippet:-1","max-image-preview":"max-image-preview:large","max-video-preview":"max-video-preview:-1"},"canonical":"https:\/\/hlb-poland.global\/pl\/uslugi\/uslugi-it\/","og_locale":"pl_PL","og_type":"article","og_title":"Profesjonalne us\u0142ugi IT | HLB Poland","og_description":"HLB Poland oferuje Pa\u0144stwa firmie doradztwo i pomoc specjalistycznego personelu w dziedzinie bezpiecze\u0144stwa IT. Us\u0142uga ta poza...","og_url":"https:\/\/hlb-poland.global\/pl\/uslugi\/uslugi-it\/","og_site_name":"HLB Poland","article_publisher":"https:\/\/www.facebook.com\/HLBPoland","article_modified_time":"2022-12-27T13:18:32+00:00","twitter_card":"summary_large_image","twitter_misc":{"Szacowany czas czytania":"1 minuta"},"schema":{"@context":"https:\/\/schema.org","@graph":[{"@type":"WebPage","@id":"https:\/\/hlb-poland.global\/pl\/uslugi\/uslugi-it\/","url":"https:\/\/hlb-poland.global\/pl\/uslugi\/uslugi-it\/","name":"Profesjonalne us\u0142ugi IT | HLB Poland","isPartOf":{"@id":"https:\/\/hlb-poland.global\/#website"},"datePublished":"2018-12-13T08:14:30+00:00","dateModified":"2022-12-27T13:18:32+00:00","description":"HLB Poland oferuje Pa\u0144stwa firmie doradztwo i pomoc specjalistycznego personelu w dziedzinie bezpiecze\u0144stwa IT. Us\u0142uga ta poza...","breadcrumb":{"@id":"https:\/\/hlb-poland.global\/pl\/uslugi\/uslugi-it\/#breadcrumb"},"inLanguage":"pl-PL","potentialAction":[{"@type":"ReadAction","target":["https:\/\/hlb-poland.global\/pl\/uslugi\/uslugi-it\/"]}]},{"@type":"BreadcrumbList","@id":"https:\/\/hlb-poland.global\/pl\/uslugi\/uslugi-it\/#breadcrumb","itemListElement":[{"@type":"ListItem","position":1,"name":"Strona g\u0142\u00f3wna","item":"https:\/\/hlb-poland.global\/pl\/"},{"@type":"ListItem","position":2,"name":"Us\u0142ugi \u015bwiadczone przez HLB Poland","item":"https:\/\/hlb-poland.global\/pl\/uslugi\/"},{"@type":"ListItem","position":3,"name":"Profesjonalne us\u0142ugi IT"}]},{"@type":"WebSite","@id":"https:\/\/hlb-poland.global\/#website","url":"https:\/\/hlb-poland.global\/","name":"HLB Poland","description":"Advisory and accounting","publisher":{"@id":"https:\/\/hlb-poland.global\/#organization"},"potentialAction":[{"@type":"SearchAction","target":{"@type":"EntryPoint","urlTemplate":"https:\/\/hlb-poland.global\/?s={search_term_string}"},"query-input":{"@type":"PropertyValueSpecification","valueRequired":true,"valueName":"search_term_string"}}],"inLanguage":"pl-PL"},{"@type":"Organization","@id":"https:\/\/hlb-poland.global\/#organization","name":"HLB Poland","url":"https:\/\/hlb-poland.global\/","logo":{"@type":"ImageObject","inLanguage":"pl-PL","@id":"https:\/\/hlb-poland.global\/#\/schema\/logo\/image\/","url":"https:\/\/hlb-poland.global\/wp-content\/uploads\/2025\/12\/hlb-poland-og-image.png","contentUrl":"https:\/\/hlb-poland.global\/wp-content\/uploads\/2025\/12\/hlb-poland-og-image.png","width":1200,"height":630,"caption":"HLB Poland"},"image":{"@id":"https:\/\/hlb-poland.global\/#\/schema\/logo\/image\/"},"sameAs":["https:\/\/www.facebook.com\/HLBPoland","https:\/\/www.linkedin.com\/company\/hlb-poland"]}]}},"_links":{"self":[{"href":"https:\/\/hlb-poland.global\/pl\/wp-json\/wp\/v2\/pages\/1917","targetHints":{"allow":["GET"]}}],"collection":[{"href":"https:\/\/hlb-poland.global\/pl\/wp-json\/wp\/v2\/pages"}],"about":[{"href":"https:\/\/hlb-poland.global\/pl\/wp-json\/wp\/v2\/types\/page"}],"author":[{"embeddable":true,"href":"https:\/\/hlb-poland.global\/pl\/wp-json\/wp\/v2\/users\/3"}],"replies":[{"embeddable":true,"href":"https:\/\/hlb-poland.global\/pl\/wp-json\/wp\/v2\/comments?post=1917"}],"version-history":[{"count":6,"href":"https:\/\/hlb-poland.global\/pl\/wp-json\/wp\/v2\/pages\/1917\/revisions"}],"predecessor-version":[{"id":11318,"href":"https:\/\/hlb-poland.global\/pl\/wp-json\/wp\/v2\/pages\/1917\/revisions\/11318"}],"up":[{"embeddable":true,"href":"https:\/\/hlb-poland.global\/pl\/wp-json\/wp\/v2\/pages\/1847"}],"wp:attachment":[{"href":"https:\/\/hlb-poland.global\/pl\/wp-json\/wp\/v2\/media?parent=1917"}],"curies":[{"name":"wp","href":"https:\/\/api.w.org\/{rel}","templated":true}]}}