
{"id":1919,"date":"2018-12-13T09:16:21","date_gmt":"2018-12-13T08:16:21","guid":{"rendered":"http:\/\/hlb-poland.global\/?page_id=1919"},"modified":"2023-03-27T09:16:44","modified_gmt":"2023-03-27T08:16:44","slug":"uslugi-biznesowe","status":"publish","type":"page","link":"https:\/\/hlb-poland.global\/pl\/uslugi\/uslugi-biznesowe\/","title":{"rendered":"Us\u0142ugi biznesowe HLB Poland"},"content":{"rendered":"<p>Zaczniemy od za\u0142o\u017cenia firmy, w tym adresu siedziby, a zako\u0144czymy na kompletnych us\u0142ugach wirtualnego biura. Pozwoli to Pa\u0144stwu nie tylko oszcz\u0119dzi\u0107 na kosztach wynajmu i kosztach operacyjnych, ale r\u00f3wnie\u017c na kosztach personelu. Prosz\u0119 skupi\u0107 si\u0119 na podstawowej dzia\u0142alno\u015bci firmy, a <span style=\"font-weight: bold;\">HLB Poland<\/span> zajmie si\u0119 sprawn\u0105 obs\u0142ug\u0105 proces\u00f3w administracyjnych zwi\u0105zanych z przep\u0142ywem pracy.<\/p>\n","protected":false},"excerpt":{"rendered":"<p>Zaczniemy od za\u0142o\u017cenia firmy, w tym adresu siedziby, a zako\u0144czymy na kompletnych us\u0142ugach wirtualnego biura. Pozwoli to Pa\u0144stwu nie tylko..<\/p>\n<div class=\"clear\"><\/div><a class=\"more-link\" href=\"https:\/\/hlb-poland.global\/pl\/uslugi\/uslugi-biznesowe\/\"> Dowiedz si\u0119 wi\u0119cej <\/a>","protected":false},"author":3,"featured_media":0,"parent":1847,"menu_order":0,"comment_status":"closed","ping_status":"closed","template":"","meta":{"_acf_changed":false,"footnotes":""},"class_list":["post-1919","page","type-page","status-publish","hentry"],"acf":[],"yoast_head":"<!-- This site is optimized with the Yoast SEO plugin v27.2 - https:\/\/yoast.com\/product\/yoast-seo-wordpress\/ -->\n<title>Us\u0142ugi biznesowe HLB Poland<\/title>\n<meta name=\"description\" content=\"Je\u017celi Pa\u0144stwa firma potrzebuje lokalizacji w Polsce, HLB Poland z wielk\u0105 przyjemno\u015bci\u0105 podejmie si\u0119 wszelkich koniecznych dzia\u0142a\u0144 w tym...\" \/>\n<meta name=\"robots\" content=\"index, follow, max-snippet:-1, max-image-preview:large, max-video-preview:-1\" \/>\n<link rel=\"canonical\" href=\"https:\/\/hlb-poland.global\/pl\/uslugi\/uslugi-biznesowe\/\" \/>\n<meta property=\"og:locale\" content=\"pl_PL\" \/>\n<meta property=\"og:type\" content=\"article\" \/>\n<meta property=\"og:title\" content=\"Us\u0142ugi biznesowe HLB Poland\" \/>\n<meta property=\"og:description\" content=\"Je\u017celi Pa\u0144stwa firma potrzebuje lokalizacji w Polsce, HLB Poland z wielk\u0105 przyjemno\u015bci\u0105 podejmie si\u0119 wszelkich koniecznych dzia\u0142a\u0144 w tym...\" \/>\n<meta property=\"og:url\" content=\"https:\/\/hlb-poland.global\/pl\/uslugi\/uslugi-biznesowe\/\" \/>\n<meta property=\"og:site_name\" content=\"HLB Poland\" \/>\n<meta property=\"article:publisher\" content=\"https:\/\/www.facebook.com\/HLBPoland\" \/>\n<meta property=\"article:modified_time\" content=\"2023-03-27T08:16:44+00:00\" \/>\n<meta name=\"twitter:card\" content=\"summary_large_image\" \/>\n<script type=\"application\/ld+json\" class=\"yoast-schema-graph\">{\"@context\":\"https:\/\/schema.org\",\"@graph\":[{\"@type\":\"WebPage\",\"@id\":\"https:\/\/hlb-poland.global\/pl\/uslugi\/uslugi-biznesowe\/\",\"url\":\"https:\/\/hlb-poland.global\/pl\/uslugi\/uslugi-biznesowe\/\",\"name\":\"Us\u0142ugi biznesowe HLB Poland\",\"isPartOf\":{\"@id\":\"https:\/\/hlb-poland.global\/#website\"},\"datePublished\":\"2018-12-13T08:16:21+00:00\",\"dateModified\":\"2023-03-27T08:16:44+00:00\",\"description\":\"Je\u017celi Pa\u0144stwa firma potrzebuje lokalizacji w Polsce, HLB Poland z wielk\u0105 przyjemno\u015bci\u0105 podejmie si\u0119 wszelkich koniecznych dzia\u0142a\u0144 w tym...\",\"breadcrumb\":{\"@id\":\"https:\/\/hlb-poland.global\/pl\/uslugi\/uslugi-biznesowe\/#breadcrumb\"},\"inLanguage\":\"pl-PL\",\"potentialAction\":[{\"@type\":\"ReadAction\",\"target\":[\"https:\/\/hlb-poland.global\/pl\/uslugi\/uslugi-biznesowe\/\"]}]},{\"@type\":\"BreadcrumbList\",\"@id\":\"https:\/\/hlb-poland.global\/pl\/uslugi\/uslugi-biznesowe\/#breadcrumb\",\"itemListElement\":[{\"@type\":\"ListItem\",\"position\":1,\"name\":\"Strona g\u0142\u00f3wna\",\"item\":\"https:\/\/hlb-poland.global\/pl\/\"},{\"@type\":\"ListItem\",\"position\":2,\"name\":\"Us\u0142ugi \u015bwiadczone przez HLB Poland\",\"item\":\"https:\/\/hlb-poland.global\/pl\/uslugi\/\"},{\"@type\":\"ListItem\",\"position\":3,\"name\":\"Us\u0142ugi biznesowe HLB Poland\"}]},{\"@type\":\"WebSite\",\"@id\":\"https:\/\/hlb-poland.global\/#website\",\"url\":\"https:\/\/hlb-poland.global\/\",\"name\":\"HLB Poland\",\"description\":\"Advisory and accounting\",\"publisher\":{\"@id\":\"https:\/\/hlb-poland.global\/#organization\"},\"potentialAction\":[{\"@type\":\"SearchAction\",\"target\":{\"@type\":\"EntryPoint\",\"urlTemplate\":\"https:\/\/hlb-poland.global\/?s={search_term_string}\"},\"query-input\":{\"@type\":\"PropertyValueSpecification\",\"valueRequired\":true,\"valueName\":\"search_term_string\"}}],\"inLanguage\":\"pl-PL\"},{\"@type\":\"Organization\",\"@id\":\"https:\/\/hlb-poland.global\/#organization\",\"name\":\"HLB Poland\",\"url\":\"https:\/\/hlb-poland.global\/\",\"logo\":{\"@type\":\"ImageObject\",\"inLanguage\":\"pl-PL\",\"@id\":\"https:\/\/hlb-poland.global\/#\/schema\/logo\/image\/\",\"url\":\"https:\/\/hlb-poland.global\/wp-content\/uploads\/2025\/12\/hlb-poland-og-image.png\",\"contentUrl\":\"https:\/\/hlb-poland.global\/wp-content\/uploads\/2025\/12\/hlb-poland-og-image.png\",\"width\":1200,\"height\":630,\"caption\":\"HLB Poland\"},\"image\":{\"@id\":\"https:\/\/hlb-poland.global\/#\/schema\/logo\/image\/\"},\"sameAs\":[\"https:\/\/www.facebook.com\/HLBPoland\",\"https:\/\/www.linkedin.com\/company\/hlb-poland\"]}]}<\/script>\n<!-- \/ Yoast SEO plugin. -->","yoast_head_json":{"title":"Us\u0142ugi biznesowe HLB Poland","description":"Je\u017celi Pa\u0144stwa firma potrzebuje lokalizacji w Polsce, HLB Poland z wielk\u0105 przyjemno\u015bci\u0105 podejmie si\u0119 wszelkich koniecznych dzia\u0142a\u0144 w tym...","robots":{"index":"index","follow":"follow","max-snippet":"max-snippet:-1","max-image-preview":"max-image-preview:large","max-video-preview":"max-video-preview:-1"},"canonical":"https:\/\/hlb-poland.global\/pl\/uslugi\/uslugi-biznesowe\/","og_locale":"pl_PL","og_type":"article","og_title":"Us\u0142ugi biznesowe HLB Poland","og_description":"Je\u017celi Pa\u0144stwa firma potrzebuje lokalizacji w Polsce, HLB Poland z wielk\u0105 przyjemno\u015bci\u0105 podejmie si\u0119 wszelkich koniecznych dzia\u0142a\u0144 w tym...","og_url":"https:\/\/hlb-poland.global\/pl\/uslugi\/uslugi-biznesowe\/","og_site_name":"HLB Poland","article_publisher":"https:\/\/www.facebook.com\/HLBPoland","article_modified_time":"2023-03-27T08:16:44+00:00","twitter_card":"summary_large_image","schema":{"@context":"https:\/\/schema.org","@graph":[{"@type":"WebPage","@id":"https:\/\/hlb-poland.global\/pl\/uslugi\/uslugi-biznesowe\/","url":"https:\/\/hlb-poland.global\/pl\/uslugi\/uslugi-biznesowe\/","name":"Us\u0142ugi biznesowe HLB Poland","isPartOf":{"@id":"https:\/\/hlb-poland.global\/#website"},"datePublished":"2018-12-13T08:16:21+00:00","dateModified":"2023-03-27T08:16:44+00:00","description":"Je\u017celi Pa\u0144stwa firma potrzebuje lokalizacji w Polsce, HLB Poland z wielk\u0105 przyjemno\u015bci\u0105 podejmie si\u0119 wszelkich koniecznych dzia\u0142a\u0144 w tym...","breadcrumb":{"@id":"https:\/\/hlb-poland.global\/pl\/uslugi\/uslugi-biznesowe\/#breadcrumb"},"inLanguage":"pl-PL","potentialAction":[{"@type":"ReadAction","target":["https:\/\/hlb-poland.global\/pl\/uslugi\/uslugi-biznesowe\/"]}]},{"@type":"BreadcrumbList","@id":"https:\/\/hlb-poland.global\/pl\/uslugi\/uslugi-biznesowe\/#breadcrumb","itemListElement":[{"@type":"ListItem","position":1,"name":"Strona g\u0142\u00f3wna","item":"https:\/\/hlb-poland.global\/pl\/"},{"@type":"ListItem","position":2,"name":"Us\u0142ugi \u015bwiadczone przez HLB Poland","item":"https:\/\/hlb-poland.global\/pl\/uslugi\/"},{"@type":"ListItem","position":3,"name":"Us\u0142ugi biznesowe HLB Poland"}]},{"@type":"WebSite","@id":"https:\/\/hlb-poland.global\/#website","url":"https:\/\/hlb-poland.global\/","name":"HLB Poland","description":"Advisory and accounting","publisher":{"@id":"https:\/\/hlb-poland.global\/#organization"},"potentialAction":[{"@type":"SearchAction","target":{"@type":"EntryPoint","urlTemplate":"https:\/\/hlb-poland.global\/?s={search_term_string}"},"query-input":{"@type":"PropertyValueSpecification","valueRequired":true,"valueName":"search_term_string"}}],"inLanguage":"pl-PL"},{"@type":"Organization","@id":"https:\/\/hlb-poland.global\/#organization","name":"HLB Poland","url":"https:\/\/hlb-poland.global\/","logo":{"@type":"ImageObject","inLanguage":"pl-PL","@id":"https:\/\/hlb-poland.global\/#\/schema\/logo\/image\/","url":"https:\/\/hlb-poland.global\/wp-content\/uploads\/2025\/12\/hlb-poland-og-image.png","contentUrl":"https:\/\/hlb-poland.global\/wp-content\/uploads\/2025\/12\/hlb-poland-og-image.png","width":1200,"height":630,"caption":"HLB Poland"},"image":{"@id":"https:\/\/hlb-poland.global\/#\/schema\/logo\/image\/"},"sameAs":["https:\/\/www.facebook.com\/HLBPoland","https:\/\/www.linkedin.com\/company\/hlb-poland"]}]}},"_links":{"self":[{"href":"https:\/\/hlb-poland.global\/pl\/wp-json\/wp\/v2\/pages\/1919","targetHints":{"allow":["GET"]}}],"collection":[{"href":"https:\/\/hlb-poland.global\/pl\/wp-json\/wp\/v2\/pages"}],"about":[{"href":"https:\/\/hlb-poland.global\/pl\/wp-json\/wp\/v2\/types\/page"}],"author":[{"embeddable":true,"href":"https:\/\/hlb-poland.global\/pl\/wp-json\/wp\/v2\/users\/3"}],"replies":[{"embeddable":true,"href":"https:\/\/hlb-poland.global\/pl\/wp-json\/wp\/v2\/comments?post=1919"}],"version-history":[{"count":6,"href":"https:\/\/hlb-poland.global\/pl\/wp-json\/wp\/v2\/pages\/1919\/revisions"}],"predecessor-version":[{"id":11312,"href":"https:\/\/hlb-poland.global\/pl\/wp-json\/wp\/v2\/pages\/1919\/revisions\/11312"}],"up":[{"embeddable":true,"href":"https:\/\/hlb-poland.global\/pl\/wp-json\/wp\/v2\/pages\/1847"}],"wp:attachment":[{"href":"https:\/\/hlb-poland.global\/pl\/wp-json\/wp\/v2\/media?parent=1919"}],"curies":[{"name":"wp","href":"https:\/\/api.w.org\/{rel}","templated":true}]}}