
{"id":1923,"date":"2018-12-13T09:43:10","date_gmt":"2018-12-13T08:43:10","guid":{"rendered":"http:\/\/hlb-poland.global\/?page_id=1923"},"modified":"2022-06-23T11:26:22","modified_gmt":"2022-06-23T10:26:22","slug":"doradztwo-korporacyjne","status":"publish","type":"page","link":"https:\/\/hlb-poland.global\/pl\/uslugi\/doradztwo-korporacyjne\/","title":{"rendered":"Doradztwo korporacyjne"},"content":{"rendered":"<h3>Do us\u0142ug \u015bwiadczonych przez nasze firmy cz\u0142onkowskie nale\u017c\u0105:<\/h3>\n<ul>\n<li>pierwsze oferty publiczne;<\/li>\n<li>po\u0142\u0105czenia i podzia\u0142y oraz joint venture;<\/li>\n<li>kompleksowa analiza ekonomiczno-finansowa;<\/li>\n<li>pozyskiwanie \u015brodk\u00f3w;<\/li>\n<li>zarz\u0105dzanie ryzykiem;<\/li>\n<li>strukturyzacja dzia\u0142alno\u015bci gospodarczej;<\/li>\n<li>naprawa i likwidacja dzia\u0142alno\u015bci gospodarczej<\/li>\n<\/ul>\n","protected":false},"excerpt":{"rendered":"<p>Do us\u0142ug \u015bwiadczonych przez nasze firmy cz\u0142onkowskie nale\u017c\u0105: pierwsze oferty publiczne; po\u0142\u0105czenia i podzia\u0142y oraz joint venture; kompleksowa analiza ekonomiczno-finansowa;..<\/p>\n<div class=\"clear\"><\/div><a class=\"more-link\" href=\"https:\/\/hlb-poland.global\/pl\/uslugi\/doradztwo-korporacyjne\/\"> Dowiedz si\u0119 wi\u0119cej <\/a>","protected":false},"author":3,"featured_media":0,"parent":1847,"menu_order":0,"comment_status":"closed","ping_status":"closed","template":"","meta":{"_acf_changed":false,"footnotes":""},"class_list":["post-1923","page","type-page","status-publish","hentry"],"acf":[],"yoast_head":"<!-- This site is optimized with the Yoast SEO plugin v27.2 - https:\/\/yoast.com\/product\/yoast-seo-wordpress\/ -->\n<title>Doradztwo korporacyjne | HLB Poland<\/title>\n<meta name=\"description\" content=\"Ka\u017cda umowa biznesowa przynosi ze sob\u0105 konkretny zestaw wyzwa\u0144, wymagaj\u0105cych specjalistycznej wiedzy i do\u015bwiadczenia. Firmy cz\u0142onkowskie...\" \/>\n<meta name=\"robots\" content=\"index, follow, max-snippet:-1, max-image-preview:large, max-video-preview:-1\" \/>\n<link rel=\"canonical\" href=\"https:\/\/hlb-poland.global\/pl\/uslugi\/doradztwo-korporacyjne\/\" \/>\n<meta property=\"og:locale\" content=\"pl_PL\" \/>\n<meta property=\"og:type\" content=\"article\" \/>\n<meta property=\"og:title\" content=\"Doradztwo korporacyjne | HLB Poland\" \/>\n<meta property=\"og:description\" content=\"Ka\u017cda umowa biznesowa przynosi ze sob\u0105 konkretny zestaw wyzwa\u0144, wymagaj\u0105cych specjalistycznej wiedzy i do\u015bwiadczenia. Firmy cz\u0142onkowskie...\" \/>\n<meta property=\"og:url\" content=\"https:\/\/hlb-poland.global\/pl\/uslugi\/doradztwo-korporacyjne\/\" \/>\n<meta property=\"og:site_name\" content=\"HLB Poland\" \/>\n<meta property=\"article:publisher\" content=\"https:\/\/www.facebook.com\/HLBPoland\" \/>\n<meta property=\"article:modified_time\" content=\"2022-06-23T10:26:22+00:00\" \/>\n<meta name=\"twitter:card\" content=\"summary_large_image\" \/>\n<script type=\"application\/ld+json\" class=\"yoast-schema-graph\">{\"@context\":\"https:\/\/schema.org\",\"@graph\":[{\"@type\":\"WebPage\",\"@id\":\"https:\/\/hlb-poland.global\/pl\/uslugi\/doradztwo-korporacyjne\/\",\"url\":\"https:\/\/hlb-poland.global\/pl\/uslugi\/doradztwo-korporacyjne\/\",\"name\":\"Doradztwo korporacyjne | HLB Poland\",\"isPartOf\":{\"@id\":\"https:\/\/hlb-poland.global\/#website\"},\"datePublished\":\"2018-12-13T08:43:10+00:00\",\"dateModified\":\"2022-06-23T10:26:22+00:00\",\"description\":\"Ka\u017cda umowa biznesowa przynosi ze sob\u0105 konkretny zestaw wyzwa\u0144, wymagaj\u0105cych specjalistycznej wiedzy i do\u015bwiadczenia. Firmy cz\u0142onkowskie...\",\"breadcrumb\":{\"@id\":\"https:\/\/hlb-poland.global\/pl\/uslugi\/doradztwo-korporacyjne\/#breadcrumb\"},\"inLanguage\":\"pl-PL\",\"potentialAction\":[{\"@type\":\"ReadAction\",\"target\":[\"https:\/\/hlb-poland.global\/pl\/uslugi\/doradztwo-korporacyjne\/\"]}]},{\"@type\":\"BreadcrumbList\",\"@id\":\"https:\/\/hlb-poland.global\/pl\/uslugi\/doradztwo-korporacyjne\/#breadcrumb\",\"itemListElement\":[{\"@type\":\"ListItem\",\"position\":1,\"name\":\"Strona g\u0142\u00f3wna\",\"item\":\"https:\/\/hlb-poland.global\/pl\/\"},{\"@type\":\"ListItem\",\"position\":2,\"name\":\"Us\u0142ugi \u015bwiadczone przez HLB Poland\",\"item\":\"https:\/\/hlb-poland.global\/pl\/uslugi\/\"},{\"@type\":\"ListItem\",\"position\":3,\"name\":\"Doradztwo korporacyjne\"}]},{\"@type\":\"WebSite\",\"@id\":\"https:\/\/hlb-poland.global\/#website\",\"url\":\"https:\/\/hlb-poland.global\/\",\"name\":\"HLB Poland\",\"description\":\"Advisory and accounting\",\"publisher\":{\"@id\":\"https:\/\/hlb-poland.global\/#organization\"},\"potentialAction\":[{\"@type\":\"SearchAction\",\"target\":{\"@type\":\"EntryPoint\",\"urlTemplate\":\"https:\/\/hlb-poland.global\/?s={search_term_string}\"},\"query-input\":{\"@type\":\"PropertyValueSpecification\",\"valueRequired\":true,\"valueName\":\"search_term_string\"}}],\"inLanguage\":\"pl-PL\"},{\"@type\":\"Organization\",\"@id\":\"https:\/\/hlb-poland.global\/#organization\",\"name\":\"HLB Poland\",\"url\":\"https:\/\/hlb-poland.global\/\",\"logo\":{\"@type\":\"ImageObject\",\"inLanguage\":\"pl-PL\",\"@id\":\"https:\/\/hlb-poland.global\/#\/schema\/logo\/image\/\",\"url\":\"https:\/\/hlb-poland.global\/wp-content\/uploads\/2025\/12\/hlb-poland-og-image.png\",\"contentUrl\":\"https:\/\/hlb-poland.global\/wp-content\/uploads\/2025\/12\/hlb-poland-og-image.png\",\"width\":1200,\"height\":630,\"caption\":\"HLB Poland\"},\"image\":{\"@id\":\"https:\/\/hlb-poland.global\/#\/schema\/logo\/image\/\"},\"sameAs\":[\"https:\/\/www.facebook.com\/HLBPoland\",\"https:\/\/www.linkedin.com\/company\/hlb-poland\"]}]}<\/script>\n<!-- \/ Yoast SEO plugin. -->","yoast_head_json":{"title":"Doradztwo korporacyjne | HLB Poland","description":"Ka\u017cda umowa biznesowa przynosi ze sob\u0105 konkretny zestaw wyzwa\u0144, wymagaj\u0105cych specjalistycznej wiedzy i do\u015bwiadczenia. Firmy cz\u0142onkowskie...","robots":{"index":"index","follow":"follow","max-snippet":"max-snippet:-1","max-image-preview":"max-image-preview:large","max-video-preview":"max-video-preview:-1"},"canonical":"https:\/\/hlb-poland.global\/pl\/uslugi\/doradztwo-korporacyjne\/","og_locale":"pl_PL","og_type":"article","og_title":"Doradztwo korporacyjne | HLB Poland","og_description":"Ka\u017cda umowa biznesowa przynosi ze sob\u0105 konkretny zestaw wyzwa\u0144, wymagaj\u0105cych specjalistycznej wiedzy i do\u015bwiadczenia. Firmy cz\u0142onkowskie...","og_url":"https:\/\/hlb-poland.global\/pl\/uslugi\/doradztwo-korporacyjne\/","og_site_name":"HLB Poland","article_publisher":"https:\/\/www.facebook.com\/HLBPoland","article_modified_time":"2022-06-23T10:26:22+00:00","twitter_card":"summary_large_image","schema":{"@context":"https:\/\/schema.org","@graph":[{"@type":"WebPage","@id":"https:\/\/hlb-poland.global\/pl\/uslugi\/doradztwo-korporacyjne\/","url":"https:\/\/hlb-poland.global\/pl\/uslugi\/doradztwo-korporacyjne\/","name":"Doradztwo korporacyjne | HLB Poland","isPartOf":{"@id":"https:\/\/hlb-poland.global\/#website"},"datePublished":"2018-12-13T08:43:10+00:00","dateModified":"2022-06-23T10:26:22+00:00","description":"Ka\u017cda umowa biznesowa przynosi ze sob\u0105 konkretny zestaw wyzwa\u0144, wymagaj\u0105cych specjalistycznej wiedzy i do\u015bwiadczenia. Firmy cz\u0142onkowskie...","breadcrumb":{"@id":"https:\/\/hlb-poland.global\/pl\/uslugi\/doradztwo-korporacyjne\/#breadcrumb"},"inLanguage":"pl-PL","potentialAction":[{"@type":"ReadAction","target":["https:\/\/hlb-poland.global\/pl\/uslugi\/doradztwo-korporacyjne\/"]}]},{"@type":"BreadcrumbList","@id":"https:\/\/hlb-poland.global\/pl\/uslugi\/doradztwo-korporacyjne\/#breadcrumb","itemListElement":[{"@type":"ListItem","position":1,"name":"Strona g\u0142\u00f3wna","item":"https:\/\/hlb-poland.global\/pl\/"},{"@type":"ListItem","position":2,"name":"Us\u0142ugi \u015bwiadczone przez HLB Poland","item":"https:\/\/hlb-poland.global\/pl\/uslugi\/"},{"@type":"ListItem","position":3,"name":"Doradztwo korporacyjne"}]},{"@type":"WebSite","@id":"https:\/\/hlb-poland.global\/#website","url":"https:\/\/hlb-poland.global\/","name":"HLB Poland","description":"Advisory and accounting","publisher":{"@id":"https:\/\/hlb-poland.global\/#organization"},"potentialAction":[{"@type":"SearchAction","target":{"@type":"EntryPoint","urlTemplate":"https:\/\/hlb-poland.global\/?s={search_term_string}"},"query-input":{"@type":"PropertyValueSpecification","valueRequired":true,"valueName":"search_term_string"}}],"inLanguage":"pl-PL"},{"@type":"Organization","@id":"https:\/\/hlb-poland.global\/#organization","name":"HLB Poland","url":"https:\/\/hlb-poland.global\/","logo":{"@type":"ImageObject","inLanguage":"pl-PL","@id":"https:\/\/hlb-poland.global\/#\/schema\/logo\/image\/","url":"https:\/\/hlb-poland.global\/wp-content\/uploads\/2025\/12\/hlb-poland-og-image.png","contentUrl":"https:\/\/hlb-poland.global\/wp-content\/uploads\/2025\/12\/hlb-poland-og-image.png","width":1200,"height":630,"caption":"HLB Poland"},"image":{"@id":"https:\/\/hlb-poland.global\/#\/schema\/logo\/image\/"},"sameAs":["https:\/\/www.facebook.com\/HLBPoland","https:\/\/www.linkedin.com\/company\/hlb-poland"]}]}},"_links":{"self":[{"href":"https:\/\/hlb-poland.global\/pl\/wp-json\/wp\/v2\/pages\/1923","targetHints":{"allow":["GET"]}}],"collection":[{"href":"https:\/\/hlb-poland.global\/pl\/wp-json\/wp\/v2\/pages"}],"about":[{"href":"https:\/\/hlb-poland.global\/pl\/wp-json\/wp\/v2\/types\/page"}],"author":[{"embeddable":true,"href":"https:\/\/hlb-poland.global\/pl\/wp-json\/wp\/v2\/users\/3"}],"replies":[{"embeddable":true,"href":"https:\/\/hlb-poland.global\/pl\/wp-json\/wp\/v2\/comments?post=1923"}],"version-history":[{"count":3,"href":"https:\/\/hlb-poland.global\/pl\/wp-json\/wp\/v2\/pages\/1923\/revisions"}],"predecessor-version":[{"id":2484,"href":"https:\/\/hlb-poland.global\/pl\/wp-json\/wp\/v2\/pages\/1923\/revisions\/2484"}],"up":[{"embeddable":true,"href":"https:\/\/hlb-poland.global\/pl\/wp-json\/wp\/v2\/pages\/1847"}],"wp:attachment":[{"href":"https:\/\/hlb-poland.global\/pl\/wp-json\/wp\/v2\/media?parent=1923"}],"curies":[{"name":"wp","href":"https:\/\/api.w.org\/{rel}","templated":true}]}}