
{"id":1925,"date":"2018-12-13T09:44:26","date_gmt":"2018-12-13T08:44:26","guid":{"rendered":"http:\/\/hlb-poland.global\/?page_id=1925"},"modified":"2022-06-23T11:52:04","modified_gmt":"2022-06-23T10:52:04","slug":"doradztwo-operacyjne","status":"publish","type":"page","link":"https:\/\/hlb-poland.global\/pl\/uslugi\/doradztwo-operacyjne\/","title":{"rendered":"Doradztwo operacyjne"},"content":{"rendered":"<p>Na doradztwo operacyjne z naszej strony sk\u0142ada si\u0119 analiza funkcjonowania firmy oraz zaprojektowanie nowych rozwi\u0105za\u0144 maj\u0105cych te obszary usprawni\u0107 i nadz\u00f3r nad wdro\u017ceniem naszych projekt\u00f3w.<\/p>\n","protected":false},"excerpt":{"rendered":"<p>Na doradztwo operacyjne z naszej strony sk\u0142ada si\u0119 analiza funkcjonowania firmy oraz zaprojektowanie nowych rozwi\u0105za\u0144 maj\u0105cych te obszary usprawni\u0107 i..<\/p>\n<div class=\"clear\"><\/div><a class=\"more-link\" href=\"https:\/\/hlb-poland.global\/pl\/uslugi\/doradztwo-operacyjne\/\"> Dowiedz si\u0119 wi\u0119cej <\/a>","protected":false},"author":3,"featured_media":0,"parent":1847,"menu_order":0,"comment_status":"closed","ping_status":"closed","template":"","meta":{"_acf_changed":false,"footnotes":""},"class_list":["post-1925","page","type-page","status-publish","hentry"],"acf":[],"yoast_head":"<!-- This site is optimized with the Yoast SEO plugin v27.2 - https:\/\/yoast.com\/product\/yoast-seo-wordpress\/ -->\n<title>Doradztwo operacyjne | HLB Poland<\/title>\n<meta name=\"description\" content=\"Doradztwo operacyjne obejmuje dzia\u0142ania nakierowane na optymalizacj\u0119 bie\u017c\u0105cej dzia\u0142alno\u015bci firmy tak, aby maksymalnie poprawi\u0107 jej...\" \/>\n<meta name=\"robots\" content=\"index, follow, max-snippet:-1, max-image-preview:large, max-video-preview:-1\" \/>\n<link rel=\"canonical\" href=\"https:\/\/hlb-poland.global\/pl\/uslugi\/doradztwo-operacyjne\/\" \/>\n<meta property=\"og:locale\" content=\"pl_PL\" \/>\n<meta property=\"og:type\" content=\"article\" \/>\n<meta property=\"og:title\" content=\"Doradztwo operacyjne | HLB Poland\" \/>\n<meta property=\"og:description\" content=\"Doradztwo operacyjne obejmuje dzia\u0142ania nakierowane na optymalizacj\u0119 bie\u017c\u0105cej dzia\u0142alno\u015bci firmy tak, aby maksymalnie poprawi\u0107 jej...\" \/>\n<meta property=\"og:url\" content=\"https:\/\/hlb-poland.global\/pl\/uslugi\/doradztwo-operacyjne\/\" \/>\n<meta property=\"og:site_name\" content=\"HLB Poland\" \/>\n<meta property=\"article:publisher\" content=\"https:\/\/www.facebook.com\/HLBPoland\" \/>\n<meta property=\"article:modified_time\" content=\"2022-06-23T10:52:04+00:00\" \/>\n<meta name=\"twitter:card\" content=\"summary_large_image\" \/>\n<script type=\"application\/ld+json\" class=\"yoast-schema-graph\">{\"@context\":\"https:\/\/schema.org\",\"@graph\":[{\"@type\":\"WebPage\",\"@id\":\"https:\/\/hlb-poland.global\/pl\/uslugi\/doradztwo-operacyjne\/\",\"url\":\"https:\/\/hlb-poland.global\/pl\/uslugi\/doradztwo-operacyjne\/\",\"name\":\"Doradztwo operacyjne | HLB Poland\",\"isPartOf\":{\"@id\":\"https:\/\/hlb-poland.global\/#website\"},\"datePublished\":\"2018-12-13T08:44:26+00:00\",\"dateModified\":\"2022-06-23T10:52:04+00:00\",\"description\":\"Doradztwo operacyjne obejmuje dzia\u0142ania nakierowane na optymalizacj\u0119 bie\u017c\u0105cej dzia\u0142alno\u015bci firmy tak, aby maksymalnie poprawi\u0107 jej...\",\"breadcrumb\":{\"@id\":\"https:\/\/hlb-poland.global\/pl\/uslugi\/doradztwo-operacyjne\/#breadcrumb\"},\"inLanguage\":\"pl-PL\",\"potentialAction\":[{\"@type\":\"ReadAction\",\"target\":[\"https:\/\/hlb-poland.global\/pl\/uslugi\/doradztwo-operacyjne\/\"]}]},{\"@type\":\"BreadcrumbList\",\"@id\":\"https:\/\/hlb-poland.global\/pl\/uslugi\/doradztwo-operacyjne\/#breadcrumb\",\"itemListElement\":[{\"@type\":\"ListItem\",\"position\":1,\"name\":\"Strona g\u0142\u00f3wna\",\"item\":\"https:\/\/hlb-poland.global\/pl\/\"},{\"@type\":\"ListItem\",\"position\":2,\"name\":\"Us\u0142ugi \u015bwiadczone przez HLB Poland\",\"item\":\"https:\/\/hlb-poland.global\/pl\/uslugi\/\"},{\"@type\":\"ListItem\",\"position\":3,\"name\":\"Doradztwo operacyjne\"}]},{\"@type\":\"WebSite\",\"@id\":\"https:\/\/hlb-poland.global\/#website\",\"url\":\"https:\/\/hlb-poland.global\/\",\"name\":\"HLB Poland\",\"description\":\"Advisory and accounting\",\"publisher\":{\"@id\":\"https:\/\/hlb-poland.global\/#organization\"},\"potentialAction\":[{\"@type\":\"SearchAction\",\"target\":{\"@type\":\"EntryPoint\",\"urlTemplate\":\"https:\/\/hlb-poland.global\/?s={search_term_string}\"},\"query-input\":{\"@type\":\"PropertyValueSpecification\",\"valueRequired\":true,\"valueName\":\"search_term_string\"}}],\"inLanguage\":\"pl-PL\"},{\"@type\":\"Organization\",\"@id\":\"https:\/\/hlb-poland.global\/#organization\",\"name\":\"HLB Poland\",\"url\":\"https:\/\/hlb-poland.global\/\",\"logo\":{\"@type\":\"ImageObject\",\"inLanguage\":\"pl-PL\",\"@id\":\"https:\/\/hlb-poland.global\/#\/schema\/logo\/image\/\",\"url\":\"https:\/\/hlb-poland.global\/wp-content\/uploads\/2025\/12\/hlb-poland-og-image.png\",\"contentUrl\":\"https:\/\/hlb-poland.global\/wp-content\/uploads\/2025\/12\/hlb-poland-og-image.png\",\"width\":1200,\"height\":630,\"caption\":\"HLB Poland\"},\"image\":{\"@id\":\"https:\/\/hlb-poland.global\/#\/schema\/logo\/image\/\"},\"sameAs\":[\"https:\/\/www.facebook.com\/HLBPoland\",\"https:\/\/www.linkedin.com\/company\/hlb-poland\"]}]}<\/script>\n<!-- \/ Yoast SEO plugin. -->","yoast_head_json":{"title":"Doradztwo operacyjne | HLB Poland","description":"Doradztwo operacyjne obejmuje dzia\u0142ania nakierowane na optymalizacj\u0119 bie\u017c\u0105cej dzia\u0142alno\u015bci firmy tak, aby maksymalnie poprawi\u0107 jej...","robots":{"index":"index","follow":"follow","max-snippet":"max-snippet:-1","max-image-preview":"max-image-preview:large","max-video-preview":"max-video-preview:-1"},"canonical":"https:\/\/hlb-poland.global\/pl\/uslugi\/doradztwo-operacyjne\/","og_locale":"pl_PL","og_type":"article","og_title":"Doradztwo operacyjne | HLB Poland","og_description":"Doradztwo operacyjne obejmuje dzia\u0142ania nakierowane na optymalizacj\u0119 bie\u017c\u0105cej dzia\u0142alno\u015bci firmy tak, aby maksymalnie poprawi\u0107 jej...","og_url":"https:\/\/hlb-poland.global\/pl\/uslugi\/doradztwo-operacyjne\/","og_site_name":"HLB Poland","article_publisher":"https:\/\/www.facebook.com\/HLBPoland","article_modified_time":"2022-06-23T10:52:04+00:00","twitter_card":"summary_large_image","schema":{"@context":"https:\/\/schema.org","@graph":[{"@type":"WebPage","@id":"https:\/\/hlb-poland.global\/pl\/uslugi\/doradztwo-operacyjne\/","url":"https:\/\/hlb-poland.global\/pl\/uslugi\/doradztwo-operacyjne\/","name":"Doradztwo operacyjne | HLB Poland","isPartOf":{"@id":"https:\/\/hlb-poland.global\/#website"},"datePublished":"2018-12-13T08:44:26+00:00","dateModified":"2022-06-23T10:52:04+00:00","description":"Doradztwo operacyjne obejmuje dzia\u0142ania nakierowane na optymalizacj\u0119 bie\u017c\u0105cej dzia\u0142alno\u015bci firmy tak, aby maksymalnie poprawi\u0107 jej...","breadcrumb":{"@id":"https:\/\/hlb-poland.global\/pl\/uslugi\/doradztwo-operacyjne\/#breadcrumb"},"inLanguage":"pl-PL","potentialAction":[{"@type":"ReadAction","target":["https:\/\/hlb-poland.global\/pl\/uslugi\/doradztwo-operacyjne\/"]}]},{"@type":"BreadcrumbList","@id":"https:\/\/hlb-poland.global\/pl\/uslugi\/doradztwo-operacyjne\/#breadcrumb","itemListElement":[{"@type":"ListItem","position":1,"name":"Strona g\u0142\u00f3wna","item":"https:\/\/hlb-poland.global\/pl\/"},{"@type":"ListItem","position":2,"name":"Us\u0142ugi \u015bwiadczone przez HLB Poland","item":"https:\/\/hlb-poland.global\/pl\/uslugi\/"},{"@type":"ListItem","position":3,"name":"Doradztwo operacyjne"}]},{"@type":"WebSite","@id":"https:\/\/hlb-poland.global\/#website","url":"https:\/\/hlb-poland.global\/","name":"HLB Poland","description":"Advisory and accounting","publisher":{"@id":"https:\/\/hlb-poland.global\/#organization"},"potentialAction":[{"@type":"SearchAction","target":{"@type":"EntryPoint","urlTemplate":"https:\/\/hlb-poland.global\/?s={search_term_string}"},"query-input":{"@type":"PropertyValueSpecification","valueRequired":true,"valueName":"search_term_string"}}],"inLanguage":"pl-PL"},{"@type":"Organization","@id":"https:\/\/hlb-poland.global\/#organization","name":"HLB Poland","url":"https:\/\/hlb-poland.global\/","logo":{"@type":"ImageObject","inLanguage":"pl-PL","@id":"https:\/\/hlb-poland.global\/#\/schema\/logo\/image\/","url":"https:\/\/hlb-poland.global\/wp-content\/uploads\/2025\/12\/hlb-poland-og-image.png","contentUrl":"https:\/\/hlb-poland.global\/wp-content\/uploads\/2025\/12\/hlb-poland-og-image.png","width":1200,"height":630,"caption":"HLB Poland"},"image":{"@id":"https:\/\/hlb-poland.global\/#\/schema\/logo\/image\/"},"sameAs":["https:\/\/www.facebook.com\/HLBPoland","https:\/\/www.linkedin.com\/company\/hlb-poland"]}]}},"_links":{"self":[{"href":"https:\/\/hlb-poland.global\/pl\/wp-json\/wp\/v2\/pages\/1925","targetHints":{"allow":["GET"]}}],"collection":[{"href":"https:\/\/hlb-poland.global\/pl\/wp-json\/wp\/v2\/pages"}],"about":[{"href":"https:\/\/hlb-poland.global\/pl\/wp-json\/wp\/v2\/types\/page"}],"author":[{"embeddable":true,"href":"https:\/\/hlb-poland.global\/pl\/wp-json\/wp\/v2\/users\/3"}],"replies":[{"embeddable":true,"href":"https:\/\/hlb-poland.global\/pl\/wp-json\/wp\/v2\/comments?post=1925"}],"version-history":[{"count":2,"href":"https:\/\/hlb-poland.global\/pl\/wp-json\/wp\/v2\/pages\/1925\/revisions"}],"predecessor-version":[{"id":2505,"href":"https:\/\/hlb-poland.global\/pl\/wp-json\/wp\/v2\/pages\/1925\/revisions\/2505"}],"up":[{"embeddable":true,"href":"https:\/\/hlb-poland.global\/pl\/wp-json\/wp\/v2\/pages\/1847"}],"wp:attachment":[{"href":"https:\/\/hlb-poland.global\/pl\/wp-json\/wp\/v2\/media?parent=1925"}],"curies":[{"name":"wp","href":"https:\/\/api.w.org\/{rel}","templated":true}]}}